{"id":10185,"date":"2024-07-09T09:49:44","date_gmt":"2024-07-09T07:49:44","guid":{"rendered":"https:\/\/rankomat.pl\/finanse\/?page_id=10185"},"modified":"2024-07-11T13:21:07","modified_gmt":"2024-07-11T11:21:07","slug":"konta-bankowe","status":"publish","type":"page","link":"https:\/\/rankomat.pl\/finanse\/banki\/ing-bank-slaski\/konta-bankowe\/","title":{"rendered":"Konta bankowe w ING Banku \u015al\u0105skim"},"content":{"rendered":"<p><strong>ING Bank \u015al\u0105ski oferuje du\u017cy wyb\u00f3r rachunk\u00f3w przeznaczonych dla klient\u00f3w detalicznych, klient\u00f3w zamo\u017cnych, mikroprzedsi\u0119biorc\u00f3w i sp\u00f3\u0142ek. Powoli Ci to dobra\u0107 konto osobiste lepiej dopasowane do Twoich potrzeb. Rachunek mo\u017cesz za\u0142o\u017cy\u0107 przez internet \u2013 bez konieczno\u015bci wychodzenia z domu.\u00a0<\/strong><\/p>\n<h2 aria-level=\"3\">Jakie konta osobiste dost\u0119pne s\u0105 w ING Banku \u015al\u0105skim?<\/h2>\n<p><span data-contrast=\"auto\">Jako klient indywidualny mo\u017cesz za\u0142o\u017cy\u0107 w ING Banku \u015al\u0105skim standardowy rachunek oszcz\u0119dno\u015bciowo-rozliczeniowy (ROR), konto wsp\u00f3lne, konto zapewniaj\u0105ce swobodny dost\u0119p do pieni\u0119dzy na ca\u0142ym \u015bwiecie oraz konto wspieraj\u0105ce ochron\u0119 \u015brodowiska. Ponadto w ofercie znajduje si\u0119 konto dla m\u0142odych, rachunek walutowy oraz Podstawowy Rachunek p\u0142atniczy. Oferty zweryfikowali\u015bmy 26 czerwca 2024 roku.<\/span><span data-ccp-props=\"{&quot;201341983&quot;:0,&quot;335559739&quot;:160,&quot;335559740&quot;:360}\">\u00a0<\/span><\/p>\n<h3>Konto osobiste Direct w ING Banku \u015al\u0105skim<\/h3>\n<p><span data-contrast=\"auto\">Jest to najcz\u0119\u015bciej wybierane konto osobiste z oferty ING Banku \u015al\u0105skiego.<strong> Jest ono prowadzone bezwarunkowo bezp\u0142atnie<\/strong>. Do konta mo\u017cesz zam\u00f3wi\u0107 kart\u0119 debetow\u0105, za kt\u00f3r\u0105 bank te\u017c nie pobierze op\u0142at &#8211; pod warunkiem \u017ce b\u0119dziesz z niej aktywnie korzysta\u0107. Kontem Direct mo\u017cesz wygodnie zarz\u0105dza\u0107 z poziomu systemu bankowo\u015bci elektronicznej Moje ING oraz wygodniej aplikacji mobilnej. Rachunek ten jest tak\u017ce cz\u0119sto oferowany w promocji, dzi\u0119ki czemu mo\u017cesz zdoby\u0107 dodatkow\u0105 nagrod\u0119.<\/span><span data-ccp-props=\"{&quot;201341983&quot;:0,&quot;335559739&quot;:160,&quot;335559740&quot;:360}\">\u00a0<\/span><\/p>\n<h3>Konto Active w ING Banku \u015al\u0105skim<\/h3>\n<p><span data-contrast=\"auto\">Konto Active przygotowane zosta\u0142o z my\u015bl\u0105 dobrze zarabiaj\u0105cych klientach i osobach posiadaj\u0105cych wysokie aktywa. Prowadzenie tego rachunku kosztuje 45 z\u0142 miesi\u0119cznie, ale <strong>op\u0142aty mo\u017cesz unikn\u0105\u0107 w zamian za spe\u0142nienie dodatkowych warunk\u00f3w<\/strong>. W zamian za wysok\u0105 op\u0142at\u0119 bank oferuje bezp\u0142atny dost\u0119p do wielu us\u0142ug tj. wyp\u0142aty z bankomat\u00f3w w Polsce i za granic\u0105, wp\u0142aty got\u00f3wki lub korzystanie z karty debetowej Visa.\u00a0<\/span><span data-ccp-props=\"{&quot;201341983&quot;:0,&quot;335559739&quot;:160,&quot;335559740&quot;:360}\">\u00a0<\/span><\/p>\n<h3>Konto Komfort w ING Banku \u015al\u0105skim<\/h3>\n<p><span data-contrast=\"auto\">Konto Komfort w ING Banku \u015al\u0105skim<strong> polecane jest jako konto wsp\u00f3lne<\/strong>. Dzi\u0119ki temu ze wsp\u00f3\u0142posiadaczem rachunku mo\u017cecie na r\u00f3wni zarz\u0105dza\u0107 waszymi pieni\u0119dzmi. Co ciekawe prowadzenie Konta Komfort kosztuje 15 z\u0142 miesi\u0119cznie i nie da si\u0119 unikn\u0105\u0107 tej op\u0142aty. Karta do konta mo\u017ce by\u0107 darmowa po spe\u0142nieniu dodatkowych warunk\u00f3w. Nie zap\u0142acisz r\u00f3wnie\u017c za wyp\u0142aty got\u00f3wki ze wszystkich bankomat\u00f3w w Polsce.<\/span><span data-ccp-props=\"{&quot;201341983&quot;:0,&quot;335559739&quot;:160,&quot;335559740&quot;:360}\">\u00a0<\/span><\/p>\n<h3>Konto Mobi w ING Banku \u015al\u0105skim<\/h3>\n<p><span data-contrast=\"auto\">Konto Mobi oferowane jest w dw\u00f3ch wariantach. Pierwszy to Konto Mobi dla dziecka w wieku od 13 do 17 lat. Rachunek ten mo\u017ce jednak za\u0142o\u017cy\u0107 wy\u0142\u0105cznie rodzic lub opiekun prawny osoby ma\u0142oletniej. Drugi wariant to Konto Mobi dla m\u0142odych w wieku od 18 do 26 lat. W tym przypadku rachunek mo\u017cesz za\u0142o\u017cy\u0107 ju\u017c samodzielnie.<\/span><span data-ccp-props=\"{&quot;201341983&quot;:0,&quot;335559739&quot;:160,&quot;335559740&quot;:360}\">\u00a0<\/span><\/p>\n<h3>Konto Future w ING Banku \u015al\u0105skim<\/h3>\n<p><span data-contrast=\"auto\">Konto Future jest rozwi\u0105zaniem dla Ciebie, je\u015bli chcesz wspiera\u0107 zr\u00f3wnowa\u017cony rozw\u00f3j i zale\u017cy Ci na ochronie \u015brodowiska. Prowadzenie tego rachunku kosztuje 20 z\u0142 miesi\u0119cznie, z czego 10 z\u0142 bank przekazuje na wybrany przez Ciebie projekt ekologiczny.<\/span><span data-ccp-props=\"{&quot;201341983&quot;:0,&quot;335559739&quot;:160,&quot;335559740&quot;:360}\">\u00a0<\/span><\/p>\n<h3>Konto walutowe w ING Banku \u015al\u0105skim<\/h3>\n<p><span data-contrast=\"auto\">Rachunek walutowy przyda Ci si\u0119 w sytuacji, kiedy m.in. gromadzisz \u015brodki w walutach obcych lub otrzymujesz przelewy z zagranicy. Posiadanie takiego konta daje Ci kontrol\u0119 nad kosztami zwi\u0105zanymi z przewalutowaniem i mo\u017cesz samodzielnie zadecydowa\u0107, kiedy i po jakim kursie wymieni\u0107 walut\u0119 w kantorze internetowym w Moim ING. Mo\u017cesz za\u0142o\u017cy\u0107 konto w EUR, USD i GBP.\u00a0<\/span><span data-ccp-props=\"{&quot;201341983&quot;:0,&quot;335559739&quot;:160,&quot;335559740&quot;:360}\">\u00a0<\/span><\/p>\n<h3>Konto PRP w ING Banku \u015al\u0105skim<\/h3>\n<p><span data-contrast=\"auto\">Konto PRP to Podstawowy Rachunek P\u0142atniczy, kt\u00f3ry zgodnie z ustaw\u0105 o us\u0142ugach p\u0142atniczych musi oferowa\u0107 ka\u017cdy bank w Polsce. Mo\u017cesz skorzysta\u0107 z tej oferty pod warunkiem, \u017ce nie masz innego rachunku oszcz\u0119dno\u015bciowo-rozliczeniowego w PLN w Polsce (z wy\u0142\u0105czeniem Krajowej Sp\u00f3\u0142dzielczej Kasy Oszcz\u0119dno\u015bciowo &#8211; Kredytowej). Z konta PRP mo\u017cesz zrobi\u0107 5 bezp\u0142atnych transakcji miesi\u0119cznie. Kolejne s\u0105 p\u0142atne.<\/span><span data-ccp-props=\"{&quot;201341983&quot;:0,&quot;335559739&quot;:160,&quot;335559740&quot;:360}\">\u00a0<\/span><\/p>\n<h2 aria-level=\"3\">Jak za\u0142o\u017cy\u0107 konto osobiste w ING Banku \u015al\u0105skim?<\/h2>\n<p><span data-contrast=\"auto\">ING Bank \u015al\u0105ski oferuje kilka mo\u017cliwo\u015bci za\u0142o\u017cenia konta osobistego. Je\u015bli korzystasz ju\u017c innych produkt\u00f3w banku i masz dost\u0119p do us\u0142ugi bankowo\u015bci elektronicznej,<strong> to konto za\u0142o\u017cysz sk\u0142adaj\u0105c wniosek w Moim ING<\/strong>. Rachunek mo\u017cesz r\u00f3wnie\u017c za\u0142o\u017cy\u0107:<\/span><span data-ccp-props=\"{&quot;201341983&quot;:0,&quot;335559739&quot;:160,&quot;335559740&quot;:360}\">\u00a0<\/span><\/p>\n<ul>\n<li data-leveltext=\"\uf0b7\" data-font=\"Symbol\" data-listid=\"24\" data-list-defn-props=\"{&quot;335552541&quot;:1,&quot;335559685&quot;:720,&quot;335559991&quot;:360,&quot;469769226&quot;:&quot;Symbol&quot;,&quot;469769242&quot;:[8226],&quot;469777803&quot;:&quot;left&quot;,&quot;469777804&quot;:&quot;\uf0b7&quot;,&quot;469777815&quot;:&quot;hybridMultilevel&quot;}\" aria-setsize=\"-1\" data-aria-posinset=\"1\" data-aria-level=\"1\"><span data-contrast=\"auto\">przez stron\u0119 internetow\u0105 ING Banku \u015al\u0105skiego &#8211; swoj\u0105 to\u017csamo\u015b\u0107 potwierdzisz przelewem z innego banku, na selfie lub w obecno\u015bci kuriera;<\/span><span data-ccp-props=\"{&quot;201341983&quot;:0,&quot;335559739&quot;:160,&quot;335559740&quot;:360}\">\u00a0<\/span><\/li>\n<\/ul>\n<ul>\n<li data-leveltext=\"\uf0b7\" data-font=\"Symbol\" data-listid=\"24\" data-list-defn-props=\"{&quot;335552541&quot;:1,&quot;335559685&quot;:720,&quot;335559991&quot;:360,&quot;469769226&quot;:&quot;Symbol&quot;,&quot;469769242&quot;:[8226],&quot;469777803&quot;:&quot;left&quot;,&quot;469777804&quot;:&quot;\uf0b7&quot;,&quot;469777815&quot;:&quot;hybridMultilevel&quot;}\" aria-setsize=\"-1\" data-aria-posinset=\"2\" data-aria-level=\"1\"><span data-contrast=\"auto\">bezpo\u015brednio w plac\u00f3wce banku \u2013 koniecznie zabierz ze sob\u0105 aktualny dokument to\u017csamo\u015bci.<\/span><span data-ccp-props=\"{&quot;201341983&quot;:0,&quot;335559739&quot;:160,&quot;335559740&quot;:360}\">\u00a0<\/span><\/li>\n<\/ul>\n<h2>Kto mo\u017ce otworzy\u0107 konto w ING Banku \u015al\u0105skim przez internet?<\/h2>\n<p><span data-contrast=\"auto\">Je\u015bli chcesz za\u0142o\u017cy\u0107 konto osobiste w ING Banku \u015al\u0105skim przez internet, to musisz:<\/span><span data-ccp-props=\"{&quot;134233117&quot;:false,&quot;134233118&quot;:false,&quot;201341983&quot;:0,&quot;335551550&quot;:1,&quot;335551620&quot;:1,&quot;335559685&quot;:0,&quot;335559737&quot;:0,&quot;335559738&quot;:0,&quot;335559739&quot;:160,&quot;335559740&quot;:360}\">\u00a0<\/span><\/p>\n<ul>\n<li data-leveltext=\"\uf0b7\" data-font=\"Symbol\" data-listid=\"26\" data-list-defn-props=\"{&quot;335552541&quot;:1,&quot;335559685&quot;:720,&quot;335559991&quot;:360,&quot;469769226&quot;:&quot;Symbol&quot;,&quot;469769242&quot;:[8226],&quot;469777803&quot;:&quot;left&quot;,&quot;469777804&quot;:&quot;\uf0b7&quot;,&quot;469777815&quot;:&quot;hybridMultilevel&quot;}\" aria-setsize=\"-1\" data-aria-posinset=\"1\" data-aria-level=\"1\"><span data-contrast=\"auto\">by\u0107 pe\u0142noletnim obywatelem Polski<\/span><span data-ccp-props=\"{&quot;134233117&quot;:false,&quot;134233118&quot;:false,&quot;201341983&quot;:0,&quot;335551550&quot;:1,&quot;335551620&quot;:1,&quot;335559737&quot;:0,&quot;335559738&quot;:0,&quot;335559739&quot;:160,&quot;335559740&quot;:360}\">\u00a0<\/span><\/li>\n<\/ul>\n<ul>\n<li data-leveltext=\"\uf0b7\" data-font=\"Symbol\" data-listid=\"26\" data-list-defn-props=\"{&quot;335552541&quot;:1,&quot;335559685&quot;:720,&quot;335559991&quot;:360,&quot;469769226&quot;:&quot;Symbol&quot;,&quot;469769242&quot;:[8226],&quot;469777803&quot;:&quot;left&quot;,&quot;469777804&quot;:&quot;\uf0b7&quot;,&quot;469777815&quot;:&quot;hybridMultilevel&quot;}\" aria-setsize=\"-1\" data-aria-posinset=\"2\" data-aria-level=\"1\"><span data-contrast=\"auto\">mie\u0107 adres zamieszkani i korespondencji w Polsce<\/span><span data-ccp-props=\"{&quot;134233117&quot;:false,&quot;134233118&quot;:false,&quot;201341983&quot;:0,&quot;335551550&quot;:1,&quot;335551620&quot;:1,&quot;335559737&quot;:0,&quot;335559738&quot;:0,&quot;335559739&quot;:160,&quot;335559740&quot;:360}\">\u00a0<\/span><\/li>\n<\/ul>\n<ul>\n<li data-leveltext=\"\uf0b7\" data-font=\"Symbol\" data-listid=\"26\" data-list-defn-props=\"{&quot;335552541&quot;:1,&quot;335559685&quot;:720,&quot;335559991&quot;:360,&quot;469769226&quot;:&quot;Symbol&quot;,&quot;469769242&quot;:[8226],&quot;469777803&quot;:&quot;left&quot;,&quot;469777804&quot;:&quot;\uf0b7&quot;,&quot;469777815&quot;:&quot;hybridMultilevel&quot;}\" aria-setsize=\"-1\" data-aria-posinset=\"3\" data-aria-level=\"1\"><span data-contrast=\"auto\">posiada\u0107 polski dow\u00f3d osobisty<\/span><span data-ccp-props=\"{&quot;134233117&quot;:false,&quot;134233118&quot;:false,&quot;201341983&quot;:0,&quot;335551550&quot;:1,&quot;335551620&quot;:1,&quot;335559737&quot;:0,&quot;335559738&quot;:0,&quot;335559739&quot;:160,&quot;335559740&quot;:360}\">\u00a0<\/span><\/li>\n<\/ul>\n<ul>\n<li data-leveltext=\"\uf0b7\" data-font=\"Symbol\" data-listid=\"26\" data-list-defn-props=\"{&quot;335552541&quot;:1,&quot;335559685&quot;:720,&quot;335559991&quot;:360,&quot;469769226&quot;:&quot;Symbol&quot;,&quot;469769242&quot;:[8226],&quot;469777803&quot;:&quot;left&quot;,&quot;469777804&quot;:&quot;\uf0b7&quot;,&quot;469777815&quot;:&quot;hybridMultilevel&quot;}\" aria-setsize=\"-1\" data-aria-posinset=\"4\" data-aria-level=\"1\"><span data-contrast=\"auto\">mie\u0107 numer telefonu u polskiego operatora<\/span><span data-ccp-props=\"{&quot;134233117&quot;:false,&quot;134233118&quot;:false,&quot;201341983&quot;:0,&quot;335551550&quot;:1,&quot;335551620&quot;:1,&quot;335559737&quot;:0,&quot;335559738&quot;:0,&quot;335559739&quot;:160,&quot;335559740&quot;:360}\">\u00a0<\/span><\/li>\n<\/ul>\n<ul>\n<li data-leveltext=\"\uf0b7\" data-font=\"Symbol\" data-listid=\"26\" data-list-defn-props=\"{&quot;335552541&quot;:1,&quot;335559685&quot;:720,&quot;335559991&quot;:360,&quot;469769226&quot;:&quot;Symbol&quot;,&quot;469769242&quot;:[8226],&quot;469777803&quot;:&quot;left&quot;,&quot;469777804&quot;:&quot;\uf0b7&quot;,&quot;469777815&quot;:&quot;hybridMultilevel&quot;}\" aria-setsize=\"-1\" data-aria-posinset=\"5\" data-aria-level=\"1\"><span data-contrast=\"auto\">nie mie\u0107 innych produkt\u00f3w w ING Banku \u015al\u0105skim.<\/span><span data-ccp-props=\"{&quot;134233117&quot;:false,&quot;134233118&quot;:false,&quot;201341983&quot;:0,&quot;335551550&quot;:1,&quot;335551620&quot;:1,&quot;335559737&quot;:0,&quot;335559738&quot;:0,&quot;335559739&quot;:160,&quot;335559740&quot;:360}\">\u00a0<\/span><\/li>\n<\/ul>\n<p><span data-contrast=\"auto\">Je\u015bli jeste\u015b w trakcie ubiegania si\u0119 o kredyt hipoteczny ING Banku \u015al\u0105skim i nie masz produktu dla klient\u00f3w biznesowych, <strong>te\u017c mo\u017cesz za\u0142o\u017cy\u0107 konto przez internet<\/strong>. Obcokrajowcy mog\u0105 za\u0142o\u017cy\u0107 rachunek tylko podczas wizyty w plac\u00f3wce banku.<\/span><span data-ccp-props=\"{&quot;134233117&quot;:false,&quot;134233118&quot;:false,&quot;201341983&quot;:0,&quot;335551550&quot;:1,&quot;335551620&quot;:1,&quot;335559685&quot;:0,&quot;335559737&quot;:0,&quot;335559738&quot;:0,&quot;335559739&quot;:160,&quot;335559740&quot;:360}\">\u00a0<\/span><\/p>\n<h2 aria-level=\"3\">Ile kosztuje za\u0142o\u017cenie i prowadzenie konta osobistego w ING Banku \u015al\u0105skim?<\/h2>\n<p><span data-contrast=\"auto\">Wszystko zale\u017cy od rodzaju konta. Najbardziej popularne Konto Direct prowadzone jest bezwarunkowo bezp\u0142atnie. Za prowadzenie innych rachunk\u00f3w bank mo\u017ce proponowa\u0107 op\u0142at\u0119, ale mo\u017cesz jej unikn\u0105\u0107 w zamian za spe\u0142nienie dodatkowych warunk\u00f3w. <strong>S\u0105 te\u017c konta, kt\u00f3re p\u0142atne s\u0105 zawsze<\/strong> np. Konto Komfort lub Konto Future. Za za\u0142o\u017cenie konta osobistego, bez wzgl\u0119du na rodzaj, ING Bank \u015al\u0105ski nie pobiera \u017cadnej op\u0142aty.<\/span><span data-ccp-props=\"{&quot;201341983&quot;:0,&quot;335559739&quot;:160,&quot;335559740&quot;:360}\">\u00a0<\/span><\/p>\n<h2 aria-level=\"3\">Czy do konta osobistego mo\u017cna wyrobi\u0107 kart\u0119 w ING Banku \u015al\u0105skim?<\/h2>\n<p aria-level=\"3\"><span data-contrast=\"auto\">\u202fDo konta osobistego w ING Banku \u015al\u0105skim bez przeszk\u00f3d <strong>wyrobisz kart\u0119 debetow\u0105 Visa z funkcj\u0105 zbli\u017ceniow\u0105<\/strong>. Mo\u017cesz ni\u0105 p\u0142aci\u0107 w punktach us\u0142ugowo-handlowych wyposa\u017conych w terminal p\u0142atniczy oraz wyp\u0142aca\u0107 got\u00f3wk\u0119 z bankomat\u00f3w. Pami\u0119taj, \u017ce p\u0142ac\u0105c kart\u0105 debetow\u0105 masz do dyspozycji wy\u0142\u0105cznie kwot\u0119 zgromadzon\u0105 na koncie osobistym, do kt\u00f3rego jest ona podpi\u0119ta.<\/span><span data-ccp-props=\"{&quot;134245418&quot;:true,&quot;134245529&quot;:true,&quot;201341983&quot;:0,&quot;335559738&quot;:40,&quot;335559739&quot;:0,&quot;335559740&quot;:360}\">\u00a0<\/span><\/p>\n<h2 aria-level=\"3\">Jakie konta firmowe dost\u0119pne s\u0105 w ING Banku \u015al\u0105skim?<\/h2>\n<p><span data-contrast=\"auto\">Je\u015bli prowadzisz jednoosobow\u0105 dzia\u0142alno\u015b\u0107 gospodarcz\u0105 (JDG) i rozliczasz si\u0119 na podstawie ksi\u0119gowo\u015bci uproszczonej, to mo\u017cesz za\u0142o\u017cy\u0107 w ING Banku \u015al\u0105skim Konto Direct dla Firmy. Natomiast sp\u00f3\u0142ki mog\u0105 skorzysta\u0107 z oferty konta firmowego w pakietach Start, Optimum i Premium, kt\u00f3rych mo\u017cliwo\u015bci <strong>dopasowane s\u0105 do skali prowadzonego biznesu<\/strong> &#8211; miesi\u0119czna op\u0142ata r\u00f3wnie\u017c.\u00a0<\/span><span data-ccp-props=\"{&quot;134233117&quot;:false,&quot;134233118&quot;:false,&quot;201341983&quot;:0,&quot;335551550&quot;:1,&quot;335551620&quot;:1,&quot;335559685&quot;:0,&quot;335559737&quot;:0,&quot;335559738&quot;:0,&quot;335559739&quot;:160,&quot;335559740&quot;:360}\">\u00a0<\/span><\/p>\n<h2 aria-level=\"3\">Jakie konta oszcz\u0119dno\u015bciowe dost\u0119pne s\u0105 w ING Banku \u015al\u0105skim?<\/h2>\n<p aria-level=\"3\"><span data-contrast=\"auto\">\u202fW ING Banku \u015al\u0105skim mo\u017cesz otworzy\u0107 Otwarte Konto Oszcz\u0119dno\u015bciowe, Otwarte Konto Oszcz\u0119dno\u015bciowe Bonus oraz Otwarte Konto Oszcz\u0119dno\u015bciowe dla dziecka. Warto podkre\u015bli\u0107, \u017ce ka\u017cdy przelew zrealizowany przez system bankowo\u015bci internetowej z konta oszcz\u0119dno\u015bciowego na Twoje konto w ING Banku \u015al\u0105skim jest bezp\u0142atny, co niestety nie jest na rynku norm\u0105.<\/span><span data-ccp-props=\"{&quot;134245418&quot;:true,&quot;134245529&quot;:true,&quot;201341983&quot;:0,&quot;335559738&quot;:40,&quot;335559739&quot;:0,&quot;335559740&quot;:360}\">\u00a0<\/span><\/p>\n<p><span data-contrast=\"none\">\u202f<\/span><span data-ccp-props=\"{&quot;134233117&quot;:false,&quot;134233118&quot;:false,&quot;201341983&quot;:0,&quot;335559738&quot;:0,&quot;335559739&quot;:0,&quot;335559740&quot;:360}\">\u00a0<\/span><\/p>\n<h2>FAQ &#8211; najcz\u0119\u015bciej zadawane pytania<\/h2>\n<h3>Czy konto bankowe w ING Banku \u015al\u0105skim jest oprocentowane?\u202f<span data-ccp-props=\"{&quot;134233117&quot;:false,&quot;134233118&quot;:false,&quot;201341983&quot;:0,&quot;335559738&quot;:0,&quot;335559739&quot;:0,&quot;335559740&quot;:360}\">\u00a0<\/span><\/h3>\n<p><span data-contrast=\"none\">Standardowe konta bankowe, czyli inaczej rachunki oszcz\u0119dno\u015bciowo-rozliczeniowe w ING Banku \u015al\u0105skim nie s\u0105 oprocentowane. Je\u015bli chcesz, aby od zgromadzonych \u015brodk\u00f3w bank naliczy\u0142 odsetki, to musisz za\u0142o\u017cy\u0107 konto Otwarte Konto Oszcz\u0119dno\u015bciowe.<\/span><span data-ccp-props=\"{&quot;134233117&quot;:false,&quot;134233118&quot;:false,&quot;201341983&quot;:0,&quot;335559738&quot;:0,&quot;335559739&quot;:0,&quot;335559740&quot;:360}\">\u00a0<\/span><\/p>\n<h3>Jaki jest numer IBAN konta w ING Banku \u015al\u0105skim?<\/h3>\n<p><span data-contrast=\"none\">Numer Twojego rachunku w ING Banku \u015al\u0105skim, a tak\u017ce w ka\u017cdym innym krajowym banku, sk\u0142ada si\u0119 z 26 cyfr. Aby otrzyma\u0107 numer konta w standardzie IBAN (ang. International Bank Account Number) musisz poprzedzi\u0107 go dwuliterowym kodem kraju. W przypadku Polski b\u0119dzie to PL.<\/span><span data-ccp-props=\"{&quot;134233117&quot;:false,&quot;134233118&quot;:false,&quot;201341983&quot;:0,&quot;335559738&quot;:0,&quot;335559739&quot;:0,&quot;335559740&quot;:360}\">\u00a0<\/span><\/p>\n<h3>Czy mo\u017cna zmieni\u0107 typ konta w ING Banku \u015al\u0105skim?<\/h3>\n<p><span data-contrast=\"none\">Nie mo\u017cesz zmieni\u0107 typu konta w ING Banku \u015al\u0105skim. Mo\u017cesz zamkn\u0105\u0107 jeden rachunek i otworzy\u0107 kolejny, ale b\u0119dzie on mia\u0142 zupe\u0142nie inny numer, co mo\u017ce by\u0107 dla Ciebie k\u0142opotliwe. Mo\u017cesz te\u017c otworzy\u0107 nowe konto i nie zamyka\u0107 starego. W ING Banku \u015al\u0105skim mo\u017cesz otworzy\u0107 do 5 kont osobistych w z\u0142ot\u00f3wkach.\u00a0\u00a0<\/span><span data-ccp-props=\"{&quot;134233117&quot;:false,&quot;134233118&quot;:false,&quot;201341983&quot;:0,&quot;335559738&quot;:0,&quot;335559739&quot;:0,&quot;335559740&quot;:360}\">\u00a0<\/span><\/p>\n<h3>Czy mo\u017cna za\u0142o\u017cy\u0107 konto wsp\u00f3lne w ING Banku \u015al\u0105skim?\u202f<span data-ccp-props=\"{&quot;134233117&quot;:false,&quot;134233118&quot;:false,&quot;201341983&quot;:0,&quot;335559738&quot;:0,&quot;335559739&quot;:0,&quot;335559740&quot;:360}\">\u00a0<\/span><\/h3>\n<p><span data-contrast=\"none\">Bez problemu mo\u017cesz za\u0142o\u017cy\u0107 konto wsp\u00f3lne w ING Banku \u015al\u0105skim. Sugerowanym przez bank rozwi\u0105zaniem, sprawdzaj\u0105cym si\u0119 jako rachunek wsp\u00f3lny, jest Konto Komfort.\u00a0<\/span><span data-ccp-props=\"{&quot;134233117&quot;:false,&quot;134233118&quot;:false,&quot;201341983&quot;:0,&quot;335559738&quot;:0,&quot;335559739&quot;:0,&quot;335559740&quot;:360}\">\u00a0<\/span><\/p>\n<h3>Jak pobra\u0107 wyci\u0105g z konta w ING Banku \u015al\u0105skim?<\/h3>\n<p><span data-contrast=\"none\">\u202fLink s\u0142u\u017c\u0105cy do porania wyci\u0105gu znajduje si\u0119 w szczeg\u00f3\u0142ach konta i karty oraz w historii konta. W sekcji Wyci\u0105gi mo\u017cesz pobra\u0107 wyci\u0105gi w formacie PDF i MT940 oraz wyci\u0105gi z potwierdzeniami w formacie PDF.<\/span><span data-ccp-props=\"{&quot;134233117&quot;:false,&quot;134233118&quot;:false,&quot;201341983&quot;:0,&quot;335559738&quot;:0,&quot;335559739&quot;:0,&quot;335559740&quot;:360}\">\u00a0<\/span><\/p>\n","protected":false},"excerpt":{"rendered":"<p>ING Bank \u015al\u0105ski oferuje du\u017cy wyb\u00f3r rachunk\u00f3w przeznaczonych dla klient\u00f3w detalicznych, klient\u00f3w zamo\u017cnych, mikroprzedsi\u0119biorc\u00f3w i sp\u00f3\u0142ek. Powoli Ci to dobra\u0107 [&hellip;]<\/p>\n","protected":false},"author":66,"featured_media":0,"parent":850,"menu_order":0,"comment_status":"closed","ping_status":"closed","template":"page_bank_product.php","meta":{"_acf_changed":false,"yasr_overall_rating":0,"yasr_post_is_review":"","yasr_auto_insert_disabled":"","yasr_review_type":"","footnotes":""},"class_list":["post-10185","page","type-page","status-publish","hentry"],"acf":[],"yoast_head":"<!-- This site is optimized with the Yoast SEO plugin v27.1.1 - https:\/\/yoast.com\/product\/yoast-seo-wordpress\/ -->\n<title>Konta bankowe w ING Banku \u015al\u0105skim | Por\u00f3wnywarka finansowa Rankomat<\/title>\n<meta name=\"robots\" content=\"index, follow, max-snippet:-1, max-image-preview:large, max-video-preview:-1\" \/>\n<link rel=\"canonical\" href=\"https:\/\/rankomat.pl\/finanse\/banki\/ing-bank-slaski\/konta-bankowe\/\" \/>\n<meta property=\"og:locale\" content=\"pl_PL\" \/>\n<meta property=\"og:type\" content=\"article\" \/>\n<meta property=\"og:title\" content=\"Konta bankowe w ING Banku \u015al\u0105skim | Por\u00f3wnywarka finansowa Rankomat\" \/>\n<meta property=\"og:description\" content=\"ING Bank \u015al\u0105ski oferuje du\u017cy wyb\u00f3r rachunk\u00f3w przeznaczonych dla klient\u00f3w detalicznych, klient\u00f3w zamo\u017cnych, mikroprzedsi\u0119biorc\u00f3w i sp\u00f3\u0142ek. Powoli Ci to dobra\u0107 [&hellip;]\" \/>\n<meta property=\"og:url\" content=\"https:\/\/rankomat.pl\/finanse\/banki\/ing-bank-slaski\/konta-bankowe\/\" \/>\n<meta property=\"og:site_name\" content=\"Por\u00f3wnywarka finansowa Rankomat\" \/>\n<meta property=\"article:publisher\" content=\"https:\/\/www.facebook.com\/rankomatpl\/\" \/>\n<meta property=\"article:modified_time\" content=\"2024-07-11T11:21:07+00:00\" \/>\n<meta property=\"og:image\" content=\"https:\/\/rankomat.pl\/finanse\/wp-content\/uploads\/2021\/03\/rankomat-star-og.png\" \/>\n\t<meta property=\"og:image:width\" content=\"480\" \/>\n\t<meta property=\"og:image:height\" content=\"320\" \/>\n\t<meta property=\"og:image:type\" content=\"image\/png\" \/>\n<meta name=\"twitter:card\" content=\"summary_large_image\" \/>\n<meta name=\"twitter:site\" content=\"@rankomat\" \/>\n<meta name=\"twitter:label1\" content=\"Szacowany czas czytania\" \/>\n\t<meta name=\"twitter:data1\" content=\"7 minut\" \/>\n<script type=\"application\/ld+json\" class=\"yoast-schema-graph\">{\"@context\":\"https:\/\/schema.org\",\"@graph\":[{\"@type\":\"BreadcrumbList\",\"@id\":\"https:\/\/rankomat.pl\/finanse\/banki\/ing-bank-slaski\/konta-bankowe\/#breadcrumb\",\"itemListElement\":[{\"@type\":\"ListItem\",\"position\":1,\"name\":\"Finanse\",\"item\":\"https:\/\/rankomat.pl\/finanse\/\"},{\"@type\":\"ListItem\",\"position\":2,\"name\":\"Banki\",\"item\":\"https:\/\/rankomat.pl\/finanse\/banki\/\"},{\"@type\":\"ListItem\",\"position\":3,\"name\":\"ING Bank \u015al\u0105ski\",\"item\":\"https:\/\/rankomat.pl\/finanse\/banki\/ing-bank-slaski\/\"},{\"@type\":\"ListItem\",\"position\":4,\"name\":\"Konta bankowe w ING Banku \u015al\u0105skim\"}]}]}<\/script>\n<!-- \/ Yoast SEO plugin. -->","yoast_head_json":{"title":"Konta bankowe w ING Banku \u015al\u0105skim | Por\u00f3wnywarka finansowa Rankomat","robots":{"index":"index","follow":"follow","max-snippet":"max-snippet:-1","max-image-preview":"max-image-preview:large","max-video-preview":"max-video-preview:-1"},"canonical":"https:\/\/rankomat.pl\/finanse\/banki\/ing-bank-slaski\/konta-bankowe\/","og_locale":"pl_PL","og_type":"article","og_title":"Konta bankowe w ING Banku \u015al\u0105skim | Por\u00f3wnywarka finansowa Rankomat","og_description":"ING Bank \u015al\u0105ski oferuje du\u017cy wyb\u00f3r rachunk\u00f3w przeznaczonych dla klient\u00f3w detalicznych, klient\u00f3w zamo\u017cnych, mikroprzedsi\u0119biorc\u00f3w i sp\u00f3\u0142ek. Powoli Ci to dobra\u0107 [&hellip;]","og_url":"https:\/\/rankomat.pl\/finanse\/banki\/ing-bank-slaski\/konta-bankowe\/","og_site_name":"Por\u00f3wnywarka finansowa Rankomat","article_publisher":"https:\/\/www.facebook.com\/rankomatpl\/","article_modified_time":"2024-07-11T11:21:07+00:00","og_image":[{"width":480,"height":320,"url":"https:\/\/rankomat.pl\/finanse\/wp-content\/uploads\/2021\/03\/rankomat-star-og.png","type":"image\/png"}],"twitter_card":"summary_large_image","twitter_site":"@rankomat","twitter_misc":{"Szacowany czas czytania":"7 minut"},"schema":{"@context":"https:\/\/schema.org","@graph":[{"@type":"BreadcrumbList","@id":"https:\/\/rankomat.pl\/finanse\/banki\/ing-bank-slaski\/konta-bankowe\/#breadcrumb","itemListElement":[{"@type":"ListItem","position":1,"name":"Finanse","item":"https:\/\/rankomat.pl\/finanse\/"},{"@type":"ListItem","position":2,"name":"Banki","item":"https:\/\/rankomat.pl\/finanse\/banki\/"},{"@type":"ListItem","position":3,"name":"ING Bank \u015al\u0105ski","item":"https:\/\/rankomat.pl\/finanse\/banki\/ing-bank-slaski\/"},{"@type":"ListItem","position":4,"name":"Konta bankowe w ING Banku \u015al\u0105skim"}]}]}},"yasr_visitor_votes":{"stars_attributes":{"read_only":false,"span_bottom":false},"number_of_votes":0,"sum_votes":0},"_links":{"self":[{"href":"https:\/\/rankomat.pl\/finanse\/wp-json\/wp\/v2\/pages\/10185","targetHints":{"allow":["GET"]}}],"collection":[{"href":"https:\/\/rankomat.pl\/finanse\/wp-json\/wp\/v2\/pages"}],"about":[{"href":"https:\/\/rankomat.pl\/finanse\/wp-json\/wp\/v2\/types\/page"}],"author":[{"embeddable":true,"href":"https:\/\/rankomat.pl\/finanse\/wp-json\/wp\/v2\/users\/66"}],"replies":[{"embeddable":true,"href":"https:\/\/rankomat.pl\/finanse\/wp-json\/wp\/v2\/comments?post=10185"}],"version-history":[{"count":0,"href":"https:\/\/rankomat.pl\/finanse\/wp-json\/wp\/v2\/pages\/10185\/revisions"}],"up":[{"embeddable":true,"href":"https:\/\/rankomat.pl\/finanse\/wp-json\/wp\/v2\/pages\/850"}],"wp:attachment":[{"href":"https:\/\/rankomat.pl\/finanse\/wp-json\/wp\/v2\/media?parent=10185"}],"curies":[{"name":"wp","href":"https:\/\/api.w.org\/{rel}","templated":true}]}}