{"id":10187,"date":"2024-07-09T09:54:25","date_gmt":"2024-07-09T07:54:25","guid":{"rendered":"https:\/\/rankomat.pl\/finanse\/?page_id=10187"},"modified":"2024-07-11T13:21:38","modified_gmt":"2024-07-11T11:21:38","slug":"karty-kredytowe","status":"publish","type":"page","link":"https:\/\/rankomat.pl\/finanse\/banki\/ing-bank-slaski\/karty-kredytowe\/","title":{"rendered":"Karty kredytowe w ING Banku \u015al\u0105skim"},"content":{"rendered":"<p><strong>W przeciwie\u0144stwie do karty debetowej karta kredytowa nie jest powi\u0105zana z rachunkiem osobistym i pozwala Ci si\u0119 zad\u0142u\u017ca\u0107 w ci\u0119\u017car przyznanego przez bank limitu kredytowego. Naturalnie ING Bank \u015al\u0105ski ma w swojej ofercie produkty tego typu. Mog\u0105 z nich skorzysta\u0107 zar\u00f3wno klienci indywidualni, jak i firmowi \u2013 o ile maj\u0105 odpowiedni\u0105 zdolno\u015b\u0107 kredytow\u0105.\u00a0<\/strong><\/p>\n<h2 aria-level=\"3\">Jakie karty kredytowe dost\u0119pne s\u0105 w ING Banku \u015al\u0105skim?<\/h2>\n<p><span data-contrast=\"auto\">W ofercie ING Banku \u015al\u0105skiego znajdziesz kilka kart kredytowych \u2013<strong> od podstawowych do presti\u017cowych<\/strong>, kt\u00f3re przeznaczone s\u0105 dla zamo\u017cnych klient\u00f3w. W zale\u017cno\u015bci od preferencji mo\u017cesz zdecydowa\u0107 si\u0119 na kart\u0119 kredytow\u0105 Visa lub Mastercard. Przyjrzyjmy im si\u0119 bli\u017cej (oferty zweryfikowali\u015bmy 26 czerwca 2024 roku).<\/span><span data-ccp-props=\"{&quot;201341983&quot;:0,&quot;335559739&quot;:160,&quot;335559740&quot;:360}\">\u00a0<\/span><\/p>\n<h3>Karta kredytowa Visa w ING Banku \u015al\u0105skim<\/h3>\n<p><span data-contrast=\"auto\">To podstawowa karta kredytowa wydawana pod szyldem organizacji Visa. Decyduj\u0105c si\u0119 na t\u0119 ofert\u0119 mo\u017cesz zawnioskowa\u0107 o limit kredytowy w przedziale od 500 z\u0142 do 20 tys. z\u0142. Bank nie pobiera op\u0142aty za wydanie tej karty, a jej okres bezodsetkowy wynosi maksymalnie 52 dni.\u00a0<\/span><span data-ccp-props=\"{&quot;201341983&quot;:0,&quot;335559739&quot;:160,&quot;335559740&quot;:360}\">\u00a0<\/span><\/p>\n<h3>Karta kredytowa Mastercard w ING Banku \u015al\u0105skim<\/h3>\n<p><span data-contrast=\"auto\">ING Bank \u015al\u0105ski oferuj\u0119 t\u0119 kart\u0119 z limitem w przedziale od 2 do 20 tys. z\u0142. Ostateczna wysoko\u015b\u0107 przyznanego limitu zale\u017ce\u0107 b\u0119dzie od Twojej zdolno\u015bci kredytowej. Podobnie jak w przypadku karty Visa, bank nie pobiera op\u0142aty za jej wydanie. Maksymalny okres bezodsetkowy wynosi 52 dni.\u00a0<\/span><span data-ccp-props=\"{&quot;201341983&quot;:0,&quot;335559739&quot;:160,&quot;335559740&quot;:360}\">\u00a0<\/span><\/p>\n<h3>Z\u0142ota karta kredytowa Visa w ING Banku \u015al\u0105skim<\/h3>\n<p><span data-contrast=\"auto\">Ju\u017c sama nazwa karty zdradza, \u017ce masz do czynienia z produktem bardziej presti\u017cowym. Potwierdza to dost\u0119pny limit kredytowy, kt\u00f3ry tym razem mie\u015bci si\u0119 w przedziale od 5 do 50 tys. z\u0142. Karta wydawana jest bezp\u0142atnie, ale je\u015bli nie spe\u0142nisz dodatkowych warunk\u00f3w, to zap\u0142acisz za jej obs\u0142ug\u0119 100 z\u0142 op\u0142aty rocznej.<\/span><span data-ccp-props=\"{&quot;201341983&quot;:0,&quot;335559739&quot;:160,&quot;335559740&quot;:360}\">\u00a0<\/span><\/p>\n<h3>Platynowa karta kredytowa Mastercard w ING Banku \u015al\u0105skim<\/h3>\n<p><span data-contrast=\"auto\">To rozwi\u0105zanie przygotowane dla najbardziej wymagaj\u0105cych klient\u00f3w indywidualnych ING Banku \u015al\u0105skiego. W tym przypadku mo\u017cesz wnioskowa\u0107 o limit kredytowy do 200 tys. z\u0142. Do tego otrzymasz pakiet us\u0142ug dodatkowych Concierge oraz dost\u0119p do bezp\u0142atnego Programu Priority Pass.\u00a0<\/span><span data-ccp-props=\"{&quot;201341983&quot;:0,&quot;335559739&quot;:160,&quot;335559740&quot;:360}\">\u00a0<\/span><\/p>\n<h3>Platynowa karta kredytowa Mastercard w ING Banku \u015al\u0105skim<\/h3>\n<p><span data-contrast=\"auto\">Klienci korzystaj\u0105cy z oferty Private Banking mog\u0105 r\u00f3wnie\u017c z\u0142o\u017cy\u0107 wniosek o kart\u0119 kredytow\u0105 Visa Infinite. Zapewnia ona m.in. bogaty pakiet ubezpiecze\u0144 podr\u00f3\u017cnych oraz bezp\u0142atne saloniki wypoczynkowe na lotniskach od Priority Pass i pomoc w organizacji wakacji z Concierge.<\/span><span data-ccp-props=\"{&quot;201341983&quot;:0,&quot;335559739&quot;:160,&quot;335559740&quot;:360}\">\u00a0<\/span><\/p>\n<h2 aria-level=\"3\">Jak wyrobi\u0107 kart\u0119 kredytow\u0105 w ING Banku \u015al\u0105skim?<\/h2>\n<p><span data-contrast=\"auto\">Kart\u0119 kredytow\u0105 w ING Banku \u015al\u0105skim wyrobisz sk\u0142adaj\u0105c odpowiedni wniosek. Karty Visa, Mastercard i Z\u0142ot\u0105 Visa<strong> zam\u00f3wisz w us\u0142udze bankowo\u015bci elektronicznej Moje ING lub plac\u00f3wce<\/strong>. Platynowa karta kredytowa Mastercard jest dost\u0119pna tylko w plac\u00f3wce. Kart\u0119 Visa Infinite zam\u00f3wisz wy\u0142\u0105cznie przez kontakt z doradc\u0105.\u00a0<\/span><span data-ccp-props=\"{&quot;201341983&quot;:0,&quot;335559739&quot;:160,&quot;335559740&quot;:360}\">\u00a0<\/span><span data-ccp-props=\"{&quot;201341983&quot;:0,&quot;335559739&quot;:160,&quot;335559740&quot;:360}\">\u00a0<\/span><\/p>\n<h2 aria-level=\"3\">Kto mo\u017ce wyrobi\u0107 kart\u0119 kredytow\u0105 w ING Banku \u015al\u0105skim?<\/h2>\n<p><span data-contrast=\"auto\">Korzystaj\u0105c z karty kredytowej zaci\u0105gasz d\u0142ug, kt\u00f3ry musisz p\u00f3\u017aniej sp\u0142aci\u0107. Dlatego przepustk\u0105 do wyrobienia karty kredytowej<strong> jest odpowiednia zdolno\u015b\u0107 kredytowa<\/strong>. Naturalnie musisz by\u0107 tak\u017ce osob\u0105 pe\u0142noletni\u0105 z pe\u0142n\u0105 zdolno\u015bci\u0105 do czynno\u015bci prawnych. Przy bardziej presti\u017cowych kartach mo\u017ce pojawi\u0107 si\u0119 tak\u017ce wym\u00f3g np. minimalnych dochod\u00f3w lub posiadania odpowiedniego maj\u0105tku.<\/span><span data-ccp-props=\"{&quot;201341983&quot;:0,&quot;335559739&quot;:160,&quot;335559740&quot;:360}\">\u00a0<\/span><\/p>\n<h2 aria-level=\"3\">Jak aktywowa\u0107 kart\u0119 kredytow\u0105 w ING Banku \u015al\u0105skim?<\/h2>\n<p><span data-contrast=\"auto\">Swoj\u0105 kart\u0119 kredytow\u0105 mo\u017cesz aktywowa\u0107 w aplikacji Moje ING mobile lub <strong>w us\u0142udze bankowo\u015bci elektronicznej Moje ING<\/strong>. Przejd\u017a do szczeg\u00f3\u0142\u00f3w karty kredytowej i nadaj jej PIN. Podczas pierwszej transakcji w\u0142\u00f3\u017c kart\u0119 do terminala p\u0142atniczego lub bankomatu i potwierd\u017a PIN-em. Je\u015bli nie korzystasz z us\u0142ugi Moje ING, to zadzwo\u0144 na infolini\u0119 banku.<\/span><span data-ccp-props=\"{&quot;201341983&quot;:0,&quot;335559739&quot;:160,&quot;335559740&quot;:360}\">\u00a0<\/span><\/p>\n<h2 aria-level=\"3\">Ile kosztuje prowadzenie karty kredytowej w ING Banku \u015al\u0105skim?<\/h2>\n<p><span data-contrast=\"auto\">Op\u0142ata roczna za prowadzenie karty kredytowej w ING Banku \u015al\u0105skim zale\u017cy od jej rodzaju. Im bardziej presti\u017cowy plastik, tym wy\u017csze potencjalne koszty. <strong>Wielu przypadkach op\u0142aty mo\u017cesz unikn\u0105\u0107<\/strong>, je\u015bli spe\u0142nisz dodatkowe warunki. Dla por\u00f3wnania (zak\u0142adaj\u0105c, \u017ce nie spe\u0142ni\u0142e\u015b warunk\u00f3w bezp\u0142atno\u015bci) &#8211; roczna op\u0142ata za kart\u0119 kredytow\u0105 Visa to 35 z\u0142, a za kart\u0119 Visa Infinite to ju\u017c 2.000 z\u0142.<\/span><span data-ccp-props=\"{&quot;201341983&quot;:0,&quot;335559739&quot;:160,&quot;335559740&quot;:360}\">\u00a0<\/span><\/p>\n<h2 aria-level=\"3\">Jak wygl\u0105da sp\u0142ata karty kredytowej w ING Banku \u015al\u0105skim?<\/h2>\n<p><span data-contrast=\"auto\">Po zako\u0144czeniu cyklu rozliczeniowego<strong> masz 21 dni na sp\u0142at\u0119 zad\u0142u\u017cenia kart<\/strong>y. Mo\u017cesz dokona\u0107 sp\u0142aty ca\u0142kowitej lub minimalnej, kt\u00f3ra wynosi zazwyczaj od 4% do 5% wykorzystanego limitu. Mo\u017cesz skorzysta\u0107 z automatycznej sp\u0142aty kary kredytowej lub uregulowa\u0107 zad\u0142u\u017cenie:<\/span><span data-ccp-props=\"{&quot;201341983&quot;:0,&quot;335559739&quot;:160,&quot;335559740&quot;:360}\">\u00a0<\/span><\/p>\n<ul>\n<li data-leveltext=\"\uf0b7\" data-font=\"Symbol\" data-listid=\"27\" data-list-defn-props=\"{&quot;335552541&quot;:1,&quot;335559685&quot;:720,&quot;335559991&quot;:360,&quot;469769226&quot;:&quot;Symbol&quot;,&quot;469769242&quot;:[8226],&quot;469777803&quot;:&quot;left&quot;,&quot;469777804&quot;:&quot;\uf0b7&quot;,&quot;469777815&quot;:&quot;hybridMultilevel&quot;}\" aria-setsize=\"-1\" data-aria-posinset=\"1\" data-aria-level=\"1\"><span data-contrast=\"auto\">przez Moje ING \u2013 przelewem ze swojego konta w ING Banku \u015al\u0105skim,<\/span><span data-ccp-props=\"{&quot;201341983&quot;:0,&quot;335559739&quot;:160,&quot;335559740&quot;:360}\">\u00a0<\/span><\/li>\n<\/ul>\n<ul>\n<li data-leveltext=\"\uf0b7\" data-font=\"Symbol\" data-listid=\"27\" data-list-defn-props=\"{&quot;335552541&quot;:1,&quot;335559685&quot;:720,&quot;335559991&quot;:360,&quot;469769226&quot;:&quot;Symbol&quot;,&quot;469769242&quot;:[8226],&quot;469777803&quot;:&quot;left&quot;,&quot;469777804&quot;:&quot;\uf0b7&quot;,&quot;469777815&quot;:&quot;hybridMultilevel&quot;}\" aria-setsize=\"-1\" data-aria-posinset=\"2\" data-aria-level=\"1\"><span data-contrast=\"auto\">got\u00f3wk\u0105 w kasie banku,<\/span><span data-ccp-props=\"{&quot;201341983&quot;:0,&quot;335559739&quot;:160,&quot;335559740&quot;:279}\">\u00a0<\/span><\/li>\n<\/ul>\n<ul>\n<li data-leveltext=\"\uf0b7\" data-font=\"Symbol\" data-listid=\"27\" data-list-defn-props=\"{&quot;335552541&quot;:1,&quot;335559685&quot;:720,&quot;335559991&quot;:360,&quot;469769226&quot;:&quot;Symbol&quot;,&quot;469769242&quot;:[8226],&quot;469777803&quot;:&quot;left&quot;,&quot;469777804&quot;:&quot;\uf0b7&quot;,&quot;469777815&quot;:&quot;hybridMultilevel&quot;}\" aria-setsize=\"-1\" data-aria-posinset=\"3\" data-aria-level=\"1\"><span data-contrast=\"auto\">przelewem z konta w innym banku.<\/span><span data-ccp-props=\"{&quot;201341983&quot;:0,&quot;335559739&quot;:160,&quot;335559740&quot;:279}\">\u00a0<\/span><\/li>\n<\/ul>\n<p><span data-contrast=\"none\">\u202f<\/span><span data-ccp-props=\"{&quot;134233117&quot;:false,&quot;134233118&quot;:false,&quot;201341983&quot;:0,&quot;335559738&quot;:0,&quot;335559739&quot;:0,&quot;335559740&quot;:360}\">\u00a0<\/span><\/p>\n<h2>FAQ &#8211; najcz\u0119\u015bciej zadawane pytania<\/h2>\n<h3>Czym jest okres bezodsetkowy przy karcie kredytowej?<\/h3>\n<p><span data-contrast=\"none\">Je\u015bli masz wystarczaj\u0105ce \u015brodki, aby sp\u0142aci\u0107 ca\u0142e zad\u0142u\u017cenie na karcie kredytowej i zrobisz to w okresie bezodsetkowym, to nie zap\u0142acisz \u017cadnych odsetek. Karty kredytowe w ING Banku \u015al\u0105skim zazwyczaj zapewniaj\u0105 52-dniowy okres odsetkowy. Jest to jednak warto\u015b\u0107 maksymalna, kt\u00f3ra zak\u0142ada, \u017ce wykonasz transakcj\u0119 bezgot\u00f3wkow\u0105 kart\u0105 pierwszego dnia cyklu rozliczeniowego i sp\u0142acisz j\u0105 w ostatnim dniu wskazanym na wyci\u0105gu.\u00a0<\/span><span data-ccp-props=\"{&quot;134233117&quot;:false,&quot;134233118&quot;:false,&quot;201341983&quot;:0,&quot;335559738&quot;:0,&quot;335559739&quot;:0,&quot;335559740&quot;:360}\">\u00a0<\/span><\/p>\n<h3>Jak zrobi\u0107 przelew z karty kredytowej w ING Banku \u015al\u0105skim?<\/h3>\n<p><span data-contrast=\"none\">Aby wykona\u0107 przelew z karty kredytowej zaloguj si\u0119 do us\u0142ugi Moje ING, przejd\u017a do zak\u0142adki Przelewy i wska\u017c kart\u0119 kredytow\u0105, z kt\u00f3rej chcesz zrobi\u0107 przelew. Alternatywnie mo\u017cesz wybra\u0107 kolejno zak\u0142adk\u0119 Karty i p\u0142atno\u015bci telefonem, wybra\u0107 kart\u0119, a nast\u0119pnie Przelew z karty. Pami\u0119taj, \u017ce ta operacja jest p\u0142atna (z wyj\u0105tkiem karty Visa Infinite). Przelew z rachunku karty kredytowej jest transakcj\u0105 got\u00f3wkow\u0105, wi\u0119c po wykonaniu transakcji naliczane s\u0105 od niej odsetki.<\/span><span data-ccp-props=\"{&quot;134233117&quot;:false,&quot;134233118&quot;:false,&quot;201341983&quot;:0,&quot;335559738&quot;:0,&quot;335559739&quot;:0,&quot;335559740&quot;:360}\">\u00a0<\/span><\/p>\n<h3>Czy mo\u017cna za\u0142o\u017cy\u0107 kart\u0119 kredytow\u0105 dla dziecka w ING Banku \u015al\u0105skim?<span data-ccp-props=\"{&quot;134233117&quot;:false,&quot;134233118&quot;:false,&quot;201341983&quot;:0,&quot;335559738&quot;:0,&quot;335559739&quot;:0,&quot;335559740&quot;:360}\">\u00a0<\/span><\/h3>\n<p><span data-contrast=\"none\">Nie. Jest to produkt kredytowy, wi\u0119c zgodnie z przepisami prawa nie mog\u0105 korzysta\u0107 z niego dzieci. Osoby niepe\u0142noletnie mog\u0105 korzysta\u0107 z kart debetowych i przedp\u0142aconych, ale tu wymagana jest wcze\u015bniejsza zgoda rodzica lub opiekuna prawnego.<\/span><span data-ccp-props=\"{&quot;134233117&quot;:false,&quot;134233118&quot;:false,&quot;201341983&quot;:0,&quot;335559738&quot;:0,&quot;335559739&quot;:0,&quot;335559740&quot;:360}\">\u00a0<\/span><\/p>\n<h3>Od czego zale\u017cy wysoko\u015b\u0107 limitu na karcie kredytowej w ING Banku \u015al\u0105skim?<\/h3>\n<p><span data-contrast=\"none\">Wysoko\u015b\u0107 limitu na karcie kredytowej w ING Banku \u015al\u0105skim zale\u017cy od dw\u00f3ch element\u00f3w. Pierwszym z nich jest ograniczenie wynikaj\u0105ce wprost z konkretnej oferty. Drugi natomiast wynika z Twojej zdolno\u015bci kredytowej. Je\u015bli ta jest nieodpowiednia, to bank mo\u017ce nawet odm\u00f3wi\u0107 Ci wydania karty kredytowej z najni\u017cszym mo\u017cliwym limitem.\u00a0<\/span><span data-ccp-props=\"{&quot;134233117&quot;:false,&quot;134233118&quot;:false,&quot;201341983&quot;:0,&quot;335559738&quot;:0,&quot;335559739&quot;:0,&quot;335559740&quot;:360}\">\u00a0<\/span><\/p>\n","protected":false},"excerpt":{"rendered":"<p>W przeciwie\u0144stwie do karty debetowej karta kredytowa nie jest powi\u0105zana z rachunkiem osobistym i pozwala Ci si\u0119 zad\u0142u\u017ca\u0107 w ci\u0119\u017car [&hellip;]<\/p>\n","protected":false},"author":66,"featured_media":0,"parent":850,"menu_order":0,"comment_status":"closed","ping_status":"closed","template":"page_bank_product.php","meta":{"_acf_changed":false,"yasr_overall_rating":0,"yasr_post_is_review":"","yasr_auto_insert_disabled":"","yasr_review_type":"","footnotes":""},"class_list":["post-10187","page","type-page","status-publish","hentry"],"acf":[],"yoast_head":"<!-- This site is optimized with the Yoast SEO plugin v27.1.1 - https:\/\/yoast.com\/product\/yoast-seo-wordpress\/ -->\n<title>Karty kredytowe w ING Banku \u015al\u0105skim | Por\u00f3wnywarka finansowa Rankomat<\/title>\n<meta name=\"robots\" content=\"index, follow, max-snippet:-1, max-image-preview:large, max-video-preview:-1\" \/>\n<link rel=\"canonical\" href=\"https:\/\/rankomat.pl\/finanse\/banki\/ing-bank-slaski\/karty-kredytowe\/\" \/>\n<meta property=\"og:locale\" content=\"pl_PL\" \/>\n<meta property=\"og:type\" content=\"article\" \/>\n<meta property=\"og:title\" content=\"Karty kredytowe w ING Banku \u015al\u0105skim | Por\u00f3wnywarka finansowa Rankomat\" \/>\n<meta property=\"og:description\" content=\"W przeciwie\u0144stwie do karty debetowej karta kredytowa nie jest powi\u0105zana z rachunkiem osobistym i pozwala Ci si\u0119 zad\u0142u\u017ca\u0107 w ci\u0119\u017car [&hellip;]\" \/>\n<meta property=\"og:url\" content=\"https:\/\/rankomat.pl\/finanse\/banki\/ing-bank-slaski\/karty-kredytowe\/\" \/>\n<meta property=\"og:site_name\" content=\"Por\u00f3wnywarka finansowa Rankomat\" \/>\n<meta property=\"article:publisher\" content=\"https:\/\/www.facebook.com\/rankomatpl\/\" \/>\n<meta property=\"article:modified_time\" content=\"2024-07-11T11:21:38+00:00\" \/>\n<meta property=\"og:image\" content=\"https:\/\/rankomat.pl\/finanse\/wp-content\/uploads\/2021\/03\/rankomat-star-og.png\" \/>\n\t<meta property=\"og:image:width\" content=\"480\" \/>\n\t<meta property=\"og:image:height\" content=\"320\" \/>\n\t<meta property=\"og:image:type\" content=\"image\/png\" \/>\n<meta name=\"twitter:card\" content=\"summary_large_image\" \/>\n<meta name=\"twitter:site\" content=\"@rankomat\" \/>\n<meta name=\"twitter:label1\" content=\"Szacowany czas czytania\" \/>\n\t<meta name=\"twitter:data1\" content=\"6 minut\" \/>\n<script type=\"application\/ld+json\" class=\"yoast-schema-graph\">{\"@context\":\"https:\/\/schema.org\",\"@graph\":[{\"@type\":\"BreadcrumbList\",\"@id\":\"https:\/\/rankomat.pl\/finanse\/banki\/ing-bank-slaski\/karty-kredytowe\/#breadcrumb\",\"itemListElement\":[{\"@type\":\"ListItem\",\"position\":1,\"name\":\"Finanse\",\"item\":\"https:\/\/rankomat.pl\/finanse\/\"},{\"@type\":\"ListItem\",\"position\":2,\"name\":\"Banki\",\"item\":\"https:\/\/rankomat.pl\/finanse\/banki\/\"},{\"@type\":\"ListItem\",\"position\":3,\"name\":\"ING Bank \u015al\u0105ski\",\"item\":\"https:\/\/rankomat.pl\/finanse\/banki\/ing-bank-slaski\/\"},{\"@type\":\"ListItem\",\"position\":4,\"name\":\"Karty kredytowe w ING Banku \u015al\u0105skim\"}]}]}<\/script>\n<!-- \/ Yoast SEO plugin. -->","yoast_head_json":{"title":"Karty kredytowe w ING Banku \u015al\u0105skim | Por\u00f3wnywarka finansowa Rankomat","robots":{"index":"index","follow":"follow","max-snippet":"max-snippet:-1","max-image-preview":"max-image-preview:large","max-video-preview":"max-video-preview:-1"},"canonical":"https:\/\/rankomat.pl\/finanse\/banki\/ing-bank-slaski\/karty-kredytowe\/","og_locale":"pl_PL","og_type":"article","og_title":"Karty kredytowe w ING Banku \u015al\u0105skim | Por\u00f3wnywarka finansowa Rankomat","og_description":"W przeciwie\u0144stwie do karty debetowej karta kredytowa nie jest powi\u0105zana z rachunkiem osobistym i pozwala Ci si\u0119 zad\u0142u\u017ca\u0107 w ci\u0119\u017car [&hellip;]","og_url":"https:\/\/rankomat.pl\/finanse\/banki\/ing-bank-slaski\/karty-kredytowe\/","og_site_name":"Por\u00f3wnywarka finansowa Rankomat","article_publisher":"https:\/\/www.facebook.com\/rankomatpl\/","article_modified_time":"2024-07-11T11:21:38+00:00","og_image":[{"width":480,"height":320,"url":"https:\/\/rankomat.pl\/finanse\/wp-content\/uploads\/2021\/03\/rankomat-star-og.png","type":"image\/png"}],"twitter_card":"summary_large_image","twitter_site":"@rankomat","twitter_misc":{"Szacowany czas czytania":"6 minut"},"schema":{"@context":"https:\/\/schema.org","@graph":[{"@type":"BreadcrumbList","@id":"https:\/\/rankomat.pl\/finanse\/banki\/ing-bank-slaski\/karty-kredytowe\/#breadcrumb","itemListElement":[{"@type":"ListItem","position":1,"name":"Finanse","item":"https:\/\/rankomat.pl\/finanse\/"},{"@type":"ListItem","position":2,"name":"Banki","item":"https:\/\/rankomat.pl\/finanse\/banki\/"},{"@type":"ListItem","position":3,"name":"ING Bank \u015al\u0105ski","item":"https:\/\/rankomat.pl\/finanse\/banki\/ing-bank-slaski\/"},{"@type":"ListItem","position":4,"name":"Karty kredytowe w ING Banku \u015al\u0105skim"}]}]}},"yasr_visitor_votes":{"stars_attributes":{"read_only":false,"span_bottom":false},"number_of_votes":0,"sum_votes":0},"_links":{"self":[{"href":"https:\/\/rankomat.pl\/finanse\/wp-json\/wp\/v2\/pages\/10187","targetHints":{"allow":["GET"]}}],"collection":[{"href":"https:\/\/rankomat.pl\/finanse\/wp-json\/wp\/v2\/pages"}],"about":[{"href":"https:\/\/rankomat.pl\/finanse\/wp-json\/wp\/v2\/types\/page"}],"author":[{"embeddable":true,"href":"https:\/\/rankomat.pl\/finanse\/wp-json\/wp\/v2\/users\/66"}],"replies":[{"embeddable":true,"href":"https:\/\/rankomat.pl\/finanse\/wp-json\/wp\/v2\/comments?post=10187"}],"version-history":[{"count":0,"href":"https:\/\/rankomat.pl\/finanse\/wp-json\/wp\/v2\/pages\/10187\/revisions"}],"up":[{"embeddable":true,"href":"https:\/\/rankomat.pl\/finanse\/wp-json\/wp\/v2\/pages\/850"}],"wp:attachment":[{"href":"https:\/\/rankomat.pl\/finanse\/wp-json\/wp\/v2\/media?parent=10187"}],"curies":[{"name":"wp","href":"https:\/\/api.w.org\/{rel}","templated":true}]}}