{"id":10219,"date":"2024-07-10T15:30:57","date_gmt":"2024-07-10T13:30:57","guid":{"rendered":"https:\/\/rankomat.pl\/finanse\/?page_id=10219"},"modified":"2024-07-25T14:05:43","modified_gmt":"2024-07-25T12:05:43","slug":"lokaty-oszczednosciowe","status":"publish","type":"page","link":"https:\/\/rankomat.pl\/finanse\/banki\/alior-bank\/lokaty-oszczednosciowe\/","title":{"rendered":"Lokaty oszcz\u0119dno\u015bciowe w Alior Banku"},"content":{"rendered":"<p><strong>Lokaty oszcz\u0119dno\u015bciowe i konta oszcz\u0119dno\u015bciowe to bezpieczne produkty, kt\u00f3re pozwol\u0105 Ci w \u0142atwy spos\u00f3b pomna\u017ca\u0107 swoje oszcz\u0119dno\u015bci. W Alior Banku znajdziesz oferty, kt\u00f3re mo\u017cesz dopasowa\u0107 do swoich potrzeb zar\u00f3wno w zakresie warto\u015bci i czasu trwania depozytu, jak i wysoko\u015bci oprocentowania.<\/strong><\/p>\n<h2>Jakie lokaty terminowe dost\u0119pne s\u0105 w Alior Banku?<\/h2>\n<p>Alior Bank oferuje bezpieczne sposoby oszcz\u0119dzania na lokacie lub w ramach konta oszcz\u0119dno\u015bciowego. Szczeg\u00f3lnie atrakcyjne, promocyjne warunki ofert dotycz\u0105 depozyt\u00f3w dla nowych klient\u00f3w lub tych, kt\u00f3rzy deponuj\u0105 nowe \u015brodki. Alior Bank posiada w swojej ofercie depozyty, z kt\u00f3rych mog\u0105 skorzysta\u0107 zar\u00f3wno nowi, jak i stali klienci.<\/p>\n<p>Dost\u0119pne propozycje lokat terminowych w Alior Banku prezentuj\u0105 si\u0119 nast\u0119puj\u0105co (stan na 30.06.2024 roku):<\/p>\n<h3><strong>Lokata mobilna w Alior Banku<\/strong><\/h3>\n<p>Depozyt ze sta\u0142ym oprocentowaniem w wysoko\u015bci 5% w skali roku z mo\u017cliwo\u015bci\u0105 za\u0142o\u017cenia na 100 dni. Oferta kierowana jest do nowych u\u017cytkownik\u00f3w aplikacji mobilnej Alior Mobile. Dodatkowym warunkiem skorzystania z oferty, jest <strong>konieczno\u015b\u0107 wyra\u017cenia zg\u00f3d marketingowych<\/strong> zwi\u0105zanych z mo\u017cliwo\u015bci\u0105 kontaktu ze strony banku za pomoc\u0105 r\u00f3\u017cnych kana\u0142\u00f3w komunikacji (sms\/email\/telefon). Maksymalna kwota depozytu wynosi 50 000 z\u0142.<\/p>\n<h3><strong>Lokata na nowe \u015brodki w Alior Banku<\/strong><\/h3>\n<p>Depozyt, kt\u00f3ry mo\u017cesz otworzy\u0107 w plac\u00f3wce banku lub za pomoc\u0105 kana\u0142\u00f3w internetowych: bankowo\u015bci elektronicznej Alior Online lub aplikacji mobilnej Alior Mobile. Lokata na nowe \u015brodki to elastyczne rozwi\u0105zanie, kt\u00f3re <strong>mo\u017cesz dopasowa\u0107 do swoich potrzeb<\/strong> zar\u00f3wno w zakresie okresu depozytu (do wyboru masz 92 dni, 182 dni lub 365 dni), jak i zainwestowanej kwoty: od 1 000 z\u0142 do 200 000 z\u0142. Wysoko\u015b\u0107 oprocentowania zale\u017cy od okresu depozytu. Mo\u017cesz otworzy\u0107 wi\u0119cej ni\u017c jedn\u0105 Lokat\u0119 na nowe \u015brodki w Alior Banku.<\/p>\n<h3><strong>Lokata standardowa w Alior Banku<\/strong><\/h3>\n<p>Najbardziej uniwersalne rozwi\u0105zanie, z nisk\u0105 kwot\u0105 minimaln\u0105. Lokat\u0119 standardow\u0105 mo\u017cesz otworzy\u0107 w z\u0142ot\u00f3wkach, euro lub dolarach, przy czym depozyt w walucie, b\u0119dzie znacznie ni\u017cej oprocentowany. <strong>Okres depozytu wybierasz samodzielnie<\/strong> spo\u015br\u00f3d czterech oferowanych przez bank termin\u00f3w: na 3 miesi\u0105ce, 4 miesi\u0105ce, 6 miesi\u0119cy lub 12 miesi\u0119cy. Najkorzystniejsze oprocentowanie depozytu wyst\u0119puje dla depozyt\u00f3w czteromiesi\u0119cznych. Lokat\u0119 standardow\u0105 za\u0142o\u017cysz w stacjonarnej plac\u00f3wce, a tak\u017ce za pomoc\u0105 kana\u0142\u00f3w bankowo\u015bci elektronicznej: Alior Online lub Alior Mobile.<\/p>\n<h2>Jak za\u0142o\u017cy\u0107 lokat\u0119 terminow\u0105 w Alior Banku?<\/h2>\n<p>Za\u0142o\u017cenie lokaty w Alior Banku to prosty proces, kt\u00f3ry zrealizujesz w wybranym przez siebie kanale. Mo\u017cesz zleci\u0107 otwarcie depozytu stacjonarnie w plac\u00f3wce banku lub online za pomoc\u0105 aplikacji mobilnej Alior Mobile lub bankowo\u015bci elektronicznej Alior Online. Korzystaj\u0105c z aplikacji po zalogowaniu si\u0119 na swoje konto, wybierz kafelek \u201cOferty\u201d, a nast\u0119pnie opcj\u0119 \u201cOszcz\u0119dno\u015bci\u201d. W kolejnym kroku wybierz interesuj\u0105cy Ci\u0119 produkt, zaakceptuj warunki i wp\u0142a\u0107 pieni\u0105dze.<\/p>\n<h2>Jakie jest oprocentowanie lokat terminowych w Alior Banku?<\/h2>\n<p>Wysoko\u015b\u0107 oprocentowania lokat terminowych oferowanych przez Alior Bank w zasadzie odzwierciedla warunki rynkowe. Najwy\u017cej oprocentowane depozyty wymagaj\u0105 zwykle spe\u0142nienia dodatkowych warunk\u00f3w (np. skorzystanie z okre\u015blonego kana\u0142u otwarcia) i s\u0105 ograniczone w czasie.<\/p>\n<h2>Kto mo\u017ce za\u0142o\u017cy\u0107 lokat\u0119 terminow\u0105 w Alior Banku?<\/h2>\n<p>Lokaty terminowe w Alior Banku s\u0105 dost\u0119pne zar\u00f3wno dla nowych, jak i dotychczasowych klient\u00f3w. Otwarcie depozytu <strong>wymaga spe\u0142nienia minimum formalno\u015bci<\/strong>. Wniosek o otwarcie lokaty mo\u017cesz z\u0142o\u017cy\u0107 zar\u00f3wno w plac\u00f3wce banku, jak i za po\u015brednictwem kana\u0142\u00f3w zdalnych w aplikacji Alior Mobile czy za po\u015brednictwem bankowo\u015bci elektronicznej Alior Online (z wy\u0142\u0105czeniem ofert, kt\u00f3re wymagaj\u0105 otwarcia z wykorzystaniem tylko jednego z wymienionych kana\u0142\u00f3w).<\/p>\n<h2><strong>Jakie s\u0105 konsekwencje zerwania lokaty przed czasem w Alior Banku?<\/strong><\/h2>\n<p>Zerwanie lokaty otwartej w Alior Banku przed terminem okre\u015blonym w umowie jest mo\u017cliwe, ale jego konsekwencj\u0105 b\u0119dzie ca\u0142kowita utrata wypracowanych ju\u017c odsetek bez wzgl\u0119du na moment wyp\u0142aty \u015brodk\u00f3w. W takiej sytuacji bank wyp\u0142aci Ci jedynie kapita\u0142 w wysoko\u015bci pocz\u0105tkowej wp\u0142aty.<\/p>\n<h2>Ile kosztuje za\u0142o\u017cenie lokaty terminowej w Alior Banku?<\/h2>\n<p>Otwarcie lokaty w Alior Banku b\u0119dzie dla Ciebie bezp\u0142atne. Uruchomienie depozytu oznacza w praktyce, \u017ce to bank \u201cpo\u017cycza\u201d od Ciebie pieni\u0105dze i z tego tytu\u0142u zobowi\u0105zuje si\u0119 do wyp\u0142aty Ci okre\u015blonego wynagrodzenia pod postaci\u0105 odsetek. Zatem Ty <strong>nie poniesiesz \u017cadnych koszt\u00f3w z tytu\u0142u otwarcia depozytu<\/strong>. Ewentualne konsekwencje finansowe mog\u0105 dotyczy\u0107 sytuacji przedterminowego zerwania lokaty. W\u00f3wczas tracisz wypracowane odsetki, ale otrzymasz zwrot pe\u0142nej kwoty zainwestowanego kapita\u0142u.<\/p>\n<h2>FAQ &#8211; najcz\u0119\u015bciej zadawane pytania<\/h2>\n<h3><strong>Lokata czy konto oszcz\u0119dno\u015bciowe?<\/strong><\/h3>\n<p>Lokata i konto oszcz\u0119dno\u015bciowe to dwa bardzo bezpieczne sposoby na pomna\u017canie kapita\u0142u. Cho\u0107 lokaty mog\u0105 by\u0107 nieco wy\u017cej oprocentowane ni\u017c konta oszcz\u0119dno\u015bciowe, to wymagaj\u0105 zamro\u017cenia kapita\u0142u na okre\u015blony czas. Rachunek oszcz\u0119dno\u015bciowy daje Ci za to swobod\u0119 w dysponowaniu powierzonymi \u015brodkami i w okresie promocyjnym czasem r\u00f3wnie\u017c atrakcyjne oprocentowanie. Przed otwarciem depozytu warto por\u00f3wna\u0107 wady i zalety ka\u017cdej z opcji.<\/p>\n<h3><strong>Czy od odsetek z lokaty trzeba zap\u0142aci\u0107 podatek?<\/strong><\/h3>\n<p>Wypracowany na lokacie zysk podlega opodatkowaniu podatkiem od zysk\u00f3w kapita\u0142owych, zwanym potocznie podatkiem Belki, kt\u00f3ry wynosi 19%. Bank przed wyp\u0142at\u0105 odsetek, potr\u0105ci i odprowadzi nale\u017cny podatek do urz\u0119du skarbowego, a nast\u0119pnie przeka\u017ce Ci wypracowane odsetki pomniejszone o t\u0119 kwot\u0119.<\/p>\n<h3><strong>Na czym polega kapitalizacja odsetek przy lokacie bankowej?<\/strong><\/h3>\n<p>Kapitalizacja odsetek oznacza dopisanie odsetek do kapita\u0142u. Najcz\u0119\u015bciej kapitalizacja ma miejsce w terminie zapadalno\u015bci lokaty, a wi\u0119c na koniec okresu obowi\u0105zywania depozytu. Korzystniejsze s\u0105 jednak depozyty z cz\u0119stsz\u0105 kapitalizacj\u0105 odsetek (np. co kwarta\u0142), bo w ka\u017cdym kolejnym okresie rozliczeniowym, odsetki b\u0119d\u0105 naliczane od wy\u017cszej kwoty kapita\u0142u (powi\u0119kszonego o wcze\u015bniej ju\u017c dopisan\u0105 kwot\u0119 odsetek).<\/p>\n<h3><strong>Czy pieni\u0105dze na lokacie w Alior Banku s\u0105 bezpieczne?<\/strong><\/h3>\n<p>\u015arodki, kt\u00f3re deponujesz na lokacie w Alior Banku obj\u0119te s\u0105 gwarancj\u0105 Bankowego Funduszu Gwarancyjnego. Fundusz ten gwarantuje zwrot \u015brodk\u00f3w do r\u00f3wnowarto\u015bci 100 000 euro, np. w razie upadku banku. Wskazany limit dotyczy jednego deponenta. W przypadku konta wsp\u00f3lnego gwarancja obejmuje ka\u017cdego ze wsp\u00f3\u0142w\u0142a\u015bcicieli z osobna.<\/p>\n<h3><strong>Czy Alior Bank oferuje lokaty na promocyjnych warunkach?<\/strong><\/h3>\n<p>W Alior Banku znajdziesz oferty depozyt\u00f3w na warunkach promocyjnych, kt\u00f3re pojawiaj\u0105 si\u0119 cyklicznie. Lokaty z promocyjnym oprocentowaniem daj\u0105 Ci mo\u017cliwo\u015b\u0107 osi\u0105gni\u0119cia wy\u017cszych zysk\u00f3w przy pe\u0142nym bezpiecze\u0144stwie powierzonego kapita\u0142u do gwarantowanej kwoty r\u00f3wnowarto\u015bci 100 000 euro.<\/p>\n","protected":false},"excerpt":{"rendered":"<p>Lokaty oszcz\u0119dno\u015bciowe i konta oszcz\u0119dno\u015bciowe to bezpieczne produkty, kt\u00f3re pozwol\u0105 Ci w \u0142atwy spos\u00f3b pomna\u017ca\u0107 swoje oszcz\u0119dno\u015bci. W Alior Banku [&hellip;]<\/p>\n","protected":false},"author":66,"featured_media":0,"parent":633,"menu_order":0,"comment_status":"closed","ping_status":"closed","template":"page_bank_product.php","meta":{"_acf_changed":false,"yasr_overall_rating":0,"yasr_post_is_review":"","yasr_auto_insert_disabled":"","yasr_review_type":"","footnotes":""},"class_list":["post-10219","page","type-page","status-publish","hentry"],"acf":[],"yoast_head":"<!-- This site is optimized with the Yoast SEO plugin v27.1.1 - https:\/\/yoast.com\/product\/yoast-seo-wordpress\/ -->\n<title>Lokaty oszcz\u0119dno\u015bciowe w Alior Banku | Por\u00f3wnywarka finansowa Rankomat<\/title>\n<meta name=\"robots\" content=\"index, follow, max-snippet:-1, max-image-preview:large, max-video-preview:-1\" \/>\n<link rel=\"canonical\" href=\"https:\/\/rankomat.pl\/finanse\/banki\/alior-bank\/lokaty-oszczednosciowe\/\" \/>\n<meta property=\"og:locale\" content=\"pl_PL\" \/>\n<meta property=\"og:type\" content=\"article\" \/>\n<meta property=\"og:title\" content=\"Lokaty oszcz\u0119dno\u015bciowe w Alior Banku | Por\u00f3wnywarka finansowa Rankomat\" \/>\n<meta property=\"og:description\" content=\"Lokaty oszcz\u0119dno\u015bciowe i konta oszcz\u0119dno\u015bciowe to bezpieczne produkty, kt\u00f3re pozwol\u0105 Ci w \u0142atwy spos\u00f3b pomna\u017ca\u0107 swoje oszcz\u0119dno\u015bci. W Alior Banku [&hellip;]\" \/>\n<meta property=\"og:url\" content=\"https:\/\/rankomat.pl\/finanse\/banki\/alior-bank\/lokaty-oszczednosciowe\/\" \/>\n<meta property=\"og:site_name\" content=\"Por\u00f3wnywarka finansowa Rankomat\" \/>\n<meta property=\"article:publisher\" content=\"https:\/\/www.facebook.com\/rankomatpl\/\" \/>\n<meta property=\"article:modified_time\" content=\"2024-07-25T12:05:43+00:00\" \/>\n<meta property=\"og:image\" content=\"https:\/\/rankomat.pl\/finanse\/wp-content\/uploads\/2021\/03\/rankomat-star-og.png\" \/>\n\t<meta property=\"og:image:width\" content=\"480\" \/>\n\t<meta property=\"og:image:height\" content=\"320\" \/>\n\t<meta property=\"og:image:type\" content=\"image\/png\" \/>\n<meta name=\"twitter:card\" content=\"summary_large_image\" \/>\n<meta name=\"twitter:site\" content=\"@rankomat\" \/>\n<meta name=\"twitter:label1\" content=\"Szacowany czas czytania\" \/>\n\t<meta name=\"twitter:data1\" content=\"6 minut\" \/>\n<script type=\"application\/ld+json\" class=\"yoast-schema-graph\">{\"@context\":\"https:\/\/schema.org\",\"@graph\":[{\"@type\":\"BreadcrumbList\",\"@id\":\"https:\/\/rankomat.pl\/finanse\/banki\/alior-bank\/lokaty-oszczednosciowe\/#breadcrumb\",\"itemListElement\":[{\"@type\":\"ListItem\",\"position\":1,\"name\":\"Finanse\",\"item\":\"https:\/\/rankomat.pl\/finanse\/\"},{\"@type\":\"ListItem\",\"position\":2,\"name\":\"Banki\",\"item\":\"https:\/\/rankomat.pl\/finanse\/banki\/\"},{\"@type\":\"ListItem\",\"position\":3,\"name\":\"Alior Bank\",\"item\":\"https:\/\/rankomat.pl\/finanse\/banki\/alior-bank\/\"},{\"@type\":\"ListItem\",\"position\":4,\"name\":\"Lokaty oszcz\u0119dno\u015bciowe w Alior Banku\"}]}]}<\/script>\n<!-- \/ Yoast SEO plugin. -->","yoast_head_json":{"title":"Lokaty oszcz\u0119dno\u015bciowe w Alior Banku | Por\u00f3wnywarka finansowa Rankomat","robots":{"index":"index","follow":"follow","max-snippet":"max-snippet:-1","max-image-preview":"max-image-preview:large","max-video-preview":"max-video-preview:-1"},"canonical":"https:\/\/rankomat.pl\/finanse\/banki\/alior-bank\/lokaty-oszczednosciowe\/","og_locale":"pl_PL","og_type":"article","og_title":"Lokaty oszcz\u0119dno\u015bciowe w Alior Banku | Por\u00f3wnywarka finansowa Rankomat","og_description":"Lokaty oszcz\u0119dno\u015bciowe i konta oszcz\u0119dno\u015bciowe to bezpieczne produkty, kt\u00f3re pozwol\u0105 Ci w \u0142atwy spos\u00f3b pomna\u017ca\u0107 swoje oszcz\u0119dno\u015bci. W Alior Banku [&hellip;]","og_url":"https:\/\/rankomat.pl\/finanse\/banki\/alior-bank\/lokaty-oszczednosciowe\/","og_site_name":"Por\u00f3wnywarka finansowa Rankomat","article_publisher":"https:\/\/www.facebook.com\/rankomatpl\/","article_modified_time":"2024-07-25T12:05:43+00:00","og_image":[{"width":480,"height":320,"url":"https:\/\/rankomat.pl\/finanse\/wp-content\/uploads\/2021\/03\/rankomat-star-og.png","type":"image\/png"}],"twitter_card":"summary_large_image","twitter_site":"@rankomat","twitter_misc":{"Szacowany czas czytania":"6 minut"},"schema":{"@context":"https:\/\/schema.org","@graph":[{"@type":"BreadcrumbList","@id":"https:\/\/rankomat.pl\/finanse\/banki\/alior-bank\/lokaty-oszczednosciowe\/#breadcrumb","itemListElement":[{"@type":"ListItem","position":1,"name":"Finanse","item":"https:\/\/rankomat.pl\/finanse\/"},{"@type":"ListItem","position":2,"name":"Banki","item":"https:\/\/rankomat.pl\/finanse\/banki\/"},{"@type":"ListItem","position":3,"name":"Alior Bank","item":"https:\/\/rankomat.pl\/finanse\/banki\/alior-bank\/"},{"@type":"ListItem","position":4,"name":"Lokaty oszcz\u0119dno\u015bciowe w Alior Banku"}]}]}},"yasr_visitor_votes":{"stars_attributes":{"read_only":false,"span_bottom":false},"number_of_votes":0,"sum_votes":0},"_links":{"self":[{"href":"https:\/\/rankomat.pl\/finanse\/wp-json\/wp\/v2\/pages\/10219","targetHints":{"allow":["GET"]}}],"collection":[{"href":"https:\/\/rankomat.pl\/finanse\/wp-json\/wp\/v2\/pages"}],"about":[{"href":"https:\/\/rankomat.pl\/finanse\/wp-json\/wp\/v2\/types\/page"}],"author":[{"embeddable":true,"href":"https:\/\/rankomat.pl\/finanse\/wp-json\/wp\/v2\/users\/66"}],"replies":[{"embeddable":true,"href":"https:\/\/rankomat.pl\/finanse\/wp-json\/wp\/v2\/comments?post=10219"}],"version-history":[{"count":0,"href":"https:\/\/rankomat.pl\/finanse\/wp-json\/wp\/v2\/pages\/10219\/revisions"}],"up":[{"embeddable":true,"href":"https:\/\/rankomat.pl\/finanse\/wp-json\/wp\/v2\/pages\/633"}],"wp:attachment":[{"href":"https:\/\/rankomat.pl\/finanse\/wp-json\/wp\/v2\/media?parent=10219"}],"curies":[{"name":"wp","href":"https:\/\/api.w.org\/{rel}","templated":true}]}}