{"id":10223,"date":"2024-07-10T16:04:41","date_gmt":"2024-07-10T14:04:41","guid":{"rendered":"https:\/\/rankomat.pl\/finanse\/?page_id=10223"},"modified":"2024-07-25T14:10:24","modified_gmt":"2024-07-25T12:10:24","slug":"karty-kredytowe","status":"publish","type":"page","link":"https:\/\/rankomat.pl\/finanse\/banki\/alior-bank\/karty-kredytowe\/","title":{"rendered":"Karty kredytowe w Alior Banku"},"content":{"rendered":"<p><strong>Karta kredytowa to narz\u0119dzie, kt\u00f3re pozwoli Ci korzysta\u0107 z limitu \u015brodk\u00f3w przyznanego przez bank w oparciu o Twoj\u0105 zdolno\u015b\u0107 kredytow\u0105. W Alior Banku znajdziesz ofert\u0119 kart kredytowych, kt\u00f3r\u0105 mo\u017cesz dopasowa\u0107 do swoich potrzeb zar\u00f3wno w zakresie wysoko\u015bci dost\u0119pnego limitu, jak i skorzysta\u0107 z atrakcyjnych pakiet\u00f3w dodatkowych korzy\u015bci.\u00a0\u00a0<\/strong><\/p>\n<h2>Jakie karty kredytowe dost\u0119pne s\u0105 w Alior Banku?<\/h2>\n<p>W\u015br\u00f3d produkt\u00f3w kredytowych znajduj\u0105cych si\u0119 w ofercie Alior Banku mo\u017cesz wybra\u0107 kart\u0119 kredytow\u0105, kt\u00f3ra nie tylko pozwoli Ci korzysta\u0107 z po\u017cyczonych pieni\u0119dzy bez dodatkowych koszt\u00f3w (w razie sp\u0142aty zad\u0142u\u017cenia w okresie bezodsetkowym), ale r\u00f3wnie\u017c zapewni <strong>pakiet dodatkowych korzy\u015bci<\/strong>. Wybierz rozwi\u0105zanie, kt\u00f3re najbardziej odpowiada Twoim potrzebom. Dost\u0119pne karty kredytowe w Alior Banku prezentuj\u0105 si\u0119 nast\u0119puj\u0105co (oferty aktualne na dzie\u0144 30.06.0204 roku):<\/p>\n<h3><strong>Karta kredytowa Mastercard OK w Alior Banku<\/strong><\/h3>\n<p>Klasyczna kart kredytowa z 59-dniowym okresem bezodsetkowym, indywidualnym cyklem rozliczeniowym i mo\u017cliwo\u015bci\u0105 uzyskania zwrotu cz\u0119\u015bci \u015brodk\u00f3w za zakupy w wybranych punktach us\u0142ugowo-handlowych. W razie potrzeby sp\u0142at\u0119 wykorzystanego limitu mo\u017cesz roz\u0142o\u017cy\u0107 na raty, co daje Ci dodatkowe mo\u017cliwo\u015bci elastycznego zarz\u0105dzania swoim bud\u017cetem.<\/p>\n<h3><strong>Karta kredytowa World Elite Mastercard w Alior Banku<\/strong><\/h3>\n<p>Presti\u017cowa karta kredytowa dla najbardziej wymagaj\u0105cych klient\u00f3w z indywidualnie ustalon\u0105 wysoko\u015bci\u0105 limitu do 200 000 z\u0142 i dodatkowym pakietem korzy\u015bci. Korzystaj\u0105c z karty World Elite Mastercard zyskujesz indywidualn\u0105 opiek\u0119 asystent\u00f3w osobistych, kt\u00f3rzy zadbaj\u0105 o Tw\u00f3j komfort m.in. podczas podr\u00f3\u017cy.<\/p>\n<h3><strong>Karta kredytowa Mastercard TU i TAM w Alior Banku<\/strong><\/h3>\n<p>Wygodne rozwi\u0105zanie dla podr\u00f3\u017cuj\u0105cych. Dzi\u0119ki tej karcie kredytowej zyskujesz po\u0142\u0105czenie standardowych funkcjonalno\u015bci karty kredytowej z dost\u0119pem do 150 walut, z kt\u00f3rych mo\u017cesz skorzysta\u0107 bez koszt\u00f3w przewalutowania.<\/p>\n<h2>Jak wyrobi\u0107 kart\u0119 kredytow\u0105 w Alior Banku?<\/h2>\n<p>Wystarczy, \u017ce wype\u0142nisz prosty wniosek na stronie Alior Banku i poczekasz na kontakt ze strony konsultanta. Wszystkie formalno\u015bci wype\u0142nisz przez telefon. Otrzymanie karty kredytowej wymaga posiadania odpowiedniej zdolno\u015bci kredytowej.<\/p>\n<h2>Kto mo\u017ce otrzyma\u0107 kart\u0119 kredytow\u0105 w Alior Banku?<\/h2>\n<p>Karta kredytowa w Alior Banku to rozwi\u0105zanie skierowane do os\u00f3b pe\u0142noletnich, maj\u0105cych pe\u0142n\u0105 zdolno\u015b\u0107 do czynno\u015bci prawnych i odpowiedni\u0105 zdolno\u015b\u0107 kredytow\u0105. Zatem do ustalenia limitu kredytowego, podobnie jak w przypadku innych produkt\u00f3w kredytowych, b\u0119dzie konieczne potwierdzenie Twoich mo\u017cliwo\u015bci terminowej sp\u0142aty zobowi\u0105zania.<\/p>\n<h2>Jak aktywowa\u0107 kart\u0119 kredytow\u0105 w Alior Banku?<\/h2>\n<p>Kart\u0119 kredytow\u0105 Alior Banku aktywujesz w bankowo\u015bci internetowej. Po zalogowaniu si\u0119 na swoje konto przejd\u017a do zak\u0142adki \u201cKarty i kredyty\u201d, a nast\u0119pnie wybierz sekcj\u0119 \u201cLista kart\u201d i kliknij opcj\u0119 \u201cAktywacja\u201d przy wybranej karcie kredytowej, a nast\u0119pnie potwierd\u017a dyspozycj\u0119. Aktywacj\u0119 potwierdzisz wpisuj\u0105c jednorazowe has\u0142o SMS, kt\u00f3re zosta\u0142o wys\u0142ane na Tw\u00f3j numer telefonu.<\/p>\n<h2>Ile kosztuje karta kredytowa w Alior Banku?<\/h2>\n<p>Koszty zwi\u0105zane z kart\u0105 kredytow\u0105 pojawi\u0105 si\u0119 przede wszystkim w razie przekroczenia terminu sp\u0142aty wykorzystanego limitu w okresie bezodsetkowym lub wyboru sp\u0142aty powsta\u0142ego zad\u0142u\u017cenia na raty.<\/p>\n<h2>Jak wygl\u0105da sp\u0142ata karty kredytowej w Alior Banku?<\/h2>\n<p>Wykorzystany limit na karcie kredytowej sp\u0142acisz za pomoc\u0105 przelewu, kt\u00f3ry zlecisz w ramach swojego rachunku osobistego. Mo\u017cesz te\u017c sp\u0142aci\u0107 zad\u0142u\u017cenie got\u00f3wk\u0105 w kasie banku. Je\u015bli opr\u00f3cz karty kredytowej korzystasz z konta osobistego w Alior Banku,<strong> mo\u017cesz ustawi\u0107 automatyczn\u0105 sp\u0142at\u0119 zad\u0142u\u017cenia<\/strong> karty. Pami\u0119taj w\u00f3wczas o zapewnieniu odpowiednich \u015brodk\u00f3w na koncie w terminie sp\u0142aty. Je\u015bli sp\u0142acisz powsta\u0142e zad\u0142u\u017cenie w okresie bezodsetkowym, bank nie naliczy Ci odsetek od wykorzystanej kwoty.<\/p>\n<h2>Jak zrezygnowa\u0107 z karty kredytowej w Alior Banku?<\/h2>\n<p>Rezygnacja z karty kredytowej jest mo\u017cliwa po wypowiedzeniu umowy o kart\u0119 kredytow\u0105. Rachunek karty kredytowej zostanie zamkni\u0119ty po up\u0142ywie okresu wypowiedzenia i sp\u0142acie ca\u0142o\u015bci zad\u0142u\u017cenia \u0142\u0105cznie z ewentualnymi op\u0142atami, prowizjami i odsetkami. Umow\u0119 o kart\u0119 kredytow\u0105 wypowiesz telefonicznie, osobi\u015bcie lub wysy\u0142aj\u0105c wypowiedzenie poczt\u0105.<\/p>\n<h2>FAQ &#8211; najcz\u0119\u015bciej zadawane pytania<\/h2>\n<h3><strong>Czym jest okres bezodsetkowy w przypadku karty kredytowej?<\/strong><\/h3>\n<p>Okres bezodsetkowy (nazywany r\u00f3wnie\u017c grace period) to czas na sp\u0142at\u0119 wykorzystanego limitu dost\u0119pnego w ramach karty kredytowej bez odsetek za korzystanie ze \u015brodk\u00f3w banku. Okres bezodsetkowy sk\u0142ada si\u0119 z dw\u00f3ch element\u00f3w: okresu rozliczeniowego, kt\u00f3ry odpowiada d\u0142ugo\u015bci miesi\u0105ca kalendarzowego i <strong>czasu na sp\u0142at\u0119 wykorzystanego limitu<\/strong>. W okresie rozliczeniowym mo\u017cesz swobodnie korzysta\u0107 z karty p\u0142ac\u0105c za zakupy do wysoko\u015bci przyznanego limitu. Po jego zako\u0144czeniu bank wy\u015ble Ci rozliczenie transakcji. Je\u015bli sp\u0142acisz wykorzystany limit w wyznaczonym terminie, w\u00f3wczas bank nie naliczy Ci odsetek za wykorzystane \u015brodki.<\/p>\n<h3><strong>Czy mo\u017cna wyrobi\u0107 kart\u0119 kredytow\u0105 dla dziecka w Alior Banku?<\/strong><\/h3>\n<p>Karta kredytowa to rozwi\u0105zanie, kt\u00f3re wymaga posiadania pe\u0142nej zdolno\u015bci do czynno\u015bci prawnych i mo\u017cliwo\u015bci zaci\u0105gania zobowi\u0105za\u0144 we w\u0142asnym imieniu i na w\u0142asny rachunek. Dlatego podobnie, jak w przypadku innych produkt\u00f3w kredytowych, <strong>kart\u0119 kredytow\u0105 mo\u017ce otrzyma\u0107 tylko osoba pe\u0142noletnia<\/strong>, kt\u00f3ra wyka\u017ce si\u0119 odpowiedni\u0105 zdolno\u015bci\u0105 kredytow\u0105. Uzyskuj\u0105c kart\u0119 kredytow\u0105 w Alior Banku mo\u017cesz jednak z\u0142o\u017cy\u0107 wniosek o kart\u0119 dodatkow\u0105 dla ka\u017cdej osoby, kt\u00f3ra uko\u0144czy\u0142a co najmniej 13 lat i dzi\u0119ki temu umo\u017cliwi\u0107 swojemu dziecku korzystanie z dodatkowych \u015brodk\u00f3w.<\/p>\n<h3><strong>Jakie kryteria decyduj\u0105 o wysoko\u015bci limitu na karcie kredytowej w Alior Banku?<\/strong><\/h3>\n<p>Na maksymaln\u0105 warto\u015b\u0107 limitu na karcie kredytowej wp\u0142ywa oferta banku i wysoko\u015b\u0107 wnioskowanej kwoty. Ostatecznie jednak maksymalny limit, kt\u00f3ry mo\u017cesz uzyska\u0107, determinuje Twoja zdolno\u015b\u0107 kredytowa. Bank zaproponuje Ci limit w wysoko\u015bci, kt\u00f3r\u0105 mo\u017cesz terminowo sp\u0142aci\u0107, bez nadmiernego obci\u0105\u017cania Twoich domowych finans\u00f3w.<\/p>\n<h3><strong>Karta debetowa a karta kredytowa: co wybra\u0107?<\/strong><\/h3>\n<p>Karta kredytowa i karta debetowa to, pomimo podobie\u0144stwa w wygl\u0105dzie plastiku, dwa r\u00f3\u017cne produkty bankowe. Karta debetowa pozwala Ci korzysta\u0107 z w\u0142asnych \u015brodk\u00f3w zgromadzonych na rachunku osobistym. Karta kredytowa umo\u017cliwia korzystanie z pieni\u0119dzy banku i nie jest powi\u0105zana z Twoim kontem osobistym. Mo\u017cesz zatem posiada\u0107 obie karty, a ka\u017cda z nich b\u0119dzie pe\u0142ni\u0142a inn\u0105 funkcj\u0119.<\/p>\n","protected":false},"excerpt":{"rendered":"<p>Karta kredytowa to narz\u0119dzie, kt\u00f3re pozwoli Ci korzysta\u0107 z limitu \u015brodk\u00f3w przyznanego przez bank w oparciu o Twoj\u0105 zdolno\u015b\u0107 kredytow\u0105. [&hellip;]<\/p>\n","protected":false},"author":66,"featured_media":0,"parent":633,"menu_order":0,"comment_status":"closed","ping_status":"closed","template":"page_bank_product.php","meta":{"_acf_changed":false,"yasr_overall_rating":0,"yasr_post_is_review":"","yasr_auto_insert_disabled":"","yasr_review_type":"","footnotes":""},"class_list":["post-10223","page","type-page","status-publish","hentry"],"acf":[],"yoast_head":"<!-- This site is optimized with the Yoast SEO plugin v27.1.1 - https:\/\/yoast.com\/product\/yoast-seo-wordpress\/ -->\n<title>Karty kredytowe w Alior Banku | Por\u00f3wnywarka finansowa Rankomat<\/title>\n<meta name=\"robots\" content=\"index, follow, max-snippet:-1, max-image-preview:large, max-video-preview:-1\" \/>\n<link rel=\"canonical\" href=\"https:\/\/rankomat.pl\/finanse\/banki\/alior-bank\/karty-kredytowe\/\" \/>\n<meta property=\"og:locale\" content=\"pl_PL\" \/>\n<meta property=\"og:type\" content=\"article\" \/>\n<meta property=\"og:title\" content=\"Karty kredytowe w Alior Banku | Por\u00f3wnywarka finansowa Rankomat\" \/>\n<meta property=\"og:description\" content=\"Karta kredytowa to narz\u0119dzie, kt\u00f3re pozwoli Ci korzysta\u0107 z limitu \u015brodk\u00f3w przyznanego przez bank w oparciu o Twoj\u0105 zdolno\u015b\u0107 kredytow\u0105. [&hellip;]\" \/>\n<meta property=\"og:url\" content=\"https:\/\/rankomat.pl\/finanse\/banki\/alior-bank\/karty-kredytowe\/\" \/>\n<meta property=\"og:site_name\" content=\"Por\u00f3wnywarka finansowa Rankomat\" \/>\n<meta property=\"article:publisher\" content=\"https:\/\/www.facebook.com\/rankomatpl\/\" \/>\n<meta property=\"article:modified_time\" content=\"2024-07-25T12:10:24+00:00\" \/>\n<meta property=\"og:image\" content=\"https:\/\/rankomat.pl\/finanse\/wp-content\/uploads\/2021\/03\/rankomat-star-og.png\" \/>\n\t<meta property=\"og:image:width\" content=\"480\" \/>\n\t<meta property=\"og:image:height\" content=\"320\" \/>\n\t<meta property=\"og:image:type\" content=\"image\/png\" \/>\n<meta name=\"twitter:card\" content=\"summary_large_image\" \/>\n<meta name=\"twitter:site\" content=\"@rankomat\" \/>\n<meta name=\"twitter:label1\" content=\"Szacowany czas czytania\" \/>\n\t<meta name=\"twitter:data1\" content=\"6 minut\" \/>\n<script type=\"application\/ld+json\" class=\"yoast-schema-graph\">{\"@context\":\"https:\/\/schema.org\",\"@graph\":[{\"@type\":\"BreadcrumbList\",\"@id\":\"https:\/\/rankomat.pl\/finanse\/banki\/alior-bank\/karty-kredytowe\/#breadcrumb\",\"itemListElement\":[{\"@type\":\"ListItem\",\"position\":1,\"name\":\"Finanse\",\"item\":\"https:\/\/rankomat.pl\/finanse\/\"},{\"@type\":\"ListItem\",\"position\":2,\"name\":\"Banki\",\"item\":\"https:\/\/rankomat.pl\/finanse\/banki\/\"},{\"@type\":\"ListItem\",\"position\":3,\"name\":\"Alior Bank\",\"item\":\"https:\/\/rankomat.pl\/finanse\/banki\/alior-bank\/\"},{\"@type\":\"ListItem\",\"position\":4,\"name\":\"Karty kredytowe w Alior Banku\"}]}]}<\/script>\n<!-- \/ Yoast SEO plugin. -->","yoast_head_json":{"title":"Karty kredytowe w Alior Banku | Por\u00f3wnywarka finansowa Rankomat","robots":{"index":"index","follow":"follow","max-snippet":"max-snippet:-1","max-image-preview":"max-image-preview:large","max-video-preview":"max-video-preview:-1"},"canonical":"https:\/\/rankomat.pl\/finanse\/banki\/alior-bank\/karty-kredytowe\/","og_locale":"pl_PL","og_type":"article","og_title":"Karty kredytowe w Alior Banku | Por\u00f3wnywarka finansowa Rankomat","og_description":"Karta kredytowa to narz\u0119dzie, kt\u00f3re pozwoli Ci korzysta\u0107 z limitu \u015brodk\u00f3w przyznanego przez bank w oparciu o Twoj\u0105 zdolno\u015b\u0107 kredytow\u0105. [&hellip;]","og_url":"https:\/\/rankomat.pl\/finanse\/banki\/alior-bank\/karty-kredytowe\/","og_site_name":"Por\u00f3wnywarka finansowa Rankomat","article_publisher":"https:\/\/www.facebook.com\/rankomatpl\/","article_modified_time":"2024-07-25T12:10:24+00:00","og_image":[{"width":480,"height":320,"url":"https:\/\/rankomat.pl\/finanse\/wp-content\/uploads\/2021\/03\/rankomat-star-og.png","type":"image\/png"}],"twitter_card":"summary_large_image","twitter_site":"@rankomat","twitter_misc":{"Szacowany czas czytania":"6 minut"},"schema":{"@context":"https:\/\/schema.org","@graph":[{"@type":"BreadcrumbList","@id":"https:\/\/rankomat.pl\/finanse\/banki\/alior-bank\/karty-kredytowe\/#breadcrumb","itemListElement":[{"@type":"ListItem","position":1,"name":"Finanse","item":"https:\/\/rankomat.pl\/finanse\/"},{"@type":"ListItem","position":2,"name":"Banki","item":"https:\/\/rankomat.pl\/finanse\/banki\/"},{"@type":"ListItem","position":3,"name":"Alior Bank","item":"https:\/\/rankomat.pl\/finanse\/banki\/alior-bank\/"},{"@type":"ListItem","position":4,"name":"Karty kredytowe w Alior Banku"}]}]}},"yasr_visitor_votes":{"stars_attributes":{"read_only":false,"span_bottom":false},"number_of_votes":0,"sum_votes":0},"_links":{"self":[{"href":"https:\/\/rankomat.pl\/finanse\/wp-json\/wp\/v2\/pages\/10223","targetHints":{"allow":["GET"]}}],"collection":[{"href":"https:\/\/rankomat.pl\/finanse\/wp-json\/wp\/v2\/pages"}],"about":[{"href":"https:\/\/rankomat.pl\/finanse\/wp-json\/wp\/v2\/types\/page"}],"author":[{"embeddable":true,"href":"https:\/\/rankomat.pl\/finanse\/wp-json\/wp\/v2\/users\/66"}],"replies":[{"embeddable":true,"href":"https:\/\/rankomat.pl\/finanse\/wp-json\/wp\/v2\/comments?post=10223"}],"version-history":[{"count":0,"href":"https:\/\/rankomat.pl\/finanse\/wp-json\/wp\/v2\/pages\/10223\/revisions"}],"up":[{"embeddable":true,"href":"https:\/\/rankomat.pl\/finanse\/wp-json\/wp\/v2\/pages\/633"}],"wp:attachment":[{"href":"https:\/\/rankomat.pl\/finanse\/wp-json\/wp\/v2\/media?parent=10223"}],"curies":[{"name":"wp","href":"https:\/\/api.w.org\/{rel}","templated":true}]}}