{"id":10230,"date":"2024-07-11T08:22:44","date_gmt":"2024-07-11T06:22:44","guid":{"rendered":"https:\/\/rankomat.pl\/finanse\/?page_id=10230"},"modified":"2024-07-25T14:13:52","modified_gmt":"2024-07-25T12:13:52","slug":"kredyty-hipoteczne","status":"publish","type":"page","link":"https:\/\/rankomat.pl\/finanse\/banki\/millennium-bank\/kredyty-hipoteczne\/","title":{"rendered":"Kredyty hipoteczne w Millennium Banku"},"content":{"rendered":"<p><strong>Kredyt hipoteczny to zobowi\u0105zanie celowe, kt\u00f3re mo\u017cesz przeznaczy\u0107 na cel wskazany w umowie kredytowej. Bardziej elastycznym rozwi\u0105zaniem jest po\u017cyczka hipoteczna, kt\u00f3ra pozwala na wydanie pozyskanych \u015brodk\u00f3w na dowolny cel. Oba produkty kredytowe znajdziesz w ofercie Millennium Banku.<\/strong><\/p>\n<h2>Jakie kredyty hipoteczne s\u0105 dost\u0119pne w Millennium Banku ?<\/h2>\n<p>Millennium Bank posiada w swojej ofercie produkty hipoteczne, kt\u00f3re mo\u017cesz przeznaczy\u0107 nie tylko na cele mieszkaniowe, ale r\u00f3wnie\u017c refinansowanie kredytu w innym banku, konsolidacj\u0119 zobowi\u0105za\u0144 czy inny dowolny cel komercyjny. Dost\u0119pna oferta zawiera zar\u00f3wno <strong>klasyczny kredyt hipoteczny, jak r\u00f3wnie\u017c po\u017cyczk\u0119 hipoteczn\u0105<\/strong>. Oferowane produkty pozwalaj\u0105 na zaspokojenie r\u00f3\u017cnych potrzeb klient\u00f3w indywidualnych.<\/p>\n<p>Od 1 marca 2013 r. w ofercie Millennium Banku pozostaj\u0105 tylko zobowi\u0105zania hipoteczne z oprocentowaniem okresowo sta\u0142ym ustalanym na 5 lat. Oferta kredyt\u00f3w hipotecznych z oprocentowaniem zmiennym obowi\u0105zuj\u0105cym w ca\u0142ym okresie kredytowania zosta\u0142a zawieszona.<\/p>\n<p>Oferty kredyt\u00f3w hipotecznych w Millennium Banku aktualne na dzie\u0144 30.06.2024 roku prezentuj\u0105 si\u0119 nast\u0119puj\u0105co:<\/p>\n<h3><strong>Kredyt hipoteczny w Millennium Banku<\/strong><\/h3>\n<p>Klasyczny kredyt hipoteczny, kt\u00f3ry mo\u017cesz przeznaczy\u0107 g\u0142\u00f3wnie na cele mieszkaniowe i refinansowanie kredytu mieszkaniowego w innym banku. Zobowi\u0105zanie udzielane w z\u0142ot\u00f3wkach i skierowane do klient\u00f3w indywidualnych z wk\u0142adem w\u0142asnym na minimalnym poziomie 10% warto\u015bci nieruchomo\u015bci. Dla wygody klient\u00f3w Millennium Bank oferuje <strong>wsparcie specjalist\u00f3w na ka\u017cdym etapie procesu kredytowego<\/strong>. Zaci\u0105gni\u0119cie zobowi\u0105zania nie wymaga otwarcia rachunku osobistego w Millennium Banku. Pomimo braku konta, ca\u0142y proces i status wniosku mo\u017cesz \u015bledzi\u0107 w aplikacji mobilnej banku.<\/p>\n<ul>\n<li><strong>Minimalny wk\u0142ad w\u0142asny<\/strong>: 10 %, przy czym dla wk\u0142adu poni\u017cej 20% warto\u015bci nieruchomo\u015bci wymagane jest obowi\u0105zkowe ubezpieczenie niskiego wk\u0142adu w\u0142asnego lub inne zabezpieczenie okre\u015blone przepisami.<\/li>\n<li><strong>Maksymalna kwota<\/strong>: 4 500 000 z\u0142 przy maksymalnej warto\u015bci nieruchomo\u015bci 5 000 000 z\u0142.<\/li>\n<li><strong>Maksymalny okres sp\u0142aty<\/strong>: 35 lat.<\/li>\n<li><strong>Cel<\/strong>: Kredyt celowy. Pieni\u0105dze mo\u017cesz przeznaczy\u0107 na cel mieszkaniowy czyli kupi\u0107 mieszkanie lub dom na rynku pierwotnym lub wt\u00f3rnym, wybudowa\u0107 dom czy przeprowadzi\u0107 remont modernizacj\u0119 lub rozbudow\u0119 nieruchomo\u015bci. Po\u017cyczone \u015brodki mo\u017cesz r\u00f3wnie\u017c przeznaczy\u0107 na refinansowanie czyli sp\u0142at\u0119 kredytu mieszkaniowego zaci\u0105gni\u0119tego w innym banku.<\/li>\n<li><strong>Dodatkowe warunki<\/strong>: Kredyt hipoteczny w Millennium Banku to zobowi\u0105zanie z okresowo sta\u0142\u0105 stop\u0105 oprocentowania ustalan\u0105 na 5 lat. W czasie obowi\u0105zywania umowy masz mo\u017cliwo\u015b\u0107 skorzystania z wakacji kredytowych raz w roku.<\/li>\n<li><strong>Warunki promocyjne<\/strong>: Mo\u017cliwo\u015b\u0107 obni\u017cenia mar\u017cy w przypadku korzystania z innych produkt\u00f3w znajduj\u0105cych si\u0119 w ofercie Millennium Banku: konta osobistego i karty debetowej do rachunku oraz aktywnego korzystania z obu rozwi\u0105za\u0144.<\/li>\n<\/ul>\n<h3><strong>Po\u017cyczka hipoteczna w Millennium Banku<\/strong><\/h3>\n<p>Klasyczne rozwi\u0105zanie skierowane do w\u0142a\u015bcicieli nieruchomo\u015bci, kt\u00f3re pozwala na finansowanie dowolnych potrzeb klient\u00f3w.<\/p>\n<ul>\n<li><strong>Kwota kredytu<\/strong>: Do 70% warto\u015bci nieruchomo\u015bci, na kt\u00f3rej ustanowiona jest hipoteka.<\/li>\n<li><strong>Cel kredytu<\/strong>: Dowolny.<\/li>\n<li><strong>Dodatkowe warunki<\/strong>: Korzystanie z innych produkt\u00f3w Millennium Banku (konta osobistego i karty debetowej wraz odpowiednim zakresem aktywno\u015bci) umo\u017cliwia obni\u017cenie mar\u017cy i tym samym obni\u017cenie ca\u0142kowitych koszt\u00f3w po\u017cyczki.<\/li>\n<\/ul>\n<h2>Jakie warunki trzeba spe\u0142ni\u0107 wnioskuj\u0105c o kredyt hipoteczny w Millennium Banku?<\/h2>\n<p>Zestawienie warunk\u00f3w, kt\u00f3rych spe\u0142nienie uprawnia do skorzystania z kredytu hipotecznego w Millennium Banku, jest podobne w\u0142a\u015bciwie we wszystkich bankach komercyjnych. R\u00f3\u017cnice dotycz\u0105 szczeg\u00f3\u0142\u00f3w. Standardowo mo\u017cna wymieni\u0107 nast\u0119puj\u0105ce warunki:<\/p>\n<p><strong>Odpowiednia zdolno\u015b\u0107 kredytowa <\/strong><\/p>\n<p>Podstaw\u0105 uzyskania ka\u017cdego kredytu hipotecznego jest odpowiednio wysoka zdolno\u015b\u0107 kredytowa. Kluczowe znaczenie ma wysoko\u015b\u0107 Twojego wynagrodzenia i \u017ar\u00f3d\u0142o dochod\u00f3w, ale bank we\u017amie pod uwag\u0119 r\u00f3wnie\u017c <strong>wysoko\u015b\u0107 miesi\u0119cznych koszt\u00f3w utrzymania<\/strong>, zweryfikuje konieczno\u015b\u0107 sp\u0142aty innych zobowi\u0105za\u0144 czy Twoj\u0105 dotychczasow\u0105 histori\u0119 kredytow\u0105. Kredyt hipoteczny to zobowi\u0105zanie wysokie z d\u0142ugim okresem sp\u0142aty, dlatego proces oceny zdolno\u015bci kredytowej jest szczeg\u00f3\u0142owy i wymaga przedstawienia szeregu dokument\u00f3w finansowych, kt\u00f3rych analiza potwierdzi, \u017ce poradzisz sobie ze sp\u0142at\u0105 zobowi\u0105zania.<\/p>\n<p><strong>Wk\u0142ad w\u0142asny <\/strong><\/p>\n<p>Millennium Bank umo\u017cliwia zaci\u0105gni\u0119cie zobowi\u0105zania zabezpieczonego hipotek\u0105 z minimalnym wk\u0142adem w\u0142asnym na poziomie 10% warto\u015bci nieruchomo\u015bci z dodatkowym obowi\u0105zkowym ubezpieczeniem od ryzyka wysokiego LTV. Dodatkowe zabezpieczenie nie b\u0119dzie potrzebne, je\u015bli \u015brodki zgromadzone na pokrycie wk\u0142adu w\u0142asnego w momencie podpisywania umowy wynosz\u0105 co najmniej 20% warto\u015bci nieruchomo\u015bci.<\/p>\n<p><strong>Hipoteka na nieruchomo\u015bci <\/strong><\/p>\n<p>Podstawowe zabezpieczenie sp\u0142aty zobowi\u0105zania.<\/p>\n<p><strong>Dodatkowe zabezpieczenia sp\u0142aty <\/strong><\/p>\n<p>Obok hipoteki Millennium Bank wymaga zastosowania dodatkowych zabezpiecze\u0144 sp\u0142aty pod postaci\u0105 cesji z praw polisy ubezpieczenia nieruchomo\u015bci od ognia i innych zdarze\u0144 losowych oraz cesji praw z polisy ubezpieczenia na \u017cycie kredytobiorcy &#8211; konieczne jest wskazanie banku jako jedynego uprawnionego do otrzymania \u015bwiadczenia w razie wyst\u0105pienia zdarzenia obj\u0119tego polis\u0105.<\/p>\n<p><strong>Nieruchomo\u015b\u0107 o odpowiedniej warto\u015bci <\/strong><\/p>\n<p>Podstaw\u0105 wyceny nieruchomo\u015bci, kt\u00f3ra b\u0119dzie stanowi\u0107 zabezpieczenia sp\u0142aty kredytu, jest operat szacunkowy przygotowany przez rzeczoznawc\u0119 maj\u0105tkowego.<\/p>\n<p><strong>Wniosek i wymagane dokumenty <\/strong><\/p>\n<p>Zakres formalno\u015bci zwi\u0105zanych z uzyskaniem kredytu hipotecznego jest znacz\u0105cy i b\u0119dzie wymaga\u0142 zgromadzenia dokument\u00f3w finansowych pozwalaj\u0105cych zar\u00f3wno na ocen\u0119 Twojej zdolno\u015bci kredytowej, jak i tych dotycz\u0105cych samej nieruchomo\u015bci. Otrzymanie decyzji kredytowej wymaga przedstawienia pe\u0142nej dokumentacji wymaganej przez bank. Konieczno\u015b\u0107 uzupe\u0142nienia wniosku wyd\u0142u\u017cy ca\u0142y proces i czas, jaki bank ma na wydanie decyzji.<\/p>\n<p><strong>Zgoda wsp\u00f3\u0142ma\u0142\u017conka <\/strong><\/p>\n<p>Konieczna przy kredycie hipotecznym zaci\u0105gni\u0119tym samodzielnie lub z osob\u0105 trzeci\u0105, w przypadku braku rozdzielno\u015bci maj\u0105tkowej.<\/p>\n<p>W toku oceny zdolno\u015bci kredytowej, sprawdzenia wniosku czy weryfikacji danych dotycz\u0105cych nieruchomo\u015bci, kt\u00f3ra ma stanowi\u0107 zabezpieczenie sp\u0142aty, mog\u0105 pojawi\u0107 si\u0119 jeszcze inne dodatkowe formalno\u015bci, kt\u00f3rych trzeba dope\u0142ni\u0107. Millennium Bank dok\u0142ada wszelkich stara\u0144, aby proces kredytowy by\u0142 jak najbardziej przyjazny klientom i zapewnia szybki dost\u0119p do informacji zwi\u0105zanych z weryfikacj\u0105 dokument\u00f3w czy aktualnym statusem z\u0142o\u017conego wniosku.<\/p>\n<h2>Oprocentowanie kredytu hipotecznego w Millennium Banku<\/h2>\n<p>Millennium Bank oferuje kredyty hipoteczne z oprocentowaniem okresowo sta\u0142ym ustalanym na okres 5 lat. Od 1 stycznia 2023 r. <strong>bank zawiesi\u0142 ofert\u0119 kredyt\u00f3w hipotecznych z oprocentowaniem zmiennym<\/strong> w ca\u0142ym okresie kredytowania. Jednocze\u015bnie, je\u015bli posiadasz kredyt z oprocentowaniem zmiennym udzielonym przed 2023 rokiem, mo\u017cesz z\u0142o\u017cy\u0107 wniosek o zmian\u0119 i ustalenie oprocentowania na okresowo sta\u0142e.<\/p>\n<p>Rodzaje oprocentowania:<\/p>\n<p><strong>Oprocentowanie okresowo sta\u0142e na 5 lat<\/strong>: Millennium Bank daje Ci mo\u017cliwo\u015b\u0107 uzyskania kredytu hipotecznego z okresowo sta\u0142ym oprocentowaniem ustalanym na okres 5 lat. Po tym okresie, bank przedstawi Ci propozycj\u0119 stawki oprocentowania sta\u0142ego na kolejny 5 letni okres. Brak akceptacji propozycji banku oznacza przej\u015bcie na oprocentowanie zmienne ustalone na zasadach okre\u015blonych umow\u0105 kredytow\u0105, kt\u00f3rego wysoko\u015b\u0107 b\u0119dzie sk\u0142adow\u0105 stopy referencyjnej WIBOR 6M i mar\u017cy banku.<\/p>\n<p>Jednocze\u015bnie je\u015bli nie przyjmiesz propozycji kredytodawcy, w\u00f3wczas zacznie obowi\u0105zywa\u0107 oprocentowanie zmienne na zasadach okre\u015blonych umow\u0105. Cho\u0107 <strong>oprocentowanie sta\u0142e w za\u0142o\u017ceniu chroni Ci\u0119 przed wahaniem st\u00f3p procentowych<\/strong> i tym samym wzrostem raty, to jednak w razie spadku st\u00f3p procentowych i stawki referencyjnej WIBOR lub WIRON nie b\u0119dziesz m\u00f3g\u0142 skorzysta\u0107 z tego trendu, a\u017c do czasu zako\u0144czenia obowi\u0105zywania sta\u0142ej stopy oprocentowania.<\/p>\n<p><strong>Oprocentowanie zmienne<\/strong>: Kredyty hipoteczne z oprocentowaniem zmiennym oznaczaj\u0105, \u017ce w zale\u017cno\u015bci od warunk\u00f3w rynkowych i poziomu st\u00f3p procentowych, wysoko\u015b\u0107 oprocentowania (a w\u0142a\u015bciwie wysoko\u015b\u0107 jednego z element\u00f3w sk\u0142adowych oprocentowania: stopy procentowej WIBOR lub WIRON), mo\u017ce ulec zmianie w czasie trwania umowy kredytowej. Mimo, \u017ce od 1 stycznia 2023 roku Millennium Bank nie posiada w swojej ofercie kredyt\u00f3w hipotecznych ze zmiennym oprocentowaniem obowi\u0105zuj\u0105cym w ca\u0142ym okresie kredytowania, to umowy zawarte wcze\u015bniej obowi\u0105zuj\u0105 na ustalonych zasadach.<\/p>\n<h2>Jak wzi\u0105\u0107 kredyt hipoteczny w Millennium Banku?<\/h2>\n<p>Pierwszy krok do uzyskania kredytu hipotecznego w Millennium Banku to wype\u0142nienie kr\u00f3tkiego formularza online z danymi pozwalaj\u0105cymi na kontakt telefoniczny ze strony konsultanta banku. Po z\u0142o\u017ceniu wniosku mo\u017cesz na bie\u017c\u0105co \u015bledzi\u0107 jego status w aplikacji mobilnej, bez wzgl\u0119du na to czy posiadasz otwarty ROR w Millennium Banku. Po otrzymaniu decyzji kredytowej masz 30 dni na akceptacj\u0119 zaproponowanych warunk\u00f3w i podpisanie umowy.<\/p>\n<h2>Wk\u0142ad w\u0142asny przy kredycie hipotecznym w Millennium Banku<\/h2>\n<p>Do uzyskania kredytu hipotecznego w Millennium Banku wystarczy zgromadzenie \u015brodk\u00f3w na pokrycie wk\u0142adu w\u0142asnego w wysoko\u015bci 10% warto\u015bci nieruchomo\u015bci, kt\u00f3ra ma stanowi\u0107 zabezpieczenie sp\u0142aty zobowi\u0105zania. Przy czym z uwagi na podwy\u017cszone ryzyko banku (i obowi\u0105zuj\u0105ce przepisy) przy <strong>wk\u0142adzie w\u0142asnym ni\u017cszym ni\u017c 20% warto\u015bci nieruchomo\u015bci<\/strong>, konieczne b\u0119dzie dodatkowe zabezpieczenie sp\u0142aty &#8211; najcz\u0119\u015bciej chodzi o konieczno\u015b\u0107 wykupienia polisy w zakresie ubezpieczenia niskiego wk\u0142adu w\u0142asnego.<\/p>\n<div class=\"expert-opinion-box try  \">\n    <div class=\"box-title try-title-box\">\n                    <h3 class=\"title try-title\">Spr\u00f3buj tego<\/h3>\n            <\/div>\n    <div class=\"opinion\">\n            Optymalnym rozwi\u0105zaniem b\u0119dzie zgromadzenie \u015brodk\u00f3w wystarczaj\u0105cych na pokrycie wk\u0142adu w\u0142asnego wynosz\u0105cego co najmniej 20% warto\u015bci nieruchomo\u015bci. W\u00f3wczas dodatkowa polisa nie b\u0119dzie potrzebna. Jednocze\u015bnie wy\u017cszy wk\u0142ad w\u0142asny oznacza w praktyce ni\u017csze ca\u0142kowite koszty kredytu. Wi\u0119ksze zaanga\u017cowanie w\u0142asnych \u015brodk\u00f3w w zakup nieruchomo\u015bci oznacza realne oszcz\u0119dno\u015bci.                <\/div>\n    <div class=\"expert-info\">\n                <div>\n            <span class=\"expert-name\"><\/span>\n                    <\/div>\n    <\/div>\n<\/div>\n\n\n<h2>Jakie dokumenty s\u0105 potrzebne do kredytu hipotecznego w Millennium Banku?<\/h2>\n<p>Do wniosku o kredyt hipoteczny musisz do\u0142\u0105czy\u0107 pakiet dokument\u00f3w koniecznych do potwierdzenia to\u017csamo\u015bci, pozwalaj\u0105cych na ocen\u0119 Twojej zdolno\u015bci kredytowej oraz ustalenie warto\u015bci nieruchomo\u015bci, kt\u00f3r\u0105 chcesz kupi\u0107 lub wybudowa\u0107. Szczeg\u00f3\u0142owa <strong>lista dokument\u00f3w mo\u017ce si\u0119 r\u00f3\u017cni\u0107 w zale\u017cno\u015bci od rodzaju nieruchomo\u015bci<\/strong> b\u0119d\u0105cej przedmiotem finansowania czy \u017ar\u00f3d\u0142a Twoich dochod\u00f3w. Do typowych dokument\u00f3w, kt\u00f3re powiniene\u015b przygotowa\u0107 sk\u0142adaj\u0105c wniosek o kredyt hipoteczny w Millenium Banku mo\u017cna zaliczy\u0107:<\/p>\n<p><strong>Dokument to\u017csamo\u015bci:<\/strong>\u00a0Standardowo b\u0119dzie to wa\u017cny dow\u00f3d osobisty, a czasem tak\u017ce paszport. Dane z dowodu to\u017csamo\u015bci s\u0142u\u017c\u0105 do potwierdzania to\u017csamo\u015bci, zostan\u0105 ujawnione we wniosku kredytowym i b\u0119d\u0105 s\u0142u\u017cy\u0142y do identyfikacji Ciebie w umowie kredytowej jako kredytobiorcy. Millennium Bank akceptuje zar\u00f3wno fizyczn\u0105 posta\u0107 dokumentu, jak i dow\u00f3d elektroniczny w aplikacji mObywatel.<\/p>\n<p><strong>Dokumenty finansowe<\/strong>: Ich rodzaj zale\u017cy od \u017ar\u00f3d\u0142a Twojego utrzymania. Podstawowe dokumenty akceptowane przez Millennium Bank to wyci\u0105g z rachunku bie\u017c\u0105cego za okres ostatnich 3 miesi\u0119cy i za\u015bwiadczenie o zatrudnieniu i wysoko\u015bci dochod\u00f3w. Dokumenty finansowe maj\u0105 potwierdzi\u0107, \u017ce Twoje \u017ar\u00f3d\u0142o dochod\u00f3w jest stabilne i pozwoli Ci na terminow\u0105 sp\u0142at\u0119 zobowi\u0105zania.<\/p>\n<p><strong>Operat szacunkowy nieruchomo\u015bci:<\/strong> To podstawowy dokument pozwalaj\u0105cy wyceni\u0107 nieruchomo\u015b\u0107. Operat musi by\u0107 aktualny i przygotowany przez rzeczoznawc\u0119 maj\u0105tkowego. Mo\u017cesz dostarczy\u0107 do banku operat przygotowany przez wybranego specjalist\u0119, lub skorzysta\u0107 z us\u0142ug osoby wskazanej przez bank.<\/p>\n<p><strong>Inne dokumenty zwi\u0105zane z nieruchomo\u015bci\u0105:<\/strong> W zale\u017cno\u015bci od rodzaju nieruchomo\u015bci lub inwestycji bank mo\u017ce wymaga\u0107 r\u00f3wnie\u017c do\u0142\u0105czenia do wniosku innych dokument\u00f3w takich jak: odpis z ksi\u0119gi wieczystej, pozwolenie na budow\u0119 lub zawiadomienie o zako\u0144czeniu budowy, wyrys z rejestru grunt\u00f3w lub wypis z planu zagospodarowania przestrzennego potwierdzaj\u0105ce przeznaczenie nieruchomo\u015bci.<\/p>\n<p>Standardowy czas oczekiwania na rozpatrzenie wniosku kredytowego przez bank to 21 dni kalendarzowych liczonych od dnia z\u0142o\u017cenia dokument\u00f3w. Je\u015bli w dostarczonej dokumentacji pojawi\u0105 si\u0119 braki, to bank wezwie Ci\u0119 do ich uzupe\u0142nienia, co jednocze\u015bnie wyd\u0142u\u017cy ca\u0142y proces rozpatrzenia wniosku i wydanie decyzji kredytowej si\u0119 op\u00f3\u017ani.<\/p>\n<h2>Jak sp\u0142aci\u0107 kredyt hipoteczny w Millennium Banku?<\/h2>\n<p>Sp\u0142ata kredytu hipotecznego tradycyjnie realizowana jest na rachunek banku wskazany w umowie lub harmonogramie sp\u0142aty. Termin p\u0142atno\u015bci raty, jak i jej wysoko\u015b\u0107 r\u00f3wnie\u017c okre\u015blaj\u0105 wymienione wcze\u015bniej dokumenty.<\/p>\n<p>Najwygodniejsz\u0105 metod\u0105 na terminowe p\u0142atno\u015bci rat jest automatyczna sp\u0142ata realizowana z konta w Millennium Banku. To rozwi\u0105zanie daje Ci<strong> pewno\u015b\u0107 co do zachowania terminu sp\u0142aty<\/strong> wymaganej przez kredytodawc\u0119. Jedynym warunkiem, kt\u00f3ry musisz spe\u0142ni\u0107, jest zapewnienie odpowiednich \u015brodk\u00f3w na koncie w dacie realizowanego przelewu.<\/p>\n<p>Na automatyczn\u0105 sp\u0142at\u0119 kredytu pozwala r\u00f3wnie\u017c zlecenie sta\u0142e, kt\u00f3re ustawisz w ramach rachunku bankowego obcego banku. Mo\u017cesz r\u00f3wnie\u017c zleca\u0107 wykonanie przelewu samodzielnie za pomoc\u0105 bankowo\u015bci elektronicznej lub aplikacji mobilnej. Takie rozwi\u0105zanie wymaga jednak sporej samodyscypliny w pilnowaniu termin\u00f3w przelewu.<\/p>\n<h2>FAQ &#8211; Najcz\u0119\u015bciej zadawane pytania<\/h2>\n<h3><strong>Na jaki cel mo\u017cna przeznaczy\u0107 kredyt hipoteczny w Millennium Banku?<\/strong><\/h3>\n<p>Klasyczny kredyt hipoteczny w Millennium Banku pozwala przede wszystkim na finansowanie cel\u00f3w mieszkaniowych. Uzyskane \u015brodki mo\u017cesz przeznaczy\u0107 na:<\/p>\n<ul>\n<li>kupno nieruchomo\u015bci<\/li>\n<li>budow\u0119, rozbudow\u0119 domu<\/li>\n<li>remont, modernizacj\u0119 nieruchomo\u015bci<\/li>\n<li>refinansowanie kredytu mieszkaniowego<\/li>\n<\/ul>\n<p>Bardziej elastycznym rozwi\u0105zaniem jest po\u017cyczka hipoteczna. Po\u017cyczone w ramach tego rozwi\u0105zanie \u015brodki mo\u017cesz przeznaczy\u0107 na dowolny cel.<\/p>\n<h3><strong>Jaka jest maksymalna kwota kredytu hipotecznego w Millennium Banku?<\/strong><\/h3>\n<p>Wysoko\u015b\u0107 kredytu hipotecznego w Millennium Banku determinuje warto\u015b\u0107 nieruchomo\u015bci stanowi\u0105ca zabezpieczenie sp\u0142aty i Twoja zdolno\u015b\u0107 kredytowa. Bank nie wskazuje na swojej stronie internetowej maksymalnej kwoty kredytu hipotecznego, daj\u0105c Ci mo\u017cliwo\u015b\u0107 dopasowania wysoko\u015bci zobowi\u0105zania do Twoich potrzeb i mo\u017cliwo\u015bci terminowej sp\u0142aty.<\/p>\n<h3><strong>Jaki jest maksymalny okres sp\u0142aty kredytu hipotecznego w Millennium Banku?<\/strong><\/h3>\n<p>Maksymalny okres sp\u0142aty kredytu hipotecznego w Millennium Banku jest to\u017csamy z limitem okre\u015blonym w przepisach i wynosi 35 lat. Przy czym warto zauwa\u017cy\u0107, \u017ce korzystanie z opcji maksymalnego okresu kredytowania b\u0119dzie kosztowne i nie zawsze mo\u017cliwe, ze wzgl\u0119du na ograniczenia maksymalnego wieku kredytobiorcy w momencie zako\u0144czenia sp\u0142aty zobowi\u0105zania.<\/p>\n","protected":false},"excerpt":{"rendered":"<p>Kredyt hipoteczny to zobowi\u0105zanie celowe, kt\u00f3re mo\u017cesz przeznaczy\u0107 na cel wskazany w umowie kredytowej. Bardziej elastycznym rozwi\u0105zaniem jest po\u017cyczka hipoteczna, [&hellip;]<\/p>\n","protected":false},"author":30,"featured_media":0,"parent":898,"menu_order":0,"comment_status":"closed","ping_status":"closed","template":"page_bank_product.php","meta":{"_acf_changed":false,"yasr_overall_rating":0,"yasr_post_is_review":"","yasr_auto_insert_disabled":"","yasr_review_type":"","footnotes":""},"class_list":["post-10230","page","type-page","status-publish","hentry"],"acf":[],"yoast_head":"<!-- This site is optimized with the Yoast SEO plugin v27.1.1 - https:\/\/yoast.com\/product\/yoast-seo-wordpress\/ -->\n<title>Kredyty hipoteczne w Millennium Banku | Por\u00f3wnywarka finansowa Rankomat<\/title>\n<meta name=\"robots\" content=\"index, follow, max-snippet:-1, max-image-preview:large, max-video-preview:-1\" \/>\n<link rel=\"canonical\" href=\"https:\/\/rankomat.pl\/finanse\/banki\/millennium-bank\/kredyty-hipoteczne\/\" \/>\n<meta property=\"og:locale\" content=\"pl_PL\" \/>\n<meta property=\"og:type\" content=\"article\" \/>\n<meta property=\"og:title\" content=\"Kredyty hipoteczne w Millennium Banku | Por\u00f3wnywarka finansowa Rankomat\" \/>\n<meta property=\"og:description\" content=\"Kredyt hipoteczny to zobowi\u0105zanie celowe, kt\u00f3re mo\u017cesz przeznaczy\u0107 na cel wskazany w umowie kredytowej. Bardziej elastycznym rozwi\u0105zaniem jest po\u017cyczka hipoteczna, [&hellip;]\" \/>\n<meta property=\"og:url\" content=\"https:\/\/rankomat.pl\/finanse\/banki\/millennium-bank\/kredyty-hipoteczne\/\" \/>\n<meta property=\"og:site_name\" content=\"Por\u00f3wnywarka finansowa Rankomat\" \/>\n<meta property=\"article:publisher\" content=\"https:\/\/www.facebook.com\/rankomatpl\/\" \/>\n<meta property=\"article:modified_time\" content=\"2024-07-25T12:13:52+00:00\" \/>\n<meta property=\"og:image\" content=\"https:\/\/rankomat.pl\/finanse\/wp-content\/uploads\/2021\/03\/rankomat-star-og.png\" \/>\n\t<meta property=\"og:image:width\" content=\"480\" \/>\n\t<meta property=\"og:image:height\" content=\"320\" \/>\n\t<meta property=\"og:image:type\" content=\"image\/png\" \/>\n<meta name=\"twitter:card\" content=\"summary_large_image\" \/>\n<meta name=\"twitter:site\" content=\"@rankomat\" \/>\n<meta name=\"twitter:label1\" content=\"Szacowany czas czytania\" \/>\n\t<meta name=\"twitter:data1\" content=\"11 minut\" \/>\n<script type=\"application\/ld+json\" class=\"yoast-schema-graph\">{\"@context\":\"https:\/\/schema.org\",\"@graph\":[{\"@type\":\"BreadcrumbList\",\"@id\":\"https:\/\/rankomat.pl\/finanse\/banki\/millennium-bank\/kredyty-hipoteczne\/#breadcrumb\",\"itemListElement\":[{\"@type\":\"ListItem\",\"position\":1,\"name\":\"Finanse\",\"item\":\"https:\/\/rankomat.pl\/finanse\/\"},{\"@type\":\"ListItem\",\"position\":2,\"name\":\"Banki\",\"item\":\"https:\/\/rankomat.pl\/finanse\/banki\/\"},{\"@type\":\"ListItem\",\"position\":3,\"name\":\"Millennium Bank\",\"item\":\"https:\/\/rankomat.pl\/finanse\/banki\/millennium-bank\/\"},{\"@type\":\"ListItem\",\"position\":4,\"name\":\"Kredyty hipoteczne w Millennium Banku\"}]}]}<\/script>\n<!-- \/ Yoast SEO plugin. -->","yoast_head_json":{"title":"Kredyty hipoteczne w Millennium Banku | Por\u00f3wnywarka finansowa Rankomat","robots":{"index":"index","follow":"follow","max-snippet":"max-snippet:-1","max-image-preview":"max-image-preview:large","max-video-preview":"max-video-preview:-1"},"canonical":"https:\/\/rankomat.pl\/finanse\/banki\/millennium-bank\/kredyty-hipoteczne\/","og_locale":"pl_PL","og_type":"article","og_title":"Kredyty hipoteczne w Millennium Banku | Por\u00f3wnywarka finansowa Rankomat","og_description":"Kredyt hipoteczny to zobowi\u0105zanie celowe, kt\u00f3re mo\u017cesz przeznaczy\u0107 na cel wskazany w umowie kredytowej. Bardziej elastycznym rozwi\u0105zaniem jest po\u017cyczka hipoteczna, [&hellip;]","og_url":"https:\/\/rankomat.pl\/finanse\/banki\/millennium-bank\/kredyty-hipoteczne\/","og_site_name":"Por\u00f3wnywarka finansowa Rankomat","article_publisher":"https:\/\/www.facebook.com\/rankomatpl\/","article_modified_time":"2024-07-25T12:13:52+00:00","og_image":[{"width":480,"height":320,"url":"https:\/\/rankomat.pl\/finanse\/wp-content\/uploads\/2021\/03\/rankomat-star-og.png","type":"image\/png"}],"twitter_card":"summary_large_image","twitter_site":"@rankomat","twitter_misc":{"Szacowany czas czytania":"11 minut"},"schema":{"@context":"https:\/\/schema.org","@graph":[{"@type":"BreadcrumbList","@id":"https:\/\/rankomat.pl\/finanse\/banki\/millennium-bank\/kredyty-hipoteczne\/#breadcrumb","itemListElement":[{"@type":"ListItem","position":1,"name":"Finanse","item":"https:\/\/rankomat.pl\/finanse\/"},{"@type":"ListItem","position":2,"name":"Banki","item":"https:\/\/rankomat.pl\/finanse\/banki\/"},{"@type":"ListItem","position":3,"name":"Millennium Bank","item":"https:\/\/rankomat.pl\/finanse\/banki\/millennium-bank\/"},{"@type":"ListItem","position":4,"name":"Kredyty hipoteczne w Millennium Banku"}]}]}},"yasr_visitor_votes":{"stars_attributes":{"read_only":false,"span_bottom":false},"number_of_votes":0,"sum_votes":0},"_links":{"self":[{"href":"https:\/\/rankomat.pl\/finanse\/wp-json\/wp\/v2\/pages\/10230","targetHints":{"allow":["GET"]}}],"collection":[{"href":"https:\/\/rankomat.pl\/finanse\/wp-json\/wp\/v2\/pages"}],"about":[{"href":"https:\/\/rankomat.pl\/finanse\/wp-json\/wp\/v2\/types\/page"}],"author":[{"embeddable":true,"href":"https:\/\/rankomat.pl\/finanse\/wp-json\/wp\/v2\/users\/30"}],"replies":[{"embeddable":true,"href":"https:\/\/rankomat.pl\/finanse\/wp-json\/wp\/v2\/comments?post=10230"}],"version-history":[{"count":0,"href":"https:\/\/rankomat.pl\/finanse\/wp-json\/wp\/v2\/pages\/10230\/revisions"}],"up":[{"embeddable":true,"href":"https:\/\/rankomat.pl\/finanse\/wp-json\/wp\/v2\/pages\/898"}],"wp:attachment":[{"href":"https:\/\/rankomat.pl\/finanse\/wp-json\/wp\/v2\/media?parent=10230"}],"curies":[{"name":"wp","href":"https:\/\/api.w.org\/{rel}","templated":true}]}}