{"id":10235,"date":"2024-07-11T09:21:15","date_gmt":"2024-07-11T07:21:15","guid":{"rendered":"https:\/\/rankomat.pl\/finanse\/?page_id=10235"},"modified":"2024-07-11T10:21:18","modified_gmt":"2024-07-11T08:21:18","slug":"kredyty-gotowkowe","status":"publish","type":"page","link":"https:\/\/rankomat.pl\/finanse\/banki\/santander-bank-polska\/kredyty-gotowkowe\/","title":{"rendered":"Kredyty got\u00f3wkowe w Santander Bank Polska"},"content":{"rendered":"<p><strong>Kredyt got\u00f3wkowy jest produktem, dzi\u0119ki kt\u00f3remu mo\u017cesz szybko i wygodnie po\u017cyczy\u0107 od banku pieni\u0105dze na dowolny cel konsumpcyjny. Wystarczy tylko, \u017ce masz odpowiedni\u0105 zdolno\u015b\u0107 kredytow\u0105. Pieni\u0105dze mo\u017cesz otrzyma\u0107 nawet w dniu z\u0142o\u017cenia wniosku. Kredyt got\u00f3wkowy w Santander Bank Polska zaci\u0105gniesz w 100% online, ale je\u015bli wolisz za\u0142atwi\u0107 t\u0119 spraw\u0119 przez telefon lub bezpo\u015brednio w oddziale, to te\u017c masz tak\u0105 mo\u017cliwo\u015b\u0107.<\/strong><\/p>\n<h2>Jakie kredyty got\u00f3wkowe s\u0105 dost\u0119pne w Santander Bank Polska?<\/h2>\n<p>W kategorii kredyt\u00f3w got\u00f3wkowych oferowanych przez Santander Bank Polska znajdziesz zr\u00f3\u017cnicowane rozwi\u0105zania, kt\u00f3re pomog\u0105 Ci zrealizowa\u0107 dosy\u0107 szczeg\u00f3\u0142owe potrzeby. Opr\u00f3cz standardowego kredytu got\u00f3wkowego mo\u017cesz zdecydowa\u0107 si\u0119 na kredyt konsolidacyjny, kredyt w rachunku p\u0142atniczym oraz kredyt pozwalaj\u0105cy sfinansowa\u0107 cele ekologiczne. Oferty zosta\u0142y zweryfikowane 29 czerwca 2024 roku.<\/p>\n<h3>Standardowy kredyt got\u00f3wkowy w Santander Bank Polska<\/h3>\n<p>To podstawowy produkt skierowany do os\u00f3b <strong>poszukuj\u0105cych finansowania na dowolny cel konsumpcyjny<\/strong> \u2013 w tym na sp\u0142at\u0119 innych zobowi\u0105za\u0144. Santander Bank Polska zapewnia szybki proces oceny wniosku i minimalne formalno\u015bci. Warto podkre\u015bli\u0107, \u017ce kredyt ten mo\u017cesz zaci\u0105gn\u0105\u0107 bez konieczno\u015bci zak\u0142adania konta osobistego. Podstawowe parametry tej oferty prezentuj\u0105 si\u0119 nast\u0119puj\u0105co:<\/p>\n<ul>\n<li><strong>Kwota:<\/strong> do 300 tys. z\u0142<\/li>\n<li><strong>Okres sp\u0142aty:<\/strong> do 10 lat (120 miesi\u0119cy)<\/li>\n<li><strong>Oprocentowanie nominalne w skali roku:<\/strong> od 10,69% do 17,49%<\/li>\n<li><strong>Rodzaj oprocentowania<\/strong>:\n<ul>\n<li>Sta\u0142e w okresie sp\u0142aty do 24 miesi\u0119cznych rat;<\/li>\n<li>Sta\u0142e lub zmienne w okresie sp\u0142aty powy\u017cej 24 miesi\u0119cznych rat.<\/li>\n<\/ul>\n<\/li>\n<li><strong>Prowizja:<\/strong> od 0% do 11,99%<\/li>\n<li><strong>Cel:<\/strong> bie\u017c\u0105ce potrzeby konsumpcyjne<\/li>\n<li><strong>Z\u0142o\u017cenie wniosku:<\/strong> us\u0142uga bankowo\u015bci elektronicznej i aplikacja mobilna, strona internetowa banku, infolinia lub oddzia\u0142.<\/li>\n<\/ul>\n<h3>Kredyt got\u00f3wkowy online w Santander Bank Polska<\/h3>\n<p>Jak wskazuje sama nazwa \u2013 kredyt ten zaci\u0105gniesz w pe\u0142ni online przez us\u0142ug\u0119 bankowo\u015bci elektronicznej Santander internet lub w aplikacji Santander mobile. Pierwsz\u0105 rat\u0119 mo\u017cesz zap\u0142aci\u0107 po 60 dniach od podpisania umowy. Je\u015bli aktywnie korzystasz z konta z Santander Bank Polska, to mo\u017cesz liczy\u0107 na indywidualne warunki finansowania. Podstawowe parametry tej oferty prezentuj\u0105 si\u0119 nast\u0119puj\u0105co:<\/p>\n<ul>\n<li><strong>Kwota:<\/strong> do 150 tys. z\u0142<\/li>\n<li><strong>Okres sp\u0142aty:<\/strong> do 10 lat (120 miesi\u0119cy)<\/li>\n<li><strong>Oprocentowanie nominalne w skali roku:<\/strong> od 10,69% do 17,49%<\/li>\n<li><strong>Rodzaj oprocentowania:<\/strong>\n<ul>\n<li>Sta\u0142e w okresie sp\u0142aty do 24 miesi\u0119cznych rat;<\/li>\n<li>Sta\u0142e lub zmienne w okresie sp\u0142aty powy\u017cej 24 miesi\u0119cznych rat.<\/li>\n<\/ul>\n<\/li>\n<li><strong>Prowizja:<\/strong> 0%<\/li>\n<li><strong>Cel:<\/strong> bie\u017c\u0105ce potrzeby konsumpcyjne<\/li>\n<li><strong>Z\u0142o\u017cenie wniosku:<\/strong> us\u0142uga bankowo\u015bci elektronicznej i aplikacja mobilna, strona internetowa banku lub infolinia.<\/li>\n<\/ul>\n<h3>Kredyt konsolidacyjny w Santander Bank Polska<\/h3>\n<p>Dzi\u0119ki tej ofercie mo\u017cesz po\u0142\u0105czy\u0107 kredyty got\u00f3wkowe z Santander Bank Polska i kredyty got\u00f3wkowe, ratalne, karty kredytowe i limity w kontach w PLN z innych bank\u00f3w. Dzi\u0119ki temu ca\u0142o\u015b\u0107 swojego zad\u0142u\u017cenia b\u0119dziesz sp\u0142aca\u0107 jedn\u0105 wygodn\u0105 rat\u0105. Wszystkie formalno\u015bci za\u0142atwisz online \u2013 bez konieczno\u015bci wychodzenia z domu. Podstawowe parametry kredytu konsolidacyjnego prezentuj\u0105 si\u0119 nast\u0119puj\u0105co:<\/p>\n<ul>\n<li><strong>Kwota:<\/strong> do 150 tys. z\u0142<\/li>\n<li><strong>Okres sp\u0142aty:<\/strong> do 10 lat (120 miesi\u0119cy)<\/li>\n<li><strong>Oprocentowanie nominalne w skali roku:<\/strong> od 10,69% do 17,49%<\/li>\n<li><strong>Rodzaj oprocentowania:<\/strong>\n<ul>\n<li>Sta\u0142e w okresie sp\u0142aty do 24 miesi\u0119cznych rat;<\/li>\n<li>Sta\u0142e lub zmienne w okresie sp\u0142aty powy\u017cej 24 miesi\u0119cznych rat.<\/li>\n<\/ul>\n<\/li>\n<li><strong>Prowizja:<\/strong> 0%<\/li>\n<li><strong>Cel:<\/strong> konsolidacja zobowi\u0105za\u0144<\/li>\n<li><strong>Z\u0142o\u017cenie wniosku:<\/strong> us\u0142uga bankowo\u015bci elektronicznej, aplikacja mobilna lub infolinia.<\/li>\n<\/ul>\n<h3>Kredyt w rachunku p\u0142atniczym w Santander Bank Polska<\/h3>\n<p>Kredyt w rachunku p\u0142atniczym w Santander Bank Polska dzia\u0142a na takich samych zasadach, jak limit kredytowy w koncie osobistym. Rozwi\u0105zanie to pozwala wydawa\u0107 wi\u0119cej pieni\u0119dzy ni\u017c masz aktualnie na rachunku. Nast\u0119pnie ka\u017cdy wp\u0142yw na Twoje konto w pierwszej kolejno\u015bci sp\u0142aca zad\u0142u\u017cenie. Podstawowe parametry tej oferty prezentuj\u0105 si\u0119 nast\u0119puj\u0105co:<\/p>\n<ul>\n<li><strong>Kwota:<\/strong> do sze\u015bciokrotno\u015bci Twojego miesi\u0119cznego dochodu netto<\/li>\n<li><strong>Okres sp\u0142aty:<\/strong> 12 miesi\u0119cy<\/li>\n<li><strong>Oprocentowanie nominalne w skali roku:<\/strong> 18,40% (na dzie\u0144 19.03.2024 r.)<\/li>\n<li><strong>Prowizja:<\/strong>\n<ul>\n<li>0 z\u0142 &#8211; udzielenie kredytu za po\u015brednictwem us\u0142ug Santander internet lub Santander mobile<\/li>\n<li>0,5% &#8211; udzielenie kredytu w oddziale, plac\u00f3wce partnerskiej lub na infolinii (Konto Select)<\/li>\n<li>1% &#8211; udzielenie kredytu w oddziale, plac\u00f3wce partnerskiej lub na infolinii (pozosta\u0142e konta)<\/li>\n<\/ul>\n<\/li>\n<li><strong>Cel:<\/strong> bie\u017c\u0105ce potrzeby konsumpcyjne<\/li>\n<li><strong>Z\u0142o\u017cenie wniosku:<\/strong> us\u0142uga bankowo\u015bci elektronicznej i aplikacja mobilna, oddzia\u0142 lub infolinia.<\/li>\n<\/ul>\n<h3>Kredyt got\u00f3wkowy z EKO ofert\u0105 w Santander Bank Polska<\/h3>\n<p>Decyduj\u0105c si\u0119 na t\u0119 ofert\u0119, po\u017cyczone pieni\u0105dze mo\u017cesz przeznaczy\u0107 na dowolny cel, w tym na zakup i monta\u017c EKO produktu np. kolektory s\u0142oneczne, turbin\u0119 wiatrow\u0105 lub pomp\u0119 ciep\u0142a. Spe\u0142niaj\u0105c warunki promocyjne umowy, mo\u017cesz liczy\u0107 na zwrot prowizji. Wniosek mo\u017cesz z\u0142o\u017cy\u0107 do 31 lipca 2024 roku. Podstawowe parametry tej oferty wygl\u0105daj\u0105 tak:<\/p>\n<ul>\n<li><strong>Kwota:<\/strong> do 300 tys. z\u0142<\/li>\n<li><strong>Okres sp\u0142aty:<\/strong> do 10 lat (120 miesi\u0119cy)<\/li>\n<li><strong>Oprocentowanie nominalne w skali roku:<\/strong> 12,49%<\/li>\n<li><strong>Rodzaj oprocentowania:<\/strong>\n<ul>\n<li>Sta\u0142e w okresie sp\u0142aty do 24 miesi\u0119cznych rat;<\/li>\n<li>Sta\u0142e lub zmienne w okresie sp\u0142aty powy\u017cej 24 miesi\u0119cznych rat.<\/li>\n<\/ul>\n<\/li>\n<li><strong>Prowizja:<\/strong> 11,99%<\/li>\n<li><strong>Cel:<\/strong> dowolny cel, w tym na zakup i monta\u017c EKO produktu<\/li>\n<li><strong>Z\u0142o\u017cenie wniosku:<\/strong> oddzia\u0142 lub infolinia.<\/li>\n<\/ul>\n<h2>Jakie warunki trzeba spe\u0142ni\u0107 wnioskuj\u0105c o kredyt got\u00f3wkowy w Santander Bank Polska?<\/h2>\n<p>Je\u015bli planujesz zaci\u0105gn\u0105\u0107 standardowy kredyt got\u00f3wkowy w Santander Bank Polska <strong>musisz by\u0107 osob\u0105 pe\u0142noletni\u0105 posiadaj\u0105c\u0105 pe\u0142n\u0105 zdolno\u015b\u0107 do czynno\u015bci prawnych<\/strong>. Opr\u00f3cz tego musisz mie\u0107 sta\u0142e i udokumentowane \u017ar\u00f3d\u0142o dochod\u00f3w oraz zdolno\u015b\u0107 kredytow\u0105 pozwalaj\u0105c\u0105 na sp\u0142at\u0119 zaci\u0105gni\u0119tego zobowi\u0105zania wraz z odsetkami &#8211; w terminach okre\u015blonych w umowie.<\/p>\n<div class=\"expert-opinion-box attention  \">\n    <div class=\"box-title attention-title-box\">\n                    <h3 class=\"title attention-title\">Uwaga!<\/h3>\n            <\/div>\n    <div class=\"opinion\">\n            Kredyty got\u00f3wkowe w Santander Bank Polska oferowane s\u0105 tylko osobom mieszkaj\u0105cym i uzyskuj\u0105cym dochody w Polsce.                <\/div>\n    <div class=\"expert-info\">\n                <div>\n            <span class=\"expert-name\"><\/span>\n                    <\/div>\n    <\/div>\n<\/div>\n\n\n<h2>Jak wzi\u0105\u0107 kredyt got\u00f3wkowy w Santander Bank Polska?<\/h2>\n<p>Mo\u017cliwo\u015bci z\u0142o\u017cenia wniosku od kredyt got\u00f3wkowy w Santander Bank Polska zale\u017cy od warunk\u00f3w konkretnej oferty. W\u015br\u00f3d dost\u0119pnych opcji wyr\u00f3\u017cniamy mo\u017cliwo\u015b\u0107 aplikowania o kredyt:<\/p>\n<ul>\n<li>przez internet za pomoc\u0105 us\u0142ugi bankowo\u015bci elektronicznej lub w aplikacji mobilnej;<\/li>\n<li>bezpo\u015brednio na stronie internetowej banku;<\/li>\n<li>przez infolini\u0119 pod numerem 1 9999 lub +48 61 81 1 9999 (z zagranicy);<\/li>\n<li>w plac\u00f3wkach Santander Bank Polska.<\/li>\n<\/ul>\n<p>Kredyt got\u00f3wkowy wyp\u0142acony zostanie na wskazany przez Ciebie rachunek. Mo\u017cesz te\u017c zawnioskowa\u0107 o wyp\u0142at\u0119 got\u00f3wkow\u0105 w kasie banku. Pami\u0119taj jednak, \u017ce niekt\u00f3re plac\u00f3wki prowadz\u0105 wy\u0142\u0105cznie obs\u0142ug\u0119 bezgot\u00f3wkow\u0105.<\/p>\n<h2>Jakie dokumenty s\u0105 potrzebne do kredytu got\u00f3wkowego w Santander Bank Polska?<\/h2>\n<p>Przed podj\u0119ciem decyzji bank musi oceni\u0107 ryzyko zwi\u0105zane z tak\u0105 transakcj\u0105. W tym celu <strong>poprosi Ci\u0119 o przedstawienie dokument\u00f3w<\/strong>, kt\u00f3re pozwol\u0105 oceni\u0107 Twoj\u0105 zdolno\u015b\u0107 kredytow\u0105. W przypadku kredytu got\u00f3wkowego b\u0119d\u0105 to:<\/p>\n<ul>\n<li>dokument to\u017csamo\u015bci \u2013 dow\u00f3d osobisty lub paszport<\/li>\n<li>wniosek o kredyt zgodny z obowi\u0105zuj\u0105cym wzorem<\/li>\n<li>dokumenty dotycz\u0105ce sytuacji finansowej np. za\u015bwiadczenia o dochodzie<\/li>\n<li>dane o zaci\u0105gni\u0119tych kredytach i innych zobowi\u0105zaniach finansowych<\/li>\n<li>informacja dotycz\u0105ca proponowanego zabezpieczenia<\/li>\n<li>zgoda wsp\u00f3\u0142ma\u0142\u017conka na zaci\u0105gni\u0119cie kredytu \u2013 je\u015bli jest wymagana.<\/li>\n<\/ul>\n<div class=\"expert-opinion-box attention  \">\n    <div class=\"box-title attention-title-box\">\n                    <h3 class=\"title attention-title\">Uwaga!<\/h3>\n            <\/div>\n    <div class=\"opinion\">\n            Lista wymaganych dokument\u00f3w mo\u017ce si\u0119 zmienia\u0107 w zale\u017cno\u015bci od Twojej sytuacji finansowej i wnioskowanej kwoty finansowana. Je\u015bli kwota kredytu jest znaczna, bank mo\u017ce zasugerowa\u0107 przedstawienie dodatkowego zabezpieczenia np. por\u0119czenia osoby trzeciej posiadaj\u0105cej zdolno\u015b\u0107 kredytow\u0105.                <\/div>\n    <div class=\"expert-info\">\n                <div>\n            <span class=\"expert-name\"><\/span>\n                    <\/div>\n    <\/div>\n<\/div>\n\n\n<p>Sytuacja staje si\u0119 prostsza, je\u015bli od d\u0142u\u017cszego czasu masz konto osobiste w Santander Bank Polska, <strong>na kt\u00f3re wp\u0142ywa Twoje wynagrodzenie<\/strong>. W takich okoliczno\u015bciach nie musisz drugi raz potwierdza\u0107 swojej to\u017csamo\u015bci, a zdolno\u015b\u0107 kredytowa mo\u017ce by\u0107 oszacowana na podstawie analizy wp\u0142yw\u00f3w na Twoje konto.<\/p>\n<h2>Jak sp\u0142aci\u0107 kredyt got\u00f3wkowy w Santander Bank Polska?<\/h2>\n<p>Podpisuj\u0105c umow\u0119 o kredyt got\u00f3wkowy w Santander Bank Polska akceptujesz r\u00f3wnie\u017c harmonogram, kt\u00f3ry okre\u015bla przede wszystkim kwot\u0119 kolejnych rat i terminy ich p\u0142atno\u015bci. Wype\u0142niaj\u0105c wniosek mo\u017cesz okre\u015bli\u0107 dzie\u0144 sp\u0142aty raty. W dowolnym momencie <strong>mo\u017cesz r\u00f3wnie\u017c zawnioskowa\u0107 o zmian\u0119 tego terminu<\/strong>. Raty kredytu got\u00f3wkowego w Santander Bank Polska pobierane s\u0105 automatycznie z konta, kt\u00f3re wska\u017cesz podczas podpisywania umowy kredytowej.<\/p>\n<h2>Jakie s\u0105 zalety i wady kredytu got\u00f3wkowego w Santander Bank Polska?<\/h2>\n<p>Kategoria kredyt\u00f3w got\u00f3wkowych w Santander Bank Polska jest bardzo szeroka i obejmuje produkty standardowe, kredyt konsolidacyjny, kredyt na rozwi\u0105zania ekologiczne oraz limit kredytowy w koncie osobistym. <strong>W\u015br\u00f3d zalet wspomnianych produkt\u00f3w wymieni\u0107 mo\u017cna<\/strong> m.in.:<\/p>\n<ul>\n<li>wysok\u0105 kwot\u0119 kredytowania \u2013 do 300 tys. z\u0142 w przypadku standardowego kredytu got\u00f3wkowego i kredytu got\u00f3wkowego z EKO ofert\u0105;<\/li>\n<li>okres sp\u0142aty wynosz\u0105cy nawet 120 miesi\u0119cy;<\/li>\n<li>mo\u017cliwo\u015b\u0107 unikni\u0119cia prowizji za udzielenie finansowania;<\/li>\n<li>mo\u017cliwo\u015b\u0107 konsolidacji zad\u0142u\u017cenia w Santander Bank Polska i w innych bankach;<\/li>\n<li>dost\u0119pne na stronie produkt\u00f3w kalkulatory, kt\u00f3re pozwalaj\u0105 obliczy\u0107 koszty kredyt\u00f3w dla zr\u00f3\u017cnicowanych scenariuszy;<\/li>\n<li>mo\u017cliwo\u015b\u0107 skorzystania z oferty w 100% online.<\/li>\n<\/ul>\n<p>Oferta kredyt\u00f3w got\u00f3wkowych w Santander Bank Polska ma te\u017c swoje wady, <strong>cho\u0107 jest ich znacznie mniej ni\u017c zalet<\/strong>. W\u015br\u00f3d nich wymieni\u0107 mo\u017cna nast\u0119puj\u0105ce kwestie:<\/p>\n<ul>\n<li>maksymalna kwota 300 tys. z\u0142 jest kwot\u0105 brutto, co oznacza, \u017ce przed wyp\u0142at\u0105 zostanie pomniejszona o potencjalne op\u0142aty np. prowizje;<\/li>\n<li>standardowo sta\u0142e oprocentowanie oferowane jest tylko na okres 24 miesi\u0119cy.<\/li>\n<\/ul>\n<p>&nbsp;<\/p>\n<h2>FAQ &#8211; najcz\u0119\u015bciej zadawane pytania<\/h2>\n<h3>Czy mo\u017cna nadp\u0142aci\u0107 kredyt got\u00f3wkowy w Santander Bank Polska?<\/h3>\n<p>Jak najbardziej mo\u017cesz nadp\u0142aci\u0107 kredyt got\u00f3wkowy w Santander Bank Polska. Mo\u017cesz te\u017c zdecydowa\u0107 si\u0119 na ca\u0142kowit\u0105 sp\u0142at\u0119 zobowi\u0105zania przed terminem. To Ty decydujesz, w jakim momencie zdecydowa\u0107 si\u0119 na tak\u0105 czynno\u015b\u0107.<\/p>\n<h3>Jakie mo\u017ce by\u0107 oprocentowanie kredytu got\u00f3wkowego w Santander Bank Polska?<\/h3>\n<p>Oprocentowanie kredytu got\u00f3wkowego w Santander Bank Polska mo\u017ce by\u0107 sta\u0142e lub zmienne i jest uzale\u017cnione od okresu sp\u0142aty zobowi\u0105zania. Standardowo oprocentowanie jest sta\u0142e do momentu sp\u0142aty 24. raty. P\u00f3\u017aniej przekszta\u0142cane jest na zamienne (stopa referencyjna NBP + mar\u017ca banku) lub mo\u017ce by\u0107 nadal sta\u0142e, je\u015bli bank zgodzi si\u0119 na takie rozwi\u0105zanie przy udzielaniu kredytu (w trakcie oceny zdolno\u015bci kredytowej).<\/p>\n<h3>Na jaki cel mo\u017cna przeznaczy\u0107 kredyt got\u00f3wkowy w Santander Bank Polska?<\/h3>\n<p>Standardowy kredyt got\u00f3wkowy w Santander Bank Polska mo\u017cesz przeznaczy\u0107 na dowolny cel konsumpcyjny, jak np. zakup telewizora, lod\u00f3wki czy sfinansowanie zagranicznego wyjazdu. W ofercie znajdziesz tak\u017ce produkty pozwalaj\u0105ce na konsolidacj\u0119 swoich zobowi\u0105za\u0144. Mo\u017cesz te\u017c obni\u017cy\u0107 koszty finansowania spe\u0142niaj\u0105c warunki kredytu got\u00f3wkowego na cele ekologiczne.<\/p>\n<h3>Jaka jest maksymalna kwota kredytu got\u00f3wkowego w Santander Bank Polska?<\/h3>\n<p>Maksymalna kwota standardowego kredytu got\u00f3wkowego w Santander Bank Polska wynosi 300 tys. z\u0142. Jest to jednak kwota brutto, kt\u00f3r\u0105 bank przed wyp\u0142at\u0105 obni\u017cy od dodatkowe op\u0142aty np. prowizj\u0119. Kredyt got\u00f3wkowy online zaci\u0105gniesz maksymalnie na 150 tys. z\u0142, a kredyt w rachunku p\u0142atniczym do sze\u015bciokrotno\u015bci Twojego miesi\u0119cznego dochodu netto.<\/p>\n<h3>Jaki jest maksymalny okres sp\u0142aty kredytu got\u00f3wkowego w Santander Bank Polska?<\/h3>\n<p>Niemal wszystkie kredyty, kt\u00f3re Santander Bank Polska ujmuje w kategorii kredyt\u00f3w got\u00f3wkowych, mo\u017cesz sp\u0142aca\u0107 przez maksymalnie 120 miesi\u0119cy.\u202f Natomiast z kredytu w rachunku p\u0142atniczym mo\u017cesz korzysta\u0107 przez okres 12 miesi\u0119cy z mo\u017cliwo\u015bci\u0105 przed\u0142u\u017cania na kolejne lata.<\/p>\n","protected":false},"excerpt":{"rendered":"<p>Kredyt got\u00f3wkowy jest produktem, dzi\u0119ki kt\u00f3remu mo\u017cesz szybko i wygodnie po\u017cyczy\u0107 od banku pieni\u0105dze na dowolny cel konsumpcyjny. Wystarczy tylko, [&hellip;]<\/p>\n","protected":false},"author":9,"featured_media":0,"parent":854,"menu_order":0,"comment_status":"closed","ping_status":"closed","template":"page_bank_product.php","meta":{"_acf_changed":false,"yasr_overall_rating":0,"yasr_post_is_review":"","yasr_auto_insert_disabled":"","yasr_review_type":"","footnotes":""},"class_list":["post-10235","page","type-page","status-publish","hentry"],"acf":[],"yoast_head":"<!-- This site is optimized with the Yoast SEO plugin v27.1.1 - https:\/\/yoast.com\/product\/yoast-seo-wordpress\/ -->\n<title>Kredyty got\u00f3wkowe w Santander Bank Polska | Por\u00f3wnywarka finansowa Rankomat<\/title>\n<meta name=\"robots\" content=\"index, follow, max-snippet:-1, max-image-preview:large, max-video-preview:-1\" \/>\n<link rel=\"canonical\" href=\"https:\/\/rankomat.pl\/finanse\/banki\/santander-bank-polska\/kredyty-gotowkowe\/\" \/>\n<meta property=\"og:locale\" content=\"pl_PL\" \/>\n<meta property=\"og:type\" content=\"article\" \/>\n<meta property=\"og:title\" content=\"Kredyty got\u00f3wkowe w Santander Bank Polska | Por\u00f3wnywarka finansowa Rankomat\" \/>\n<meta property=\"og:description\" content=\"Kredyt got\u00f3wkowy jest produktem, dzi\u0119ki kt\u00f3remu mo\u017cesz szybko i wygodnie po\u017cyczy\u0107 od banku pieni\u0105dze na dowolny cel konsumpcyjny. Wystarczy tylko, [&hellip;]\" \/>\n<meta property=\"og:url\" content=\"https:\/\/rankomat.pl\/finanse\/banki\/santander-bank-polska\/kredyty-gotowkowe\/\" \/>\n<meta property=\"og:site_name\" content=\"Por\u00f3wnywarka finansowa Rankomat\" \/>\n<meta property=\"article:publisher\" content=\"https:\/\/www.facebook.com\/rankomatpl\/\" \/>\n<meta property=\"article:modified_time\" content=\"2024-07-11T08:21:18+00:00\" \/>\n<meta property=\"og:image\" content=\"https:\/\/rankomat.pl\/finanse\/wp-content\/uploads\/2021\/03\/rankomat-star-og.png\" \/>\n\t<meta property=\"og:image:width\" content=\"480\" \/>\n\t<meta property=\"og:image:height\" content=\"320\" \/>\n\t<meta property=\"og:image:type\" content=\"image\/png\" \/>\n<meta name=\"twitter:card\" content=\"summary_large_image\" \/>\n<meta name=\"twitter:site\" content=\"@rankomat\" \/>\n<meta name=\"twitter:label1\" content=\"Szacowany czas czytania\" \/>\n\t<meta name=\"twitter:data1\" content=\"10 minut\" \/>\n<script type=\"application\/ld+json\" class=\"yoast-schema-graph\">{\"@context\":\"https:\/\/schema.org\",\"@graph\":[{\"@type\":\"BreadcrumbList\",\"@id\":\"https:\/\/rankomat.pl\/finanse\/banki\/santander-bank-polska\/kredyty-gotowkowe\/#breadcrumb\",\"itemListElement\":[{\"@type\":\"ListItem\",\"position\":1,\"name\":\"Finanse\",\"item\":\"https:\/\/rankomat.pl\/finanse\/\"},{\"@type\":\"ListItem\",\"position\":2,\"name\":\"Banki\",\"item\":\"https:\/\/rankomat.pl\/finanse\/banki\/\"},{\"@type\":\"ListItem\",\"position\":3,\"name\":\"Santander Bank Polska\",\"item\":\"https:\/\/rankomat.pl\/finanse\/banki\/santander-bank-polska\/\"},{\"@type\":\"ListItem\",\"position\":4,\"name\":\"Kredyty got\u00f3wkowe w Santander Bank Polska\"}]}]}<\/script>\n<!-- \/ Yoast SEO plugin. -->","yoast_head_json":{"title":"Kredyty got\u00f3wkowe w Santander Bank Polska | Por\u00f3wnywarka finansowa Rankomat","robots":{"index":"index","follow":"follow","max-snippet":"max-snippet:-1","max-image-preview":"max-image-preview:large","max-video-preview":"max-video-preview:-1"},"canonical":"https:\/\/rankomat.pl\/finanse\/banki\/santander-bank-polska\/kredyty-gotowkowe\/","og_locale":"pl_PL","og_type":"article","og_title":"Kredyty got\u00f3wkowe w Santander Bank Polska | Por\u00f3wnywarka finansowa Rankomat","og_description":"Kredyt got\u00f3wkowy jest produktem, dzi\u0119ki kt\u00f3remu mo\u017cesz szybko i wygodnie po\u017cyczy\u0107 od banku pieni\u0105dze na dowolny cel konsumpcyjny. Wystarczy tylko, [&hellip;]","og_url":"https:\/\/rankomat.pl\/finanse\/banki\/santander-bank-polska\/kredyty-gotowkowe\/","og_site_name":"Por\u00f3wnywarka finansowa Rankomat","article_publisher":"https:\/\/www.facebook.com\/rankomatpl\/","article_modified_time":"2024-07-11T08:21:18+00:00","og_image":[{"width":480,"height":320,"url":"https:\/\/rankomat.pl\/finanse\/wp-content\/uploads\/2021\/03\/rankomat-star-og.png","type":"image\/png"}],"twitter_card":"summary_large_image","twitter_site":"@rankomat","twitter_misc":{"Szacowany czas czytania":"10 minut"},"schema":{"@context":"https:\/\/schema.org","@graph":[{"@type":"BreadcrumbList","@id":"https:\/\/rankomat.pl\/finanse\/banki\/santander-bank-polska\/kredyty-gotowkowe\/#breadcrumb","itemListElement":[{"@type":"ListItem","position":1,"name":"Finanse","item":"https:\/\/rankomat.pl\/finanse\/"},{"@type":"ListItem","position":2,"name":"Banki","item":"https:\/\/rankomat.pl\/finanse\/banki\/"},{"@type":"ListItem","position":3,"name":"Santander Bank Polska","item":"https:\/\/rankomat.pl\/finanse\/banki\/santander-bank-polska\/"},{"@type":"ListItem","position":4,"name":"Kredyty got\u00f3wkowe w Santander Bank Polska"}]}]}},"yasr_visitor_votes":{"stars_attributes":{"read_only":false,"span_bottom":false},"number_of_votes":0,"sum_votes":0},"_links":{"self":[{"href":"https:\/\/rankomat.pl\/finanse\/wp-json\/wp\/v2\/pages\/10235","targetHints":{"allow":["GET"]}}],"collection":[{"href":"https:\/\/rankomat.pl\/finanse\/wp-json\/wp\/v2\/pages"}],"about":[{"href":"https:\/\/rankomat.pl\/finanse\/wp-json\/wp\/v2\/types\/page"}],"author":[{"embeddable":true,"href":"https:\/\/rankomat.pl\/finanse\/wp-json\/wp\/v2\/users\/9"}],"replies":[{"embeddable":true,"href":"https:\/\/rankomat.pl\/finanse\/wp-json\/wp\/v2\/comments?post=10235"}],"version-history":[{"count":0,"href":"https:\/\/rankomat.pl\/finanse\/wp-json\/wp\/v2\/pages\/10235\/revisions"}],"up":[{"embeddable":true,"href":"https:\/\/rankomat.pl\/finanse\/wp-json\/wp\/v2\/pages\/854"}],"wp:attachment":[{"href":"https:\/\/rankomat.pl\/finanse\/wp-json\/wp\/v2\/media?parent=10235"}],"curies":[{"name":"wp","href":"https:\/\/api.w.org\/{rel}","templated":true}]}}