{"id":10238,"date":"2024-07-11T09:55:14","date_gmt":"2024-07-11T07:55:14","guid":{"rendered":"https:\/\/rankomat.pl\/finanse\/?page_id=10238"},"modified":"2024-07-11T10:22:41","modified_gmt":"2024-07-11T08:22:41","slug":"lokaty-oszczednosciowe","status":"publish","type":"page","link":"https:\/\/rankomat.pl\/finanse\/banki\/santander-bank-polska\/lokaty-oszczednosciowe\/","title":{"rendered":"Lokaty oszcz\u0119dno\u015bciowe w Santander Bank Polska"},"content":{"rendered":"<p><strong>Kieruj\u0105c si\u0119 potrzeb\u0105 i misj\u0105 kompleksowej obs\u0142ugi klient\u00f3w, Santander Bank Polska ma w swojej ofercie r\u00f3wnie\u017c produkty inwestycyjne i oszcz\u0119dno\u015bciowe. W\u015br\u00f3d nich znajdziesz lokaty terminowe, kt\u00f3re pozwol\u0105 Ci pomno\u017cy\u0107 zgromadzone \u015brodki finansowe \u2013 nie tylko w z\u0142otych polskich. Zr\u00f3\u017cnicowane warianty depozyt\u00f3w s\u0105 szans\u0105 na precyzyjny dob\u00f3r oferty.<\/strong><\/p>\n<h2>Jakie lokaty terminowe dost\u0119pne s\u0105 w Santander Bank Polska?<\/h2>\n<p>Santander Bank Polska zgrupowa\u0142 w kategorii lokat kilka zr\u00f3\u017cnicowanych propozycji. <strong>Dodatkowo cz\u0119\u015b\u0107 z nich oferowana jest w odmiennych wariantach<\/strong>. Znajdziesz tu lokat\u0119 standardow\u0105, lokat\u0119 na promocyjnych warunkach, lokat\u0119 negocjowan\u0105, walutow\u0105 i lokat\u0119 sprzedawan\u0105 w zgrzewce z funduszem inwestycyjnym. Oferty zweryfikowali\u015bmy dnia 29 czerwca 2024 roku.<\/p>\n<h3>Lokata terminowa w Santander Bank Polska<\/h3>\n<p>Jest to podstawowa lokata terminowa w ofercie banku. Jej oprocentowanie jest ni\u017csze od depozyt\u00f3w promocyjnych. Z drugiej z za\u0142o\u017ceniem tej lokaty nie wi\u0105\u017ce si\u0119 konieczno\u015b\u0107 spe\u0142nienia wy\u015brubowanych warunk\u00f3w. Bank nie stosuje te\u017c tutaj uci\u0105\u017cliwych ogranicze\u0144. Podstawowe parametry tej oferty prezentuj\u0105 si\u0119 nast\u0119puj\u0105co:<\/p>\n<ul>\n<li><strong>Minimalna kwota lokaty:<\/strong> 1 tys. z\u0142<\/li>\n<li><strong>Maksymalna kwota lokaty:<\/strong>\n<ul>\n<li>1 mln z\u0142 w Santander internet i Santander mobile<\/li>\n<li>bez limitu w plac\u00f3wce banku<\/li>\n<\/ul>\n<\/li>\n<li><strong>Okres deponowania:<\/strong> 3, 6 lub 12 miesi\u0119cy<\/li>\n<li><strong>Oprocentowanie sta\u0142e w skali roku:<\/strong>\n<ul>\n<li>3,0% &#8211; dla lokaty na 3 miesi\u0105ce<\/li>\n<li>2,5% &#8211; dla lokaty na 6 miesi\u0119cy<\/li>\n<li>2,0% &#8211; dla lokaty na 12 miesi\u0119cy<\/li>\n<\/ul>\n<\/li>\n<li><strong>Dodatkowe warunki:<\/strong> wymagane konto osobiste.<\/li>\n<\/ul>\n<h3>Lokata wakacyjna w Santander Bank Polska<\/h3>\n<p>To promocyjna lokata kr\u00f3tkoterminowa, kt\u00f3r\u0105 za\u0142o\u017cysz do 30 wrze\u015bnia 2024 roku. Jest ona dost\u0119pna tylko w us\u0142udze bankowo\u015bci elektronicznej Santander internet oraz w aplikacji Santander mobile. W danym momencie mo\u017cesz mie\u0107 tylko jedn\u0105 lokat\u0119 wakacyjn\u0105. Podstawowe parametry tej oferty prezentuj\u0105 si\u0119 nast\u0119puj\u0105co:<\/p>\n<ul>\n<li><strong>Minimalna kwota lokaty:<\/strong> 1 tys. z\u0142<\/li>\n<li><strong>Maksymalna kwota lokaty:<\/strong> 50 tys. z\u0142<\/li>\n<li><strong>Okres deponowania:<\/strong> 3 miesi\u0105ce<\/li>\n<li><strong>Oprocentowanie sta\u0142e w skali roku:<\/strong> 4%<\/li>\n<li><strong>Dodatkowe warunki:<\/strong> wymagane konto osobiste lub konto oszcz\u0119dno\u015bciowe.<\/li>\n<\/ul>\n<h3>Lokata terminowa walutowa w Santander Bank Polska<\/h3>\n<p>Skorzystasz z tej propozycji pod warunkiem, \u017ce masz oszcz\u0119dno\u015bci w dolarach ameryka\u0144skich (USD). Za\u0142o\u017cysz j\u0105 w us\u0142udze bankowo\u015bci elektronicznej Santander internet, w aplikacji Santander mobile oraz w oddziale. Mo\u017cesz mie\u0107 dowoln\u0105 liczb\u0119 takich lokat. Podstawowe parametry tego depozytu prezentuj\u0105 si\u0119 nast\u0119puj\u0105co:<\/p>\n<ul>\n<li><strong>Minimalna kwota lokaty:<\/strong> 1 tys. USD<\/li>\n<li><strong>Maksymalna kwota lokaty:<\/strong> brak limitu<\/li>\n<li><strong>Okres deponowania:<\/strong> 6 lub 12 miesi\u0119cy<\/li>\n<li><strong>Oprocentowanie sta\u0142e w skali roku:<\/strong>\n<ul>\n<li>0,1% &#8211; dla lokaty p\u00f3\u0142rocznej<\/li>\n<li>0,2% &#8211; dla lokaty rocznej<\/li>\n<\/ul>\n<\/li>\n<\/ul>\n<h3>Lokata z funduszem VI w Santander Bank Polska<\/h3>\n<p>Skorzystanie z tej lokaty daje szans\u0119 na wy\u017csze oprocentowanie, jednak Ty p\u0142acisz za to wy\u017cszym ryzykiem. Wi\u0105\u017ce si\u0119 ono <strong>konieczno\u015bci\u0105 zakupu jednostek uczestnictwa funduszy inwestycyjnych<\/strong>, kt\u00f3re zmieniaj\u0105 swoj\u0105 warto\u015b\u0107 w czasie &#8211; mog\u0105 przynosi\u0107 zysk, ale r\u00f3wnie dobrze mog\u0105 wygenerowa\u0107 strat\u0119. Z oferty tej mo\u017cesz skorzysta\u0107 do 30 czerwca 2024 roku.<\/p>\n<h2>Jak za\u0142o\u017cy\u0107 lokat\u0119 terminow\u0105 w Santander Bank Polska?<\/h2>\n<p>Spos\u00f3b za\u0142o\u017cenia lokaty terminowej w Santander Bank Polska zale\u017cy od warunk\u00f3w konkretnej oferty. Opisane powy\u017cej depozyty dost\u0119pne s\u0105 w przynajmniej jednym z poni\u017cszych kana\u0142\u00f3w:<\/p>\n<ul>\n<li>us\u0142uga bankowo\u015bci elektronicznej Santander internet<\/li>\n<li>aplikacja Santander mobile<\/li>\n<li>bezpo\u015brednio w oddzia\u0142ach banku.<\/li>\n<\/ul>\n<h2>Jakie jest oprocentowanie lokat terminowych w Santander Bank Polska?<\/h2>\n<p>Oprocentowanie lokat w Santander Bank Polska (bez uwzgl\u0119dniania depozyt\u00f3w z komponentem inwestycyjnym) <strong>jest sta\u0142e i komunikowane jest zawsze w skali roku<\/strong>. Dzi\u0119ki temu ju\u017c w momencie podpisania umowy mo\u017cesz oszacowa\u0107 wysoko\u015b\u0107 przysz\u0142ych odsetek.<\/p>\n<p>Na dzie\u0144 29 czerwca 2024 r. oprocentowanie promocyjnej lokaty w Santander Bank Polska wynosi\u0142o 4% w skali roku. Decyduj\u0105c si\u0119 na ofert\u0119 standardow\u0105 mog\u0142e\u015b liczy\u0107 na stawki od 2 do 3% w skali roku (w zale\u017cno\u015bci od okresu deponowania).<\/p>\n<h2>Kto mo\u017ce za\u0142o\u017cy\u0107 lokat\u0119 terminow\u0105 w Santander Bank Polska?<\/h2>\n<p>Aby za\u0142o\u017cy\u0107 lokat\u0119 terminow\u0105 w Santander Bank Polska <strong>musisz by\u0107 osob\u0105 pe\u0142noletni\u0105<\/strong>. Nie znajdziesz tu aktualnie oferty dla dzieci i m\u0142odzie\u017cy. W przypadku lokat zak\u0142adanych w z\u0142otych polskich pojawia si\u0119 dodatkowo konieczno\u015b\u0107 za\u0142o\u017cenia konta osobistego lub konta oszcz\u0119dno\u015bciowego.<\/p>\n<h2>Jakie konsekwencje przy zerwaniu lokaty przed czasem w Santander Bank Polska?<\/h2>\n<p>W Santander Bank Polska obowi\u0105zuj\u0105 takie same zasady dotycz\u0105ce zerwania lokaty przed czasem. Niestety taka okoliczno\u015b\u0107 sprawi, \u017ce <strong>stracisz wszystkie wypracowane odsetki<\/strong>, a na Twoje konto wr\u00f3ci wy\u0142\u0105cznie kwota kapita\u0142u, kt\u00f3ry wp\u0142aci\u0142e\u015b wcze\u015bniej na rachunek lokaty. Zanim za\u0142o\u017cysz lokat\u0119, dobrze si\u0119 zastan\u00f3w, czy nie b\u0119dziesz potrzebowa\u0107 tych pieni\u0119dzy w najbli\u017cszym czasie.<\/p>\n<h2>Ile kosztuje za\u0142o\u017cenie lokaty terminowej w Santander Bank Polska?<\/h2>\n<p>Santander Bank Polska <strong>nie pobiera \u017cadnych op\u0142at za zak\u0142adanie lokat terminowych<\/strong>. Taka praktyka prawdopodobnie zniech\u0119ci\u0142aby klient\u00f3w do korzystania z oferty depozytowej baku. Pozyskiwanie \u015brodk\u00f3w o klient\u00f3w jest dla bank\u00f3w niemal zawsze op\u0142acalne. Sam\u0105 warto\u015bci\u0105 jest ju\u017c pozyskanie nowego klienta, kt\u00f3ry w przysz\u0142o\u015bci by\u0107 mo\u017ce skorzysta z innych produkt\u00f3w i us\u0142ug banku.<\/p>\n<p>&nbsp;<\/p>\n<h2>FAQ &#8211; najcz\u0119\u015bciej zadawane pytania<\/h2>\n<h3>Lokata czy konto oszcz\u0119dno\u015bciowe?<\/h3>\n<p>Konto oszcz\u0119dno\u015bciowe zapewnia Ci w miar\u0119 elastyczny dost\u0119p do swoich pieni\u0119dzy &#8211; o ile bank nie pobiera wysokich op\u0142at za wyp\u0142aty z takiego rachunku w ci\u0105gu miesi\u0105ca. Zak\u0142adaj\u0105c lokat\u0119 \u201ezamra\u017casz\u201d dost\u0119p do swoich pieni\u0119dzy na okre\u015blony czas, a zerwanie depozytu wi\u0105\u017ce si\u0119 najcz\u0119\u015bciej z ca\u0142kowit\u0105 utrat\u0105 odsetek. W takich okoliczno\u015bciach warto rozwa\u017cy\u0107 model mieszany i cz\u0119\u015b\u0107 \u015brodk\u00f3w trzyma\u0107 na koncie oszcz\u0119dno\u015bciowym, a cz\u0119\u015b\u0107 na lokatach.<\/p>\n<h3>Czy od odsetek z lokaty trzeba zap\u0142aci\u0107 podatek?<\/h3>\n<p>Nie ma znaczenia, w kt\u00f3rym banku krajowym za\u0142o\u017cysz lokat\u0119 &#8211; i tak zawsze zap\u0142acisz podatek od naliczonych odsetek. Stawka podatku od zysk\u00f3w kapita\u0142owych (podatek Belki) wynosi 19%. Bank automatycznie pomniejszy wypracowany na lokacie zysk o odpowiedni\u0105 kwot\u0119 i przeka\u017ce j\u0105 do urz\u0119du skarbowego. Na Twoje konto wp\u0142yn\u0105 tzw. odsetki netto (pomniejszone o podatek).<\/p>\n<div class=\"expert-opinion-box attention  \">\n    <div class=\"box-title attention-title-box\">\n                    <h3 class=\"title attention-title\">Uwaga!<\/h3>\n            <\/div>\n    <div class=\"opinion\">\n            Pami\u0119taj, \u017ce powy\u017csze zasady dotycz\u0105 wy\u0142\u0105cznie lokat terminowych dla os\u00f3b fizycznych. Je\u015bli jeste\u015b przedsi\u0119biorc\u0105, to odsetki od lokaty s\u0105 Twoim przychodem i musisz rozliczy\u0107 si\u0119 z fiskusem samodzielnie (lub z pomoc\u0105 biura rachunkowego).                <\/div>\n    <div class=\"expert-info\">\n                <div>\n            <span class=\"expert-name\"><\/span>\n                    <\/div>\n    <\/div>\n<\/div>\n\n\n<h3>Na czym polega kapitalizacja odsetek przy lokacie bankowej?<\/h3>\n<p>Kapitalizacja odsetek okre\u015bla cz\u0119stotliwo\u015b\u0107, z jak\u0105 bank b\u0119dzie dopisywa\u0107 odsetki do kapita\u0142u lokaty w trakcie trwania umowy. Im cz\u0119stsza kapitalizacja odsetek, tym wi\u0119kszy zysk z lokaty, poniewa\u017c w kolejnych okresach rozliczeniowych odsetki naliczane s\u0105 od wy\u017cszej kwoty kapita\u0142u. Rynkowym standardem jest kapitalizacja jednorazowa, kt\u00f3ra przypada na koniec okresu deponowania.<\/p>\n<h3>Czy pieni\u0105dze na lokacie w Santander Bank Polska s\u0105 bezpieczne?<\/h3>\n<p>Twoje \u015brodki zgromadzone w Santander Bank Polska s\u0105 bezpieczne w 100%, ale tylko do okre\u015blonej kwoty. Za bezpiecze\u0144stwo odpowiada system gwarantowania depozyt\u00f3w. Bankowy Fundusz Gwarancyjny (BFG) zapewnia bezpiecze\u0144stwo depozyt\u00f3w w bankach i SKOK-ach do r\u00f3wnowarto\u015bci 100.000 euro w z\u0142otych polskich. Jest to limit przypadaj\u0105cy na jednego deponenta. Dla rachunku wsp\u00f3lnego ka\u017cdemu ze wsp\u00f3\u0142posiadaczy przys\u0142uguje odr\u0119bna kwota gwarancji.<\/p>\n<h3>Czy Santander Bank Polska oferuje lokaty na promocyjnych warunkach?<\/h3>\n<p>Tak. W Santander Bank Polska oferowane s\u0105 lokaty terminowe na promocyjnych warunkach. Aktualnie takie kryteria spe\u0142nia Lokata wakacyjna, kt\u00f3ra zast\u0119puje Lokat\u0119 wiosenn\u0105. Oprocentowanie tego depozytu wynosi 4% w skali roku do kwoty 50 tys. z\u0142. Lokat\u0119 wakacyjn\u0105 mo\u017cesz za\u0142o\u017cy\u0107 na 3 miesi\u0105ce.<\/p>\n","protected":false},"excerpt":{"rendered":"<p>Kieruj\u0105c si\u0119 potrzeb\u0105 i misj\u0105 kompleksowej obs\u0142ugi klient\u00f3w, Santander Bank Polska ma w swojej ofercie r\u00f3wnie\u017c produkty inwestycyjne i oszcz\u0119dno\u015bciowe. [&hellip;]<\/p>\n","protected":false},"author":9,"featured_media":0,"parent":854,"menu_order":0,"comment_status":"closed","ping_status":"closed","template":"page_bank_product.php","meta":{"_acf_changed":false,"yasr_overall_rating":0,"yasr_post_is_review":"","yasr_auto_insert_disabled":"","yasr_review_type":"","footnotes":""},"class_list":["post-10238","page","type-page","status-publish","hentry"],"acf":[],"yoast_head":"<!-- This site is optimized with the Yoast SEO plugin v27.1.1 - https:\/\/yoast.com\/product\/yoast-seo-wordpress\/ -->\n<title>Lokaty oszcz\u0119dno\u015bciowe w Santander Bank Polska | Por\u00f3wnywarka finansowa Rankomat<\/title>\n<meta name=\"robots\" content=\"index, follow, max-snippet:-1, max-image-preview:large, max-video-preview:-1\" \/>\n<link rel=\"canonical\" href=\"https:\/\/rankomat.pl\/finanse\/banki\/santander-bank-polska\/lokaty-oszczednosciowe\/\" \/>\n<meta property=\"og:locale\" content=\"pl_PL\" \/>\n<meta property=\"og:type\" content=\"article\" \/>\n<meta property=\"og:title\" content=\"Lokaty oszcz\u0119dno\u015bciowe w Santander Bank Polska | Por\u00f3wnywarka finansowa Rankomat\" \/>\n<meta property=\"og:description\" content=\"Kieruj\u0105c si\u0119 potrzeb\u0105 i misj\u0105 kompleksowej obs\u0142ugi klient\u00f3w, Santander Bank Polska ma w swojej ofercie r\u00f3wnie\u017c produkty inwestycyjne i oszcz\u0119dno\u015bciowe. [&hellip;]\" \/>\n<meta property=\"og:url\" content=\"https:\/\/rankomat.pl\/finanse\/banki\/santander-bank-polska\/lokaty-oszczednosciowe\/\" \/>\n<meta property=\"og:site_name\" content=\"Por\u00f3wnywarka finansowa Rankomat\" \/>\n<meta property=\"article:publisher\" content=\"https:\/\/www.facebook.com\/rankomatpl\/\" \/>\n<meta property=\"article:modified_time\" content=\"2024-07-11T08:22:41+00:00\" \/>\n<meta property=\"og:image\" content=\"https:\/\/rankomat.pl\/finanse\/wp-content\/uploads\/2021\/03\/rankomat-star-og.png\" \/>\n\t<meta property=\"og:image:width\" content=\"480\" \/>\n\t<meta property=\"og:image:height\" content=\"320\" \/>\n\t<meta property=\"og:image:type\" content=\"image\/png\" \/>\n<meta name=\"twitter:card\" content=\"summary_large_image\" \/>\n<meta name=\"twitter:site\" content=\"@rankomat\" \/>\n<meta name=\"twitter:label1\" content=\"Szacowany czas czytania\" \/>\n\t<meta name=\"twitter:data1\" content=\"7 minut\" \/>\n<script type=\"application\/ld+json\" class=\"yoast-schema-graph\">{\"@context\":\"https:\/\/schema.org\",\"@graph\":[{\"@type\":\"BreadcrumbList\",\"@id\":\"https:\/\/rankomat.pl\/finanse\/banki\/santander-bank-polska\/lokaty-oszczednosciowe\/#breadcrumb\",\"itemListElement\":[{\"@type\":\"ListItem\",\"position\":1,\"name\":\"Finanse\",\"item\":\"https:\/\/rankomat.pl\/finanse\/\"},{\"@type\":\"ListItem\",\"position\":2,\"name\":\"Banki\",\"item\":\"https:\/\/rankomat.pl\/finanse\/banki\/\"},{\"@type\":\"ListItem\",\"position\":3,\"name\":\"Santander Bank Polska &#8211; aktualnie Erste\",\"item\":\"https:\/\/rankomat.pl\/finanse\/banki\/santander-bank-polska\/\"},{\"@type\":\"ListItem\",\"position\":4,\"name\":\"Lokaty oszcz\u0119dno\u015bciowe w Santander Bank Polska\"}]}]}<\/script>\n<!-- \/ Yoast SEO plugin. -->","yoast_head_json":{"title":"Lokaty oszcz\u0119dno\u015bciowe w Santander Bank Polska | Por\u00f3wnywarka finansowa Rankomat","robots":{"index":"index","follow":"follow","max-snippet":"max-snippet:-1","max-image-preview":"max-image-preview:large","max-video-preview":"max-video-preview:-1"},"canonical":"https:\/\/rankomat.pl\/finanse\/banki\/santander-bank-polska\/lokaty-oszczednosciowe\/","og_locale":"pl_PL","og_type":"article","og_title":"Lokaty oszcz\u0119dno\u015bciowe w Santander Bank Polska | Por\u00f3wnywarka finansowa Rankomat","og_description":"Kieruj\u0105c si\u0119 potrzeb\u0105 i misj\u0105 kompleksowej obs\u0142ugi klient\u00f3w, Santander Bank Polska ma w swojej ofercie r\u00f3wnie\u017c produkty inwestycyjne i oszcz\u0119dno\u015bciowe. [&hellip;]","og_url":"https:\/\/rankomat.pl\/finanse\/banki\/santander-bank-polska\/lokaty-oszczednosciowe\/","og_site_name":"Por\u00f3wnywarka finansowa Rankomat","article_publisher":"https:\/\/www.facebook.com\/rankomatpl\/","article_modified_time":"2024-07-11T08:22:41+00:00","og_image":[{"width":480,"height":320,"url":"https:\/\/rankomat.pl\/finanse\/wp-content\/uploads\/2021\/03\/rankomat-star-og.png","type":"image\/png"}],"twitter_card":"summary_large_image","twitter_site":"@rankomat","twitter_misc":{"Szacowany czas czytania":"7 minut"},"schema":{"@context":"https:\/\/schema.org","@graph":[{"@type":"BreadcrumbList","@id":"https:\/\/rankomat.pl\/finanse\/banki\/santander-bank-polska\/lokaty-oszczednosciowe\/#breadcrumb","itemListElement":[{"@type":"ListItem","position":1,"name":"Finanse","item":"https:\/\/rankomat.pl\/finanse\/"},{"@type":"ListItem","position":2,"name":"Banki","item":"https:\/\/rankomat.pl\/finanse\/banki\/"},{"@type":"ListItem","position":3,"name":"Santander Bank Polska &#8211; aktualnie Erste","item":"https:\/\/rankomat.pl\/finanse\/banki\/santander-bank-polska\/"},{"@type":"ListItem","position":4,"name":"Lokaty oszcz\u0119dno\u015bciowe w Santander Bank Polska"}]}]}},"yasr_visitor_votes":{"stars_attributes":{"read_only":false,"span_bottom":false},"number_of_votes":0,"sum_votes":0},"_links":{"self":[{"href":"https:\/\/rankomat.pl\/finanse\/wp-json\/wp\/v2\/pages\/10238","targetHints":{"allow":["GET"]}}],"collection":[{"href":"https:\/\/rankomat.pl\/finanse\/wp-json\/wp\/v2\/pages"}],"about":[{"href":"https:\/\/rankomat.pl\/finanse\/wp-json\/wp\/v2\/types\/page"}],"author":[{"embeddable":true,"href":"https:\/\/rankomat.pl\/finanse\/wp-json\/wp\/v2\/users\/9"}],"replies":[{"embeddable":true,"href":"https:\/\/rankomat.pl\/finanse\/wp-json\/wp\/v2\/comments?post=10238"}],"version-history":[{"count":0,"href":"https:\/\/rankomat.pl\/finanse\/wp-json\/wp\/v2\/pages\/10238\/revisions"}],"up":[{"embeddable":true,"href":"https:\/\/rankomat.pl\/finanse\/wp-json\/wp\/v2\/pages\/854"}],"wp:attachment":[{"href":"https:\/\/rankomat.pl\/finanse\/wp-json\/wp\/v2\/media?parent=10238"}],"curies":[{"name":"wp","href":"https:\/\/api.w.org\/{rel}","templated":true}]}}