{"id":10240,"date":"2024-07-11T10:10:18","date_gmt":"2024-07-11T08:10:18","guid":{"rendered":"https:\/\/rankomat.pl\/finanse\/?page_id=10240"},"modified":"2024-07-25T14:15:05","modified_gmt":"2024-07-25T12:15:05","slug":"konta-bankowe","status":"publish","type":"page","link":"https:\/\/rankomat.pl\/finanse\/banki\/millennium-bank\/konta-bankowe\/","title":{"rendered":"Konta bankowe w Millennium Banku"},"content":{"rendered":"<p><strong>Konto osobiste to rozwi\u0105zanie, kt\u00f3re pozwoli Ci \u0142atwo zarz\u0105dza\u0107 swoimi finansami. W Millennium Banku znajdziesz klasyczn\u0105 ofert\u0119 rachunk\u00f3w typu ROR, jak i produkty dopasowane do konkretnej grupy odbiorc\u00f3w. Mo\u017cliwo\u015b\u0107 po\u0142\u0105czenia konta rozliczeniowego z walutowym czy oszcz\u0119dno\u015bciowym sprawia, \u017ce oferta Millennium Banku jest jeszcze bardziej uniwersalna.\u00a0<\/strong><\/p>\n<h2>Jakie konta osobiste dost\u0119pne s\u0105 w Millennium Banku?<\/h2>\n<p>W Millennium Banku znajdziesz zar\u00f3wno ofert\u0119 typowych rachunk\u00f3w rozliczeniowo &#8211; oszcz\u0119dno\u015bciowych, kt\u00f3re zapewni\u0105 Ci mo\u017cliwo\u015b\u0107 zarz\u0105dzania w\u0142asnymi finansami, jak r\u00f3wnie\u017c rachunki oszcz\u0119dno\u015bciowe, walutowe czy konta dla os\u00f3b niepe\u0142noletnich.<\/p>\n<h3>Konto Millennium 360\u00b0<\/h3>\n<p>Klasyczny rachunek rozliczeniowo &#8211; oszcz\u0119dno\u015bciowy z wygodn\u0105 aplikacj\u0105, pakietem wielowalutowym i mo\u017cliwo\u015bci\u0105 uzyskania zwrotu cz\u0119\u015bci \u015brodk\u00f3w za zakupy. Dzi\u0119ki aktywnemu korzystaniu z karty <strong>zyskujesz darmow\u0105 kart\u0119 p\u0142atnicz\u0105 do konta<\/strong>, p\u0142atno\u015bci zbli\u017ceniowe BLIK i wyp\u0142aty ze wszystkich bankomat\u00f3w w Polsce i za granic\u0105, bez wzgl\u0119du na kwot\u0119 transakcji. Uniwersalny rachunek sprawdzi si\u0119 jako codzienne narz\u0119dzie do zarz\u0105dzania finansami. Oferta w dw\u00f3ch wersjach: dla os\u00f3b w wieku 18 &#8211; 26 lat i powy\u017cej 26 lat.<\/p>\n<h3>Konto walutowe<\/h3>\n<p>Bezp\u0142atny rachunek prowadzony w jednej z czterech walut (EUR, USD, GBP i CHF), kt\u00f3re daje Ci mo\u017cliwo\u015b\u0107 przechowywania waluty i realizowania p\u0142atno\u015bci za granic\u0105 bez koszt\u00f3w przewalutowania. Praktyczne rozwi\u0105zanie adresowane do nowych i sta\u0142ych klient\u00f3w banku. Otwarcie konta walutowego wymaga posiadania Konta Millennium 360\u00b0.<\/p>\n<h3>Konto 360\u00b0Junior<\/h3>\n<p>Darmowy rachunek dla dzieci w wieku od 0 do 17 lat. Rodzaj dost\u0119pnych funkcjonalno\u015bci zale\u017cy od wieku dziecka, dzi\u0119ki czemu<strong> nauka finans\u00f3w i mo\u017cliwo\u015bci zarz\u0105dzania w\u0142asnymi \u015brodkami<\/strong>, rozwija si\u0119 razem z dzieckiem. Klasyczne rozwi\u0105zanie sprawdzi si\u0119 jako wej\u015bcie w \u015bwiat finans\u00f3w, nauki oszcz\u0119dno\u015bci i odpowiedzialno\u015bci.<\/p>\n<p>Wyb\u00f3r klasycznego RORu i produkt\u00f3w towarzysz\u0105cych oferowanych przez Millennium Bank to kompleksowe rozwi\u0105zanie, kt\u00f3re dopasujesz do ka\u017cdej sytuacji i swoich potrzeb.<\/p>\n<h2>Jak za\u0142o\u017cy\u0107 konto osobiste w Millennium Banku?<\/h2>\n<p>Spos\u00f3b za\u0142o\u017cenia konta osobistego w Millennium Banku zale\u017cy od Ciebie. Masz do wyboru zar\u00f3wno rozwi\u0105zanie tradycyjne umo\u017cliwiaj\u0105ce bezpo\u015bredni kontakt z pracownikiem banku, jak i nowoczesne rozwi\u0105zania zdalne.<\/p>\n<p>Rachunek rozliczeniowo &#8211; oszcz\u0119dno\u015bciowy w Banku Millennium otworzysz:<\/p>\n<ul>\n<li><strong>Online<\/strong>: w aplikacji mobilnej na selfie lub za po\u015brednictwem rachunku w innym banku. Oba rozwi\u0105zania to gwarancja szybkiego i bezpiecznego sposobu otwarcia rachunku bankowego o dowolnej godzinie, ka\u017cdego dnia, bez konieczno\u015bci czekania w kolejce czy w og\u00f3le wychodzenia z domu. To\u017csamo\u015b\u0107 potwierdzisz z wykorzystaniem konta w innym banku lub za pomoc\u0105 smartfona.<\/li>\n<li><strong>Tradycyjnie<\/strong>: W jednej z prawie 350 plac\u00f3wek w\u0142asnych Banku Millennium lub oko\u0142o 240 plac\u00f3wek franczyzowych i partnerskich. Wystarczy, \u017ce zabierzesz ze sob\u0105 dow\u00f3d osobisty &#8211; Millennium Bank akceptuje zar\u00f3wno klasyczn\u0105 wersj\u0119 dokumentu, jak i wersj\u0119 elektroniczn\u0105 w aplikacji mObywatel. Minusem metody tradycyjnej jest <strong>konieczno\u015b\u0107 dostosowania si\u0119 do godzin pracy oddzia\u0142u<\/strong>. Natomiast niew\u0105tpliw\u0105 zalet\u0105 tego rozwi\u0105zania jest bezpo\u015brednie wsparcie konsultanta zar\u00f3wno na etapie wyja\u015bnienia w\u0105tpliwo\u015bci w zakresie funkcjonalno\u015bci konta, jak i jego otwarcia.<\/li>\n<\/ul>\n<h2>Kto mo\u017ce otworzy\u0107 konto w Millennium Banku?<\/h2>\n<p>Konto bankowe w Banku Millennium mo\u017ce otworzy\u0107 osoba pe\u0142noletnia niezale\u017cnie od wysoko\u015bci osi\u0105ganych dochod\u00f3w, dotychczasowej historii kredytowej czy \u017ar\u00f3d\u0142a zatrudnienia. Wystarczy dow\u00f3d osobisty. Do otwarcia rachunku dla m\u0142odych w wieku od 0 do 17 lat opr\u00f3cz dokument\u00f3w potwierdzaj\u0105cych to\u017csamo\u015b\u0107 dziecka, konieczna b\u0119dzie jeszcze zgoda opiekuna prawnego &#8211; najcz\u0119\u015bciej rodzica i otwarte konto Millennium 360\u00b0.<\/p>\n<h2>Ile kosztuje za\u0142o\u017cenie i prowadzenie konta osobistego w Millennium Banku?<\/h2>\n<p>Otwarcie i prowadzenia konta w Banku Millennium jest darmowe. Zwolnienie z innych op\u0142at wymaga okre\u015blonej aktywno\u015bci kart\u0105 debetow\u0105 lub BLIKiem.<\/p>\n<h2>Czy do konta osobistego mo\u017cna wyrobi\u0107 kart\u0119 w Banku Millennium?<\/h2>\n<p>Otwieraj\u0105c klasyczny rachunek oszcz\u0119dno\u015bciowo &#8211; rozliczeniowy Millennium 360\u00b0, mo\u017cesz z\u0142o\u017cy\u0107 wniosek o wydanie karty p\u0142atniczej do konta, kt\u00f3ra daje Ci znacznie wi\u0119cej mo\u017cliwo\u015bci ni\u017c tylko realizacj\u0119 typowych transakcji bezgot\u00f3wkowych i wyp\u0142at got\u00f3wki z bankomatu.<\/p>\n<p>Podczas wakacyjnych podr\u00f3\u017cy nie musisz zamawia\u0107 dodatkowej karty wielowalutowej, bo dzi\u0119ki w\u0142\u0105czeniu Pakietu Walutowego, Twoja karta p\u0142atnicza pozwoli Ci na <strong>nielimitowane transakcje w walutach obcych<\/strong> bez dodatkowej mar\u017cy banku. Dodatkowo aktywne korzystanie z karty daje Ci inne bonusy: bezp\u0142atn\u0105 wyp\u0142at\u0119 \u015brodk\u00f3w ze wszystkich bankomat\u00f3w w Polsce i na \u015bwiecie, brak op\u0142at za kart\u0119 p\u0142atnicz\u0105 i p\u0142atno\u015bci zbli\u017ceniowe BLIK.<\/p>\n<h2>Jakie konta oszcz\u0119dno\u015bciowe dost\u0119pne s\u0105 w Millennium Banku?<\/h2>\n<p>Opr\u00f3cz tradycyjnych rachunk\u00f3w rozliczeniowych w ofercie Banku Millennium znajdziesz r\u00f3wnie\u017c <strong>konta oszcz\u0119dno\u015bciowe w wersji podstawowej i promocyjnej<\/strong>. Rachunek oszcz\u0119dno\u015bciowy to rozwi\u0105zanie, kt\u00f3re pozwoli Ci po\u0142\u0105czy\u0107 mo\u017cliwo\u015b\u0107 oszcz\u0119dzania dzi\u0119ki oprocentowaniu z elastycznym dost\u0119pem do got\u00f3wki bez utraty odsetek.<\/p>\n<p>Oferta aktualna na dzie\u0144 30.06.2024 roku prezentuje si\u0119 nast\u0119puj\u0105co:<\/p>\n<h3>Konto oszcz\u0119dno\u015bciowe Profit<\/h3>\n<p>Podstawowa wersja rachunku oszcz\u0119dno\u015bciowego, kt\u00f3ry daje Ci mo\u017cliwo\u015b\u0107 skorzystania z promocyjnych (podwy\u017cszonych) warunk\u00f3w oprocentowania na okres 90 dni dla nowych \u015brodk\u00f3w. Wymaga otwarcia rachunku osobistego. Zar\u00f3wno otwarcie i prowadzenie konta jest bezp\u0142atne. Koszty pojawi\u0105 si\u0119 w razie drugiego i kolejnego zlecenia przelewu w miesi\u0105cu.<\/p>\n<h3>Walutowe Konto Oszcz\u0119dno\u015bciowe<\/h3>\n<p>Prowadzone w euro lub dolarach. Wymaga posiadania klasycznego konta osobistego prowadzonego w z\u0142ot\u00f3wkach oraz konta walutowego prowadzonego w dolarach lub euro.<\/p>\n<h2>FAQ &#8211; najcz\u0119\u015bciej zadawane pytania<\/h2>\n<h3>Czy konto bankowe jest oprocentowane?<\/h3>\n<p>Nazwa jest myl\u0105ca: typowy ROR czyli rachunek rozliczeniowo &#8211; oszcz\u0119dno\u015bciowy nie jest oprocentowany. Oprocentowane jest jedynie konto oszcz\u0119dno\u015bciowe, kt\u00f3re r\u00f3wnie\u017c znajdziesz w ofercie Millennium Banku.<\/p>\n<h3>Jaki jest numer IBAN konta w Banku Millennium?<\/h3>\n<p>IBAN czyli Mi\u0119dzynarodowy Numer Rachunku Bankowego w Millennium Banku sk\u0142ada si\u0119 z 26 cyfr Twojego rachunku osobistego poprzedzonego skr\u00f3tem PL oznaczaj\u0105cym kraj. Numer IBAN wpisujesz ci\u0105giem bez przerw pomi\u0119dzy znakami. Powy\u017cszy schemat jest w\u0142a\u015bciwy dla Polski. Rachunki bankowe innych pa\u0144stw b\u0119d\u0105 mia\u0142y inny, w\u0142a\u015bciwy dla siebie schemat numeru IBAN.<\/p>\n<h3>Czy mo\u017cna zmieni\u0107 wariant konta w Millennium Banku?<\/h3>\n<p>Nie, w Banku Millennium nie mo\u017cna zmieni\u0107 wariantu konta bankowego. Klasyczny ROR oferowany przez Millennium Bank jest jeden, a pozosta\u0142e rodzaje rachunk\u00f3w (oszcz\u0119dno\u015bciowe czy walutowe) nie funkcjonuj\u0105 samodzielnie, tylko jako \u201cdodatek\u201d do klasycznego RORu.<\/p>\n<h3>Czy mo\u017cna za\u0142o\u017cy\u0107 konto wsp\u00f3lne w Banku Millennium?<\/h3>\n<p>Tak, w Millennium Banku otworzysz zar\u00f3wno konto indywidualne, jak i wsp\u00f3lne. To drugie rozwi\u0105zanie u\u0142atwi Ci wsp\u00f3lne zarz\u0105dzenie \u015brodkami z \u017con\u0105, partnerem czy rodzicem.<\/p>\n<h3>Jak pobra\u0107 wyci\u0105g z konta w Millennium Banku?<\/h3>\n<p>Wyci\u0105g z histori\u0105 transakcji miesi\u0119cznych pobierzesz w aplikacji mobilnej lub bankowo\u015bci elektronicznej Millenet.<\/p>\n","protected":false},"excerpt":{"rendered":"<p>Konto osobiste to rozwi\u0105zanie, kt\u00f3re pozwoli Ci \u0142atwo zarz\u0105dza\u0107 swoimi finansami. W Millennium Banku znajdziesz klasyczn\u0105 ofert\u0119 rachunk\u00f3w typu ROR, [&hellip;]<\/p>\n","protected":false},"author":30,"featured_media":0,"parent":898,"menu_order":0,"comment_status":"closed","ping_status":"closed","template":"page_bank_product.php","meta":{"_acf_changed":false,"yasr_overall_rating":0,"yasr_post_is_review":"","yasr_auto_insert_disabled":"","yasr_review_type":"","footnotes":""},"class_list":["post-10240","page","type-page","status-publish","hentry"],"acf":[],"yoast_head":"<!-- This site is optimized with the Yoast SEO plugin v27.1.1 - https:\/\/yoast.com\/product\/yoast-seo-wordpress\/ -->\n<title>Konta bankowe w Millennium Banku | Por\u00f3wnywarka finansowa Rankomat<\/title>\n<meta name=\"robots\" content=\"index, follow, max-snippet:-1, max-image-preview:large, max-video-preview:-1\" \/>\n<link rel=\"canonical\" href=\"https:\/\/rankomat.pl\/finanse\/banki\/millennium-bank\/konta-bankowe\/\" \/>\n<meta property=\"og:locale\" content=\"pl_PL\" \/>\n<meta property=\"og:type\" content=\"article\" \/>\n<meta property=\"og:title\" content=\"Konta bankowe w Millennium Banku | Por\u00f3wnywarka finansowa Rankomat\" \/>\n<meta property=\"og:description\" content=\"Konto osobiste to rozwi\u0105zanie, kt\u00f3re pozwoli Ci \u0142atwo zarz\u0105dza\u0107 swoimi finansami. W Millennium Banku znajdziesz klasyczn\u0105 ofert\u0119 rachunk\u00f3w typu ROR, [&hellip;]\" \/>\n<meta property=\"og:url\" content=\"https:\/\/rankomat.pl\/finanse\/banki\/millennium-bank\/konta-bankowe\/\" \/>\n<meta property=\"og:site_name\" content=\"Por\u00f3wnywarka finansowa Rankomat\" \/>\n<meta property=\"article:publisher\" content=\"https:\/\/www.facebook.com\/rankomatpl\/\" \/>\n<meta property=\"article:modified_time\" content=\"2024-07-25T12:15:05+00:00\" \/>\n<meta property=\"og:image\" content=\"https:\/\/rankomat.pl\/finanse\/wp-content\/uploads\/2021\/03\/rankomat-star-og.png\" \/>\n\t<meta property=\"og:image:width\" content=\"480\" \/>\n\t<meta property=\"og:image:height\" content=\"320\" \/>\n\t<meta property=\"og:image:type\" content=\"image\/png\" \/>\n<meta name=\"twitter:card\" content=\"summary_large_image\" \/>\n<meta name=\"twitter:site\" content=\"@rankomat\" \/>\n<meta name=\"twitter:label1\" content=\"Szacowany czas czytania\" \/>\n\t<meta name=\"twitter:data1\" content=\"6 minut\" \/>\n<script type=\"application\/ld+json\" class=\"yoast-schema-graph\">{\"@context\":\"https:\/\/schema.org\",\"@graph\":[{\"@type\":\"BreadcrumbList\",\"@id\":\"https:\/\/rankomat.pl\/finanse\/banki\/millennium-bank\/konta-bankowe\/#breadcrumb\",\"itemListElement\":[{\"@type\":\"ListItem\",\"position\":1,\"name\":\"Finanse\",\"item\":\"https:\/\/rankomat.pl\/finanse\/\"},{\"@type\":\"ListItem\",\"position\":2,\"name\":\"Banki\",\"item\":\"https:\/\/rankomat.pl\/finanse\/banki\/\"},{\"@type\":\"ListItem\",\"position\":3,\"name\":\"Millennium Bank\",\"item\":\"https:\/\/rankomat.pl\/finanse\/banki\/millennium-bank\/\"},{\"@type\":\"ListItem\",\"position\":4,\"name\":\"Konta bankowe w Millennium Banku\"}]}]}<\/script>\n<!-- \/ Yoast SEO plugin. -->","yoast_head_json":{"title":"Konta bankowe w Millennium Banku | Por\u00f3wnywarka finansowa Rankomat","robots":{"index":"index","follow":"follow","max-snippet":"max-snippet:-1","max-image-preview":"max-image-preview:large","max-video-preview":"max-video-preview:-1"},"canonical":"https:\/\/rankomat.pl\/finanse\/banki\/millennium-bank\/konta-bankowe\/","og_locale":"pl_PL","og_type":"article","og_title":"Konta bankowe w Millennium Banku | Por\u00f3wnywarka finansowa Rankomat","og_description":"Konto osobiste to rozwi\u0105zanie, kt\u00f3re pozwoli Ci \u0142atwo zarz\u0105dza\u0107 swoimi finansami. W Millennium Banku znajdziesz klasyczn\u0105 ofert\u0119 rachunk\u00f3w typu ROR, [&hellip;]","og_url":"https:\/\/rankomat.pl\/finanse\/banki\/millennium-bank\/konta-bankowe\/","og_site_name":"Por\u00f3wnywarka finansowa Rankomat","article_publisher":"https:\/\/www.facebook.com\/rankomatpl\/","article_modified_time":"2024-07-25T12:15:05+00:00","og_image":[{"width":480,"height":320,"url":"https:\/\/rankomat.pl\/finanse\/wp-content\/uploads\/2021\/03\/rankomat-star-og.png","type":"image\/png"}],"twitter_card":"summary_large_image","twitter_site":"@rankomat","twitter_misc":{"Szacowany czas czytania":"6 minut"},"schema":{"@context":"https:\/\/schema.org","@graph":[{"@type":"BreadcrumbList","@id":"https:\/\/rankomat.pl\/finanse\/banki\/millennium-bank\/konta-bankowe\/#breadcrumb","itemListElement":[{"@type":"ListItem","position":1,"name":"Finanse","item":"https:\/\/rankomat.pl\/finanse\/"},{"@type":"ListItem","position":2,"name":"Banki","item":"https:\/\/rankomat.pl\/finanse\/banki\/"},{"@type":"ListItem","position":3,"name":"Millennium Bank","item":"https:\/\/rankomat.pl\/finanse\/banki\/millennium-bank\/"},{"@type":"ListItem","position":4,"name":"Konta bankowe w Millennium Banku"}]}]}},"yasr_visitor_votes":{"stars_attributes":{"read_only":false,"span_bottom":false},"number_of_votes":0,"sum_votes":0},"_links":{"self":[{"href":"https:\/\/rankomat.pl\/finanse\/wp-json\/wp\/v2\/pages\/10240","targetHints":{"allow":["GET"]}}],"collection":[{"href":"https:\/\/rankomat.pl\/finanse\/wp-json\/wp\/v2\/pages"}],"about":[{"href":"https:\/\/rankomat.pl\/finanse\/wp-json\/wp\/v2\/types\/page"}],"author":[{"embeddable":true,"href":"https:\/\/rankomat.pl\/finanse\/wp-json\/wp\/v2\/users\/30"}],"replies":[{"embeddable":true,"href":"https:\/\/rankomat.pl\/finanse\/wp-json\/wp\/v2\/comments?post=10240"}],"version-history":[{"count":0,"href":"https:\/\/rankomat.pl\/finanse\/wp-json\/wp\/v2\/pages\/10240\/revisions"}],"up":[{"embeddable":true,"href":"https:\/\/rankomat.pl\/finanse\/wp-json\/wp\/v2\/pages\/898"}],"wp:attachment":[{"href":"https:\/\/rankomat.pl\/finanse\/wp-json\/wp\/v2\/media?parent=10240"}],"curies":[{"name":"wp","href":"https:\/\/api.w.org\/{rel}","templated":true}]}}