{"id":10242,"date":"2024-07-11T10:31:59","date_gmt":"2024-07-11T08:31:59","guid":{"rendered":"https:\/\/rankomat.pl\/finanse\/?page_id=10242"},"modified":"2024-07-25T14:14:47","modified_gmt":"2024-07-25T12:14:47","slug":"karty-kredytowe","status":"publish","type":"page","link":"https:\/\/rankomat.pl\/finanse\/banki\/millennium-bank\/karty-kredytowe\/","title":{"rendered":"Karty kredytowe w Millennium Banku"},"content":{"rendered":"<p><strong>Karta kredytowa to rozwi\u0105zanie, kt\u00f3re pozwala na elastyczne korzystanie z limitu przyznanego przez bank. Podobnie jak przy innych produktach kredytowych, przyznanie karty kredytowej wymaga posiadania odpowiedniej zdolno\u015bci kredytowej. Jednocze\u015bnie jej posiadanie pomaga w budowaniu pozytywnej historii kredytowej i \u0142atwiejszego dost\u0119pu do innych zobowi\u0105za\u0144 kredytowych w przysz\u0142o\u015bci.\u00a0<\/strong><\/p>\n<h2>Jakie karty kredytowe dost\u0119pne s\u0105 w Banku Millennium?<\/h2>\n<p>Opr\u00f3cz klasycznych produkt\u00f3w kredytowych takich, jak kredyt got\u00f3wkowy czy hipoteczny, w ofercie Banku Millennium znajdziesz r\u00f3wnie\u017c karty kredytowe, kt\u00f3re nie tylko pozwol\u0105 Ci <strong>korzysta\u0107 z po\u017cyczonych pieni\u0119dzy bez dodatkowych koszt\u00f3w<\/strong> (pod warunkiem sp\u0142aty zad\u0142u\u017cenia w okresie bezodsetkowym), ale r\u00f3wnie\u017c w zale\u017cno\u015bci od rodzaju wybranej oferty, zapewni\u0105 pakiet dodatkowych korzy\u015bci. Wybierz rozwi\u0105zanie, dopasowane do swoich potrzeb.<\/p>\n<p>Dost\u0119pne w ofercie Millennium Banku karty kredytowe (oferty aktualne na dzie\u0144 30.06.2024 roku) prezentuj\u0105 si\u0119 nast\u0119puj\u0105co:<\/p>\n<h3>Karta kredytowa Millennium Impresja<\/h3>\n<p>Klasyczna karta kredytowa z 51-dniowym okresem bezodsetkowym, indywidualnie ustalon\u0105 wysoko\u015bci\u0105 limitu oraz pakietem dodatkowych korzy\u015bci (Cash Back, Pakiet Walutowy). W razie potrzeby sp\u0142at\u0119 wykorzystanego limitu mo\u017cesz roz\u0142o\u017cy\u0107 na wygodne raty, co daje Ci dodatkowe mo\u017cliwo\u015bci elastycznego zarz\u0105dzania swoim bud\u017cetem.<\/p>\n<h3>Karta kredytowa Millennium Visa\/Masercard Gold<\/h3>\n<p>Presti\u017cowa karta kredytowa z maksymalnym limitem do 50 000 z\u0142 i 51-dniowym okresem bezodsetkowym, to rozwi\u0105zanie kt\u00f3re idealnie sprawdzi si\u0119 na co dzie\u0144 i podczas zagranicznych podr\u00f3\u017cy. Opr\u00f3cz bezp\u0142atnego pakietu ubezpiecze\u0144 w podr\u00f3\u017cy zagranicznej, zyskujesz mo\u017cliwo\u015b\u0107 wykonywania transakcji w ka\u017cdej walucie \u015bwiata do 5 000 z\u0142 miesi\u0119cznie bez dodatkowej mar\u017cy banku.<\/p>\n<h3>Karta kredytowa WWF Millennium Mastercard<\/h3>\n<p>Karta kredytowa z przes\u0142aniem. Wygodne rozwi\u0105zanie z wysokim limitem do 50 000 z\u0142 i 51-dniowym okresem bezodsetkowym, kt\u00f3re opr\u00f3cz korzy\u015bci w\u0142asnych, zapewnia wsparcie \u015brodowiska naturalnego. Dzi\u0119ki tej karcie kredytowej zyskujesz po\u0142\u0105czenie standardowych funkcjonalno\u015bci z dost\u0119pem do wszystkich walut \u015bwiata po kursie Mastercard i mo\u017cliwo\u015b\u0107 realizacji p\u0142atno\u015bci do 5 000 z\u0142 bez dodatkowej mar\u017cy banku za przewalutowanie.<\/p>\n<h3>Karta Kredytowa Millennium Visa\/Mastercard<\/h3>\n<p>Wygodne rozwi\u0105zanie, kt\u00f3re pozwoli Ci korzysta\u0107 z limitu do maksymalnej wysoko\u015bci 15 000 z\u0142 miesi\u0119cznie bez odsetek, w razie terminowej sp\u0142aty wykorzystanych \u015brodk\u00f3w w okresie bezodsetkowym, kt\u00f3ry wynosi 51 dni. <strong>Zad\u0142u\u017cenie mo\u017cesz r\u00f3wnie\u017c roz\u0142o\u017cy\u0107 na wygodne raty<\/strong>, dzi\u0119ki czemu sp\u0142ata nie b\u0119dzie stanowi\u0142a wi\u0119kszego obci\u0105\u017cenia dla Twojego bud\u017cetu. W ramach dodatkowych korzy\u015bci otrzymujesz m.in. dost\u0119p do wszystkich walut \u015bwiata po kursie Visa lub Mastrecard i p\u0142atno\u015bci walutowe do 5 000 z\u0142 bez dodatkowej mar\u017cy banku.<\/p>\n<h2>Jak wyrobi\u0107 kart\u0119 kredytow\u0105 w Millennium Banku?<\/h2>\n<p>Wniosek o kart\u0119 kredytow\u0105 w Banku Millennium z\u0142o\u017cysz przez internet, za po\u015brednictwem telefonicznego biura obs\u0142ugi klienta TeleMillennium lub w jednej ze stacjonarnych plac\u00f3wek banku.<\/p>\n<h2>Kto mo\u017ce otrzyma\u0107 kart\u0119 kredytow\u0105 w Millennium Banku?<\/h2>\n<p>Karta kredytowa w Banku Millennium to rozwi\u0105zanie skierowane do os\u00f3b pe\u0142noletnich, kt\u00f3re maj\u0105 pe\u0142n\u0105 zdolno\u015b\u0107 do czynno\u015bci prawnych i odpowiedni\u0105 zdolno\u015b\u0107 kredytow\u0105. Przed przyznaniem limitu bank zweryfikuje zar\u00f3wno Twoj\u0105 sytuacj\u0119 finansow\u0105, jak i dotychczasow\u0105 histori\u0119 kredytow\u0105.<\/p>\n<h2>Jak aktywowa\u0107 kart\u0119 kredytow\u0105 w Millennium Banku?<\/h2>\n<p>Kart\u0119 kredytow\u0105 Banku Millennium mo\u017cesz aktywowa\u0107 na kilka sposob\u00f3w: za po\u015brednictwem bankowo\u015bci mobilnej lub w systemie internetowym Millenet, a je\u015bli posiadasz MilleKod i H@s\u0142o1 r\u00f3wnie\u017c telefonicznie kontaktuj\u0105c si\u0119 z infolini\u0105 TeleMillennium.<\/p>\n<p>Je\u015bli aktywacja dotyczy karty wznowionej, w\u00f3wczas karta b\u0119dzie aktywna po wykonaniu dowolnej transakcji w bankomacie lub punkcie handlowo-us\u0142ugowym i zatwierdzeniu transakcji kodem PIN.<\/p>\n<h2>Ile kosztuje karta kredytowa w Banku Millennium?<\/h2>\n<p>Koszty zwi\u0105zane z kart\u0105 kredytow\u0105 pojawi\u0105 si\u0119 przede wszystkim w razie przekroczenia terminu sp\u0142aty wykorzystanego limitu w okresie bezodsetkowym lub wyboru sp\u0142aty powsta\u0142ego zad\u0142u\u017cenia na raty, albo korzystania z dodatkowych, odp\u0142atnych us\u0142ug powi\u0105zanych z kart\u0105 (np. pakietu walutowego). Mog\u0105 pojawi\u0107 si\u0119 r\u00f3wnie\u017c op\u0142aty zwi\u0105zane z obs\u0142ug\u0105 karty.<\/p>\n<h2>Jak wygl\u0105da sp\u0142ata karty kredytowej w Millennium Banku?<\/h2>\n<p>Wykorzystany na karcie kredytowej limit sp\u0142acisz za pomoc\u0105 przelewu, kt\u00f3ry zlecisz w ramach swojego konta bankowego. Mo\u017cesz te\u017c sp\u0142aci\u0107 zad\u0142u\u017cenie got\u00f3wk\u0105 w kasie banku. Je\u015bli opr\u00f3cz karty kredytowej korzystasz z konta osobistego w Banku Millennium,<strong> mo\u017cesz ustawi\u0107 automatyczn\u0105 sp\u0142at\u0119<\/strong> zad\u0142u\u017cenia karty. Pami\u0119taj tylko o zapewnieniu odpowiednich \u015brodk\u00f3w na koncie w terminie sp\u0142aty. Je\u015bli sp\u0142acisz powsta\u0142e zad\u0142u\u017cenie w wyznaczonym w umowie okresie bezodsetkowym, bank nie naliczy Ci odsetek od wykorzystanej kwoty.<\/p>\n<h2>Jak zrezygnowa\u0107 z karty kredytowej w Millennium Banku?<\/h2>\n<p>Rezygnacja z karty kredytowej jest mo\u017cliwa po wypowiedzeniu umowy o kart\u0119 kredytow\u0105. Rachunek karty kredytowej zostanie zamkni\u0119ty po up\u0142ywie okresu wypowiedzenia (wskazany w umowie) i sp\u0142acie ca\u0142o\u015bci zad\u0142u\u017cenia \u0142\u0105cznie z ewentualnymi odsetkami czy innymi op\u0142atami. Umow\u0119 o kart\u0119 kredytow\u0105 wypowiesz telefonicznie, lub osobi\u015bcie w plac\u00f3wce stacjonarnej banku.<\/p>\n<h2>FAQ &#8211; najcz\u0119\u015bciej zadawane pytania<\/h2>\n<h3>Czym jest okres bezodsetkowy w przypadku karty kredytowej?<\/h3>\n<p>Okres bezodsetkowy to czas na sp\u0142at\u0119 wykorzystanego, dost\u0119pnego w ramach karty kredytowej limitu, bez naliczania odsetek za korzystanie z po\u017cyczonego kapita\u0142u. Okres bezodsetkowy sk\u0142ada si\u0119 z dw\u00f3ch element\u00f3w: okresu rozliczeniowego, kt\u00f3ry odpowiada d\u0142ugo\u015bci miesi\u0105ca kalendarzowego i czasu na sp\u0142at\u0119 wykorzystanych \u015brodk\u00f3w. W okresie rozliczeniowym mo\u017cesz swobodnie korzysta\u0107 z karty, p\u0142ac\u0105c za zakupy <strong>do wysoko\u015bci przyznanego limitu<\/strong>. Po jego zako\u0144czeniu bank wy\u015ble Ci rozliczenie transakcji. Je\u015bli wykorzystany limit sp\u0142acisz w wyznaczonym terminie, w\u00f3wczas bank nie naliczy Ci odsetek za wykorzystane \u015brodki.<\/p>\n<h3>Czy mo\u017cna wyrobi\u0107 kart\u0119 kredytow\u0105 dla dziecka w Millennium Banku?<\/h3>\n<p>Karta kredytowa to rozwi\u0105zanie, kt\u00f3re wymaga posiadania pe\u0142nej zdolno\u015bci do czynno\u015bci prawnych i mo\u017cliwo\u015bci zaci\u0105gania zobowi\u0105za\u0144 we w\u0142asnym imieniu i na w\u0142asny rachunek. Dlatego karta kredytowa jest <strong>dost\u0119pna tylko dla os\u00f3b pe\u0142noletnich<\/strong>. Millennium Bank daje jednak mo\u017cliwo\u015b\u0107 skorzystania z karty dodatkowej, wydanej na wniosek posiadacza karty (czyli osoby pe\u0142noletniej) dla wskazanej osoby, w wieku powy\u017cej 13 lat.<\/p>\n<h3>Jakie kryteria decyduj\u0105 o wysoko\u015bci limitu na karcie kredytowej w Millennium Banku?<\/h3>\n<p>Maksymaln\u0105 wysoko\u015b\u0107 limitu na karcie kredytowej wyznacza oferta banku i Twoje indywidualne potrzeby czyli wysoko\u015b\u0107 wnioskowanej kwoty. Jednak ostatecznie maksymalny limit, kt\u00f3ry bank mo\u017ce Ci przyzna\u0107, zale\u017cy od Twojej zdolno\u015bci kredytowej. Bank zaproponuje Ci limit w wysoko\u015bci, kt\u00f3r\u0105 mo\u017cesz terminowo sp\u0142aci\u0107, bez nadmiernego obci\u0105\u017cania Twojego bud\u017cetu.<\/p>\n<h3>Karta debetowa a karta kredytowa: co wybra\u0107?<\/h3>\n<p>Karta kredytowa i karta debetowa to, pomimo podobie\u0144stwa w wygl\u0105dzie plastiku, dwa r\u00f3\u017cne produkty bankowe. Karta debetowa wydana do konta rozliczeniowego pozwala Ci korzysta\u0107 z w\u0142asnych \u015brodk\u00f3w zgromadzonych na rachunku osobistym. Karta kredytowa umo\u017cliwia natomiast korzystanie z pieni\u0119dzy banku (czyli stanowi rodzaj kredytu) i nie wymaga powi\u0105zania z Twoim kontem osobistym. Nie musisz wybiera\u0107. Mo\u017cesz posiada\u0107 obie karty, a ka\u017cda z nich b\u0119dzie pe\u0142ni\u0142a inn\u0105, w\u0142a\u015bciw\u0105 dla siebie funkcj\u0119.<\/p>\n","protected":false},"excerpt":{"rendered":"<p>Karta kredytowa to rozwi\u0105zanie, kt\u00f3re pozwala na elastyczne korzystanie z limitu przyznanego przez bank. Podobnie jak przy innych produktach kredytowych, [&hellip;]<\/p>\n","protected":false},"author":30,"featured_media":0,"parent":898,"menu_order":0,"comment_status":"closed","ping_status":"closed","template":"page_bank_product.php","meta":{"_acf_changed":false,"yasr_overall_rating":0,"yasr_post_is_review":"","yasr_auto_insert_disabled":"","yasr_review_type":"","footnotes":""},"class_list":["post-10242","page","type-page","status-publish","hentry"],"acf":[],"yoast_head":"<!-- This site is optimized with the Yoast SEO plugin v27.1.1 - https:\/\/yoast.com\/product\/yoast-seo-wordpress\/ -->\n<title>Karty kredytowe w Millennium Banku | Por\u00f3wnywarka finansowa Rankomat<\/title>\n<meta name=\"robots\" content=\"index, follow, max-snippet:-1, max-image-preview:large, max-video-preview:-1\" \/>\n<link rel=\"canonical\" href=\"https:\/\/rankomat.pl\/finanse\/banki\/millennium-bank\/karty-kredytowe\/\" \/>\n<meta property=\"og:locale\" content=\"pl_PL\" \/>\n<meta property=\"og:type\" content=\"article\" \/>\n<meta property=\"og:title\" content=\"Karty kredytowe w Millennium Banku | Por\u00f3wnywarka finansowa Rankomat\" \/>\n<meta property=\"og:description\" content=\"Karta kredytowa to rozwi\u0105zanie, kt\u00f3re pozwala na elastyczne korzystanie z limitu przyznanego przez bank. Podobnie jak przy innych produktach kredytowych, [&hellip;]\" \/>\n<meta property=\"og:url\" content=\"https:\/\/rankomat.pl\/finanse\/banki\/millennium-bank\/karty-kredytowe\/\" \/>\n<meta property=\"og:site_name\" content=\"Por\u00f3wnywarka finansowa Rankomat\" \/>\n<meta property=\"article:publisher\" content=\"https:\/\/www.facebook.com\/rankomatpl\/\" \/>\n<meta property=\"article:modified_time\" content=\"2024-07-25T12:14:47+00:00\" \/>\n<meta property=\"og:image\" content=\"https:\/\/rankomat.pl\/finanse\/wp-content\/uploads\/2021\/03\/rankomat-star-og.png\" \/>\n\t<meta property=\"og:image:width\" content=\"480\" \/>\n\t<meta property=\"og:image:height\" content=\"320\" \/>\n\t<meta property=\"og:image:type\" content=\"image\/png\" \/>\n<meta name=\"twitter:card\" content=\"summary_large_image\" \/>\n<meta name=\"twitter:site\" content=\"@rankomat\" \/>\n<meta name=\"twitter:label1\" content=\"Szacowany czas czytania\" \/>\n\t<meta name=\"twitter:data1\" content=\"6 minut\" \/>\n<script type=\"application\/ld+json\" class=\"yoast-schema-graph\">{\"@context\":\"https:\/\/schema.org\",\"@graph\":[{\"@type\":\"BreadcrumbList\",\"@id\":\"https:\/\/rankomat.pl\/finanse\/banki\/millennium-bank\/karty-kredytowe\/#breadcrumb\",\"itemListElement\":[{\"@type\":\"ListItem\",\"position\":1,\"name\":\"Finanse\",\"item\":\"https:\/\/rankomat.pl\/finanse\/\"},{\"@type\":\"ListItem\",\"position\":2,\"name\":\"Banki\",\"item\":\"https:\/\/rankomat.pl\/finanse\/banki\/\"},{\"@type\":\"ListItem\",\"position\":3,\"name\":\"Millennium Bank\",\"item\":\"https:\/\/rankomat.pl\/finanse\/banki\/millennium-bank\/\"},{\"@type\":\"ListItem\",\"position\":4,\"name\":\"Karty kredytowe w Millennium Banku\"}]}]}<\/script>\n<!-- \/ Yoast SEO plugin. -->","yoast_head_json":{"title":"Karty kredytowe w Millennium Banku | Por\u00f3wnywarka finansowa Rankomat","robots":{"index":"index","follow":"follow","max-snippet":"max-snippet:-1","max-image-preview":"max-image-preview:large","max-video-preview":"max-video-preview:-1"},"canonical":"https:\/\/rankomat.pl\/finanse\/banki\/millennium-bank\/karty-kredytowe\/","og_locale":"pl_PL","og_type":"article","og_title":"Karty kredytowe w Millennium Banku | Por\u00f3wnywarka finansowa Rankomat","og_description":"Karta kredytowa to rozwi\u0105zanie, kt\u00f3re pozwala na elastyczne korzystanie z limitu przyznanego przez bank. Podobnie jak przy innych produktach kredytowych, [&hellip;]","og_url":"https:\/\/rankomat.pl\/finanse\/banki\/millennium-bank\/karty-kredytowe\/","og_site_name":"Por\u00f3wnywarka finansowa Rankomat","article_publisher":"https:\/\/www.facebook.com\/rankomatpl\/","article_modified_time":"2024-07-25T12:14:47+00:00","og_image":[{"width":480,"height":320,"url":"https:\/\/rankomat.pl\/finanse\/wp-content\/uploads\/2021\/03\/rankomat-star-og.png","type":"image\/png"}],"twitter_card":"summary_large_image","twitter_site":"@rankomat","twitter_misc":{"Szacowany czas czytania":"6 minut"},"schema":{"@context":"https:\/\/schema.org","@graph":[{"@type":"BreadcrumbList","@id":"https:\/\/rankomat.pl\/finanse\/banki\/millennium-bank\/karty-kredytowe\/#breadcrumb","itemListElement":[{"@type":"ListItem","position":1,"name":"Finanse","item":"https:\/\/rankomat.pl\/finanse\/"},{"@type":"ListItem","position":2,"name":"Banki","item":"https:\/\/rankomat.pl\/finanse\/banki\/"},{"@type":"ListItem","position":3,"name":"Millennium Bank","item":"https:\/\/rankomat.pl\/finanse\/banki\/millennium-bank\/"},{"@type":"ListItem","position":4,"name":"Karty kredytowe w Millennium Banku"}]}]}},"yasr_visitor_votes":{"stars_attributes":{"read_only":false,"span_bottom":false},"number_of_votes":0,"sum_votes":0},"_links":{"self":[{"href":"https:\/\/rankomat.pl\/finanse\/wp-json\/wp\/v2\/pages\/10242","targetHints":{"allow":["GET"]}}],"collection":[{"href":"https:\/\/rankomat.pl\/finanse\/wp-json\/wp\/v2\/pages"}],"about":[{"href":"https:\/\/rankomat.pl\/finanse\/wp-json\/wp\/v2\/types\/page"}],"author":[{"embeddable":true,"href":"https:\/\/rankomat.pl\/finanse\/wp-json\/wp\/v2\/users\/30"}],"replies":[{"embeddable":true,"href":"https:\/\/rankomat.pl\/finanse\/wp-json\/wp\/v2\/comments?post=10242"}],"version-history":[{"count":0,"href":"https:\/\/rankomat.pl\/finanse\/wp-json\/wp\/v2\/pages\/10242\/revisions"}],"up":[{"embeddable":true,"href":"https:\/\/rankomat.pl\/finanse\/wp-json\/wp\/v2\/pages\/898"}],"wp:attachment":[{"href":"https:\/\/rankomat.pl\/finanse\/wp-json\/wp\/v2\/media?parent=10242"}],"curies":[{"name":"wp","href":"https:\/\/api.w.org\/{rel}","templated":true}]}}