{"id":10243,"date":"2024-07-11T10:35:07","date_gmt":"2024-07-11T08:35:07","guid":{"rendered":"https:\/\/rankomat.pl\/finanse\/?page_id=10243"},"modified":"2024-07-11T10:39:43","modified_gmt":"2024-07-11T08:39:43","slug":"konta-bankowe","status":"publish","type":"page","link":"https:\/\/rankomat.pl\/finanse\/banki\/santander-bank-polska\/konta-bankowe\/","title":{"rendered":"Konta bankowe w Santander Bank Polska"},"content":{"rendered":"<p><strong>Santander Bank Polska oferuje du\u017cy wyb\u00f3r rachunk\u00f3w przeznaczonych dla klient\u00f3w detalicznych, klient\u00f3w zamo\u017cnych, mikroprzedsi\u0119biorc\u00f3w, rolnik\u00f3w, du\u017cych firm i korporacji. Pozwala to dobra\u0107 konto osobiste i zestaw powi\u0105zanych us\u0142ug, kt\u00f3re b\u0119d\u0105 najlepiej dopasowane do Twoich potrzeb.<\/strong><\/p>\n<h2>Jakie konta osobiste dost\u0119pne s\u0105 w Santander Bank Polska?<\/h2>\n<p>Jako klient indywidualny mo\u017cesz za\u0142o\u017cy\u0107 w Santander Bank Polska <strong>standardowy rachunek oszcz\u0119dno\u015bciowo-rozliczeniowy (ROR)<\/strong>, konto dla wymagaj\u0105cych klient\u00f3w, konto dla student\u00f3w, m\u0142odzie\u017cy i dzieci. Ponadto w ofercie znajdziesz rachunek walutowy, konta dla klient\u00f3w zamo\u017cnych oraz Podstawowy Rachunek P\u0142atniczy. Oferty zweryfikowali\u015bmy 29 czerwca 2024 roku.<\/p>\n<h3>Konto Santander w Santander Bank Polska<\/h3>\n<p>Jest to flagowy rachunek oszcz\u0119dno\u015bciowo-rozliczeniowy w ofercie tej instytucji. W zamian za spe\u0142nienie dodatkowych warunk\u00f3w bank nie pobierze od Ciebie op\u0142at za prowadzenie tego konta. Na uwag\u0119 zas\u0142uguje tak\u017ce nieograniczona liczba bezp\u0142atnych przelew\u00f3w natychmiastowych. Konto to oferowane jest w licznych promocjach, co daje szanse na dodatkow\u0105 premi\u0119.<\/p>\n<h3>Konto Santander Max w Santander Bank Polska<\/h3>\n<p>Konto Santander Max prezentuje nico inn\u0105 koncepcj\u0119. Prowadzenie tego rachunku kosztuje 15 z\u0142 miesi\u0119cznie i nie mo\u017cesz unikn\u0105\u0107 tej op\u0142aty. W zamian otrzymujesz szereg bezp\u0142atnych korzy\u015bci. Mowa tu o m.in. karcie Dopasowanej bez op\u0142aty miesi\u0119cznej, wyp\u0142atach got\u00f3wki z bankomat\u00f3w na \u015bwiecie i nieograniczonej liczb\u0119 przelew\u00f3w zagranicznych. Konto to r\u00f3wnie\u017c mo\u017cesz za\u0142o\u017cy\u0107 w promocji.<\/p>\n<h3>Konto Santander dla studenta (18-25 lat) w Santander Bank Polska<\/h3>\n<p>Jak wskazuje sama nazwa &#8211; jest to konto osobiste skierowane do student\u00f3w. Opr\u00f3cz szeregu us\u0142ug, kt\u00f3re oferowane s\u0105 bezp\u0142atnie (m.in. prowadzenie konta, przelewy natychmiastowe, nieograniczon\u0105 liczb\u0119 przelew\u00f3w zagranicznych) otrzymasz tak\u017ce bezp\u0142atny dost\u0119p do platformy Santander Open Academy.<\/p>\n<h3>Konto24 walutowe w Santander Bank Polska<\/h3>\n<p>Rachunek ten mo\u017cesz za\u0142o\u017cy\u0107 w jednej z 12 walut. W\u015br\u00f3d nich wymieni\u0107 mo\u017cna m.in. euro (EUR), dolara ameryka\u0144skiego (USD), funta brytyjskiego (GBP), franka szwajcarskiego (CHF), koron\u0119 czesk\u0105 (CZK) i koron\u0119 norwesk\u0105 (NOK). Konto to mo\u017ce by\u0107 prowadzone bezp\u0142atnie w zamian za spe\u0142nienie prostego warunku.<\/p>\n<h3>Konto Select w Santander Bank Polska<\/h3>\n<p>To rachunek dla bardziej wymagaj\u0105cych, a przy okazji lepiej zarabiaj\u0105cych klient\u00f3w. Po spe\u0142nieniu warunk\u00f3w dotycz\u0105cych miesi\u0119cznych wp\u0142yw\u00f3w lub wysoko\u015bci posiadanych aktyw\u00f3w konto mo\u017ce by\u0107 prowadzone bezp\u0142atnie. W przeciwnym wypadku bank pobierze op\u0142at\u0119 w wysoko\u015bci 45 z\u0142 miesi\u0119cznie.<\/p>\n<p><strong>Ponadto w ofercie Santander Bank Polska zajdziesz jeszcze:<\/strong><\/p>\n<ul>\n<li>Konto Santander dla m\u0142odych (18-25 lat)<\/li>\n<li>Konto Santander dla m\u0142odych (13-17 lat)<\/li>\n<li>Konto Santander dla dzieci (0-12 lat)<\/li>\n<li>Konto Private Banking,<\/li>\n<li>Podstawowy Rachunek P\u0142atniczy.<\/li>\n<\/ul>\n<h2>Jak za\u0142o\u017cy\u0107 konto osobiste w Santander Bank Polska?<\/h2>\n<p>W Santander Bank Polska za\u0142o\u017cysz konto osobiste na kilka sposob\u00f3w. Mo\u017ce si\u0119 jednak zdarzy\u0107, \u017ce w ramach konkretnej oferty nie b\u0119dziesz mie\u0107 dost\u0119pu do wszystkich mo\u017cliwych kana\u0142\u00f3w. Konto osobiste mo\u017cesz za\u0142o\u017cy\u0107:<\/p>\n<ul>\n<li>sk\u0142adaj\u0105c wniosek na stronie internetowej banku;<\/li>\n<li>przez us\u0142ug\u0119 bankowo\u015bci elektronicznej Santander internet;<\/li>\n<li>w aplikacji Santander mobile;<\/li>\n<li>bezpo\u015brednio w plac\u00f3wce banku.<\/li>\n<\/ul>\n<h2>Kto mo\u017ce otworzy\u0107 konto w Santander Bank Polska?<\/h2>\n<p>Konto osobiste w Santander Bank Polska mog\u0105 otworzy\u0107 osoby pe\u0142noletnie, kt\u00f3re posiadaj\u0105 pe\u0142n\u0105 zdolno\u015b\u0107 do czynno\u015bci prawnych. Osoby niepe\u0142noletnie, kt\u00f3re chcia\u0142by za\u0142o\u017cy\u0107 rachunek dla m\u0142odych, <strong>mog\u0105 to zrobi\u0107 z pomoc\u0105 swoich rodzic\u00f3w lub opiekun\u00f3w prawnych<\/strong>. Co wa\u017cne, konto dla m\u0142odzie\u017cy mo\u017cesz otworzy\u0107 bez obecno\u015bci dziecka. Konta z powodzeniem mog\u0105 zak\u0142ada\u0107 r\u00f3wnie\u017c obcokrajowcy.<\/p>\n<h2>Ile kosztuje za\u0142o\u017cenie i prowadzenie konta osobistego w Santander Bank Polska?<\/h2>\n<p>Op\u0142ata za prowadzenie rachunku zale\u017cy od rodzaju konta. Najbardziej popularne Konto Santander mo\u017ce by\u0107 prowadzone bezp\u0142atnie <strong>w zamian za spe\u0142nienie dodatkowych warunk\u00f3w<\/strong>. Za prowadzenie innych rachunk\u00f3w bank mo\u017ce oczekiwa\u0107 op\u0142aty, ale mo\u017cesz jej unikn\u0105\u0107 w zamian za spe\u0142nienie dodatkowych warunk\u00f3w.<\/p>\n<p>S\u0105 te\u017c konta, kt\u00f3rych prowadzenie jest zawsze p\u0142atne np. Konto Santander Max. Za za\u0142o\u017cenie konta osobistego, bez wzgl\u0119du na jego rodzaj, Santander Bank Polska nie pobiera \u017cadnych op\u0142at.<\/p>\n<h2>Czy do konta osobistego mo\u017cna wyrobi\u0107 kart\u0119 w Santander Bank Polska?<\/h2>\n<p>Santander Bank Polska ma w swojej ofercie kilka kart do kont, tak\u017ce bez problemu znajdziesz dogodn\u0105 dla siebie opcj\u0119. Wymieni\u0107 tu mo\u017cna m.in. kart\u0119 Dopasowan\u0105, kart\u0119 Dopasowan\u0105 dla m\u0142odych, kart\u0119 Mastercard walutow\u0105 i kart\u0119 Visa Select. Dzi\u0119ki karcie mo\u017cesz wygodnie p\u0142aci\u0107 w punktach us\u0142ugowo-handlowych wyposa\u017conych w terminale p\u0142atnicze oraz wyp\u0142aca\u0107 got\u00f3wk\u0119 z bankomat\u00f3w.<\/p>\n<div class=\"expert-opinion-box attention  \">\n    <div class=\"box-title attention-title-box\">\n                    <h3 class=\"title attention-title\">Uwaga!<\/h3>\n            <\/div>\n    <div class=\"opinion\">\n            Pami\u0119taj, \u017ce p\u0142ac\u0105c kart\u0105 debetow\u0105 masz do dyspozycji wy\u0142\u0105cznie kwot\u0119 zgromadzon\u0105 na koncie osobistym, do kt\u00f3rego jest ona podpi\u0119ta.                <\/div>\n    <div class=\"expert-info\">\n                <div>\n            <span class=\"expert-name\"><\/span>\n                    <\/div>\n    <\/div>\n<\/div>\n\n\n<h2>Jakie konta firmowe dost\u0119pne s\u0105 w Santander Bank Polska?<\/h2>\n<p>W Santander Bank Polska znajdziesz te\u017c rachunki firmowe <strong>dopasowane do formy prawnej i skali prowadzonej dzia\u0142alno\u015bci<\/strong>. Wymieni\u0107 tu mo\u017cna m.in. Konto Firmowe Online, Konto Firmowe Godne Polecenia, Konto dla freelancer\u00f3w i Konto Agrobiznes. Dla du\u017cych firm i korporacji przygotowane zosta\u0142y rachunki w z\u0142otych polskich oraz blisko 30 walutach obcych z dost\u0119pem do bankowo\u015bci elektronicznej iBiznes24.<\/p>\n<h2>Jakie konta oszcz\u0119dno\u015bciowe dost\u0119pne s\u0105 w Santander Bank Polska?<\/h2>\n<p>Aktualnie w ofercie Santander Bank Polska znajduj\u0105 si\u0119 2 rachunki oszcz\u0119dno\u015bciowe. Pierwszy z nich to konto oszcz\u0119dno\u015bciowe Select, na kt\u00f3re mo\u017cesz wp\u0142aci\u0107 dowoln\u0105 kwot\u0119. Odsetki naliczane s\u0105 ka\u017cdego dnia i wyp\u0142acane w okresach miesi\u0119cznych. Konto oszcz\u0119dno\u015bciowe Select prowadzone jest bezp\u0142atnie.<\/p>\n<p>Drug\u0105 opcj\u0105 jest konto Multi oszcz\u0119dno\u015bciowe. Rachunek ten prowadzony jest bezp\u0142atnie i <strong>zapewnia miesi\u0119czn\u0105 kapitalizacji odsetek<\/strong>. Warto sprawdza\u0107 oferty specjalne powi\u0105zane z tym kontem, dzi\u0119ki kt\u00f3rym mo\u017cesz skorzysta\u0107 z podwy\u017cszonego oprocentowania. Naturalnie w zamian musisz spe\u0142ni\u0107 dodatkowe warunki promocji.<\/p>\n<p>&nbsp;<\/p>\n<h2>FAQ &#8211; najcz\u0119\u015bciej zadawane pytania<\/h2>\n<h3>Czy konto osobiste w Santander Bank Polska jest oprocentowane?<\/h3>\n<p>Standardowe konta bankowe, czyli inaczej rachunki oszcz\u0119dno\u015bciowo-rozliczeniowe w Santander Bank Polska nie s\u0105 oprocentowane. Je\u015bli chcesz, aby od zgromadzonych \u015brodk\u00f3w bank naliczy\u0142 odsetki, to musisz za\u0142o\u017cy\u0107 konto Multi oszcz\u0119dno\u015bciowe lub konto oszcz\u0119dno\u015bciowe Select.<\/p>\n<h3>Jaki jest numer IBAN konta w Santander Bank Polska?<\/h3>\n<p>Numer Twojego rachunku w Santander Bank Polska, a tak\u017ce w ka\u017cdym innym krajowym banku, sk\u0142ada si\u0119 z 26 cyfr. Je\u015bli chcesz otrzyma\u0107 numer rachunku w formacie IBAN (ang. International Bank Account Number) musisz poprzedzi\u0107 numer swojego konta dwuliterowym kodem kraju. W przypadku Polski b\u0119dzie to PL.<\/p>\n<h3>Czy mo\u017cna zmieni\u0107 typ konta w Santander Bank Polska?<\/h3>\n<p>Nie mo\u017cesz zmieni\u0107 typu konta w Santander Bank Polska. Mo\u017cesz zamkn\u0105\u0107 jeden rachunek i otworzy\u0107 kolejny. Niestety b\u0119dzie mia\u0142 on inny numer, co mo\u017ce stwarza\u0107 niepotrzebne k\u0142opoty. W takiej sytuacji mo\u017cesz otworzy\u0107 nowe konto i nie zamyka\u0107 starego. Sprawd\u017a jednak wcze\u015bniej, czy b\u0119dziesz w stanie spe\u0142nia\u0107 warunki bezp\u0142atno\u015bci dla dw\u00f3ch rachunk\u00f3w.<\/p>\n<h3>Czy mo\u017cna za\u0142o\u017cy\u0107 konto wsp\u00f3lne w Santander Bank Polska?<\/h3>\n<p>W Santander Bank Polska za\u0142o\u017cysz konto wsp\u00f3lne, ale mo\u017cesz to zrobi\u0107 wy\u0142\u0105cznie podczas osobistej wizyty w oddziale. Umowa musi by\u0107 podpisana przez wszystkie osoby zainteresowane prowadzeniem rachunku.<\/p>\n<h3>Jak pobra\u0107 wyci\u0105g z konta w Santander Bank Polska?<\/h3>\n<p>Elektroniczna wersja papierowego zestawienia transakcji oferowana jest przez Santander Bank Polska pod nazw\u0105 eWyci\u0105g. Dokument ten pobierzesz przez us\u0142ug\u0119 bankowo\u015bci elektronicznej Santander internet lub w aplikacji Santander mobile. eWyci\u0105gi mo\u017cesz pobra\u0107 w formatach PDF, HTML, CSV i xml. Us\u0142uga ta jest bezp\u0142atna.<\/p>\n","protected":false},"excerpt":{"rendered":"<p>Santander Bank Polska oferuje du\u017cy wyb\u00f3r rachunk\u00f3w przeznaczonych dla klient\u00f3w detalicznych, klient\u00f3w zamo\u017cnych, mikroprzedsi\u0119biorc\u00f3w, rolnik\u00f3w, du\u017cych firm i korporacji. Pozwala [&hellip;]<\/p>\n","protected":false},"author":9,"featured_media":0,"parent":854,"menu_order":0,"comment_status":"closed","ping_status":"closed","template":"page_bank_product.php","meta":{"_acf_changed":false,"yasr_overall_rating":0,"yasr_post_is_review":"","yasr_auto_insert_disabled":"","yasr_review_type":"","footnotes":""},"class_list":["post-10243","page","type-page","status-publish","hentry"],"acf":[],"yoast_head":"<!-- This site is optimized with the Yoast SEO plugin v27.1.1 - https:\/\/yoast.com\/product\/yoast-seo-wordpress\/ -->\n<title>Konta bankowe w Santander Bank Polska | Por\u00f3wnywarka finansowa Rankomat<\/title>\n<meta name=\"robots\" content=\"index, follow, max-snippet:-1, max-image-preview:large, max-video-preview:-1\" \/>\n<link rel=\"canonical\" href=\"https:\/\/rankomat.pl\/finanse\/banki\/santander-bank-polska\/konta-bankowe\/\" \/>\n<meta property=\"og:locale\" content=\"pl_PL\" \/>\n<meta property=\"og:type\" content=\"article\" \/>\n<meta property=\"og:title\" content=\"Konta bankowe w Santander Bank Polska | Por\u00f3wnywarka finansowa Rankomat\" \/>\n<meta property=\"og:description\" content=\"Santander Bank Polska oferuje du\u017cy wyb\u00f3r rachunk\u00f3w przeznaczonych dla klient\u00f3w detalicznych, klient\u00f3w zamo\u017cnych, mikroprzedsi\u0119biorc\u00f3w, rolnik\u00f3w, du\u017cych firm i korporacji. Pozwala [&hellip;]\" \/>\n<meta property=\"og:url\" content=\"https:\/\/rankomat.pl\/finanse\/banki\/santander-bank-polska\/konta-bankowe\/\" \/>\n<meta property=\"og:site_name\" content=\"Por\u00f3wnywarka finansowa Rankomat\" \/>\n<meta property=\"article:publisher\" content=\"https:\/\/www.facebook.com\/rankomatpl\/\" \/>\n<meta property=\"article:modified_time\" content=\"2024-07-11T08:39:43+00:00\" \/>\n<meta property=\"og:image\" content=\"https:\/\/rankomat.pl\/finanse\/wp-content\/uploads\/2021\/03\/rankomat-star-og.png\" \/>\n\t<meta property=\"og:image:width\" content=\"480\" \/>\n\t<meta property=\"og:image:height\" content=\"320\" \/>\n\t<meta property=\"og:image:type\" content=\"image\/png\" \/>\n<meta name=\"twitter:card\" content=\"summary_large_image\" \/>\n<meta name=\"twitter:site\" content=\"@rankomat\" \/>\n<meta name=\"twitter:label1\" content=\"Szacowany czas czytania\" \/>\n\t<meta name=\"twitter:data1\" content=\"7 minut\" \/>\n<script type=\"application\/ld+json\" class=\"yoast-schema-graph\">{\"@context\":\"https:\/\/schema.org\",\"@graph\":[{\"@type\":\"BreadcrumbList\",\"@id\":\"https:\/\/rankomat.pl\/finanse\/banki\/santander-bank-polska\/konta-bankowe\/#breadcrumb\",\"itemListElement\":[{\"@type\":\"ListItem\",\"position\":1,\"name\":\"Finanse\",\"item\":\"https:\/\/rankomat.pl\/finanse\/\"},{\"@type\":\"ListItem\",\"position\":2,\"name\":\"Banki\",\"item\":\"https:\/\/rankomat.pl\/finanse\/banki\/\"},{\"@type\":\"ListItem\",\"position\":3,\"name\":\"Santander Bank Polska &#8211; aktualnie Erste\",\"item\":\"https:\/\/rankomat.pl\/finanse\/banki\/santander-bank-polska\/\"},{\"@type\":\"ListItem\",\"position\":4,\"name\":\"Konta bankowe w Santander Bank Polska\"}]}]}<\/script>\n<!-- \/ Yoast SEO plugin. -->","yoast_head_json":{"title":"Konta bankowe w Santander Bank Polska | Por\u00f3wnywarka finansowa Rankomat","robots":{"index":"index","follow":"follow","max-snippet":"max-snippet:-1","max-image-preview":"max-image-preview:large","max-video-preview":"max-video-preview:-1"},"canonical":"https:\/\/rankomat.pl\/finanse\/banki\/santander-bank-polska\/konta-bankowe\/","og_locale":"pl_PL","og_type":"article","og_title":"Konta bankowe w Santander Bank Polska | Por\u00f3wnywarka finansowa Rankomat","og_description":"Santander Bank Polska oferuje du\u017cy wyb\u00f3r rachunk\u00f3w przeznaczonych dla klient\u00f3w detalicznych, klient\u00f3w zamo\u017cnych, mikroprzedsi\u0119biorc\u00f3w, rolnik\u00f3w, du\u017cych firm i korporacji. Pozwala [&hellip;]","og_url":"https:\/\/rankomat.pl\/finanse\/banki\/santander-bank-polska\/konta-bankowe\/","og_site_name":"Por\u00f3wnywarka finansowa Rankomat","article_publisher":"https:\/\/www.facebook.com\/rankomatpl\/","article_modified_time":"2024-07-11T08:39:43+00:00","og_image":[{"width":480,"height":320,"url":"https:\/\/rankomat.pl\/finanse\/wp-content\/uploads\/2021\/03\/rankomat-star-og.png","type":"image\/png"}],"twitter_card":"summary_large_image","twitter_site":"@rankomat","twitter_misc":{"Szacowany czas czytania":"7 minut"},"schema":{"@context":"https:\/\/schema.org","@graph":[{"@type":"BreadcrumbList","@id":"https:\/\/rankomat.pl\/finanse\/banki\/santander-bank-polska\/konta-bankowe\/#breadcrumb","itemListElement":[{"@type":"ListItem","position":1,"name":"Finanse","item":"https:\/\/rankomat.pl\/finanse\/"},{"@type":"ListItem","position":2,"name":"Banki","item":"https:\/\/rankomat.pl\/finanse\/banki\/"},{"@type":"ListItem","position":3,"name":"Santander Bank Polska &#8211; aktualnie Erste","item":"https:\/\/rankomat.pl\/finanse\/banki\/santander-bank-polska\/"},{"@type":"ListItem","position":4,"name":"Konta bankowe w Santander Bank Polska"}]}]}},"yasr_visitor_votes":{"stars_attributes":{"read_only":false,"span_bottom":false},"number_of_votes":0,"sum_votes":0},"_links":{"self":[{"href":"https:\/\/rankomat.pl\/finanse\/wp-json\/wp\/v2\/pages\/10243","targetHints":{"allow":["GET"]}}],"collection":[{"href":"https:\/\/rankomat.pl\/finanse\/wp-json\/wp\/v2\/pages"}],"about":[{"href":"https:\/\/rankomat.pl\/finanse\/wp-json\/wp\/v2\/types\/page"}],"author":[{"embeddable":true,"href":"https:\/\/rankomat.pl\/finanse\/wp-json\/wp\/v2\/users\/9"}],"replies":[{"embeddable":true,"href":"https:\/\/rankomat.pl\/finanse\/wp-json\/wp\/v2\/comments?post=10243"}],"version-history":[{"count":0,"href":"https:\/\/rankomat.pl\/finanse\/wp-json\/wp\/v2\/pages\/10243\/revisions"}],"up":[{"embeddable":true,"href":"https:\/\/rankomat.pl\/finanse\/wp-json\/wp\/v2\/pages\/854"}],"wp:attachment":[{"href":"https:\/\/rankomat.pl\/finanse\/wp-json\/wp\/v2\/media?parent=10243"}],"curies":[{"name":"wp","href":"https:\/\/api.w.org\/{rel}","templated":true}]}}