{"id":10244,"date":"2024-07-11T10:45:44","date_gmt":"2024-07-11T08:45:44","guid":{"rendered":"https:\/\/rankomat.pl\/finanse\/?page_id=10244"},"modified":"2024-07-11T10:45:44","modified_gmt":"2024-07-11T08:45:44","slug":"karty-kredytowe","status":"publish","type":"page","link":"https:\/\/rankomat.pl\/finanse\/banki\/santander-bank-polska\/karty-kredytowe\/","title":{"rendered":"Karty kredytowe w Santander Bank Polska"},"content":{"rendered":"<p><strong>W ofercie Santander Bank Polska znajdziesz nie tylko karty do kont, ale tak\u017ce karty kredytowe. Dzia\u0142aj\u0105 na zupe\u0142nie innych zasadach i pozwalaj\u0105 zad\u0142u\u017ca\u0107 si\u0119 w ci\u0119\u017car przyznanego przez bank limitu kredytowego. Umiej\u0119tne korzystanie z kart kredytowych pozwala unikn\u0105\u0107 zap\u0142aty odsetek od zaci\u0105ganych zobowi\u0105za\u0144. Produkt ten dost\u0119pny jest zar\u00f3wno dla klient\u00f3w indywidualnych, jak i firmowych.<\/strong><\/p>\n<h2>Jakie karty kredytowe dost\u0119pne s\u0105 w Santander Bank Polska?<\/h2>\n<p>W ofercie Santander Bank Polska znajdziesz kilka kart kredytowych. W zale\u017cno\u015bci od preferencji mo\u017cesz zdecydowa\u0107 si\u0119 na <strong>kart\u0119 kredytow\u0105 zapewniaj\u0105c\u0105 podstawowy zestaw us\u0142ug<\/strong>, przez kart\u0119 pozwalaj\u0105c\u0105 wspiera\u0107 akcj\u0119 charytatywn\u0105, a na karcie z zestawem presti\u017cowych korzy\u015bci ko\u0144cz\u0105c. Oferty zweryfikowali\u015bmy dnia 29 czerwca 2024 roku.<\/p>\n<h3>Karta kredytowa Visa Silver Akcja Pajacyk w Santander Bank Polska<\/h3>\n<p>Produkt ten pozwala pomaga\u0107 podopiecznym programu Pajacyk. Kiedy p\u0142acisz kart\u0105 Visa Silver Akcja Pajacyk podopieczni tej akcji otrzymuj\u0105 pomoc psychologiczn\u0105 oraz obiady. Dost\u0119pny limit kredytowy tej karty mie\u015bci si\u0119 w przedziale od 500 z\u0142 do 20 tys. z\u0142, a maksymalny okres kredytowy wynosi 54 dni.<\/p>\n<h3>Karta kredytowa Mastercard Silver w Santander Bank Polska<\/h3>\n<p>Limit kredytowy tej karty wynosi od 500 z\u0142 do 50 tys. z\u0142, a maksymalny okres bezodsetkowy to 54 dni. P\u0142ac\u0105c t\u0105 kart\u0105 zbierasz punkty w programie Mastercard\u00ae Bezcenne\u00ae Chwile, kt\u00f3re mo\u017cesz wymienia\u0107 na cenne nagrody. Korzystaj\u0105c z tej oferty otrzymasz r\u00f3wnie\u017c zni\u017ck\u0119 na rezerwacj\u0119 samochodu.<\/p>\n<h3>Karta kredytowa World Mastercard w Santander Bank Polska<\/h3>\n<p>Karta ta zosta\u0142a przygotowana z my\u015bl\u0105 o osobach o wi\u0119kszych potrzebach finansowych. W tym przypadku mo\u017cesz wnioskowa\u0107 o limit w kwocie od 4 do 100 tys. z\u0142. Maksymalny okres bezodsetkowy wynosi 54 dni. Karta kredytowa World Mastercard pozwala uczestniczy\u0107 w programie Mastercard\u00ae Bezcenne\u00ae Chwile oraz zapewnia 9% zni\u017cki na Rentalcars.com.<\/p>\n<h3>Karta kredytowa Visa Platinum w Santander Bank Polska<\/h3>\n<p>Wybieraj\u0105c t\u0119 kart\u0119 mo\u017cesz wnioskowa\u0107 o limit kredytowy do 150 tys. z\u0142. Opr\u00f3cz tego zyskujesz dost\u0119p do ekskluzywnych us\u0142ug obejmuj\u0105cych m.in. wej\u015bcie do 1500 salonik\u00f3w VIP na lotniskach w programie Priority Pass. Mo\u017cesz te\u017c czerpa\u0107 dodatkowe korzy\u015bci rejestruj\u0105c kart\u0119 w programie Visa Benefit.<\/p>\n<h2>Jak wyrobi\u0107 kart\u0119 kredytow\u0105 w Santander Bank Polska?<\/h2>\n<p>Wszystkie opisane powy\u017cej karty kredytowe dla klient\u00f3w indywidualnych <strong>mo\u017cesz zam\u00f3wi\u0107 w takich samych kana\u0142ach<\/strong>. Santander Bank Polska daje Ci do wyboru z\u0142o\u017cenie wniosku:<\/p>\n<ul>\n<li>przez us\u0142ug\u0119 bankowo\u015bci elektronicznej Santander internet<\/li>\n<li>w aplikacji Santander mobile<\/li>\n<li>przez infolini\u0119<\/li>\n<li>bezpo\u015brednio w plac\u00f3wce banku.<\/li>\n<\/ul>\n<h2>Kto mo\u017ce wyrobi\u0107 kart\u0119 kredytow\u0105 w Santander Bank Polska?<\/h2>\n<p>Korzystaj\u0105c z karty kredytowej zaci\u0105gasz d\u0142ug, kt\u00f3ry musisz p\u00f3\u017aniej sp\u0142aci\u0107. Dlatego przepustk\u0105 do wyrobienia karty kredytowej <strong>jest odpowiednia zdolno\u015b\u0107 kredytowa<\/strong>. Poza tym musisz by\u0107 osob\u0105 pe\u0142noletni\u0105 z pe\u0142n\u0105 zdolno\u015bci\u0105 do czynno\u015bci prawnych. Przy bardziej presti\u017cowych kartach mo\u017ce pojawi\u0107 si\u0119 tak\u017ce wym\u00f3g np. minimalnych dochod\u00f3w lub posiadania odpowiedniego maj\u0105tku.<\/p>\n<h2>Jak aktywowa\u0107 kart\u0119 kredytow\u0105 w Santander Bank Polska?<\/h2>\n<p>Kart\u0119 kredytow\u0105 mo\u017cesz aktywowa\u0107 podczas pierwszej transakcji bankomacie Santander Bank Polska lub w terminalu p\u0142atniczym, gdzie b\u0119dzie wymagane podanie numeru PIN. Mo\u017cesz te\u017c <strong>aktywowa\u0107 kart\u0119 w us\u0142udze bankowo\u015bci elektronicznej<\/strong> Santander internet. W tym celu:<\/p>\n<ul>\n<li>po zalogowaniu wybierz zak\u0142adk\u0119 Finanse \u2013 Karty. Nast\u0119pnie przy karcie, kt\u00f3r\u0105 zamierzasz aktywowa\u0107, kliknij opcj\u0119 Aktywuj. Nast\u0119pnie w opcji Wi\u0119cej wybierz Nadaj PIN.<\/li>\n<\/ul>\n<p>Kart\u0119 kredytow\u0105 mo\u017cesz r\u00f3wnie\u017c<strong> aktywowa\u0107 w aplikacji Santander mobile<\/strong>. Procedura ta prezentuje si\u0119 nast\u0119puj\u0105co:<\/p>\n<ul>\n<li>po zalogowaniu wybierz na ekranie kart\u0119, kt\u00f3r\u0105 chcesz aktywowa\u0107. Nast\u0119pnie wybierz Opcje \u2013 Aktywuj kart\u0119 oraz nadaj PIN do karty.<\/li>\n<\/ul>\n<h2>Ile kosztuje karta kredytowa w Santander Bank Polska?<\/h2>\n<p>Op\u0142ata roczna za prowadzenie karty kredytowej w Santander Bank Polska zale\u017cy od jej rodzaju. Im bardziej presti\u017cowy wariant, tym wy\u017csze potencjalne koszty. <strong>Zazwyczaj op\u0142aty mo\u017cesz unikn\u0105\u0107 spe\u0142niaj\u0105c dodatkowe warunki<\/strong>. Dla por\u00f3wnania (zak\u0142adaj\u0105c, \u017ce nie spe\u0142ni\u0142e\u015b warunk\u00f3w bezp\u0142atno\u015bci) &#8211; roczna op\u0142ata za kart\u0119 kredytow\u0105 Mastercard Silver wynosi 7,5 z\u0142, a za kart\u0119 Visa Platinum wynosi ju\u017c 42 z\u0142.<\/p>\n<h2>Jak wygl\u0105da sp\u0142ata karty kredytowej w Santander Bank Polska?<\/h2>\n<p>Je\u015bli w okresie rozliczeniowym dokona\u0142e\u015b transakcji kart\u0105 kredytow\u0105,<strong> to po jego zako\u0144czeniu otrzymasz od banku wyci\u0105g<\/strong>, w kt\u00f3rym znajdziesz m.in. wysoko\u015b\u0107 ca\u0142kowitego zad\u0142u\u017cenia, minimaln\u0105 kwot\u0119 sp\u0142aty oraz termin p\u0142atno\u015bci. Sp\u0142at\u0119 zad\u0142u\u017cenia mo\u017cesz zrealizowa\u0107 przelewem.<\/p>\n<div class=\"expert-opinion-box attention  \">\n    <div class=\"box-title attention-title-box\">\n                    <h3 class=\"title attention-title\">Uwaga!<\/h3>\n            <\/div>\n    <div class=\"opinion\">\n            Mo\u017cesz te\u017c skorzysta\u0107 z automatycznej sp\u0142aty zad\u0142u\u017cenia nawet w sytuacji, kiedy masz konto osobiste w innym banku, upowa\u017cniaj\u0105c Santander Bank Polska do sta\u0142ego automatycznego pobierania minimalnej lub ca\u0142kowitej kwoty sp\u0142aty widocznej na wyci\u0105gu.                <\/div>\n    <div class=\"expert-info\">\n                <div>\n            <span class=\"expert-name\"><\/span>\n                    <\/div>\n    <\/div>\n<\/div>\n\n\n<p>Zad\u0142u\u017cenie karty kredytowej mo\u017cesz sp\u0142aci\u0107 r\u00f3wnie\u017c w formie wp\u0142aty got\u00f3wkowej w bankomatach Santander Bank Polska.<\/p>\n<p>&nbsp;<\/p>\n<h2>FAQ &#8211; najcz\u0119\u015bciej zadawane pytania<\/h2>\n<h3>Czym jest okres bezodsetkowy przy karcie kredytowej?<\/h3>\n<p>Je\u015bli dokonasz ca\u0142kowitej sp\u0142aty karty kredytowej w okresie bezodsetkowym, to nie zap\u0142acisz odsetek od zad\u0142u\u017cenia. Karty kredytowe w Santander Bank Polska maj\u0105 zazwyczaj 54 dni okresu bezodsetkowego, na kt\u00f3ry sk\u0142ada si\u0119 30 dni okresu rozliczeniowego plus 24 dni na sp\u0142at\u0119 zad\u0142u\u017cenia.<\/p>\n<h3>Jak zrobi\u0107 przelew z karty kredytowej w Santander Bank Polska?<\/h3>\n<p>Aby robi\u0107 przelew z rachunku karty kredytowej w pierwszej kolejno\u015bci zaloguj si\u0119 do Santander internet lub Santander mobile. Nast\u0119pnie wybierz typ przelewu, kt\u00f3ry chcesz zrealizowa\u0107. P\u00f3\u017aniej jako rachunek \u017ar\u00f3d\u0142owy wybierz rachunek karty kredytowej \u2013 powinien by\u0107 widoczny na li\u015bcie rachunk\u00f3w w\u0142asnych.<\/p>\n<h3>Czy mo\u017cna za\u0142o\u017cy\u0107 kart\u0119 kredytow\u0105 dla dziecka w Santander Bank Polska?<\/h3>\n<p>Nie. Jest to produkt kredytowy, wi\u0119c zgodnie z przepisami prawa nie mog\u0105 korzysta\u0107 z niego dzieci. Osoby niepe\u0142noletnie mog\u0105 korzysta\u0107 z kart debetowych i przedp\u0142aconych, ale tu wymagana jest wcze\u015bniejsza zgoda rodzica lub opiekuna prawnego.<\/p>\n<h3>Od czego zale\u017cy wysoko\u015b\u0107 limitu na karcie kredytowej w Santander Bank Polska?<\/h3>\n<p>Wysoko\u015b\u0107 limitu na karcie kredytowej w Santander Bank Polska zale\u017cy od dw\u00f3ch element\u00f3w. Pierwszym z nich jest ograniczenie wynikaj\u0105ce konstrukcji wybranej oferty. Drugi powi\u0105zany jest z Twoj\u0105 zdolno\u015bci\u0105 kredytow\u0105. Je\u015bli ta jest zbyt niska, to bank mo\u017ce odm\u00f3wi\u0107 Ci nawet wydania karty kredytowej z najni\u017cszym mo\u017cliwym limitem.<\/p>\n","protected":false},"excerpt":{"rendered":"<p>W ofercie Santander Bank Polska znajdziesz nie tylko karty do kont, ale tak\u017ce karty kredytowe. Dzia\u0142aj\u0105 na zupe\u0142nie innych zasadach [&hellip;]<\/p>\n","protected":false},"author":9,"featured_media":0,"parent":854,"menu_order":0,"comment_status":"closed","ping_status":"closed","template":"page_bank_product.php","meta":{"_acf_changed":false,"yasr_overall_rating":0,"yasr_post_is_review":"","yasr_auto_insert_disabled":"","yasr_review_type":"","footnotes":""},"class_list":["post-10244","page","type-page","status-publish","hentry"],"acf":[],"yoast_head":"<!-- This site is optimized with the Yoast SEO plugin v27.1.1 - https:\/\/yoast.com\/product\/yoast-seo-wordpress\/ -->\n<title>Karty kredytowe w Santander Bank Polska | Por\u00f3wnywarka finansowa Rankomat<\/title>\n<meta name=\"robots\" content=\"index, follow, max-snippet:-1, max-image-preview:large, max-video-preview:-1\" \/>\n<link rel=\"canonical\" href=\"https:\/\/rankomat.pl\/finanse\/banki\/santander-bank-polska\/karty-kredytowe\/\" \/>\n<meta property=\"og:locale\" content=\"pl_PL\" \/>\n<meta property=\"og:type\" content=\"article\" \/>\n<meta property=\"og:title\" content=\"Karty kredytowe w Santander Bank Polska | Por\u00f3wnywarka finansowa Rankomat\" \/>\n<meta property=\"og:description\" content=\"W ofercie Santander Bank Polska znajdziesz nie tylko karty do kont, ale tak\u017ce karty kredytowe. Dzia\u0142aj\u0105 na zupe\u0142nie innych zasadach [&hellip;]\" \/>\n<meta property=\"og:url\" content=\"https:\/\/rankomat.pl\/finanse\/banki\/santander-bank-polska\/karty-kredytowe\/\" \/>\n<meta property=\"og:site_name\" content=\"Por\u00f3wnywarka finansowa Rankomat\" \/>\n<meta property=\"article:publisher\" content=\"https:\/\/www.facebook.com\/rankomatpl\/\" \/>\n<meta property=\"og:image\" content=\"https:\/\/rankomat.pl\/finanse\/wp-content\/uploads\/2021\/03\/rankomat-star-og.png\" \/>\n\t<meta property=\"og:image:width\" content=\"480\" \/>\n\t<meta property=\"og:image:height\" content=\"320\" \/>\n\t<meta property=\"og:image:type\" content=\"image\/png\" \/>\n<meta name=\"twitter:card\" content=\"summary_large_image\" \/>\n<meta name=\"twitter:site\" content=\"@rankomat\" \/>\n<meta name=\"twitter:label1\" content=\"Szacowany czas czytania\" \/>\n\t<meta name=\"twitter:data1\" content=\"6 minut\" \/>\n<script type=\"application\/ld+json\" class=\"yoast-schema-graph\">{\"@context\":\"https:\/\/schema.org\",\"@graph\":[{\"@type\":\"BreadcrumbList\",\"@id\":\"https:\/\/rankomat.pl\/finanse\/banki\/santander-bank-polska\/karty-kredytowe\/#breadcrumb\",\"itemListElement\":[{\"@type\":\"ListItem\",\"position\":1,\"name\":\"Finanse\",\"item\":\"https:\/\/rankomat.pl\/finanse\/\"},{\"@type\":\"ListItem\",\"position\":2,\"name\":\"Banki\",\"item\":\"https:\/\/rankomat.pl\/finanse\/banki\/\"},{\"@type\":\"ListItem\",\"position\":3,\"name\":\"Santander Bank Polska\",\"item\":\"https:\/\/rankomat.pl\/finanse\/banki\/santander-bank-polska\/\"},{\"@type\":\"ListItem\",\"position\":4,\"name\":\"Karty kredytowe w Santander Bank Polska\"}]}]}<\/script>\n<!-- \/ Yoast SEO plugin. -->","yoast_head_json":{"title":"Karty kredytowe w Santander Bank Polska | Por\u00f3wnywarka finansowa Rankomat","robots":{"index":"index","follow":"follow","max-snippet":"max-snippet:-1","max-image-preview":"max-image-preview:large","max-video-preview":"max-video-preview:-1"},"canonical":"https:\/\/rankomat.pl\/finanse\/banki\/santander-bank-polska\/karty-kredytowe\/","og_locale":"pl_PL","og_type":"article","og_title":"Karty kredytowe w Santander Bank Polska | Por\u00f3wnywarka finansowa Rankomat","og_description":"W ofercie Santander Bank Polska znajdziesz nie tylko karty do kont, ale tak\u017ce karty kredytowe. Dzia\u0142aj\u0105 na zupe\u0142nie innych zasadach [&hellip;]","og_url":"https:\/\/rankomat.pl\/finanse\/banki\/santander-bank-polska\/karty-kredytowe\/","og_site_name":"Por\u00f3wnywarka finansowa Rankomat","article_publisher":"https:\/\/www.facebook.com\/rankomatpl\/","og_image":[{"width":480,"height":320,"url":"https:\/\/rankomat.pl\/finanse\/wp-content\/uploads\/2021\/03\/rankomat-star-og.png","type":"image\/png"}],"twitter_card":"summary_large_image","twitter_site":"@rankomat","twitter_misc":{"Szacowany czas czytania":"6 minut"},"schema":{"@context":"https:\/\/schema.org","@graph":[{"@type":"BreadcrumbList","@id":"https:\/\/rankomat.pl\/finanse\/banki\/santander-bank-polska\/karty-kredytowe\/#breadcrumb","itemListElement":[{"@type":"ListItem","position":1,"name":"Finanse","item":"https:\/\/rankomat.pl\/finanse\/"},{"@type":"ListItem","position":2,"name":"Banki","item":"https:\/\/rankomat.pl\/finanse\/banki\/"},{"@type":"ListItem","position":3,"name":"Santander Bank Polska","item":"https:\/\/rankomat.pl\/finanse\/banki\/santander-bank-polska\/"},{"@type":"ListItem","position":4,"name":"Karty kredytowe w Santander Bank Polska"}]}]}},"yasr_visitor_votes":{"stars_attributes":{"read_only":false,"span_bottom":false},"number_of_votes":0,"sum_votes":0},"_links":{"self":[{"href":"https:\/\/rankomat.pl\/finanse\/wp-json\/wp\/v2\/pages\/10244","targetHints":{"allow":["GET"]}}],"collection":[{"href":"https:\/\/rankomat.pl\/finanse\/wp-json\/wp\/v2\/pages"}],"about":[{"href":"https:\/\/rankomat.pl\/finanse\/wp-json\/wp\/v2\/types\/page"}],"author":[{"embeddable":true,"href":"https:\/\/rankomat.pl\/finanse\/wp-json\/wp\/v2\/users\/9"}],"replies":[{"embeddable":true,"href":"https:\/\/rankomat.pl\/finanse\/wp-json\/wp\/v2\/comments?post=10244"}],"version-history":[{"count":0,"href":"https:\/\/rankomat.pl\/finanse\/wp-json\/wp\/v2\/pages\/10244\/revisions"}],"up":[{"embeddable":true,"href":"https:\/\/rankomat.pl\/finanse\/wp-json\/wp\/v2\/pages\/854"}],"wp:attachment":[{"href":"https:\/\/rankomat.pl\/finanse\/wp-json\/wp\/v2\/media?parent=10244"}],"curies":[{"name":"wp","href":"https:\/\/api.w.org\/{rel}","templated":true}]}}