{"id":10258,"date":"2024-07-28T18:31:38","date_gmt":"2024-07-28T16:31:38","guid":{"rendered":"https:\/\/rankomat.pl\/finanse\/?page_id=10258"},"modified":"2024-07-30T10:44:15","modified_gmt":"2024-07-30T08:44:15","slug":"kredyty-hipoteczne","status":"publish","type":"page","link":"https:\/\/rankomat.pl\/finanse\/banki\/bank-pekao-sa\/kredyty-hipoteczne\/","title":{"rendered":"Kredyty hipoteczne w Banku Pekao SA"},"content":{"rendered":"<p><strong>W Banku Pekao S.A. klienci maj\u0105 mo\u017cliwo\u015b\u0107 uzyskania kredyt\u00f3w hipotecznych, kt\u00f3re s\u0105 przeznaczone na finansowanie zakupu lub refinansowanie nieruchomo\u015bci. Bank oferuje szerok\u0105 gam\u0119 produkt\u00f3w kredytowych zwi\u0105zanych z hipotek\u0105, dostosowanych do r\u00f3\u017cnych potrzeb i sytuacji finansowych klient\u00f3w.<\/strong><\/p>\n<p><!--more--><\/p>\n<h2>Jakie kredyty hipoteczne s\u0105 dost\u0119pne w Banku Pekao S.A.?<\/h2>\n<h3>Kredyt hipoteczny z niskim wk\u0142adem w\u0142asnym \/ kredyt na dom lub mieszkanie od dewelopera<\/h3>\n<p>Kredyt hipoteczny to standardowy produkt Banku Pekao S.A., kt\u00f3ry jest szeroko dost\u0119pny dla klient\u00f3w. Pozwala on na zaci\u0105gni\u0119cie kredytu hipotecznego nawet do 2 800 000 z\u0142otych, a okres sp\u0142aty mo\u017cna roz\u0142o\u017cy\u0107 na maksymalnie 30 lat. Na stronie internetowej Banku Pekao S.A. dost\u0119pny jest kalkulator kredytu hipotecznego, u\u0142atwiaj\u0105cy oszacowanie koszt\u00f3w tego rodzaju kredytu. Minimalny wk\u0142ad w\u0142asny wynosi jedynie 10%, ale kredyty z tak niskim wk\u0142adem wymagaj\u0105 dodatkowego ubezpieczenia.<\/p>\n<h3>Kredyt na ekodom<\/h3>\n<p>Kredyt na budow\u0119, remont lub modernizacj\u0119 domu jednorodzinnego. Przyznawany na zasadach promocyjnych pod warunkiem spe\u0142nienia norm budownictwa ekologicznego i zainwestowania w technologie przyjazne \u015brodowisku np. wysok\u0105 efektywno\u015b\u0107 ciepln\u0105. W pozosta\u0142ych aspektach (opr\u00f3cz wymaga\u0144 ekologicznych i obni\u017conej prowizji) jest to standardowy kredyt hipoteczny.<\/p>\n<h3>Bezpieczny kredyt mieszkaniowy w programie Pierwsze Mieszkanie \/ Rodzinny kredyt mieszkaniowy<\/h3>\n<p>Bank Pekao S.A. oferuje tak\u017ce kredyty hipoteczne dostosowane do aktualnych program\u00f3w pomocowych. Cz\u0119sto, gdy taki program funkcjonuje, Bank Pekao ma w swojej ofercie nowy produkt, ale nie zawsze jest on lepszy od standardowego kredytu hipotecznego w tym banku.<\/p>\n<h3>Po\u017cyczka hipoteczna dla firm<\/h3>\n<p>Firmy posiadaj\u0105ce nieruchomo\u015bci mog\u0105 w Banku Pekao zaci\u0105gn\u0105\u0107 po\u017cyczki hipoteczne na okres maksymalnie 120 miesi\u0119cy (10 lat). Dost\u0119pne s\u0105 po\u017cyczki z\u0142ot\u00f3wkowe, ale te\u017c dolarowe i w euro.<\/p>\n<h3>Jakie warunki trzeba spe\u0142ni\u0107 wnioskuj\u0105c o kredyt hipoteczny w Banku Pekao S.A.?<\/h3>\n<p>Zaci\u0105gni\u0119cie kredytu hipotecznego w Banku Pekao S.A. wymaga uwzgl\u0119dnienia wielu istotnych aspekt\u00f3w. <strong>Kluczowym elementem jest odpowiedni wk\u0142ad w\u0142asny<\/strong>, kt\u00f3ry stanowi wa\u017cne zabezpieczenie dla banku oraz klienta. Wysoko\u015b\u0107 wk\u0142adu w\u0142asnego jest uzale\u017cniona od rodzaju kredytu oraz polityki banku, <strong>lecz zazwyczaj wynosi minimalnie 10% lub 20% warto\u015bci nieruchomo\u015bci<\/strong>. Jest to kluczowy element, kt\u00f3ry wp\u0142ywa na poziom ryzyka dla banku oraz na stabilno\u015b\u0107 finansow\u0105 kredytobiorcy.<\/p>\n<p>Kolejnym istotnym aspektem jest <strong>warto\u015b\u0107 nieruchomo\u015bci, kt\u00f3r\u0105 klient chce zabezpieczy\u0107 kredyt<\/strong>. Bank dok\u0142adnie analizuje t\u0119 warto\u015b\u0107, aby upewni\u0107 si\u0119, \u017ce spe\u0142nia ona wymagane kryteria. To istotne ze wzgl\u0119du na zwi\u0105zek mi\u0119dzy warto\u015bci\u0105 nieruchomo\u015bci a kwot\u0105 kredytu, kt\u00f3r\u0105 klient mo\u017ce otrzyma\u0107.<\/p>\n<p><strong>Zdolno\u015b\u0107 kredytowa klienta jest tak\u017ce kluczowym czynnikiem<\/strong> branym pod uwag\u0119 przez bank. Zdolno\u015b\u0107 kredytowa klienta jest oceniana na podstawie r\u00f3\u017cnych czynnik\u00f3w, w tym historii kredytowej, dochod\u00f3w oraz istniej\u0105cych zobowi\u0105za\u0144 finansowych. Bank dok\u0142adnie analizuje te aspekty, aby okre\u015bli\u0107 ryzyko kredytowe i zdolno\u015b\u0107 klienta do sp\u0142aty zad\u0142u\u017cenia.<\/p>\n<p>Kolejnym istotnym wymogiem jest <strong>dostarczenie odpowiedniej dokumentacji<\/strong>. Wnioskuj\u0105cy o kredyt hipoteczny musi dostarczy\u0107 kompletn\u0105 dokumentacj\u0119 potwierdzaj\u0105c\u0105 swoje dochody, zatrudnienie oraz informacje dotycz\u0105ce nieruchomo\u015bci. Bank wymaga tego w celu dok\u0142adnej oceny sytuacji finansowej klienta oraz minimalizacji ryzyka kredytowego.<\/p>\n<p>Dodatkowo istniej\u0105 pewne warunki, kt\u00f3re mog\u0105 by\u0107 wymagane przez bank. W niekt\u00f3rych przypadkach <strong>bank mo\u017ce wymaga\u0107 zawarcia umowy ubezpieczenia<\/strong>, szczeg\u00f3lnie przy niskim wk\u0142adzie w\u0142asnym, aby zabezpieczy\u0107 si\u0119 przed ryzykiem niewyp\u0142acalno\u015bci kredytobiorcy. Zawsze b\u0119dzie wymaga\u0107 ubezpieczenia niskiego wk\u0142adu w\u0142asnego je\u015bli wk\u0142ad w\u0142asny jest ni\u017cszy ni\u017c 20%.<\/p>\n<p>W celu podniesienia zdolno\u015bci kredytowej <strong>konieczne mo\u017ce by\u0107 uregulowanie wcze\u015bniejszych zobowi\u0105za\u0144 finansowych<\/strong>, zw\u0142aszcza zamkni\u0119cie kart kredytowych i sp\u0142ata innych kredyt\u00f3w.<\/p>\n<p><strong>Konieczna b\u0119dzie r\u00f3wnie\u017c zgoda wsp\u00f3\u0142ma\u0142\u017conka<\/strong>, szczeg\u00f3lnie je\u015bli ma\u0142\u017conkowie nie posiadaj\u0105 rozdzielno\u015bci maj\u0105tkowej. Jest to dodatkowe zabezpieczenie dla banku, aby upewni\u0107 si\u0119, \u017ce decyzja o zaci\u0105gni\u0119ciu kredytu jest podejmowana we wsp\u00f3lnym porozumieniu.<\/p>\n<p>Wnioskowanie o kredyt hipoteczny w Banku Pekao S.A. wymaga wi\u0119c uwzgl\u0119dnienia wielu r\u00f3\u017cnych czynnik\u00f3w i spe\u0142nienia szeregu warunk\u00f3w. Kluczowe jest dok\u0142adne zrozumienie wymaga\u0144 banku oraz przygotowanie odpowiedniej dokumentacji, co pozwoli na sprawn\u0105 i skuteczn\u0105 procedur\u0119 wnioskowania o kredyt hipoteczny.<\/p>\n<h2>Oprocentowanie kredytu hipotecznego w Banku Pekao S.A.<\/h2>\n<p>Bank Pekao S.A. udziela kredyt\u00f3w hipotecznych z r\u00f3\u017cnymi rodzajami oprocentowania, daj\u0105c klientom mo\u017cliwo\u015b\u0107 wyboru rozwi\u0105zania najlepiej dopasowanego do ich potrzeb. Oprocentowanie mo\u017ce by\u0107 zmienne lub sta\u0142e przez okre\u015blony czas.<\/p>\n<h3>Rodzaje oprocentowania:<\/h3>\n<h4>Oprocentowanie zmienne:<\/h4>\n<p>Kredyty hipoteczne w Banku Pekao S.A. mog\u0105 by\u0107 oferowane z oprocentowaniem zmiennym, co oznacza, \u017ce ich stopa procentowa mo\u017ce ulega\u0107 zmianom zale\u017cnie od warunk\u00f3w rynkowych. W przypadku tego rodzaju kredyt\u00f3w klient jest nara\u017cony na ryzyko wzrostu raty w przypadku wzrostu st\u00f3p procentowych.<br \/>\nOprocentowanie zmienne sk\u0142ada si\u0119 z dw\u00f3ch element\u00f3w. Pierwszym jest mar\u017ca banku, kt\u00f3rej bank nie zmienia w trakcie sp\u0142aty. Drugim jest wska\u017anik WIBOR (a ma by\u0107 WIROR), kt\u00f3ry dodaje si\u0119 do mar\u017cy. Wska\u017anik zmienia si\u0119 wraz z warunkami rynkowymi.<\/p>\n<h4>Oprocentowanie sta\u0142e na 5 lat:<\/h4>\n<p>Istnieje r\u00f3wnie\u017c mo\u017cliwo\u015b\u0107 zaci\u0105gni\u0119cia kredytu hipotecznego z oprocentowaniem sta\u0142ym na okres 5 lat. Po up\u0142ywie tego okresu klient mo\u017ce zdecydowa\u0107 si\u0119 na jego odnowienie na kolejne 5 lat, jednak\u017ce z nowo wyliczonym oprocentowaniem. W ka\u017cdej chwili istnieje mo\u017cliwo\u015b\u0107 przej\u015bcia z oprocentowania zmiennego na sta\u0142e, jednak nie odwrotnie.<\/p>\n<h2>Jak wzi\u0105\u0107 kredyt hipoteczny w Banku Pekao S.A.?<\/h2>\n<p>Najlepszym sposobem na z\u0142o\u017cenie wniosku o kredyt hipoteczny w Banku Pekao S.A. jest skorzystanie z platformy online banku, czyli serwisu Pekao24. <strong>Klient mo\u017ce wype\u0142ni\u0107 wniosek za pomoc\u0105 serwisu transakcyjnego<\/strong>, a niezb\u0119dne dokumenty wys\u0142a\u0107 w formie skan\u00f3w mailem jako za\u0142\u0105czniki. W razie potrzeby warto skontaktowa\u0107 si\u0119 z infolini\u0105 Banku Pekao S.A. w celu uzyskania dodatkowych informacji.<br \/>\n<strong>Podpisanie umowy kredytu hipotecznego odbywa si\u0119 osobi\u015bcie<\/strong>, dlatego trzeba odwiedzi\u0107 w tym celu oddzia\u0142 banku &#8211; szczeg\u00f3lnie gdy wszystkie szczeg\u00f3\u0142y zosta\u0142y ju\u017c ustalone.<br \/>\nNa stronie banku dost\u0119pna jest r\u00f3wnie\u017c wygodna opcja, kt\u00f3ra umo\u017cliwia zam\u00f3wienie kontaktu ze strony pracownika banku. Pracownik ten zadzwoni i pomo\u017ce w z\u0142o\u017ceniu wniosku o kredyt hipoteczny w Banku Pekao S.A.<\/p>\n<h2>Wk\u0142ad w\u0142asny przy kredycie hipotecznym w Banku Pekao S.A.<\/h2>\n<p>Przy zaci\u0105ganiu kredytu hipotecznego w Banku Pekao S.A. konieczne jest zebranie <strong>przynajmniej 20% wk\u0142adu w\u0142asnego<\/strong>. Oznacza to, \u017ce stosunek kredytu do warto\u015bci nieruchomo\u015bci (wska\u017anik LTV) nie mo\u017ce przekroczy\u0107 80%. Jednak w przypadku po\u017cyczki hipotecznej na dowolny cel, LTV mo\u017ce by\u0107 znacznie ni\u017cszy.<\/p>\n<p>Bank mo\u017ce r\u00f3wnie\u017c rozwa\u017cy\u0107 udzielenie kredyt\u00f3w mieszkaniowych <strong>przy ni\u017cszym wk\u0142adzie w\u0142asnym (minimum 10%),<\/strong> jednak\u017ce b\u0119dzie wymaga\u0142 dodatkowych zabezpiecze\u0144 ze strony klienta. Kredyt taki mo\u017ce by\u0107 te\u017c dro\u017cszy.<\/p>\n<h2>Jakie dokumenty s\u0105 potrzebne do kredytu hipotecznego w Banku Pekao S.A.?<\/h2>\n<p>W Banku Pekao S.A., w procesie ubiegania si\u0119 o kredyt hipoteczny, istnieje konieczno\u015b\u0107 dostarczenia r\u00f3\u017cnorodnych dokument\u00f3w, kt\u00f3re potwierdz\u0105 zar\u00f3wno zdolno\u015b\u0107 kredytow\u0105 klienta, jak i warto\u015b\u0107 nieruchomo\u015bci stanowi\u0105cej zabezpieczenie kredytu. Poni\u017cej przedstawiamy szczeg\u00f3\u0142ow\u0105 list\u0119 dokument\u00f3w:<\/p>\n<ul>\n<li><strong>Operat szacunkowy nieruchomo\u015bci:<\/strong> Dokument ten jest niezb\u0119dny, aby bank m\u00f3g\u0142 oceni\u0107 rzeczywist\u0105 warto\u015b\u0107 nieruchomo\u015bci, kt\u00f3ra b\u0119dzie stanowi\u0142a zabezpieczenie kredytu. Wa\u017cne jest, aby operat szacunkowy by\u0142 aktualny i obejmowa\u0142 ca\u0142o\u015b\u0107 nieruchomo\u015bci.<\/li>\n<li><strong>Pozwolenia na budow\u0119 i projekty budynk\u00f3w:<\/strong> W przypadku kredyt\u00f3w zwi\u0105zanych z budow\u0105 domu, klient musi dostarczy\u0107 wszelkie wymagane pozwolenia na budow\u0119 oraz dokumentacj\u0119 dotycz\u0105c\u0105 projekt\u00f3w budowlanych. Brak tych dokument\u00f3w mo\u017ce uniemo\u017cliwi\u0107 bankowi wyp\u0142at\u0119 transz kredytu.<\/li>\n<li><strong>Wyci\u0105g z konta bankowego:<\/strong> Bank zazwyczaj wymaga wyci\u0105gu z konta bankowego klienta, aby oceni\u0107 jego stabilno\u015b\u0107 finansow\u0105 oraz regularno\u015b\u0107 wp\u0142yw\u00f3w. Stali klienci Banku Pekao S.A. mog\u0105 by\u0107 zwolnieni z tego wymogu.<\/li>\n<li><strong>Dokumenty potwierdzaj\u0105ce dochody:<\/strong> Klient musi dostarczy\u0107 dokumenty potwierdzaj\u0105ce swoje dochody, takie jak za\u015bwiadczenia o zatrudnieniu, umowy o prac\u0119, czy zeznania podatkowe. Osoby prowadz\u0105ce jednoosobow\u0105 dzia\u0142alno\u015b\u0107 gospodarcz\u0105 musz\u0105 dostarczy\u0107 r\u00f3wnie\u017c za\u015bwiadczenia o niezaleganiu z podatkami i sk\u0142adkami ZUS.<\/li>\n<li><strong>Dokument to\u017csamo\u015bci:<\/strong> Bank wymaga dokumentu to\u017csamo\u015bci, takiego jak dow\u00f3d osobisty lub paszport, w celu potwierdzenia to\u017csamo\u015bci klienta.<\/li>\n<li><strong>Inne dokumenty:<\/strong> W trakcie procesu oceny wniosku bank mo\u017ce za\u017c\u0105da\u0107 dostarczenia dodatkowych dokument\u00f3w w celu potwierdzenia informacji zawartych we wniosku.<\/li>\n<\/ul>\n<p>Przed z\u0142o\u017ceniem wniosku kredytowego zaleca si\u0119 sprawdzenie, czy posiada si\u0119 wszystkie potrzebne za\u0142\u0105czniki i w razie potrzeby uzupe\u0142nienie ich jeszcze przed wys\u0142aniem wniosku. Dzi\u0119ki temu mo\u017cna znacznie przyspieszy\u0107 procedur\u0119 kredytow\u0105 oraz unikn\u0105\u0107 niepotrzebnych op\u00f3\u017anie\u0144.<\/p>\n<p>Kluczowym <strong>dokumentem niezb\u0119dnym do zaci\u0105gni\u0119cia kredytu hipotecznego jest operat szacunkowy<\/strong> nieruchomo\u015bci. Powinien on by\u0107 dok\u0142adny i obejmowa\u0107 ca\u0142o\u015b\u0107 kupowanej nieruchomo\u015bci, a tak\u017ce by\u0107 aktualny, by dok\u0142adnie odzwierciedla\u0107 jej warto\u015b\u0107 rynkow\u0105. Pozwolenia na budow\u0119 oraz projekty budowlane s\u0105 nieodzowne w przypadku kredyt\u00f3w zwi\u0105zanych z budow\u0105 domu.<\/p>\n<p>Wyci\u0105g z konta bankowego jest istotny, poniewa\u017c umo\u017cliwia bankowi ocen\u0119 stabilno\u015bci finansowej klienta oraz regularno\u015bci jego wp\u0142yw\u00f3w. Jest to wa\u017cny czynnik przy ocenie ryzyka kredytowego.<\/p>\n<p>Dokumenty potwierdzaj\u0105ce dochody s\u0105 niezb\u0119dne do oceny zdolno\u015bci kredytowej klienta. Bank analizuje wysoko\u015b\u0107 dochod\u00f3w oraz ich \u017ar\u00f3d\u0142o, aby upewni\u0107 si\u0119, \u017ce klient b\u0119dzie w stanie sp\u0142aci\u0107 kredyt.<\/p>\n<h2>Jak sp\u0142aci\u0107 kredyt hipoteczny w Banku Pekao S.A.?<\/h2>\n<p>Najlepszym sposobem sp\u0142aty kredytu hipotecznego w Banku Pekao S.A. jest systematyczne regulowanie rat zgodnie z harmonogramem sp\u0142at, co najcz\u0119\u015bciej odbywa si\u0119 poprzez us\u0142ug\u0119 bankowo\u015bci elektronicznej. Dzi\u0119ki temu, je\u015bli na rachunku klienta znajduj\u0105 si\u0119 wystarczaj\u0105ce \u015brodki, bank pobiera rat\u0119 kredytow\u0105 automatycznie w ustalonym terminie. <strong>Alternatywnie, mo\u017cna skorzysta\u0107 ze zlecenia sta\u0142ego<\/strong> z innego konta bankowego, ale warto pami\u0119ta\u0107 o mo\u017cliwych zmianach oprocentowania.<\/p>\n<p><strong>Bank Pekao S.A. nie nalicza dodatkowych op\u0142at za wcze\u015bniejsz\u0105 sp\u0142at\u0119<\/strong> kredytu hipotecznego, co oznacza, \u017ce klient mo\u017ce sp\u0142aci\u0107 kredyt przed planowanym terminem bez obawy o dodatkowe koszty. Sp\u0142aty kredyt\u00f3w walutowych s\u0105 mo\u017cliwe jedynie w godzinach pracy banku.<\/p>\n<p>Dodatkowo, klienci sp\u0142acaj\u0105cy kredyt hipoteczny w Banku Pekao S.A. mog\u0105 raz w trakcie okresu sp\u0142aty skorzysta\u0107 z opcji karencji, kt\u00f3ra pozwala na zawieszenie sp\u0142aty rat kapita\u0142owych na maksymalnie 6 miesi\u0119cy, cho\u0107 odsetki musz\u0105 by\u0107 nadal regulowane.<\/p>\n<h2>FAQ &#8211; Najcz\u0119\u015bciej zadawane pytania<\/h2>\n<h3>Na jaki cel mo\u017cna przeznaczy\u0107 kredyt hipoteczny w Banku Pekao S.A.?<\/h3>\n<p>Bank Pekao S.A. umo\u017cliwia wykorzystanie kredytu hipotecznego na r\u00f3\u017cnorodne cele zwi\u0105zane z nieruchomo\u015bciami. S\u0105 to g\u0142\u00f3wnie:<\/p>\n<p><strong>Kredyt mieszkaniowy:<\/strong> przeznaczony na budow\u0119 domu, zakup lub remont mieszkania.<br \/>\n<strong>Inny kredyt hipoteczny:<\/strong> przeznaczany na zakup dowolnej nieruchomo\u015bci, niekoniecznie mieszkalnej.<br \/>\n<strong>Po\u017cyczka hipoteczna pod zastaw posiadanej nieruchomo\u015bci:<\/strong> klient mo\u017ce zaci\u0105gn\u0105\u0107 t\u0119 po\u017cyczk\u0119 na dowolny cel, zabezpieczaj\u0105c j\u0105 hipotek\u0105 na ju\u017c posiadanej nieruchomo\u015bci.<\/p>\n<h3>Jaka jest maksymalna kwota kredytu hipotecznego w Banku Pekao S.A.?<\/h3>\n<p>Bank Pekao S.A. oferuje standardowo kredyt hipoteczny do kwoty 2 800 000 z\u0142. Niemniej jednak, dla klient\u00f3w premium bank mo\u017ce przygotowa\u0107 indywidualn\u0105 ofert\u0119, dlatego trudno m\u00f3wi\u0107 o sztywnym limicie.<\/p>\n<h3>Jaki jest maksymalny okres sp\u0142aty kredytu hipotecznego w Banku Pekao S.A.?<\/h3>\n<p>Kredyt hipoteczny w Banku Pekao S.A. mo\u017cna sp\u0142aca\u0107 przez maksymalnie 30 lat, co daje klientowi elastyczno\u015b\u0107 w dopasowaniu rat do swoich mo\u017cliwo\u015bci finansowych. Minimalny okres sp\u0142aty wynosi 5 lat.<\/p>\n<h3>Co mo\u017ce by\u0107 wk\u0142adem w\u0142asnym przy kredycie hipotecznym w Banku Pekao S.A.?<\/h3>\n<p>Opr\u00f3cz tradycyjnego wk\u0142adu w\u0142asnego w postaci got\u00f3wki, klient mo\u017ce wykorzysta\u0107 inne \u015brodki, takie jak dzia\u0142ka budowlana przeznaczona na budow\u0119 domu lub posiadane materia\u0142y budowlane. Dodatkowo mo\u017cna uzupe\u0142ni\u0107 wk\u0142ad w\u0142asny \u015brodkami zgromadzonymi na IKE, IKZE lub w ramach Pracowniczych Plan\u00f3w Kapita\u0142owych (PPK).<\/p>\n<h3>Czy mo\u017cna zaci\u0105gn\u0105\u0107 kredyt hipoteczny w Banku Pekao S.A. pracuj\u0105c za granic\u0105?<\/h3>\n<p>Bank Pekao S.A. oferuje mo\u017cliwo\u015b\u0107 zaci\u0105gni\u0119cia kredyt\u00f3w hipotecznych w popularnych walutach, takich jak euro, dla os\u00f3b pracuj\u0105cych za granic\u0105 i zarabiaj\u0105cych w tej w\u0142a\u015bnie walucie. To pozwala klientom korzysta\u0107 z finansowania bardziej dostosowanego do ich sytuacji finansowej i p\u0142ynno\u015bci dochod\u00f3w.<\/p>\n","protected":false},"excerpt":{"rendered":"<p>W Banku Pekao S.A. klienci maj\u0105 mo\u017cliwo\u015b\u0107 uzyskania kredyt\u00f3w hipotecznych, kt\u00f3re s\u0105 przeznaczone na finansowanie zakupu lub refinansowanie nieruchomo\u015bci. Bank [&hellip;]<\/p>\n","protected":false},"author":66,"featured_media":0,"parent":724,"menu_order":0,"comment_status":"closed","ping_status":"closed","template":"page_bank_product.php","meta":{"_acf_changed":false,"yasr_overall_rating":0,"yasr_post_is_review":"","yasr_auto_insert_disabled":"","yasr_review_type":"","footnotes":""},"class_list":["post-10258","page","type-page","status-publish","hentry"],"acf":[],"yoast_head":"<!-- This site is optimized with the Yoast SEO plugin v27.1.1 - https:\/\/yoast.com\/product\/yoast-seo-wordpress\/ -->\n<title>Kredyty hipoteczne w Banku Pekao SA - sprawd\u017a oferty bankowe | Por\u00f3wnywarka finansowa Rankomat<\/title>\n<meta name=\"robots\" content=\"index, follow, max-snippet:-1, max-image-preview:large, max-video-preview:-1\" \/>\n<link rel=\"canonical\" href=\"https:\/\/rankomat.pl\/finanse\/banki\/bank-pekao-sa\/kredyty-hipoteczne\/\" \/>\n<meta property=\"og:locale\" content=\"pl_PL\" \/>\n<meta property=\"og:type\" content=\"article\" \/>\n<meta property=\"og:title\" content=\"Kredyty hipoteczne w Banku Pekao SA - sprawd\u017a {{count_bank_0}} | Por\u00f3wnywarka finansowa Rankomat\" \/>\n<meta property=\"og:description\" content=\"W Banku Pekao S.A. klienci maj\u0105 mo\u017cliwo\u015b\u0107 uzyskania kredyt\u00f3w hipotecznych, kt\u00f3re s\u0105 przeznaczone na finansowanie zakupu lub refinansowanie nieruchomo\u015bci. Bank [&hellip;]\" \/>\n<meta property=\"og:url\" content=\"https:\/\/rankomat.pl\/finanse\/banki\/bank-pekao-sa\/kredyty-hipoteczne\/\" \/>\n<meta property=\"og:site_name\" content=\"Por\u00f3wnywarka finansowa Rankomat\" \/>\n<meta property=\"article:publisher\" content=\"https:\/\/www.facebook.com\/rankomatpl\/\" \/>\n<meta property=\"article:modified_time\" content=\"2024-07-30T08:44:15+00:00\" \/>\n<meta property=\"og:image\" content=\"https:\/\/rankomat.pl\/finanse\/wp-content\/uploads\/2021\/03\/rankomat-star-og.png\" \/>\n\t<meta property=\"og:image:width\" content=\"480\" \/>\n\t<meta property=\"og:image:height\" content=\"320\" \/>\n\t<meta property=\"og:image:type\" content=\"image\/png\" \/>\n<meta name=\"twitter:card\" content=\"summary_large_image\" \/>\n<meta name=\"twitter:site\" content=\"@rankomat\" \/>\n<meta name=\"twitter:label1\" content=\"Szacowany czas czytania\" \/>\n\t<meta name=\"twitter:data1\" content=\"11 minut\" \/>\n<script type=\"application\/ld+json\" class=\"yoast-schema-graph\">{\"@context\":\"https:\/\/schema.org\",\"@graph\":[{\"@type\":\"BreadcrumbList\",\"@id\":\"https:\/\/rankomat.pl\/finanse\/banki\/bank-pekao-sa\/kredyty-hipoteczne\/#breadcrumb\",\"itemListElement\":[{\"@type\":\"ListItem\",\"position\":1,\"name\":\"Finanse\",\"item\":\"https:\/\/rankomat.pl\/finanse\/\"},{\"@type\":\"ListItem\",\"position\":2,\"name\":\"Banki\",\"item\":\"https:\/\/rankomat.pl\/finanse\/banki\/\"},{\"@type\":\"ListItem\",\"position\":3,\"name\":\"Bank Pekao SA\",\"item\":\"https:\/\/rankomat.pl\/finanse\/banki\/bank-pekao-sa\/\"},{\"@type\":\"ListItem\",\"position\":4,\"name\":\"Kredyty hipoteczne w Banku Pekao SA\"}]}]}<\/script>\n<!-- \/ Yoast SEO plugin. -->","yoast_head_json":{"title":"Kredyty hipoteczne w Banku Pekao SA - sprawd\u017a oferty bankowe | Por\u00f3wnywarka finansowa Rankomat","robots":{"index":"index","follow":"follow","max-snippet":"max-snippet:-1","max-image-preview":"max-image-preview:large","max-video-preview":"max-video-preview:-1"},"canonical":"https:\/\/rankomat.pl\/finanse\/banki\/bank-pekao-sa\/kredyty-hipoteczne\/","og_locale":"pl_PL","og_type":"article","og_title":"Kredyty hipoteczne w Banku Pekao SA - sprawd\u017a {{count_bank_0}} | Por\u00f3wnywarka finansowa Rankomat","og_description":"W Banku Pekao S.A. klienci maj\u0105 mo\u017cliwo\u015b\u0107 uzyskania kredyt\u00f3w hipotecznych, kt\u00f3re s\u0105 przeznaczone na finansowanie zakupu lub refinansowanie nieruchomo\u015bci. Bank [&hellip;]","og_url":"https:\/\/rankomat.pl\/finanse\/banki\/bank-pekao-sa\/kredyty-hipoteczne\/","og_site_name":"Por\u00f3wnywarka finansowa Rankomat","article_publisher":"https:\/\/www.facebook.com\/rankomatpl\/","article_modified_time":"2024-07-30T08:44:15+00:00","og_image":[{"width":480,"height":320,"url":"https:\/\/rankomat.pl\/finanse\/wp-content\/uploads\/2021\/03\/rankomat-star-og.png","type":"image\/png"}],"twitter_card":"summary_large_image","twitter_site":"@rankomat","twitter_misc":{"Szacowany czas czytania":"11 minut"},"schema":{"@context":"https:\/\/schema.org","@graph":[{"@type":"BreadcrumbList","@id":"https:\/\/rankomat.pl\/finanse\/banki\/bank-pekao-sa\/kredyty-hipoteczne\/#breadcrumb","itemListElement":[{"@type":"ListItem","position":1,"name":"Finanse","item":"https:\/\/rankomat.pl\/finanse\/"},{"@type":"ListItem","position":2,"name":"Banki","item":"https:\/\/rankomat.pl\/finanse\/banki\/"},{"@type":"ListItem","position":3,"name":"Bank Pekao SA","item":"https:\/\/rankomat.pl\/finanse\/banki\/bank-pekao-sa\/"},{"@type":"ListItem","position":4,"name":"Kredyty hipoteczne w Banku Pekao SA"}]}]}},"yasr_visitor_votes":{"stars_attributes":{"read_only":false,"span_bottom":false},"number_of_votes":0,"sum_votes":0},"_links":{"self":[{"href":"https:\/\/rankomat.pl\/finanse\/wp-json\/wp\/v2\/pages\/10258","targetHints":{"allow":["GET"]}}],"collection":[{"href":"https:\/\/rankomat.pl\/finanse\/wp-json\/wp\/v2\/pages"}],"about":[{"href":"https:\/\/rankomat.pl\/finanse\/wp-json\/wp\/v2\/types\/page"}],"author":[{"embeddable":true,"href":"https:\/\/rankomat.pl\/finanse\/wp-json\/wp\/v2\/users\/66"}],"replies":[{"embeddable":true,"href":"https:\/\/rankomat.pl\/finanse\/wp-json\/wp\/v2\/comments?post=10258"}],"version-history":[{"count":0,"href":"https:\/\/rankomat.pl\/finanse\/wp-json\/wp\/v2\/pages\/10258\/revisions"}],"up":[{"embeddable":true,"href":"https:\/\/rankomat.pl\/finanse\/wp-json\/wp\/v2\/pages\/724"}],"wp:attachment":[{"href":"https:\/\/rankomat.pl\/finanse\/wp-json\/wp\/v2\/media?parent=10258"}],"curies":[{"name":"wp","href":"https:\/\/api.w.org\/{rel}","templated":true}]}}