{"id":10260,"date":"2024-07-28T18:14:39","date_gmt":"2024-07-28T16:14:39","guid":{"rendered":"https:\/\/rankomat.pl\/finanse\/?page_id=10260"},"modified":"2024-07-28T18:14:39","modified_gmt":"2024-07-28T16:14:39","slug":"konta-bankowe","status":"publish","type":"page","link":"https:\/\/rankomat.pl\/finanse\/banki\/bank-pekao-sa\/konta-bankowe\/","title":{"rendered":"Konta bankowe w Banku Pekao SA"},"content":{"rendered":"<p><strong>W Banku Pekao S.A. znajdziesz bogat\u0105 ofert\u0119 kont bankowych, kt\u00f3ra obejmuje zar\u00f3wno rachunki oszcz\u0119dno\u015bciowo-rozliczeniowe, jak i konta firmowe, celowe oraz oszcz\u0119dno\u015bciowe, zapewniaj\u0105c szeroki wyb\u00f3r dost\u0119pnych opcji.<\/strong><\/p>\n<p><!--more--><\/p>\n<h2>\nJakie konta osobiste dost\u0119pne s\u0105 w Banku Pekao S.A.?<\/h2>\n<p>Bank Pekao S.A. oferuje zar\u00f3wno standardowej rachunki osobiste, jak te\u017c bardziej wyspecjalizowane czy presti\u017cowe konta. Bogat\u0105 ofert\u0119 w tym zakresie otwieraj\u0105:<\/p>\n<h3>Konto Przekorzystne<\/h3>\n<p>Standardowy ROR (Rachunek Oszcz\u0119dno\u015bciowo-Rozliczeniowy), stanowi\u0105cy podstaw\u0119 oferty kont osobistych w Banku Pekao S.A. Zapewnia wszystkie niezb\u0119dne funkcjonalno\u015bci, jest bezp\u0142atny i \u0142atwy do za\u0142o\u017cenia, co czyni go popularnym wyborem w\u015br\u00f3d klient\u00f3w.<\/p>\n<h3>Konto Przekorzystne dla m\u0142odych<\/h3>\n<p>Skierowane jest do os\u00f3b w wieku od 13 do 26 lat. Wersja dla os\u00f3b poni\u017cej 18 roku \u017cycia umo\u017cliwia cz\u0119\u015bciow\u0105 kontrol\u0119 rodzicielsk\u0105, co pozwala na monitorowanie i wspieranie finansowych nawyk\u00f3w m\u0142odszych klient\u00f3w.<\/p>\n<h3>Konto walutowe<\/h3>\n<p>Jest oddzieln\u0105 us\u0142ug\u0105 w Banku Pekao, umo\u017cliwiaj\u0105c\u0105 za\u0142o\u017cenie konta obs\u0142uguj\u0105cego popularn\u0105 walut\u0119 obc\u0105. Aktualnie obs\u0142ugiwane s\u0105: funty brytyjskie, dolary ameryka\u0144skie, franki szwajcarskie i euro.<\/p>\n<h3>Konto wsp\u00f3lne<\/h3>\n<p>Stworzone z my\u015bl\u0105 o ma\u0142\u017conkach lub osobach mieszkaj\u0105cym wsp\u00f3lnie, umo\u017cliwiaj\u0105c zarz\u0105dzanie finansami dla dw\u00f3ch os\u00f3b. Dzi\u0119ki temu rozwi\u0105zaniu mo\u017cna efektywnie wsp\u00f3\u0142dzieli\u0107 \u015brodki i dokonywa\u0107 wsp\u00f3lnych transakcji.<\/p>\n<h3>Pakiet komfort<\/h3>\n<p>Konto osobiste z dodatkowym zestawem korzy\u015bci i obs\u0142ug\u0105 premium.<\/p>\n<div class=\"expert-opinion-box attention  \">\n    <div class=\"box-title attention-title-box\">\n                    <h3 class=\"title attention-title\">Uwaga!<\/h3>\n            <\/div>\n    <div class=\"opinion\">\n            Opr\u00f3cz wymienionych kont osobistych Bank Pekao S.A. oferuje tak\u017ce szereg innych produkt\u00f3w bankowych dostosowanych do r\u00f3\u017cnych potrzeb klient\u00f3w, zapewniaj\u0105c kompleksow\u0105 obs\u0142ug\u0119 finansow\u0105 dla ka\u017cdego.                <\/div>\n    <div class=\"expert-info\">\n                <div>\n            <span class=\"expert-name\"><\/span>\n                    <\/div>\n    <\/div>\n<\/div>\n\n\n<h2>Jak otworzy\u0107 konto osobiste w Banku Pekao S.A.?<\/h2>\n<p>Za\u0142o\u017cenie konta osobistego w Banku Pekao S.A. jest \u0142atwe i dost\u0119pne poprzez r\u00f3\u017cnorodne metody rejestracji, kt\u00f3re pozwalaj\u0105 klientom dostosowa\u0107 si\u0119 do swoich preferencji i potrzeb.<br \/>\n<strong>Najprostszym sposobem jest pobranie aplikacji mobilnej Banku Pekao S.A.<\/strong> i wype\u0142nienie formularza wniosku o konto online. Proces weryfikacji to\u017csamo\u015bci mo\u017ce by\u0107 przeprowadzony za pomoc\u0105 selfie lub wideorozmowy, co stanowi wygodn\u0105 i bezpieczn\u0105 metod\u0119 potwierdzenia to\u017csamo\u015bci.<br \/>\nDla tych, kt\u00f3rzy woleliby podej\u015bcie tradycyjne, istnieje <strong>opcja zam\u00f3wienia kuriera z umow\u0105 do domu<\/strong> lub podpisania umowy osobi\u015bcie w jednym z oddzia\u0142\u00f3w Banku Pekao S.A., co daje klientom wi\u0119ksz\u0105 elastyczno\u015b\u0107 i mo\u017cliwo\u015b\u0107 wyboru.<\/p>\n<h3>Kto mo\u017ce otworzy\u0107 konto w Banku Pekao S.A.?<\/h3>\n<p>Konto bankowe w Banku Pekao S.A. mo\u017ce by\u0107 otwarte przez ka\u017cd\u0105 osob\u0119 pe\u0142noletni\u0105, posiadaj\u0105c\u0105 pe\u0142n\u0105 zdolno\u015b\u0107 do czynno\u015bci prawnych. W przypadku os\u00f3b niepe\u0142noletnich konto mo\u017ce by\u0107 otwarte przez ich rodzic\u00f3w lub opiekun\u00f3w prawnych, kt\u00f3rzy dzia\u0142aj\u0105 w ich imieniu. Bank akceptuje zar\u00f3wno obywateli polskich, jak i obcokrajowc\u00f3w. Konta firmowe i organizacyjne mog\u0105 zak\u0142ada\u0107 r\u00f3\u017cne typy os\u00f3b prawnych, jednak zwykle wi\u0105\u017ce si\u0119 to z op\u0142atami.<\/p>\n<h3>Ile kosztuje otwarcie i prowadzenie konta osobistego w Banku Pekao S.A.?<\/h3>\n<p>Za\u0142o\u017cenie i prowadzenie podstawowego rachunku oszcz\u0119dno\u015bciowo-rozliczeniowego w Banku Pekao S.A. jest ca\u0142kowicie darmowe, dla klient\u00f3w spe\u0142niaj\u0105cych proste wymagania dotycz\u0105ce transakcji i wp\u0142yw\u00f3w na konto. Bank nie nalicza \u017cadnych op\u0142at za korzystanie z tego rodzaju konta, co stanowi atrakcyjn\u0105 opcj\u0119 dla klient\u00f3w.<\/p>\n<h3>Czy do konta osobistego mo\u017cna otrzyma\u0107 kart\u0119 w Banku Pekao S.A.?<\/h3>\n<p>Tak, Bank Pekao S.A. umo\u017cliwia wyrobienie karty p\u0142atniczej do konta osobistego. Wydanie pierwszej karty jest bezp\u0142atne, jednak bank mo\u017ce pobiera\u0107 op\u0142aty za kolejne karty zwi\u0105zane z tym samym kontem.<br \/>\nProwadzenie (utrzymanie) karty p\u0142atniczej r\u00f3wnie\u017c mo\u017ce wi\u0105za\u0107 si\u0119 z konieczno\u015bci\u0105 dokonania op\u0142at w zale\u017cno\u015bci od umowy i dzia\u0142a\u0144 samego klienta.<\/p>\n<h2>Jakie konta firmowe dost\u0119pne s\u0105 w Banku Pekao S.A.?<\/h2>\n<p>W Banku Pekao S.A. dost\u0119pne s\u0105 r\u00f3\u017cnorodne konta firmowe, z kt\u00f3rych przedsi\u0119biorcy mog\u0105 wybiera\u0107, zale\u017cnie od swoich potrzeb i preferencji. Nale\u017c\u0105 do nich mi\u0119dzy innymi:<\/p>\n<ul>\n<li><strong>Konto firmowe<\/strong> &#8211; podstawowe konto dla firm z mo\u017cliwo\u015bci\u0105 utworzenia subkonta podatkowego.<\/li>\n<li><strong>Rachunek Pomocniczy<\/strong> &#8211; prosty rachunek przypisany do firmowego konta-matki, u\u0142atwia rozliczanie wynagrodze\u0144 czy benefit\u00f3w. Firma mo\u017ce utworzy\u0107 wiele rachunk\u00f3w pomocniczych.<\/li>\n<li><strong>Konto dla sp\u00f3\u0142ki<\/strong> &#8211; przeznaczone wy\u0142\u0105cznie dla firm dzia\u0142aj\u0105cych w formie sp\u00f3\u0142ki.<\/li>\n<li><strong>Konta walutowe<\/strong> &#8211; konta w r\u00f3\u017cnych walutach, takich jak euro, dolary ameryka\u0144skie lub funty brytyjskie, dost\u0119pne dla przedsi\u0119biorstw prowadz\u0105cych transakcje w r\u00f3\u017cnych walutach.<\/li>\n<\/ul>\n<p>Oferta dla klient\u00f3w biznesowych jest bardzo elastyczna, tote\u017c w\u0142a\u015bciciele firm, kt\u00f3rzy potrzebuj\u0105 szczeg\u00f3lnego rodzaju konta powinni skontaktowa\u0107 si\u0119 z doradc\u0105 klienta biznesowego Banku Pekao S.A. i om\u00f3wi\u0107 swoje potrzeby.<\/p>\n<p>Konta biznesowe w Pekao mo\u017cna obs\u0142ugiwa\u0107 za pomoc\u0105 aplikacji mobilnej PekaoBiznes24.<\/p>\n<h3>Jakie konta oszcz\u0119dno\u015bciowe dost\u0119pne s\u0105 w Banku Pekao S.A.?<\/h3>\n<p>Bank Pekao S.A. oferuje r\u00f3\u017cnorodne konta oszcz\u0119dno\u015bciowe zar\u00f3wno dla os\u00f3b fizycznych, jak i dla firm, zapewniaj\u0105c klientom elastyczno\u015b\u0107 i mo\u017cliwo\u015b\u0107 dopasowania do ich potrzeb i preferencji. Mo\u017cesz za\u0142o\u017cy\u0107 je wygodnie z poziomu aplikacji mobilnej lub serwisu transakcyjnego Banku Pekao S.A.<\/p>\n<p>Konta oszcz\u0119dno\u015bciowe dla os\u00f3b fizycznych:<br \/>\n<strong>Konto oszcz\u0119dno\u015bciowe<\/strong> &#8211; standardowe konto dla os\u00f3b indywidualnych, umo\u017cliwiaj\u0105ce sk\u0142adanie oszcz\u0119dno\u015bci i zarz\u0105dzanie nimi w spos\u00f3b elastyczny.<br \/>\n<strong>Lokaty terminowe<\/strong> &#8211; oferta r\u00f3\u017cnorodnych lokat terminowych, pozwalaj\u0105cych na ulokowanie \u015brodk\u00f3w na okre\u015blony okres czasu, z atrakcyjnym oprocentowaniem.<\/p>\n<h2>FAQ &#8211; najcz\u0119\u015bciej zadawane pytania<\/h2>\n<h3>Czy konto bankowe jest oprocentowane?<\/h3>\n<p>ROR co do zasady nie s\u0105 oprocentowane.<\/p>\n<p>Konta oszcz\u0119dno\u015bciowe w Banku Pekao S.A. s\u0105 oprocentowane, jednak oprocentowanie to zale\u017cy od obowi\u0105zuj\u0105cych warunk\u00f3w rynkowych.<\/p>\n<h3>Jaki jest numer IBAN konta w Banku Pekao S.A.?<\/h3>\n<p>Bank Pekao S.A. korzysta z kodu SWIFT PKOPPLPWXXX, a numer IBAN znajduje si\u0119 w ka\u017cdym numerze konta i zazwyczaj sk\u0142ada si\u0119 z oznaczenia kraju (PL dla Polski) i 26 znak\u00f3w. Ka\u017cdy numer konta jest wi\u0119c indywidualny w skali \u015bwiata.<\/p>\n<h3>Czy mo\u017cna zmieni\u0107 typ konta w Banku Pekao S.A.?<\/h3>\n<p>Tak, mo\u017cna za\u0142o\u017cy\u0107 nowe konto o innym typie i przenie\u015b\u0107 na nie wszystkie zwi\u0105zane z nim operacje i funkcje. Nie mo\u017cna natomiast zmieni\u0107 konta osobistego na firmowe z zachowaniem tego samego numeru.<\/p>\n<h3>Czy mo\u017cna za\u0142o\u017cy\u0107 konto wsp\u00f3lne w Banku Pekao S.A.?<\/h3>\n<p>Tak, Bank Pekao S.A. oferuje mo\u017cliwo\u015b\u0107 za\u0142o\u017cenia konta wsp\u00f3lnego, kt\u00f3re mo\u017ce by\u0107 wsp\u00f3\u0142dzielone przez dwie lub wi\u0119cej os\u00f3b. Przewa\u017cnie wykorzystuj\u0105 go rodziny, ale mog\u0105 mie\u0107 takie dowolne osoby.<\/p>\n<h3>Jak pobra\u0107 wyci\u0105g z konta w Banku Pekao S.A.?<\/h3>\n<p>Aby pobra\u0107 wyci\u0105g z konta w Banku Pekao S.A., wystarczy zalogowa\u0107 si\u0119 do serwisu transakcyjnego Pekao24, odnale\u017a\u0107 odpowiedni rachunek i wybra\u0107 opcj\u0119 \u201cWyci\u0105g\u201d -&gt; okre\u015bli\u0107 okres, za jaki chcesz pobra\u0107 wyci\u0105g i klikn\u0105\u0107 \u201ePobierz\u201d.<\/p>\n","protected":false},"excerpt":{"rendered":"<p>W Banku Pekao S.A. znajdziesz bogat\u0105 ofert\u0119 kont bankowych, kt\u00f3ra obejmuje zar\u00f3wno rachunki oszcz\u0119dno\u015bciowo-rozliczeniowe, jak i konta firmowe, celowe oraz [&hellip;]<\/p>\n","protected":false},"author":66,"featured_media":0,"parent":724,"menu_order":0,"comment_status":"closed","ping_status":"closed","template":"page_bank_product.php","meta":{"_acf_changed":false,"yasr_overall_rating":0,"yasr_post_is_review":"","yasr_auto_insert_disabled":"","yasr_review_type":"","footnotes":""},"class_list":["post-10260","page","type-page","status-publish","hentry"],"acf":[],"yoast_head":"<!-- This site is optimized with the Yoast SEO plugin v27.1.1 - https:\/\/yoast.com\/product\/yoast-seo-wordpress\/ -->\n<title>Konta bankowe w Banku Pekao SA | Por\u00f3wnywarka finansowa Rankomat<\/title>\n<meta name=\"robots\" content=\"index, follow, max-snippet:-1, max-image-preview:large, max-video-preview:-1\" \/>\n<link rel=\"canonical\" href=\"https:\/\/rankomat.pl\/finanse\/banki\/bank-pekao-sa\/konta-bankowe\/\" \/>\n<meta property=\"og:locale\" content=\"pl_PL\" \/>\n<meta property=\"og:type\" content=\"article\" \/>\n<meta property=\"og:title\" content=\"Konta bankowe w Banku Pekao SA | Por\u00f3wnywarka finansowa Rankomat\" \/>\n<meta property=\"og:description\" content=\"W Banku Pekao S.A. znajdziesz bogat\u0105 ofert\u0119 kont bankowych, kt\u00f3ra obejmuje zar\u00f3wno rachunki oszcz\u0119dno\u015bciowo-rozliczeniowe, jak i konta firmowe, celowe oraz [&hellip;]\" \/>\n<meta property=\"og:url\" content=\"https:\/\/rankomat.pl\/finanse\/banki\/bank-pekao-sa\/konta-bankowe\/\" \/>\n<meta property=\"og:site_name\" content=\"Por\u00f3wnywarka finansowa Rankomat\" \/>\n<meta property=\"article:publisher\" content=\"https:\/\/www.facebook.com\/rankomatpl\/\" \/>\n<meta property=\"og:image\" content=\"https:\/\/rankomat.pl\/finanse\/wp-content\/uploads\/2021\/03\/rankomat-star-og.png\" \/>\n\t<meta property=\"og:image:width\" content=\"480\" \/>\n\t<meta property=\"og:image:height\" content=\"320\" \/>\n\t<meta property=\"og:image:type\" content=\"image\/png\" \/>\n<meta name=\"twitter:card\" content=\"summary_large_image\" \/>\n<meta name=\"twitter:site\" content=\"@rankomat\" \/>\n<meta name=\"twitter:label1\" content=\"Szacowany czas czytania\" \/>\n\t<meta name=\"twitter:data1\" content=\"6 minut\" \/>\n<script type=\"application\/ld+json\" class=\"yoast-schema-graph\">{\"@context\":\"https:\/\/schema.org\",\"@graph\":[{\"@type\":\"BreadcrumbList\",\"@id\":\"https:\/\/rankomat.pl\/finanse\/banki\/bank-pekao-sa\/konta-bankowe\/#breadcrumb\",\"itemListElement\":[{\"@type\":\"ListItem\",\"position\":1,\"name\":\"Finanse\",\"item\":\"https:\/\/rankomat.pl\/finanse\/\"},{\"@type\":\"ListItem\",\"position\":2,\"name\":\"Banki\",\"item\":\"https:\/\/rankomat.pl\/finanse\/banki\/\"},{\"@type\":\"ListItem\",\"position\":3,\"name\":\"Bank Pekao SA\",\"item\":\"https:\/\/rankomat.pl\/finanse\/banki\/bank-pekao-sa\/\"},{\"@type\":\"ListItem\",\"position\":4,\"name\":\"Konta bankowe w Banku Pekao SA\"}]}]}<\/script>\n<!-- \/ Yoast SEO plugin. -->","yoast_head_json":{"title":"Konta bankowe w Banku Pekao SA | Por\u00f3wnywarka finansowa Rankomat","robots":{"index":"index","follow":"follow","max-snippet":"max-snippet:-1","max-image-preview":"max-image-preview:large","max-video-preview":"max-video-preview:-1"},"canonical":"https:\/\/rankomat.pl\/finanse\/banki\/bank-pekao-sa\/konta-bankowe\/","og_locale":"pl_PL","og_type":"article","og_title":"Konta bankowe w Banku Pekao SA | Por\u00f3wnywarka finansowa Rankomat","og_description":"W Banku Pekao S.A. znajdziesz bogat\u0105 ofert\u0119 kont bankowych, kt\u00f3ra obejmuje zar\u00f3wno rachunki oszcz\u0119dno\u015bciowo-rozliczeniowe, jak i konta firmowe, celowe oraz [&hellip;]","og_url":"https:\/\/rankomat.pl\/finanse\/banki\/bank-pekao-sa\/konta-bankowe\/","og_site_name":"Por\u00f3wnywarka finansowa Rankomat","article_publisher":"https:\/\/www.facebook.com\/rankomatpl\/","og_image":[{"width":480,"height":320,"url":"https:\/\/rankomat.pl\/finanse\/wp-content\/uploads\/2021\/03\/rankomat-star-og.png","type":"image\/png"}],"twitter_card":"summary_large_image","twitter_site":"@rankomat","twitter_misc":{"Szacowany czas czytania":"6 minut"},"schema":{"@context":"https:\/\/schema.org","@graph":[{"@type":"BreadcrumbList","@id":"https:\/\/rankomat.pl\/finanse\/banki\/bank-pekao-sa\/konta-bankowe\/#breadcrumb","itemListElement":[{"@type":"ListItem","position":1,"name":"Finanse","item":"https:\/\/rankomat.pl\/finanse\/"},{"@type":"ListItem","position":2,"name":"Banki","item":"https:\/\/rankomat.pl\/finanse\/banki\/"},{"@type":"ListItem","position":3,"name":"Bank Pekao SA","item":"https:\/\/rankomat.pl\/finanse\/banki\/bank-pekao-sa\/"},{"@type":"ListItem","position":4,"name":"Konta bankowe w Banku Pekao SA"}]}]}},"yasr_visitor_votes":{"stars_attributes":{"read_only":false,"span_bottom":false},"number_of_votes":0,"sum_votes":0},"_links":{"self":[{"href":"https:\/\/rankomat.pl\/finanse\/wp-json\/wp\/v2\/pages\/10260","targetHints":{"allow":["GET"]}}],"collection":[{"href":"https:\/\/rankomat.pl\/finanse\/wp-json\/wp\/v2\/pages"}],"about":[{"href":"https:\/\/rankomat.pl\/finanse\/wp-json\/wp\/v2\/types\/page"}],"author":[{"embeddable":true,"href":"https:\/\/rankomat.pl\/finanse\/wp-json\/wp\/v2\/users\/66"}],"replies":[{"embeddable":true,"href":"https:\/\/rankomat.pl\/finanse\/wp-json\/wp\/v2\/comments?post=10260"}],"version-history":[{"count":0,"href":"https:\/\/rankomat.pl\/finanse\/wp-json\/wp\/v2\/pages\/10260\/revisions"}],"up":[{"embeddable":true,"href":"https:\/\/rankomat.pl\/finanse\/wp-json\/wp\/v2\/pages\/724"}],"wp:attachment":[{"href":"https:\/\/rankomat.pl\/finanse\/wp-json\/wp\/v2\/media?parent=10260"}],"curies":[{"name":"wp","href":"https:\/\/api.w.org\/{rel}","templated":true}]}}