{"id":10266,"date":"2024-07-30T12:20:33","date_gmt":"2024-07-30T10:20:33","guid":{"rendered":"https:\/\/rankomat.pl\/finanse\/?page_id=10266"},"modified":"2024-07-30T14:15:00","modified_gmt":"2024-07-30T12:15:00","slug":"konta-bankowe","status":"publish","type":"page","link":"https:\/\/rankomat.pl\/finanse\/banki\/pko-bank-polski\/konta-bankowe\/","title":{"rendered":"Konta bankowe w Banku PKO BP"},"content":{"rendered":"<p><strong>W Banku PKO BP znajdziesz bogat\u0105 ofert\u0119 kont bankowych, kt\u00f3ra obejmuje zar\u00f3wno rachunki oszcz\u0119dno\u015bciowo-rozliczeniowe, jak i konta firmowe, konta celowe oraz oszcz\u0119dno\u015bciowe, zapewniaj\u0105c szeroki wyb\u00f3r dost\u0119pnych opcji.<\/strong><\/p>\n<h2><!--more--><br \/>\nJakie konta osobiste dost\u0119pne s\u0105 w Banku PKO BP ?<\/h2>\n<p>Konta osobiste w Banku PKO BP to przekr\u00f3j rozwi\u0105za\u0144 dla r\u00f3\u017cnych grup odbiorc\u00f3w. Od standardowych ROR\u00f3w, przez konta studenckie i walutowe, a\u017c po biznesowe konta z obs\u0142ug\u0105 VIP. Na dzie\u0144 8 czerwca 2024 w ofercie banku znajdziesz:<\/p>\n<h3>Konto za zero:<\/h3>\n<p>Standardowy ROR. Bank nie pobiera op\u0142at za prowadzenie konta, a nawet wyp\u0142aty BLIKiem z bankomat\u00f3w, je\u015bli klient spe\u0142nia proste wymagania. Solidna opcja dla os\u00f3b od 18 roku \u017cycia. Niskokwotowy debet na koncie w ramach us\u0142ugi.<\/p>\n<h3>Konto dla m\u0142odych:<\/h3>\n<p>Konto dla os\u00f3b w wieku od 13 do 26 lat, w tym tak\u017ce student\u00f3w. Brak op\u0142at za konto, prosta obs\u0142uga w aplikacji, unikasz op\u0142at za kart\u0119, je\u015bli wykonujesz transakcje BLIKiem.<\/p>\n<h3>Konto bez granic:<\/h3>\n<p>Konto op\u0142acalne dla os\u00f3b podr\u00f3\u017cuj\u0105cych. Pozwala na bezp\u0142atne korzystanie z bankomat\u00f3w w Polsce i wielu innych krajach. Bank pobiera op\u0142at\u0119 za korzystanie z niego, ale w cenie otrzymujesz kart\u0119 wielowalutow\u0105.<\/p>\n<h3>Konto Aurum:<\/h3>\n<p>P\u0142atny produkt premium przeznaczony dla bardziej wymagaj\u0105cych odbiorc\u00f3w. Pozwala na dost\u0119p do dodatkowych us\u0142ug i promocji.<\/p>\n<h3>Konto Platinium I:<\/h3>\n<p>Dro\u017cszy i bardziej presti\u017cowy produkt. U\u017cytkownicy korzystaj\u0105 z priorytetowej obs\u0142ugi oraz osobnej infolinii. Bardzo wygodny dla os\u00f3b dokonuj\u0105cych operacji bankowych telefonicznie.<\/p>\n<p>Opr\u00f3cz wymienionych kont osobistych, Bank PKO BP oferuje tak\u017ce szereg innych produkt\u00f3w bankowych dostosowanych do r\u00f3\u017cnych potrzeb klient\u00f3w, zapewniaj\u0105c kompleksow\u0105 obs\u0142ug\u0119 finansow\u0105 dla ka\u017cdego.<\/p>\n<h2>Jak za\u0142o\u017cy\u0107 konto osobiste w Banku PKO BP?<\/h2>\n<p>Za\u0142o\u017cenie konta osobistego w Banku PKO BP jest \u0142atwe i mo\u017cna to zrobi\u0107 poprzez r\u00f3\u017cne metody rejestracji, kt\u00f3re pozwalaj\u0105 klientom dostosowa\u0107 si\u0119 do swoich preferencji i potrzeb. Mo\u017cliwe s\u0105 zar\u00f3wno nowoczesne, jak i bardziej tradycyjne podej\u015bcia.<\/p>\n<p><strong>Metoda Online:<\/strong><\/p>\n<p>Najprostszym sposobem jest pobranie aplikacji mobilnej Banku PKO BP i wype\u0142nienie formularza wniosku o konto online. Proces weryfikacji to\u017csamo\u015bci mo\u017ce by\u0107 przeprowadzony za pomoc\u0105 selfie lub wideorozmowy, co stanowi wygodn\u0105 i bezpieczn\u0105 metod\u0119 potwierdzenia to\u017csamo\u015bci.<\/p>\n<p><strong>Metoda Tradycyjna:<\/strong><\/p>\n<p>Dla tych, kt\u00f3rzy preferuj\u0105 podej\u015bcie tradycyjne, istnieje opcja zam\u00f3wienia kuriera z umow\u0105 do domu lub podpisania umowy osobi\u015bcie w jednym z oddzia\u0142\u00f3w Banku PKO BP, co daje klientom wi\u0119ksz\u0105 elastyczno\u015b\u0107 i mo\u017cliwo\u015b\u0107 wyboru.<\/p>\n<h2>Kto mo\u017ce otworzy\u0107 konto w Banku PKO BP?<\/h2>\n<p>Konto bankowe w Banku PKO BP mo\u017ce by\u0107 otwarte przez ka\u017cd\u0105 osob\u0119 pe\u0142noletni\u0105, posiadaj\u0105c\u0105 pe\u0142n\u0105 zdolno\u015b\u0107 do czynno\u015bci prawnych. W przypadku os\u00f3b niepe\u0142noletnich konto mo\u017ce by\u0107 otwarte przez ich rodzic\u00f3w lub opiekun\u00f3w prawnych, kt\u00f3rzy dzia\u0142aj\u0105 w ich imieniu. Bank akceptuje zar\u00f3wno obywateli polskich, jak i obcokrajowc\u00f3w.<\/p>\n<h2>Koszty otwarcia i prowadzenia konta osobistego w Banku PKO BP<\/h2>\n<p>Za\u0142o\u017cenie i prowadzenie podstawowego rachunku oszcz\u0119dno\u015bciowo-rozliczeniowego w Banku PKO BP jest ca\u0142kowicie darmowe. Bank nie nalicza \u017cadnych op\u0142at za korzystanie z tego rodzaju konta, co stanowi atrakcyjn\u0105 opcj\u0119 dla klient\u00f3w.<\/p>\n<h2>Karta p\u0142atnicza w Banku PKO BP<\/h2>\n<p>Tak, Bank PKO BP umo\u017cliwia wyrobienie karty p\u0142atniczej do konta osobistego. Pierwsza karta jest bezp\u0142atna, jednak bank mo\u017ce pobiera\u0107 op\u0142aty za kolejne karty zwi\u0105zane z tym samym kontem.<\/p>\n<h2>Dodatkowe us\u0142ugi i produkty zwi\u0105zane z kontem osobistym w Banku PKO BP<\/h2>\n<p>Opr\u00f3cz standardowych us\u0142ug bankowych, Bank PKO BP oferuje szeroki zakres dodatkowych us\u0142ug, takich jak bankowo\u015b\u0107 internetowa, mobilna i telefoniczna, dost\u0119p do bankomat\u00f3w i wp\u0142atomat\u00f3w na terenie kraju, a tak\u017ce produkty oszcz\u0119dno\u015bciowe i inwestycyjne. Otwarcie konta w Banku PKO BP daje dost\u0119p do kompleksowej gamy rozwi\u0105za\u0144 finansowych, dostosowanych do indywidualnych potrzeb i preferencji klient\u00f3w.<\/p>\n<h2>Jakie konta firmowe dost\u0119pne s\u0105 w Banku PKO BP ?<\/h2>\n<p>W Banku Banku PKO BP swoje konta maj\u0105 zar\u00f3wno ma\u0142e przedsi\u0119biorstwa prowadzone w formie jednoosobowej dzia\u0142alno\u015bci gospodarczej, jak i korporacyjne molochy czy instytucje pa\u0144stwowe. Mimo i\u017c jest to bank nastawiony przede wszystkim na klienta indywidualnego (osob\u0119 fizyczn\u0105), to dysponuje bogat\u0105 ofert\u0105 rozwi\u0105za\u0144 profesjonalnych. W\u015br\u00f3d kont firmowych Banku PKO BP znajdziesz:<\/p>\n<h3>Konto Firmowe:<\/h3>\n<p>Prosty rachunek dopasowany do potrzeb ma\u0142ej firmy, po\u0142\u0105czony z subkontem VAT. Op\u0142at za prowadzenie rachunku mo\u017cna unikn\u0105\u0107 poprzez aktywne korzystanie z niego. Potencjalnie z kontem firmowym zwi\u0105zane s\u0105 dodatkowe promocje i korzy\u015bci, w tym karta wielowalutowa za 0 z\u0142.<\/p>\n<h3>Konto Non-Profit:<\/h3>\n<p>Bank oferuje specjalny rachunek dla organizacji pozarz\u0105dowych. Konto jest p\u0142atne, ale wielu op\u0142at mo\u017cna unikn\u0105\u0107 poprzez aktywne korzystanie z konta. Umo\u017cliwia korzystanie z karty wielowalutowej.<\/p>\n<h3>Rachunek pomocniczy &#8211; walutowy:<\/h3>\n<p>Przypisany dla standardowego konta firmowego dodatkowy rachunek, kt\u00f3ry u\u0142atwia transakcje w popularnej walucie obcej.<\/p>\n<h3>Rachunek lokacyjny:<\/h3>\n<p>Wyspecjalizowany rachunek o ograniczonej funkcjonalno\u015bci. Bezp\u0142atny przy za\u0142o\u017ceniu, \u017ce s\u0142u\u017cy jedynie do lokowania nadwy\u017cek finansowych i ewentualnego wp\u0142acania ich z powrotem do bud\u017cetu firmy.<\/p>\n<p>W razie gdyby przedsi\u0119biorca potrzebowa\u0142 szczeg\u00f3lnych rozwi\u0105za\u0144, bank ma do\u015b\u0107 elastyczn\u0105 ofert\u0119 dla odbiorcy profesjonalnego.<\/p>\n<h2>Jakie konta oszcz\u0119dno\u015bciowe dost\u0119pne s\u0105 w Banku PKO BP ?<\/h2>\n<p>Bank PKO BP oferuje r\u00f3\u017cnorodne konta oszcz\u0119dno\u015bciowe zar\u00f3wno dla os\u00f3b fizycznych, jak i dla firm, zapewniaj\u0105c klientom elastyczno\u015b\u0107 i mo\u017cliwo\u015b\u0107 dopasowania do ich potrzeb i preferencji. Mo\u017cesz za\u0142o\u017cy\u0107 je wygodnie z poziomu aplikacji mobilnej lub serwisu transakcyjnego Banku PKO BP.<\/p>\n<p><strong>Konta oszcz\u0119dno\u015bciowe dla os\u00f3b fizycznych:<\/strong><\/p>\n<p><strong>Konto Oszcz\u0119dno\u015bciowe<\/strong> &#8211; standardowe konto dla os\u00f3b indywidualnych, umo\u017cliwiaj\u0105ce sk\u0142adanie oszcz\u0119dno\u015bci i zarz\u0105dzanie nimi w spos\u00f3b elastyczny.<br \/>\n<strong>Lokaty Terminowe<\/strong> &#8211; oferta r\u00f3\u017cnorodnych lokat terminowych, pozwalaj\u0105cych na ulokowanie \u015brodk\u00f3w na okre\u015blony okres czasu, z atrakcyjnym oprocentowaniem.<\/p>\n<h2>FAQ &#8211; najcz\u0119\u015bciej zadawane pytania<\/h2>\n<h3>Czy konto bankowe jest oprocentowane?<\/h3>\n<p>Klasyczny ROR lub konto firmowe nie s\u0105 oprocentowane. Jedynie konta oszcz\u0119dno\u015bciowe przynosz\u0105 klientom wymierne korzy\u015bci. Oprocentowanie konta mo\u017cesz sprawdzi\u0107 w umowie rachunku i ofercie banku.<\/p>\n<h3>Jaki jest numer IBAN konta w Banku PKO BP ?<\/h3>\n<p>Bank PKO BP korzysta z kodu SWIFT BPKOPLPWXXX, a numer IBAN jest indywidualny dla ka\u017cdego konta i zazwyczaj sk\u0142ada si\u0119 z 26 znak\u00f3w, oraz oznaczenia PL identyfikuj\u0105cego konto jako za\u0142o\u017cone w polskim banku.<\/p>\n<h3>Czy mo\u017cna zmieni\u0107 typ konta w Banku PKO BP ?<\/h3>\n<p>Raz za\u0142o\u017cone konto pozostaje kontem tego samego typu. Mo\u017cna jednak za\u0142o\u017cy\u0107 nowe konto innego typu w tym samym banku i przenie\u015b\u0107 na niego swoj\u0105 aktywno\u015b\u0107. Nie mo\u017cna zrobi\u0107 tego z zachowaniem tego samego numeru konta.<\/p>\n<h3>Czy mo\u017cna za\u0142o\u017cy\u0107 konto wsp\u00f3lne w Banku PKO BP ?<\/h3>\n<p>Tak, Bank PKO BP oferuje mo\u017cliwo\u015b\u0107 za\u0142o\u017cenia konta wsp\u00f3lnego, kt\u00f3re mo\u017ce by\u0107 wsp\u00f3\u0142dzielone przez co najmniej dwie osoby. Najcz\u0119\u015bciej z kont takich korzystaj\u0105 rodziny, poniewa\u017c u\u0142atwia rozliczenia domowego bud\u017cetu.<\/p>\n<h3>Jak pobra\u0107 wyci\u0105g z konta w Banku PKO BP?<\/h3>\n<p>Aby pobra\u0107 wyci\u0105g z konta w Banku PKO BP, wystarczy zalogowa\u0107 si\u0119 do serwisu transakcyjnego iPKO, odnale\u017a\u0107 odpowiedni rachunek i wybra\u0107 opcj\u0119 \u201cSzczeg\u00f3\u0142y\u201d -&gt; \u201cKorespondencja Banku\u201d -&gt; \u201cPobierz Wyci\u0105g\u201d.<\/p>\n","protected":false},"excerpt":{"rendered":"<p>W Banku PKO BP znajdziesz bogat\u0105 ofert\u0119 kont bankowych, kt\u00f3ra obejmuje zar\u00f3wno rachunki oszcz\u0119dno\u015bciowo-rozliczeniowe, jak i konta firmowe, konta celowe [&hellip;]<\/p>\n","protected":false},"author":66,"featured_media":0,"parent":831,"menu_order":0,"comment_status":"closed","ping_status":"closed","template":"page_bank_product.php","meta":{"_acf_changed":false,"yasr_overall_rating":0,"yasr_post_is_review":"","yasr_auto_insert_disabled":"","yasr_review_type":"","footnotes":""},"class_list":["post-10266","page","type-page","status-publish","hentry"],"acf":[],"yoast_head":"<!-- This site is optimized with the Yoast SEO plugin v27.1.1 - https:\/\/yoast.com\/product\/yoast-seo-wordpress\/ -->\n<title>Konta bankowe w Banku PKO BP | Por\u00f3wnywarka finansowa Rankomat<\/title>\n<meta name=\"robots\" content=\"index, follow, max-snippet:-1, max-image-preview:large, max-video-preview:-1\" \/>\n<link rel=\"canonical\" href=\"https:\/\/rankomat.pl\/finanse\/banki\/pko-bank-polski\/konta-bankowe\/\" \/>\n<meta property=\"og:locale\" content=\"pl_PL\" \/>\n<meta property=\"og:type\" content=\"article\" \/>\n<meta property=\"og:title\" content=\"Konta bankowe w Banku PKO BP | Por\u00f3wnywarka finansowa Rankomat\" \/>\n<meta property=\"og:description\" content=\"W Banku PKO BP znajdziesz bogat\u0105 ofert\u0119 kont bankowych, kt\u00f3ra obejmuje zar\u00f3wno rachunki oszcz\u0119dno\u015bciowo-rozliczeniowe, jak i konta firmowe, konta celowe [&hellip;]\" \/>\n<meta property=\"og:url\" content=\"https:\/\/rankomat.pl\/finanse\/banki\/pko-bank-polski\/konta-bankowe\/\" \/>\n<meta property=\"og:site_name\" content=\"Por\u00f3wnywarka finansowa Rankomat\" \/>\n<meta property=\"article:publisher\" content=\"https:\/\/www.facebook.com\/rankomatpl\/\" \/>\n<meta property=\"article:modified_time\" content=\"2024-07-30T12:15:00+00:00\" \/>\n<meta property=\"og:image\" content=\"https:\/\/rankomat.pl\/finanse\/wp-content\/uploads\/2021\/03\/rankomat-star-og.png\" \/>\n\t<meta property=\"og:image:width\" content=\"480\" \/>\n\t<meta property=\"og:image:height\" content=\"320\" \/>\n\t<meta property=\"og:image:type\" content=\"image\/png\" \/>\n<meta name=\"twitter:card\" content=\"summary_large_image\" \/>\n<meta name=\"twitter:site\" content=\"@rankomat\" \/>\n<meta name=\"twitter:label1\" content=\"Szacowany czas czytania\" \/>\n\t<meta name=\"twitter:data1\" content=\"7 minut\" \/>\n<script type=\"application\/ld+json\" class=\"yoast-schema-graph\">{\"@context\":\"https:\/\/schema.org\",\"@graph\":[{\"@type\":\"BreadcrumbList\",\"@id\":\"https:\/\/rankomat.pl\/finanse\/banki\/pko-bank-polski\/konta-bankowe\/#breadcrumb\",\"itemListElement\":[{\"@type\":\"ListItem\",\"position\":1,\"name\":\"Finanse\",\"item\":\"https:\/\/rankomat.pl\/finanse\/\"},{\"@type\":\"ListItem\",\"position\":2,\"name\":\"Banki\",\"item\":\"https:\/\/rankomat.pl\/finanse\/banki\/\"},{\"@type\":\"ListItem\",\"position\":3,\"name\":\"PKO Bank Polski\",\"item\":\"https:\/\/rankomat.pl\/finanse\/banki\/pko-bank-polski\/\"},{\"@type\":\"ListItem\",\"position\":4,\"name\":\"Konta bankowe w Banku PKO BP\"}]}]}<\/script>\n<!-- \/ Yoast SEO plugin. -->","yoast_head_json":{"title":"Konta bankowe w Banku PKO BP | Por\u00f3wnywarka finansowa Rankomat","robots":{"index":"index","follow":"follow","max-snippet":"max-snippet:-1","max-image-preview":"max-image-preview:large","max-video-preview":"max-video-preview:-1"},"canonical":"https:\/\/rankomat.pl\/finanse\/banki\/pko-bank-polski\/konta-bankowe\/","og_locale":"pl_PL","og_type":"article","og_title":"Konta bankowe w Banku PKO BP | Por\u00f3wnywarka finansowa Rankomat","og_description":"W Banku PKO BP znajdziesz bogat\u0105 ofert\u0119 kont bankowych, kt\u00f3ra obejmuje zar\u00f3wno rachunki oszcz\u0119dno\u015bciowo-rozliczeniowe, jak i konta firmowe, konta celowe [&hellip;]","og_url":"https:\/\/rankomat.pl\/finanse\/banki\/pko-bank-polski\/konta-bankowe\/","og_site_name":"Por\u00f3wnywarka finansowa Rankomat","article_publisher":"https:\/\/www.facebook.com\/rankomatpl\/","article_modified_time":"2024-07-30T12:15:00+00:00","og_image":[{"width":480,"height":320,"url":"https:\/\/rankomat.pl\/finanse\/wp-content\/uploads\/2021\/03\/rankomat-star-og.png","type":"image\/png"}],"twitter_card":"summary_large_image","twitter_site":"@rankomat","twitter_misc":{"Szacowany czas czytania":"7 minut"},"schema":{"@context":"https:\/\/schema.org","@graph":[{"@type":"BreadcrumbList","@id":"https:\/\/rankomat.pl\/finanse\/banki\/pko-bank-polski\/konta-bankowe\/#breadcrumb","itemListElement":[{"@type":"ListItem","position":1,"name":"Finanse","item":"https:\/\/rankomat.pl\/finanse\/"},{"@type":"ListItem","position":2,"name":"Banki","item":"https:\/\/rankomat.pl\/finanse\/banki\/"},{"@type":"ListItem","position":3,"name":"PKO Bank Polski","item":"https:\/\/rankomat.pl\/finanse\/banki\/pko-bank-polski\/"},{"@type":"ListItem","position":4,"name":"Konta bankowe w Banku PKO BP"}]}]}},"yasr_visitor_votes":{"stars_attributes":{"read_only":false,"span_bottom":false},"number_of_votes":0,"sum_votes":0},"_links":{"self":[{"href":"https:\/\/rankomat.pl\/finanse\/wp-json\/wp\/v2\/pages\/10266","targetHints":{"allow":["GET"]}}],"collection":[{"href":"https:\/\/rankomat.pl\/finanse\/wp-json\/wp\/v2\/pages"}],"about":[{"href":"https:\/\/rankomat.pl\/finanse\/wp-json\/wp\/v2\/types\/page"}],"author":[{"embeddable":true,"href":"https:\/\/rankomat.pl\/finanse\/wp-json\/wp\/v2\/users\/66"}],"replies":[{"embeddable":true,"href":"https:\/\/rankomat.pl\/finanse\/wp-json\/wp\/v2\/comments?post=10266"}],"version-history":[{"count":0,"href":"https:\/\/rankomat.pl\/finanse\/wp-json\/wp\/v2\/pages\/10266\/revisions"}],"up":[{"embeddable":true,"href":"https:\/\/rankomat.pl\/finanse\/wp-json\/wp\/v2\/pages\/831"}],"wp:attachment":[{"href":"https:\/\/rankomat.pl\/finanse\/wp-json\/wp\/v2\/media?parent=10266"}],"curies":[{"name":"wp","href":"https:\/\/api.w.org\/{rel}","templated":true}]}}