{"id":10375,"date":"2024-07-28T14:37:47","date_gmt":"2024-07-28T12:37:47","guid":{"rendered":"https:\/\/rankomat.pl\/finanse\/?page_id=10375"},"modified":"2024-08-01T13:22:51","modified_gmt":"2024-08-01T11:22:51","slug":"kredyty-samochodowe","status":"publish","type":"page","link":"https:\/\/rankomat.pl\/finanse\/banki\/bgz-bnp-paribas\/kredyty-samochodowe\/","title":{"rendered":"Kredyty samochodowe w BNP Paribas Bank Polska"},"content":{"rendered":"<p><strong>Bank BNP Paribas, cho\u0107 nie jest powi\u0105zane z koncernami samochodowymi, oferuje kredyty specjalnie na zakup pojazd\u00f3w. W ofercie jest tylko jeden taki produkt nazwany wprost jako \u201eKredyt samochodowy\u201d. W jego ramach klient ma jednak bardzo szeroki zakres mo\u017cliwo\u015bci pozwalaj\u0105cych na zakup pojazdu.<\/strong><\/p>\n<p><!--more--><\/p>\n<h2>Jakie kredyty samochodowe dost\u0119pne s\u0105 w Banku BNP Paribas?<\/h2>\n<p>Dost\u0119pny jest tylko jeden taki produkt. Standardowy kredyt samochodowy na kwot\u0119 do p\u00f3\u0142 miliona z\u0142.<\/p>\n<h3>Kredyt samochodowy<\/h3>\n<p><strong>Maksymalna kwota:<\/strong> Do 500 000 z\u0142<br \/>\n<strong>Przeznaczenie:<\/strong> Zakup pojazdu nowego lub u\u017cywanego: samochody osobowe i ci\u0119\u017carowe, jachty, motor\u00f3wki, ci\u0105gniki rolnicze i inne.<br \/>\n<strong>Okres sp\u0142aty:<\/strong> Maksymalnie do 10 lat.<br \/>\n<strong>Maksymalny wiek pojazdu:<\/strong> Teoretycznie do 20 lat.<\/p>\n<h2>Jakie warunki trzeba spe\u0142ni\u0107 wnioskuj\u0105c o kredyt samochodowy w Banku BNP Paribas?<\/h2>\n<p>Aby otrzyma\u0107 kredyt samochodowy, trzeba spe\u0142ni\u0107 kilka istotnych warunk\u00f3w. Najpierw <strong>konieczne jest wype\u0142nienie formularza wniosku<\/strong>, w kt\u00f3rym nale\u017cy poda\u0107 kluczowe informacje dotycz\u0105ce pojazdu, takie jak model, rocznik, cena oraz wysoko\u015b\u0107 wk\u0142adu w\u0142asnego.<\/p>\n<p>Nast\u0119pnie <strong>trzeba dostarczy\u0107 dokumenty potwierdzaj\u0105ce dochody,<\/strong> takie jak za\u015bwiadczenia o zarobkach, wyci\u0105gi bankowe lub inne dokumenty finansowe. Bank analizuje te dokumenty, aby oceni\u0107 zdolno\u015b\u0107 kredytow\u0105 wnioskodawcy.<\/p>\n<p>Koniecznie trzeba te\u017c dostarczy\u0107 <strong>dokumenty dotycz\u0105ce nabycia samego pojazdu<\/strong>. Przewa\u017cnie b\u0119dzie to faktura pro forma (kt\u00f3r\u0105 klient op\u0142aci kredytem) lub umowa przedwst\u0119pna kupna-sprzeda\u017cy pojazdu. Konieczny b\u0119dzie te\u017c skan dowodu rejestracyjnego lub innego dokumentu wystawianego dla tego typu pojazd\u00f3w.<\/p>\n<p>Po uzyskaniu pozytywnej decyzji kredytowej klient musi dope\u0142ni\u0107 formalno\u015bci zwi\u0105zanych <strong>z wykupieniem obowi\u0105zkowego ubezpieczenia pojazdu<\/strong>, kt\u00f3re jest wymagane przez bank jako zabezpieczenie kredytu. Ubezpieczenie to mo\u017ce obejmowa\u0107 zar\u00f3wno ubezpieczenie OC, jak i AC, w zale\u017cno\u015bci od wymaga\u0144 instytucji finansowej.<\/p>\n<p>Dodatkowo bank mo\u017ce wymaga\u0107 ustanowienia dodatkowych zabezpiecze\u0144, takich jak zastaw na samochodzie, aby zabezpieczy\u0107 swoje interesy na wypadek niewyp\u0142acalno\u015bci klienta.<\/p>\n<p><strong>Bank BNP Paribas zarz\u0105dza te\u017c od klienta wniesienia wk\u0142adu w\u0142asnego<\/strong>.<\/p>\n<p>Wszystkie te kroki s\u0105 niezb\u0119dne, aby zapewni\u0107, \u017ce kredyt b\u0119dzie sp\u0142acany zgodnie z umow\u0105 i \u017ce zar\u00f3wno klient, jak i bank b\u0119d\u0105 chronieni w przypadku nieprzewidzianych sytuacji.<\/p>\n<h2>Jak zabezpieczona jest sp\u0142ata kredytu samochodowego w Banku BNP Paribas?<\/h2>\n<p>Zabezpieczeniem sp\u0142aty kredytu w przypadku kredytu samochodowego w Banku BNP Paribas jest przede wszystkim sam samoch\u00f3d (\u0142\u00f3d\u017a\/ci\u0105gnik\/quad itp.). Bank stosuje r\u00f3wnie\u017c zabezpieczenie w postaci dodatkowego ubezpieczenia pojazdu. Szczeg\u00f3\u0142y zale\u017c\u0105 od rodzaju pojazdu.<\/p>\n<h2>Jakie mo\u017ce by\u0107 oprocentowanie kredytu samochodowego w Banku BNP Paribas?<\/h2>\n<p>Bank BNP Paribas oferuje kredyty samochodowe z oprocentowaniem zmiennym. Koszty kredytu s\u0105 zbli\u017cone do oferty innych bank\u00f3w uniwersalnych i samochodowych.<\/p>\n<h2>Jak wzi\u0105\u0107 kredyt samochodowy w Banku BNP Paribas?<\/h2>\n<p>Kredyt samochodowy w Banku BNP Paribas mo\u017cna zaci\u0105gn\u0105\u0107:<\/p>\n<ul>\n<li>Kontaktuj\u0105c si\u0119 z infolini\u0105 banku,<\/li>\n<li>Udaj\u0105c si\u0119 do oddzia\u0142u BNP Paribas,<\/li>\n<li>Kupuj\u0105c od dealera lub komisu maj\u0105cego umow\u0119 z bankiem.<\/li>\n<\/ul>\n<p>Niestety aktualnie brak opcji wnioskowania o kredyt samochodowy ca\u0142kowicie online.<\/p>\n<h2>Jakie dokumenty s\u0105 potrzebne do kredytu samochodowego w Banku BNP Paribas?<\/h2>\n<p>Do zaci\u0105gni\u0119cia kredytu samochodowego w Banku BNP Paribas konieczne s\u0105:<\/p>\n<ul>\n<li>dow\u00f3d osobisty (lub inny dokument potwierdzaj\u0105cy to\u017csamo\u015b\u0107),<\/li>\n<li>za\u015bwiadczenie o dochodach lub inne dokumenty je potwierdzaj\u0105ce (wyci\u0105g z konta),<\/li>\n<li>kserokopia dowodu rejestracyjnego samochodu,<\/li>\n<li>za\u015bwiadczenie o braku wpisu pojazdu jako zastaw,<\/li>\n<li>dokument dotycz\u0105cy zakupu samochodu (faktur\u0119 lub umow\u0119 kupna-sprzeda\u017cy).<\/li>\n<\/ul>\n<h2>Jakie s\u0105 zalety i wady kredytu samochodowego w Banku BNP Paribas?<\/h2>\n<p>Kredyty samochodowe s\u0105 bardzo szerok\u0105, a jednocze\u015bnie nie tak popularn\u0105 jak kredyty got\u00f3wkowe grup\u0105 produkt\u00f3w. Cz\u0119sto w ofercie brakuje konkret\u00f3w, a szczeg\u00f3\u0142y trzeba sprawdzi\u0107 na infolinii banku. Oferta BNP Paribas wyr\u00f3\u017cnia si\u0119 tu pozytywnie.<\/p>\n<p><strong>Zalety:<\/strong><\/p>\n<ul>\n<li>Mo\u017cliwo\u015b\u0107 przeznaczenia kredytu na wiele r\u00f3\u017cnych pojazd\u00f3w, w tym ci\u0105gniki, pojazdy ci\u0119\u017carowe, czy luksusowe.<\/li>\n<li>D\u0142ugi dost\u0119pny okres kredytowania, nawet do 10 lat<\/li>\n<li>Opcja zakupu pojazd\u00f3w u\u017cywanych na kredyt, w niekt\u00f3rych przypadkach nawet 20-letnich. Ma to znaczenie w przypadku pojazd\u00f3w innych ni\u017c samochody osobowe.<\/li>\n<\/ul>\n<p>Oferta kredyt\u00f3w samochodowych w BNP Paribas ma te\u017c pewn\u0105 widoczn\u0105 wad\u0119. Zw\u0142aszcza, je\u015bli uwzgl\u0119dnimy, \u017ce jest to bank nowoczesny, stawiaj\u0105cy na kana\u0142y komunikacji online.<\/p>\n<p><strong>Wady:<\/strong><\/p>\n<ul>\n<li>Brak mo\u017cliwo\u015bci dope\u0142nienia formalno\u015bci za po\u015brednictwem aplikacji mobilnej.<\/li>\n<\/ul>\n<h2>Jak sp\u0142aci\u0107 kredyt samochodowy Banku BNP Paribas?<\/h2>\n<p>Bank oferuje jedynie kredyt samochodowy w standardowej sp\u0142acie &#8211; klient sp\u0142aca kredyt w ratach r\u00f3wnych, ewentualnie na ko\u0144cu dop\u0142aca rat\u0119 wyr\u00f3wnuj\u0105c\u0105. Sp\u0142aca\u0107 mo\u017cna wykorzystuj\u0105c nast\u0119puj\u0105ce sposoby:<\/p>\n<ul>\n<li><strong>Automatyczne pobieranie raty:<\/strong> Bank automatycznie pobiera kwot\u0119 raty z konta klienta w okre\u015blonym terminie. Wa\u017cne jest, aby na koncie by\u0142y dost\u0119pne \u015brodki na pokrycie raty.<\/li>\n<li><strong>Przelewy bankowe:<\/strong> Klienci mog\u0105 sp\u0142aca\u0107 kredyt poprzez przelewy na wskazane konto bankowe, korzystaj\u0105c z dostarczonych informacji o numerze konta i terminie sp\u0142aty.<\/li>\n<li><strong>Zlecenie sta\u0142e:<\/strong> Mo\u017cna ustanowi\u0107 zlecenie sta\u0142e, kt\u00f3re automatycznie reguluje raty kredytu z konta klienta w ustalonym terminie, eliminuj\u0105c konieczno\u015b\u0107 pami\u0119tania o terminach sp\u0142at.<\/li>\n<\/ul>\n<h2>Na jaki cel mo\u017cna przeznaczy\u0107 kredyt samochodowy w Banku BNP Paribas?<\/h2>\n<p>Na stronie banku dost\u0119pna jest kompletna lista obejmuj\u0105ca:<\/p>\n<ul>\n<li>Pojazdy osobowe i ci\u0119\u017carowe do 3,5 t DMC<\/li>\n<li>Zarejestrowane motocykle, skutery, quady<br \/>\nzarejestrowany sprz\u0119t p\u0142ywaj\u0105cy- jachty, motor\u00f3wki, \u0142odzie, \u017cagl\u00f3wki<\/li>\n<li>Przyczepy campingowe, pojazdy typu &#8222;camper&#8221;<\/li>\n<li>Przyczepy towarowe do 3,5t DMC<\/li>\n<li>Minibusy do 3,5 t DMC<\/li>\n<li>Pozosta\u0142e samochody ci\u0119\u017carowe<\/li>\n<li>Pozosta\u0142e przyczepy towarowe<\/li>\n<li>Naczepy towarowe<\/li>\n<li>Ci\u0105gniki siod\u0142owe<\/li>\n<li>Ci\u0105gniki rolnicze<\/li>\n<li>Autobusy (nie dotyczy dzia\u0142alno\u015bci rolnej)<\/li>\n<li>Koparki, \u0142adowarki, spychacze \u2013 za wyj\u0105tkiem nierejestrowanych.<\/li>\n<\/ul>\n<h2>FAQ &#8211; najcz\u0119\u015bciej zadawane pytania<\/h2>\n<h3>Czy mo\u017cna nadp\u0142aci\u0107 kredyt samochodowy w Banku BNP Paribas?<\/h3>\n<p>Tak i bank nie pobiera z tego tytu\u0142u dodatkowych op\u0142at. W przypadku kredyt\u00f3w samochodowych wcze\u015bniejsza sp\u0142ata kredytu to popularna praktyka, zw\u0142aszcza gdy w\u0142a\u015bciciel chce sprzeda\u0107 pojazd.<\/p>\n<h3>Jaka jest maksymalna kwota kredytu samochodowego w Banku BNP Paribas?<\/h3>\n<p>Maksymalnie mo\u017cna po\u017cyczy\u0107 500 000 z\u0142. Kwota nie mo\u017ce oznacza\u0107 pe\u0142nej warto\u015bci samochodu czy innego pojazdu. Zawsze klient musi wnie\u015b\u0107 przynajmniej minimalny wk\u0142ad w\u0142asny.<\/p>\n<h3>Jaki jest maksymalny okres sp\u0142aty kredytu samochodowego w Banku BNP Paribas?<\/h3>\n<p>Kredyt mo\u017cna sp\u0142aca\u0107 przez maksymalnie 10 lat. W przypadku kredyt\u00f3w na firm\u0119 lub niekt\u00f3rych typ\u00f3w pojazd\u00f3w bank mo\u017ce obni\u017cy\u0107 maksymalny okres sp\u0142aty. Pojazdy w momencie zakupu nie mog\u0105 by\u0107 starsze ni\u017c 20 lat.<\/p>\n","protected":false},"excerpt":{"rendered":"<p>Bank BNP Paribas, cho\u0107 nie jest powi\u0105zane z koncernami samochodowymi, oferuje kredyty specjalnie na zakup pojazd\u00f3w. W ofercie jest tylko [&hellip;]<\/p>\n","protected":false},"author":66,"featured_media":0,"parent":741,"menu_order":0,"comment_status":"closed","ping_status":"closed","template":"page_bank_product.php","meta":{"_acf_changed":false,"yasr_overall_rating":0,"yasr_post_is_review":"","yasr_auto_insert_disabled":"","yasr_review_type":"","footnotes":""},"class_list":["post-10375","page","type-page","status-publish","hentry"],"acf":[],"yoast_head":"<!-- This site is optimized with the Yoast SEO plugin v27.1.1 - https:\/\/yoast.com\/product\/yoast-seo-wordpress\/ -->\n<title>Kredyty samochodowe w BNP Paribas Bank Polska - sprawd\u017a oferty bankowe | Por\u00f3wnywarka finansowa Rankomat<\/title>\n<meta name=\"robots\" content=\"index, follow, max-snippet:-1, max-image-preview:large, max-video-preview:-1\" \/>\n<link rel=\"canonical\" href=\"https:\/\/rankomat.pl\/finanse\/banki\/bgz-bnp-paribas\/kredyty-samochodowe\/\" \/>\n<meta property=\"og:locale\" content=\"pl_PL\" \/>\n<meta property=\"og:type\" content=\"article\" \/>\n<meta property=\"og:title\" content=\"Kredyty samochodowe w BNP Paribas Bank Polska - sprawd\u017a {{count_bank_0}} | Por\u00f3wnywarka finansowa Rankomat\" \/>\n<meta property=\"og:description\" content=\"Bank BNP Paribas, cho\u0107 nie jest powi\u0105zane z koncernami samochodowymi, oferuje kredyty specjalnie na zakup pojazd\u00f3w. W ofercie jest tylko [&hellip;]\" \/>\n<meta property=\"og:url\" content=\"https:\/\/rankomat.pl\/finanse\/banki\/bgz-bnp-paribas\/kredyty-samochodowe\/\" \/>\n<meta property=\"og:site_name\" content=\"Por\u00f3wnywarka finansowa Rankomat\" \/>\n<meta property=\"article:publisher\" content=\"https:\/\/www.facebook.com\/rankomatpl\/\" \/>\n<meta property=\"article:modified_time\" content=\"2024-08-01T11:22:51+00:00\" \/>\n<meta property=\"og:image\" content=\"https:\/\/rankomat.pl\/finanse\/wp-content\/uploads\/2021\/03\/rankomat-star-og.png\" \/>\n\t<meta property=\"og:image:width\" content=\"480\" \/>\n\t<meta property=\"og:image:height\" content=\"320\" \/>\n\t<meta property=\"og:image:type\" content=\"image\/png\" \/>\n<meta name=\"twitter:card\" content=\"summary_large_image\" \/>\n<meta name=\"twitter:site\" content=\"@rankomat\" \/>\n<meta name=\"twitter:label1\" content=\"Szacowany czas czytania\" \/>\n\t<meta name=\"twitter:data1\" content=\"6 minut\" \/>\n<script type=\"application\/ld+json\" class=\"yoast-schema-graph\">{\"@context\":\"https:\/\/schema.org\",\"@graph\":[{\"@type\":\"BreadcrumbList\",\"@id\":\"https:\/\/rankomat.pl\/finanse\/banki\/bgz-bnp-paribas\/kredyty-samochodowe\/#breadcrumb\",\"itemListElement\":[{\"@type\":\"ListItem\",\"position\":1,\"name\":\"Finanse\",\"item\":\"https:\/\/rankomat.pl\/finanse\/\"},{\"@type\":\"ListItem\",\"position\":2,\"name\":\"Banki\",\"item\":\"https:\/\/rankomat.pl\/finanse\/banki\/\"},{\"@type\":\"ListItem\",\"position\":3,\"name\":\"BNP Paribas Bank Polska\",\"item\":\"https:\/\/rankomat.pl\/finanse\/banki\/bgz-bnp-paribas\/\"},{\"@type\":\"ListItem\",\"position\":4,\"name\":\"Kredyty samochodowe w BNP Paribas Bank Polska\"}]}]}<\/script>\n<!-- \/ Yoast SEO plugin. -->","yoast_head_json":{"title":"Kredyty samochodowe w BNP Paribas Bank Polska - sprawd\u017a oferty bankowe | Por\u00f3wnywarka finansowa Rankomat","robots":{"index":"index","follow":"follow","max-snippet":"max-snippet:-1","max-image-preview":"max-image-preview:large","max-video-preview":"max-video-preview:-1"},"canonical":"https:\/\/rankomat.pl\/finanse\/banki\/bgz-bnp-paribas\/kredyty-samochodowe\/","og_locale":"pl_PL","og_type":"article","og_title":"Kredyty samochodowe w BNP Paribas Bank Polska - sprawd\u017a {{count_bank_0}} | Por\u00f3wnywarka finansowa Rankomat","og_description":"Bank BNP Paribas, cho\u0107 nie jest powi\u0105zane z koncernami samochodowymi, oferuje kredyty specjalnie na zakup pojazd\u00f3w. W ofercie jest tylko [&hellip;]","og_url":"https:\/\/rankomat.pl\/finanse\/banki\/bgz-bnp-paribas\/kredyty-samochodowe\/","og_site_name":"Por\u00f3wnywarka finansowa Rankomat","article_publisher":"https:\/\/www.facebook.com\/rankomatpl\/","article_modified_time":"2024-08-01T11:22:51+00:00","og_image":[{"width":480,"height":320,"url":"https:\/\/rankomat.pl\/finanse\/wp-content\/uploads\/2021\/03\/rankomat-star-og.png","type":"image\/png"}],"twitter_card":"summary_large_image","twitter_site":"@rankomat","twitter_misc":{"Szacowany czas czytania":"6 minut"},"schema":{"@context":"https:\/\/schema.org","@graph":[{"@type":"BreadcrumbList","@id":"https:\/\/rankomat.pl\/finanse\/banki\/bgz-bnp-paribas\/kredyty-samochodowe\/#breadcrumb","itemListElement":[{"@type":"ListItem","position":1,"name":"Finanse","item":"https:\/\/rankomat.pl\/finanse\/"},{"@type":"ListItem","position":2,"name":"Banki","item":"https:\/\/rankomat.pl\/finanse\/banki\/"},{"@type":"ListItem","position":3,"name":"BNP Paribas Bank Polska","item":"https:\/\/rankomat.pl\/finanse\/banki\/bgz-bnp-paribas\/"},{"@type":"ListItem","position":4,"name":"Kredyty samochodowe w BNP Paribas Bank Polska"}]}]}},"yasr_visitor_votes":{"stars_attributes":{"read_only":false,"span_bottom":false},"number_of_votes":0,"sum_votes":0},"_links":{"self":[{"href":"https:\/\/rankomat.pl\/finanse\/wp-json\/wp\/v2\/pages\/10375","targetHints":{"allow":["GET"]}}],"collection":[{"href":"https:\/\/rankomat.pl\/finanse\/wp-json\/wp\/v2\/pages"}],"about":[{"href":"https:\/\/rankomat.pl\/finanse\/wp-json\/wp\/v2\/types\/page"}],"author":[{"embeddable":true,"href":"https:\/\/rankomat.pl\/finanse\/wp-json\/wp\/v2\/users\/66"}],"replies":[{"embeddable":true,"href":"https:\/\/rankomat.pl\/finanse\/wp-json\/wp\/v2\/comments?post=10375"}],"version-history":[{"count":0,"href":"https:\/\/rankomat.pl\/finanse\/wp-json\/wp\/v2\/pages\/10375\/revisions"}],"up":[{"embeddable":true,"href":"https:\/\/rankomat.pl\/finanse\/wp-json\/wp\/v2\/pages\/741"}],"wp:attachment":[{"href":"https:\/\/rankomat.pl\/finanse\/wp-json\/wp\/v2\/media?parent=10375"}],"curies":[{"name":"wp","href":"https:\/\/api.w.org\/{rel}","templated":true}]}}