{"id":10378,"date":"2024-07-28T14:16:27","date_gmt":"2024-07-28T12:16:27","guid":{"rendered":"https:\/\/rankomat.pl\/finanse\/?page_id=10378"},"modified":"2024-07-28T14:16:27","modified_gmt":"2024-07-28T12:16:27","slug":"karty-kredytowe","status":"publish","type":"page","link":"https:\/\/rankomat.pl\/finanse\/banki\/bgz-bnp-paribas\/karty-kredytowe\/","title":{"rendered":"Karty kredytowe w BNP Paribas Bank Polska"},"content":{"rendered":"<p><strong>W Banku BNP Paribas mo\u017cesz wyrobi\u0107 kart\u0119 kredytow\u0105 i po\u017cycza\u0107 pieni\u0105dze od banku w razie potrzeby. Bank oferuje zar\u00f3wno standardowe karty kredytowe, jak te\u017c produkty premium.<\/strong><\/p>\n<p><!--more--><\/p>\n<h2>Dost\u0119pne karty kredytowe (oferty zweryfikowane 11.06.2024 r.):<\/h2>\n<h3>Karta kredytowa (Mastercard Standard)<\/h3>\n<p>Pod najbardziej oczywist\u0105 nazw\u0105 oferowany jest podstawowy produkt z tej kategorii. Posiadacz karty mo\u017ce skorzysta\u0107 z 26 dni okresu bezodsetkowego i 30 dniowego okresu rozliczeniowego. W razie trudno\u015bci ze sp\u0142at\u0105 zad\u0142u\u017cenie mo\u017cna roz\u0142o\u017cy\u0107 na raty.<\/p>\n<h3>Dama w\u015br\u00f3d kart<\/h3>\n<p>Karta kredytowa po\u0142\u0105czona z no\u015bnikiem o wyj\u0105tkowym, pionowym designie. Bardzo elegancka, ale nie r\u00f3\u017cni\u0105ca si\u0119 niczym poza tym od swojego standardowego odpowiednika.<\/p>\n<h3>Mastercard Gold<\/h3>\n<p>Produkt premium dla bardziej zamo\u017cnych u\u017cytkownik\u00f3w. Limit kredytowy ustalany indywidualnie. Obni\u017cone koszty wykonywania przelew\u00f3w z karty i wyp\u0142acania got\u00f3wki w bankomacie.<\/p>\n<h3>Visa Platinum<\/h3>\n<p>Elitarna karta z pakietem ubezpiecze\u0144 i zwolnieniem z op\u0142at za przewalutowania. Bardzo wygodna dla os\u00f3b podr\u00f3\u017cuj\u0105cych.<\/p>\n<p>Dzi\u0119ki r\u00f3\u017cnorodno\u015bci oferowanych kart, klienci Banku BNP Paribas mog\u0105 wybra\u0107 opcj\u0119 odpowiadaj\u0105c\u0105 ich potrzebom i preferencjom, korzystaj\u0105c jednocze\u015bnie z zaawansowanych funkcji i dodatkowych korzy\u015bci dost\u0119pnych w ramach poszczeg\u00f3lnych program\u00f3w lojalno\u015bciowych i pakiet\u00f3w bankowych.<\/p>\n<h2>Procedura uzyskania i obs\u0142ugi karty kredytowej w Banku BNP Paribas<\/h2>\n<p>Kart\u0119 kredytow\u0105 w Banku BNP Paribas mog\u0105 wyrobi\u0107 <strong>wszyscy, kt\u00f3rzy maj\u0105 odpowiedni\u0105 zdolno\u015b\u0107 kredytow\u0105<\/strong>. Bank oferuje limit kredytowy za op\u0142at\u0105, ale zwalnia z niej aktywnych u\u017cytkownik\u00f3w, kt\u00f3rzy wykonuj\u0105 kart\u0105 okre\u015blon\u0105 w umowie ilo\u015b\u0107 transakcji bezgot\u00f3wkowych. <strong>Unikn\u0105\u0107 mo\u017cna te\u017c p\u0142acenia odsetek od po\u017cyczonej kwoty<\/strong> pod warunkiem sp\u0142acenia ca\u0142o\u015bci w okresie bez odsetkowym. Pozwala to zredukowa\u0107 koszt korzystania z karty do minimum, ale stawia przed u\u017cytkownikiem wymagania. Prawid\u0142owe u\u017cycie karty oznacza wi\u0119c ci\u0105g\u0142e jej zad\u0142u\u017canie i sp\u0142acanie w terminie.<\/p>\n<h3>Jak wyrobi\u0107 kart\u0119 kredytow\u0105 w Banku BNP Paribas ?<\/h3>\n<p>Mo\u017cesz z\u0142o\u017cy\u0107 wniosek o kart\u0119 kredytow\u0105 w Banku BNP Paribas poprzez <strong>aplikacj\u0119 mobiln\u0105 GOmobile, serwis transakcyjny GOonline, infolini\u0119 lub w oddziale banku<\/strong>. Wniosek o kart\u0119 mo\u017cna z\u0142o\u017cy\u0107 elektronicznie, ale umow\u0119 nale\u017cy podpisa\u0107 osobi\u015bcie, w oddziale banku lub poprzez zam\u00f3wienie kuriera.<\/p>\n<p>Procedura wyrobienia karty w aplikacji GOmobile i serwisie GOonline przebiega nast\u0119puj\u0105co:<\/p>\n<ul>\n<li>Wybierz zak\u0142adk\u0119 Moje Finanse.<\/li>\n<li>Przejd\u017a do pola Karty.<\/li>\n<li>Wybierz Karta kredytowa.<\/li>\n<li>Kliknij Z\u0141\u00d3\u017b WNIOSEK.<\/li>\n<li>Ustal parametry.<\/li>\n<li>Post\u0119puj zgodnie z komunikatami.<\/li>\n<\/ul>\n<h3>Kto mo\u017ce otrzyma\u0107 kart\u0119 kredytow\u0105 w Banku BNP Paribas?<\/h3>\n<p>Ka\u017cdy pe\u0142noletni klient banku, kt\u00f3ry o ni\u0105 wnioskuje i b\u0119dzie w stanie j\u0105 sp\u0142aci\u0107. Karta kredytowa w Banku BNP Paribas jest dost\u0119pna dla ka\u017cdej osoby pe\u0142noletniej, posiadaj\u0105cej pe\u0142n\u0105 zdolno\u015b\u0107 do czynno\u015bci prawnych oraz maj\u0105cej wystarczaj\u0105c\u0105 zdolno\u015b\u0107 kredytow\u0105.<\/p>\n<h3>Jak aktywowa\u0107 kart\u0119 kredytow\u0105 w Banku BNP Paribas?<\/h3>\n<p>Najlepiej zalogowa\u0107 si\u0119 do platformy transakcyjnej Banku BNP Paribas, przej\u015b\u0107 do sekcji &#8222;Moje Finanse\u201d, potem \u201eKarty\u201d. Nast\u0119pnie nale\u017cy wybra\u0107 widniej\u0105c\u0105 tam, ale nieaktywn\u0105 kart\u0119, a nast\u0119pnie \u201eSzczeg\u00f3\u0142y\u201d i aktywowa\u0107 kart\u0119.<\/p>\n<h3>Ile kosztuje karta kredytowa w Banku BNP Paribas?<\/h3>\n<p>W zale\u017cno\u015bci od karty i konta, z kt\u00f3rego korzystasz, zostan\u0105 naliczone op\u0142aty za prowadzenie karty. Zwykle bank nie nalicza op\u0142at za wydanie karty. Pozosta\u0142e op\u0142aty mog\u0105 by\u0107 uzale\u017cnione od aktywnego korzystania z karty.<\/p>\n<h3>Jak przebiega sp\u0142ata karty kredytowej w Banku BNP Paribas?<\/h3>\n<p>Mo\u017cna sp\u0142aci\u0107 kart\u0119 kredytow\u0105 w Banku BNP Paribas samodzielnie, loguj\u0105c si\u0119 do platformy transakcyjnej i wybieraj\u0105c opcj\u0119 &#8222;Sp\u0142a\u0107 kart\u0119&#8221;. Bank automatycznie potr\u0105ci minimaln\u0105 sp\u0142at\u0119 z konta lub sp\u0142at\u0119 ca\u0142kowit\u0105, je\u015bli na koncie znajduj\u0105 si\u0119 wystarczaj\u0105ce \u015brodki.<\/p>\n<h3>Jak zrezygnowa\u0107 z karty kredytowej w Banku BNP Paribas?<\/h3>\n<p>Aby zrezygnowa\u0107 z karty kredytowej w Banku BNP Paribas, nale\u017cy najpierw ca\u0142kowicie j\u0105 sp\u0142aci\u0107. Nast\u0119pnie mo\u017cna z\u0142o\u017cy\u0107 rezygnacj\u0119 z umowy prowadzenia karty poprzez kontakt z infolini\u0105 lub odwiedzenie plac\u00f3wki banku. Umowa zostanie zako\u0144czona po okre\u015blonym okresie wypowiedzenia, a z konta zostan\u0105 potr\u0105cone op\u0142aty za ostatni okres korzystania z karty.<\/p>\n<h2>FAQ &#8211; najcz\u0119\u015bciej zadawane pytania<\/h2>\n<p>Czym jest okres bezodsetkowy w przypadku karty kredytowej?<br \/>\nOkres bezodsetkowy to czas, w kt\u00f3rym mo\u017cna uregulowa\u0107 wykorzystane \u015brodki na karcie kredytowej bez ponoszenia dodatkowych koszt\u00f3w w postaci odsetek. W Banku BNP Paribas ten okres trwa maksymalnie do 56 dni od daty u\u017cycia karty (30-dniowy\/miesi\u0119czny okres rozliczeniowy + 26 dni na ca\u0142kowit\u0105 sp\u0142at\u0119 zad\u0142u\u017cenia). Aby skorzysta\u0107 z tej mo\u017cliwo\u015bci, konieczne jest ca\u0142kowite sp\u0142acenie zad\u0142u\u017cenia przed zako\u0144czeniem okresu bezodsetkowego.<br \/>\nJak zrobi\u0107 przelew z karty kredytowej w Banku BNP Paribas?<br \/>\nAby zrealizowa\u0107 przelew z karty kredytowej w Banku BNP Paribas, nale\u017cy zalogowa\u0107 si\u0119 do platformy transakcyjnej i wybra\u0107 odpowiedni\u0105 opcj\u0119 przelewu. Mo\u017cna to zrobi\u0107 poprzez sekcj\u0119 &#8222;Karty&#8221; lub &#8222;Przelewy&#8221;. Nale\u017cy pami\u0119ta\u0107, \u017ce aplikacja mobilna nie umo\u017cliwia wykonania przelewu z karty kredytowej. Przelew jest p\u0142atny.<br \/>\nCzy mo\u017cna wyrobi\u0107 kart\u0119 kredytow\u0105 dla osoby niepe\u0142noletniej w Banku BNP Paribas?<br \/>\nNie, w Banku BNP Paribas karty kredytowe s\u0105 dost\u0119pne wy\u0142\u0105cznie dla os\u00f3b doros\u0142ych. Dzieci mog\u0105 posiada\u0107 jedynie karty debetowe, kt\u00f3re umo\u017cliwiaj\u0105 wydawanie dost\u0119pnych \u015brodk\u00f3w na koncie. Mo\u017cna otrzyma\u0107 dodatkow\u0105 kart\u0119 p\u0142atnicz\u0105 do karty kredytowej dla osoby powy\u017cej 13 roku \u017cycia.<br \/>\nJakie kryteria decyduj\u0105 o wysoko\u015bci limitu na karcie kredytowej w Banku BNP Paribas?<br \/>\nWysoko\u015b\u0107 limitu na karcie kredytowej w Banku BNP Paribas zale\u017cy g\u0142\u00f3wnie od Twojej zdolno\u015bci kredytowej oraz kwoty, kt\u00f3r\u0105 okre\u015bli\u0142e\u015b we wniosku o kart\u0119 kredytow\u0105. Bank bierze tak\u017ce pod uwag\u0119 histori\u0119 kredytow\u0105 i obecne dochody.<br \/>\nKarta debetowa a karta kredytowa: co wybra\u0107?<br \/>\nKarta debetowa i karta kredytowa to dwa r\u00f3\u017cne produkty bankowe, cho\u0107 czasem mog\u0105 by\u0107 mylone ze wzgl\u0119du na podobny wygl\u0105d zewn\u0119trzny. Karta debetowa umo\u017cliwia wydawanie \u015brodk\u00f3w zgromadzonych na koncie bankowym, podczas gdy karta kredytowa pozwala na korzystanie z po\u017cyczonych \u015brodk\u00f3w od banku, kt\u00f3re nale\u017cy p\u00f3\u017aniej sp\u0142aci\u0107.<\/p>\n","protected":false},"excerpt":{"rendered":"<p>W Banku BNP Paribas mo\u017cesz wyrobi\u0107 kart\u0119 kredytow\u0105 i po\u017cycza\u0107 pieni\u0105dze od banku w razie potrzeby. Bank oferuje zar\u00f3wno standardowe [&hellip;]<\/p>\n","protected":false},"author":32,"featured_media":0,"parent":741,"menu_order":0,"comment_status":"closed","ping_status":"closed","template":"page_bank_product.php","meta":{"_acf_changed":false,"yasr_overall_rating":0,"yasr_post_is_review":"","yasr_auto_insert_disabled":"","yasr_review_type":"","footnotes":""},"class_list":["post-10378","page","type-page","status-publish","hentry"],"acf":[],"yoast_head":"<!-- This site is optimized with the Yoast SEO plugin v27.1.1 - https:\/\/yoast.com\/product\/yoast-seo-wordpress\/ -->\n<title>Karty kredytowe w BNP Paribas Bank Polska - sprawd\u017a oferty bankowe | Por\u00f3wnywarka finansowa Rankomat<\/title>\n<meta name=\"robots\" content=\"index, follow, max-snippet:-1, max-image-preview:large, max-video-preview:-1\" \/>\n<link rel=\"canonical\" href=\"https:\/\/rankomat.pl\/finanse\/banki\/bgz-bnp-paribas\/karty-kredytowe\/\" \/>\n<meta property=\"og:locale\" content=\"pl_PL\" \/>\n<meta property=\"og:type\" content=\"article\" \/>\n<meta property=\"og:title\" content=\"Karty kredytowe w BNP Paribas Bank Polska - sprawd\u017a {{count_bank_0}} | Por\u00f3wnywarka finansowa Rankomat\" \/>\n<meta property=\"og:description\" content=\"W Banku BNP Paribas mo\u017cesz wyrobi\u0107 kart\u0119 kredytow\u0105 i po\u017cycza\u0107 pieni\u0105dze od banku w razie potrzeby. Bank oferuje zar\u00f3wno standardowe [&hellip;]\" \/>\n<meta property=\"og:url\" content=\"https:\/\/rankomat.pl\/finanse\/banki\/bgz-bnp-paribas\/karty-kredytowe\/\" \/>\n<meta property=\"og:site_name\" content=\"Por\u00f3wnywarka finansowa Rankomat\" \/>\n<meta property=\"article:publisher\" content=\"https:\/\/www.facebook.com\/rankomatpl\/\" \/>\n<meta property=\"og:image\" content=\"https:\/\/rankomat.pl\/finanse\/wp-content\/uploads\/2021\/03\/rankomat-star-og.png\" \/>\n\t<meta property=\"og:image:width\" content=\"480\" \/>\n\t<meta property=\"og:image:height\" content=\"320\" \/>\n\t<meta property=\"og:image:type\" content=\"image\/png\" \/>\n<meta name=\"twitter:card\" content=\"summary_large_image\" \/>\n<meta name=\"twitter:site\" content=\"@rankomat\" \/>\n<meta name=\"twitter:label1\" content=\"Szacowany czas czytania\" \/>\n\t<meta name=\"twitter:data1\" content=\"6 minut\" \/>\n<script type=\"application\/ld+json\" class=\"yoast-schema-graph\">{\"@context\":\"https:\/\/schema.org\",\"@graph\":[{\"@type\":\"BreadcrumbList\",\"@id\":\"https:\/\/rankomat.pl\/finanse\/banki\/bgz-bnp-paribas\/karty-kredytowe\/#breadcrumb\",\"itemListElement\":[{\"@type\":\"ListItem\",\"position\":1,\"name\":\"Finanse\",\"item\":\"https:\/\/rankomat.pl\/finanse\/\"},{\"@type\":\"ListItem\",\"position\":2,\"name\":\"Banki\",\"item\":\"https:\/\/rankomat.pl\/finanse\/banki\/\"},{\"@type\":\"ListItem\",\"position\":3,\"name\":\"BNP Paribas Bank Polska\",\"item\":\"https:\/\/rankomat.pl\/finanse\/banki\/bgz-bnp-paribas\/\"},{\"@type\":\"ListItem\",\"position\":4,\"name\":\"Karty kredytowe w BNP Paribas Bank Polska\"}]}]}<\/script>\n<!-- \/ Yoast SEO plugin. -->","yoast_head_json":{"title":"Karty kredytowe w BNP Paribas Bank Polska - sprawd\u017a oferty bankowe | Por\u00f3wnywarka finansowa Rankomat","robots":{"index":"index","follow":"follow","max-snippet":"max-snippet:-1","max-image-preview":"max-image-preview:large","max-video-preview":"max-video-preview:-1"},"canonical":"https:\/\/rankomat.pl\/finanse\/banki\/bgz-bnp-paribas\/karty-kredytowe\/","og_locale":"pl_PL","og_type":"article","og_title":"Karty kredytowe w BNP Paribas Bank Polska - sprawd\u017a {{count_bank_0}} | Por\u00f3wnywarka finansowa Rankomat","og_description":"W Banku BNP Paribas mo\u017cesz wyrobi\u0107 kart\u0119 kredytow\u0105 i po\u017cycza\u0107 pieni\u0105dze od banku w razie potrzeby. Bank oferuje zar\u00f3wno standardowe [&hellip;]","og_url":"https:\/\/rankomat.pl\/finanse\/banki\/bgz-bnp-paribas\/karty-kredytowe\/","og_site_name":"Por\u00f3wnywarka finansowa Rankomat","article_publisher":"https:\/\/www.facebook.com\/rankomatpl\/","og_image":[{"width":480,"height":320,"url":"https:\/\/rankomat.pl\/finanse\/wp-content\/uploads\/2021\/03\/rankomat-star-og.png","type":"image\/png"}],"twitter_card":"summary_large_image","twitter_site":"@rankomat","twitter_misc":{"Szacowany czas czytania":"6 minut"},"schema":{"@context":"https:\/\/schema.org","@graph":[{"@type":"BreadcrumbList","@id":"https:\/\/rankomat.pl\/finanse\/banki\/bgz-bnp-paribas\/karty-kredytowe\/#breadcrumb","itemListElement":[{"@type":"ListItem","position":1,"name":"Finanse","item":"https:\/\/rankomat.pl\/finanse\/"},{"@type":"ListItem","position":2,"name":"Banki","item":"https:\/\/rankomat.pl\/finanse\/banki\/"},{"@type":"ListItem","position":3,"name":"BNP Paribas Bank Polska","item":"https:\/\/rankomat.pl\/finanse\/banki\/bgz-bnp-paribas\/"},{"@type":"ListItem","position":4,"name":"Karty kredytowe w BNP Paribas Bank Polska"}]}]}},"yasr_visitor_votes":{"stars_attributes":{"read_only":false,"span_bottom":false},"number_of_votes":0,"sum_votes":0},"_links":{"self":[{"href":"https:\/\/rankomat.pl\/finanse\/wp-json\/wp\/v2\/pages\/10378","targetHints":{"allow":["GET"]}}],"collection":[{"href":"https:\/\/rankomat.pl\/finanse\/wp-json\/wp\/v2\/pages"}],"about":[{"href":"https:\/\/rankomat.pl\/finanse\/wp-json\/wp\/v2\/types\/page"}],"author":[{"embeddable":true,"href":"https:\/\/rankomat.pl\/finanse\/wp-json\/wp\/v2\/users\/32"}],"replies":[{"embeddable":true,"href":"https:\/\/rankomat.pl\/finanse\/wp-json\/wp\/v2\/comments?post=10378"}],"version-history":[{"count":0,"href":"https:\/\/rankomat.pl\/finanse\/wp-json\/wp\/v2\/pages\/10378\/revisions"}],"up":[{"embeddable":true,"href":"https:\/\/rankomat.pl\/finanse\/wp-json\/wp\/v2\/pages\/741"}],"wp:attachment":[{"href":"https:\/\/rankomat.pl\/finanse\/wp-json\/wp\/v2\/media?parent=10378"}],"curies":[{"name":"wp","href":"https:\/\/api.w.org\/{rel}","templated":true}]}}