{"id":10380,"date":"2024-07-30T15:21:10","date_gmt":"2024-07-30T13:21:10","guid":{"rendered":"https:\/\/rankomat.pl\/finanse\/?page_id=10380"},"modified":"2024-07-30T16:06:10","modified_gmt":"2024-07-30T14:06:10","slug":"kredyty-hipoteczne","status":"publish","type":"page","link":"https:\/\/rankomat.pl\/finanse\/banki\/mbank\/kredyty-hipoteczne\/","title":{"rendered":"Kredyty hipoteczne w mBanku"},"content":{"rendered":"<p><strong>W mBanku klienci maj\u0105 mo\u017cliwo\u015b\u0107 zaci\u0105gni\u0119cia kredyt\u00f3w hipotecznych, kt\u00f3re s\u0142u\u017c\u0105 do finansowania zakupu lub refinansowania nieruchomo\u015bci. Bank oferuje r\u00f3\u017cnorodne produkty kredytowe zwi\u0105zane z hipotek\u0105, a tak\u017ce wsp\u00f3\u0142pracuje z mBank Hipoteczny, wyspecjalizowanym bankiem emituj\u0105cym hipoteczne listy zastawne.<\/strong><\/p>\n<p><!--more--><\/p>\n<h2>Jakie kredyty hipoteczne s\u0105 dost\u0119pne w mBanku?<\/h2>\n<h3>Kredyt hipoteczny<\/h3>\n<p>Kredyt hipoteczny to standardowy produkt mBanku, kt\u00f3ry jest szeroko dost\u0119pny dla klient\u00f3w. Pozwala on na zaci\u0105gni\u0119cie kredytu hipotecznego nawet do 2 000 000 z\u0142otych, a okres sp\u0142aty mo\u017cna roz\u0142o\u017cy\u0107 na maksymalnie 35 lat. Na stronie internetowej mBanku dost\u0119pny jest kalkulator kredytu hipotecznego, u\u0142atwiaj\u0105cy oszacowanie koszt\u00f3w tego rodzaju kredytu.<\/p>\n<h3>Po\u017cyczka hipoteczna na dowolny cel<\/h3>\n<p>Ta forma kredytu hipotecznego umo\u017cliwia zabezpieczenie po\u017cyczki na posiadanej ju\u017c nieruchomo\u015bci. Klient mo\u017ce po\u017cyczy\u0107 maksymalnie do 55% warto\u015bci nieruchomo\u015bci, co daje mu elastyczno\u015b\u0107 w wykorzystaniu uzyskanych \u015brodk\u00f3w. Jest to wyj\u0105tkowo niski wska\u017anik LTV &#8211; mBank jest znacznie bardziej ostro\u017cny w przyznawaniu po\u017cyczek hipotecznych ni\u017c inne banki<\/p>\n<h3>Kredyt z oprocentowaniem sta\u0142ym na 5 lat<\/h3>\n<p>mBank oferuje tak\u017ce kredyty hipoteczne z oprocentowaniem sta\u0142ym na okres 5 lat. Klienci maj\u0105 mo\u017cliwo\u015b\u0107 zaci\u0105gni\u0119cia takiego kredytu od razu lub w dowolnym momencie zmiany kredytu z oprocentowaniem zmiennym na kredyt z oprocentowaniem sta\u0142ym. Kredyt taki pozwala unikn\u0105\u0107 niespodziewanej zmiany raty kredytu jak mia\u0142o to miejsce w 2022 roku. Niestety mBank nie oferuje kredyt\u00f3w ze sta\u0142ym oprocentowaniem na ca\u0142y okres kredytowania.<\/p>\n<h2>Jakie warunki trzeba spe\u0142ni\u0107 wnioskuj\u0105c o kredyt hipoteczny w mBanku?<\/h2>\n<p>Zaci\u0105gni\u0119cie kredytu hipotecznego w mBanku wymaga spe\u0142nienia kilku warunk\u00f3w:<\/p>\n<ul>\n<li><strong>Wk\u0142ad w\u0142asny:<\/strong> Klient musi wnosi\u0107 odpowiedni wk\u0142ad w\u0142asny, kt\u00f3ry jest zabezpieczeniem dla banku w przypadku kredytu zwi\u0105zanego z kupowan\u0105 nieruchomo\u015bci\u0105. B\u0119dzie to minimalnie 10% (niekt\u00f3re kredyty mieszkaniowe), 20% (kredyty hipoteczne bez dodatkowego zabezpieczenia sp\u0142aty).<\/li>\n<li><strong>Warto\u015b\u0107 nieruchomo\u015bci:<\/strong> W przypadku kredytu zabezpieczonego na posiadanej nieruchomo\u015bci, jej warto\u015b\u0107 musi by\u0107 odpowiednia, aby spe\u0142ni\u0107 wymagane kryteria banku. W przypadku po\u017cyczki hipotecznej kredyt nie przekroczy 55% warto\u015bci nieruchomo\u015bci.<\/li>\n<li><strong>Zdolno\u015b\u0107 kredytowa:<\/strong> Klient musi posiada\u0107 odpowiedni\u0105 zdolno\u015b\u0107 kredytow\u0105, kt\u00f3ra b\u0119dzie uwzgl\u0119dniana przez bank podczas oceny wniosku kredytowego. W przypadku klient\u00f3w mBanku bank mo\u017ce korzysta\u0107 z danych i historii kredytowej, co u\u0142atwia proces aplikacyjny.<\/li>\n<li><strong>Historia kredytowa:<\/strong> Dobra historia kredytowa oraz brak zaleg\u0142o\u015bci w sp\u0142acie innych zobowi\u0105za\u0144 finansowych s\u0105 istotnymi czynnikami branych pod uwag\u0119 przez bank przy ocenie ryzyka kredytowego.<\/li>\n<li><strong>Dokumentacja:<\/strong> Wnioskuj\u0105cy o kredyt musi dostarczy\u0107 niezb\u0119dn\u0105 dokumentacj\u0119, kt\u00f3ra b\u0119dzie potwierdza\u0107 jego dochody, zatrudnienie, a tak\u017ce informacje dotycz\u0105ce nieruchomo\u015bci.<\/li>\n<\/ul>\n<p>Dodatkowymi warunkami zaci\u0105gni\u0119cia kredytu hipotecznego mog\u0105 by\u0107 tak\u017ce:<\/p>\n<ul>\n<li><strong>Zawarcie umowy ubezpieczenia<\/strong> &#8211; przewa\u017cnie dotyczy to kredyt\u00f3w z niskim wk\u0142adem w\u0142asnym, gdzie bank wymaga ubezpieczenia sp\u0142aty kredytu. Wymagane mo\u017ce te\u017c by\u0107 ubezpieczenie na \u017cycie lub ubezpieczenie nieruchomo\u015bci u konkretnego ubezpieczyciela by uzyska\u0107 warunki promocyjne.<\/li>\n<li><strong>Zamkni\u0119cie dotychczasowych kredyt\u00f3w<\/strong> &#8211; czasami bank wymaga uregulowania wcze\u015bniejszych zobowi\u0105za\u0144 przed uzyskaniem kredytu hipotecznego. Jest to jednak wymaganie po\u015brednie, kt\u00f3re ma po prostu podnie\u015b\u0107 zdolno\u015b\u0107 kredytow\u0105 klienta.<\/li>\n<li><strong>Zgoda wsp\u00f3\u0142ma\u0142\u017conka<\/strong> &#8211; osoby nie maj\u0105ce rozdzielno\u015bci maj\u0105tkowej mog\u0105 potrzebowa\u0107 podpisu wsp\u00f3\u0142ma\u0142\u017conka w niekt\u00f3rych wypadkach.<\/li>\n<\/ul>\n<h2>Oprocentowanie kredytu hipotecznego w mBanku<\/h2>\n<p>mBank udziela kredyt\u00f3w hipotecznych z r\u00f3\u017cnymi rodzajami oprocentowania, daj\u0105c klientom mo\u017cliwo\u015b\u0107 wyboru rozwi\u0105zania najlepiej dopasowanego do ich potrzeb. Oprocentowanie mo\u017ce by\u0107 zmienne lub sta\u0142e przez okre\u015blony czas.<\/p>\n<h3>Rodzaje oprocentowania:<\/h3>\n<p><strong>Oprocentowanie zmienne:<\/strong><\/p>\n<p>Kredyty hipoteczne w mBanku mog\u0105 by\u0107 oferowane z oprocentowaniem zmiennym, co oznacza, \u017ce ich stopa procentowa mo\u017ce ulega\u0107 zmianom zale\u017cnie od warunk\u00f3w rynkowych. W przypadku tego rodzaju kredyt\u00f3w klient jest nara\u017cony na ryzyko wzrostu raty w przypadku wzrostu st\u00f3p procentowych.<\/p>\n<p><strong>Oprocentowanie sta\u0142e na 5 lat:<\/strong><\/p>\n<p>Istnieje r\u00f3wnie\u017c mo\u017cliwo\u015b\u0107 zaci\u0105gni\u0119cia kredytu hipotecznego z oprocentowaniem sta\u0142ym na okres 5 lat. Po up\u0142ywie tego okresu klient mo\u017ce zdecydowa\u0107 si\u0119 na jego odnowienie na kolejne 5 lat, jednak\u017ce z nowo wyliczonym oprocentowaniem. W ka\u017cdej chwili istnieje mo\u017cliwo\u015b\u0107 przej\u015bcia z oprocentowania zmiennego na sta\u0142e, jednak nie odwrotnie.<\/p>\n<h2>Jak wzi\u0105\u0107 kredyt hipoteczny w mBanku?<\/h2>\n<p>Najlepszym sposobem na z\u0142o\u017cenie wniosku o kredyt hipoteczny w mBanku jest skorzystanie z platformy online banku. Klient mo\u017ce wype\u0142ni\u0107 wniosek za pomoc\u0105 serwisu transakcyjnego, a niezb\u0119dne dokumenty wys\u0142a\u0107 w formie skan\u00f3w mailem jako za\u0142\u0105czniki. W razie potrzeby, istotny mo\u017ce by\u0107 kontakt z infolini\u0105 mBanku w celu uzyskania dodatkowych informacji. Sam proces podpisania umowy kredytu hipotecznego odbywa si\u0119 osobi\u015bcie, dlatego warto odwiedzi\u0107 oddzia\u0142 banku na ten cel, szczeg\u00f3lnie gdy wszystkie szczeg\u00f3\u0142y zosta\u0142y ju\u017c ustalone.<\/p>\n<p>Aby z\u0142o\u017cy\u0107 wniosek online, po zalogowaniu si\u0119 w serwisie transakcyjnym nale\u017cy przej\u015b\u0107 kolejno przez sekcje: <strong>Produkty -&gt; Kredyty -&gt; Nowy kredyt -&gt; Kredyt hipoteczny<\/strong>.<\/p>\n<h2>Wk\u0142ad w\u0142asny przy kredycie hipotecznym w mBanku<\/h2>\n<p>W mBanku, przy zaci\u0105ganiu kredytu hipotecznego, konieczne jest zebranie przynajmniej 20% wk\u0142adu w\u0142asnego. Oznacza to, \u017ce stosunek kredytu do warto\u015bci nieruchomo\u015bci (wska\u017anik LTV) nie mo\u017ce przekroczy\u0107 80%. Jednak w przypadku po\u017cyczki hipotecznej na dowolny cel, LTV mo\u017ce spa\u015b\u0107 do 55%, co oznacza, \u017ce nieruchomo\u015b\u0107 b\u0119d\u0105ca zabezpieczeniem musi by\u0107 warta prawie dwukrotnie wi\u0119cej ni\u017c kwota po\u017cyczki.<br \/>\nBank mo\u017ce r\u00f3wnie\u017c rozwa\u017cy\u0107 udzielenie kredyt\u00f3w mieszkaniowych przy ni\u017cszym wk\u0142adzie w\u0142asnym, jednak\u017ce wymaga\u0107 b\u0119dzie dodatkowych zabezpiecze\u0144 ze strony klienta.<\/p>\n<h2>Jakie dokumenty s\u0105 potrzebne do kredytu hipotecznego w mBanku?<\/h2>\n<p>W mBanku, przy procesie ubiegania si\u0119 o kredyt hipoteczny, konieczne jest dostarczenie szeregu dokument\u00f3w potwierdzaj\u0105cych zar\u00f3wno zdolno\u015b\u0107 kredytow\u0105 klienta, jak i warto\u015b\u0107 nieruchomo\u015bci, kt\u00f3ra b\u0119dzie pe\u0142ni\u0142a rol\u0119 zabezpieczenia kredytu. Nale\u017cy przygotowa\u0107 kompletn\u0105 dokumentacj\u0119, kt\u00f3ra obejmuje mi\u0119dzy innymi:<\/p>\n<ul>\n<li><strong>Operat szacunkowy nieruchomo\u015bci:<\/strong> Dokument ten jest kluczowy dla banku, poniewa\u017c pozwala oceni\u0107 warto\u015b\u0107 nieruchomo\u015bci, kt\u00f3ra b\u0119dzie zastawiona jako zabezpieczenie kredytu. Operat powinien by\u0107 aktualny, dotyczy\u0107 ca\u0142o\u015bci kupowanego obiektu.<\/li>\n<li><strong>Pozwolenia na budow\u0119 i projekty budynk\u00f3w:<\/strong> W przypadku kredyt\u00f3w zwi\u0105zanych z budow\u0105 domu, konieczne jest dostarczenie wszelkich wymaganych pozwole\u0144 na budow\u0119 oraz dokumentacji dotycz\u0105cej projekt\u00f3w budowlanych. Bez tego bank nie b\u0119dzie w stanie wyp\u0142aci\u0107 transz kredytu, wi\u0119c te\u017c go nie przyzna.<\/li>\n<li><strong>Wyci\u0105g z konta bankowego:<\/strong> Bank zazwyczaj wymaga wyci\u0105gu z konta bankowego klienta, aby oceni\u0107 stabilno\u015b\u0107 finansow\u0105 oraz regularno\u015b\u0107 wp\u0142yw\u00f3w. Oczywi\u015bcie stali klienci mBanku nie musz\u0105 tego wymagania spe\u0142nia\u0107 &#8211; bank i tak zna stan ich finans\u00f3w.<\/li>\n<li><strong>Dokumenty potwierdzaj\u0105ce dochody:<\/strong> W zale\u017cno\u015bci od sytuacji, klient mo\u017ce by\u0107 zobligowany dostarczy\u0107 dokumenty potwierdzaj\u0105ce swoje dochody, takie jak za\u015bwiadczenia o zatrudnieniu, umowy o prac\u0119, czy zeznania podatkowe. Osoby prowadz\u0105ce jednoosobow\u0105 dzia\u0142alno\u015b\u0107 gospodarcz\u0105 dostarczaj\u0105 te\u017c za\u015bwiadczenia o niezaleganiu z podatkami i sk\u0142adkami ZUS.<\/li>\n<li><strong>Dokument to\u017csamo\u015bci:<\/strong> Bank wymaga r\u00f3wnie\u017c dokumentu to\u017csamo\u015bci, takiego jak dow\u00f3d osobisty lub paszport, w celu potwierdzenia to\u017csamo\u015bci klienta.<\/li>\n<li><strong>Inne dokumenty:<\/strong> W trakcie procesu oceny wniosku bank mo\u017ce za\u017c\u0105da\u0107 dostarczenia dodatkowych dokument\u00f3w w celu potwierdzenia informacji zawartych we wniosku.<\/li>\n<\/ul>\n<div class=\"expert-opinion-box attention  \">\n    <div class=\"box-title attention-title-box\">\n                    <h3 class=\"title attention-title\">Uwaga!<\/h3>\n            <\/div>\n    <div class=\"opinion\">\n            Warto przed z\u0142o\u017ceniem wniosku kredytowego sprawdzi\u0107 czy posiada si\u0119 wszystkie potrzebne dokumenty i w razie potrzeby uzupe\u0142ni\u0107 jej jeszcze przed wys\u0142aniem wniosku. Znacznie przy\u015bpieszy to procedur\u0119 kredytow\u0105.                <\/div>\n    <div class=\"expert-info\">\n                <div>\n            <span class=\"expert-name\"><\/span>\n                    <\/div>\n    <\/div>\n<\/div>\n\n\n<h2>Jak sp\u0142aci\u0107 kredyt hipoteczny w mBanku?<\/h2>\n<p>Najlepszym sposobem sp\u0142aty kredytu hipotecznego w mBanku jest <strong>systematyczne regulowanie rat zgodnie z harmonogramem sp\u0142at<\/strong>, co najcz\u0119\u015bciej odbywa si\u0119 poprzez korzystanie z bankowo\u015bci elektronicznej.<\/p>\n<p>Dzi\u0119ki temu, je\u015bli na rachunku klienta znajduj\u0105 si\u0119 wystarczaj\u0105ce \u015brodki, bank pobiera rat\u0119 kredytow\u0105 automatycznie w ustalonym terminie. Alternatywnie, mo\u017cna skorzysta\u0107 ze zlecenia sta\u0142ego z innego konta bankowego, ale warto pami\u0119ta\u0107 o mo\u017cliwych zmianach oprocentowania.<\/p>\n<p><strong>mBank nie nalicza dodatkowych op\u0142at za wcze\u015bniejsz\u0105 sp\u0142at\u0119 kredytu<\/strong> hipotecznego, co oznacza, \u017ce klient mo\u017ce sp\u0142aci\u0107 kredyt przed planowanym terminem bez obawy o dodatkowe koszty. Sp\u0142aty kredyt\u00f3w walutowych s\u0105 mo\u017cliwe jedynie w godzinach pracy banku.<\/p>\n<p>Dodatkowo, <strong>klienci sp\u0142acaj\u0105cy kredyt hipoteczny w mBanku mog\u0105 raz w trakcie okresu sp\u0142aty skorzysta\u0107 z opcji karencji<\/strong>, kt\u00f3ra pozwala na zawieszenie sp\u0142aty rat kapita\u0142owych na maksymalnie 6 miesi\u0119cy, cho\u0107 odsetki musz\u0105 by\u0107 nadal regulowane.<\/p>\n<h2>FAQ &#8211; Najcz\u0119\u015bciej zadawane pytania<\/h2>\n<h3>Na jaki cel mo\u017cna przeznaczy\u0107 kredyt hipoteczny w mBanku?<\/h3>\n<p>Kredyt hipoteczny w mBanku mo\u017ce by\u0107 przeznaczony na r\u00f3\u017cnorodne cele zwi\u0105zane z nieruchomo\u015bciami, w tym g\u0142\u00f3wnie:<\/p>\n<p><strong>Kredyt mieszkaniowy:<\/strong> S\u0142u\u017cy on finansowaniu budowy domu, zakupu lub remontu lokalu mieszkalnego.<\/p>\n<p><strong>Inny kredyt hipoteczny:<\/strong> Przeznaczony jest na zakup dowolnej nieruchomo\u015bci, niekoniecznie zwi\u0105zanej z mieszkaniem.<\/p>\n<p><strong>Po\u017cyczka hipoteczna pod zastaw posiadanej nieruchomo\u015bci:<\/strong> Klient mo\u017ce zaci\u0105gn\u0105\u0107 tak\u0105 po\u017cyczk\u0119 na dowolny cel, zabezpieczaj\u0105c j\u0105 hipotek\u0105 na ju\u017c posiadanej nieruchomo\u015bci.<\/p>\n<h3>Jaka jest maksymalna kwota kredytu hipotecznego w mBanku?<\/h3>\n<p>Standardowa oferta kredytowa mBanku umo\u017cliwia zaci\u0105gni\u0119cie kredytu hipotecznego na kwot\u0119 do 2 000 000 z\u0142. Oczywi\u015bcie bank ma ofert\u0119 biznesow\u0105 dla swoich klient\u00f3w premium, wi\u0119c trudno tu m\u00f3wi\u0107 o twardym limicie.<\/p>\n<h3>Jaki jest maksymalny okres sp\u0142aty kredytu hipotecznego w mBanku?<\/h3>\n<p>Kredyt hipoteczny w mBanku mo\u017cna sp\u0142aca\u0107 przez maksymalnie 35 lat, co daje klientowi elastyczno\u015b\u0107 w dostosowaniu rat do swoich mo\u017cliwo\u015bci finansowych. Minimum to 5 lat.<\/p>\n<h3>Co mo\u017ce by\u0107 wk\u0142adem w\u0142asnym przy kredycie hipotecznym w mBanku?<\/h3>\n<p>Opr\u00f3cz tradycyjnego wk\u0142adu w\u0142asnego w postaci got\u00f3wki, klient mo\u017ce wykorzysta\u0107 do niego r\u00f3wnie\u017c inne \u015brodki, takie jak dzia\u0142ka budowlana, na kt\u00f3rej planuje si\u0119 budow\u0119 domu, oraz posiadane materia\u0142y budowlane. Dodatkowo, mo\u017cna uzupe\u0142ni\u0107 wk\u0142ad w\u0142asny \u015brodkami zgromadzonymi na IKE, IKZE lub w ramach Programu Pracowniczego PPK.<\/p>\n<h3><strong>Czy mo\u017cna zaci\u0105gn\u0105\u0107 kredyt hipoteczny w mBanku pracuj\u0105c za granic\u0105?<\/strong><\/h3>\n<p>mBank udziela kredyt\u00f3w hipotecznych w popularnych walutach, takich jak euro, dla os\u00f3b pracuj\u0105cych za granic\u0105 i zarabiaj\u0105cych w tej w\u0142a\u015bnie walucie. Oferuje to klientom mo\u017cliwo\u015b\u0107 skorzystania z finansowania, kt\u00f3re b\u0119dzie bardziej dopasowane do ich sytuacji finansowej i p\u0142ynno\u015bci dochod\u00f3w.<\/p>\n","protected":false},"excerpt":{"rendered":"<p>W mBanku klienci maj\u0105 mo\u017cliwo\u015b\u0107 zaci\u0105gni\u0119cia kredyt\u00f3w hipotecznych, kt\u00f3re s\u0142u\u017c\u0105 do finansowania zakupu lub refinansowania nieruchomo\u015bci. Bank oferuje r\u00f3\u017cnorodne produkty [&hellip;]<\/p>\n","protected":false},"author":66,"featured_media":0,"parent":803,"menu_order":0,"comment_status":"closed","ping_status":"closed","template":"page_bank_product.php","meta":{"_acf_changed":false,"yasr_overall_rating":0,"yasr_post_is_review":"","yasr_auto_insert_disabled":"","yasr_review_type":"","footnotes":""},"class_list":["post-10380","page","type-page","status-publish","hentry"],"acf":[],"yoast_head":"<!-- This site is optimized with the Yoast SEO plugin v27.1.1 - https:\/\/yoast.com\/product\/yoast-seo-wordpress\/ -->\n<title>Kredyty hipoteczne w mBanku | Por\u00f3wnywarka finansowa Rankomat<\/title>\n<meta name=\"robots\" content=\"index, follow, max-snippet:-1, max-image-preview:large, max-video-preview:-1\" \/>\n<link rel=\"canonical\" href=\"https:\/\/rankomat.pl\/finanse\/banki\/mbank\/kredyty-hipoteczne\/\" \/>\n<meta property=\"og:locale\" content=\"pl_PL\" \/>\n<meta property=\"og:type\" content=\"article\" \/>\n<meta property=\"og:title\" content=\"Kredyty hipoteczne w mBanku | Por\u00f3wnywarka finansowa Rankomat\" \/>\n<meta property=\"og:description\" content=\"W mBanku klienci maj\u0105 mo\u017cliwo\u015b\u0107 zaci\u0105gni\u0119cia kredyt\u00f3w hipotecznych, kt\u00f3re s\u0142u\u017c\u0105 do finansowania zakupu lub refinansowania nieruchomo\u015bci. Bank oferuje r\u00f3\u017cnorodne produkty [&hellip;]\" \/>\n<meta property=\"og:url\" content=\"https:\/\/rankomat.pl\/finanse\/banki\/mbank\/kredyty-hipoteczne\/\" \/>\n<meta property=\"og:site_name\" content=\"Por\u00f3wnywarka finansowa Rankomat\" \/>\n<meta property=\"article:publisher\" content=\"https:\/\/www.facebook.com\/rankomatpl\/\" \/>\n<meta property=\"article:modified_time\" content=\"2024-07-30T14:06:10+00:00\" \/>\n<meta property=\"og:image\" content=\"https:\/\/rankomat.pl\/finanse\/wp-content\/uploads\/2021\/03\/rankomat-star-og.png\" \/>\n\t<meta property=\"og:image:width\" content=\"480\" \/>\n\t<meta property=\"og:image:height\" content=\"320\" \/>\n\t<meta property=\"og:image:type\" content=\"image\/png\" \/>\n<meta name=\"twitter:card\" content=\"summary_large_image\" \/>\n<meta name=\"twitter:site\" content=\"@rankomat\" \/>\n<meta name=\"twitter:label1\" content=\"Szacowany czas czytania\" \/>\n\t<meta name=\"twitter:data1\" content=\"9 minut\" \/>\n<script type=\"application\/ld+json\" class=\"yoast-schema-graph\">{\"@context\":\"https:\/\/schema.org\",\"@graph\":[{\"@type\":\"BreadcrumbList\",\"@id\":\"https:\/\/rankomat.pl\/finanse\/banki\/mbank\/kredyty-hipoteczne\/#breadcrumb\",\"itemListElement\":[{\"@type\":\"ListItem\",\"position\":1,\"name\":\"Finanse\",\"item\":\"https:\/\/rankomat.pl\/finanse\/\"},{\"@type\":\"ListItem\",\"position\":2,\"name\":\"Banki\",\"item\":\"https:\/\/rankomat.pl\/finanse\/banki\/\"},{\"@type\":\"ListItem\",\"position\":3,\"name\":\"mBank\",\"item\":\"https:\/\/rankomat.pl\/finanse\/banki\/mbank\/\"},{\"@type\":\"ListItem\",\"position\":4,\"name\":\"Kredyty hipoteczne w mBanku\"}]}]}<\/script>\n<!-- \/ Yoast SEO plugin. -->","yoast_head_json":{"title":"Kredyty hipoteczne w mBanku | Por\u00f3wnywarka finansowa Rankomat","robots":{"index":"index","follow":"follow","max-snippet":"max-snippet:-1","max-image-preview":"max-image-preview:large","max-video-preview":"max-video-preview:-1"},"canonical":"https:\/\/rankomat.pl\/finanse\/banki\/mbank\/kredyty-hipoteczne\/","og_locale":"pl_PL","og_type":"article","og_title":"Kredyty hipoteczne w mBanku | Por\u00f3wnywarka finansowa Rankomat","og_description":"W mBanku klienci maj\u0105 mo\u017cliwo\u015b\u0107 zaci\u0105gni\u0119cia kredyt\u00f3w hipotecznych, kt\u00f3re s\u0142u\u017c\u0105 do finansowania zakupu lub refinansowania nieruchomo\u015bci. Bank oferuje r\u00f3\u017cnorodne produkty [&hellip;]","og_url":"https:\/\/rankomat.pl\/finanse\/banki\/mbank\/kredyty-hipoteczne\/","og_site_name":"Por\u00f3wnywarka finansowa Rankomat","article_publisher":"https:\/\/www.facebook.com\/rankomatpl\/","article_modified_time":"2024-07-30T14:06:10+00:00","og_image":[{"width":480,"height":320,"url":"https:\/\/rankomat.pl\/finanse\/wp-content\/uploads\/2021\/03\/rankomat-star-og.png","type":"image\/png"}],"twitter_card":"summary_large_image","twitter_site":"@rankomat","twitter_misc":{"Szacowany czas czytania":"9 minut"},"schema":{"@context":"https:\/\/schema.org","@graph":[{"@type":"BreadcrumbList","@id":"https:\/\/rankomat.pl\/finanse\/banki\/mbank\/kredyty-hipoteczne\/#breadcrumb","itemListElement":[{"@type":"ListItem","position":1,"name":"Finanse","item":"https:\/\/rankomat.pl\/finanse\/"},{"@type":"ListItem","position":2,"name":"Banki","item":"https:\/\/rankomat.pl\/finanse\/banki\/"},{"@type":"ListItem","position":3,"name":"mBank","item":"https:\/\/rankomat.pl\/finanse\/banki\/mbank\/"},{"@type":"ListItem","position":4,"name":"Kredyty hipoteczne w mBanku"}]}]}},"yasr_visitor_votes":{"stars_attributes":{"read_only":false,"span_bottom":false},"number_of_votes":0,"sum_votes":0},"_links":{"self":[{"href":"https:\/\/rankomat.pl\/finanse\/wp-json\/wp\/v2\/pages\/10380","targetHints":{"allow":["GET"]}}],"collection":[{"href":"https:\/\/rankomat.pl\/finanse\/wp-json\/wp\/v2\/pages"}],"about":[{"href":"https:\/\/rankomat.pl\/finanse\/wp-json\/wp\/v2\/types\/page"}],"author":[{"embeddable":true,"href":"https:\/\/rankomat.pl\/finanse\/wp-json\/wp\/v2\/users\/66"}],"replies":[{"embeddable":true,"href":"https:\/\/rankomat.pl\/finanse\/wp-json\/wp\/v2\/comments?post=10380"}],"version-history":[{"count":0,"href":"https:\/\/rankomat.pl\/finanse\/wp-json\/wp\/v2\/pages\/10380\/revisions"}],"up":[{"embeddable":true,"href":"https:\/\/rankomat.pl\/finanse\/wp-json\/wp\/v2\/pages\/803"}],"wp:attachment":[{"href":"https:\/\/rankomat.pl\/finanse\/wp-json\/wp\/v2\/media?parent=10380"}],"curies":[{"name":"wp","href":"https:\/\/api.w.org\/{rel}","templated":true}]}}