{"id":10390,"date":"2024-07-31T14:34:08","date_gmt":"2024-07-31T12:34:08","guid":{"rendered":"https:\/\/rankomat.pl\/finanse\/?page_id=10390"},"modified":"2024-08-01T14:37:37","modified_gmt":"2024-08-01T12:37:37","slug":"kredyty-gotowkowe","status":"publish","type":"page","link":"https:\/\/rankomat.pl\/finanse\/banki\/citi-handlowy\/kredyty-gotowkowe\/","title":{"rendered":"Kredyty got\u00f3wkowe w Citi Handlowy"},"content":{"rendered":"<p><strong>W Citi Handlowy zaci\u0105gniesz kredyty got\u00f3wkowe zar\u00f3wno jako osoba fizyczna jak i w ramach dzia\u0142alno\u015bci gospodarczej. Stosunkowo prosta, ale bardzo elastyczna oferta kredytowa marki Citi Handlowy pozwala Ci zaci\u0105ga\u0107 zobowi\u0105zania do 150 000 z\u0142 i sp\u0142aca\u0107 je w maksymalnie 10 lat.<\/strong><\/p>\n<p><!--more--><br \/>\nNa stronie Banku Citi Handlowy znajduje si\u0119 te\u017c wygodny kalkulator kredytowy i nieco potrzebnych informacji dla potencjalnych kredytobiorc\u00f3w.<\/p>\n<h2>Jakie kredyty got\u00f3wkowe s\u0105 dost\u0119pne w Citi Handlowy?<\/h2>\n<p>Citi Handlowy w Warszawie oferuje kredyty got\u00f3wkowe dla sektora biznesowego, ma\u0142ych firm i os\u00f3b fizycznych. W\u015br\u00f3d tych ostatnich zdarzaj\u0105 si\u0119 oferty promocyjne z obni\u017con\u0105 prowizj\u0105 lub oprocentowaniem. Poni\u017cej przedstawiamy szczeg\u00f3\u0142ow\u0105 ofert\u0119 kredyt\u00f3w got\u00f3wkowych w Citi Handlowy (oferty wa\u017cne na dzie\u0144 24.06.2024 r.).<\/p>\n<h3>Po\u017cyczka online w Citi Handlowy<\/h3>\n<p>Prosty kredyt got\u00f3wkowy przeznaczony zar\u00f3wno dla sta\u0142ych klient\u00f3w banku jak i os\u00f3b, kt\u00f3re wsp\u00f3\u0142pracuj\u0105 z nim po raz pierwszy. Citi Handlowy sugeruje zaci\u0105gni\u0119cie jej online, za pomoc\u0105 identyfikacji metod\u0105 na selfie.<\/p>\n<ul>\n<li><strong>Kwota kredytu:<\/strong> Maksymalnie do 150 000 z\u0142.<\/li>\n<li><strong>Cel:<\/strong> Na dowolny cel.<\/li>\n<li><strong>Okres sp\u0142aty:<\/strong> Maksymalnie do 96 miesi\u0119cy, czyli 8 lat.<\/li>\n<li><strong>Promocje:<\/strong> Bank okazjonalnie oferuje warunki promocyjne na ten produkt, ewentualnie modyfikuj\u0105c go pod k\u0105tem danej promocji.<\/li>\n<\/ul>\n<h3>Po\u017cyczka got\u00f3wkowa Celuj w Marzenia w Citi Handlowy<\/h3>\n<p>Promocyjna oferta kredytowa przeznaczona dla nowych klient\u00f3w banku. Nie odbiega za bardzo od standardowego kredytu got\u00f3wkowego dost\u0119pnego w Citi Handlowy. R\u00f3\u017cni si\u0119 oprocentowaniem i maksymalnym okresem sp\u0142aty.<\/p>\n<ul>\n<li><strong>Kwota kredytu:<\/strong> Maksymalnie do 150 000 z\u0142.<\/li>\n<li><strong>Cel:<\/strong> Na dowolny cel.<\/li>\n<li><strong>Okres sp\u0142aty:<\/strong> Do 60 miesi\u0119cy, czyli 5 lat.<\/li>\n<li><strong>Promocje:<\/strong> Ta oferta jest promocyjna i aktualna na dzie\u0144 24.06.2024. Nale\u017cy do standardowych produkt\u00f3w banku i prawdopodobnie b\u0119dzie kontynuowana w drugiej po\u0142owie 2024 roku.<\/li>\n<\/ul>\n<h3>Po\u017cyczka konsolidacyjna w Citi Handlowy<\/h3>\n<p>W Banku Handlowym mo\u017cesz zaci\u0105gn\u0105\u0107 kredyt na sp\u0142at\u0119 innych zobowi\u0105za\u0144, przede wszystkim kredyt\u00f3w w innych bankach i po\u017cyczek pozabankowych. Wyj\u0105tkowo ca\u0142\u0105 operacj\u0119 mo\u017cna przeprowadzi\u0107 online, a ostateczn\u0105 umow\u0119 zam\u00f3wi\u0107 kurierem.<\/p>\n<ul>\n<li><strong>Kwota kredytu:<\/strong> Maksymalnie do 150 000 z\u0142.<\/li>\n<li><strong>Cel:<\/strong> Na sp\u0142at\u0119 dotychczasowych zobowi\u0105za\u0144.<\/li>\n<li><strong>Okres sp\u0142aty:<\/strong> Do 120 miesi\u0119cy, czyli 10 lat.<\/li>\n<li><strong>Oprocentowanie:<\/strong> Zmienne w ca\u0142ym okresie sp\u0142aty.<\/li>\n<\/ul>\n<h3>Saldo na raty w Citi Handlowy<\/h3>\n<p>Limit na koncie automatycznie zamieniany na kredyt got\u00f3wkowy i sp\u0142acany w ratach. Mniej op\u0142acalny od standardowych produkt\u00f3w Banku Citi Handlowy, ale wyj\u0105tkowo elastyczny. Po\u017cyczasz pieni\u0105dze kiedy s\u0105 Ci potrzebne, sp\u0142acasz w ci\u0105gu kolejnych lat.<\/p>\n<ul>\n<li><strong>Kwota kredytu:<\/strong> Zale\u017cnie od przyznanego limitu na koncie.<\/li>\n<li><strong>Cel:<\/strong> Na dowolny cel.<\/li>\n<li><strong>Okres sp\u0142aty:<\/strong> Do 60 miesi\u0119cy, czyli 5 lat.<\/li>\n<li><strong>Dodatkowe informacje:<\/strong> Nie ma obowi\u0105zku zamiany zad\u0142u\u017cenia na koncie na kredyt got\u00f3wkowy, jest tylko mo\u017cliwo\u015b\u0107, by zrobi\u0107 to w uproszczony spos\u00f3b.<\/li>\n<\/ul>\n<h3>Po\u017cyczka na finansowanie dzia\u0142alno\u015bci gospodarczej w Citi Handlowy<\/h3>\n<p>Standardowy kredyt got\u00f3wkowy dla firm, przeznaczony g\u0142\u00f3wnie dla mikro przedsi\u0119biorstw. Przyznawany na dowolny cel powi\u0105zany z prowadzeniem dzia\u0142alno\u015bci gospodarczej. Bardzo podobny do kredytu got\u00f3wkowego dla os\u00f3b fizycznych.<\/p>\n<ul>\n<li><strong>Kwota kredytu:<\/strong> Maksymalnie do 150 000 z\u0142 bez zabezpiecze\u0144 rzeczowych.<\/li>\n<li><strong>Cel:<\/strong> Na cele dzia\u0142alno\u015bci gospodarczej.<\/li>\n<li><strong>Okres sp\u0142aty:<\/strong> Maksymalnie do 60 miesi\u0119cy, czyli 5 lat.<\/li>\n<li><strong>Promocje:<\/strong> Raczej jest to ustandaryzowany produkt bez opcji promocyjnych.<\/li>\n<\/ul>\n<h3>Kredyt obrotowy sp\u0142acany w ratach w Citi Handlowy<\/h3>\n<p>Kolejne po\u0142\u0105czenie kredytu got\u00f3wkowego i debetu w koncie, tym razem przeznaczone dla mikroprzedsi\u0119biorstw. Pozwala zaci\u0105ga\u0107 kredyt obrotowy w dowolnym momencie, ale jego sp\u0142at\u0119 roz\u0142o\u017cy\u0107 na raty.<\/p>\n<ul>\n<li><strong>Kwota kredytu:<\/strong> Zale\u017cnie od przyznanego limitu na koncie.<\/li>\n<li><strong>Cel:<\/strong> Na zobowi\u0105zania przedsi\u0119biorstwa.<\/li>\n<li><strong>Okres sp\u0142aty:<\/strong> Do 60 miesi\u0119cy, czyli 5 lat.<\/li>\n<li><strong>Dodatkowe informacje:<\/strong> Bank nie przelewa \u015brodk\u00f3w kredytobiorcy tylko od razu jego wierzycielom.<\/li>\n<\/ul>\n<h2>Jakie warunki trzeba spe\u0142ni\u0107 wnioskuj\u0105c o kredyt got\u00f3wkowy w Citi Handlowy?<\/h2>\n<p>Aby ubiega\u0107 si\u0119 o kredyt got\u00f3wkowy w Citi Handlowy, nale\u017cy spe\u0142ni\u0107 pewne wymagania.<\/p>\n<p><strong>Zdolno\u015b\u0107 kredytowa:<\/strong><\/p>\n<p>Bank ocenia zdolno\u015b\u0107 kredytow\u0105 na podstawie kilku czynnik\u00f3w, takich jak historia kredytowa i dochody. Klienci banku mog\u0105 by\u0107 oceniani na podstawie swoich transakcji finansowych. Osoby nieb\u0119d\u0105ce klientami Banku Citi Handlowy lub posiadaj\u0105ce niewystarczaj\u0105c\u0105 histori\u0119 rachunku mog\u0105 by\u0107 zobowi\u0105zane do dostarczenia dodatkowych dokument\u00f3w, takich jak wyci\u0105gi bankowe z innego banku w Polsce lub dokumenty podatkowe (np. PIT-37, PIT-36, PIT-38).<\/p>\n<p><strong>Dokumenty:<\/strong><\/p>\n<p>Wymagane dokumenty mog\u0105 si\u0119 r\u00f3\u017cni\u0107 w zale\u017cno\u015bci od sytuacji klienta i polityki banku. Zazwyczaj bank wymaga:<\/p>\n<ul>\n<li><strong>dowodu to\u017csamo\u015bci:<\/strong> Klienci posiadaj\u0105cy konto w Banku Handlowym mog\u0105 by\u0107 zwolnieni z dostarczania dodatkowych dokument\u00f3w to\u017csamo\u015bci. Osoby spoza banku musz\u0105 zazwyczaj przedstawi\u0107 dow\u00f3d osobisty;<\/li>\n<li><strong>dokument\u00f3w dochodowych:<\/strong> Klienci musz\u0105 udokumentowa\u0107 swoje dochody, co mo\u017ce obejmowa\u0107 wyci\u0105gi bankowe lub inne dokumenty potwierdzaj\u0105ce regularne wp\u0142ywy na konto.<\/li>\n<\/ul>\n<p><strong>Dodatkowe informacje<\/strong><\/p>\n<p>Bank Citi Handlowy w Warszawie mo\u017ce wymaga\u0107 dodatkowych dokument\u00f3w lub informacji w zale\u017cno\u015bci od specyfiki kredytu i sytuacji finansowej klienta. Przyk\u0142adowo, osoby prowadz\u0105ce dzia\u0142alno\u015b\u0107 gospodarcz\u0105 mog\u0105 by\u0107 zobowi\u0105zane do przedstawienia za\u015bwiadcze\u0144 o niezaleganiu z podatkami lub sk\u0142adkami ZUS. Proces wnioskowania o kredyt obejmuje tak\u017ce weryfikacj\u0119 w bazach danych d\u0142u\u017cnik\u00f3w oraz analiz\u0119 zdolno\u015bci sp\u0142aty zobowi\u0105za\u0144. Bank stara si\u0119, aby proces by\u0142 przejrzysty i przyjazny dla klienta, oferuj\u0105c wsparcie na ka\u017cdym etapie aplikacji.<\/p>\n<h2>Jak wzi\u0105\u0107 kredyt w Citi Handlowy?<\/h2>\n<p>Bank Citi Handlowy w Warszawie umo\u017cliwia zaci\u0105gni\u0119cie kredytu got\u00f3wkowego poprzez r\u00f3\u017cne kana\u0142y, pozwalaj\u0105c klientom wybra\u0107 najdogodniejsz\u0105 metod\u0119. Oto one:<\/p>\n<ul>\n<li><strong>Aplikacja mobilna Citi Mobile:<\/strong> Klienci mog\u0105 korzysta\u0107 z aplikacji mobilnej dost\u0119pnej na smartfony i tablety. Umo\u017cliwia ona szybkie i wygodne aplikowanie o kredyt, monitorowanie statusu wniosku oraz zarz\u0105dzanie kredytem po jego przyznaniu. Bank zdecydowanie preferuje t\u0119 opcj\u0119.<\/li>\n<li><strong>Serwis transakcyjny Citibank Online:<\/strong> Na stronie internetowej banku dost\u0119pny jest serwis transakcyjny, gdzie klienci mog\u0105 z\u0142o\u017cy\u0107 wniosek o kredyt got\u00f3wkowy oraz skorzysta\u0107 z innych us\u0142ug bankowych. Proces jest intuicyjny i wszystkie potrzebne informacje s\u0105 dost\u0119pne online.<\/li>\n<li><strong>Infolinia Banku:<\/strong> Klienci mog\u0105 r\u00f3wnie\u017c aplikowa\u0107 o kredyt, dzwoni\u0105c na infolini\u0119 banku. Konsultanci s\u0105 gotowi udzieli\u0107 pomocy, odpowiedzie\u0107 na pytania dotycz\u0105ce procesu aplikacyjnego, wymaganych dokument\u00f3w oraz warunk\u00f3w kredytu. Ta opcja jest idealna dla os\u00f3b preferuj\u0105cych bezpo\u015bredni kontakt z doradc\u0105.<\/li>\n<li><strong>Oddzia\u0142y Banku:<\/strong> Klienci mog\u0105 uda\u0107 si\u0119 do jednego z oddzia\u0142\u00f3w Banku Handlowym, gdzie mog\u0105 z\u0142o\u017cy\u0107 wniosek o kredyt oraz uzyska\u0107 szczeg\u00f3\u0142owe informacje i porady od pracownik\u00f3w banku. To rozwi\u0105zanie jest korzystne dla os\u00f3b ceni\u0105cych bezpo\u015bredni kontakt i indywidualne podej\u015bcie.<\/li>\n<\/ul>\n<p>Citi Handlowy poleca skorzystanie z metody online lub telefonicznej tak\u017ce w przypadku kredyt\u00f3w firmowych i konsolidacyjnych, po kt\u00f3re w innych bankach do\u015b\u0107 cz\u0119sto trzeba uda\u0107 si\u0119 osobi\u015bcie.<\/p>\n<h2>Jak sp\u0142aci\u0107 kredyt got\u00f3wkowy w Citi Handlowy?<\/h2>\n<p>Sp\u0142ata rat kredytowych w Citi Handlowy jest prostym i wygodnym procesem, szczeg\u00f3lnie dla klient\u00f3w posiadaj\u0105cych konto w tym banku. Istnieje kilka metod sp\u0142aty dostosowanych do r\u00f3\u017cnych preferencji. Oto one:<\/p>\n<ul>\n<li><strong>Automatyczne pobieranie raty:<\/strong> Bank automatycznie pobiera kwot\u0119 raty kredytu z konta klienta w terminie okre\u015blonym w umowie. Wa\u017cne jest, aby na koncie by\u0142y dost\u0119pne \u015brodki na pokrycie raty, co zapewnia terminow\u0105 sp\u0142at\u0119 i brak op\u00f3\u017anie\u0144.<\/li>\n<li><strong>Przelewy bankowe:<\/strong> Klienci mog\u0105 sp\u0142aca\u0107 kredyt, wykonuj\u0105c przelewy na wskazane konto bankowe. Bank dostarcza wszystkich niezb\u0119dnych informacji, takich jak numer konta oraz termin sp\u0142aty, co umo\u017cliwia kontrolowanie sp\u0142aty.<\/li>\n<li><strong>Zlecenie sta\u0142e:<\/strong> Klienci mog\u0105 ustawi\u0107 zlecenie sta\u0142e, kt\u00f3re automatycznie b\u0119dzie regulowa\u0107 raty kredytu z ich konta w ustalonym terminie. Jest to wygodne rozwi\u0105zanie, eliminuj\u0105ce konieczno\u015b\u0107 pami\u0119tania o terminach sp\u0142at i zapewniaj\u0105ce regularne regulowanie zobowi\u0105za\u0144.<\/li>\n<\/ul>\n<p>Citi Handlowy oferuje elastyczne opcje zar\u00f3wno dla os\u00f3b aplikuj\u0105cych o kredyt, jak i tych sp\u0142acaj\u0105cych swoje zobowi\u0105zania, co zwi\u0119ksza komfort korzystania z us\u0142ug banku i dostosowuje si\u0119 do indywidualnych potrzeb klient\u00f3w.<\/p>\n<h2>Zalety i wady kredytu got\u00f3wkowego w Citi Handlowy<\/h2>\n<p>Kredyt w Banku Citi Handlowy to standardowy produkt, podobny do tych, kt\u00f3re znajdziesz w innych bankach. Posiada kilka zalet, kt\u00f3re nie s\u0105 unikalne.<\/p>\n<p><strong>Zalety:<\/strong><\/p>\n<ul>\n<li><strong>Bezp\u0142atna wcze\u015bniejsza sp\u0142ata:<\/strong> Klienci Banku Citi Handlowy maj\u0105 mo\u017cliwo\u015b\u0107 wcze\u015bniejszej sp\u0142aty kredytu got\u00f3wkowego bez ponoszenia dodatkowych op\u0142at. Daje to klientom swobod\u0119 w zarz\u0105dzaniu swoimi finansami i pozwala na redukcj\u0119 koszt\u00f3w kredytu.<\/li>\n<li><strong>Proste zaci\u0105ganie kredytu online:<\/strong> Citi Handlowy bardzo dobrze radzi sobie z obs\u0142ug\u0105 klienta online. Kredyty s\u0105 dost\u0119pne z poziomu aplikacji. Nawet wnioski firmowe rozpatrywane s\u0105 online i jedynie podpisywane po przys\u0142aniu umowy kurierem.<\/li>\n<li><strong>Sp\u0142ata limit\u00f3w na raty:<\/strong> Po zaci\u0105gni\u0119ciu kredytu w formie limitu (debet na koncie, kredyt obrotowy dla firm), mo\u017cna \u0142atwo zmieni\u0107 zobowi\u0105zanie na kredyt got\u00f3wkowy.<\/li>\n<li><strong>Promocje, rozwi\u0105zania unikalne:<\/strong> Citi Handlowy oferuje okazjonalnie warunki promocyjne lub wyspecjalizowane produkty, kt\u00f3re mog\u0105 by\u0107 dla Ciebie optymalne.<\/li>\n<\/ul>\n<p>Produkty kredytowe Banku Citi Handlowy przewa\u017cnie nie maj\u0105 widocznych wad opr\u00f3cz oczywi\u015bcie konieczno\u015bci ich sp\u0142acenia. Mo\u017cna jednak wytkn\u0105\u0107 jeden drobny mankament.<\/p>\n<p><strong>Wady:<\/strong><\/p>\n<ul>\n<li><strong>Niedoci\u0105gni\u0119cia w obs\u0142udze tradycyjnej:<\/strong> Citi Handlowy stawia na obs\u0142ug\u0119 klienta online. Kredytobiorcy preferuj\u0105cy bardziej tradycyjne formy kontaktu jak wizyta w oddziale i korzystanie z infolinii musz\u0105 uzbroi\u0107 si\u0119 w cierpliwo\u015b\u0107.<\/li>\n<\/ul>\n<h2>FAQ &#8211; Najcz\u0119\u015bciej zadawane pytania<\/h2>\n<h3>Czy mo\u017cna nadp\u0142aci\u0107 kredyt got\u00f3wkowy w Banku Citi Handlowy?<\/h3>\n<p>Tak, klienci mog\u0105 nadp\u0142aca\u0107 kredyt w dowolnym momencie, co pozwala na szybsze zmniejszenie zad\u0142u\u017cenia i obni\u017cenie ca\u0142kowitych koszt\u00f3w kredytu. W Banku Citi Handlowy istnieje mo\u017cliwo\u015b\u0107 nadp\u0142acenia lub wcze\u015bniejszej sp\u0142aty kredytu got\u00f3wkowego bez dodatkowych op\u0142at. Dotyczy to wszystkich kredyt\u00f3w got\u00f3wkowych.<\/p>\n<h3>Jakie mo\u017ce by\u0107 oprocentowanie kredytu got\u00f3wkowego w Citi Handlowy?<\/h3>\n<p>Oprocentowanie kredyt\u00f3w got\u00f3wkowych w Citi Handlowy jest zmienne. Jego wysoko\u015b\u0107 odpowiada warunkom rynkowym i nie odbiega znacz\u0105co od oferty innych bank\u00f3w. Je\u015bli zaci\u0105gasz kredyt w Banku Citi Handlowy, upewnij si\u0119, z jakim oprocentowaniem je zaci\u0105gasz.<\/p>\n<h3>Na jaki cel mo\u017cna przeznaczy\u0107 kredyt got\u00f3wkowy w Citi Handlowy?<\/h3>\n<p>Kredyt got\u00f3wkowy w Citi Handlowy mo\u017cna wykorzysta\u0107 na dowolny cel. Bank nie wprowadza \u017cadnych ogranicze\u0144 co do przeznaczenia \u015brodk\u00f3w, co daje klientom pe\u0142n\u0105 swobod\u0119 w decydowaniu, jak chc\u0105 spo\u017cytkowa\u0107 po\u017cyczone pieni\u0105dze. Kredyty te s\u0105 cz\u0119sto u\u017cywane na cele konsumpcyjne, takie jak zakup sprz\u0119tu, remonty, sp\u0142at\u0119 innych zobowi\u0105za\u0144, czy wakacje. Natomiast kredyty konsolidacyjne mog\u0105 by\u0107 wykorzystane jedynie na sp\u0142at\u0119 dotychczasowych zobowi\u0105za\u0144. Dodatkowo Citi Handlowy w Warszawie oferuje kredyty celowe, na przyk\u0142ad ekologiczne czy dla firm, z warunkami okre\u015blonymi w umowie.<\/p>\n<h3>Jaka jest maksymalna kwota kredytu got\u00f3wkowego w Citi Handlowy?<\/h3>\n<p>Bank Citi Handlowy w Warszawie oferuje kredyty got\u00f3wkowe do 150 000 z\u0142 dla os\u00f3b fizycznych i ma\u0142ych firm. Konkretne produkty kredytowe maj\u0105 inne limity, od kilku tysi\u0119cy do kilkuset tysi\u0119cy z\u0142. Wysoko\u015b\u0107 dost\u0119pnej kwoty kredytu zale\u017cy od zdolno\u015bci kredytowej klienta, jego dochod\u00f3w oraz historii kredytowej. Bank dok\u0142adnie ocenia sytuacj\u0119 finansow\u0105 ka\u017cdego klienta, aby zaproponowa\u0107 odpowiedni\u0105 kwot\u0119 kredytu dostosowan\u0105 do jego potrzeb i mo\u017cliwo\u015bci.<\/p>\n<h3>Jaki jest maksymalny okres sp\u0142aty kredytu got\u00f3wkowego w Citi Handlowy?<\/h3>\n<p>Maksymalny okres sp\u0142aty kredytu got\u00f3wkowego w Citi Handlowy wynosi 8-10 lat dla os\u00f3b fizycznych oraz 5 lat dla firm. Zawsze mo\u017cna wybra\u0107 kr\u00f3tszy okres sp\u0142aty, tym samym obni\u017caj\u0105c koszty kredytowe.<\/p>\n","protected":false},"excerpt":{"rendered":"<p>W Citi Handlowy zaci\u0105gniesz kredyty got\u00f3wkowe zar\u00f3wno jako osoba fizyczna jak i w ramach dzia\u0142alno\u015bci gospodarczej. Stosunkowo prosta, ale bardzo [&hellip;]<\/p>\n","protected":false},"author":32,"featured_media":0,"parent":923,"menu_order":0,"comment_status":"closed","ping_status":"closed","template":"page_bank_product.php","meta":{"_acf_changed":false,"yasr_overall_rating":0,"yasr_post_is_review":"","yasr_auto_insert_disabled":"","yasr_review_type":"","footnotes":""},"class_list":["post-10390","page","type-page","status-publish","hentry"],"acf":[],"yoast_head":"<!-- This site is optimized with the Yoast SEO plugin v27.1.1 - https:\/\/yoast.com\/product\/yoast-seo-wordpress\/ -->\n<title>Kredyty got\u00f3wkowe w Citi Handlowy | Por\u00f3wnywarka finansowa Rankomat<\/title>\n<meta name=\"robots\" content=\"index, follow, max-snippet:-1, max-image-preview:large, max-video-preview:-1\" \/>\n<link rel=\"canonical\" href=\"https:\/\/rankomat.pl\/finanse\/banki\/citi-handlowy\/kredyty-gotowkowe\/\" \/>\n<meta property=\"og:locale\" content=\"pl_PL\" \/>\n<meta property=\"og:type\" content=\"article\" \/>\n<meta property=\"og:title\" content=\"Kredyty got\u00f3wkowe w Citi Handlowy | Por\u00f3wnywarka finansowa Rankomat\" \/>\n<meta property=\"og:description\" content=\"W Citi Handlowy zaci\u0105gniesz kredyty got\u00f3wkowe zar\u00f3wno jako osoba fizyczna jak i w ramach dzia\u0142alno\u015bci gospodarczej. Stosunkowo prosta, ale bardzo [&hellip;]\" \/>\n<meta property=\"og:url\" content=\"https:\/\/rankomat.pl\/finanse\/banki\/citi-handlowy\/kredyty-gotowkowe\/\" \/>\n<meta property=\"og:site_name\" content=\"Por\u00f3wnywarka finansowa Rankomat\" \/>\n<meta property=\"article:publisher\" content=\"https:\/\/www.facebook.com\/rankomatpl\/\" \/>\n<meta property=\"article:modified_time\" content=\"2024-08-01T12:37:37+00:00\" \/>\n<meta property=\"og:image\" content=\"https:\/\/rankomat.pl\/finanse\/wp-content\/uploads\/2021\/03\/rankomat-star-og.png\" \/>\n\t<meta property=\"og:image:width\" content=\"480\" \/>\n\t<meta property=\"og:image:height\" content=\"320\" \/>\n\t<meta property=\"og:image:type\" content=\"image\/png\" \/>\n<meta name=\"twitter:card\" content=\"summary_large_image\" \/>\n<meta name=\"twitter:site\" content=\"@rankomat\" \/>\n<meta name=\"twitter:label1\" content=\"Szacowany czas czytania\" \/>\n\t<meta name=\"twitter:data1\" content=\"10 minut\" \/>\n<script type=\"application\/ld+json\" class=\"yoast-schema-graph\">{\"@context\":\"https:\/\/schema.org\",\"@graph\":[{\"@type\":\"BreadcrumbList\",\"@id\":\"https:\/\/rankomat.pl\/finanse\/banki\/citi-handlowy\/kredyty-gotowkowe\/#breadcrumb\",\"itemListElement\":[{\"@type\":\"ListItem\",\"position\":1,\"name\":\"Finanse\",\"item\":\"https:\/\/rankomat.pl\/finanse\/\"},{\"@type\":\"ListItem\",\"position\":2,\"name\":\"Banki\",\"item\":\"https:\/\/rankomat.pl\/finanse\/banki\/\"},{\"@type\":\"ListItem\",\"position\":3,\"name\":\"Citi Handlowy\",\"item\":\"https:\/\/rankomat.pl\/finanse\/banki\/citi-handlowy\/\"},{\"@type\":\"ListItem\",\"position\":4,\"name\":\"Kredyty got\u00f3wkowe w Citi Handlowy\"}]}]}<\/script>\n<!-- \/ Yoast SEO plugin. -->","yoast_head_json":{"title":"Kredyty got\u00f3wkowe w Citi Handlowy | Por\u00f3wnywarka finansowa Rankomat","robots":{"index":"index","follow":"follow","max-snippet":"max-snippet:-1","max-image-preview":"max-image-preview:large","max-video-preview":"max-video-preview:-1"},"canonical":"https:\/\/rankomat.pl\/finanse\/banki\/citi-handlowy\/kredyty-gotowkowe\/","og_locale":"pl_PL","og_type":"article","og_title":"Kredyty got\u00f3wkowe w Citi Handlowy | Por\u00f3wnywarka finansowa Rankomat","og_description":"W Citi Handlowy zaci\u0105gniesz kredyty got\u00f3wkowe zar\u00f3wno jako osoba fizyczna jak i w ramach dzia\u0142alno\u015bci gospodarczej. Stosunkowo prosta, ale bardzo [&hellip;]","og_url":"https:\/\/rankomat.pl\/finanse\/banki\/citi-handlowy\/kredyty-gotowkowe\/","og_site_name":"Por\u00f3wnywarka finansowa Rankomat","article_publisher":"https:\/\/www.facebook.com\/rankomatpl\/","article_modified_time":"2024-08-01T12:37:37+00:00","og_image":[{"width":480,"height":320,"url":"https:\/\/rankomat.pl\/finanse\/wp-content\/uploads\/2021\/03\/rankomat-star-og.png","type":"image\/png"}],"twitter_card":"summary_large_image","twitter_site":"@rankomat","twitter_misc":{"Szacowany czas czytania":"10 minut"},"schema":{"@context":"https:\/\/schema.org","@graph":[{"@type":"BreadcrumbList","@id":"https:\/\/rankomat.pl\/finanse\/banki\/citi-handlowy\/kredyty-gotowkowe\/#breadcrumb","itemListElement":[{"@type":"ListItem","position":1,"name":"Finanse","item":"https:\/\/rankomat.pl\/finanse\/"},{"@type":"ListItem","position":2,"name":"Banki","item":"https:\/\/rankomat.pl\/finanse\/banki\/"},{"@type":"ListItem","position":3,"name":"Citi Handlowy","item":"https:\/\/rankomat.pl\/finanse\/banki\/citi-handlowy\/"},{"@type":"ListItem","position":4,"name":"Kredyty got\u00f3wkowe w Citi Handlowy"}]}]}},"yasr_visitor_votes":{"stars_attributes":{"read_only":false,"span_bottom":false},"number_of_votes":0,"sum_votes":0},"_links":{"self":[{"href":"https:\/\/rankomat.pl\/finanse\/wp-json\/wp\/v2\/pages\/10390","targetHints":{"allow":["GET"]}}],"collection":[{"href":"https:\/\/rankomat.pl\/finanse\/wp-json\/wp\/v2\/pages"}],"about":[{"href":"https:\/\/rankomat.pl\/finanse\/wp-json\/wp\/v2\/types\/page"}],"author":[{"embeddable":true,"href":"https:\/\/rankomat.pl\/finanse\/wp-json\/wp\/v2\/users\/32"}],"replies":[{"embeddable":true,"href":"https:\/\/rankomat.pl\/finanse\/wp-json\/wp\/v2\/comments?post=10390"}],"version-history":[{"count":0,"href":"https:\/\/rankomat.pl\/finanse\/wp-json\/wp\/v2\/pages\/10390\/revisions"}],"up":[{"embeddable":true,"href":"https:\/\/rankomat.pl\/finanse\/wp-json\/wp\/v2\/pages\/923"}],"wp:attachment":[{"href":"https:\/\/rankomat.pl\/finanse\/wp-json\/wp\/v2\/media?parent=10390"}],"curies":[{"name":"wp","href":"https:\/\/api.w.org\/{rel}","templated":true}]}}