{"id":10391,"date":"2024-07-31T16:21:16","date_gmt":"2024-07-31T14:21:16","guid":{"rendered":"https:\/\/rankomat.pl\/finanse\/?page_id=10391"},"modified":"2024-08-01T14:42:23","modified_gmt":"2024-08-01T12:42:23","slug":"kredyty-hipoteczne","status":"publish","type":"page","link":"https:\/\/rankomat.pl\/finanse\/banki\/citi-handlowy\/kredyty-hipoteczne\/","title":{"rendered":"Kredyty hipoteczne w Citi Handlowy"},"content":{"rendered":"<p><strong>Citi Handlowy w Warszawie udziela kredyt\u00f3w hipotecznych dla os\u00f3b fizycznych oraz zabezpieczone hipotek\u0105 kredyty inwestycyjne dla przedsi\u0119biorstw. Na stronie internetowej banku znajdziesz wygodny kalkulator rat kredytowych i kilka r\u00f3\u017cnych opcji kredyt\u00f3w hipotecznych. Bank udziela zar\u00f3wno kredyt\u00f3w na zakup nieruchomo\u015bci, jak te\u017c po\u017cyczek pod zastaw nieruchomo\u015bci ju\u017c posiadanych.<\/strong><\/p>\n<p><!--more--><\/p>\n<h2>Jakie kredyty hipoteczne s\u0105 dost\u0119pne w Citi Handlowy ?<\/h2>\n<p>Podstawowym produktem hipotecznym Banku Citi Handlowy jest Kredyt Mieszkaniowy. W ofercie znajduje si\u0119 tak\u017ce kilka innych opcji kredytowych. S\u0105 one dost\u0119pne z oprocentowaniem zmiennym lub okresowo sta\u0142ym.<\/p>\n<h3>Kredyt mieszkaniowy<\/h3>\n<p>Standardowy kredyt mieszkaniowy, podstawowy produkt hipoteczny Citi Handlowy. Potencjalnie mo\u017cna po\u017cyczy\u0107 do 3 000 000 z\u0142, co jest do\u015b\u0107 wysokim limitem kredytu hipotecznego.<\/p>\n<ul>\n<li><strong>Minimalny wk\u0142ad w\u0142asny:<\/strong> 20%, bank nie udziela kredyt\u00f3w z obni\u017conym wk\u0142adem w\u0142asnym<\/li>\n<li><strong>Maksymalna kwota:<\/strong> 3 000 000 z\u0142.<\/li>\n<li><strong>Maksymalny okres sp\u0142aty:<\/strong> 30 lat.<\/li>\n<li><strong>Cel:<\/strong> Mieszkaniowy, mo\u017cna kupi\u0107 mieszkanie lub dom, wybudowa\u0107 dom jednorodzinny, dokona\u0107 remontu lub wykupu nieruchomo\u015bci wsp\u00f3lnej.<\/li>\n<li><strong>Oprocentowanie:<\/strong> Zmienne lub sta\u0142e na 5 lat.<\/li>\n<li><strong>Promocje:<\/strong> To standardowy produkt bankowy, ale Citi Handlowy mo\u017ce go oferowa\u0107 z prowizj\u0105 0%.<\/li>\n<\/ul>\n<h3>Po\u017cyczka hipoteczna<\/h3>\n<p>Kredyt przyznawany pod zastaw nieruchomo\u015bci, kt\u00f3r\u0105 ju\u017c posiadasz. Mo\u017cna go przeznaczy\u0107 na dowolny cel, w tym tak\u017ce zakup innej nieruchomo\u015bci.<\/p>\n<ul>\n<li><strong>Maksymalne LTV:<\/strong> 30%, czyli mo\u017cna po\u017cyczy\u0107 70% warto\u015bci nieruchomo\u015bci.<\/li>\n<li><strong>Maksymalna kwota:<\/strong> 2 000 000 z\u0142.<\/li>\n<li><strong>Maksymalny okres sp\u0142aty:<\/strong> 20 lat.<\/li>\n<li><strong>Cel:<\/strong> Budowa domu zgodnie z zasadami budownictwa ekologicznego.<\/li>\n<li><strong>Oprocentowanie:<\/strong> Zmienne lub sta\u0142e na 5 lat.<\/li>\n<li><strong>Dodatkowe informacje:<\/strong> Kredyt mo\u017cna przeznaczy\u0107 na sp\u0142at\u0119 innych kredyt\u00f3w.<\/li>\n<\/ul>\n<h3>Kredyt na finansowanie inwestycji w maj\u0105tek trwa\u0142y<\/h3>\n<p>Kredyt hipoteczny dla przedsi\u0119biorstw umo\u017cliwiaj\u0105cy zakup nieruchomo\u015bci, wyposa\u017cenia, a nawet ca\u0142ych przedsi\u0119biorstw. Mo\u017ce by\u0107 kredytem hipotecznym, ale bank dopuszcza r\u00f3wnie\u017c inne formy zabezpieczenia jak gwarancje BGK.<\/p>\n<ul>\n<li><strong>Minimalny wk\u0142ad w\u0142asny:<\/strong> Zale\u017cny od umowy z bankiem.<\/li>\n<li><strong>Maksymalna kwota:<\/strong> 3 000 000 z\u0142.<\/li>\n<li><strong>Maksymalny okres sp\u0142aty:<\/strong> 7 lat, czyli 84 miesi\u0105ce.<\/li>\n<li><strong>Cel:<\/strong> Zakup nieruchomo\u015bci i maj\u0105tku trwa\u0142ego do przedsi\u0119biorstwa.<\/li>\n<li><strong>Oprocentowanie:<\/strong> Zmienne lub sta\u0142e na 5 lat.<\/li>\n<li><strong>Dodatkowe informacje:<\/strong> Warunki kredytu mog\u0105 by\u0107 ustalane indywidualnie. Bank b\u0119dzie wymaga\u0142 rozliczenia koszt\u00f3w i zabezpieczenia na kupowanym maj\u0105tku trwa\u0142ym.<\/li>\n<\/ul>\n<h3>Przeniesienie kredytu hipotecznego<\/h3>\n<p>Citi Handlowy w Warszawie oferuje refinansowanie kredyt\u00f3w hipotecznych zaci\u0105gni\u0119tych w innych bankach. Warunki ustalane s\u0105 indywidualnie.<\/p>\n<h2>Jakie warunki trzeba spe\u0142ni\u0107 wnioskuj\u0105c o kredyt hipoteczny w Citi Handlowy?<\/h2>\n<p>Wymagania dotycz\u0105ce uzyskania kredytu hipotecznego s\u0105 podobne we wszystkich bankach komercyjnych. Oto standardowe warunki:<\/p>\n<ul>\n<li><strong>Zbierz wk\u0142ad w\u0142asny:<\/strong> Nawet je\u015bli kupujesz mieszkanie na kredyt, musisz pokry\u0107 cz\u0119\u015b\u0107 jego warto\u015bci w\u0142asnymi \u015brodkami. Zazwyczaj jest to minimum 20% warto\u015bci nieruchomo\u015bci. Je\u015bli kupujesz dom za 1 000 000 z\u0142, musisz mie\u0107 200 000 zebrane w got\u00f3wce lub w innych sk\u0142adnikach maj\u0105tku akceptowanych przez bank. Citi Handlowy nie udziela kredyt\u00f3w z 10% wk\u0142adem w\u0142asnym.<\/li>\n<li><strong>Znajd\u017a odpowiedni\u0105 nieruchomo\u015b\u0107:<\/strong> Nieruchomo\u015b\u0107 musi by\u0107 odpowiednio wyceniona, zdatna do sprzeda\u017cy i mie\u0107 warto\u015b\u0107, kt\u00f3ra b\u0119dzie zabezpieczeniem kredytu. W przypadku budowy kredyt jest wyp\u0142acany w transzach w zale\u017cno\u015bci od etapu budowy. Nale\u017cy pami\u0119ta\u0107, \u017ce nie mo\u017cna ubiega\u0107 si\u0119 o kredyt hipoteczny bez za\u0142o\u017conej ksi\u0119gi wieczystej.<\/li>\n<li><strong>Zbierz potrzebne dokumenty:<\/strong> Bank wymaga wielu dokument\u00f3w dotycz\u0105cych dochod\u00f3w, warto\u015bci nieruchomo\u015bci, kt\u00f3ra zostanie obci\u0105\u017cona hipotek\u0105 na rzecz banku, a tak\u017ce warunk\u00f3w zabudowy, je\u015bli budujesz dom jednorodzinny.<\/li>\n<li><strong>Udowodnij swoj\u0105 zdolno\u015b\u0107 kredytow\u0105:<\/strong> Kredyt hipoteczny to powa\u017cne, d\u0142ugoterminowe zobowi\u0105zanie. Citi Handlowy w Warszawie przyznaje go tylko osobom, kt\u00f3re maj\u0105 zdolno\u015b\u0107 do terminowej sp\u0142aty. Oceniane s\u0105 dochody kredytobiorcy, jego wydatki oraz stabilno\u015b\u0107 zatrudnienia.<\/li>\n<li><strong>Uzyskaj zgod\u0119 wsp\u00f3\u0142ma\u0142\u017conka:<\/strong> Osoby bez rozdzielno\u015bci maj\u0105tkowej mog\u0105 zawiera\u0107 umowy takie jak kredyt hipoteczny tylko za zgod\u0105 wsp\u00f3\u0142ma\u0142\u017conka. Zazwyczaj ma\u0142\u017conkowie bior\u0105 kredyt wsp\u00f3lnie, ale mo\u017cna go r\u00f3wnie\u017c zaci\u0105gn\u0105\u0107 samodzielnie, je\u015bli uzyska si\u0119 odpowiedni\u0105 zgod\u0119.<\/li>\n<li><strong>Podpisz umowy ubezpieczenia:<\/strong> Nieruchomo\u015b\u0107 musi by\u0107 ubezpieczona. W przypadku kredytu z wk\u0142adem w\u0142asnym poni\u017cej 20% bank wymaga dodatkowego ubezpieczenia zwi\u0105zanego z niskim wk\u0142adem w\u0142asnym.<\/li>\n<li><strong>Wype\u0142nij wniosek kredytowy:<\/strong> Je\u015bli wniosek jest niekompletny, bank b\u0119dzie wzywa\u0142 do jego uzupe\u0142nienia, co wyd\u0142u\u017ca procedur\u0119. Citi Handlowy w Warszawie zazwyczaj nie odrzuca wadliwego wniosku, lecz kontaktuje si\u0119 z klientem w celu jego poprawienia.<\/li>\n<li><strong>Poczekaj na decyzj\u0119 banku.<\/strong><\/li>\n<\/ul>\n<p>Mog\u0105 pojawi\u0107 si\u0119 dodatkowe wymagania, zw\u0142aszcza dotycz\u0105ce dokumentacji i zdolno\u015bci kredytowej. Osoby korzystaj\u0105ce z program\u00f3w pomocowych musz\u0105 spe\u0142nia\u0107 odr\u0119bne warunki.<\/p>\n<h2>Oprocentowanie kredytu hipotecznego w Citi Handlowy<\/h2>\n<p>Citi Handlowy w Warszawie oferuje kredyty hipoteczne z r\u00f3\u017cnymi rodzajami oprocentowania, daj\u0105c klientom mo\u017cliwo\u015b\u0107 wyboru najbardziej odpowiedniego dla nich rozwi\u0105zania. Oprocentowanie mo\u017ce by\u0107 zmienne lub sta\u0142e przez okre\u015blony czas.<\/p>\n<p><strong>Rodzaje oprocentowania:<\/strong><br \/>\n<strong>Oprocentowanie zmienne:<\/strong> Kredyty hipoteczne w Citi Handlowy mog\u0105 mie\u0107 oprocentowanie zmienne, co oznacza, \u017ce stopa procentowa mo\u017ce si\u0119 zmienia\u0107 w zale\u017cno\u015bci od warunk\u00f3w rynkowych. Wybieraj\u0105c ten rodzaj oprocentowania, klient musi by\u0107 przygotowany na ryzyko wzrostu raty, je\u015bli stopy procentowe wzrosn\u0105. Oprocentowanie zmienne sk\u0142ada si\u0119 z mar\u017cy banku (kt\u00f3ra jest sta\u0142a) oraz wska\u017anika WIBOR, kt\u00f3ry jest dodawany do mar\u017cy. Zmiany warto\u015bci tego wska\u017anika wp\u0142ywaj\u0105 na wzrost lub spadek rzeczywistego oprocentowania w danym okresie.<br \/>\n<strong>Oprocentowanie sta\u0142e na 5 lat:<\/strong> Mo\u017cna zaci\u0105gn\u0105\u0107 kredyt z oprocentowaniem sta\u0142ym na okres 5 lat. Po up\u0142ywie tego okresu mo\u017cesz odnowi\u0107 umow\u0119 na kolejne 5 lat z nowym oprocentowaniem. Istnieje r\u00f3wnie\u017c mo\u017cliwo\u015b\u0107 przej\u015bcia z oprocentowania zmiennego na sta\u0142e w dowolnym momencie, ale nie odwrotnie.<\/p>\n<h2>Jak wzi\u0105\u0107 kredyt hipoteczny w Citi Handlowy?<\/h2>\n<p>Najwygodniejszym sposobem z\u0142o\u017cenia wniosku o kredyt hipoteczny w Banku Handlowym jest skorzystanie z platformy online banku &#8211; Citibank Online. Po wype\u0142nieniu podstawowych danych nale\u017cy poczeka\u0107 na kontakt ze strony doradcy kredytowego banku.<\/p>\n<h2>Jaki wk\u0142ad w\u0142asny przy kredycie hipotecznym w Citi Handlowy?<\/h2>\n<p>Aby uzyska\u0107 kredyt hipoteczny w Citi Handlowy, trzeba posiada\u0107 co najmniej 20% wk\u0142adu w\u0142asnego, co oznacza, \u017ce stosunek kredytu do warto\u015bci nieruchomo\u015bci (LTV) nie mo\u017ce przekroczy\u0107 80%. W przypadku po\u017cyczki hipotecznej na dowolny cel LTV mo\u017ce wynosi\u0107 70%. Citi Handlowy w Warszawie nie oferuje kredyt\u00f3w mieszkaniowych przy ni\u017cszym wk\u0142adzie w\u0142asnym.<\/p>\n<h2>Jakie dokumenty s\u0105 potrzebne do kredytu hipotecznego w Citi Handlowy?<\/h2>\n<p>Do ubiegania si\u0119 o kredyt hipoteczny w Citi Handlowy wymagane s\u0105 nast\u0119puj\u0105ce dokumenty:<\/p>\n<ul>\n<li><strong>Dokument to\u017csamo\u015bci:<\/strong> Dow\u00f3d osobisty lub paszport do potwierdzenia to\u017csamo\u015bci klienta.<\/li>\n<li><strong>Wyci\u0105g z konta bankowego:<\/strong> Wymagany do oceny stabilno\u015bci finansowej i regularno\u015bci wp\u0142yw\u00f3w. Sta\u0142ym klientom banku mo\u017ce by\u0107 on niewymagany.<\/li>\n<li><strong>Dokumenty potwierdzaj\u0105ce dochody:<\/strong> Za\u015bwiadczenia o zatrudnieniu, umowy o prac\u0119, zeznania podatkowe, a w przypadku przedsi\u0119biorc\u00f3w tak\u017ce za\u015bwiadczenia o niezaleganiu z podatkami i sk\u0142adkami ZUS.<\/li>\n<li><strong>Operat szacunkowy nieruchomo\u015bci:<\/strong> Dokument oceniaj\u0105cy rzeczywist\u0105 warto\u015b\u0107 nieruchomo\u015bci.<\/li>\n<li><strong>Pozwolenia na budow\u0119 i projekty budynk\u00f3w:<\/strong> W przypadku kredyt\u00f3w na budow\u0119 domu.<\/li>\n<li><strong>Inne dokumenty:<\/strong> Mog\u0105 by\u0107 wymagane dodatkowe dokumenty w zale\u017cno\u015bci od potrzeb banku.<\/li>\n<\/ul>\n<h2>Jak sp\u0142aci\u0107 kredyt hipoteczny w Citi Handlowy?<\/h2>\n<p>Kredyt hipoteczny w Citi Handlowy mo\u017cna sp\u0142aca\u0107 zgodnie z harmonogramem sp\u0142at poprzez zlecenie sta\u0142e, przelewy bankowe, wp\u0142aty w plac\u00f3wce banku lub automatyczn\u0105 sp\u0142at\u0119 rat z konta. Bank nie pobiera dodatkowych op\u0142at za wcze\u015bniejsz\u0105 sp\u0142at\u0119 kredytu. Klienci mog\u0105 raz w trakcie okresu sp\u0142aty skorzysta\u0107 z opcji karencji, kt\u00f3ra umo\u017cliwia zawieszenie sp\u0142aty rat kapita\u0142owych na maksymalnie 36 miesi\u0119cy, przy czym odsetki musz\u0105 by\u0107 nadal p\u0142acone.<\/p>\n<h2>FAQ &#8211; Najcz\u0119\u015bciej zadawane pytania<\/h2>\n<h3>Na jaki cel mo\u017cna przeznaczy\u0107 kredyt hipoteczny w Citi Handlowy?<\/h3>\n<p>Citi Handlowy w Warszawie umo\u017cliwia wykorzystanie kredytu hipotecznego na r\u00f3\u017cne cele zwi\u0105zane z nieruchomo\u015bciami. Wygl\u0105da to tak:<\/p>\n<p><strong>Kredyt mieszkaniowy:<\/strong> Przeznaczysz go na budow\u0119 domu, zakup lub remont mieszkania.<\/p>\n<p><strong>Po\u017cyczka hipoteczna pod zastaw posiadanej nieruchomo\u015bci:<\/strong> Mo\u017cna j\u0105 zaci\u0105gn\u0105\u0107 na dowolny cel, zabezpieczaj\u0105c hipotek\u0105 ju\u017c posiadan\u0105 nieruchomo\u015b\u0107.<\/p>\n<p><strong>Kredyt na zakup maj\u0105tku trwa\u0142ego:<\/strong> Wykorzystasz go jedynie na \u015brodki trwa\u0142e kupowane w ramach dzia\u0142alno\u015bci gospodarczej.<\/p>\n<h3>Jaka jest maksymalna kwota kredytu hipotecznego w Citi Handlowy?<\/h3>\n<p>Citi Handlowy w Warszawie standardowo oferuje kredyty hipoteczne do kwoty 3 000 000 z\u0142. Jednak dla klient\u00f3w premium mo\u017cliwe jest przygotowanie indywidualnej oferty, co oznacza, \u017ce maksymalna kwota kredytu mo\u017ce by\u0107 negocjowana.<\/p>\n<h3>Jaki jest maksymalny okres sp\u0142aty kredytu hipotecznego w Citi Handlowy?<\/h3>\n<p>Kredyt hipoteczny w Citi Handlowy mo\u017cna sp\u0142aca\u0107 maksymalnie przez 30 lat, co pozwala na elastyczne dopasowanie rat do mo\u017cliwo\u015bci finansowych klienta. Po\u017cyczki hipoteczne maj\u0105 maksymalnie 20-letni okres sp\u0142aty, a minimalny okres sp\u0142aty wynosi 5 lat. Kredyty inwestycyjno-hipoteczne dla firm mog\u0105 by\u0107 sp\u0142acane maksymalnie przez 7 lat.<\/p>\n<h3>Co mo\u017ce by\u0107 wk\u0142adem w\u0142asnym przy kredycie hipotecznym w Citi Handlowy?<\/h3>\n<p>Opr\u00f3cz tradycyjnego wk\u0142adu w\u0142asnego w got\u00f3wce klient mo\u017ce wykorzysta\u0107 inne \u015brodki, takie jak dzia\u0142ka budowlana przeznaczona na budow\u0119 domu lub posiadane materia\u0142y budowlane. Dodatkowo wk\u0142ad w\u0142asny mo\u017cna uzupe\u0142ni\u0107 \u015brodkami zgromadzonymi na rachunkach IKE, IKZE lub w ramach Pracowniczych Plan\u00f3w Kapita\u0142owych (PPK).<\/p>\n<h3>Czy mo\u017cna zaci\u0105gn\u0105\u0107 kredyt hipoteczny w Citi Handlowy pracuj\u0105c za granic\u0105?<\/h3>\n<p>Teoretycznie tak, ale Citi Handlowy nie ma w swojej ofercie kredyt\u00f3w hipotecznych w innych walutach.<\/p>\n","protected":false},"excerpt":{"rendered":"<p>Citi Handlowy w Warszawie udziela kredyt\u00f3w hipotecznych dla os\u00f3b fizycznych oraz zabezpieczone hipotek\u0105 kredyty inwestycyjne dla przedsi\u0119biorstw. Na stronie internetowej [&hellip;]<\/p>\n","protected":false},"author":32,"featured_media":0,"parent":923,"menu_order":0,"comment_status":"closed","ping_status":"closed","template":"page_bank_product.php","meta":{"_acf_changed":false,"yasr_overall_rating":0,"yasr_post_is_review":"","yasr_auto_insert_disabled":"","yasr_review_type":"","footnotes":""},"class_list":["post-10391","page","type-page","status-publish","hentry"],"acf":[],"yoast_head":"<!-- This site is optimized with the Yoast SEO plugin v27.1.1 - https:\/\/yoast.com\/product\/yoast-seo-wordpress\/ -->\n<title>Kredyty hipoteczne w Citi Handlowy | Por\u00f3wnywarka finansowa Rankomat<\/title>\n<meta name=\"robots\" content=\"index, follow, max-snippet:-1, max-image-preview:large, max-video-preview:-1\" \/>\n<link rel=\"canonical\" href=\"https:\/\/rankomat.pl\/finanse\/banki\/citi-handlowy\/kredyty-hipoteczne\/\" \/>\n<meta property=\"og:locale\" content=\"pl_PL\" \/>\n<meta property=\"og:type\" content=\"article\" \/>\n<meta property=\"og:title\" content=\"Kredyty hipoteczne w Citi Handlowy | Por\u00f3wnywarka finansowa Rankomat\" \/>\n<meta property=\"og:description\" content=\"Citi Handlowy w Warszawie udziela kredyt\u00f3w hipotecznych dla os\u00f3b fizycznych oraz zabezpieczone hipotek\u0105 kredyty inwestycyjne dla przedsi\u0119biorstw. Na stronie internetowej [&hellip;]\" \/>\n<meta property=\"og:url\" content=\"https:\/\/rankomat.pl\/finanse\/banki\/citi-handlowy\/kredyty-hipoteczne\/\" \/>\n<meta property=\"og:site_name\" content=\"Por\u00f3wnywarka finansowa Rankomat\" \/>\n<meta property=\"article:publisher\" content=\"https:\/\/www.facebook.com\/rankomatpl\/\" \/>\n<meta property=\"article:modified_time\" content=\"2024-08-01T12:42:23+00:00\" \/>\n<meta property=\"og:image\" content=\"https:\/\/rankomat.pl\/finanse\/wp-content\/uploads\/2021\/03\/rankomat-star-og.png\" \/>\n\t<meta property=\"og:image:width\" content=\"480\" \/>\n\t<meta property=\"og:image:height\" content=\"320\" \/>\n\t<meta property=\"og:image:type\" content=\"image\/png\" \/>\n<meta name=\"twitter:card\" content=\"summary_large_image\" \/>\n<meta name=\"twitter:site\" content=\"@rankomat\" \/>\n<meta name=\"twitter:label1\" content=\"Szacowany czas czytania\" \/>\n\t<meta name=\"twitter:data1\" content=\"8 minut\" \/>\n<script type=\"application\/ld+json\" class=\"yoast-schema-graph\">{\"@context\":\"https:\/\/schema.org\",\"@graph\":[{\"@type\":\"BreadcrumbList\",\"@id\":\"https:\/\/rankomat.pl\/finanse\/banki\/citi-handlowy\/kredyty-hipoteczne\/#breadcrumb\",\"itemListElement\":[{\"@type\":\"ListItem\",\"position\":1,\"name\":\"Finanse\",\"item\":\"https:\/\/rankomat.pl\/finanse\/\"},{\"@type\":\"ListItem\",\"position\":2,\"name\":\"Banki\",\"item\":\"https:\/\/rankomat.pl\/finanse\/banki\/\"},{\"@type\":\"ListItem\",\"position\":3,\"name\":\"Citi Handlowy\",\"item\":\"https:\/\/rankomat.pl\/finanse\/banki\/citi-handlowy\/\"},{\"@type\":\"ListItem\",\"position\":4,\"name\":\"Kredyty hipoteczne w Citi Handlowy\"}]}]}<\/script>\n<!-- \/ Yoast SEO plugin. -->","yoast_head_json":{"title":"Kredyty hipoteczne w Citi Handlowy | Por\u00f3wnywarka finansowa Rankomat","robots":{"index":"index","follow":"follow","max-snippet":"max-snippet:-1","max-image-preview":"max-image-preview:large","max-video-preview":"max-video-preview:-1"},"canonical":"https:\/\/rankomat.pl\/finanse\/banki\/citi-handlowy\/kredyty-hipoteczne\/","og_locale":"pl_PL","og_type":"article","og_title":"Kredyty hipoteczne w Citi Handlowy | Por\u00f3wnywarka finansowa Rankomat","og_description":"Citi Handlowy w Warszawie udziela kredyt\u00f3w hipotecznych dla os\u00f3b fizycznych oraz zabezpieczone hipotek\u0105 kredyty inwestycyjne dla przedsi\u0119biorstw. Na stronie internetowej [&hellip;]","og_url":"https:\/\/rankomat.pl\/finanse\/banki\/citi-handlowy\/kredyty-hipoteczne\/","og_site_name":"Por\u00f3wnywarka finansowa Rankomat","article_publisher":"https:\/\/www.facebook.com\/rankomatpl\/","article_modified_time":"2024-08-01T12:42:23+00:00","og_image":[{"width":480,"height":320,"url":"https:\/\/rankomat.pl\/finanse\/wp-content\/uploads\/2021\/03\/rankomat-star-og.png","type":"image\/png"}],"twitter_card":"summary_large_image","twitter_site":"@rankomat","twitter_misc":{"Szacowany czas czytania":"8 minut"},"schema":{"@context":"https:\/\/schema.org","@graph":[{"@type":"BreadcrumbList","@id":"https:\/\/rankomat.pl\/finanse\/banki\/citi-handlowy\/kredyty-hipoteczne\/#breadcrumb","itemListElement":[{"@type":"ListItem","position":1,"name":"Finanse","item":"https:\/\/rankomat.pl\/finanse\/"},{"@type":"ListItem","position":2,"name":"Banki","item":"https:\/\/rankomat.pl\/finanse\/banki\/"},{"@type":"ListItem","position":3,"name":"Citi Handlowy","item":"https:\/\/rankomat.pl\/finanse\/banki\/citi-handlowy\/"},{"@type":"ListItem","position":4,"name":"Kredyty hipoteczne w Citi Handlowy"}]}]}},"yasr_visitor_votes":{"stars_attributes":{"read_only":false,"span_bottom":false},"number_of_votes":0,"sum_votes":0},"_links":{"self":[{"href":"https:\/\/rankomat.pl\/finanse\/wp-json\/wp\/v2\/pages\/10391","targetHints":{"allow":["GET"]}}],"collection":[{"href":"https:\/\/rankomat.pl\/finanse\/wp-json\/wp\/v2\/pages"}],"about":[{"href":"https:\/\/rankomat.pl\/finanse\/wp-json\/wp\/v2\/types\/page"}],"author":[{"embeddable":true,"href":"https:\/\/rankomat.pl\/finanse\/wp-json\/wp\/v2\/users\/32"}],"replies":[{"embeddable":true,"href":"https:\/\/rankomat.pl\/finanse\/wp-json\/wp\/v2\/comments?post=10391"}],"version-history":[{"count":0,"href":"https:\/\/rankomat.pl\/finanse\/wp-json\/wp\/v2\/pages\/10391\/revisions"}],"up":[{"embeddable":true,"href":"https:\/\/rankomat.pl\/finanse\/wp-json\/wp\/v2\/pages\/923"}],"wp:attachment":[{"href":"https:\/\/rankomat.pl\/finanse\/wp-json\/wp\/v2\/media?parent=10391"}],"curies":[{"name":"wp","href":"https:\/\/api.w.org\/{rel}","templated":true}]}}