{"id":10393,"date":"2024-07-31T14:23:14","date_gmt":"2024-07-31T12:23:14","guid":{"rendered":"https:\/\/rankomat.pl\/finanse\/?page_id=10393"},"modified":"2024-08-01T14:39:57","modified_gmt":"2024-08-01T12:39:57","slug":"konta-bankowe","status":"publish","type":"page","link":"https:\/\/rankomat.pl\/finanse\/banki\/citi-handlowy\/konta-bankowe\/","title":{"rendered":"Konta bankowe w Citi Handlowy"},"content":{"rendered":"<p><strong>Citi Handlowy oferuje szeroki zakres produkt\u00f3w tego typu, od najprostszych rachunk\u00f3w oszcz\u0119dno\u015bciowo-rozliczeniowych (ROR) po produkty premium dla zamo\u017cnych klient\u00f3w.<\/strong><\/p>\n<p><!--more--><\/p>\n<p>Konta mo\u017cesz zak\u0142ada\u0107 za pomoc\u0105 aplikacji Citi Mobile, serwisu transakcyjnego Citibank Online, osobi\u015bcie w oddziale banku i podczas wideo rozmowy z doradc\u0105. Bank zdecydowanie stawia na rozwi\u0105zania online w tym zakresie.<\/p>\n<h2>Jakie konta osobiste dost\u0119pne s\u0105 w Citi Handlowym ?<\/h2>\n<p>W Citi Handlowym znajdziesz konta dopasowane do Twojej sytuacji i aktualnych potrzeb. Oferta jest stosunkowo prosta i przejrzysta, a za\u0142o\u017cenie konta szybkie. Na dzie\u0144 24 czerwca 2024 roku w ofercie banku znajdziesz wymienione poni\u017cej pozycje.<\/p>\n<h3>CitiKonto w Citi Handlowym<\/h3>\n<p>Standardowy rachunek typu ROR. Aktywni klienci korzystaj\u0105 z kilku ciekawych rozwi\u0105za\u0144 za darmo. Mo\u017cesz np. dokona\u0107 trzech przelew\u00f3w natychmiastowych ELIXIR w miesi\u0105cu bezp\u0142atnie. Dostaniesz te\u017c kart\u0119 z opcj\u0105 wielowalutow\u0105.<\/p>\n<p>Mimo i\u017c jest to bardzo podstawowy produkt Citi Handlowego, cz\u0119sto pojawia si\u0119 w rankingach korzystnych kont. Od razu po jego za\u0142o\u017ceniu mo\u017cesz te\u017c uruchomi\u0107 lokat\u0119 na warunkach lepszych ni\u017c standardowe, kt\u00f3re przys\u0142uguj\u0105 u\u017cytkownikom kont premium.<\/p>\n<h3>Konto Citigold w Citi Handlowym<\/h3>\n<p>Bardziej zaawansowane konto bankowe dla wymagaj\u0105cej klienteli. Uprawnia do dodatkowych korzy\u015bci takich jak wsparcie inwestycyjne czy lepsze warunki pozosta\u0142ych produkt\u00f3w Citi Handlowego.<\/p>\n<h3>Konto Citigold Private Client w Citi Handlowym<\/h3>\n<p>Konto VIP z pakietem dodatkowych us\u0142ug i korzy\u015bci. Oferuje limitowane promocje, priorytetow\u0105 obs\u0142ug\u0119, korzystniejsze produkty oszcz\u0119dno\u015bciowe i inwestycyjne. Przeznaczone dla dobrze zarabiaj\u0105cych klient\u00f3w Citi Handlowego.<\/p>\n<h2>Jak za\u0142o\u017cy\u0107 konto osobiste w Citi Handlowym?<\/h2>\n<p>Citi Handlowy umo\u017cliwia za\u0142o\u017cenie konta osobistego na kilka sposob\u00f3w:<\/p>\n<ul>\n<li>Poprzez serwis Citibank Online,<\/li>\n<li>Podczas wideorozmowy z doradc\u0105,<\/li>\n<li>W oddziale banku.<\/li>\n<\/ul>\n<h3>Kto mo\u017ce otworzy\u0107 konto w Citi Handlowym?<\/h3>\n<p>Konto osobiste w Citi Handlowym mo\u017ce otworzy\u0107 ka\u017cda pe\u0142noletnia osoba z pe\u0142n\u0105 zdolno\u015bci\u0105 do czynno\u015bci prawnych. Dla os\u00f3b niepe\u0142noletnich konto mog\u0105 za\u0142o\u017cy\u0107 rodzice lub opiekunowie prawni. Bank akceptuje zar\u00f3wno obywateli polskich, jak i obcokrajowc\u00f3w.<\/p>\n<h3>Jakie s\u0105 koszty otwarcia i prowadzenia konta osobistego w Citi Handlowym?<\/h3>\n<p>Otwarcie i prowadzenie podstawowego konta oszcz\u0119dno\u015bciowo-rozliczeniowego w Citi Handlowym jest bezp\u0142atne. Bank nie pobiera op\u0142at za korzystanie z tego konta, co jest korzystne dla klient\u00f3w.<\/p>\n<h3>Czy bank oferuje kart\u0119 p\u0142atnicz\u0105 po otwarciu konta?<\/h3>\n<p>Tak, po otwarciu konta osobistego w Citi Handlowym, klienci mog\u0105 otrzyma\u0107 kart\u0119 p\u0142atnicz\u0105. Pierwsza karta jest bezp\u0142atna, natomiast bank mo\u017ce nalicza\u0107 op\u0142aty za wydanie kolejnych kart do tego samego konta.<\/p>\n<h3>Jakie s\u0105 dodatkowe us\u0142ugi i produkty zwi\u0105zane z kontem osobistym w Citi Handlowym?<\/h3>\n<p>Citi Handlowy oferuje wiele dodatkowych us\u0142ug, takich jak:<\/p>\n<ul>\n<li>Bankowo\u015b\u0107 internetowa, mobilna i telefoniczna,<\/li>\n<li>Dost\u0119p do bankomat\u00f3w i wp\u0142atomat\u00f3w w ca\u0142ym kraju,<\/li>\n<li>Produkty oszcz\u0119dno\u015bciowe i inwestycyjne,<\/li>\n<li>Wsparcie merytoryczne w zakresie inwestycji i oszcz\u0119dno\u015bci.<\/li>\n<\/ul>\n<p>Otwarcie konta w tym banku zapewnia dost\u0119p do wielu rozwi\u0105za\u0144 finansowych, dopasowanych do indywidualnych potrzeb klient\u00f3w.<\/p>\n<h2>Jakie konta firmowe dost\u0119pne s\u0105 w Citi Handlowym ?<\/h2>\n<p>Citi Handlowy w Warszawie oferuje konta dla os\u00f3b prowadz\u0105cych jednoosobow\u0105 dzia\u0142alno\u015b\u0107 gospodarcz\u0105 i rolnik\u00f3w. W ofercie banku znajdziesz poni\u017csze propozycje<\/p>\n<h3>Citikonto dla Biznesu w Citi Handlowym<\/h3>\n<p>Rachunek przeznaczony dla jednoosobowej dzia\u0142alno\u015bci gospodarczej. Konto jest darmowe pod warunkiem spe\u0142nienia okre\u015blonych warunk\u00f3w, do kt\u00f3rych nale\u017c\u0105 minimalne wp\u0142ywy na konto i wykonanie przelewu do ZUS. Bardzo standardowy i uproszczony produkt wyposa\u017cony w subkonto podatkowe, oraz konta pomocnicze.<\/p>\n<h3>Citikonto dla sp\u00f3\u0142ki w Citi Handlowym<\/h3>\n<p>Wersja konta dla przedsi\u0119biorstw prowadzonych w formie sp\u00f3\u0142ki. Posiada wszystkie standardowe funkcjonalno\u015bci takie, jak subkonto podatkowe, konta pomocnicze i inne. Do za\u0142o\u017cenia konta potrzebne s\u0105 dokumenty potwierdzaj\u0105ce za\u0142o\u017cenie i struktur\u0119 w\u0142a\u015bcicielsk\u0105 sp\u00f3\u0142ki.<\/p>\n<h2>FAQ &#8211; Najcz\u0119\u015bciej zadawane pytania<\/h2>\n<h3>Czy konto bankowe jest oprocentowane?<\/h3>\n<p>Standardowe ROR oraz konta firmowe nie s\u0105 oprocentowane. Oprocentowanie dotyczy jedynie kont oszcz\u0119dno\u015bciowych. Szczeg\u00f3\u0142y dotycz\u0105ce oprocentowania mo\u017cna znale\u017a\u0107 w umowie rachunku oraz w ofercie banku.<\/p>\n<h3>Jaki jest numer IBAN konta w Citi Handlowym?<\/h3>\n<p>Citi Handlowy w Warszawie u\u017cywa kodu SWIFT CITIPLPX. Numer IBAN jest indywidualny dla ka\u017cdego konta, sk\u0142ada si\u0119 z 26 znak\u00f3w i zaczyna si\u0119 od &#8222;PL&#8221;, co oznacza konto w polskim banku.<\/p>\n<h3>Czy mo\u017cna zmieni\u0107 typ konta w Citi Handlowym?<\/h3>\n<p>Po za\u0142o\u017ceniu konta nie ma mo\u017cliwo\u015bci zmiany jego typu. Mo\u017cna jednak otworzy\u0107 nowe konto innego rodzaju w tym samym banku i przenie\u015b\u0107 na nie swoj\u0105 aktywno\u015b\u0107, cho\u0107 numer konta nie pozostanie ten sam.<\/p>\n<h3>Czy mo\u017cna za\u0142o\u017cy\u0107 konto wsp\u00f3lne w Citi Handlowym?<\/h3>\n<p>Tak, Citi Handlowy w Warszawie umo\u017cliwia za\u0142o\u017cenie konta wsp\u00f3lnego, kt\u00f3re mo\u017ce by\u0107 prowadzone przez co najmniej dwie osoby. Takie konta s\u0105 popularne w\u015br\u00f3d rodzin do zarz\u0105dzania wsp\u00f3lnymi finansami.<\/p>\n<h3>Jak pobra\u0107 wyci\u0105g z konta w Citi Handlowym?<\/h3>\n<ul>\n<li>Zaloguj si\u0119 do konta poprzez Citi Online.<\/li>\n<li>W panelu g\u0142\u00f3wnym przejd\u017a do \u201eP\u0142atno\u015bci\u201d.<\/li>\n<li>W zak\u0142adce \u201eP\u0142atno\u015bci\u201d wybierz ikon\u0119 \u201eHistoria transakcji\u201d.<\/li>\n<li>Wybierz interesuj\u0105cy Ci\u0119 okres, z kt\u00f3rego chcesz pozyska\u0107 wyci\u0105g konta.<\/li>\n<li>Pobierz dokument.<\/li>\n<\/ul>\n<p>&nbsp;<\/p>\n","protected":false},"excerpt":{"rendered":"<p>Citi Handlowy oferuje szeroki zakres produkt\u00f3w tego typu, od najprostszych rachunk\u00f3w oszcz\u0119dno\u015bciowo-rozliczeniowych (ROR) po produkty premium dla zamo\u017cnych klient\u00f3w.<\/p>\n","protected":false},"author":32,"featured_media":0,"parent":923,"menu_order":0,"comment_status":"closed","ping_status":"closed","template":"page_bank_product.php","meta":{"_acf_changed":false,"yasr_overall_rating":0,"yasr_post_is_review":"","yasr_auto_insert_disabled":"","yasr_review_type":"","footnotes":""},"class_list":["post-10393","page","type-page","status-publish","hentry"],"acf":[],"yoast_head":"<!-- This site is optimized with the Yoast SEO plugin v27.1.1 - https:\/\/yoast.com\/product\/yoast-seo-wordpress\/ -->\n<title>Konta bankowe w Citi Handlowy | Por\u00f3wnywarka finansowa Rankomat<\/title>\n<meta name=\"robots\" content=\"index, follow, max-snippet:-1, max-image-preview:large, max-video-preview:-1\" \/>\n<link rel=\"canonical\" href=\"https:\/\/rankomat.pl\/finanse\/banki\/citi-handlowy\/konta-bankowe\/\" \/>\n<meta property=\"og:locale\" content=\"pl_PL\" \/>\n<meta property=\"og:type\" content=\"article\" \/>\n<meta property=\"og:title\" content=\"Konta bankowe w Citi Handlowy | Por\u00f3wnywarka finansowa Rankomat\" \/>\n<meta property=\"og:description\" content=\"Citi Handlowy oferuje szeroki zakres produkt\u00f3w tego typu, od najprostszych rachunk\u00f3w oszcz\u0119dno\u015bciowo-rozliczeniowych (ROR) po produkty premium dla zamo\u017cnych klient\u00f3w.\" \/>\n<meta property=\"og:url\" content=\"https:\/\/rankomat.pl\/finanse\/banki\/citi-handlowy\/konta-bankowe\/\" \/>\n<meta property=\"og:site_name\" content=\"Por\u00f3wnywarka finansowa Rankomat\" \/>\n<meta property=\"article:publisher\" content=\"https:\/\/www.facebook.com\/rankomatpl\/\" \/>\n<meta property=\"article:modified_time\" content=\"2024-08-01T12:39:57+00:00\" \/>\n<meta property=\"og:image\" content=\"https:\/\/rankomat.pl\/finanse\/wp-content\/uploads\/2021\/03\/rankomat-star-og.png\" \/>\n\t<meta property=\"og:image:width\" content=\"480\" \/>\n\t<meta property=\"og:image:height\" content=\"320\" \/>\n\t<meta property=\"og:image:type\" content=\"image\/png\" \/>\n<meta name=\"twitter:card\" content=\"summary_large_image\" \/>\n<meta name=\"twitter:site\" content=\"@rankomat\" \/>\n<meta name=\"twitter:label1\" content=\"Szacowany czas czytania\" \/>\n\t<meta name=\"twitter:data1\" content=\"5 minut\" \/>\n<script type=\"application\/ld+json\" class=\"yoast-schema-graph\">{\"@context\":\"https:\/\/schema.org\",\"@graph\":[{\"@type\":\"BreadcrumbList\",\"@id\":\"https:\/\/rankomat.pl\/finanse\/banki\/citi-handlowy\/konta-bankowe\/#breadcrumb\",\"itemListElement\":[{\"@type\":\"ListItem\",\"position\":1,\"name\":\"Finanse\",\"item\":\"https:\/\/rankomat.pl\/finanse\/\"},{\"@type\":\"ListItem\",\"position\":2,\"name\":\"Banki\",\"item\":\"https:\/\/rankomat.pl\/finanse\/banki\/\"},{\"@type\":\"ListItem\",\"position\":3,\"name\":\"Citi Handlowy\",\"item\":\"https:\/\/rankomat.pl\/finanse\/banki\/citi-handlowy\/\"},{\"@type\":\"ListItem\",\"position\":4,\"name\":\"Konta bankowe w Citi Handlowy\"}]}]}<\/script>\n<!-- \/ Yoast SEO plugin. -->","yoast_head_json":{"title":"Konta bankowe w Citi Handlowy | Por\u00f3wnywarka finansowa Rankomat","robots":{"index":"index","follow":"follow","max-snippet":"max-snippet:-1","max-image-preview":"max-image-preview:large","max-video-preview":"max-video-preview:-1"},"canonical":"https:\/\/rankomat.pl\/finanse\/banki\/citi-handlowy\/konta-bankowe\/","og_locale":"pl_PL","og_type":"article","og_title":"Konta bankowe w Citi Handlowy | Por\u00f3wnywarka finansowa Rankomat","og_description":"Citi Handlowy oferuje szeroki zakres produkt\u00f3w tego typu, od najprostszych rachunk\u00f3w oszcz\u0119dno\u015bciowo-rozliczeniowych (ROR) po produkty premium dla zamo\u017cnych klient\u00f3w.","og_url":"https:\/\/rankomat.pl\/finanse\/banki\/citi-handlowy\/konta-bankowe\/","og_site_name":"Por\u00f3wnywarka finansowa Rankomat","article_publisher":"https:\/\/www.facebook.com\/rankomatpl\/","article_modified_time":"2024-08-01T12:39:57+00:00","og_image":[{"width":480,"height":320,"url":"https:\/\/rankomat.pl\/finanse\/wp-content\/uploads\/2021\/03\/rankomat-star-og.png","type":"image\/png"}],"twitter_card":"summary_large_image","twitter_site":"@rankomat","twitter_misc":{"Szacowany czas czytania":"5 minut"},"schema":{"@context":"https:\/\/schema.org","@graph":[{"@type":"BreadcrumbList","@id":"https:\/\/rankomat.pl\/finanse\/banki\/citi-handlowy\/konta-bankowe\/#breadcrumb","itemListElement":[{"@type":"ListItem","position":1,"name":"Finanse","item":"https:\/\/rankomat.pl\/finanse\/"},{"@type":"ListItem","position":2,"name":"Banki","item":"https:\/\/rankomat.pl\/finanse\/banki\/"},{"@type":"ListItem","position":3,"name":"Citi Handlowy","item":"https:\/\/rankomat.pl\/finanse\/banki\/citi-handlowy\/"},{"@type":"ListItem","position":4,"name":"Konta bankowe w Citi Handlowy"}]}]}},"yasr_visitor_votes":{"stars_attributes":{"read_only":false,"span_bottom":false},"number_of_votes":0,"sum_votes":0},"_links":{"self":[{"href":"https:\/\/rankomat.pl\/finanse\/wp-json\/wp\/v2\/pages\/10393","targetHints":{"allow":["GET"]}}],"collection":[{"href":"https:\/\/rankomat.pl\/finanse\/wp-json\/wp\/v2\/pages"}],"about":[{"href":"https:\/\/rankomat.pl\/finanse\/wp-json\/wp\/v2\/types\/page"}],"author":[{"embeddable":true,"href":"https:\/\/rankomat.pl\/finanse\/wp-json\/wp\/v2\/users\/32"}],"replies":[{"embeddable":true,"href":"https:\/\/rankomat.pl\/finanse\/wp-json\/wp\/v2\/comments?post=10393"}],"version-history":[{"count":0,"href":"https:\/\/rankomat.pl\/finanse\/wp-json\/wp\/v2\/pages\/10393\/revisions"}],"up":[{"embeddable":true,"href":"https:\/\/rankomat.pl\/finanse\/wp-json\/wp\/v2\/pages\/923"}],"wp:attachment":[{"href":"https:\/\/rankomat.pl\/finanse\/wp-json\/wp\/v2\/media?parent=10393"}],"curies":[{"name":"wp","href":"https:\/\/api.w.org\/{rel}","templated":true}]}}