{"id":10403,"date":"2024-07-31T19:28:03","date_gmt":"2024-07-31T17:28:03","guid":{"rendered":"https:\/\/rankomat.pl\/finanse\/?page_id=10403"},"modified":"2024-07-31T19:28:03","modified_gmt":"2024-07-31T17:28:03","slug":"kredyty-gotowkowe","status":"publish","type":"page","link":"https:\/\/rankomat.pl\/finanse\/banki\/santander-consumer-bank\/kredyty-gotowkowe\/","title":{"rendered":"Kredyty got\u00f3wkowe w Santander Consumer Banku"},"content":{"rendered":"<p><strong>Santander Consumer Bank ma szerok\u0105 ofert\u0119 zr\u00f3\u017cnicowanych kredyt\u00f3w got\u00f3wkowych dla r\u00f3\u017cnych grup klient\u00f3w. Cz\u0119\u015b\u0107 z nich to oferty promocyjne, silnie ograniczone kwotowo i funkcjonalnie.<\/strong><\/p>\n<p><!--more--><\/p>\n<h2>Jakie kredyty got\u00f3wkowe s\u0105 dost\u0119pne w Santander Consumer Banku?<\/h2>\n<p>Na dzie\u0144 15.07.2024 Santander Consumer Bank oferuje kilka produkt\u00f3w kredytowych mieszcz\u0105cych si\u0119 w kategorii kredytu got\u00f3wkowego. S\u0105 one por\u00f3wnywalne z kredytami innych bank\u00f3w dzia\u0142aj\u0105cych na polskim rynku \u2013 pod wzgl\u0119dem oprocentowania i warunk\u00f3w sp\u0142aty. Znajdziesz w\u015br\u00f3d nich poni\u017csze produkty.<\/p>\n<h3>Mistrzowski kredyt got\u00f3wkowy w Santander Consumer Banku<\/h3>\n<p>Najbardziej typowy produkt kredytowy, przeznaczony dla szerokiego grona odbiorc\u00f3w. Udzielany z oprocentowaniem sta\u0142ym, co pozwala Ci bez trudno\u015bci zaplanowa\u0107 przysz\u0142y bud\u017cet. Podstawowe parametry tego produktu prezentuj\u0105 si\u0119 nast\u0119puj\u0105co:<\/p>\n<ul>\n<li><strong>Kwota kredytu:<\/strong> Maksymalnie do 150 000 z\u0142.<\/li>\n<li><strong>Cel:<\/strong> Na dowolny cel.<\/li>\n<li><strong>Okres sp\u0142aty:<\/strong> Od 3 miesi\u0119cy do 10 lat (120 miesi\u0119cy).<\/li>\n<li><strong>Promocje:<\/strong> Bank pozwala na 4 miesi\u0119czn\u0105 karencj\u0119 w sp\u0142acie kredytu.<\/li>\n<li><strong>Oprocentowanie:<\/strong> Sta\u0142e w ca\u0142ym okresie kredytowania.<\/li>\n<\/ul>\n<h3>Kredyt online w Santander Consumer Banku<\/h3>\n<p>Kredyt, kt\u00f3ry mo\u017cesz zaci\u0105gn\u0105\u0107 ca\u0142kowicie online. Ograniczony kwotowo w stosunku do produkt\u00f3w standardowych, ale wymagaj\u0105cy znacznie mniej formalno\u015bci. Podstawowe parametry kredytu online prezentuj\u0105 si\u0119 nast\u0119puj\u0105co:<\/p>\n<ul>\n<li><strong>Kwota kredytu:<\/strong> Maksymalnie do 100 000 z\u0142.<\/li>\n<li><strong>Cel:<\/strong> Na dowolny cel.<\/li>\n<li><strong>Okres sp\u0142aty:<\/strong> Do 86 miesi\u0119cy (7 lat).<\/li>\n<li><strong>Oprocentowanie:<\/strong> Sta\u0142e w ca\u0142ym okresie kredytowania.<\/li>\n<\/ul>\n<h3>Kredyt got\u00f3wkowy R\u00f3wnoratka w Santander Consumer Banku<\/h3>\n<p>Kolejny kredyt dost\u0119pny online, bardzo ograniczony kwotowo. Pierwsz\u0105 rat\u0119 mo\u017cesz odsun\u0105\u0107 nawet o 4 miesi\u0105ce, de facto korzystaj\u0105c z karencji w sp\u0142acie kredytu od pierwszego dnia umowy. Podstawowe parametry tego kredytu prezentuj\u0105 si\u0119 nast\u0119puj\u0105co:<\/p>\n<ul>\n<li><strong>Kwota kredytu:<\/strong> Maksymalnie do 20 000 z\u0142.<\/li>\n<li><strong>Cel:<\/strong> Na dowolny cel.<\/li>\n<li><strong>Okres sp\u0142aty:<\/strong> Brak informacji.<\/li>\n<li><strong>Oprocentowanie:<\/strong> Sta\u0142e w ca\u0142ym okresie kredytowania.<\/li>\n<\/ul>\n<h2>Jakie warunki trzeba spe\u0142ni\u0107 wnioskuj\u0105c o kredyt got\u00f3wkowy w Santander Consumer Bank?<\/h2>\n<p>Santander Consumer Bank udzieli Ci kredytu je\u015bli udowodnisz, \u017ce mo\u017cesz go swobodnie sp\u0142aci\u0107 w terminie. Wymagania s\u0105 proste i raczej standardowe. Oto najwa\u017cniejsze warunki:<\/p>\n<ul>\n<li><strong>Wyka\u017c zdolno\u015b\u0107 kredytow\u0105:<\/strong> \u017beby uzyska\u0107 kredyt got\u00f3wkowy musisz udowodni\u0107, \u017ce jeste\u015b w stanie go sp\u0142aci\u0107. Oznacza to konieczno\u015b\u0107 udokumentowania swoich dochod\u00f3w i wydatk\u00f3w w formie zrozumia\u0142ej dla baku i umo\u017cliwiaj\u0105cej rzeteln\u0105 ocen\u0119 Twojej sytuacji finansowej. Im wi\u0119kszy kredyt chcesz zaci\u0105gn\u0105\u0107, tym wy\u017csza musi by\u0107 Twoja zdolno\u015b\u0107 kredytowa.<\/li>\n<li><strong>Dostarcz dokumenty:<\/strong> Potrzebny b\u0119dzie dow\u00f3d osobisty i wyci\u0105g z konta. Je\u015bli zaci\u0105gasz niewielki kredyt online wystarczy to do weryfikacji podanych przez Ciebie informacji. Przy cz\u0119\u015bci kredyt\u00f3w musisz jednak dostarczy\u0107 dokumenty potwierdzaj\u0105ce dochody takie jak: umowa o prac\u0119, PIT czy potwierdzenie emerytury.<\/li>\n<li><strong>Zadbaj o dobr\u0105 histori\u0119 kredytow\u0105:<\/strong> Nawet je\u015bli masz wysokie dochody, ale w poprzednich latach zdarzy\u0142o Ci si\u0119 trafi\u0107 do Krajowego Rejestru D\u0142ug\u00f3w, albo og\u0142osi\u0107 bankructwo konsumenckie, to raczej nie uzyskasz kredytu w Santander Consumer Banku.<\/li>\n<li><strong>Wype\u0142nij prawid\u0142owo wniosek:<\/strong> Pierwsze sprawdzenie wniosku odbywa si\u0119 automatycznie, wi\u0119c z miejsca odrzucane s\u0105 wnioski, kt\u00f3re maj\u0105 b\u0142\u0119dy formalne. Po\u015bwi\u0119\u0107 chwil\u0119, zw\u0142aszcza \u017ce mo\u017cesz to zrobi\u0107 online nie wychodz\u0105c z domu.<\/li>\n<\/ul>\n<h2>Jak wzi\u0105\u0107 kredyt got\u00f3wkowy w Santander Consumer Banku?<\/h2>\n<p>Kredyt got\u00f3wkowy w Santander Consumer Bank mo\u017cesz zaci\u0105gn\u0105\u0107 za po\u015brednictwem r\u00f3\u017cnych kana\u0142\u00f3w, co umo\u017cliwia Ci wyb\u00f3r najdogodniejszej metody. Oto dost\u0119pne rozwi\u0105zania:<\/p>\n<ul>\n<li><strong>Aplikacja mobilna Santander Consumer Banku:<\/strong> Mo\u017cesz skorzysta\u0107 z aplikacji mobilnej Santander Consumer Banku, dost\u0119pnej na smartfony i tablety. Aplikacja pozwala na szybkie i wygodne sk\u0142adanie wniosk\u00f3w o kredyty, a tak\u017ce monitorowanie statusu wniosk\u00f3w oraz zarz\u0105dzanie kredytem po jego przyznaniu.<\/li>\n<li><strong>Serwis transakcyjny Santander Consumer Banku:<\/strong> Alternatywnie, mo\u017cesz skorzysta\u0107 z serwisu transakcyjnego Santander Consumer Banku dost\u0119pnego na stronie internetowej banku.<\/li>\n<li><strong>Infolinia banku:<\/strong> Podobnie jak w wi\u0119kszo\u015bci bank\u00f3w, mo\u017cesz zadzwoni\u0107 na infolini\u0119 Santander Consumer Banku.<\/li>\n<\/ul>\n<p>Pami\u0119taj, \u017ce poszczeg\u00f3lne oferty r\u00f3\u017cni\u0105 si\u0119 pod tym wzgl\u0119dem pomi\u0119dzy sob\u0105. Nie wszystkie uzyskasz ca\u0142kowicie online, mo\u017ce by\u0107 potrzebne wezwanie kuriera by podpisa\u0107 umow\u0119.<\/p>\n<h2>Jak sp\u0142aci\u0107 kredyt got\u00f3wkowy w Santander Consumer Banku?<\/h2>\n<p>Masz do wyboru kilka standardowych sposob\u00f3w sp\u0142aty kredytu got\u00f3wkowego w Santander Consumer Banku. S\u0105 one podobne dla wszystkich bank\u00f3w.<\/p>\n<ul>\n<li><strong>Przelewy bankowe:<\/strong> Klienci mog\u0105 r\u00f3wnie\u017c sp\u0142aca\u0107 kredyt poprzez wykonywanie przelew\u00f3w na wskazane konto bankowe. Bank dostarcza wszystkie niezb\u0119dne informacje, takie jak numer konta oraz termin sp\u0142aty, co umo\u017cliwia kontrolowanie p\u0142atno\u015bci.<\/li>\n<li><strong>Automatyczne pobieranie raty:<\/strong> Od klient\u00f3w posiadaj\u0105cych konto w Santander Consumer Banku, bank automatycznie pobiera kwot\u0119 raty kredytu w terminie okre\u015blonym w umowie. Wa\u017cne jest, aby na koncie by\u0142y dost\u0119pne \u015brodki na pokrycie raty, co zapewnia terminow\u0105 sp\u0142at\u0119 i brak op\u00f3\u017anie\u0144.<\/li>\n<li><strong>Zlecenie sta\u0142e:<\/strong> Warto rozwa\u017cy\u0107 ustanowienie zlecenia sta\u0142ego, kt\u00f3re automatycznie b\u0119dzie regulowa\u0107 raty kredytu z konta klienta w ustalonym terminie. Jest to wygodne rozwi\u0105zanie, kt\u00f3re eliminuje konieczno\u015b\u0107 pami\u0119tania o terminach sp\u0142at i zapewnia terminowe regulowanie zobowi\u0105za\u0144.<\/li>\n<\/ul>\n<p>Kredyt zawsze sp\u0142acaj zgodnie z harmonogramem i umow\u0105.<\/p>\n<h2>Zalety i wady kredytu got\u00f3wkowego w Santander Consumer Banku<\/h2>\n<p>Kredyty got\u00f3wkowe w Santander Consumer Banku nie r\u00f3\u017cni\u0105 si\u0119 znacz\u0105co od tych w innych du\u017cych bankach komercyjnych. Zawsze pami\u0119taj o por\u00f3wnaniu aktualnych ofert, kt\u00f3re znajdziesz w rankingach rankomat.pl. Przewa\u017cnie oferta Santander Consumer Banku b\u0119dzie mie\u0107 poni\u017csze zalety i wady w por\u00f3wnaniu z innymi bankami.<\/p>\n<p><strong>Zalety:<\/strong><\/p>\n<ul>\n<li><strong>Oferty promocyjne:<\/strong> Bank oferuje kredyty z karencj\u0105 sp\u0142aty oraz promocyjne warunki po spe\u0142nieniu wymaga\u0144 okre\u015blonych w regulaminach promocji.<\/li>\n<li><strong>Wiele przydatnych informacji na stronie:<\/strong> Santander Consumer Banku udost\u0119pnia na swoich stronach znaczn\u0105 ilo\u015b\u0107 informacji, w tym poradnik jak krok po kroku zaci\u0105gn\u0105\u0107 kredyt.<\/li>\n<li><strong>Bezp\u0142atna wcze\u015bniejsza sp\u0142ata:<\/strong> Klienci Santander Consumer Banku maj\u0105 mo\u017cliwo\u015b\u0107 wcze\u015bniejszej sp\u0142aty kredytu got\u00f3wkowego bez ponoszenia dodatkowych op\u0142at. Daje to klientom swobod\u0119 w zarz\u0105dzaniu swoimi finansami i pozwala na redukcj\u0119 koszt\u00f3w kredytu.<\/li>\n<li><strong>Wielokana\u0142owy dost\u0119p do us\u0142ug:<\/strong> Kredyt got\u00f3wkowy w Santander Consumer Banku mo\u017cna zaci\u0105gn\u0105\u0107 z wykorzystaniem r\u00f3\u017cnych kana\u0142\u00f3w komunikacji, takich jak aplikacja mobilna Santander Consumer Bank, infolinia i serwis Santander Consumer Banku.<\/li>\n<\/ul>\n<p><strong>Wady:<\/strong><\/p>\n<ul>\n<li><strong>Ma\u0142o przejrzysta oferta:<\/strong> Jako klient mo\u017cesz czu\u0107 si\u0119 zdezorientowany i nie do ko\u0144ca odr\u00f3\u017cnia\u0107 od siebie produkty kredytowe tego banku.<\/li>\n<\/ul>\n<p>Kluczowe elementy kredyt\u00f3w takie jak oprocentowanie czy prowizje mog\u0105 by\u0107 bardziej istotne ni\u017c wymienione wy\u017cej cechy oferty Santander Consumer Bank.<\/p>\n<h2>FAQ &#8211; Najcz\u0119\u015bciej zadawane pytania<\/h2>\n<h3>Czy mo\u017cna nadp\u0142aci\u0107 kredyt got\u00f3wkowy w Santander Consumer Banku?<\/h3>\n<p>Tak, w Santander Consumer Banku mo\u017cesz nadp\u0142aci\u0107 lub wcze\u015bniej sp\u0142aci\u0107 kredyt got\u00f3wkowy w ca\u0142o\u015bci. Bank nie nalicza za to dodatkowych op\u0142at. Sp\u0142acaj\u0105c kredyt wcze\u015bniej unikniesz zap\u0142aty cz\u0119\u015bci odsetek, co sprawi, \u017ce kredyt b\u0119dzie kosztowa\u0107 Ci\u0119 mniej.<\/p>\n<h3>Jakie mo\u017ce by\u0107 oprocentowanie kredytu got\u00f3wkowego w Santander Consumer Banku?<\/h3>\n<p>Santander Consumer Bank oferuje kredyty g\u0142\u00f3wnie z oprocentowaniem sta\u0142ym. Oznacza to, \u017ce Twoja rata b\u0119dzie sta\u0142a w ca\u0142ym okresie kredytowania i niezale\u017cna od czynnik\u00f3w takich jak np. wska\u017anik WIBOR.<\/p>\n<h3>Na jaki cel mo\u017cna przeznaczy\u0107 kredyt got\u00f3wkowy w Santander Consumer Banku?<\/h3>\n<p>Kredyt got\u00f3wkowy w Santander Consumer Banku mo\u017cesz przeznaczy\u0107 na ka\u017cdy cel. Bank nie wprowadza \u017cadnych ogranicze\u0144 co do przeznaczenia \u015brodk\u00f3w, co daje klientom pe\u0142n\u0105 swobod\u0119 w decydowaniu, jak chc\u0105 spo\u017cytkowa\u0107 po\u017cyczone pieni\u0105dze. Kredyty te s\u0105 cz\u0119sto wykorzystywane na cele konsumpcyjne, takie jak zakup sprz\u0119tu, remonty, sp\u0142ata innych zobowi\u0105za\u0144 czy wakacje. Jedynie kredyty konsolidacyjne maj\u0105 jasno okre\u015blone przeznaczenie.<\/p>\n<h3>Jaka jest maksymalna kwota kredytu got\u00f3wkowego w Santander Consumer Banku?<\/h3>\n<p>Santander Consumer Bank oferuje kredyty got\u00f3wkowe do 150 000 z\u0142. Do 100 000 z\u0142 mo\u017cna teoretycznie zaci\u0105gn\u0105\u0107 kredyt got\u00f3wkowy online. Jest to raczej standardowa warto\u015b\u0107 na tle reszty rynku.<\/p>\n<h3>Jaki jest maksymalny okres sp\u0142aty kredytu got\u00f3wkowego w Santander Consumer Banku?<\/h3>\n<p>Maksymalny okres sp\u0142aty kredytu got\u00f3wkowego w Santander Consumer Banku wynosi 10 lat, ale przy niekt\u00f3rych produktach kredytowych jest skr\u00f3cony do 7 lat. Oczywi\u015bcie mo\u017cesz wybra\u0107 kr\u00f3tszy okres sp\u0142aty, co pozwoli Ci obni\u017cy\u0107 ca\u0142kowite koszty kredytu.<\/p>\n","protected":false},"excerpt":{"rendered":"<p>Santander Consumer Bank ma szerok\u0105 ofert\u0119 zr\u00f3\u017cnicowanych kredyt\u00f3w got\u00f3wkowych dla r\u00f3\u017cnych grup klient\u00f3w. Cz\u0119\u015b\u0107 z nich to oferty promocyjne, silnie [&hellip;]<\/p>\n","protected":false},"author":66,"featured_media":0,"parent":859,"menu_order":0,"comment_status":"closed","ping_status":"closed","template":"page_bank_product.php","meta":{"_acf_changed":false,"yasr_overall_rating":0,"yasr_post_is_review":"","yasr_auto_insert_disabled":"","yasr_review_type":"","footnotes":""},"class_list":["post-10403","page","type-page","status-publish","hentry"],"acf":[],"yoast_head":"<!-- This site is optimized with the Yoast SEO plugin v27.1.1 - https:\/\/yoast.com\/product\/yoast-seo-wordpress\/ -->\n<title>Kredyty got\u00f3wkowe w Santander Consumer Banku | Por\u00f3wnywarka finansowa Rankomat<\/title>\n<meta name=\"robots\" content=\"index, follow, max-snippet:-1, max-image-preview:large, max-video-preview:-1\" \/>\n<link rel=\"canonical\" href=\"https:\/\/rankomat.pl\/finanse\/banki\/santander-consumer-bank\/kredyty-gotowkowe\/\" \/>\n<meta property=\"og:locale\" content=\"pl_PL\" \/>\n<meta property=\"og:type\" content=\"article\" \/>\n<meta property=\"og:title\" content=\"Kredyty got\u00f3wkowe w Santander Consumer Banku | Por\u00f3wnywarka finansowa Rankomat\" \/>\n<meta property=\"og:description\" content=\"Santander Consumer Bank ma szerok\u0105 ofert\u0119 zr\u00f3\u017cnicowanych kredyt\u00f3w got\u00f3wkowych dla r\u00f3\u017cnych grup klient\u00f3w. Cz\u0119\u015b\u0107 z nich to oferty promocyjne, silnie [&hellip;]\" \/>\n<meta property=\"og:url\" content=\"https:\/\/rankomat.pl\/finanse\/banki\/santander-consumer-bank\/kredyty-gotowkowe\/\" \/>\n<meta property=\"og:site_name\" content=\"Por\u00f3wnywarka finansowa Rankomat\" \/>\n<meta property=\"article:publisher\" content=\"https:\/\/www.facebook.com\/rankomatpl\/\" \/>\n<meta property=\"og:image\" content=\"https:\/\/rankomat.pl\/finanse\/wp-content\/uploads\/2021\/03\/rankomat-star-og.png\" \/>\n\t<meta property=\"og:image:width\" content=\"480\" \/>\n\t<meta property=\"og:image:height\" content=\"320\" \/>\n\t<meta property=\"og:image:type\" content=\"image\/png\" \/>\n<meta name=\"twitter:card\" content=\"summary_large_image\" \/>\n<meta name=\"twitter:site\" content=\"@rankomat\" \/>\n<meta name=\"twitter:label1\" content=\"Szacowany czas czytania\" \/>\n\t<meta name=\"twitter:data1\" content=\"7 minut\" \/>\n<script type=\"application\/ld+json\" class=\"yoast-schema-graph\">{\"@context\":\"https:\/\/schema.org\",\"@graph\":[{\"@type\":\"BreadcrumbList\",\"@id\":\"https:\/\/rankomat.pl\/finanse\/banki\/santander-consumer-bank\/kredyty-gotowkowe\/#breadcrumb\",\"itemListElement\":[{\"@type\":\"ListItem\",\"position\":1,\"name\":\"Finanse\",\"item\":\"https:\/\/rankomat.pl\/finanse\/\"},{\"@type\":\"ListItem\",\"position\":2,\"name\":\"Banki\",\"item\":\"https:\/\/rankomat.pl\/finanse\/banki\/\"},{\"@type\":\"ListItem\",\"position\":3,\"name\":\"Santander Consumer Bank\",\"item\":\"https:\/\/rankomat.pl\/finanse\/banki\/santander-consumer-bank\/\"},{\"@type\":\"ListItem\",\"position\":4,\"name\":\"Kredyty got\u00f3wkowe w Santander Consumer Banku\"}]}]}<\/script>\n<!-- \/ Yoast SEO plugin. -->","yoast_head_json":{"title":"Kredyty got\u00f3wkowe w Santander Consumer Banku | Por\u00f3wnywarka finansowa Rankomat","robots":{"index":"index","follow":"follow","max-snippet":"max-snippet:-1","max-image-preview":"max-image-preview:large","max-video-preview":"max-video-preview:-1"},"canonical":"https:\/\/rankomat.pl\/finanse\/banki\/santander-consumer-bank\/kredyty-gotowkowe\/","og_locale":"pl_PL","og_type":"article","og_title":"Kredyty got\u00f3wkowe w Santander Consumer Banku | Por\u00f3wnywarka finansowa Rankomat","og_description":"Santander Consumer Bank ma szerok\u0105 ofert\u0119 zr\u00f3\u017cnicowanych kredyt\u00f3w got\u00f3wkowych dla r\u00f3\u017cnych grup klient\u00f3w. Cz\u0119\u015b\u0107 z nich to oferty promocyjne, silnie [&hellip;]","og_url":"https:\/\/rankomat.pl\/finanse\/banki\/santander-consumer-bank\/kredyty-gotowkowe\/","og_site_name":"Por\u00f3wnywarka finansowa Rankomat","article_publisher":"https:\/\/www.facebook.com\/rankomatpl\/","og_image":[{"width":480,"height":320,"url":"https:\/\/rankomat.pl\/finanse\/wp-content\/uploads\/2021\/03\/rankomat-star-og.png","type":"image\/png"}],"twitter_card":"summary_large_image","twitter_site":"@rankomat","twitter_misc":{"Szacowany czas czytania":"7 minut"},"schema":{"@context":"https:\/\/schema.org","@graph":[{"@type":"BreadcrumbList","@id":"https:\/\/rankomat.pl\/finanse\/banki\/santander-consumer-bank\/kredyty-gotowkowe\/#breadcrumb","itemListElement":[{"@type":"ListItem","position":1,"name":"Finanse","item":"https:\/\/rankomat.pl\/finanse\/"},{"@type":"ListItem","position":2,"name":"Banki","item":"https:\/\/rankomat.pl\/finanse\/banki\/"},{"@type":"ListItem","position":3,"name":"Santander Consumer Bank","item":"https:\/\/rankomat.pl\/finanse\/banki\/santander-consumer-bank\/"},{"@type":"ListItem","position":4,"name":"Kredyty got\u00f3wkowe w Santander Consumer Banku"}]}]}},"yasr_visitor_votes":{"stars_attributes":{"read_only":false,"span_bottom":false},"number_of_votes":0,"sum_votes":0},"_links":{"self":[{"href":"https:\/\/rankomat.pl\/finanse\/wp-json\/wp\/v2\/pages\/10403","targetHints":{"allow":["GET"]}}],"collection":[{"href":"https:\/\/rankomat.pl\/finanse\/wp-json\/wp\/v2\/pages"}],"about":[{"href":"https:\/\/rankomat.pl\/finanse\/wp-json\/wp\/v2\/types\/page"}],"author":[{"embeddable":true,"href":"https:\/\/rankomat.pl\/finanse\/wp-json\/wp\/v2\/users\/66"}],"replies":[{"embeddable":true,"href":"https:\/\/rankomat.pl\/finanse\/wp-json\/wp\/v2\/comments?post=10403"}],"version-history":[{"count":0,"href":"https:\/\/rankomat.pl\/finanse\/wp-json\/wp\/v2\/pages\/10403\/revisions"}],"up":[{"embeddable":true,"href":"https:\/\/rankomat.pl\/finanse\/wp-json\/wp\/v2\/pages\/859"}],"wp:attachment":[{"href":"https:\/\/rankomat.pl\/finanse\/wp-json\/wp\/v2\/media?parent=10403"}],"curies":[{"name":"wp","href":"https:\/\/api.w.org\/{rel}","templated":true}]}}