{"id":10404,"date":"2024-07-31T19:34:42","date_gmt":"2024-07-31T17:34:42","guid":{"rendered":"https:\/\/rankomat.pl\/finanse\/?page_id=10404"},"modified":"2024-07-31T19:41:53","modified_gmt":"2024-07-31T17:41:53","slug":"kredyty-samochodowe","status":"publish","type":"page","link":"https:\/\/rankomat.pl\/finanse\/banki\/santander-consumer-bank\/kredyty-samochodowe\/","title":{"rendered":"Kredyty samochodowe w Santander Consumer Banku"},"content":{"rendered":"<p><strong>Santander Consumer Bank udziela kredyt\u00f3w na zakup samochod\u00f3w osobowych i motocykli. Mo\u017cesz je wykorzysta\u0107 tak\u017ce na zakup samochod\u00f3w dostawczych do 3,5 tony.<\/strong><\/p>\n<h2><!--more--><br \/>\nJakie kredyty samochodowe dost\u0119pne s\u0105 w Santander Consumer Banku?<\/h2>\n<p>Dost\u0119pne jako oddzielne produkty kredytowe s\u0105 kredyt na samoch\u00f3d i kredyt na motocykl. Oba s\u0105 bardzo podobnymi do siebie, tradycyjnymi kredytami samochodowymi. Oferty aktualne na dzie\u0144 16.07.2024<\/p>\n<h3>Kredyt samochodowy w Santander Consumer Banku<\/h3>\n<p>Standardowy kredyt przeznaczony na zakup pojazd\u00f3w osobowych i dostawczych.<\/p>\n<ul>\n<li><strong>Maksymalna kwota:<\/strong> Brak informacji<\/li>\n<li><strong>Przeznaczenie:<\/strong> Zakup pojazdu nowego lub u\u017cywanego: samochody osobowe dostawcze do 3,5 tony.<\/li>\n<li><strong>Okres sp\u0142aty:<\/strong> Maksymalnie do 8 lat (96 miesi\u0119cy).<\/li>\n<li><strong>Maksymalny wiek pojazdu:<\/strong> Brak informacji.<\/li>\n<li><strong>Oprocentowanie:<\/strong> Sta\u0142e lub zmienne &#8211; Ty wybierasz.<\/li>\n<\/ul>\n<h3>Kredyt na motocykl w Santander Cosnumer Banku<\/h3>\n<p>Bardzo zbli\u017cony do kredytu na samoch\u00f3d, kredyt na zakup pojazd\u00f3w z szerokiej grupy motocyklowej.<\/p>\n<ul>\n<li><strong>Maksymalna kwota:<\/strong> Brak informacji<\/li>\n<li><strong>Przeznaczenie:<\/strong> Zakup motocykla, skutera, quada i podobnych pojazd\u00f3w.<\/li>\n<li><strong>Okres sp\u0142aty:<\/strong> Maksymalnie do 6 lat (72 miesi\u0105ce).<\/li>\n<li><strong>Maksymalny wiek pojazdu:<\/strong> 7 lat.<\/li>\n<li><strong>Oprocentowanie:<\/strong> Sta\u0142e lub zmienne &#8211; Ty wybierasz.<\/li>\n<\/ul>\n<p>Szczeg\u00f3\u0142owe informacje na temat kredyt\u00f3w samochodowych mo\u017cna uzyska\u0107 kontaktuj\u0105c si\u0119 z infolini\u0105 banku.<\/p>\n<h2>Jakie warunki trzeba spe\u0142ni\u0107 wnioskuj\u0105c o kredyt samochodowy w Santander Consumer Banku?<\/h2>\n<p>Aby otrzyma\u0107 kredyt samochodowy w Santander Consumer Banku, musisz spe\u0142ni\u0107 kilka warunk\u00f3w. Po pierwsze, <strong>wype\u0142nij formularz wniosku<\/strong>, podaj\u0105c informacje o poje\u017adzie, takie jak model, rocznik, cena i wysoko\u015b\u0107 wk\u0142adu w\u0142asnego. <strong>Nast\u0119pnie dostarcz dokumenty potwierdzaj\u0105ce Twoje dochody<\/strong>, na przyk\u0142ad za\u015bwiadczenia o zarobkach lub wyci\u0105gi bankowe, aby bank m\u00f3g\u0142 oceni\u0107 Twoj\u0105 zdolno\u015b\u0107 kredytow\u0105.<\/p>\n<p>Musisz r\u00f3wnie\u017c <strong>dostarczy\u0107 dokumenty dotycz\u0105ce nabywanego pojazdu<\/strong>, takie jak faktura pro forma lub umowa przedwst\u0119pna kupna-sprzeda\u017cy oraz skan dowodu rejestracyjnego. Po uzyskaniu pozytywnej decyzji kredytowej wykup obowi\u0105zkowe ubezpieczenie pojazdu, kt\u00f3re mo\u017ce obejmowa\u0107 OC i AC, zgodnie z wymaganiami banku.<\/p>\n<p><strong>Bank mo\u017ce r\u00f3wnie\u017c wymaga\u0107 dodatkowych zabezpiecze\u0144<\/strong>, na przyk\u0142ad zastawu na samochodzie, oraz wniesienia wk\u0142adu w\u0142asnego. Wszystkie te kroki s\u0105 konieczne, aby zapewni\u0107 prawid\u0142ow\u0105 sp\u0142at\u0119 kredytu i ochron\u0119 obu stron w razie nieprzewidzianych sytuacji.<\/p>\n<h2>Jak zabezpieczona jest sp\u0142ata kredytu samochodowego w Santander Consumer Banku?<\/h2>\n<p>Zabezpieczeniem sp\u0142aty kredytu w przypadku kredytu samochodowego w Santander Consumer Banku jest przede wszystkim sam samoch\u00f3d motocykl\/quad itp. Bank stosuje r\u00f3wnie\u017c zabezpieczenie w postaci dodatkowego ubezpieczenia pojazdu. Szczeg\u00f3\u0142y zale\u017c\u0105 od rodzaju pojazdu, jak i samego kredytu.<\/p>\n<h2>Jakie mo\u017ce by\u0107 oprocentowanie kredytu samochodowego w Santander Consumer Banku?<\/h2>\n<p>Santander Consumer Bank oferuje kredyty samochodowe z oprocentowaniem sta\u0142ym lub zmiennym. Ty jako klient masz prawo wybra\u0107, z jakim rodzajem oprocentowania zaci\u0105gasz kredyt. Jest to zdecydowanie korzystne dla kredytobiorc\u00f3w rozwi\u0105zanie.<\/p>\n<h2>Jak wzi\u0105\u0107 kredyt samochodowy w Santander Consumer Banku?<\/h2>\n<p>Kredyt samochodowy w Santander Consumer Banku mo\u017cesz zaci\u0105gn\u0105\u0107:<\/p>\n<ul>\n<li>Kontaktuj\u0105c si\u0119 z infolini\u0105 banku,<\/li>\n<li>W wybranych salonach i komisach wsp\u00f3\u0142pracuj\u0105cych z bankiem,<\/li>\n<li>Wype\u0142niaj\u0105c formularz kontaktowy na stronie www i czekaj\u0105c na kontakt zwrotny.<\/li>\n<\/ul>\n<p>Niestety aktualnie brak opcji wnioskowania o kredyt samochodowy ca\u0142kowicie online.<\/p>\n<h2>Jakie dokumenty s\u0105 potrzebne do kredytu samochodowego w Santander Consumer Banku?<\/h2>\n<p>Do zaci\u0105gni\u0119cia kredytu samochodowego w Santander Consumer Banku konieczne s\u0105:<\/p>\n<ul>\n<li>dow\u00f3d osobisty (lub inny dokument potwierdzaj\u0105cy to\u017csamo\u015b\u0107),<\/li>\n<li>za\u015bwiadczenie o dochodach lub inne dokumenty je potwierdzaj\u0105ce (wyci\u0105g z konta),<\/li>\n<li>dane pojazdu i dow\u00f3d, \u017ce go kupujesz np. faktura pro forma.<\/li>\n<\/ul>\n<h2>Jakie s\u0105 zalety i wady kredytu samochodowego w Santander Consumer Banku?<\/h2>\n<p>Kredyty samochodowe w Santander Consumer Banku nale\u017c\u0105 do standardowych rozwi\u0105za\u0144 tego typu. W por\u00f3wnaniu z konkurencyjnymi produktami maj\u0105 jednak kilka zalet i wad.<\/p>\n<p><strong>Zalety:<\/strong><\/p>\n<ul>\n<li>Mo\u017cliwo\u015b\u0107 zakupu pojazd\u00f3w z zagranicy, samochod\u00f3w u\u017cywanych od osoby fizycznej, a nie tylko aut z salonu i komisu.<\/li>\n<li>Opcja przeliczenia dochod\u00f3w zagranicznych i uwzgl\u0119dnienia ich w zdolno\u015bci kredytowej klienta.<\/li>\n<li>Uproszczona procedura, bez wymagania zbyt wielu dokument\u00f3w, czy formalno\u015bci z Twojej strony.<\/li>\n<\/ul>\n<p><strong>Wady:<\/strong><\/p>\n<ul>\n<li>Brak precyzyjnych informacji na stronie internetowej zmusza do nawi\u0105zania kontaktu z infolini\u0105 banku.<\/li>\n<\/ul>\n<h2>Jak sp\u0142aci\u0107 kredyt samochodowy Santander Consumer Banku?<\/h2>\n<p>Bank oferuje jedynie kredyt samochodowy w standardowej sp\u0142acie &#8211; klient sp\u0142aca kredyt w ratach r\u00f3wnych, ewentualnie na ko\u0144cu dop\u0142aca rat\u0119 wyr\u00f3wnuj\u0105c\u0105. Zobowi\u0105zanie mo\u017cna sp\u0142aca\u0107 wykorzystuj\u0105c nast\u0119puj\u0105ce sposoby:<\/p>\n<ul>\n<li><strong>Automatyczne pobieranie raty:<\/strong> Bank automatycznie pobierze kwot\u0119 raty z Twojego konta w okre\u015blonym terminie. Wa\u017cne jest, aby na koncie by\u0142y dost\u0119pne \u015brodki na pokrycie raty.<\/li>\n<li><strong>Przelewy bankowe:<\/strong> Mo\u017cesz sp\u0142aca\u0107 kredyt poprzez przelewy na wskazane konto bankowe, korzystaj\u0105c z dostarczonych informacji o numerze konta i terminie sp\u0142aty.<\/li>\n<li><strong>Zlecenie sta\u0142e:<\/strong> Mo\u017cesz ustanowi\u0107 zlecenie sta\u0142e, kt\u00f3re automatycznie reguluje raty kredytu z Twojego konta w ustalonym terminie, eliminuj\u0105c konieczno\u015b\u0107 pami\u0119tania o terminach sp\u0142at.<\/li>\n<li><strong>Sp\u0142ata w kasie banku:<\/strong> Kredyt mo\u017cesz sp\u0142aca\u0107 przynosz\u0105c got\u00f3wk\u0119 do banku, a nawet wp\u0142aca\u0107 je na poczcie czy w kasie innego banku. W tym ostatnim wypadku prawdopodobnie zap\u0142acisz prowizj\u0119 za przelew mi\u0119dzy bankami.<\/li>\n<\/ul>\n<h2>Na jaki cel mo\u017cna przeznaczy\u0107 kredyt samochodowy w Santander Consumer Banku?<\/h2>\n<p>Na stronie banku dost\u0119pna jest kompletna lista obejmuj\u0105ca:<\/p>\n<ul>\n<li>Pojazdy osobowe i dostawcze do 3,5 t DMC, nowe i u\u017cywane.<\/li>\n<li>Zarejestrowane motocykle, skutery, quady i motorowery.<\/li>\n<\/ul>\n<h2>FAQ &#8211; najcz\u0119\u015bciej zadawane pytania<\/h2>\n<h3>Czy mo\u017cna nadp\u0142aci\u0107 kredyt samochodowy w Santander Consumer Banku?<\/h3>\n<p>Tak i bank nie pobiera z tego tytu\u0142u dodatkowych op\u0142at. W przypadku kredyt\u00f3w samochodowych wcze\u015bniejsza sp\u0142ata kredytu to popularna praktyka, zw\u0142aszcza gdy zamierzasz sprzeda\u0107 pojazd.<\/p>\n<h3>Jaka jest maksymalna kwota kredytu samochodowego w Santander Consumer Banku?<\/h3>\n<p>Bank nie okre\u015bla maksymalnej kwoty kredytu samochodowego. Szczeg\u00f3\u0142y zale\u017c\u0105 od warto\u015bci pojazdu, Twojej zdolno\u015bci kredytowej i umowy mi\u0119dzy Tob\u0105 a bankiem. Wy\u017cszy procentowo wk\u0142ad w\u0142asny prawdopodobnie pozwoli Ci zaci\u0105gn\u0105\u0107 te\u017c wy\u017cszy kredyt.<\/p>\n<h3>Jaki jest maksymalny okres sp\u0142aty kredytu samochodowego w Santander Consumer Banku?<\/h3>\n<p>Kredyt mo\u017cna sp\u0142aca\u0107 przez maksymalnie 8 lat. W przypadku motocykli i quad\u00f3w okres skracany jest do 6 lat, a kredyt na skuter i motorowery mo\u017cesz sp\u0142aca\u0107 maksymalnie przez 3 lata.<\/p>\n","protected":false},"excerpt":{"rendered":"<p>Santander Consumer Bank udziela kredyt\u00f3w na zakup samochod\u00f3w osobowych i motocykli. Mo\u017cesz je wykorzysta\u0107 tak\u017ce na zakup samochod\u00f3w dostawczych do [&hellip;]<\/p>\n","protected":false},"author":66,"featured_media":0,"parent":859,"menu_order":0,"comment_status":"closed","ping_status":"closed","template":"page_bank_product.php","meta":{"_acf_changed":false,"yasr_overall_rating":0,"yasr_post_is_review":"","yasr_auto_insert_disabled":"","yasr_review_type":"","footnotes":""},"class_list":["post-10404","page","type-page","status-publish","hentry"],"acf":[],"yoast_head":"<!-- This site is optimized with the Yoast SEO plugin v27.1.1 - https:\/\/yoast.com\/product\/yoast-seo-wordpress\/ -->\n<title>Kredyty samochodowe w Santander Consumer Banku | Por\u00f3wnywarka finansowa Rankomat<\/title>\n<meta name=\"robots\" content=\"index, follow, max-snippet:-1, max-image-preview:large, max-video-preview:-1\" \/>\n<link rel=\"canonical\" href=\"https:\/\/rankomat.pl\/finanse\/banki\/santander-consumer-bank\/kredyty-samochodowe\/\" \/>\n<meta property=\"og:locale\" content=\"pl_PL\" \/>\n<meta property=\"og:type\" content=\"article\" \/>\n<meta property=\"og:title\" content=\"Kredyty samochodowe w Santander Consumer Banku | Por\u00f3wnywarka finansowa Rankomat\" \/>\n<meta property=\"og:description\" content=\"Santander Consumer Bank udziela kredyt\u00f3w na zakup samochod\u00f3w osobowych i motocykli. Mo\u017cesz je wykorzysta\u0107 tak\u017ce na zakup samochod\u00f3w dostawczych do [&hellip;]\" \/>\n<meta property=\"og:url\" content=\"https:\/\/rankomat.pl\/finanse\/banki\/santander-consumer-bank\/kredyty-samochodowe\/\" \/>\n<meta property=\"og:site_name\" content=\"Por\u00f3wnywarka finansowa Rankomat\" \/>\n<meta property=\"article:publisher\" content=\"https:\/\/www.facebook.com\/rankomatpl\/\" \/>\n<meta property=\"article:modified_time\" content=\"2024-07-31T17:41:53+00:00\" \/>\n<meta property=\"og:image\" content=\"https:\/\/rankomat.pl\/finanse\/wp-content\/uploads\/2021\/03\/rankomat-star-og.png\" \/>\n\t<meta property=\"og:image:width\" content=\"480\" \/>\n\t<meta property=\"og:image:height\" content=\"320\" \/>\n\t<meta property=\"og:image:type\" content=\"image\/png\" \/>\n<meta name=\"twitter:card\" content=\"summary_large_image\" \/>\n<meta name=\"twitter:site\" content=\"@rankomat\" \/>\n<meta name=\"twitter:label1\" content=\"Szacowany czas czytania\" \/>\n\t<meta name=\"twitter:data1\" content=\"6 minut\" \/>\n<script type=\"application\/ld+json\" class=\"yoast-schema-graph\">{\"@context\":\"https:\/\/schema.org\",\"@graph\":[{\"@type\":\"BreadcrumbList\",\"@id\":\"https:\/\/rankomat.pl\/finanse\/banki\/santander-consumer-bank\/kredyty-samochodowe\/#breadcrumb\",\"itemListElement\":[{\"@type\":\"ListItem\",\"position\":1,\"name\":\"Finanse\",\"item\":\"https:\/\/rankomat.pl\/finanse\/\"},{\"@type\":\"ListItem\",\"position\":2,\"name\":\"Banki\",\"item\":\"https:\/\/rankomat.pl\/finanse\/banki\/\"},{\"@type\":\"ListItem\",\"position\":3,\"name\":\"Santander Consumer Bank\",\"item\":\"https:\/\/rankomat.pl\/finanse\/banki\/santander-consumer-bank\/\"},{\"@type\":\"ListItem\",\"position\":4,\"name\":\"Kredyty samochodowe w Santander Consumer Banku\"}]}]}<\/script>\n<!-- \/ Yoast SEO plugin. -->","yoast_head_json":{"title":"Kredyty samochodowe w Santander Consumer Banku | Por\u00f3wnywarka finansowa Rankomat","robots":{"index":"index","follow":"follow","max-snippet":"max-snippet:-1","max-image-preview":"max-image-preview:large","max-video-preview":"max-video-preview:-1"},"canonical":"https:\/\/rankomat.pl\/finanse\/banki\/santander-consumer-bank\/kredyty-samochodowe\/","og_locale":"pl_PL","og_type":"article","og_title":"Kredyty samochodowe w Santander Consumer Banku | Por\u00f3wnywarka finansowa Rankomat","og_description":"Santander Consumer Bank udziela kredyt\u00f3w na zakup samochod\u00f3w osobowych i motocykli. Mo\u017cesz je wykorzysta\u0107 tak\u017ce na zakup samochod\u00f3w dostawczych do [&hellip;]","og_url":"https:\/\/rankomat.pl\/finanse\/banki\/santander-consumer-bank\/kredyty-samochodowe\/","og_site_name":"Por\u00f3wnywarka finansowa Rankomat","article_publisher":"https:\/\/www.facebook.com\/rankomatpl\/","article_modified_time":"2024-07-31T17:41:53+00:00","og_image":[{"width":480,"height":320,"url":"https:\/\/rankomat.pl\/finanse\/wp-content\/uploads\/2021\/03\/rankomat-star-og.png","type":"image\/png"}],"twitter_card":"summary_large_image","twitter_site":"@rankomat","twitter_misc":{"Szacowany czas czytania":"6 minut"},"schema":{"@context":"https:\/\/schema.org","@graph":[{"@type":"BreadcrumbList","@id":"https:\/\/rankomat.pl\/finanse\/banki\/santander-consumer-bank\/kredyty-samochodowe\/#breadcrumb","itemListElement":[{"@type":"ListItem","position":1,"name":"Finanse","item":"https:\/\/rankomat.pl\/finanse\/"},{"@type":"ListItem","position":2,"name":"Banki","item":"https:\/\/rankomat.pl\/finanse\/banki\/"},{"@type":"ListItem","position":3,"name":"Santander Consumer Bank","item":"https:\/\/rankomat.pl\/finanse\/banki\/santander-consumer-bank\/"},{"@type":"ListItem","position":4,"name":"Kredyty samochodowe w Santander Consumer Banku"}]}]}},"yasr_visitor_votes":{"stars_attributes":{"read_only":false,"span_bottom":false},"number_of_votes":0,"sum_votes":0},"_links":{"self":[{"href":"https:\/\/rankomat.pl\/finanse\/wp-json\/wp\/v2\/pages\/10404","targetHints":{"allow":["GET"]}}],"collection":[{"href":"https:\/\/rankomat.pl\/finanse\/wp-json\/wp\/v2\/pages"}],"about":[{"href":"https:\/\/rankomat.pl\/finanse\/wp-json\/wp\/v2\/types\/page"}],"author":[{"embeddable":true,"href":"https:\/\/rankomat.pl\/finanse\/wp-json\/wp\/v2\/users\/66"}],"replies":[{"embeddable":true,"href":"https:\/\/rankomat.pl\/finanse\/wp-json\/wp\/v2\/comments?post=10404"}],"version-history":[{"count":0,"href":"https:\/\/rankomat.pl\/finanse\/wp-json\/wp\/v2\/pages\/10404\/revisions"}],"up":[{"embeddable":true,"href":"https:\/\/rankomat.pl\/finanse\/wp-json\/wp\/v2\/pages\/859"}],"wp:attachment":[{"href":"https:\/\/rankomat.pl\/finanse\/wp-json\/wp\/v2\/media?parent=10404"}],"curies":[{"name":"wp","href":"https:\/\/api.w.org\/{rel}","templated":true}]}}