{"id":10407,"date":"2024-08-01T12:07:27","date_gmt":"2024-08-01T10:07:27","guid":{"rendered":"https:\/\/rankomat.pl\/finanse\/?page_id=10407"},"modified":"2024-08-01T12:07:27","modified_gmt":"2024-08-01T10:07:27","slug":"kredyty-gotowkowe","status":"publish","type":"page","link":"https:\/\/rankomat.pl\/finanse\/banki\/bos-bank\/kredyty-gotowkowe\/","title":{"rendered":"Kredyty got\u00f3wkowe w BO\u015a Banku"},"content":{"rendered":"<p><strong>W Banku Ochrony \u015arodowiska mo\u017cesz zaci\u0105gn\u0105\u0107 kredyty konsumpcyjne i celowe do kwoty 150 000 z\u0142. Bank ma ograniczon\u0105 ofert\u0119 w tym zakresie, stawiaj\u0105c na proste, elastyczne rozwi\u0105zania. Opr\u00f3cz kredyt\u00f3w dla os\u00f3b fizycznych znajdziesz w ofercie BO\u015a Banku tak\u017ce produkty kredytowe dostosowane do sytuacji ma\u0142ych przedsi\u0119biorstw, organizacji i wsp\u00f3lnot mieszkaniowych.<\/strong><\/p>\n<p><!--more--><\/p>\n<h2>Jakie kredyty got\u00f3wkowe s\u0105 dost\u0119pne w Banku Ochrony \u015arodowiska?<\/h2>\n<p>BO\u015a Bank oferuje kilka rodzaj\u00f3w kredyt\u00f3w got\u00f3wkowych, kt\u00f3re s\u0105 przeznaczone g\u0142\u00f3wnie dla klient\u00f3w indywidualnych oraz niewielkich firm. Poni\u017cej przedstawiamy szczeg\u00f3\u0142ow\u0105 ofert\u0119 kredyt\u00f3w got\u00f3wkowych w Banku Ochrony \u015arodowiska (oferty wa\u017cne na dzie\u0144 24.06.2024 r.).<\/p>\n<h3>Po\u017cyczka elastyczna<\/h3>\n<p>Standardowy produkt Banku Ochrony \u015arodowiska przeznaczony dla os\u00f3b fizycznych. Ograniczony znacznie bardziej od konkurencyjnych kredyt\u00f3w got\u00f3wkowych w innych bankach. Po\u017cyczka udzielana z oprocentowaniem zmiennym.<\/p>\n<ul>\n<li><strong>Kwota kredytu:<\/strong> Minimalnie 30 000 z\u0142, maksymalnie do 150 000 z\u0142.<\/li>\n<li><strong>Cel:<\/strong> Na dowolny cel, w tym sp\u0142at\u0119 kredyt\u00f3w w innych bankach.<\/li>\n<li><strong>Okres sp\u0142aty:<\/strong> Od 37 miesi\u0119cy (3 lata) do 120 000 miesi\u0119cy, czyli 10 lat.<\/li>\n<li><strong>Promocje:<\/strong> W BO\u015a Banku nie ma zbyt wielu promocji na standardowe produkty. Czasami kredyt okre\u015blany jest jako promocyjny, ale pozostaje jedyny w ofercie banku.<\/li>\n<\/ul>\n<h3>Po\u017cyczka w koncie<\/h3>\n<p>Produkt \u0142\u0105cz\u0105cy cechy limitu na koncie i kredytu got\u00f3wkowego. Bank zak\u0142ada, \u017ce wykorzystasz limit, po czym sp\u0142acisz go w ratach. Oprocentowanie po\u017cyczki jest zmienne.<\/p>\n<ul>\n<li><strong>Kwota kredytu:<\/strong> Maksymalnie do 100 000 z\u0142.<\/li>\n<li><strong>Cel:<\/strong> Na dowolny cel.<\/li>\n<li><strong>Okres sp\u0142aty:<\/strong> Do 12 miesi\u0119cy, czyli jednego roku.<\/li>\n<li><strong>Promocje:<\/strong> Bank oferuje specjalne warunki dla rodzin wielodzietnych.<\/li>\n<\/ul>\n<h3>EKO Kredyty<\/h3>\n<p>W Banku Ochrony \u015arodowiska mo\u017cesz zaci\u0105gn\u0105\u0107 kilka r\u00f3\u017cnych kredyt\u00f3w powi\u0105zanych z g\u0142\u00f3wnym celem istnienia banku &#8211; ochron\u0105 \u015brodowiska. S\u0105 one zawsze dostosowane do aktualnych program\u00f3w pomocowych.<\/p>\n<p>Na dzie\u0144 24.06.2024 dost\u0119pne s\u0105: Po\u017cyczka Zielona, Kredyt Czyste Powietrze, EKOKredyt na fotowoltaik\u0119.<\/p>\n<ul>\n<li><strong>Kwota kredytu:<\/strong> Zale\u017cnie od programu, maksymalnie do 150 000 z\u0142.<\/li>\n<li><strong>Cel:<\/strong> Rozwi\u0105zania ekologiczne zgodne z aktualn\u0105 polityk\u0105 NFO\u015aiGW.<\/li>\n<li><strong>Okres sp\u0142aty:<\/strong> Do 120 miesi\u0119cy, czyli 10 lat.<\/li>\n<li><strong>Oprocentowanie:<\/strong> Zmienne, chyba, \u017ce program pomocowy stanowi inaczej.<\/li>\n<\/ul>\n<div class=\"expert-opinion-box attention  \">\n    <div class=\"box-title attention-title-box\">\n                    <h3 class=\"title attention-title\">Uwaga!<\/h3>\n            <\/div>\n    <div class=\"opinion\">\n            Warunki kredyt\u00f3w ekologicznych zmieniaj\u0105 si\u0119 wraz z ka\u017cd\u0105 aktualizacj\u0105 przepis\u00f3w dotycz\u0105cych budownictwa ekologicznego i ochrony \u015brodowiska.                <\/div>\n    <div class=\"expert-info\">\n                <div>\n            <span class=\"expert-name\"><\/span>\n                    <\/div>\n    <\/div>\n<\/div>\n\n\n<h2>Jakie warunki trzeba spe\u0142ni\u0107 wnioskuj\u0105c o kredyt got\u00f3wkowy w Banku Ochrony \u015arodowiska?<\/h2>\n<p>Aby ubiega\u0107 si\u0119 o kredyt got\u00f3wkowy w Banku Ochrony \u015arodowiska, nale\u017cy spe\u0142ni\u0107 kilka wymaga\u0144:<\/p>\n<p><strong>Zdolno\u015b\u0107 kredytowa:<\/strong><\/p>\n<p>Bank ocenia zdolno\u015b\u0107 kredytow\u0105 na podstawie historii kredytowej i dochod\u00f3w. Klienci banku mog\u0105 by\u0107 oceniani na podstawie swoich transakcji finansowych.<br \/>\nOsoby nieb\u0119d\u0105ce klientami lub z niewystarczaj\u0105c\u0105 histori\u0105 rachunku mog\u0105 by\u0107 zobowi\u0105zane dostarczy\u0107 dodatkowe dokumenty, takie jak wyci\u0105gi bankowe z innego banku lub dokumenty podatkowe (np. PIT-37, PIT-36, PIT-38).<\/p>\n<p><strong>Dokumenty:<\/strong><\/p>\n<p><strong>Dow\u00f3d to\u017csamo\u015bci:<\/strong> Klienci banku mog\u0105 by\u0107 zwolnieni z dodatkowych dokument\u00f3w to\u017csamo\u015bci, podczas gdy osoby spoza banku musz\u0105 przedstawi\u0107 dow\u00f3d osobisty.<br \/>\n<strong>Dokumenty dochodowe:<\/strong> Klienci musz\u0105 udokumentowa\u0107 swoje dochody, np. za pomoc\u0105 wyci\u0105g\u00f3w bankowych lub innych dokument\u00f3w potwierdzaj\u0105cych regularne wp\u0142ywy na konto.<\/p>\n<p><strong>Dodatkowe informacje:<\/strong><\/p>\n<p>Bank mo\u017ce wymaga\u0107 dodatkowych dokument\u00f3w w zale\u017cno\u015bci od sytuacji klienta, np. za\u015bwiadcze\u0144 o niezaleganiu z podatkami dla os\u00f3b prowadz\u0105cych dzia\u0142alno\u015b\u0107 gospodarcz\u0105.<br \/>\nProces wnioskowania obejmuje weryfikacj\u0119 w bazach danych d\u0142u\u017cnik\u00f3w oraz analiz\u0119 zdolno\u015bci sp\u0142aty zobowi\u0105za\u0144.<br \/>\nBank stara si\u0119, aby proces by\u0142 przejrzysty i oferuje wsparcie na ka\u017cdym etapie weryfikacji.<\/p>\n<h2>Jak wzi\u0105\u0107 kredyt w Banku Ochrony \u015arodowiska?<\/h2>\n<p>BO\u015a Bank umo\u017cliwia zaci\u0105gni\u0119cie kredytu got\u00f3wkowego poprzez r\u00f3\u017cne kana\u0142y:<\/p>\n<ul>\n<li><strong>Aplikacja mobilna BO\u015aBank24:<\/strong> Mo\u017cesz aplikowa\u0107 o kredyt, monitorowa\u0107 status wniosku i zarz\u0105dza\u0107 kredytem za pomoc\u0105 aplikacji mobilnej.<\/li>\n<li><strong>Serwis transakcyjny BO\u015a Banku:<\/strong> Na stronie internetowej banku dost\u0119pny jest serwis transakcyjny, umo\u017cliwiaj\u0105cy z\u0142o\u017cenie wniosku o kredyt got\u00f3wkowy i korzystanie z innych us\u0142ug bankowych.<\/li>\n<li><strong>Infolinia Banku:<\/strong> Mo\u017cesz aplikowa\u0107 o kredyt telefonicznie, uzyskuj\u0105c pomoc i informacje od konsultant\u00f3w.<\/li>\n<li><strong>Oddzia\u0142y Banku:<\/strong> Masz te\u017c opcj\u0119 osobi\u015bcie uda\u0107 si\u0119 do oddzia\u0142u banku, gdzie z\u0142o\u017cysz wniosek o kredyt i uzyskasz szczeg\u00f3\u0142owe informacje oraz porady.<\/li>\n<\/ul>\n<h2>Jak sp\u0142aci\u0107 kredyt got\u00f3wkowy w Banku Ochrony \u015arodowiska?<\/h2>\n<p>Sp\u0142ata rat kredytowych w Banku Ochrony \u015arodowiska jest \u0142atwa i wygodna, zw\u0142aszcza dla klient\u00f3w posiadaj\u0105cych konto w tym banku. Oto dost\u0119pne metody sp\u0142aty:<\/p>\n<ul>\n<li><strong>Automatyczne pobieranie raty &#8211; <\/strong>Bank automatycznie pobiera kwot\u0119 raty kredytu z konta klienta w terminie okre\u015blonym w umowie. Wa\u017cne jest, aby na koncie by\u0142y dost\u0119pne \u015brodki na pokrycie raty, co zapewnia terminow\u0105 sp\u0142at\u0119 i brak op\u00f3\u017anie\u0144.<\/li>\n<li><strong>Przelewy bankowe<\/strong> &#8211; Mo\u017cesz sp\u0142aca\u0107 kredyt, wykonuj\u0105c przelewy na wskazane konto bankowe. Bank dostarcza wszystkie niezb\u0119dne informacje, takie jak numer konta oraz termin sp\u0142aty, co umo\u017cliwia kontrolowanie p\u0142atno\u015bci.<\/li>\n<li><strong>Zlecenie sta\u0142e<\/strong> &#8211; Mo\u017cesz ustawi\u0107 zlecenie sta\u0142e, kt\u00f3re automatycznie b\u0119dzie regulowa\u0107 raty kredytu z Twojego konta w ustalonym terminie. Jest to wygodne rozwi\u0105zanie, eliminuj\u0105ce konieczno\u015b\u0107 pami\u0119tania o terminach sp\u0142at i zapewniaj\u0105ce regularne regulowanie zobowi\u0105za\u0144.<\/li>\n<\/ul>\n<div class=\"expert-opinion-box attention  \">\n    <div class=\"box-title attention-title-box\">\n                    <h3 class=\"title attention-title\">Uwaga!<\/h3>\n            <\/div>\n    <div class=\"opinion\">\n            Pami\u0119taj, \u017ce BO\u015a Bank udziela kredyt\u00f3w z oprocentowaniem zmiennym, co mo\u017ce wp\u0142ywa\u0107 na wysoko\u015b\u0107 raty.                <\/div>\n    <div class=\"expert-info\">\n                <div>\n            <span class=\"expert-name\"><\/span>\n                    <\/div>\n    <\/div>\n<\/div>\n\n\n<p>BO\u015a Bank oferuje elastyczne opcje zar\u00f3wno dla os\u00f3b aplikuj\u0105cych o kredyt, jak i tych sp\u0142acaj\u0105cych swoje zobowi\u0105zania, co zwi\u0119ksza komfort korzystania z us\u0142ug banku i zapewnia dopasowanie do indywidualnych potrzeb klient\u00f3w.<\/p>\n<p>Zalety i wady kredytu got\u00f3wkowego w Banku Ochrony \u015arodowiska<\/p>\n<p><strong>Zalety:<\/strong><\/p>\n<ul>\n<li><strong>Kredyty ekologiczne:<\/strong> Zgodnie z polityk\u0105 Narodowego Funduszu Ochrony \u015arodowiska i Gospodarki Wodnej bank zawsze ma w swojej ofercie kredyty kompatybilne z aktualnymi programami pomocowymi.<\/li>\n<li><strong>Bezp\u0142atna wcze\u015bniejsza sp\u0142ata:<\/strong> Klienci Banku Ochrony \u015arodowiska maj\u0105 mo\u017cliwo\u015b\u0107 wcze\u015bniejszej sp\u0142aty kredytu got\u00f3wkowego bez ponoszenia dodatkowych op\u0142at. Daje to klientom swobod\u0119 w zarz\u0105dzaniu swoimi finansami i pozwala na redukcj\u0119 koszt\u00f3w kredytu.<\/li>\n<li><strong>Wielokana\u0142owy dost\u0119p do us\u0142ug:<\/strong> Kredyt got\u00f3wkowy w Banku Ochrony \u015arodowiska mo\u017cna zaci\u0105gn\u0105\u0107 za pomoc\u0105 r\u00f3\u017cnych kana\u0142\u00f3w komunikacji, takich jak aplikacja mobilna BO\u015aBank24, infolinia, serwis BO\u015a Banku oraz oddzia\u0142y banku. To umo\u017cliwia klientom wyb\u00f3r najbardziej wygodnej metody aplikacji.<\/li>\n<li><strong>Nietypowe rozwi\u0105zania kredytowe:<\/strong> Po\u017cyczka w koncie \u0142\u0105czy cechy dw\u00f3ch r\u00f3\u017cnych produkt\u00f3w kredytowych. Niekt\u00f3re produkty kredytowe BO\u015a Banku s\u0105 unikalne na polskim rynku i warto im si\u0119 przyjrze\u0107, je\u015bli Twoja sytuacja finansowa jest nietypowa.<\/li>\n<\/ul>\n<p><strong>Wady:<\/strong><\/p>\n<ul>\n<li><strong>Ograniczona oferta kredytowa:<\/strong> Maksymalne kwoty kredyt\u00f3w got\u00f3wkowych s\u0105 znacznie ni\u017csze ni\u017c w przypadku innych bank\u00f3w.<\/li>\n<\/ul>\n<h2>FAQ &#8211; Najcz\u0119\u015bciej zadawane pytania<\/h2>\n<h3>Czy mo\u017cna nadp\u0142aci\u0107 kredyt got\u00f3wkowy w Banku Ochrony \u015arodowiska?<\/h3>\n<p>Tak, mo\u017cesz nadp\u0142aca\u0107 kredyt w dowolnym momencie, co pozwala na szybsze zmniejszenie zad\u0142u\u017cenia i obni\u017cenie ca\u0142kowitych koszt\u00f3w kredytu. W Banku Ochrony \u015arodowiska mo\u017cna nadp\u0142aci\u0107 lub sp\u0142aci\u0107 kredyt got\u00f3wkowy przed terminem bez dodatkowych op\u0142at. Dotyczy to wszystkich kredyt\u00f3w got\u00f3wkowych.<\/p>\n<h3>Jakie mo\u017ce by\u0107 oprocentowanie kredytu got\u00f3wkowego w Banku Ochrony \u015arodowiska?<\/h3>\n<p>Oprocentowanie kredyt\u00f3w got\u00f3wkowych w Banku Ochrony \u015arodowiska jest zazwyczaj zmienne i zale\u017cy od wska\u017anika WIBOR. W przysz\u0142o\u015bci bank planuje przej\u015bcie na wska\u017anik WIROR, zgodnie z obowi\u0105zuj\u0105cymi przepisami. Oprocentowanie odpowiada warunkom rynkowym i jest konkurencyjne w por\u00f3wnaniu do innych bank\u00f3w.<\/p>\n<h3>Na jaki cel mo\u017cna przeznaczy\u0107 kredyt got\u00f3wkowy w Banku Ochrony \u015arodowiska?<\/h3>\n<p>Kredyt got\u00f3wkowy w Banku Ochrony \u015arodowiska mo\u017cesz wykorzysta\u0107 na dowolny cel. Bank nie nak\u0142ada ogranicze\u0144 na przeznaczenie \u015brodk\u00f3w, co daje klientom pe\u0142n\u0105 swobod\u0119 w ich wykorzystaniu. Kredyty te cz\u0119sto s\u0105 u\u017cywane na cele konsumpcyjne, takie jak zakup sprz\u0119tu, remonty, sp\u0142at\u0119 innych zobowi\u0105za\u0144 czy wakacje. Kredyty konsolidacyjne s\u0142u\u017c\u0105 jedynie do sp\u0142aty dotychczasowych zobowi\u0105za\u0144. Dodatkowo, BO\u015a<\/p>\n<p>Bank oferuje kredyty celowe, na przyk\u0142ad ekologiczne czy dla firm, z warunkami okre\u015blonymi w umowie.<\/p>\n<h3>Jaka jest maksymalna kwota kredytu got\u00f3wkowego w Banku Ochrony \u015arodowiska?<\/h3>\n<p>BO\u015a Bank oferuje kredyty got\u00f3wkowe do 150 000 z\u0142 dla os\u00f3b fizycznych. R\u00f3\u017cne produkty kredytowe maj\u0105 r\u00f3\u017cne limity, od kilku tysi\u0119cy do kilkuset tysi\u0119cy z\u0142otych. Wysoko\u015b\u0107 dost\u0119pnej kwoty kredytu zale\u017cy od zdolno\u015bci kredytowej klienta, jego dochod\u00f3w oraz historii kredytowej. Bank dok\u0142adnie ocenia sytuacj\u0119 finansow\u0105 ka\u017cdego klienta, aby zaproponowa\u0107 odpowiedni\u0105 kwot\u0119 kredytu dostosowan\u0105 do jego potrzeb i mo\u017cliwo\u015bci.<\/p>\n<h3>Jaki jest maksymalny okres sp\u0142aty kredytu got\u00f3wkowego w Banku Ochrony \u015arodowiska?<\/h3>\n<p>Maksymalny okres sp\u0142aty kredytu got\u00f3wkowego w Banku Ochrony \u015arodowiska wynosi 10 lat dla os\u00f3b fizycznych. Zawsze mo\u017cesz wybra\u0107 kr\u00f3tszy okres sp\u0142aty, co pozwala na obni\u017cenie koszt\u00f3w kredytowych.<\/p>\n","protected":false},"excerpt":{"rendered":"<p>W Banku Ochrony \u015arodowiska mo\u017cesz zaci\u0105gn\u0105\u0107 kredyty konsumpcyjne i celowe do kwoty 150 000 z\u0142. Bank ma ograniczon\u0105 ofert\u0119 w [&hellip;]<\/p>\n","protected":false},"author":66,"featured_media":0,"parent":731,"menu_order":0,"comment_status":"closed","ping_status":"closed","template":"page_bank_product.php","meta":{"_acf_changed":false,"yasr_overall_rating":0,"yasr_post_is_review":"","yasr_auto_insert_disabled":"","yasr_review_type":"","footnotes":""},"class_list":["post-10407","page","type-page","status-publish","hentry"],"acf":[],"yoast_head":"<!-- This site is optimized with the Yoast SEO plugin v27.1.1 - https:\/\/yoast.com\/product\/yoast-seo-wordpress\/ -->\n<title>Kredyty got\u00f3wkowe w BO\u015a Banku | Por\u00f3wnywarka finansowa Rankomat<\/title>\n<meta name=\"robots\" content=\"index, follow, max-snippet:-1, max-image-preview:large, max-video-preview:-1\" \/>\n<link rel=\"canonical\" href=\"https:\/\/rankomat.pl\/finanse\/banki\/bos-bank\/kredyty-gotowkowe\/\" \/>\n<meta property=\"og:locale\" content=\"pl_PL\" \/>\n<meta property=\"og:type\" content=\"article\" \/>\n<meta property=\"og:title\" content=\"Kredyty got\u00f3wkowe w BO\u015a Banku | Por\u00f3wnywarka finansowa Rankomat\" \/>\n<meta property=\"og:description\" content=\"W Banku Ochrony \u015arodowiska mo\u017cesz zaci\u0105gn\u0105\u0107 kredyty konsumpcyjne i celowe do kwoty 150 000 z\u0142. Bank ma ograniczon\u0105 ofert\u0119 w [&hellip;]\" \/>\n<meta property=\"og:url\" content=\"https:\/\/rankomat.pl\/finanse\/banki\/bos-bank\/kredyty-gotowkowe\/\" \/>\n<meta property=\"og:site_name\" content=\"Por\u00f3wnywarka finansowa Rankomat\" \/>\n<meta property=\"article:publisher\" content=\"https:\/\/www.facebook.com\/rankomatpl\/\" \/>\n<meta property=\"og:image\" content=\"https:\/\/rankomat.pl\/finanse\/wp-content\/uploads\/2021\/03\/rankomat-star-og.png\" \/>\n\t<meta property=\"og:image:width\" content=\"480\" \/>\n\t<meta property=\"og:image:height\" content=\"320\" \/>\n\t<meta property=\"og:image:type\" content=\"image\/png\" \/>\n<meta name=\"twitter:card\" content=\"summary_large_image\" \/>\n<meta name=\"twitter:site\" content=\"@rankomat\" \/>\n<meta name=\"twitter:label1\" content=\"Szacowany czas czytania\" \/>\n\t<meta name=\"twitter:data1\" content=\"8 minut\" \/>\n<script type=\"application\/ld+json\" class=\"yoast-schema-graph\">{\"@context\":\"https:\/\/schema.org\",\"@graph\":[{\"@type\":\"BreadcrumbList\",\"@id\":\"https:\/\/rankomat.pl\/finanse\/banki\/bos-bank\/kredyty-gotowkowe\/#breadcrumb\",\"itemListElement\":[{\"@type\":\"ListItem\",\"position\":1,\"name\":\"Finanse\",\"item\":\"https:\/\/rankomat.pl\/finanse\/\"},{\"@type\":\"ListItem\",\"position\":2,\"name\":\"Banki\",\"item\":\"https:\/\/rankomat.pl\/finanse\/banki\/\"},{\"@type\":\"ListItem\",\"position\":3,\"name\":\"BO\u015a Bank\",\"item\":\"https:\/\/rankomat.pl\/finanse\/banki\/bos-bank\/\"},{\"@type\":\"ListItem\",\"position\":4,\"name\":\"Kredyty got\u00f3wkowe w BO\u015a Banku\"}]}]}<\/script>\n<!-- \/ Yoast SEO plugin. -->","yoast_head_json":{"title":"Kredyty got\u00f3wkowe w BO\u015a Banku | Por\u00f3wnywarka finansowa Rankomat","robots":{"index":"index","follow":"follow","max-snippet":"max-snippet:-1","max-image-preview":"max-image-preview:large","max-video-preview":"max-video-preview:-1"},"canonical":"https:\/\/rankomat.pl\/finanse\/banki\/bos-bank\/kredyty-gotowkowe\/","og_locale":"pl_PL","og_type":"article","og_title":"Kredyty got\u00f3wkowe w BO\u015a Banku | Por\u00f3wnywarka finansowa Rankomat","og_description":"W Banku Ochrony \u015arodowiska mo\u017cesz zaci\u0105gn\u0105\u0107 kredyty konsumpcyjne i celowe do kwoty 150 000 z\u0142. Bank ma ograniczon\u0105 ofert\u0119 w [&hellip;]","og_url":"https:\/\/rankomat.pl\/finanse\/banki\/bos-bank\/kredyty-gotowkowe\/","og_site_name":"Por\u00f3wnywarka finansowa Rankomat","article_publisher":"https:\/\/www.facebook.com\/rankomatpl\/","og_image":[{"width":480,"height":320,"url":"https:\/\/rankomat.pl\/finanse\/wp-content\/uploads\/2021\/03\/rankomat-star-og.png","type":"image\/png"}],"twitter_card":"summary_large_image","twitter_site":"@rankomat","twitter_misc":{"Szacowany czas czytania":"8 minut"},"schema":{"@context":"https:\/\/schema.org","@graph":[{"@type":"BreadcrumbList","@id":"https:\/\/rankomat.pl\/finanse\/banki\/bos-bank\/kredyty-gotowkowe\/#breadcrumb","itemListElement":[{"@type":"ListItem","position":1,"name":"Finanse","item":"https:\/\/rankomat.pl\/finanse\/"},{"@type":"ListItem","position":2,"name":"Banki","item":"https:\/\/rankomat.pl\/finanse\/banki\/"},{"@type":"ListItem","position":3,"name":"BO\u015a Bank","item":"https:\/\/rankomat.pl\/finanse\/banki\/bos-bank\/"},{"@type":"ListItem","position":4,"name":"Kredyty got\u00f3wkowe w BO\u015a Banku"}]}]}},"yasr_visitor_votes":{"stars_attributes":{"read_only":false,"span_bottom":false},"number_of_votes":0,"sum_votes":0},"_links":{"self":[{"href":"https:\/\/rankomat.pl\/finanse\/wp-json\/wp\/v2\/pages\/10407","targetHints":{"allow":["GET"]}}],"collection":[{"href":"https:\/\/rankomat.pl\/finanse\/wp-json\/wp\/v2\/pages"}],"about":[{"href":"https:\/\/rankomat.pl\/finanse\/wp-json\/wp\/v2\/types\/page"}],"author":[{"embeddable":true,"href":"https:\/\/rankomat.pl\/finanse\/wp-json\/wp\/v2\/users\/66"}],"replies":[{"embeddable":true,"href":"https:\/\/rankomat.pl\/finanse\/wp-json\/wp\/v2\/comments?post=10407"}],"version-history":[{"count":0,"href":"https:\/\/rankomat.pl\/finanse\/wp-json\/wp\/v2\/pages\/10407\/revisions"}],"up":[{"embeddable":true,"href":"https:\/\/rankomat.pl\/finanse\/wp-json\/wp\/v2\/pages\/731"}],"wp:attachment":[{"href":"https:\/\/rankomat.pl\/finanse\/wp-json\/wp\/v2\/media?parent=10407"}],"curies":[{"name":"wp","href":"https:\/\/api.w.org\/{rel}","templated":true}]}}