{"id":10410,"date":"2024-08-01T12:29:07","date_gmt":"2024-08-01T10:29:07","guid":{"rendered":"https:\/\/rankomat.pl\/finanse\/?page_id=10410"},"modified":"2024-08-01T12:29:07","modified_gmt":"2024-08-01T10:29:07","slug":"konta-bankowe","status":"publish","type":"page","link":"https:\/\/rankomat.pl\/finanse\/banki\/bos-bank\/konta-bankowe\/","title":{"rendered":"Konta bankowe w BO\u015a Banku"},"content":{"rendered":"<p><strong>W Banku Ochrony \u015arodowiska za\u0142o\u017cysz konta osobiste, firmowe, oszcz\u0119dno\u015bciowe i celowe. Bank ten oferuje szeroki zakres produkt\u00f3w tego typu, od najprostszych rachunk\u00f3w oszcz\u0119dno\u015bciowo-rozliczeniowych (ROR) po produkty premium dla zamo\u017cnych klient\u00f3w.<\/strong><\/p>\n<p><!--more--><br \/>\nKonta mo\u017cesz zak\u0142ada\u0107 za pomoc\u0105 aplikacji BO\u015aBank24, serwisu transakcyjnego BO\u015a Banku, oraz osobi\u015bcie w oddziale banku.<\/p>\n<h2>Jakie konta osobiste dost\u0119pne s\u0105 w Banku Ochrony \u015arodowiska ?<\/h2>\n<p>W Banku Ochrony \u015arodowiska znajdziesz konta dopasowane do Twojej sytuacji i aktualnych potrzeb. Oferta jest stosunkowo prosta i przejrzysta, a za\u0142o\u017cenie konta szybkie. Na dzie\u0144 18 czerwca 2024 roku w ofercie banku znajdziesz.<\/p>\n<h3>Konto bez koszt\u00f3w<\/h3>\n<p>Standardowy rachunek typu ROR. \u017badnych op\u0142at, ale za to kilka korzy\u015bci. Bank oferuje mi\u0119dzy innymi bezp\u0142atne wyp\u0142aty ze wszystkich bankomat\u00f3w w Polsce, oraz brak op\u0142at za konto dla aktywnych klient\u00f3w.<\/p>\n<h3>Konto PRP (Podstawowy Rachunek P\u0142atniczy)<\/h3>\n<p>Uproszczone konto bez \u017cadnych dodatkowych promocji, ani korzy\u015bci. Dost\u0119pne dla os\u00f3b, kt\u00f3re nie maj\u0105 \u017cadnego konta osobistego. Bezp\u0142atne w podstawowym zakresie u\u017cytkowania.<\/p>\n<h3>Konto VIP PLUS<\/h3>\n<p>Konto dla os\u00f3b o miesi\u0119cznych wp\u0142ywach przekraczaj\u0105cych 10 000 z\u0142. W ramach produktu bank oferuje pakiet korzy\u015bci, w tym bezp\u0142atne wyp\u0142aty z bankomat\u00f3w na ca\u0142ym \u015bwiecie. Rozwi\u0105zanie premium, korzystne je\u015bli cz\u0119sto podr\u00f3\u017cujesz.<\/p>\n<h3>Konto elastyczne<\/h3>\n<p>Podstawowe konto dla samodzielnego przedsi\u0119biorcy prowadz\u0105cego jednoosobow\u0105 dzia\u0142alno\u015b\u0107 gospodarcz\u0105. Wyposa\u017cone w subkonto podatkowe. Konto jest p\u0142atne, ale zawiera pakiet korzy\u015bci u\u017cytecznych dla przedsi\u0119biorc\u00f3w.<\/p>\n<h2>Jak za\u0142o\u017cy\u0107 konto osobiste w Banku Ochrony \u015arodowiska?<\/h2>\n<p>Konta osobiste i firmowe w BO\u015a Banku mo\u017cna za\u0142o\u017cy\u0107 osobi\u015bcie udaj\u0105c si\u0119 do oddzia\u0142u banku. Brakuje mo\u017cliwo\u015bci otwarcia konta online za pomoc\u0105 wideorozmowy, czy weryfikacji metod\u0105 na selfie.<\/p>\n<h3>Kto mo\u017ce otworzy\u0107 konto w Banku Ochrony \u015arodowiska?<\/h3>\n<p>Konto w Banku Ochrony \u015arodowiska mo\u017ce za\u0142o\u017cy\u0107 ka\u017cda osoba pe\u0142noletnia, posiadaj\u0105ca pe\u0142n\u0105 zdolno\u015b\u0107 do czynno\u015bci prawnych. Bank nie oferuje kont dla os\u00f3b niepe\u0142noletnich.<\/p>\n<h2>Jakie s\u0105 koszty otwarcia i prowadzenia konta osobistego w Banku Ochrony \u015arodowiska?<\/h2>\n<p>Otwarcie i prowadzenie podstawowego konta oszcz\u0119dno\u015bciowo-rozliczeniowego w Banku Ochrony \u015arodowiska jest bezp\u0142atne. Bank nie pobiera \u017cadnych op\u0142at za korzystanie z tego konta pod warunkiem aktywnego korzystania, co jest korzystne dla klient\u00f3w.<\/p>\n<h2>Czy bank oferuje kart\u0119 p\u0142atnicz\u0105 po otwarciu konta?<\/h2>\n<p>Tak, po otwarciu konta osobistego w Banku Ochrony \u015arodowiska, mo\u017cna otrzyma\u0107 kart\u0119 p\u0142atnicz\u0105 (kart\u0119 debetow\u0105). Pierwsza karta jest bezp\u0142atna, ale bank mo\u017ce nalicza\u0107 op\u0142aty za wydanie kolejnych kart do tego samego konta.<\/p>\n<h2>Jakie s\u0105 dodatkowe us\u0142ugi i produkty zwi\u0105zane z kontem osobistym w Banku Ochrony \u015arodowiska?<\/h2>\n<p>Dodatkowe opcje w BO\u015a banku s\u0105 stosunkowo ograniczone. Bank zapewnia dost\u0119p do bankowo\u015bci elektronicznej, ale nie obejmuje ona wszystkich us\u0142ug.<\/p>\n<h2>FAQ &#8211; najcz\u0119\u015bciej zadawane pytania<\/h2>\n<h3>Jak pobra\u0107 wyci\u0105g z konta w Banku Ochrony \u015arodowiska?<\/h3>\n<p>Aby pobra\u0107 wyci\u0105g z konta w Banku Ochrony \u015arodowiska, wystarczy zalogowa\u0107 si\u0119 do serwisu transakcyjnego BO\u015a Banku, wybra\u0107 opcj\u0119 \u201cRachunki\u201d, odnale\u017a\u0107 odpowiednie konto, wybra\u0107 \u201cHistoria Rachunku\u201d i pobra\u0107 wyci\u0105g.<\/p>\n<h3>Czy konto bankowe jest oprocentowane?<\/h3>\n<p>Klasyczny ROR lub konto firmowe nie s\u0105 oprocentowane. Oprocentowanie oferuj\u0105 jedynie konta oszcz\u0119dno\u015bciowe. Mo\u017cesz sprawdzi\u0107 oprocentowanie konta w umowie rachunku oraz w ofercie banku.<\/p>\n<h3>Jaki jest numer IBAN konta w Banku Ochrony \u015arodowiska?<\/h3>\n<p>BO\u015a Bank u\u017cywa kodu EBOSPLPW XXX, a numer IBAN jest indywidualny dla ka\u017cdego konta, sk\u0142ada si\u0119 z 26 znak\u00f3w i zaczyna si\u0119 od &#8222;PL&#8221;, co oznacza konto w polskim banku.<\/p>\n<h3>Czy mo\u017cna zmieni\u0107 typ konta w Banku Ochrony \u015arodowiska?<\/h3>\n<p>Mo\u017cesz otworzy\u0107 nowe konto innego typu w tym samym banku i przenie\u015b\u0107 na nie swoj\u0105 aktywno\u015b\u0107. Nie jest mo\u017cliwe zachowanie tego samego numeru konta.Typ konta nie mo\u017ce by\u0107 zmieniony po jego za\u0142o\u017ceniu.<\/p>\n<h3>Czy mo\u017cna za\u0142o\u017cy\u0107 konto wsp\u00f3lne w Banku Ochrony \u015arodowiska?<\/h3>\n<p>Tak, BO\u015a Bank oferuje mo\u017cliwo\u015b\u0107 za\u0142o\u017cenia konta wsp\u00f3lnego, kt\u00f3re mo\u017ce by\u0107 wsp\u00f3\u0142dzielone przez co najmniej dwie osoby. Takie konta s\u0105 cz\u0119sto u\u017cywane przez rodziny do zarz\u0105dzania domowym bud\u017cetem.<\/p>\n","protected":false},"excerpt":{"rendered":"<p>W Banku Ochrony \u015arodowiska za\u0142o\u017cysz konta osobiste, firmowe, oszcz\u0119dno\u015bciowe i celowe. Bank ten oferuje szeroki zakres produkt\u00f3w tego typu, od [&hellip;]<\/p>\n","protected":false},"author":66,"featured_media":0,"parent":731,"menu_order":0,"comment_status":"closed","ping_status":"closed","template":"page_bank_product.php","meta":{"_acf_changed":false,"yasr_overall_rating":0,"yasr_post_is_review":"","yasr_auto_insert_disabled":"","yasr_review_type":"","footnotes":""},"class_list":["post-10410","page","type-page","status-publish","hentry"],"acf":[],"yoast_head":"<!-- This site is optimized with the Yoast SEO plugin v27.1.1 - https:\/\/yoast.com\/product\/yoast-seo-wordpress\/ -->\n<title>Konta bankowe w BO\u015a Banku | Por\u00f3wnywarka finansowa Rankomat<\/title>\n<meta name=\"robots\" content=\"index, follow, max-snippet:-1, max-image-preview:large, max-video-preview:-1\" \/>\n<link rel=\"canonical\" href=\"https:\/\/rankomat.pl\/finanse\/banki\/bos-bank\/konta-bankowe\/\" \/>\n<meta property=\"og:locale\" content=\"pl_PL\" \/>\n<meta property=\"og:type\" content=\"article\" \/>\n<meta property=\"og:title\" content=\"Konta bankowe w BO\u015a Banku | Por\u00f3wnywarka finansowa Rankomat\" \/>\n<meta property=\"og:description\" content=\"W Banku Ochrony \u015arodowiska za\u0142o\u017cysz konta osobiste, firmowe, oszcz\u0119dno\u015bciowe i celowe. Bank ten oferuje szeroki zakres produkt\u00f3w tego typu, od [&hellip;]\" \/>\n<meta property=\"og:url\" content=\"https:\/\/rankomat.pl\/finanse\/banki\/bos-bank\/konta-bankowe\/\" \/>\n<meta property=\"og:site_name\" content=\"Por\u00f3wnywarka finansowa Rankomat\" \/>\n<meta property=\"article:publisher\" content=\"https:\/\/www.facebook.com\/rankomatpl\/\" \/>\n<meta property=\"og:image\" content=\"https:\/\/rankomat.pl\/finanse\/wp-content\/uploads\/2021\/03\/rankomat-star-og.png\" \/>\n\t<meta property=\"og:image:width\" content=\"480\" \/>\n\t<meta property=\"og:image:height\" content=\"320\" \/>\n\t<meta property=\"og:image:type\" content=\"image\/png\" \/>\n<meta name=\"twitter:card\" content=\"summary_large_image\" \/>\n<meta name=\"twitter:site\" content=\"@rankomat\" \/>\n<meta name=\"twitter:label1\" content=\"Szacowany czas czytania\" \/>\n\t<meta name=\"twitter:data1\" content=\"4 minuty\" \/>\n<script type=\"application\/ld+json\" class=\"yoast-schema-graph\">{\"@context\":\"https:\/\/schema.org\",\"@graph\":[{\"@type\":\"BreadcrumbList\",\"@id\":\"https:\/\/rankomat.pl\/finanse\/banki\/bos-bank\/konta-bankowe\/#breadcrumb\",\"itemListElement\":[{\"@type\":\"ListItem\",\"position\":1,\"name\":\"Finanse\",\"item\":\"https:\/\/rankomat.pl\/finanse\/\"},{\"@type\":\"ListItem\",\"position\":2,\"name\":\"Banki\",\"item\":\"https:\/\/rankomat.pl\/finanse\/banki\/\"},{\"@type\":\"ListItem\",\"position\":3,\"name\":\"BO\u015a Bank\",\"item\":\"https:\/\/rankomat.pl\/finanse\/banki\/bos-bank\/\"},{\"@type\":\"ListItem\",\"position\":4,\"name\":\"Konta bankowe w BO\u015a Banku\"}]}]}<\/script>\n<!-- \/ Yoast SEO plugin. -->","yoast_head_json":{"title":"Konta bankowe w BO\u015a Banku | Por\u00f3wnywarka finansowa Rankomat","robots":{"index":"index","follow":"follow","max-snippet":"max-snippet:-1","max-image-preview":"max-image-preview:large","max-video-preview":"max-video-preview:-1"},"canonical":"https:\/\/rankomat.pl\/finanse\/banki\/bos-bank\/konta-bankowe\/","og_locale":"pl_PL","og_type":"article","og_title":"Konta bankowe w BO\u015a Banku | Por\u00f3wnywarka finansowa Rankomat","og_description":"W Banku Ochrony \u015arodowiska za\u0142o\u017cysz konta osobiste, firmowe, oszcz\u0119dno\u015bciowe i celowe. Bank ten oferuje szeroki zakres produkt\u00f3w tego typu, od [&hellip;]","og_url":"https:\/\/rankomat.pl\/finanse\/banki\/bos-bank\/konta-bankowe\/","og_site_name":"Por\u00f3wnywarka finansowa Rankomat","article_publisher":"https:\/\/www.facebook.com\/rankomatpl\/","og_image":[{"width":480,"height":320,"url":"https:\/\/rankomat.pl\/finanse\/wp-content\/uploads\/2021\/03\/rankomat-star-og.png","type":"image\/png"}],"twitter_card":"summary_large_image","twitter_site":"@rankomat","twitter_misc":{"Szacowany czas czytania":"4 minuty"},"schema":{"@context":"https:\/\/schema.org","@graph":[{"@type":"BreadcrumbList","@id":"https:\/\/rankomat.pl\/finanse\/banki\/bos-bank\/konta-bankowe\/#breadcrumb","itemListElement":[{"@type":"ListItem","position":1,"name":"Finanse","item":"https:\/\/rankomat.pl\/finanse\/"},{"@type":"ListItem","position":2,"name":"Banki","item":"https:\/\/rankomat.pl\/finanse\/banki\/"},{"@type":"ListItem","position":3,"name":"BO\u015a Bank","item":"https:\/\/rankomat.pl\/finanse\/banki\/bos-bank\/"},{"@type":"ListItem","position":4,"name":"Konta bankowe w BO\u015a Banku"}]}]}},"yasr_visitor_votes":{"stars_attributes":{"read_only":false,"span_bottom":false},"number_of_votes":0,"sum_votes":0},"_links":{"self":[{"href":"https:\/\/rankomat.pl\/finanse\/wp-json\/wp\/v2\/pages\/10410","targetHints":{"allow":["GET"]}}],"collection":[{"href":"https:\/\/rankomat.pl\/finanse\/wp-json\/wp\/v2\/pages"}],"about":[{"href":"https:\/\/rankomat.pl\/finanse\/wp-json\/wp\/v2\/types\/page"}],"author":[{"embeddable":true,"href":"https:\/\/rankomat.pl\/finanse\/wp-json\/wp\/v2\/users\/66"}],"replies":[{"embeddable":true,"href":"https:\/\/rankomat.pl\/finanse\/wp-json\/wp\/v2\/comments?post=10410"}],"version-history":[{"count":0,"href":"https:\/\/rankomat.pl\/finanse\/wp-json\/wp\/v2\/pages\/10410\/revisions"}],"up":[{"embeddable":true,"href":"https:\/\/rankomat.pl\/finanse\/wp-json\/wp\/v2\/pages\/731"}],"wp:attachment":[{"href":"https:\/\/rankomat.pl\/finanse\/wp-json\/wp\/v2\/media?parent=10410"}],"curies":[{"name":"wp","href":"https:\/\/api.w.org\/{rel}","templated":true}]}}