{"id":10415,"date":"2024-08-01T15:58:20","date_gmt":"2024-08-01T13:58:20","guid":{"rendered":"https:\/\/rankomat.pl\/finanse\/?page_id=10415"},"modified":"2024-08-01T16:02:25","modified_gmt":"2024-08-01T14:02:25","slug":"konta-bankowe","status":"publish","type":"page","link":"https:\/\/rankomat.pl\/finanse\/banki\/bank-pocztowy\/konta-bankowe\/","title":{"rendered":"Konta bankowe w Banku Pocztowym"},"content":{"rendered":"<p><strong>W Banku Pocztowym za\u0142o\u017cysz standardowe konta osobiste, firmowe, oszcz\u0119dno\u015bciowe i celowe. Bank ten oferuje szeroki zakres produkt\u00f3w tego typu, od najprostszych rachunk\u00f3w oszcz\u0119dno\u015bciowo-rozliczeniowych (ROR) po produkty premium dla zamo\u017cnych klient\u00f3w.<\/strong><\/p>\n<p><!--more--><br \/>\nKonta mo\u017cesz zak\u0142ada\u0107 za pomoc\u0105 aplikacji Pocztowy, serwisu transakcyjnego Banku Pocztowego, oraz osobi\u015bcie w oddziale banku\/Poczty Polskiej.<\/p>\n<h2>Jakie konta osobiste dost\u0119pne s\u0105 w Banku Pocztowym?<\/h2>\n<p>W Banku Pocztowym za\u0142o\u017cysz podstawowe rachunki r\u00f3\u017cnych typ\u00f3w, potencjalnie mo\u017cesz te\u017c znale\u017a\u0107 oferty promocyjne. Na dzie\u0144 28 czerwca 2024 roku w ofercie banku znajdziesz.<\/p>\n<h3>Konto w Porz\u0105dku<\/h3>\n<p>Typowy rachunek typu ROR, ale przeznaczony wy\u0142\u0105cznie dla os\u00f3b od 26 roku \u017cycia. Nietypowe wymaganie nie zmienia jednak istoty produktu. Konto oferuje typowe funkcjonalno\u015bci, a Bank Pocztowy oferuje do niego dodatkow\u0105 us\u0142ug\u0119 (p\u0142atn\u0105) &#8211; pieni\u0105dze wp\u0142ywaj\u0105ce na konto mog\u0105 by\u0107 dostarczane do domu w got\u00f3wce przez listonosza.<\/p>\n<h3>Konto w Porz\u0105dku Start<\/h3>\n<p>Rozwi\u0105zanie dla m\u0142odszych u\u017cytkownik\u00f3w, przeznaczone dla os\u00f3b w wieku 13-26 lat. Pod niemal ka\u017cdym wzgl\u0119dem zbli\u017cone do swojego standardowego odpowiednika. Je\u015bli masz 18-26 lat mo\u017cesz za\u0142o\u017cy\u0107 tylko to konto i po uko\u0144czeniu 26 lat zamieni\u0107 je na standardowe.<\/p>\n<h2>Jak za\u0142o\u017cy\u0107 konto osobiste w Banku Pocztowym?<\/h2>\n<p>Konta osobiste i firmowe w Banku Pocztowym mo\u017cesz za\u0142o\u017cy\u0107 osobi\u015bcie udaj\u0105c si\u0119 do oddzia\u0142u banku \/ Poczty Polskiej. Zamiast tego masz te\u017c wygodniejsz\u0105 opcj\u0119 &#8211; zainstaluj aplikacj\u0119 Pocztowy, przejd\u017a przez proces weryfikacji online i za\u0142\u00f3\u017c konto za pomoc\u0105 aplikacji. W razie potrzeby mo\u017cesz skorzysta\u0107 ze wsparcia infolinii banku.<\/p>\n<h2>Kto mo\u017ce otworzy\u0107 konto w Banku Pocztowym?<\/h2>\n<p>Konto w Banku Pocztowym mo\u017ce za\u0142o\u017cy\u0107 ka\u017cda osoba pe\u0142noletnia, posiadaj\u0105ca pe\u0142n\u0105 zdolno\u015b\u0107 do czynno\u015bci prawnych. Konta dla os\u00f3b poni\u017cej 18 roku \u017cycia otwieraj\u0105 rodzice lub opiekunowie.<\/p>\n<h2>Jakie s\u0105 koszty otwarcia i prowadzenia konta osobistego w Banku Pocztowym?<\/h2>\n<p>Otwarcie i prowadzenie podstawowego konta oszcz\u0119dno\u015bciowo-rozliczeniowego w Banku Pocztowym jest bezp\u0142atne. Bank nie pobiera od Ciebie \u017cadnych op\u0142at za korzystanie z tego konta pod warunkiem aktywnego korzystania, co prawdopodobnie i tak zamierzasz.<\/p>\n<h2>Czy bank oferuje kart\u0119 p\u0142atnicz\u0105 po otwarciu konta?<\/h2>\n<p>Tak, po otwarciu konta osobistego w Banku Pocztowym, otrzymasz kart\u0119 p\u0142atnicz\u0105 (kart\u0119 debetow\u0105). Pierwsza karta jest bezp\u0142atna, ale bank mo\u017ce nalicza\u0107 op\u0142aty za wydanie kolejnych kart do tego samego konta. Mo\u017cesz te\u017c aktywowa\u0107 p\u0142atno\u015bci telefonem\/BLIKiem i mie\u0107 kart\u0119 w telefonie.<\/p>\n<h2>Jakie s\u0105 dodatkowe us\u0142ugi i produkty zwi\u0105zane z kontem osobistym w Banku Pocztowym?<\/h2>\n<p>Bank Pocztowy korzysta g\u0142\u00f3wnie ze strategicznego partnerstwa ze swoim w\u0142a\u015bcicielem &#8211; Poczt\u0105 Polsk\u0105. Dlatego w jego ofercie opr\u00f3cz bankowo\u015bci internetowej czy program\u00f3w lojalno\u015bciowych mo\u017cesz wykorzysta\u0107 listonosza do wp\u0142acania i wyp\u0142acania got\u00f3wki je\u015bli zam\u00f3wisz tak\u0105 us\u0142ug\u0119.<\/p>\n<h2>FAQ &#8211; najcz\u0119\u015bciej zadawane pytania<\/h2>\n<h3>Jak pobra\u0107 wyci\u0105g z konta w Banku Pocztowym?<\/h3>\n<p>Aby pobra\u0107 wyci\u0105g z konta w Banku Pocztowym, wejd\u017a na serwis Pocztowy24 lub zaloguj si\u0119 do aplikacji. Potem wybierz \u201cZobacz histori\u0119\u201d -&gt; wybierz konkretny rachunek -&gt; kliknij \u201cPobierz histori\u0119\u201d i wreszcie \u201cPobierz wyci\u0105g\u201d.<\/p>\n<h3>Czy konto bankowe jest oprocentowane?<\/h3>\n<p>Klasyczny ROR lub konto firmowe nie s\u0105 oprocentowane. Oprocentowanie oferuj\u0105 jedynie konta oszcz\u0119dno\u015bciowe. Mo\u017cesz sprawdzi\u0107 oprocentowanie konta w umowie rachunku oraz w ofercie banku.<\/p>\n<h3>Jaki jest numer IBAN konta w Banku Pocztowym?<\/h3>\n<p>Bank Pocztowy u\u017cywa kodu POCZPLP4 XXX, a numer IBAN jest indywidualny dla ka\u017cdego konta, sk\u0142ada si\u0119 z 26 znak\u00f3w i zaczyna si\u0119 od &#8222;PL&#8221;, co oznacza konto w polskim banku.<\/p>\n<h3>Czy mo\u017cna zmieni\u0107 typ konta w Banku Pocztowym?<\/h3>\n<p>Mo\u017cesz otworzy\u0107 nowe konto innego typu w tym samym banku i przenie\u015b\u0107 na nie swoj\u0105 aktywno\u015b\u0107. Nie jest mo\u017cliwe zachowanie tego samego numeru konta.Typ konta nie mo\u017ce by\u0107 zmieniony po jego za\u0142o\u017ceniu.<\/p>\n<h3>Czy mo\u017cna za\u0142o\u017cy\u0107 konto wsp\u00f3lne w Banku Pocztowym?<\/h3>\n<p>Tak, Bank Pocztowy oferuje mo\u017cliwo\u015b\u0107 za\u0142o\u017cenia konta wsp\u00f3lnego, kt\u00f3re mo\u017ce by\u0107 wsp\u00f3\u0142dzielone przez co najmniej dwie osoby. Takie konta s\u0105 cz\u0119sto u\u017cywane przez rodziny do zarz\u0105dzania domowym bud\u017cetem.<\/p>\n","protected":false},"excerpt":{"rendered":"<p>W Banku Pocztowym za\u0142o\u017cysz standardowe konta osobiste, firmowe, oszcz\u0119dno\u015bciowe i celowe. Bank ten oferuje szeroki zakres produkt\u00f3w tego typu, od [&hellip;]<\/p>\n","protected":false},"author":66,"featured_media":0,"parent":933,"menu_order":0,"comment_status":"closed","ping_status":"closed","template":"page_bank_product.php","meta":{"_acf_changed":false,"yasr_overall_rating":0,"yasr_post_is_review":"","yasr_auto_insert_disabled":"","yasr_review_type":"","footnotes":""},"class_list":["post-10415","page","type-page","status-publish","hentry"],"acf":[],"yoast_head":"<!-- This site is optimized with the Yoast SEO plugin v27.1.1 - https:\/\/yoast.com\/product\/yoast-seo-wordpress\/ -->\n<title>Konta bankowe w Banku Pocztowym | Por\u00f3wnywarka finansowa Rankomat<\/title>\n<meta name=\"robots\" content=\"index, follow, max-snippet:-1, max-image-preview:large, max-video-preview:-1\" \/>\n<link rel=\"canonical\" href=\"https:\/\/rankomat.pl\/finanse\/banki\/bank-pocztowy\/konta-bankowe\/\" \/>\n<meta property=\"og:locale\" content=\"pl_PL\" \/>\n<meta property=\"og:type\" content=\"article\" \/>\n<meta property=\"og:title\" content=\"Konta bankowe w Banku Pocztowym | Por\u00f3wnywarka finansowa Rankomat\" \/>\n<meta property=\"og:description\" content=\"W Banku Pocztowym za\u0142o\u017cysz standardowe konta osobiste, firmowe, oszcz\u0119dno\u015bciowe i celowe. Bank ten oferuje szeroki zakres produkt\u00f3w tego typu, od [&hellip;]\" \/>\n<meta property=\"og:url\" content=\"https:\/\/rankomat.pl\/finanse\/banki\/bank-pocztowy\/konta-bankowe\/\" \/>\n<meta property=\"og:site_name\" content=\"Por\u00f3wnywarka finansowa Rankomat\" \/>\n<meta property=\"article:publisher\" content=\"https:\/\/www.facebook.com\/rankomatpl\/\" \/>\n<meta property=\"article:modified_time\" content=\"2024-08-01T14:02:25+00:00\" \/>\n<meta property=\"og:image\" content=\"https:\/\/rankomat.pl\/finanse\/wp-content\/uploads\/2021\/03\/rankomat-star-og.png\" \/>\n\t<meta property=\"og:image:width\" content=\"480\" \/>\n\t<meta property=\"og:image:height\" content=\"320\" \/>\n\t<meta property=\"og:image:type\" content=\"image\/png\" \/>\n<meta name=\"twitter:card\" content=\"summary_large_image\" \/>\n<meta name=\"twitter:site\" content=\"@rankomat\" \/>\n<meta name=\"twitter:label1\" content=\"Szacowany czas czytania\" \/>\n\t<meta name=\"twitter:data1\" content=\"4 minuty\" \/>\n<script type=\"application\/ld+json\" class=\"yoast-schema-graph\">{\"@context\":\"https:\/\/schema.org\",\"@graph\":[{\"@type\":\"BreadcrumbList\",\"@id\":\"https:\/\/rankomat.pl\/finanse\/banki\/bank-pocztowy\/konta-bankowe\/#breadcrumb\",\"itemListElement\":[{\"@type\":\"ListItem\",\"position\":1,\"name\":\"Finanse\",\"item\":\"https:\/\/rankomat.pl\/finanse\/\"},{\"@type\":\"ListItem\",\"position\":2,\"name\":\"Banki\",\"item\":\"https:\/\/rankomat.pl\/finanse\/banki\/\"},{\"@type\":\"ListItem\",\"position\":3,\"name\":\"Bank Pocztowy\",\"item\":\"https:\/\/rankomat.pl\/finanse\/banki\/bank-pocztowy\/\"},{\"@type\":\"ListItem\",\"position\":4,\"name\":\"Konta bankowe w Banku Pocztowym\"}]}]}<\/script>\n<!-- \/ Yoast SEO plugin. -->","yoast_head_json":{"title":"Konta bankowe w Banku Pocztowym | Por\u00f3wnywarka finansowa Rankomat","robots":{"index":"index","follow":"follow","max-snippet":"max-snippet:-1","max-image-preview":"max-image-preview:large","max-video-preview":"max-video-preview:-1"},"canonical":"https:\/\/rankomat.pl\/finanse\/banki\/bank-pocztowy\/konta-bankowe\/","og_locale":"pl_PL","og_type":"article","og_title":"Konta bankowe w Banku Pocztowym | Por\u00f3wnywarka finansowa Rankomat","og_description":"W Banku Pocztowym za\u0142o\u017cysz standardowe konta osobiste, firmowe, oszcz\u0119dno\u015bciowe i celowe. Bank ten oferuje szeroki zakres produkt\u00f3w tego typu, od [&hellip;]","og_url":"https:\/\/rankomat.pl\/finanse\/banki\/bank-pocztowy\/konta-bankowe\/","og_site_name":"Por\u00f3wnywarka finansowa Rankomat","article_publisher":"https:\/\/www.facebook.com\/rankomatpl\/","article_modified_time":"2024-08-01T14:02:25+00:00","og_image":[{"width":480,"height":320,"url":"https:\/\/rankomat.pl\/finanse\/wp-content\/uploads\/2021\/03\/rankomat-star-og.png","type":"image\/png"}],"twitter_card":"summary_large_image","twitter_site":"@rankomat","twitter_misc":{"Szacowany czas czytania":"4 minuty"},"schema":{"@context":"https:\/\/schema.org","@graph":[{"@type":"BreadcrumbList","@id":"https:\/\/rankomat.pl\/finanse\/banki\/bank-pocztowy\/konta-bankowe\/#breadcrumb","itemListElement":[{"@type":"ListItem","position":1,"name":"Finanse","item":"https:\/\/rankomat.pl\/finanse\/"},{"@type":"ListItem","position":2,"name":"Banki","item":"https:\/\/rankomat.pl\/finanse\/banki\/"},{"@type":"ListItem","position":3,"name":"Bank Pocztowy","item":"https:\/\/rankomat.pl\/finanse\/banki\/bank-pocztowy\/"},{"@type":"ListItem","position":4,"name":"Konta bankowe w Banku Pocztowym"}]}]}},"yasr_visitor_votes":{"stars_attributes":{"read_only":false,"span_bottom":false},"number_of_votes":0,"sum_votes":0},"_links":{"self":[{"href":"https:\/\/rankomat.pl\/finanse\/wp-json\/wp\/v2\/pages\/10415","targetHints":{"allow":["GET"]}}],"collection":[{"href":"https:\/\/rankomat.pl\/finanse\/wp-json\/wp\/v2\/pages"}],"about":[{"href":"https:\/\/rankomat.pl\/finanse\/wp-json\/wp\/v2\/types\/page"}],"author":[{"embeddable":true,"href":"https:\/\/rankomat.pl\/finanse\/wp-json\/wp\/v2\/users\/66"}],"replies":[{"embeddable":true,"href":"https:\/\/rankomat.pl\/finanse\/wp-json\/wp\/v2\/comments?post=10415"}],"version-history":[{"count":0,"href":"https:\/\/rankomat.pl\/finanse\/wp-json\/wp\/v2\/pages\/10415\/revisions"}],"up":[{"embeddable":true,"href":"https:\/\/rankomat.pl\/finanse\/wp-json\/wp\/v2\/pages\/933"}],"wp:attachment":[{"href":"https:\/\/rankomat.pl\/finanse\/wp-json\/wp\/v2\/media?parent=10415"}],"curies":[{"name":"wp","href":"https:\/\/api.w.org\/{rel}","templated":true}]}}