{"id":10416,"date":"2024-08-01T16:06:55","date_gmt":"2024-08-01T14:06:55","guid":{"rendered":"https:\/\/rankomat.pl\/finanse\/?page_id=10416"},"modified":"2024-08-01T16:06:55","modified_gmt":"2024-08-01T14:06:55","slug":"karty-kredytowe","status":"publish","type":"page","link":"https:\/\/rankomat.pl\/finanse\/banki\/bank-pocztowy\/karty-kredytowe\/","title":{"rendered":"Karty kredytowe w Banku Pocztowym"},"content":{"rendered":"<p><strong>W Banku Pocztowym mo\u017cesz wyrobi\u0107 kart\u0119 kredytow\u0105 i po\u017cycza\u0107 pieni\u0105dze od banku w razie potrzeby. Bank oferuje niezb\u0119dne minimum w tym zakresie.<\/strong><\/p>\n<p><!--more--><\/p>\n<h2>Jakie karty kredytowe dost\u0119pne s\u0105 w Banku Pocztowym?<\/h2>\n<p>Poni\u017cej prezentujemy dost\u0119pne karty kredytowe w Banku Pocztowym (oferty zweryfikowane 28.06.2024 r.).<\/p>\n<h3>Karta kredytowa Mastercard<\/h3>\n<p>Jedyny typowo dost\u0119pny w ofercie Banku Pocztowego produkt tego typu. Pozwala uzyska\u0107 limit kredytowy maksymalnie do 20 000 z\u0142. Wybieraj\u0105c korzystasz z 55 dniowego okresu bezodsetkowego (miesi\u0119czny okres rozliczeniowy +24 dni na sp\u0142at\u0119 zobowi\u0105zania).<\/p>\n<h2>Procedura uzyskania i obs\u0142ugi karty kredytowej w Banku Pocztowym<\/h2>\n<h3>Jak wyrobi\u0107 kart\u0119 kredytow\u0105 w Banku Pocztowym?<\/h3>\n<p>Kart\u0119 mo\u017cesz zam\u00f3wi\u0107 online je\u015bli jeste\u015b klientem Banku Pocztowego. Umow\u0119 podpiszesz w oddziale lub po przes\u0142aniu jej kurierem.<\/p>\n<h3>Kto mo\u017ce otrzyma\u0107 kart\u0119 kredytow\u0105 w Banku Pocztowym?<\/h3>\n<p>Kart\u0119 kredytow\u0105 w Banku Pocztowym mo\u017ce otrzyma\u0107 ka\u017cdy pe\u0142noletni klient banku, kt\u00f3ry ma pe\u0142n\u0105 zdolno\u015b\u0107 do czynno\u015bci prawnych i odpowiedni\u0105 zdolno\u015b\u0107 kredytow\u0105.<\/p>\n<h3>Jak aktywowa\u0107 kart\u0119 kredytow\u0105 w Banku Pocztowym?<\/h3>\n<p>Kart\u0119 mo\u017cesz aktywowa\u0107: dzwoni\u0105c na infolini\u0119 Banku Pocztowego, w aplikacji Pocztowy, lub w oddziale banku. Tak\u017ce mikrooddzia\u0142y na Poczcie Polskiej pomog\u0105 Ci aktywowa\u0107 kart\u0119.<\/p>\n<h3>Ile kosztuje karta kredytowa w Banku Pocztowym?<\/h3>\n<p>Zwykle bank nie pobiera op\u0142aty za wydanie karty, jednak op\u0142aty za jej prowadzenie mog\u0105 by\u0107 naliczane w zale\u017cno\u015bci od aktywno\u015bci korzystania z karty. Sprawd\u017a zanim podpiszesz umow\u0119.<\/p>\n<h3>Jak sp\u0142aci\u0107 kart\u0119 kredytow\u0105 w Banku Pocztowym?<\/h3>\n<p>W zale\u017cno\u015bci od dokonanego wyboru bank automatycznie potr\u0105ci minimaln\u0105 kwot\u0119 z konta lub ca\u0142kowit\u0105 kwot\u0119 zad\u0142u\u017cenia, je\u015bli na koncie s\u0105 wystarczaj\u0105ce \u015brodki. Ewentualnie mo\u017cesz dokona\u0107 r\u0119cznej sp\u0142aty karty loguj\u0105c si\u0119 na swoje konto w serwisie Pocztowy24.<\/p>\n<h3>Jak zrezygnowa\u0107 z karty kredytowej w Banku Pocztowym?<\/h3>\n<p>Aby zrezygnowa\u0107 z karty kredytowej w Banku Pocztowym, najpierw ca\u0142kowicie sp\u0142a\u0107 zad\u0142u\u017cenie. Nast\u0119pnie z\u0142\u00f3\u017c rezygnacj\u0119 kontaktuj\u0105c si\u0119 z infolini\u0105 lub odwiedzaj\u0105c plac\u00f3wk\u0119 banku. Umowa zostanie rozwi\u0105zana po okresie wypowiedzenia, a z konta zostan\u0105 potr\u0105cone op\u0142aty za ostatni okres korzystania z karty.<\/p>\n<h2>Pytania i odpowiedzi &#8211; cz\u0119sto zadawane pytania<\/h2>\n<h3>Co to jest okres bezodsetkowy w przypadku karty kredytowej?<\/h3>\n<p>Okres bezodsetkowy to czas, w kt\u00f3rym mo\u017cna sp\u0142aci\u0107 wykorzystane \u015brodki na karcie kredytowej bez naliczania odsetek. W Banku Pocztowym okres ten trwa maksymalnie 55 dni od daty u\u017cycia karty (31-dniowy okres rozliczeniowy + 24 dni rzeczywistego okresu bezodsetkowego). Aby nie p\u0142aci\u0107 odsetek od wykorzystanej kwoty, nale\u017cy ca\u0142kowicie sp\u0142aci\u0107 zad\u0142u\u017cenie przed ko\u0144cem okresu bezodsetkowego.<\/p>\n<h3>Czy mo\u017cna wyrobi\u0107 kart\u0119 kredytow\u0105 dla osoby niepe\u0142noletniej w Banku Pocztowym?<\/h3>\n<p>Nie, karty kredytowe w Banku Pocztowym s\u0105 dost\u0119pne tylko dla os\u00f3b pe\u0142noletnich. Dzieci mog\u0105 posiada\u0107 jedynie karty debetowe, kt\u00f3re umo\u017cliwiaj\u0105 korzystanie ze \u015brodk\u00f3w zgromadzonych na koncie.<\/p>\n<h3>Co decyduje o wysoko\u015bci limitu na karcie kredytowej w Banku Pocztowym?<\/h3>\n<p>Wysoko\u015b\u0107 limitu na karcie kredytowej w Banku Pocztowym zale\u017cy od Twojej zdolno\u015bci kredytowej oraz kwoty okre\u015blonej we wniosku o kart\u0119 kredytow\u0105. W praktyce nie jest trudno uzyska\u0107 maksymalny limit w Banku Pocztowym, poniewa\u017c wynosi on jedynie 20 000 z\u0142.<\/p>\n<h3>Karta debetowa a karta kredytowa: kt\u00f3r\u0105 wybra\u0107?<\/h3>\n<p>Mo\u017cesz korzysta\u0107 z obu kart jednocze\u015bnie. Karta debetowa i karta kredytowa to r\u00f3\u017cne produkty bankowe, chocia\u017c wygl\u0105daj\u0105 podobnie. Karta debetowa pozwala na wydawanie \u015brodk\u00f3w zgromadzonych na koncie bankowym, natomiast karta kredytowa umo\u017cliwia korzystanie z po\u017cyczonych \u015brodk\u00f3w od banku, kt\u00f3re trzeba p\u00f3\u017aniej sp\u0142aci\u0107. Karty debetowej potrzebujesz zawsze, a kredytowej gdy chcesz po\u017cycza\u0107 pieni\u0105dze od banku.<\/p>\n","protected":false},"excerpt":{"rendered":"<p>W Banku Pocztowym mo\u017cesz wyrobi\u0107 kart\u0119 kredytow\u0105 i po\u017cycza\u0107 pieni\u0105dze od banku w razie potrzeby. Bank oferuje niezb\u0119dne minimum w [&hellip;]<\/p>\n","protected":false},"author":66,"featured_media":0,"parent":933,"menu_order":0,"comment_status":"closed","ping_status":"closed","template":"page_bank_product.php","meta":{"_acf_changed":false,"yasr_overall_rating":0,"yasr_post_is_review":"","yasr_auto_insert_disabled":"","yasr_review_type":"","footnotes":""},"class_list":["post-10416","page","type-page","status-publish","hentry"],"acf":[],"yoast_head":"<!-- This site is optimized with the Yoast SEO plugin v27.1.1 - https:\/\/yoast.com\/product\/yoast-seo-wordpress\/ -->\n<title>Karty kredytowe w Banku Pocztowym | Por\u00f3wnywarka finansowa Rankomat<\/title>\n<meta name=\"robots\" content=\"index, follow, max-snippet:-1, max-image-preview:large, max-video-preview:-1\" \/>\n<link rel=\"canonical\" href=\"https:\/\/rankomat.pl\/finanse\/banki\/bank-pocztowy\/karty-kredytowe\/\" \/>\n<meta property=\"og:locale\" content=\"pl_PL\" \/>\n<meta property=\"og:type\" content=\"article\" \/>\n<meta property=\"og:title\" content=\"Karty kredytowe w Banku Pocztowym | Por\u00f3wnywarka finansowa Rankomat\" \/>\n<meta property=\"og:description\" content=\"W Banku Pocztowym mo\u017cesz wyrobi\u0107 kart\u0119 kredytow\u0105 i po\u017cycza\u0107 pieni\u0105dze od banku w razie potrzeby. Bank oferuje niezb\u0119dne minimum w [&hellip;]\" \/>\n<meta property=\"og:url\" content=\"https:\/\/rankomat.pl\/finanse\/banki\/bank-pocztowy\/karty-kredytowe\/\" \/>\n<meta property=\"og:site_name\" content=\"Por\u00f3wnywarka finansowa Rankomat\" \/>\n<meta property=\"article:publisher\" content=\"https:\/\/www.facebook.com\/rankomatpl\/\" \/>\n<meta property=\"og:image\" content=\"https:\/\/rankomat.pl\/finanse\/wp-content\/uploads\/2021\/03\/rankomat-star-og.png\" \/>\n\t<meta property=\"og:image:width\" content=\"480\" \/>\n\t<meta property=\"og:image:height\" content=\"320\" \/>\n\t<meta property=\"og:image:type\" content=\"image\/png\" \/>\n<meta name=\"twitter:card\" content=\"summary_large_image\" \/>\n<meta name=\"twitter:site\" content=\"@rankomat\" \/>\n<meta name=\"twitter:label1\" content=\"Szacowany czas czytania\" \/>\n\t<meta name=\"twitter:data1\" content=\"4 minuty\" \/>\n<script type=\"application\/ld+json\" class=\"yoast-schema-graph\">{\"@context\":\"https:\/\/schema.org\",\"@graph\":[{\"@type\":\"BreadcrumbList\",\"@id\":\"https:\/\/rankomat.pl\/finanse\/banki\/bank-pocztowy\/karty-kredytowe\/#breadcrumb\",\"itemListElement\":[{\"@type\":\"ListItem\",\"position\":1,\"name\":\"Finanse\",\"item\":\"https:\/\/rankomat.pl\/finanse\/\"},{\"@type\":\"ListItem\",\"position\":2,\"name\":\"Banki\",\"item\":\"https:\/\/rankomat.pl\/finanse\/banki\/\"},{\"@type\":\"ListItem\",\"position\":3,\"name\":\"Bank Pocztowy\",\"item\":\"https:\/\/rankomat.pl\/finanse\/banki\/bank-pocztowy\/\"},{\"@type\":\"ListItem\",\"position\":4,\"name\":\"Karty kredytowe w Banku Pocztowym\"}]}]}<\/script>\n<!-- \/ Yoast SEO plugin. -->","yoast_head_json":{"title":"Karty kredytowe w Banku Pocztowym | Por\u00f3wnywarka finansowa Rankomat","robots":{"index":"index","follow":"follow","max-snippet":"max-snippet:-1","max-image-preview":"max-image-preview:large","max-video-preview":"max-video-preview:-1"},"canonical":"https:\/\/rankomat.pl\/finanse\/banki\/bank-pocztowy\/karty-kredytowe\/","og_locale":"pl_PL","og_type":"article","og_title":"Karty kredytowe w Banku Pocztowym | Por\u00f3wnywarka finansowa Rankomat","og_description":"W Banku Pocztowym mo\u017cesz wyrobi\u0107 kart\u0119 kredytow\u0105 i po\u017cycza\u0107 pieni\u0105dze od banku w razie potrzeby. Bank oferuje niezb\u0119dne minimum w [&hellip;]","og_url":"https:\/\/rankomat.pl\/finanse\/banki\/bank-pocztowy\/karty-kredytowe\/","og_site_name":"Por\u00f3wnywarka finansowa Rankomat","article_publisher":"https:\/\/www.facebook.com\/rankomatpl\/","og_image":[{"width":480,"height":320,"url":"https:\/\/rankomat.pl\/finanse\/wp-content\/uploads\/2021\/03\/rankomat-star-og.png","type":"image\/png"}],"twitter_card":"summary_large_image","twitter_site":"@rankomat","twitter_misc":{"Szacowany czas czytania":"4 minuty"},"schema":{"@context":"https:\/\/schema.org","@graph":[{"@type":"BreadcrumbList","@id":"https:\/\/rankomat.pl\/finanse\/banki\/bank-pocztowy\/karty-kredytowe\/#breadcrumb","itemListElement":[{"@type":"ListItem","position":1,"name":"Finanse","item":"https:\/\/rankomat.pl\/finanse\/"},{"@type":"ListItem","position":2,"name":"Banki","item":"https:\/\/rankomat.pl\/finanse\/banki\/"},{"@type":"ListItem","position":3,"name":"Bank Pocztowy","item":"https:\/\/rankomat.pl\/finanse\/banki\/bank-pocztowy\/"},{"@type":"ListItem","position":4,"name":"Karty kredytowe w Banku Pocztowym"}]}]}},"yasr_visitor_votes":{"stars_attributes":{"read_only":false,"span_bottom":false},"number_of_votes":0,"sum_votes":0},"_links":{"self":[{"href":"https:\/\/rankomat.pl\/finanse\/wp-json\/wp\/v2\/pages\/10416","targetHints":{"allow":["GET"]}}],"collection":[{"href":"https:\/\/rankomat.pl\/finanse\/wp-json\/wp\/v2\/pages"}],"about":[{"href":"https:\/\/rankomat.pl\/finanse\/wp-json\/wp\/v2\/types\/page"}],"author":[{"embeddable":true,"href":"https:\/\/rankomat.pl\/finanse\/wp-json\/wp\/v2\/users\/66"}],"replies":[{"embeddable":true,"href":"https:\/\/rankomat.pl\/finanse\/wp-json\/wp\/v2\/comments?post=10416"}],"version-history":[{"count":0,"href":"https:\/\/rankomat.pl\/finanse\/wp-json\/wp\/v2\/pages\/10416\/revisions"}],"up":[{"embeddable":true,"href":"https:\/\/rankomat.pl\/finanse\/wp-json\/wp\/v2\/pages\/933"}],"wp:attachment":[{"href":"https:\/\/rankomat.pl\/finanse\/wp-json\/wp\/v2\/media?parent=10416"}],"curies":[{"name":"wp","href":"https:\/\/api.w.org\/{rel}","templated":true}]}}