{"id":10418,"date":"2024-08-01T20:20:06","date_gmt":"2024-08-01T18:20:06","guid":{"rendered":"https:\/\/rankomat.pl\/finanse\/?page_id=10418"},"modified":"2024-08-01T20:20:56","modified_gmt":"2024-08-01T18:20:56","slug":"lokaty-oszczednosciowe","status":"publish","type":"page","link":"https:\/\/rankomat.pl\/finanse\/banki\/nest-bank\/lokaty-oszczednosciowe\/","title":{"rendered":"Lokaty oszcz\u0119dno\u015bciowe w Nest Banku"},"content":{"rendered":"<p><strong>W Nest Banku za\u0142o\u017cysz zr\u00f3\u017cnicowane lokaty kapita\u0142owe i konta oszcz\u0119dno\u015bciowe. Wyb\u00f3r jest spory, a Nest Bank cz\u0119sto oferuje rozwi\u0105zania promocyjne. Opr\u00f3cz lokat znajdziesz w ofercie banku tak\u017ce kilka kont oszcz\u0119dno\u015bciowych i produkt\u00f3w inwestycyjnych.<\/strong><\/p>\n<h2><!--more--><br \/>\nJakie lokaty terminowe dost\u0119pne s\u0105 w Nest Banku?<\/h2>\n<p>Nest Banku oferuje kilka elastycznych ofert lokat i kont oszcz\u0119dno\u015bciowych. Dost\u0119pne propozycje prezentuj\u0105 si\u0119 nast\u0119puj\u0105co (stan na 02.07.2024 r.)<\/p>\n<h3>Nest Lokata<\/h3>\n<p>Standardowa lokata kapita\u0142owa, kt\u00f3r\u0105 mo\u017cesz za\u0142o\u017cy\u0107 zawsze gdy wyczerpiesz opcje promocyjne. Prosta i bardzo elastyczna.<\/p>\n<ul>\n<li><strong>Kwota:<\/strong> Od 1 000 z\u0142 w g\u00f3r\u0119, maksimum nieokre\u015blone.<\/li>\n<li><strong>Waluta, w jakiej mo\u017cesz za\u0142o\u017cy\u0107 lokat\u0119:<\/strong> Z\u0142oty polski.<\/li>\n<li><strong>Promocje:<\/strong> To standardowa oferta, ale w zale\u017cno\u015bci od okresu na jaki j\u0105 za\u0142o\u017cysz, uzyskasz r\u00f3\u017cne oprocentowania.<\/li>\n<li><strong>Okres, na jaki mo\u017cesz za\u0142o\u017cy\u0107 lokat\u0119:<\/strong> Wy\u0142\u0105cznie na 3 lub 6 miesi\u0119cy.<\/li>\n<li><strong>Oprocentowanie:<\/strong> Od 7 dni, a\u017c po 24 miesi\u0105ce.<\/li>\n<li><strong>Wymagania:<\/strong> Ka\u017cdy klient maj\u0105cy konto w Nest banku mo\u017ce j\u0105 za\u0142o\u017cy\u0107.<\/li>\n<\/ul>\n<h3>Nest Lokata Witaj w Nest Banku<\/h3>\n<p>Lokata kapita\u0142owa przeznaczona wy\u0142\u0105cznie dla nowych klient\u00f3w banku. Silnie ograniczona kwotowo, ale bardzo atrakcyjna ze wzgl\u0119du na wysokie oprocentowanie<\/p>\n<ul>\n<li><strong>Kwota:<\/strong> Od 1 000 z\u0142 do 25 000 z\u0142.<\/li>\n<li><strong>Waluta, w jakiej mo\u017cesz za\u0142o\u017cy\u0107 lokat\u0119:<\/strong> Z\u0142oty polski.<\/li>\n<li><strong>Promocje:<\/strong> To jest oferta promocyjna korzystaj\u0105ca z bardzo wysokiego oprocentowania.<\/li>\n<li><strong>Okres, na jaki mo\u017cesz za\u0142o\u017cy\u0107 lokat\u0119:<\/strong> Wy\u0142\u0105cznie na 3 lub 6 miesi\u0119cy.<\/li>\n<li><strong>Oprocentowanie:<\/strong> Sta\u0142e w czasie trwania lokaty.<\/li>\n<li><strong>Wymagania:<\/strong> Mo\u017cna j\u0105 za\u0142o\u017cy\u0107 jedynie w ci\u0105gu 30 dni od otwarcia konta w Nest Banku.<\/li>\n<\/ul>\n<h3>Nest Lokata na nowe \u015brodki w Nest Banku<\/h3>\n<p>Lokata kapita\u0142owa, kt\u00f3r\u0105 mo\u017cesz za\u0142o\u017cy\u0107 tylko je\u015bli przelejesz do Nest Banku nowe \u015brodki. Mog\u0105 j\u0105 za\u0142o\u017cy\u0107 zar\u00f3wno stali klienci, jak i osoby zak\u0142adaj\u0105ce dopiero konta w Nest Banku<\/p>\n<ul>\n<li><strong>Kwota:<\/strong> Od 1 000 z\u0142 do 2 000 000 z\u0142.<\/li>\n<li><strong>Waluta, w jakiej mo\u017cesz za\u0142o\u017cy\u0107 lokat\u0119:<\/strong> Z\u0142oty polski.<\/li>\n<li><strong>Promocje:<\/strong> To raczej standardowy produkt, cho\u0107 mo\u017ce by\u0107 bardziej atrakcyjny od zwyk\u0142ych lokat.<\/li>\n<li><strong>Okres, na jaki mo\u017cesz za\u0142o\u017cy\u0107 lokat\u0119:<\/strong> Od 3 do 24 miesi\u0119cy, czyli maksymalnie na 2 lata.<\/li>\n<li><strong>Oprocentowanie:<\/strong> Sta\u0142e w skali roku.<\/li>\n<li><strong>Wymagania:<\/strong> \u015arodki wp\u0142acone na lokat\u0119 nie mog\u0142yby wcze\u015bniej przechowywane w Nest Banku.<\/li>\n<\/ul>\n<h3>Nest Lokata Lojalna w Nest Banku<\/h3>\n<p>Lokata kapita\u0142owa przeznaczona wy\u0142\u0105cznie dla sta\u0142ych klient\u00f3w banku. Produkt wyj\u0105tkowy na polskim rynku bankowym, gdzie nowy klient zawsze uzyskuje lepsze warunki od starego. Oprocentowanie na dzie\u0144 02.07.2024 jest bardzo zbli\u017cone do lokaty na nowe \u015brodki.<\/p>\n<ul>\n<li><strong>Kwota:<\/strong> Od 1 000 z\u0142 do 2 000 000 z\u0142.<\/li>\n<li><strong>Waluta, w jakiej mo\u017cesz za\u0142o\u017cy\u0107 lokat\u0119:<\/strong> Z\u0142oty polski.<\/li>\n<li><strong>Promocje:<\/strong> Poprawione warunki dla sta\u0142ych klient\u00f3w Nest Banku<\/li>\n<li><strong>Okres, na jaki mo\u017cesz za\u0142o\u017cy\u0107 lokat\u0119:<\/strong> Od 3 do 24 miesi\u0119cy, czyli maksymalnie na 2 lata.<\/li>\n<li><strong>Oprocentowanie:<\/strong> Sta\u0142e w skali roku.<\/li>\n<\/ul>\n<h3>Nest konto oszcz\u0119dno\u015bciowe w Nest Banku<\/h3>\n<p>Standardowe konto oszcz\u0119dno\u015bciowe dost\u0119pne jako produkt dla wszystkich klient\u00f3w Nest Banku. Oto jego podstawowe parametry:<\/p>\n<ul>\n<li><strong>Kwota:<\/strong> Dowolna &#8211; to standardowy produkt tego banku.<\/li>\n<li><strong>Waluta, w jakiej mo\u017cesz otworzy\u0107 konto:<\/strong> Z\u0142oty polski.<\/li>\n<li><strong>Promocje:<\/strong> Kwota do 100 000 z\u0142 korzysta z promocyjnego oprocentowania przez maksymalnie 90 dni w skali roku.<\/li>\n<li><strong>Oprocentowanie:<\/strong> Promocyjne przy aktywnym korzystaniu z konta przez pierwsze 90 dni, potem znacznie s\u0142absze.<\/li>\n<\/ul>\n<h3>Nest konto oszcz\u0119dno\u015bciowe w EUR w Nest Banku<\/h3>\n<p>Konto oszcz\u0119dno\u015bciowe, kt\u00f3re pozwala gromadzi\u0107 oszcz\u0119dno\u015bci w euro. Oprocentowane znacznie ni\u017cej od z\u0142ot\u00f3wkowego. Oto jego podstawowe parametry:<\/p>\n<ul>\n<li><strong>Kwota:<\/strong> Dowolna &#8211; to standardowy produkt tego banku.<\/li>\n<li><strong>Waluta, w jakiej mo\u017cesz otworzy\u0107 konto:<\/strong> Wy\u0142\u0105cznie euro.<\/li>\n<li><strong>Promocje:<\/strong> Kwota do 200 000 euro korzysta z promocyjnego oprocentowania przez maksymalnie 1200 dni w skali roku.<\/li>\n<li><strong>Oprocentowanie:<\/strong> Promocyjne przy aktywnym korzystaniu z konta przez pierwsze 120 dni, potem znacznie s\u0142absze.<\/li>\n<\/ul>\n<div class=\"expert-opinion-box attention  \">\n    <div class=\"box-title attention-title-box\">\n                    <h3 class=\"title attention-title\">Uwaga!<\/h3>\n            <\/div>\n    <div class=\"opinion\">\n            R\u00f3\u017cnica oprocentowania mi\u0119dzy kontem z\u0142ot\u00f3wkowym i w euro jest znacz\u0105ca.                <\/div>\n    <div class=\"expert-info\">\n                <div>\n            <span class=\"expert-name\"><\/span>\n                    <\/div>\n    <\/div>\n<\/div>\n\n\n<h2>Jak otworzy\u0107 lokat\u0119 terminow\u0105 w Nest Banku?<\/h2>\n<p>Wystarczy, \u017ce zalogujesz si\u0119 do swojego konta przez aplikacj\u0119 mobiln\u0105 Nest Bank lub stron\u0119 internetow\u0105 banku. Potem musisz wybra\u0107 opcj\u0119 zak\u0142adania lokaty, ustawi\u0107 parametry i zatwierdzi\u0107 transakcj\u0119. \u015arodki zostan\u0105 przekazane na rachunek lokaty zgodnie z wybranymi warunkami, a po up\u0142ywie terminu lokaty pieni\u0105dze wr\u00f3c\u0105 na konto, z kt\u00f3rego zosta\u0142y pobrane. Bank preferuje zak\u0142adanie lokat online.<\/p>\n<h2>Jakie jest oprocentowanie lokat terminowych w Nest Banku?<\/h2>\n<p>Oprocentowanie lokat terminowych w Nest Banku bardzo r\u00f3\u017cni si\u0119 w zale\u017cno\u015bci od mo\u017cliwo\u015bci lub braku opcji skorzystania z promocyjnych warunk\u00f3w. W lipcu 2024 roku maksymalne oprocentowanie wynosi\u0142o <strong>nawet 7,1%, ale w wi\u0119kszo\u015bci przypadk\u00f3w oprocentowanie wynosi\u0142o od 4% do 5%<\/strong>. Dla lokat i kont oszcz\u0119dno\u015bciowych zak\u0142adanych w <strong>walutach obcych mog\u0142o to by\u0107 nawet tylko 0% &#8211; 1,5%<\/strong>.<\/p>\n<h2>Kto mo\u017ce za\u0142o\u017cy\u0107 lokat\u0119 terminow\u0105 w Nest Banku?<\/h2>\n<p>Lokaty terminowe w Nest Banku s\u0105 dost\u0119pne dla wszystkich klient\u00f3w posiadaj\u0105cych aktywne konto w banku. Wymagana jest pe\u0142na zdolno\u015b\u0107 do czynno\u015bci prawnych, wi\u0119c ka\u017cda doros\u0142a osoba mo\u017ce za\u0142o\u017cy\u0107 lokat\u0119.<\/p>\n<p>Nie ma dodatkowych wymaga\u0144 dotycz\u0105cych historii kredytowej czy dochod\u00f3w. Posiadanie konta w Nest Banku jest konieczne, ale jego za\u0142o\u017cenie jest proste i bezp\u0142atne.<\/p>\n<h2>Czy mo\u017cna za\u0142o\u017cy\u0107 lokat\u0119 bez konta osobistego w Nest Banku?<\/h2>\n<p>Nie, aby otworzy\u0107 lokat\u0119 terminow\u0105 w Nest Banku, trzeba mie\u0107 aktywne konto osobiste w tym banku. Wiele bank\u00f3w wymaga spe\u0142nienia podobnego warunku.<\/p>\n<h2>Jakie s\u0105 konsekwencje zerwania lokaty przed czasem w Nest Banku?<\/h2>\n<p>Z konta oszcz\u0119dno\u015bciowego mo\u017cna wyp\u0142aci\u0107 pieni\u0105dze w ka\u017cdej chwili bez \u017cadnych konsekwencji. Zerwanie lokaty przed terminem zazwyczaj skutkuje utrat\u0105 naliczonych odsetek, a zwr\u00f3cona zostaje tylko wp\u0142acona kwota. Warunki mog\u0105 si\u0119 r\u00f3\u017cni\u0107 w zale\u017cno\u015bci od konkretnej lokaty, dlatego warto zapozna\u0107 si\u0119 z nimi przed jej otwarciem.<\/p>\n<h2>Ile kosztuje za\u0142o\u017cenie lokaty terminowej w Nest Banku?<\/h2>\n<p>Samo za\u0142o\u017cenie lokaty jest bezp\u0142atne. Skoro po\u017cyczasz pieni\u0105dze bankowi, to bank p\u0142aci odsetki Tobie, a nie odwrotnie. Za to w momencie zwrotu \u015brodk\u00f3w zap\u0142acisz podatek Belki wynosz\u0105cy 19% zysk\u00f3w z lokaty &#8211; o tyle zostan\u0105 pomniejszone wypracowane odsetki.<\/p>\n<h2>FAQ &#8211; najcz\u0119\u015bciej zadawane pytania<\/h2>\n<h3>Kiedy lepsza jest lokata, a kiedy konto oszcz\u0119dno\u015bciowe?<\/h3>\n<p>Konta oszcz\u0119dno\u015bciowe najcz\u0119\u015bciej maj\u0105 miesi\u0119czn\u0105 kapitalizacj\u0119 odsetek, a lokaty po ca\u0142ym okresie obowi\u0105zywania lub po roku. Oba rozwi\u0105zania mog\u0105 korzysta\u0107 z okazjonalnych promocji i limitowanych ofert specjalnych.<\/p>\n<p><strong>Lokata zazwyczaj oferuje wy\u017csze oprocentowanie<\/strong> ni\u017c konto oszcz\u0119dno\u015bciowe, ale <strong>konto oszcz\u0119dno\u015bciowe zapewnia \u0142atwiejszy dost\u0119p do \u015brodk\u00f3w<\/strong> bez ryzyka utraty wypracowanych odsetek w przypadku przedterminowej wyp\u0142aty. Warto rozwa\u017cy\u0107 oba rozwi\u0105zania, zale\u017cnie od indywidualnych potrzeb i preferencji finansowych.<\/p>\n<p>W przypadku Nest Banku op\u0142acalne mo\u017ce by\u0107 otwarcie obu produkt\u00f3w, by mo\u017cliwie najlepiej wykorzysta\u0107 promocyjne warunki.<\/p>\n<h3>Czy zyski z lokaty s\u0105 opodatkowane?<\/h3>\n<p>Tak, odsetki z lokaty s\u0105 opodatkowane podatkiem od zysk\u00f3w kapita\u0142owych, zwanym podatkiem Belki, kt\u00f3ry wynosi 19%. Bank pobiera ten podatek w imieniu klienta, a odsetki s\u0105 wyp\u0142acane na rachunek ju\u017c po jego potr\u0105ceniu.<\/p>\n<h3>Na czym polega kapitalizacja odsetek przy lokacie bankowej?<\/h3>\n<p>Kapitalizacja odsetek polega na dodaniu wypracowanych odsetek do kapita\u0142u lokaty. Zazwyczaj nast\u0119puje to po zako\u0144czeniu okresu lokaty, czyli na ko\u0144cu roku rozliczeniowego lub w innym okre\u015blonym terminie.<\/p>\n<h3>Czy lokaty w Nest Banku s\u0105 bezpieczne?<\/h3>\n<p>Tak, \u015brodki zdeponowane na lokatach w Nest Banku s\u0105 chronione przez Bankowy Fundusz Gwarancyjny. Fundusz gwarantuje zwrot \u015brodk\u00f3w w przypadku bankructwa banku do r\u00f3wnowarto\u015bci 100 000 euro, co zapewnia bezpiecze\u0144stwo oszcz\u0119dno\u015bci.<\/p>\n<h3>Czy Nest Bank oferuje promocyjne warunki lokat?<\/h3>\n<p>Tak, Nest Bank regularnie oferuje promocyjne warunki lokat, ale tylko do kwoty 100 000 z\u0142. Oferuje te\u017c promocje, gdy oszcz\u0119dzasz w euro, do kwoty 200 000 euro. Promocje dotycz\u0105 aktywnych u\u017cytkownik\u00f3w kont bankowych w Nest Banku.<\/p>\n","protected":false},"excerpt":{"rendered":"<p>W Nest Banku za\u0142o\u017cysz zr\u00f3\u017cnicowane lokaty kapita\u0142owe i konta oszcz\u0119dno\u015bciowe. Wyb\u00f3r jest spory, a Nest Bank cz\u0119sto oferuje rozwi\u0105zania promocyjne. [&hellip;]<\/p>\n","protected":false},"author":32,"featured_media":0,"parent":911,"menu_order":0,"comment_status":"closed","ping_status":"closed","template":"page_bank_product.php","meta":{"_acf_changed":false,"yasr_overall_rating":0,"yasr_post_is_review":"","yasr_auto_insert_disabled":"","yasr_review_type":"","footnotes":""},"class_list":["post-10418","page","type-page","status-publish","hentry"],"acf":[],"yoast_head":"<!-- This site is optimized with the Yoast SEO plugin v27.1.1 - https:\/\/yoast.com\/product\/yoast-seo-wordpress\/ -->\n<title>Lokaty oszcz\u0119dno\u015bciowe w Nest Banku - sprawd\u017a oferty bankowe | Por\u00f3wnywarka finansowa Rankomat<\/title>\n<meta name=\"robots\" content=\"index, follow, max-snippet:-1, max-image-preview:large, max-video-preview:-1\" \/>\n<link rel=\"canonical\" href=\"https:\/\/rankomat.pl\/finanse\/banki\/nest-bank\/lokaty-oszczednosciowe\/\" \/>\n<meta property=\"og:locale\" content=\"pl_PL\" \/>\n<meta property=\"og:type\" content=\"article\" \/>\n<meta property=\"og:title\" content=\"Lokaty oszcz\u0119dno\u015bciowe w Nest Banku - sprawd\u017a {{count_bank_0}} | Por\u00f3wnywarka finansowa Rankomat\" \/>\n<meta property=\"og:description\" content=\"W Nest Banku za\u0142o\u017cysz zr\u00f3\u017cnicowane lokaty kapita\u0142owe i konta oszcz\u0119dno\u015bciowe. Wyb\u00f3r jest spory, a Nest Bank cz\u0119sto oferuje rozwi\u0105zania promocyjne. [&hellip;]\" \/>\n<meta property=\"og:url\" content=\"https:\/\/rankomat.pl\/finanse\/banki\/nest-bank\/lokaty-oszczednosciowe\/\" \/>\n<meta property=\"og:site_name\" content=\"Por\u00f3wnywarka finansowa Rankomat\" \/>\n<meta property=\"article:publisher\" content=\"https:\/\/www.facebook.com\/rankomatpl\/\" \/>\n<meta property=\"article:modified_time\" content=\"2024-08-01T18:20:56+00:00\" \/>\n<meta property=\"og:image\" content=\"https:\/\/rankomat.pl\/finanse\/wp-content\/uploads\/2021\/03\/rankomat-star-og.png\" \/>\n\t<meta property=\"og:image:width\" content=\"480\" \/>\n\t<meta property=\"og:image:height\" content=\"320\" \/>\n\t<meta property=\"og:image:type\" content=\"image\/png\" \/>\n<meta name=\"twitter:card\" content=\"summary_large_image\" \/>\n<meta name=\"twitter:site\" content=\"@rankomat\" \/>\n<meta name=\"twitter:label1\" content=\"Szacowany czas czytania\" \/>\n\t<meta name=\"twitter:data1\" content=\"7 minut\" \/>\n<script type=\"application\/ld+json\" class=\"yoast-schema-graph\">{\"@context\":\"https:\/\/schema.org\",\"@graph\":[{\"@type\":\"BreadcrumbList\",\"@id\":\"https:\/\/rankomat.pl\/finanse\/banki\/nest-bank\/lokaty-oszczednosciowe\/#breadcrumb\",\"itemListElement\":[{\"@type\":\"ListItem\",\"position\":1,\"name\":\"Finanse\",\"item\":\"https:\/\/rankomat.pl\/finanse\/\"},{\"@type\":\"ListItem\",\"position\":2,\"name\":\"Banki\",\"item\":\"https:\/\/rankomat.pl\/finanse\/banki\/\"},{\"@type\":\"ListItem\",\"position\":3,\"name\":\"Nest Bank\",\"item\":\"https:\/\/rankomat.pl\/finanse\/banki\/nest-bank\/\"},{\"@type\":\"ListItem\",\"position\":4,\"name\":\"Lokaty oszcz\u0119dno\u015bciowe w Nest Banku\"}]}]}<\/script>\n<!-- \/ Yoast SEO plugin. -->","yoast_head_json":{"title":"Lokaty oszcz\u0119dno\u015bciowe w Nest Banku - sprawd\u017a oferty bankowe | Por\u00f3wnywarka finansowa Rankomat","robots":{"index":"index","follow":"follow","max-snippet":"max-snippet:-1","max-image-preview":"max-image-preview:large","max-video-preview":"max-video-preview:-1"},"canonical":"https:\/\/rankomat.pl\/finanse\/banki\/nest-bank\/lokaty-oszczednosciowe\/","og_locale":"pl_PL","og_type":"article","og_title":"Lokaty oszcz\u0119dno\u015bciowe w Nest Banku - sprawd\u017a {{count_bank_0}} | Por\u00f3wnywarka finansowa Rankomat","og_description":"W Nest Banku za\u0142o\u017cysz zr\u00f3\u017cnicowane lokaty kapita\u0142owe i konta oszcz\u0119dno\u015bciowe. Wyb\u00f3r jest spory, a Nest Bank cz\u0119sto oferuje rozwi\u0105zania promocyjne. [&hellip;]","og_url":"https:\/\/rankomat.pl\/finanse\/banki\/nest-bank\/lokaty-oszczednosciowe\/","og_site_name":"Por\u00f3wnywarka finansowa Rankomat","article_publisher":"https:\/\/www.facebook.com\/rankomatpl\/","article_modified_time":"2024-08-01T18:20:56+00:00","og_image":[{"width":480,"height":320,"url":"https:\/\/rankomat.pl\/finanse\/wp-content\/uploads\/2021\/03\/rankomat-star-og.png","type":"image\/png"}],"twitter_card":"summary_large_image","twitter_site":"@rankomat","twitter_misc":{"Szacowany czas czytania":"7 minut"},"schema":{"@context":"https:\/\/schema.org","@graph":[{"@type":"BreadcrumbList","@id":"https:\/\/rankomat.pl\/finanse\/banki\/nest-bank\/lokaty-oszczednosciowe\/#breadcrumb","itemListElement":[{"@type":"ListItem","position":1,"name":"Finanse","item":"https:\/\/rankomat.pl\/finanse\/"},{"@type":"ListItem","position":2,"name":"Banki","item":"https:\/\/rankomat.pl\/finanse\/banki\/"},{"@type":"ListItem","position":3,"name":"Nest Bank","item":"https:\/\/rankomat.pl\/finanse\/banki\/nest-bank\/"},{"@type":"ListItem","position":4,"name":"Lokaty oszcz\u0119dno\u015bciowe w Nest Banku"}]}]}},"yasr_visitor_votes":{"stars_attributes":{"read_only":false,"span_bottom":false},"number_of_votes":0,"sum_votes":0},"_links":{"self":[{"href":"https:\/\/rankomat.pl\/finanse\/wp-json\/wp\/v2\/pages\/10418","targetHints":{"allow":["GET"]}}],"collection":[{"href":"https:\/\/rankomat.pl\/finanse\/wp-json\/wp\/v2\/pages"}],"about":[{"href":"https:\/\/rankomat.pl\/finanse\/wp-json\/wp\/v2\/types\/page"}],"author":[{"embeddable":true,"href":"https:\/\/rankomat.pl\/finanse\/wp-json\/wp\/v2\/users\/32"}],"replies":[{"embeddable":true,"href":"https:\/\/rankomat.pl\/finanse\/wp-json\/wp\/v2\/comments?post=10418"}],"version-history":[{"count":0,"href":"https:\/\/rankomat.pl\/finanse\/wp-json\/wp\/v2\/pages\/10418\/revisions"}],"up":[{"embeddable":true,"href":"https:\/\/rankomat.pl\/finanse\/wp-json\/wp\/v2\/pages\/911"}],"wp:attachment":[{"href":"https:\/\/rankomat.pl\/finanse\/wp-json\/wp\/v2\/media?parent=10418"}],"curies":[{"name":"wp","href":"https:\/\/api.w.org\/{rel}","templated":true}]}}