{"id":10423,"date":"2024-08-02T10:53:06","date_gmt":"2024-08-02T08:53:06","guid":{"rendered":"https:\/\/rankomat.pl\/finanse\/?page_id=10423"},"modified":"2024-08-02T11:56:20","modified_gmt":"2024-08-02T09:56:20","slug":"kredyty-gotowkowe","status":"publish","type":"page","link":"https:\/\/rankomat.pl\/finanse\/banki\/volkswagen-bank-polska\/kredyty-gotowkowe\/","title":{"rendered":"Kredyty got\u00f3wkowe w Volkswagen Banku"},"content":{"rendered":"<p><strong>Volkswagen Bank\u00a0 GMBH (Odzia\u0142 w Polsce, wyst\u0119puje pod mark\u0105 Volkswagen Financial Services Polska) pozwala Ci zaci\u0105gn\u0105\u0107 kredyty got\u00f3wkowe, nawet zupe\u0142nie niezwi\u0105zane z motoryzacj\u0105. W ofercie znajdziesz kilka kredyt\u00f3w got\u00f3wkowych i celowych, kt\u00f3re s\u0105 bardzo zbli\u017cone do tych z oferty bardziej tradycyjnych bank\u00f3w.<\/strong><\/p>\n<h2><!--more--><br \/>\nJakie kredyty got\u00f3wkowe s\u0105 dost\u0119pne w Volkswagen Banku?<\/h2>\n<p>Na dzie\u0144 08.07.2024 Volkswagen Financial Sevices Polska oferuje kilka produkt\u00f3w kredytowych mieszcz\u0105cych si\u0119 w kategorii kredytu got\u00f3wkowego. S\u0105 one por\u00f3wnywalne z kredytami innych bank\u00f3w dzia\u0142aj\u0105cych na polskim rynku pod wzgl\u0119dem oprocentowania i warunk\u00f3w sp\u0142aty. Nale\u017c\u0105 do nich przede wszystkim poni\u017csze pozycje.<\/p>\n<h3>Kredyt plus \/ Kredyt konsumencki<\/h3>\n<p>Najbardziej typowy produkt kredytowy, przeznaczony dla szerokiego grona odbiorc\u00f3w. W ramach tego produktu mo\u017cesz po\u017cyczy\u0107 maksymalnie do 100 000 z\u0142. Co ciekawe, ten sam kredyt mo\u017cesz zaci\u0105gn\u0105\u0107, gdy chcesz skonsolidowa\u0107 zad\u0142u\u017cenie.<\/p>\n<ul>\n<li><strong>Kwota kredytu:<\/strong> Maksymalnie do 100 000 z\u0142.<\/li>\n<li><strong>Cel:<\/strong> Na dowolny cel, lub na sp\u0142at\u0119 innych kredyt\u00f3w.<\/li>\n<li><strong>Okres sp\u0142aty:<\/strong> Od 3 do 84 miesi\u0119cy, czyli 7 lat.<\/li>\n<li><strong>Wa\u017cne informacje:<\/strong> O kredyt wnioskujesz online, ale umow\u0119 trzeba zam\u00f3wi\u0107 kurierem lub podpisa\u0107 w oddziale.<\/li>\n<\/ul>\n<h3>Kredyt got\u00f3wkowy na elektromobilno\u015b\u0107<\/h3>\n<p>Szeroko poj\u0119ty kredyt celowy, kt\u00f3ry mo\u017cesz przeznaczy\u0107 zar\u00f3wno na zakup pojazdu elektrycznego, nawet takiego jak e-bike, jak te\u017c panele fotowoltaiczne czy usprawnienie energetyczne budynku. W dodatku bank wprost informuje, \u017ce nie wymaga udokumentowania zakup\u00f3w.<\/p>\n<ul>\n<li><strong>Kwota kredytu:<\/strong> Maksymalnie do 15 000 z\u0142.<\/li>\n<li><strong>Cel:<\/strong> Teoretycznie na elektromobilno\u015b\u0107, w praktyce na dowolny cel.<\/li>\n<li><strong>Okres sp\u0142aty:<\/strong> Od 3 do 84 miesi\u0119cy, czyli 7 lat.<\/li>\n<li><strong>Wa\u017cne informacje:<\/strong> O kredyt wnioskujesz online, ale umow\u0119 trzeba zam\u00f3wi\u0107 kurierem lub podpisa\u0107 w oddziale.<\/li>\n<\/ul>\n<h3>Kredyt na finansowanie zakup\u00f3w w salonie<\/h3>\n<p>Niewielki kwotowo kredyt na wyposa\u017cenie samochodu, je\u015bli kupujesz je w salonie lub naprawy i usprawnienia w odpowiednim serwisie. W praktyce dzia\u0142a jak roz\u0142o\u017cenie p\u0142atno\u015bci na zakupy na raty.<\/p>\n<ul>\n<li><strong>Kwota kredytu:<\/strong> Maksymalnie do 15 000 z\u0142 z oprocentowaniem sta\u0142ym, do 50 000 z oprocentowaniem zmiennym.<\/li>\n<li><strong>Cel:<\/strong> Na akcesoria samochodowe, dodatkowe wyposa\u017cenie auta i us\u0142ugi w ASO.<\/li>\n<li><strong>Okres sp\u0142aty:<\/strong> Do 12 miesi\u0119cy z oprocentowaniem sta\u0142ym, do 84 miesi\u0119cy z oprocentowaniem zmiennym.<\/li>\n<li><strong>Dodatkowe informacje:<\/strong> W praktyce s\u0105 to dwa r\u00f3\u017cne produkty kredytowe: kredyt z oprocentowaniem sta\u0142ym (12 miesi\u0119cy, 15 000 z\u0142) i zmiennym (84 miesi\u0105ce, 50 000 z\u0142).<\/li>\n<\/ul>\n<h3>Kredyt got\u00f3wkowy na finansowanie polisy<\/h3>\n<p>Volkswagen Bank pozwala roz\u0142o\u017cy\u0107 na raty polis\u0119 dla dowolnego pojazdu. W efekcie zamiast zap\u0142aci\u0107 jednorazowo, sp\u0142acasz j\u0105 w 6 lub 12 ratach. Kolejne unikalne rozwi\u0105zanie tego banku, kt\u00f3re nale\u017cy zakwalifikowa\u0107 raczej jako zakupy na raty.<\/p>\n<ul>\n<li><strong>Kwota kredytu:<\/strong> maksymalnie do 15 000 z\u0142.<\/li>\n<li><strong>Cel:<\/strong> Ubezpieczenie komunikacyjne.<\/li>\n<li><strong>Okres sp\u0142aty:<\/strong> Od 6 do 12 miesi\u0119cy.<\/li>\n<li><strong>Dodatkowe informacje:<\/strong> Oprocentowanie wynosi 0%.<\/li>\n<\/ul>\n<h3>Jakie warunki trzeba spe\u0142ni\u0107 wnioskuj\u0105c o kredyt got\u00f3wkowy w Volkswagen Banku?<\/h3>\n<p>Volkswagen Bank Polska udzieli Ci kredytu je\u015bli udowodnisz, \u017ce mo\u017cesz go swobodnie sp\u0142aci\u0107 w terminie. Nie stawia natomiast warunk\u00f3w takich jak posiadanie konta w VFS Polska czy korzystanie z innych us\u0142ug tego banku. Potrzebne b\u0119d\u0105 jedynie:<\/p>\n<p><strong>Zdolno\u015b\u0107 kredytowa<\/strong><\/p>\n<p>Aby m\u00f3c ubiega\u0107 si\u0119 o kredyt got\u00f3wkowy w Volkswagen Bank Polska, konieczne jest posiadanie odpowiedniej zdolno\u015bci kredytowej. Bank ocenia j\u0105, analizuj\u0105c r\u00f3\u017cne czynniki, takie jak historia kredytowa i dochody.<\/p>\n<p>Klienci banku mog\u0105 mie\u0107 zdolno\u015b\u0107 kredytow\u0105 ocenion\u0105 na podstawie analizy ich transakcji finansowych. Warto pami\u0119ta\u0107, \u017ce bank oferuje kilka produkt\u00f3w kredytowych w zakresie do 15 000 z\u0142, wi\u0119c wystarczy minimalna zdolno\u015b\u0107 do sp\u0142aty, by je zaci\u0105gn\u0105\u0107.<\/p>\n<p><strong>Dokumenty<\/strong><\/p>\n<p>Wymagane dokumenty mog\u0105 si\u0119 r\u00f3\u017cni\u0107 w zale\u017cno\u015bci od indywidualnej sytuacji klienta i polityki banku. Zazwyczaj bank wymaga:<\/p>\n<ul>\n<li><strong>Dowodu to\u017csamo\u015bci:<\/strong> Klienci maj\u0105cy konto w Volkswagen Banku Polska mog\u0105 by\u0107 zwolnieni z dostarczania dodatkowych dokument\u00f3w to\u017csamo\u015bci, poniewa\u017c bank ju\u017c posiada te informacje. Osoby spoza banku zazwyczaj musz\u0105 dostarczy\u0107 dokument to\u017csamo\u015bci, taki jak dow\u00f3d osobisty.<\/li>\n<li><strong>Dokument\u00f3w dochodowych:<\/strong> Klienci musz\u0105 udokumentowa\u0107 swoje dochody, co mo\u017ce obejmowa\u0107 wyci\u0105gi bankowe lub inne dokumenty potwierdzaj\u0105ce regularne wp\u0142ywy finansowe na konto.<\/li>\n<li><strong>Potwierdzenia na co zostan\u0105 przeznaczone \u015brodki:<\/strong> Bank oferuje kredyty konsolidacyjne i celowe, w kt\u00f3rych przypadku rozliczenie wydatk\u00f3w jest wymagane. W przypadku niskokwotowych zobowi\u0105za\u0144 bank nie wymaga jednak przedstawienia dokumentacji.<\/li>\n<\/ul>\n<h2>Jak wzi\u0105\u0107 kredyt got\u00f3wkowy w Volkswagen Banku?<\/h2>\n<p>Kredyt got\u00f3wkowy w Volkswagen Bank Polska mo\u017cna zaci\u0105gn\u0105\u0107 online, ale umowy trzeba podpisa\u0107 ju\u017c osobi\u015bcie zamawiaj\u0105c je kurierem.<\/p>\n<ul>\n<li><strong>Aplikacja mobilna Volkswagen Bank PL:<\/strong> Aplikacja pozwala na szybkie i wygodne sk\u0142adanie wniosk\u00f3w o kredyty, a tak\u017ce monitorowanie statusu wniosk\u00f3w oraz zarz\u0105dzanie kredytem po jego przyznaniu.<\/li>\n<li><strong>Serwis transakcyjny VFS Polska:<\/strong> Alternatywnie, mo\u017cesz skorzysta\u0107 z serwisu transakcyjnego Volkswagen Bank Polska dost\u0119pnego na stronie internetowej banku. W serwisie transakcyjnym masz dost\u0119p do szerokiej gamy produkt\u00f3w i us\u0142ug bankowych, w tym mo\u017cliwo\u015bci z\u0142o\u017cenia wniosku o kredyt got\u00f3wkowy. Proces jest intuicyjny, a wszystkie potrzebne informacje s\u0105 dost\u0119pne online.<\/li>\n<li><strong>Infolinia banku:<\/strong> Na pewno mo\u017cesz aplikowa\u0107 o kredyt, dzwoni\u0105c na infolini\u0119 banku, aczkolwiek bank nie preferuje tej metody.<\/li>\n<\/ul>\n<p>Warto pami\u0119ta\u0107, \u017ce niekt\u00f3re produkty kredytowe mog\u0105 mie\u0107 dodatkowe wymaganie, dotycz\u0105ce sposobu komunikacji lub potwierdzenia to\u017csamo\u015bci, ale VFS Polska raczej nie utrudnia kontaktu swoim klientom.<\/p>\n<h2>Jak sp\u0142aci\u0107 kredyt got\u00f3wkowy w Volkswagen Banku?<\/h2>\n<p>Najlepiej sp\u0142acaj kredyt zgodnie z harmonogramem, korzystaj\u0105c ze sprawdzonych metod takich jak:<\/p>\n<ul>\n<li><strong>Automatyczne pobieranie raty:<\/strong> Od klient\u00f3w posiadaj\u0105cych konto w Volkswagen Bank Polska, bank automatycznie pobiera kwot\u0119 raty kredytu w terminie okre\u015blonym w umowie. Wa\u017cne jest, aby na koncie by\u0142y dost\u0119pne \u015brodki na pokrycie raty, co zapewnia terminow\u0105 sp\u0142at\u0119 i brak op\u00f3\u017anie\u0144.<\/li>\n<li><strong>Przelewy bankowe:<\/strong> Klienci mog\u0105 r\u00f3wnie\u017c sp\u0142aca\u0107 kredyt poprzez wykonywanie przelew\u00f3w na wskazane konto bankowe. Bank dostarcza wszystkie niezb\u0119dne informacje, takie jak numer konta oraz termin sp\u0142aty, co umo\u017cliwia kontrolowanie p\u0142atno\u015bci.<\/li>\n<li><strong>Zlecenie sta\u0142e:<\/strong> Warto rozwa\u017cy\u0107 ustanowienie zlecenia sta\u0142ego, kt\u00f3re automatycznie b\u0119dzie regulowa\u0107 raty kredytu z konta klienta w ustalonym terminie. Jest to wygodne rozwi\u0105zanie, kt\u00f3re eliminuje konieczno\u015b\u0107 pami\u0119tania o terminach sp\u0142at i zapewnia regularne regulowanie zobowi\u0105za\u0144.<\/li>\n<\/ul>\n<p>Je\u015bli masz konto w Volkswagen Banku najwygodniej b\u0119dzie Ci zdecydowa\u0107 si\u0119 na automatyczne pobieranie raty.<\/p>\n<h2>Zalety i wady kredytu got\u00f3wkowego w Volkswagen Banku<\/h2>\n<p>Oferta kredytowa w Volkswagen Banku Polska powsta\u0142a na bazie kredyt\u00f3w samochodowych i ma swoj\u0105 specyfik\u0119. Wyr\u00f3\u017cnia j\u0105 kilka zalet i wad, kt\u00f3rych nie maj\u0105 typowe banki powszechne.<\/p>\n<p>Zalety mog\u0105 sprawi\u0107, \u017ce produkty VFS Polska trafi\u0105 w\u0142a\u015bnie w Twoje potrzeby. S\u0105 jednak nieco nietypowe.<\/p>\n<p><strong>Zalety:<\/strong><\/p>\n<ul>\n<li><strong>Uproszczone kredyty do 15 000 z\u0142:<\/strong> W praktyce s\u0105 to zakupy na raty, ale bardzo wygodne i nisko oprocentowane. Je\u015bli potrzebujesz wyposa\u017cy\u0107 samoch\u00f3d, albo kupi\u0107 rower elektryczny, Volkswagen Bank s\u0142u\u017cy pomoc\u0105.<\/li>\n<li><strong>Dost\u0119pne narz\u0119dzia na stronie:<\/strong> Volkswagen Bank Polska udost\u0119pnia na swoich stronach kalkulatory kredytowe, instrukcje post\u0119powania krok-po-kroku i poradniki. Wsp\u00f3\u0142pracuje te\u017c z serwisami i por\u00f3wnywarkami finansowymi.<\/li>\n<li><strong>Bezp\u0142atna wcze\u015bniejsza sp\u0142ata:<\/strong> Klienci Volkswagen Bank Polska maj\u0105 mo\u017cliwo\u015b\u0107 wcze\u015bniejszej sp\u0142aty kredytu got\u00f3wkowego bez ponoszenia dodatkowych op\u0142at. Daje to klientom swobod\u0119 w zarz\u0105dzaniu swoimi finansami i pozwala na redukcj\u0119 koszt\u00f3w kredytu.<\/li>\n<li><strong>Proste i rzetelne informacje na stronie www:<\/strong> W ofercie kredytowej VFS Polska \u0142atwo znajdziesz to czego potrzebujesz.<\/li>\n<\/ul>\n<p><strong>Wady:<\/strong><\/p>\n<p>Zdecydowanie wida\u0107, \u017ce kredyt got\u00f3wkowy nie jest flagowym produktem Volkswagen Banku.<\/p>\n<ul>\n<li><strong>Ograniczenia kwoty i czasu sp\u0142aty:<\/strong> Maksymalnie 100 000 z\u0142, kt\u00f3re mo\u017cna sp\u0142aci\u0107 maksymalnie w 7 lat to znacznie mniej ni\u017c w innych bankach.<\/li>\n<\/ul>\n<p>Kluczowe elementy kredyt\u00f3w takie jak oprocentowanie czy prowizje s\u0105 podobne jak w pozosta\u0142ych bankach, wi\u0119c je\u015bli Twoje potrzeby mieszcz\u0105 si\u0119 w limitach banku, to warto por\u00f3wna\u0107 jego propozycj\u0119 z innymi.<\/p>\n<h2>FAQ &#8211; Najcz\u0119\u015bciej zadawane pytania<\/h2>\n<h3>Czy mo\u017cna nadp\u0142aci\u0107 kredyt got\u00f3wkowy w Volkswagen Banku Polska?<\/h3>\n<p>Tak, w Volkswagen Banku Polska istnieje mo\u017cliwo\u015b\u0107 nadp\u0142acenia lub wcze\u015bniejszej sp\u0142aty kredytu got\u00f3wkowego bez dodatkowych op\u0142at. Klienci mog\u0105 nadp\u0142aca\u0107 kredyt w dowolnym momencie, co pozwala na szybsze zmniejszenie zad\u0142u\u017cenia i obni\u017cenie ca\u0142kowitych koszt\u00f3w kredytu. Dotyczy to wszystkich kredyt\u00f3w got\u00f3wkowych.<\/p>\n<h3>Jakie mo\u017ce by\u0107 oprocentowanie kredytu got\u00f3wkowego w Volkswagen Banku Polska?<\/h3>\n<p>Volkswagen Bank Polska oferuje kredyty z dwoma rodzajami oprocentowania: zmiennym, oraz sta\u0142ym na 12 miesi\u0119cy. Brak oferty kredyt\u00f3w z oprocentowaniem sta\u0142ym w ca\u0142ym okresie kredytowania.<\/p>\n<h3>Na jaki cel mo\u017cna przeznaczy\u0107 kredyt got\u00f3wkowy w Volkswagen Bank Polska?<\/h3>\n<p>Kredyt got\u00f3wkowy w Volkswagen Bank Polska mo\u017cna wykorzysta\u0107 na dowolny cel. Pozosta\u0142e maj\u0105 z g\u00f3ry okre\u015blony cel, taki jak elektromobilno\u015b\u0107 czy konsolidacja zad\u0142u\u017cenia. Bank wprost informuje, \u017ce nie wymaga rozliczenia niskokwotowych kredyt\u00f3w celowych.<\/p>\n<h3>Jaka jest maksymalna kwota kredytu got\u00f3wkowego w Volkswagen Bank Polska?<\/h3>\n<p>Volkswagen Bank Polska oferuje kredyty got\u00f3wkowe do 100 000 z\u0142 dla os\u00f3b fizycznych. Brak oferty kredyt\u00f3w dla firm. Wysoko\u015b\u0107 dost\u0119pnej kwoty kredytu zale\u017cy od zdolno\u015bci kredytowej klienta, jego dochod\u00f3w oraz historii kredytowej. Bank udzieli Ci tylko takiego kredytu, jaki mo\u017cesz sp\u0142aci\u0107 w terminie.<\/p>\n<h3>Jaki jest maksymalny okres sp\u0142aty kredytu got\u00f3wkowego w Volkswagen Bank Polska?<\/h3>\n<p>Maksymalny okres sp\u0142aty kredytu got\u00f3wkowego w Volkswagen Bank Polska wynosi 7 lat dla os\u00f3b fizycznych. Niekt\u00f3re produkty kredytowe s\u0105 ograniczone do 12 miesi\u0119cy. Okres sp\u0142aty mo\u017ce by\u0107 dostosowany do indywidualnych preferencji i mo\u017cliwo\u015bci klienta, jednak wyd\u0142u\u017cenie okresu sp\u0142aty prowadzi do wy\u017cszych koszt\u00f3w kredytu ze wzgl\u0119du na d\u0142u\u017cej naliczane odsetki.<\/p>\n","protected":false},"excerpt":{"rendered":"<p>Volkswagen Bank\u00a0 GMBH (Odzia\u0142 w Polsce, wyst\u0119puje pod mark\u0105 Volkswagen Financial Services Polska) pozwala Ci zaci\u0105gn\u0105\u0107 kredyty got\u00f3wkowe, nawet zupe\u0142nie [&hellip;]<\/p>\n","protected":false},"author":32,"featured_media":0,"parent":928,"menu_order":0,"comment_status":"closed","ping_status":"closed","template":"page_bank_product.php","meta":{"_acf_changed":false,"yasr_overall_rating":0,"yasr_post_is_review":"","yasr_auto_insert_disabled":"","yasr_review_type":"","footnotes":""},"class_list":["post-10423","page","type-page","status-publish","hentry"],"acf":[],"yoast_head":"<!-- This site is optimized with the Yoast SEO plugin v27.1.1 - https:\/\/yoast.com\/product\/yoast-seo-wordpress\/ -->\n<title>Kredyty got\u00f3wkowe w Volkswagen Banku - sprawd\u017a oferty bankowe | Por\u00f3wnywarka finansowa Rankomat<\/title>\n<meta name=\"robots\" content=\"index, follow, max-snippet:-1, max-image-preview:large, max-video-preview:-1\" \/>\n<link rel=\"canonical\" href=\"https:\/\/rankomat.pl\/finanse\/banki\/volkswagen-bank-polska\/kredyty-gotowkowe\/\" \/>\n<meta property=\"og:locale\" content=\"pl_PL\" \/>\n<meta property=\"og:type\" content=\"article\" \/>\n<meta property=\"og:title\" content=\"Kredyty got\u00f3wkowe w Volkswagen Banku - sprawd\u017a {{count_bank_0}} | Por\u00f3wnywarka finansowa Rankomat\" \/>\n<meta property=\"og:description\" content=\"Volkswagen Bank\u00a0 GMBH (Odzia\u0142 w Polsce, wyst\u0119puje pod mark\u0105 Volkswagen Financial Services Polska) pozwala Ci zaci\u0105gn\u0105\u0107 kredyty got\u00f3wkowe, nawet zupe\u0142nie [&hellip;]\" \/>\n<meta property=\"og:url\" content=\"https:\/\/rankomat.pl\/finanse\/banki\/volkswagen-bank-polska\/kredyty-gotowkowe\/\" \/>\n<meta property=\"og:site_name\" content=\"Por\u00f3wnywarka finansowa Rankomat\" \/>\n<meta property=\"article:publisher\" content=\"https:\/\/www.facebook.com\/rankomatpl\/\" \/>\n<meta property=\"article:modified_time\" content=\"2024-08-02T09:56:20+00:00\" \/>\n<meta property=\"og:image\" content=\"https:\/\/rankomat.pl\/finanse\/wp-content\/uploads\/2021\/03\/rankomat-star-og.png\" \/>\n\t<meta property=\"og:image:width\" content=\"480\" \/>\n\t<meta property=\"og:image:height\" content=\"320\" \/>\n\t<meta property=\"og:image:type\" content=\"image\/png\" \/>\n<meta name=\"twitter:card\" content=\"summary_large_image\" \/>\n<meta name=\"twitter:site\" content=\"@rankomat\" \/>\n<meta name=\"twitter:label1\" content=\"Szacowany czas czytania\" \/>\n\t<meta name=\"twitter:data1\" content=\"9 minut\" \/>\n<script type=\"application\/ld+json\" class=\"yoast-schema-graph\">{\"@context\":\"https:\/\/schema.org\",\"@graph\":[{\"@type\":\"BreadcrumbList\",\"@id\":\"https:\/\/rankomat.pl\/finanse\/banki\/volkswagen-bank-polska\/kredyty-gotowkowe\/#breadcrumb\",\"itemListElement\":[{\"@type\":\"ListItem\",\"position\":1,\"name\":\"Finanse\",\"item\":\"https:\/\/rankomat.pl\/finanse\/\"},{\"@type\":\"ListItem\",\"position\":2,\"name\":\"Banki\",\"item\":\"https:\/\/rankomat.pl\/finanse\/banki\/\"},{\"@type\":\"ListItem\",\"position\":3,\"name\":\"Volkswagen Bank Polska\",\"item\":\"https:\/\/rankomat.pl\/finanse\/banki\/volkswagen-bank-polska\/\"},{\"@type\":\"ListItem\",\"position\":4,\"name\":\"Kredyty got\u00f3wkowe w Volkswagen Banku\"}]}]}<\/script>\n<!-- \/ Yoast SEO plugin. -->","yoast_head_json":{"title":"Kredyty got\u00f3wkowe w Volkswagen Banku - sprawd\u017a oferty bankowe | Por\u00f3wnywarka finansowa Rankomat","robots":{"index":"index","follow":"follow","max-snippet":"max-snippet:-1","max-image-preview":"max-image-preview:large","max-video-preview":"max-video-preview:-1"},"canonical":"https:\/\/rankomat.pl\/finanse\/banki\/volkswagen-bank-polska\/kredyty-gotowkowe\/","og_locale":"pl_PL","og_type":"article","og_title":"Kredyty got\u00f3wkowe w Volkswagen Banku - sprawd\u017a {{count_bank_0}} | Por\u00f3wnywarka finansowa Rankomat","og_description":"Volkswagen Bank\u00a0 GMBH (Odzia\u0142 w Polsce, wyst\u0119puje pod mark\u0105 Volkswagen Financial Services Polska) pozwala Ci zaci\u0105gn\u0105\u0107 kredyty got\u00f3wkowe, nawet zupe\u0142nie [&hellip;]","og_url":"https:\/\/rankomat.pl\/finanse\/banki\/volkswagen-bank-polska\/kredyty-gotowkowe\/","og_site_name":"Por\u00f3wnywarka finansowa Rankomat","article_publisher":"https:\/\/www.facebook.com\/rankomatpl\/","article_modified_time":"2024-08-02T09:56:20+00:00","og_image":[{"width":480,"height":320,"url":"https:\/\/rankomat.pl\/finanse\/wp-content\/uploads\/2021\/03\/rankomat-star-og.png","type":"image\/png"}],"twitter_card":"summary_large_image","twitter_site":"@rankomat","twitter_misc":{"Szacowany czas czytania":"9 minut"},"schema":{"@context":"https:\/\/schema.org","@graph":[{"@type":"BreadcrumbList","@id":"https:\/\/rankomat.pl\/finanse\/banki\/volkswagen-bank-polska\/kredyty-gotowkowe\/#breadcrumb","itemListElement":[{"@type":"ListItem","position":1,"name":"Finanse","item":"https:\/\/rankomat.pl\/finanse\/"},{"@type":"ListItem","position":2,"name":"Banki","item":"https:\/\/rankomat.pl\/finanse\/banki\/"},{"@type":"ListItem","position":3,"name":"Volkswagen Bank Polska","item":"https:\/\/rankomat.pl\/finanse\/banki\/volkswagen-bank-polska\/"},{"@type":"ListItem","position":4,"name":"Kredyty got\u00f3wkowe w Volkswagen Banku"}]}]}},"yasr_visitor_votes":{"stars_attributes":{"read_only":false,"span_bottom":false},"number_of_votes":0,"sum_votes":0},"_links":{"self":[{"href":"https:\/\/rankomat.pl\/finanse\/wp-json\/wp\/v2\/pages\/10423","targetHints":{"allow":["GET"]}}],"collection":[{"href":"https:\/\/rankomat.pl\/finanse\/wp-json\/wp\/v2\/pages"}],"about":[{"href":"https:\/\/rankomat.pl\/finanse\/wp-json\/wp\/v2\/types\/page"}],"author":[{"embeddable":true,"href":"https:\/\/rankomat.pl\/finanse\/wp-json\/wp\/v2\/users\/32"}],"replies":[{"embeddable":true,"href":"https:\/\/rankomat.pl\/finanse\/wp-json\/wp\/v2\/comments?post=10423"}],"version-history":[{"count":0,"href":"https:\/\/rankomat.pl\/finanse\/wp-json\/wp\/v2\/pages\/10423\/revisions"}],"up":[{"embeddable":true,"href":"https:\/\/rankomat.pl\/finanse\/wp-json\/wp\/v2\/pages\/928"}],"wp:attachment":[{"href":"https:\/\/rankomat.pl\/finanse\/wp-json\/wp\/v2\/media?parent=10423"}],"curies":[{"name":"wp","href":"https:\/\/api.w.org\/{rel}","templated":true}]}}