{"id":10427,"date":"2024-08-02T14:10:58","date_gmt":"2024-08-02T12:10:58","guid":{"rendered":"https:\/\/rankomat.pl\/finanse\/?page_id=10427"},"modified":"2024-08-02T14:37:32","modified_gmt":"2024-08-02T12:37:32","slug":"konta-bankowe","status":"publish","type":"page","link":"https:\/\/rankomat.pl\/finanse\/banki\/volkswagen-bank-polska\/konta-bankowe\/","title":{"rendered":"Konta bankowe w Volkswagen Bank"},"content":{"rendered":"<p><strong>W Volkswagen Banku Polska za\u0142o\u017cysz standardowe rachunki typu ROR, a tak\u017ce konta premium. Mimo i\u017c Volkswagen Bank jest typowo bankiem samochodowym, \u015bwiadczy standardowe us\u0142ugi bankowe i rywalizuje z du\u017cymi bankami o klient\u00f3w.<\/strong><\/p>\n<h2><!--more--><br \/>\nJakie konta osobiste dost\u0119pne s\u0105 w Volkswagen Banku?<\/h2>\n<p>Konta osobiste w Volkswagen Banku Polska to kilka rozwi\u0105za\u0144 dla r\u00f3\u017cnych grup odbiorc\u00f3w. Na dzie\u0144 8 lipca 2024 roku w ofercie banku znajdziesz poni\u017csze rozwi\u0105zania.<\/p>\n<h3>Konto osobiste w Pakiecie Standard<\/h3>\n<p>Konto bezp\u0142atne bez \u017cadnych warunk\u00f3w. Nie p\u0142acisz za otwarcie, prowadzenie, wydanie karty, odnowienie karty p\u0142atniczej, 250 pierwszych przelew\u00f3w w miesi\u0105cu. Za to mo\u017cesz korzysta\u0107 z okazjonalnych promocji i bonus\u00f3w.<\/p>\n<h3>Konto osobiste w Pakiecie Z\u0142otym<\/h3>\n<p>Konto premium za 9 z\u0142 miesi\u0119cznie. W pakiecie 250 przelew\u00f3w w miesi\u0105cu, brak op\u0142at za przewalutowanie, darmowe ubezpieczenie, bezp\u0142atne wszystkie bankomaty w kraju. Zdecydowanie komfortowa i wygodna opcja.<\/p>\n<h2>Jak za\u0142o\u017cy\u0107 konto osobiste w Volkswagen Banku?<\/h2>\n<p>Najpro\u015bciej b\u0119dzie gdy zdecydujesz si\u0119 na pobranie aplikacji mobilnej Volkswagen Bank Polska i wype\u0142nienie formularza wniosku o konto online. Proces weryfikacji to\u017csamo\u015bci mo\u017ce by\u0107 przeprowadzony za pomoc\u0105 selfie lub wideorozmowy, co stanowi wygodn\u0105 i bezpieczn\u0105 metod\u0119 potwierdzenia to\u017csamo\u015bci.<\/p>\n<h2>Kto mo\u017ce otworzy\u0107 konto w Volkswagen Banku?<\/h2>\n<p>Konto w Volkswagen Banku Polska mog\u0105 otworzy\u0107 osoby pe\u0142noletnie, posiadaj\u0105ce pe\u0142n\u0105 zdolno\u015b\u0107 do czynno\u015bci prawnych. Bank nie oferuje kont dla os\u00f3b niepe\u0142noletnich.<\/p>\n<h2>Jakie s\u0105 koszty otwarcia i prowadzenia konta osobistego w Volkswagen Banku?<\/h2>\n<p>Otwarcie i prowadzenie podstawowego rachunku oszcz\u0119dno\u015bciowo-rozliczeniowego w Volkswagen Banku Polska jest bezwarunkowo bezp\u0142atne. P\u0142atne s\u0105 jedynie konta premium.<\/p>\n<h2>Czy w Volkswagen Banku otrzymam kart\u0119 p\u0142atnicz\u0105?<\/h2>\n<p>Volkswagen Bank Polska umo\u017cliwia wyrobienie karty p\u0142atniczej (karty debetowej) do konta osobistego. Zar\u00f3wno pierwsza karta jak i jej odnowienie s\u0105 bezp\u0142atne.<\/p>\n<h2>Jakie s\u0105 dodatkowe us\u0142ugi i produkty zwi\u0105zane z kontem osobistym w Volkswagen Banku?<\/h2>\n<p>Volkswagen Bank Polska oferuje dodatkowe us\u0142ugi, takie jak bankowo\u015b\u0107 internetowa, mobilna i telefoniczna, dost\u0119p do bankomat\u00f3w i wp\u0142atomat\u00f3w na terenie kraju oraz produkty oszcz\u0119dno\u015bciowe i inwestycyjne.<\/p>\n<h2>FAQ &#8211; najcz\u0119\u015bciej zadawane pytania<\/h2>\n<h3>Czy konto bankowe jest oprocentowane?<\/h3>\n<p>Klasyczny ROR lub konto firmowe nie s\u0105 oprocentowane. Jedynie konta oszcz\u0119dno\u015bciowe przynosz\u0105 klientom wymierne korzy\u015bci w postaci odsetek. Oprocentowanie konta mo\u017cesz sprawdzi\u0107 w umowie rachunku i ofercie banku.<\/p>\n<h3>Jaki jest numer IBAN konta w Volkswagen Banku?<\/h3>\n<p>Volkswagen Bank Polska \/ Volkswagen Finacial Services korzysta z kodu SWIFT INGBPLPWXXX, a numer IBAN jest indywidualny dla ka\u017cdego konta i zazwyczaj sk\u0142ada si\u0119 z 26 znak\u00f3w, oraz oznaczenia PL identyfikuj\u0105cego konto jako za\u0142o\u017cone w polskim banku.<\/p>\n<h3>Czy mo\u017cna zmieni\u0107 typ konta w Volkswagen Banku?<\/h3>\n<p>Raz za\u0142o\u017cone konto pozostaje kontem tego samego typu. Mo\u017cna jednak za\u0142o\u017cy\u0107 nowe konto innego typu w tym samym banku i przenie\u015b\u0107 na niego swoj\u0105 aktywno\u015b\u0107. Nie mo\u017cna zrobi\u0107 tego z zachowaniem tego samego numeru konta.<\/p>\n<h3>Czy mo\u017cna za\u0142o\u017cy\u0107 konto wsp\u00f3lne w Volkswagen Banku?<\/h3>\n<p>Tak, Volkswagen Bank Polska oferuje mo\u017cliwo\u015b\u0107 za\u0142o\u017cenia konta wsp\u00f3lnego, kt\u00f3re mo\u017ce by\u0107 wsp\u00f3\u0142dzielone przez co najmniej dwie osoby. Najcz\u0119\u015bciej z kont takich korzystaj\u0105 rodziny, poniewa\u017c u\u0142atwia rozliczenia domowego bud\u017cetu.<\/p>\n","protected":false},"excerpt":{"rendered":"<p>W Volkswagen Banku Polska za\u0142o\u017cysz standardowe rachunki typu ROR, a tak\u017ce konta premium. Mimo i\u017c Volkswagen Bank jest typowo bankiem [&hellip;]<\/p>\n","protected":false},"author":32,"featured_media":0,"parent":928,"menu_order":0,"comment_status":"closed","ping_status":"closed","template":"page_bank_product.php","meta":{"_acf_changed":false,"yasr_overall_rating":0,"yasr_post_is_review":"","yasr_auto_insert_disabled":"","yasr_review_type":"","footnotes":""},"class_list":["post-10427","page","type-page","status-publish","hentry"],"acf":[],"yoast_head":"<!-- This site is optimized with the Yoast SEO plugin v27.1.1 - https:\/\/yoast.com\/product\/yoast-seo-wordpress\/ -->\n<title>Konta bankowe w Volkswagen Bank - sprawd\u017a oferty bankowe | Por\u00f3wnywarka finansowa Rankomat<\/title>\n<meta name=\"robots\" content=\"index, follow, max-snippet:-1, max-image-preview:large, max-video-preview:-1\" \/>\n<link rel=\"canonical\" href=\"https:\/\/rankomat.pl\/finanse\/banki\/volkswagen-bank-polska\/konta-bankowe\/\" \/>\n<meta property=\"og:locale\" content=\"pl_PL\" \/>\n<meta property=\"og:type\" content=\"article\" \/>\n<meta property=\"og:title\" content=\"Konta bankowe w Volkswagen Bank - sprawd\u017a {{count_bank_0}} | Por\u00f3wnywarka finansowa Rankomat\" \/>\n<meta property=\"og:description\" content=\"W Volkswagen Banku Polska za\u0142o\u017cysz standardowe rachunki typu ROR, a tak\u017ce konta premium. Mimo i\u017c Volkswagen Bank jest typowo bankiem [&hellip;]\" \/>\n<meta property=\"og:url\" content=\"https:\/\/rankomat.pl\/finanse\/banki\/volkswagen-bank-polska\/konta-bankowe\/\" \/>\n<meta property=\"og:site_name\" content=\"Por\u00f3wnywarka finansowa Rankomat\" \/>\n<meta property=\"article:publisher\" content=\"https:\/\/www.facebook.com\/rankomatpl\/\" \/>\n<meta property=\"article:modified_time\" content=\"2024-08-02T12:37:32+00:00\" \/>\n<meta property=\"og:image\" content=\"https:\/\/rankomat.pl\/finanse\/wp-content\/uploads\/2021\/03\/rankomat-star-og.png\" \/>\n\t<meta property=\"og:image:width\" content=\"480\" \/>\n\t<meta property=\"og:image:height\" content=\"320\" \/>\n\t<meta property=\"og:image:type\" content=\"image\/png\" \/>\n<meta name=\"twitter:card\" content=\"summary_large_image\" \/>\n<meta name=\"twitter:site\" content=\"@rankomat\" \/>\n<meta name=\"twitter:label1\" content=\"Szacowany czas czytania\" \/>\n\t<meta name=\"twitter:data1\" content=\"3 minuty\" \/>\n<script type=\"application\/ld+json\" class=\"yoast-schema-graph\">{\"@context\":\"https:\/\/schema.org\",\"@graph\":[{\"@type\":\"BreadcrumbList\",\"@id\":\"https:\/\/rankomat.pl\/finanse\/banki\/volkswagen-bank-polska\/konta-bankowe\/#breadcrumb\",\"itemListElement\":[{\"@type\":\"ListItem\",\"position\":1,\"name\":\"Finanse\",\"item\":\"https:\/\/rankomat.pl\/finanse\/\"},{\"@type\":\"ListItem\",\"position\":2,\"name\":\"Banki\",\"item\":\"https:\/\/rankomat.pl\/finanse\/banki\/\"},{\"@type\":\"ListItem\",\"position\":3,\"name\":\"Volkswagen Bank Polska\",\"item\":\"https:\/\/rankomat.pl\/finanse\/banki\/volkswagen-bank-polska\/\"},{\"@type\":\"ListItem\",\"position\":4,\"name\":\"Konta bankowe w Volkswagen Bank\"}]}]}<\/script>\n<!-- \/ Yoast SEO plugin. -->","yoast_head_json":{"title":"Konta bankowe w Volkswagen Bank - sprawd\u017a oferty bankowe | Por\u00f3wnywarka finansowa Rankomat","robots":{"index":"index","follow":"follow","max-snippet":"max-snippet:-1","max-image-preview":"max-image-preview:large","max-video-preview":"max-video-preview:-1"},"canonical":"https:\/\/rankomat.pl\/finanse\/banki\/volkswagen-bank-polska\/konta-bankowe\/","og_locale":"pl_PL","og_type":"article","og_title":"Konta bankowe w Volkswagen Bank - sprawd\u017a {{count_bank_0}} | Por\u00f3wnywarka finansowa Rankomat","og_description":"W Volkswagen Banku Polska za\u0142o\u017cysz standardowe rachunki typu ROR, a tak\u017ce konta premium. Mimo i\u017c Volkswagen Bank jest typowo bankiem [&hellip;]","og_url":"https:\/\/rankomat.pl\/finanse\/banki\/volkswagen-bank-polska\/konta-bankowe\/","og_site_name":"Por\u00f3wnywarka finansowa Rankomat","article_publisher":"https:\/\/www.facebook.com\/rankomatpl\/","article_modified_time":"2024-08-02T12:37:32+00:00","og_image":[{"width":480,"height":320,"url":"https:\/\/rankomat.pl\/finanse\/wp-content\/uploads\/2021\/03\/rankomat-star-og.png","type":"image\/png"}],"twitter_card":"summary_large_image","twitter_site":"@rankomat","twitter_misc":{"Szacowany czas czytania":"3 minuty"},"schema":{"@context":"https:\/\/schema.org","@graph":[{"@type":"BreadcrumbList","@id":"https:\/\/rankomat.pl\/finanse\/banki\/volkswagen-bank-polska\/konta-bankowe\/#breadcrumb","itemListElement":[{"@type":"ListItem","position":1,"name":"Finanse","item":"https:\/\/rankomat.pl\/finanse\/"},{"@type":"ListItem","position":2,"name":"Banki","item":"https:\/\/rankomat.pl\/finanse\/banki\/"},{"@type":"ListItem","position":3,"name":"Volkswagen Bank Polska","item":"https:\/\/rankomat.pl\/finanse\/banki\/volkswagen-bank-polska\/"},{"@type":"ListItem","position":4,"name":"Konta bankowe w Volkswagen Bank"}]}]}},"yasr_visitor_votes":{"stars_attributes":{"read_only":false,"span_bottom":false},"number_of_votes":0,"sum_votes":0},"_links":{"self":[{"href":"https:\/\/rankomat.pl\/finanse\/wp-json\/wp\/v2\/pages\/10427","targetHints":{"allow":["GET"]}}],"collection":[{"href":"https:\/\/rankomat.pl\/finanse\/wp-json\/wp\/v2\/pages"}],"about":[{"href":"https:\/\/rankomat.pl\/finanse\/wp-json\/wp\/v2\/types\/page"}],"author":[{"embeddable":true,"href":"https:\/\/rankomat.pl\/finanse\/wp-json\/wp\/v2\/users\/32"}],"replies":[{"embeddable":true,"href":"https:\/\/rankomat.pl\/finanse\/wp-json\/wp\/v2\/comments?post=10427"}],"version-history":[{"count":0,"href":"https:\/\/rankomat.pl\/finanse\/wp-json\/wp\/v2\/pages\/10427\/revisions"}],"up":[{"embeddable":true,"href":"https:\/\/rankomat.pl\/finanse\/wp-json\/wp\/v2\/pages\/928"}],"wp:attachment":[{"href":"https:\/\/rankomat.pl\/finanse\/wp-json\/wp\/v2\/media?parent=10427"}],"curies":[{"name":"wp","href":"https:\/\/api.w.org\/{rel}","templated":true}]}}