{"id":10428,"date":"2024-08-02T16:55:17","date_gmt":"2024-08-02T14:55:17","guid":{"rendered":"https:\/\/rankomat.pl\/finanse\/?page_id=10428"},"modified":"2024-08-02T16:55:17","modified_gmt":"2024-08-02T14:55:17","slug":"kredyty-gotowkowe","status":"publish","type":"page","link":"https:\/\/rankomat.pl\/finanse\/banki\/raiffeisen-digital-bank\/kredyty-gotowkowe\/","title":{"rendered":"Kredyty got\u00f3wkowe w Raiffeisen Digital Bank"},"content":{"rendered":"<p><strong>Po\u017cyczka got\u00f3wkowa jest jednym z g\u0142\u00f3wnych produkt\u00f3w Raiffeisen Digital Banku. Mo\u017cna zaci\u0105gn\u0105\u0107 j\u0105 ca\u0142kowicie online, po\u017cyczaj\u0105c nawet do 150 000 z\u0142. Jest to wi\u0119c jeden z najwi\u0119kszych tego typu produkt\u00f3w dost\u0119pnych bez wychodzenia z domu.<\/strong><\/p>\n<h2><!--more--><br \/>\nJakie kredyty got\u00f3wkowe s\u0105 dost\u0119pne w Raiffeisen Digital Bank?<\/h2>\n<p>Na dzie\u0144 14.07.2024 Raiffeisen Digital Bank oferuje tylko jedn\u0105 po\u017cyczk\u0119 got\u00f3wkow\u0105 i jedn\u0105 po\u017cyczk\u0119 konsolidacyjn\u0105. S\u0105 to jednak elastyczne, warte rozwa\u017cenia produkty, kt\u00f3re mo\u017cesz uzyska\u0107 ca\u0142kowicie online.<\/p>\n<h3>Po\u017cyczka got\u00f3wkowa<\/h3>\n<p>Najbardziej typowy produkt kredytowy, przeznaczony dla szerokiego grona odbiorc\u00f3w. Przyznawany ca\u0142kowicie online. Warto pami\u0119ta\u0107, \u017ce nie mog\u0105 go otrzyma\u0107 osoby, kt\u00f3re pobieraj\u0105 wynagrodzenie w got\u00f3wce i mog\u0105 przedstawi\u0107 wyci\u0105g z konta bankowego, kt\u00f3ry potwierdza\u0142by dochody i ich wysoko\u015b\u0107.<\/p>\n<ul>\n<li><strong>Kwota kredytu:<\/strong> Maksymalnie do 150 000 z\u0142.<\/li>\n<li><strong>Cel:<\/strong> Na dowolny cel.<\/li>\n<li><strong>Okres sp\u0142aty:<\/strong> Od 12 miesi\u0119cy do 10 lat (120 miesi\u0119cy).<\/li>\n<li><strong>Ograniczenia:<\/strong> Bank uznaje dochody z umowy o prac\u0119, zlecenia, emerytury, czy renty, ale mo\u017ce mie\u0107 w\u0105tpliwo\u015bci co do pozosta\u0142ych \u017ar\u00f3de\u0142 dochodu w tym jdg.<\/li>\n<\/ul>\n<h3>Po\u017cyczka konsolidacyjna<\/h3>\n<p>W Raiffeisen Digital Banku mo\u017cesz zaci\u0105gn\u0105\u0107 po\u017cyczk\u0119 konsolidacyjn\u0105 na sp\u0142at\u0119 innych zobowi\u0105za\u0144. Uzyskasz j\u0105 ca\u0142kowicie online, po wybraniu po\u017cyczek widniej\u0105cych w BIK. Na stronie jest te\u017c prosty kalkulator rat.<\/p>\n<ul>\n<li><strong>Kwota kredytu:<\/strong> Maksymalnie do 150 000 z\u0142.<\/li>\n<li><strong>Cel:<\/strong> Na sp\u0142at\u0119 kredyt\u00f3w i po\u017cyczek w innych instytucjach finansowych.<\/li>\n<li><strong>Okres sp\u0142aty:<\/strong> Od 12 miesi\u0119cy do 10 lat (120 miesi\u0119cy).<\/li>\n<\/ul>\n<p>Dodatkowe informacje: Bank nie wymaga dostarczania \u017cadnych dokument\u00f3w potwierdzaj\u0105cych poprzednie zobowi\u0105zania. Mo\u017cesz skonsolidowa\u0107 jedynie zobowi\u0105zania spo\u015br\u00f3d tych, kt\u00f3re widniej\u0105 w Twoim rejestrze BIK.<\/p>\n<h2>Jakie warunki trzeba spe\u0142ni\u0107 wnioskuj\u0105c o kredyt got\u00f3wkowy w Raiffeisen Digital Banku?<\/h2>\n<p>Procedura uzyskania kredytu w Raiffeisen Digital Bank jest wyj\u0105tkowo prosta i szybka. Nawet w por\u00f3wnaniu z innymi bankami udzielaj\u0105cymi kredyt\u00f3w online, bank ten ograniczy\u0142 procedur\u0119 do absolutnego minimum. Wi\u0105\u017ce si\u0119 to jednak z pewnymi ograniczeniami i wymaganiami wobec kredytobiorcy. Do podstawowych warunk\u00f3w dotycz\u0105cych kredyt\u00f3w got\u00f3wkowych w Raiffeisen Digital Banku:<\/p>\n<ul>\n<li><strong>Posiadanie konta bankowego i otrzymywanie na nie wynagrodzenia:<\/strong> Bank u\u017cywa wyci\u0105gu z konta jako podstawowego dokumentu potwierdzaj\u0105cego zdolno\u015b\u0107 do sp\u0142aty kredytu. Udziela kredyt\u00f3w jedynie osobom o sta\u0142ych dochodach, kt\u00f3re mog\u0105 potwierdzi\u0107 to w\u0142a\u015bnie tym dokumentem.<\/li>\n<li><strong>Udowodnienie zdolno\u015bci kredytowej:<\/strong> Bank jest gotowy po\u017cyczy\u0107 do 150 000 z\u0142, jest wi\u0119c oczywiste, \u017ce udziela kredyt\u00f3w jedynie osobom maj\u0105cym dochody dostateczne, by mog\u0142y sp\u0142aci\u0107 je zgodnie z harmonogramem.<\/li>\n<li><strong>Pobranie aplikacji Raiffeisen Digital Banku:<\/strong> O kredyt mo\u017cna wnioskowa\u0107 wy\u0142\u0105cznie online. W aplikacji wype\u0142nisz wniosek, potwierdzisz to\u017csamo\u015b\u0107 metod\u0105 na selfie i prze\u015blesz zdj\u0119cie dowodu osobistego.<\/li>\n<\/ul>\n<p>Je\u015bli spe\u0142niasz podstawowe warunki ca\u0142o\u015b\u0107 jest bardzo prosta.<\/p>\n<h2>Jak wzi\u0105\u0107 kredyt got\u00f3wkowy w Raiffeisen Digital Banku?<\/h2>\n<p>Kredyt w Raiffeisen Digital Banku mo\u017cesz wzi\u0105\u0107 tylko w jeden spos\u00f3b &#8211; online. Jest to zdecydowanie najwygodniejsza metoda, kt\u00f3r\u0105 od d\u0142u\u017cszego czasu polecamy naszym u\u017cytkownikom. W tym wypadku zosta\u0142a uproszczona do niezb\u0119dnego minimum. Kolejno:<\/p>\n<ul>\n<li><strong>\u015aci\u0105gnij aplikacj\u0119<\/strong> Raiffeisen Digital Bank w swoim sklepie mobilnym.<\/li>\n<li>Zarejestruj si\u0119 w aplikacji i <strong>wype\u0142nij swoje dane.<\/strong><\/li>\n<li><strong>Okre\u015bl parametry kredytu:<\/strong> kwot\u0119 i preferowany okres sp\u0142aty.<\/li>\n<li>Dokonaj weryfikacji online, <strong>przedstawiaj\u0105c dow\u00f3d osobisty i robi\u0105c selfie w aplikacji<\/strong>.<\/li>\n<li>Zaloguj si\u0119 na konto, gdzie otrzymujesz dochody i prze\u015blij wyci\u0105g.<\/li>\n<li><strong>Potwierd\u017a z\u0142o\u017cenie wniosku.<\/strong><\/li>\n<\/ul>\n<p>W ci\u0105gu jednego dnia roboczego uzyskasz odpowied\u017a.<\/p>\n<p>Aplikacja sama kieruje do kolejnych krok\u00f3w, na stronie jest samouczek w formie wideo, a w razie w\u0105tpliwo\u015bci i pyta\u0144 mo\u017cesz skontaktowa\u0107 si\u0119 z pracownikiem banku na czacie.<\/p>\n<h2>Jak sp\u0142aci\u0107 kredyt got\u00f3wkowy w Raiffeisen Digital Banku?<\/h2>\n<p>Sp\u0142acaj raty w Raiffeisen Digital Banku w wybrany przez siebie spos\u00f3b. Nie mo\u017cesz wp\u0142aci\u0107 got\u00f3wki w oddziale, ale mo\u017cesz wybra\u0107 opcje takie jak:<\/p>\n<ul>\n<li><strong>Automatyczne pobieranie raty:<\/strong> Od klient\u00f3w posiadaj\u0105cych konto w Raiffeisen Digital Bank, bank automatycznie pobiera kwot\u0119 raty kredytu w terminie okre\u015blonym w umowie. Wa\u017cne jest, aby na koncie by\u0142y dost\u0119pne \u015brodki na pokrycie raty, co zapewnia terminow\u0105 sp\u0142at\u0119 i brak op\u00f3\u017anie\u0144.<\/li>\n<li><strong>Przelewy bankowe:<\/strong> Klienci mog\u0105 r\u00f3wnie\u017c sp\u0142aca\u0107 kredyt poprzez wykonywanie przelew\u00f3w na wskazane konto bankowe. Bank dostarcza wszystkie niezb\u0119dne informacje, takie jak numer konta oraz termin sp\u0142aty, co umo\u017cliwia kontrolowanie p\u0142atno\u015bci.<\/li>\n<li><strong>Zlecenie sta\u0142e:<\/strong> Warto rozwa\u017cy\u0107 ustanowienie zlecenia sta\u0142ego, kt\u00f3re automatycznie b\u0119dzie regulowa\u0107 raty kredytu z konta klienta w ustalonym terminie. Jest to wygodne rozwi\u0105zanie, kt\u00f3re eliminuje konieczno\u015b\u0107 pami\u0119tania o terminach sp\u0142at i zapewnia terminowe regulowanie zobowi\u0105za\u0144.<\/li>\n<\/ul>\n<h2>Zalety i wady kredytu got\u00f3wkowego w Raiffeisen Digital Banku<\/h2>\n<p>Oferta kredytowa Raiffeisen Digital Banku jest por\u00f3wnywalna z innymi du\u017cymi bankami. Kredyty got\u00f3wkowe w tym banku s\u0105 takie jak w innych, r\u00f3\u017cni\u0105 si\u0119 natomiast sposobem wnioskowania i formalno\u015bciami. Do zalet kredytu w Raiffeisen Digital Banku nale\u017c\u0105:<\/p>\n<p><strong>Zalety:<\/strong><\/p>\n<ul>\n<li><strong>Bardzo uproszczona oferta kredytowa:<\/strong> Raiffeisen Digital Bank stawia na przejrzysto\u015b\u0107 swoich produkt\u00f3w. Zar\u00f3wno tradycyjny kredyt got\u00f3wkowy, jak te\u017c po\u017cyczka konsolidacyjna zosta\u0142y stworzone z my\u015bl\u0105 o kliencie, kt\u00f3ry potrzebuje wszystkie informacje sprawdzi\u0107 na telefonie w mo\u017cliwie kr\u00f3tkim czasie.<\/li>\n<li><strong>Dost\u0119pne narz\u0119dzia na stronie:<\/strong> Raiffeisen Digital Bank udost\u0119pnia na swoich stronach kalkulatory kredytowe, instrukcje post\u0119powania krok-po-kroku i poradniki. Wsp\u00f3\u0142pracuje te\u017c z serwisami i por\u00f3wnywarkami finansowymi.<\/li>\n<li><strong>Bezp\u0142atna wcze\u015bniejsza sp\u0142ata:<\/strong> Klienci Raiffeisen Digital Bank maj\u0105 mo\u017cliwo\u015b\u0107 wcze\u015bniejszej sp\u0142aty kredytu got\u00f3wkowego bez ponoszenia dodatkowych op\u0142at. Daje to klientom swobod\u0119 w zarz\u0105dzaniu swoimi finansami i pozwala na redukcj\u0119 koszt\u00f3w kredytu.<\/li>\n<li><strong>Niezwykle prosta procedura:<\/strong> Bank wymaga znacznie mniej dokument\u00f3w ni\u017c inne instytucje gotowe udzieli\u0107 kredyt\u00f3w na takie kwoty. Jest to dla Ciebie przede wszystkim oszcz\u0119dno\u015b\u0107 czasu.<\/li>\n<\/ul>\n<p>Taka oferta nie mo\u017ce pozostawa\u0107 bez wad i wynikaj\u0105 one po cz\u0119\u015bci z wy\u017cej wspomnianych zalet:<\/p>\n<p><strong>Wady:<\/strong><\/p>\n<p>Ograniczenia w przyznawaniu kredytu: Bank nie udzieli kredytu osobom, kt\u00f3re nie maj\u0105 sta\u0142ego \u017ar\u00f3d\u0142a dochod\u00f3w trafiaj\u0105cych na konta bankowe.<\/p>\n<ul>\n<li><strong>Brak tradycyjnej obs\u0142ugi:<\/strong> Dla niekt\u00f3rych klient\u00f3w brak oddzia\u0142\u00f3w banku i standardowej infolinii mo\u017ce by\u0107 nadmiern\u0105 innowacj\u0105.<\/li>\n<\/ul>\n<h2>FAQ &#8211; Najcz\u0119\u015bciej zadawane pytania<\/h2>\n<h3>Czy mo\u017cna nadp\u0142aci\u0107 kredyt got\u00f3wkowy w Raiffeisen Digital Banku?<\/h3>\n<p>Tak, w Raiffeisen Digital Banku mo\u017cesz nadp\u0142aci\u0107, lub sp\u0142aci\u0107 w ca\u0142o\u015bci kredyt bez \u017cadnych dodatkowych op\u0142at. Bank nie wymaga nawet wcze\u015bniejszego informowania go o takim zamiarze.<\/p>\n<h3>Jakie mo\u017ce by\u0107 oprocentowanie kredytu got\u00f3wkowego w Raiffeisen Digital Banku?<\/h3>\n<p>Raiffeisen Digital Bank oferuje kredyty z oprocentowaniem zmiennym opartym na WIBOR. Brak kredyt\u00f3w z oprocentowaniem sta\u0142ym w ofercie tego banku. Twoja rata b\u0119dzie zale\u017ce\u0107 od wska\u017anik\u00f3w makroekonomicznych.<\/p>\n<h3>Na jaki cel mo\u017cna przeznaczy\u0107 kredyt got\u00f3wkowy w Raiffeisen Digital Bank?<\/h3>\n<p>Kredyt got\u00f3wkowy w Raiffeisen Digital Bank mo\u017cesz przeznaczy\u0107 na dowolny wybrany przez Ciebie cel &#8211; bank nie wymaga rozliczenia wydatk\u00f3w. Natomiast kredyt konsolidacyjny przyznawany jest wy\u0142\u0105cznie na sp\u0142at\u0119 po\u017cyczek, kt\u00f3re widniej\u0105 w Twoim BIK.<\/p>\n<h3>Jaka jest maksymalna kwota kredytu got\u00f3wkowego w Raiffeisen Digital Bank?<\/h3>\n<p>Raiffeisen Digital Bank oferuje kredyty got\u00f3wkowe do kwoty 150 000 z\u0142. Jest to prawdopodobnie jedna z wi\u0119kszych kwot jakie mo\u017cna uzyska\u0107 w Polsce w 100% online, bez osobistego podpisywania dokument\u00f3w.<\/p>\n<h3>Jaki jest maksymalny okres sp\u0142aty kredytu got\u00f3wkowego w Raiffeisen Digital Bank?<\/h3>\n<p>Maksymalny okres sp\u0142aty kredytu got\u00f3wkowego w Raiffeisen Digital Bank wynosi 10 lat. Okres sp\u0142aty mo\u017ce by\u0107 dostosowany do indywidualnych preferencji i mo\u017cliwo\u015bci klienta, jednak wyd\u0142u\u017cenie okresu sp\u0142aty prowadzi do wy\u017cszych koszt\u00f3w kredytu ze wzgl\u0119du na d\u0142u\u017cej naliczane odsetki.<\/p>\n","protected":false},"excerpt":{"rendered":"<p>Po\u017cyczka got\u00f3wkowa jest jednym z g\u0142\u00f3wnych produkt\u00f3w Raiffeisen Digital Banku. Mo\u017cna zaci\u0105gn\u0105\u0107 j\u0105 ca\u0142kowicie online, po\u017cyczaj\u0105c nawet do 150 000 [&hellip;]<\/p>\n","protected":false},"author":66,"featured_media":0,"parent":715,"menu_order":0,"comment_status":"closed","ping_status":"closed","template":"page_bank_product.php","meta":{"_acf_changed":false,"yasr_overall_rating":0,"yasr_post_is_review":"","yasr_auto_insert_disabled":"","yasr_review_type":"","footnotes":""},"class_list":["post-10428","page","type-page","status-publish","hentry"],"acf":[],"yoast_head":"<!-- This site is optimized with the Yoast SEO plugin v27.1.1 - https:\/\/yoast.com\/product\/yoast-seo-wordpress\/ -->\n<title>Kredyty got\u00f3wkowe w Raiffeisen Digital Bank - sprawd\u017a oferty bankowe | Por\u00f3wnywarka finansowa Rankomat<\/title>\n<meta name=\"robots\" content=\"index, follow, max-snippet:-1, max-image-preview:large, max-video-preview:-1\" \/>\n<link rel=\"canonical\" href=\"https:\/\/rankomat.pl\/finanse\/banki\/raiffeisen-digital-bank\/kredyty-gotowkowe\/\" \/>\n<meta property=\"og:locale\" content=\"pl_PL\" \/>\n<meta property=\"og:type\" content=\"article\" \/>\n<meta property=\"og:title\" content=\"Kredyty got\u00f3wkowe w Raiffeisen Digital Bank - sprawd\u017a {{count_bank_0}} | Por\u00f3wnywarka finansowa Rankomat\" \/>\n<meta property=\"og:description\" content=\"Po\u017cyczka got\u00f3wkowa jest jednym z g\u0142\u00f3wnych produkt\u00f3w Raiffeisen Digital Banku. Mo\u017cna zaci\u0105gn\u0105\u0107 j\u0105 ca\u0142kowicie online, po\u017cyczaj\u0105c nawet do 150 000 [&hellip;]\" \/>\n<meta property=\"og:url\" content=\"https:\/\/rankomat.pl\/finanse\/banki\/raiffeisen-digital-bank\/kredyty-gotowkowe\/\" \/>\n<meta property=\"og:site_name\" content=\"Por\u00f3wnywarka finansowa Rankomat\" \/>\n<meta property=\"article:publisher\" content=\"https:\/\/www.facebook.com\/rankomatpl\/\" \/>\n<meta property=\"og:image\" content=\"https:\/\/rankomat.pl\/finanse\/wp-content\/uploads\/2021\/03\/rankomat-star-og.png\" \/>\n\t<meta property=\"og:image:width\" content=\"480\" \/>\n\t<meta property=\"og:image:height\" content=\"320\" \/>\n\t<meta property=\"og:image:type\" content=\"image\/png\" \/>\n<meta name=\"twitter:card\" content=\"summary_large_image\" \/>\n<meta name=\"twitter:site\" content=\"@rankomat\" \/>\n<meta name=\"twitter:label1\" content=\"Szacowany czas czytania\" \/>\n\t<meta name=\"twitter:data1\" content=\"7 minut\" \/>\n<script type=\"application\/ld+json\" class=\"yoast-schema-graph\">{\"@context\":\"https:\/\/schema.org\",\"@graph\":[{\"@type\":\"BreadcrumbList\",\"@id\":\"https:\/\/rankomat.pl\/finanse\/banki\/raiffeisen-digital-bank\/kredyty-gotowkowe\/#breadcrumb\",\"itemListElement\":[{\"@type\":\"ListItem\",\"position\":1,\"name\":\"Finanse\",\"item\":\"https:\/\/rankomat.pl\/finanse\/\"},{\"@type\":\"ListItem\",\"position\":2,\"name\":\"Banki\",\"item\":\"https:\/\/rankomat.pl\/finanse\/banki\/\"},{\"@type\":\"ListItem\",\"position\":3,\"name\":\"Raiffeisen Digital Bank\",\"item\":\"https:\/\/rankomat.pl\/finanse\/banki\/raiffeisen-digital-bank\/\"},{\"@type\":\"ListItem\",\"position\":4,\"name\":\"Kredyty got\u00f3wkowe w Raiffeisen Digital Bank\"}]}]}<\/script>\n<!-- \/ Yoast SEO plugin. -->","yoast_head_json":{"title":"Kredyty got\u00f3wkowe w Raiffeisen Digital Bank - sprawd\u017a oferty bankowe | Por\u00f3wnywarka finansowa Rankomat","robots":{"index":"index","follow":"follow","max-snippet":"max-snippet:-1","max-image-preview":"max-image-preview:large","max-video-preview":"max-video-preview:-1"},"canonical":"https:\/\/rankomat.pl\/finanse\/banki\/raiffeisen-digital-bank\/kredyty-gotowkowe\/","og_locale":"pl_PL","og_type":"article","og_title":"Kredyty got\u00f3wkowe w Raiffeisen Digital Bank - sprawd\u017a {{count_bank_0}} | Por\u00f3wnywarka finansowa Rankomat","og_description":"Po\u017cyczka got\u00f3wkowa jest jednym z g\u0142\u00f3wnych produkt\u00f3w Raiffeisen Digital Banku. Mo\u017cna zaci\u0105gn\u0105\u0107 j\u0105 ca\u0142kowicie online, po\u017cyczaj\u0105c nawet do 150 000 [&hellip;]","og_url":"https:\/\/rankomat.pl\/finanse\/banki\/raiffeisen-digital-bank\/kredyty-gotowkowe\/","og_site_name":"Por\u00f3wnywarka finansowa Rankomat","article_publisher":"https:\/\/www.facebook.com\/rankomatpl\/","og_image":[{"width":480,"height":320,"url":"https:\/\/rankomat.pl\/finanse\/wp-content\/uploads\/2021\/03\/rankomat-star-og.png","type":"image\/png"}],"twitter_card":"summary_large_image","twitter_site":"@rankomat","twitter_misc":{"Szacowany czas czytania":"7 minut"},"schema":{"@context":"https:\/\/schema.org","@graph":[{"@type":"BreadcrumbList","@id":"https:\/\/rankomat.pl\/finanse\/banki\/raiffeisen-digital-bank\/kredyty-gotowkowe\/#breadcrumb","itemListElement":[{"@type":"ListItem","position":1,"name":"Finanse","item":"https:\/\/rankomat.pl\/finanse\/"},{"@type":"ListItem","position":2,"name":"Banki","item":"https:\/\/rankomat.pl\/finanse\/banki\/"},{"@type":"ListItem","position":3,"name":"Raiffeisen Digital Bank","item":"https:\/\/rankomat.pl\/finanse\/banki\/raiffeisen-digital-bank\/"},{"@type":"ListItem","position":4,"name":"Kredyty got\u00f3wkowe w Raiffeisen Digital Bank"}]}]}},"yasr_visitor_votes":{"stars_attributes":{"read_only":false,"span_bottom":false},"number_of_votes":0,"sum_votes":0},"_links":{"self":[{"href":"https:\/\/rankomat.pl\/finanse\/wp-json\/wp\/v2\/pages\/10428","targetHints":{"allow":["GET"]}}],"collection":[{"href":"https:\/\/rankomat.pl\/finanse\/wp-json\/wp\/v2\/pages"}],"about":[{"href":"https:\/\/rankomat.pl\/finanse\/wp-json\/wp\/v2\/types\/page"}],"author":[{"embeddable":true,"href":"https:\/\/rankomat.pl\/finanse\/wp-json\/wp\/v2\/users\/66"}],"replies":[{"embeddable":true,"href":"https:\/\/rankomat.pl\/finanse\/wp-json\/wp\/v2\/comments?post=10428"}],"version-history":[{"count":0,"href":"https:\/\/rankomat.pl\/finanse\/wp-json\/wp\/v2\/pages\/10428\/revisions"}],"up":[{"embeddable":true,"href":"https:\/\/rankomat.pl\/finanse\/wp-json\/wp\/v2\/pages\/715"}],"wp:attachment":[{"href":"https:\/\/rankomat.pl\/finanse\/wp-json\/wp\/v2\/media?parent=10428"}],"curies":[{"name":"wp","href":"https:\/\/api.w.org\/{rel}","templated":true}]}}