{"id":10430,"date":"2024-08-02T17:17:00","date_gmt":"2024-08-02T15:17:00","guid":{"rendered":"https:\/\/rankomat.pl\/finanse\/?page_id=10430"},"modified":"2024-08-02T17:17:25","modified_gmt":"2024-08-02T15:17:25","slug":"konta-bankowe","status":"publish","type":"page","link":"https:\/\/rankomat.pl\/finanse\/banki\/raiffeisen-digital-bank\/konta-bankowe\/","title":{"rendered":"Konta bankowe w Raiffeisen Digital Banku"},"content":{"rendered":"<p><strong>W Raiffeisen Digital Banku mo\u017cesz za\u0142o\u017cy\u0107 konto bankowe z dost\u0119pem online. Jest ono nieco ograniczone w stosunku do oferty tradycyjnych bank\u00f3w, ale mo\u017ce by\u0107 atrakcyjne je\u015bli chcesz skorzysta\u0107 z oferty innych produkt\u00f3w tego banku.<\/strong><\/p>\n<p><!--more--><\/p>\n<h2>Jakie konta osobiste dost\u0119pne s\u0105 w Raiffeisen Digital Banku ?<\/h2>\n<p>Konto osobiste w Raiffeisen Digital Banku to przyk\u0142ad nowoczesnego rozwi\u0105zania dla os\u00f3b, kt\u00f3re wszystkie operacje finansowe wykonuj\u0105 online, a do p\u0142atno\u015bci zbli\u017ceniowych u\u017cywaj\u0105 smartfonu lub podobnego urz\u0105dzenia.<\/p>\n<h3>Darmowe konto osobiste<\/h3>\n<p>Za\u0142o\u017cenie i prowadzenie konta jest bezp\u0142atne, brak te\u017c op\u0142at za przelewy krajowe i wyp\u0142aty z bankomat\u00f3w z funkcj\u0105 p\u0142atno\u015bci zbli\u017ceniowej. Brak karty p\u0142atniczej (debetowej) oznacza konieczno\u015b\u0107 wykonywania p\u0142atno\u015bci zbli\u017ceniowych telefonem.<\/p>\n<h2>Jak za\u0142o\u017cy\u0107 konto osobiste w Raiffeisen Digital Banku?<\/h2>\n<p>Konto za\u0142o\u017cysz online za pomoc\u0105 aplikacji mobilnej Raiffeisen Digital Banku. <strong>\u015aci\u0105gnij j\u0105 na telefon, zarejestruj si\u0119 w niej,<\/strong> wype\u0142nij formularz dotycz\u0105cy danych osobowych i wybierz opcj\u0119 za\u0142o\u017cenia konta.<\/p>\n<p>Praktycznie od razu po weryfikacji (te\u017c online) mo\u017cesz z niego korzysta\u0107.<\/p>\n<h2>Kto mo\u017ce otworzy\u0107 konto w Raiffeisen Digital Banku?<\/h2>\n<p>Konto w Raiffeisen Digital Banku mo\u017cesz za\u0142o\u017cy\u0107 jako osoba pe\u0142noletnia posiadaj\u0105ca pe\u0142n\u0105 zdolno\u015b\u0107 do czynno\u015bci prawnych. Bank nie stawia \u017cadnych dodatkowych wymaga\u0144 w tym zakresie.<\/p>\n<h2>Jakie s\u0105 koszty otwarcia i prowadzenia konta osobistego w Raiffeisen Digital Banku?<\/h2>\n<p>Otwarcie i prowadzenie podstawowego rachunku oszcz\u0119dno\u015bciowo-rozliczeniowego w Raiffeisen Digital Banku jest darmowe. Bank nie pobiera op\u0142at za korzystanie z konta, ani podstawowe czynno\u015bci typu przelewy krajowe.<\/p>\n<h2>Karta p\u0142atnicza w Raiffeisen Digital Banku jest dost\u0119pna?<\/h2>\n<p>Raiffeisen Digital Bank umo\u017cliwia podpi\u0119cie wirtualnej karty p\u0142atniczej, z kt\u00f3rej mo\u017cesz korzysta\u0107 za pomoc\u0105 urz\u0105dze\u0144 mobilnych. Dokonasz tak p\u0142atno\u015bci zbli\u017ceniowych.<\/p>\n<h2>Dodatkowe us\u0142ugi i produkty zwi\u0105zane z kontem osobistym w Raiffeisen Digital Banku<\/h2>\n<p>Raiffeisen Digital Bank oferuje ograniczony zakres us\u0142ug dodatkowych. Ca\u0142o\u015b\u0107 skupiona jest na \u0142atwym dost\u0119pie online, z kontem mog\u0105 by\u0107 jednak zwi\u0105zane dodatkowe produkty np. oszcz\u0119dno\u015bciowe.<\/p>\n<h2>FAQ &#8211; najcz\u0119\u015bciej zadawane pytania<\/h2>\n<h3>Czy konto bankowe jest oprocentowane?<\/h3>\n<p>Klasyczny ROR lub konto firmowe nie s\u0105 oprocentowane. Jedynie konta oszcz\u0119dno\u015bciowe przynosz\u0105 klientom wymierne korzy\u015bci w postaci odsetek. Oprocentowanie konta mo\u017cesz sprawdzi\u0107 w umowie rachunku i ofercie banku.<\/p>\n<h3>Jaki jest numer IBAN konta w Raiffeisen Digital Banku?<\/h3>\n<p>Raiffeisen Digital Bank korzysta z kodu SWIFT PPABPLPKXXX, a numer IBAN jest indywidualny dla ka\u017cdego konta i zazwyczaj sk\u0142ada si\u0119 z 26 znak\u00f3w, oraz oznaczenia kraju, w kt\u00f3rym prowadzone jest konto. W przypadku Polski w ramach IBAN Tw\u00f3j numer konta bankowego poprzedza oznaczenie PL.<\/p>\n<h3>Czy mo\u017cna zmieni\u0107 typ konta w Raiffeisen Digital Banku?<\/h3>\n<p>Raz za\u0142o\u017cone konto pozostaje kontem tego samego typu. Mo\u017cna jednak za\u0142o\u017cy\u0107 nowe konto innego typu w tym samym banku i przenie\u015b\u0107 na niego swoj\u0105 aktywno\u015b\u0107. Nie mo\u017cna zrobi\u0107 tego z zachowaniem tego samego numeru konta.<\/p>\n<h3>Czy mo\u017cna za\u0142o\u017cy\u0107 konto wsp\u00f3lne w Raiffeisen Digital Banku?<\/h3>\n<p>Nie, Raiffeisen Digital Bank oferuje tylko standardowe konta dla jednej osoby. Brak kont \u0142\u0105czonych, kont dla dzieci i podobnych produkt\u00f3w.<\/p>\n<h3>Jak pobra\u0107 wyci\u0105g z konta w Raiffeisen Digital Banku?<\/h3>\n<p>Otw\u00f3rz aplikacj\u0119 Raiffeisen Digital Banku, wejd\u017a kolejno w \u201eProfil\u201d \u2192 \u201eDokumenty\u201d \u2192 i wybierz \u017c\u0105dane konto. Odnajd\u017a \u201eWyci\u0105g miesi\u0119czny\u201d, a nast\u0119pnie wybierz rok i miesi\u0105c wyci\u0105gu i pobierz go.<\/p>\n","protected":false},"excerpt":{"rendered":"<p>W Raiffeisen Digital Banku mo\u017cesz za\u0142o\u017cy\u0107 konto bankowe z dost\u0119pem online. Jest ono nieco ograniczone w stosunku do oferty tradycyjnych [&hellip;]<\/p>\n","protected":false},"author":66,"featured_media":0,"parent":715,"menu_order":0,"comment_status":"closed","ping_status":"closed","template":"page_bank_product.php","meta":{"_acf_changed":false,"yasr_overall_rating":0,"yasr_post_is_review":"","yasr_auto_insert_disabled":"","yasr_review_type":"","footnotes":""},"class_list":["post-10430","page","type-page","status-publish","hentry"],"acf":[],"yoast_head":"<!-- This site is optimized with the Yoast SEO plugin v27.1.1 - https:\/\/yoast.com\/product\/yoast-seo-wordpress\/ -->\n<title>Konta bankowe w Raiffeisen Digital Banku - sprawd\u017a oferty bankowe | Por\u00f3wnywarka finansowa Rankomat<\/title>\n<meta name=\"robots\" content=\"index, follow, max-snippet:-1, max-image-preview:large, max-video-preview:-1\" \/>\n<link rel=\"canonical\" href=\"https:\/\/rankomat.pl\/finanse\/banki\/raiffeisen-digital-bank\/konta-bankowe\/\" \/>\n<meta property=\"og:locale\" content=\"pl_PL\" \/>\n<meta property=\"og:type\" content=\"article\" \/>\n<meta property=\"og:title\" content=\"Konta bankowe w Raiffeisen Digital Banku - sprawd\u017a {{count_bank_0}} | Por\u00f3wnywarka finansowa Rankomat\" \/>\n<meta property=\"og:description\" content=\"W Raiffeisen Digital Banku mo\u017cesz za\u0142o\u017cy\u0107 konto bankowe z dost\u0119pem online. Jest ono nieco ograniczone w stosunku do oferty tradycyjnych [&hellip;]\" \/>\n<meta property=\"og:url\" content=\"https:\/\/rankomat.pl\/finanse\/banki\/raiffeisen-digital-bank\/konta-bankowe\/\" \/>\n<meta property=\"og:site_name\" content=\"Por\u00f3wnywarka finansowa Rankomat\" \/>\n<meta property=\"article:publisher\" content=\"https:\/\/www.facebook.com\/rankomatpl\/\" \/>\n<meta property=\"article:modified_time\" content=\"2024-08-02T15:17:25+00:00\" \/>\n<meta property=\"og:image\" content=\"https:\/\/rankomat.pl\/finanse\/wp-content\/uploads\/2021\/03\/rankomat-star-og.png\" \/>\n\t<meta property=\"og:image:width\" content=\"480\" \/>\n\t<meta property=\"og:image:height\" content=\"320\" \/>\n\t<meta property=\"og:image:type\" content=\"image\/png\" \/>\n<meta name=\"twitter:card\" content=\"summary_large_image\" \/>\n<meta name=\"twitter:site\" content=\"@rankomat\" \/>\n<meta name=\"twitter:label1\" content=\"Szacowany czas czytania\" \/>\n\t<meta name=\"twitter:data1\" content=\"3 minuty\" \/>\n<script type=\"application\/ld+json\" class=\"yoast-schema-graph\">{\"@context\":\"https:\/\/schema.org\",\"@graph\":[{\"@type\":\"BreadcrumbList\",\"@id\":\"https:\/\/rankomat.pl\/finanse\/banki\/raiffeisen-digital-bank\/konta-bankowe\/#breadcrumb\",\"itemListElement\":[{\"@type\":\"ListItem\",\"position\":1,\"name\":\"Finanse\",\"item\":\"https:\/\/rankomat.pl\/finanse\/\"},{\"@type\":\"ListItem\",\"position\":2,\"name\":\"Banki\",\"item\":\"https:\/\/rankomat.pl\/finanse\/banki\/\"},{\"@type\":\"ListItem\",\"position\":3,\"name\":\"Raiffeisen Digital Bank\",\"item\":\"https:\/\/rankomat.pl\/finanse\/banki\/raiffeisen-digital-bank\/\"},{\"@type\":\"ListItem\",\"position\":4,\"name\":\"Konta bankowe w Raiffeisen Digital Banku\"}]}]}<\/script>\n<!-- \/ Yoast SEO plugin. -->","yoast_head_json":{"title":"Konta bankowe w Raiffeisen Digital Banku - sprawd\u017a oferty bankowe | Por\u00f3wnywarka finansowa Rankomat","robots":{"index":"index","follow":"follow","max-snippet":"max-snippet:-1","max-image-preview":"max-image-preview:large","max-video-preview":"max-video-preview:-1"},"canonical":"https:\/\/rankomat.pl\/finanse\/banki\/raiffeisen-digital-bank\/konta-bankowe\/","og_locale":"pl_PL","og_type":"article","og_title":"Konta bankowe w Raiffeisen Digital Banku - sprawd\u017a {{count_bank_0}} | Por\u00f3wnywarka finansowa Rankomat","og_description":"W Raiffeisen Digital Banku mo\u017cesz za\u0142o\u017cy\u0107 konto bankowe z dost\u0119pem online. Jest ono nieco ograniczone w stosunku do oferty tradycyjnych [&hellip;]","og_url":"https:\/\/rankomat.pl\/finanse\/banki\/raiffeisen-digital-bank\/konta-bankowe\/","og_site_name":"Por\u00f3wnywarka finansowa Rankomat","article_publisher":"https:\/\/www.facebook.com\/rankomatpl\/","article_modified_time":"2024-08-02T15:17:25+00:00","og_image":[{"width":480,"height":320,"url":"https:\/\/rankomat.pl\/finanse\/wp-content\/uploads\/2021\/03\/rankomat-star-og.png","type":"image\/png"}],"twitter_card":"summary_large_image","twitter_site":"@rankomat","twitter_misc":{"Szacowany czas czytania":"3 minuty"},"schema":{"@context":"https:\/\/schema.org","@graph":[{"@type":"BreadcrumbList","@id":"https:\/\/rankomat.pl\/finanse\/banki\/raiffeisen-digital-bank\/konta-bankowe\/#breadcrumb","itemListElement":[{"@type":"ListItem","position":1,"name":"Finanse","item":"https:\/\/rankomat.pl\/finanse\/"},{"@type":"ListItem","position":2,"name":"Banki","item":"https:\/\/rankomat.pl\/finanse\/banki\/"},{"@type":"ListItem","position":3,"name":"Raiffeisen Digital Bank","item":"https:\/\/rankomat.pl\/finanse\/banki\/raiffeisen-digital-bank\/"},{"@type":"ListItem","position":4,"name":"Konta bankowe w Raiffeisen Digital Banku"}]}]}},"yasr_visitor_votes":{"stars_attributes":{"read_only":false,"span_bottom":false},"number_of_votes":0,"sum_votes":0},"_links":{"self":[{"href":"https:\/\/rankomat.pl\/finanse\/wp-json\/wp\/v2\/pages\/10430","targetHints":{"allow":["GET"]}}],"collection":[{"href":"https:\/\/rankomat.pl\/finanse\/wp-json\/wp\/v2\/pages"}],"about":[{"href":"https:\/\/rankomat.pl\/finanse\/wp-json\/wp\/v2\/types\/page"}],"author":[{"embeddable":true,"href":"https:\/\/rankomat.pl\/finanse\/wp-json\/wp\/v2\/users\/66"}],"replies":[{"embeddable":true,"href":"https:\/\/rankomat.pl\/finanse\/wp-json\/wp\/v2\/comments?post=10430"}],"version-history":[{"count":0,"href":"https:\/\/rankomat.pl\/finanse\/wp-json\/wp\/v2\/pages\/10430\/revisions"}],"up":[{"embeddable":true,"href":"https:\/\/rankomat.pl\/finanse\/wp-json\/wp\/v2\/pages\/715"}],"wp:attachment":[{"href":"https:\/\/rankomat.pl\/finanse\/wp-json\/wp\/v2\/media?parent=10430"}],"curies":[{"name":"wp","href":"https:\/\/api.w.org\/{rel}","templated":true}]}}