{"id":10431,"date":"2024-08-02T17:26:35","date_gmt":"2024-08-02T15:26:35","guid":{"rendered":"https:\/\/rankomat.pl\/finanse\/?page_id=10431"},"modified":"2024-08-02T17:27:54","modified_gmt":"2024-08-02T15:27:54","slug":"kredyty-gotowkowe","status":"publish","type":"page","link":"https:\/\/rankomat.pl\/finanse\/banki\/inbank\/kredyty-gotowkowe\/","title":{"rendered":"Kredyty got\u00f3wkowe w Inbanku"},"content":{"rendered":"<p><strong>Inbank oferuje kredyty got\u00f3wkowe dla os\u00f3b fizycznych. S\u0105 to wyj\u0105tkowo proste i przyjazne, ale te\u017c do\u015b\u0107 ograniczone kwotowo produkty. Warto przemy\u015ble\u0107 je, zw\u0142aszcza gdy cenisz sobie kontakt online i chcesz zaci\u0105gn\u0105\u0107 kredyt bez wychodzenia z domu.<\/strong><\/p>\n<h2><!--more--><br \/>\nJakie kredyty got\u00f3wkowe s\u0105 dost\u0119pne w Inbank?<\/h2>\n<p>Na dzie\u0144 10.07.2024 Inbank oferuje proste kredyty dost\u0119pne online &#8211; zar\u00f3wno kredyty got\u00f3wkowe na dowolny cel, jak i kredyty celowe.<\/p>\n<h3>Kredyt got\u00f3wkowy<\/h3>\n<p>Prosty kredyt ze sta\u0142ym oprocentowaniem, dost\u0119pny bez wychodzenia z domu. Ograniczony kwotowo, ale warty przemy\u015blenia je\u015bli potrzebujesz kwoty mieszcz\u0105cej si\u0119 w limicie. Wniosek jest rozpatrywany w ci\u0105gu jednego dnia roboczego.<\/p>\n<ul>\n<li><strong>Kwota kredytu:<\/strong> Maksymalnie do 50 000 z\u0142.<\/li>\n<li><strong>Cel:<\/strong> Na dowolny cel.<\/li>\n<li><strong>Okres sp\u0142aty:<\/strong> Od 4 miesi\u0119cy do 6 lat (72 miesi\u0105ce).<\/li>\n<li><strong>Oprocentowanie:<\/strong> Kredyt zawsze udzielany jest z oprocentowaniem sta\u0142ym w ca\u0142ym okresie kredytowania.<\/li>\n<li><strong>Dost\u0119pno\u015b\u0107 w 100% online:<\/strong> Tak.<\/li>\n<\/ul>\n<h3>Kredyt na remont<\/h3>\n<p>Bardzo podobny do standardowego kredytu got\u00f3wkowego &#8211; kredyt celowy. Przyznawany na lepszych warunkach od kredytu standardowego, pod warunkiem rozliczenia wydatk\u00f3w.<\/p>\n<p>Kwota kredytu: Maksymalnie do 50 000 z\u0142.<\/p>\n<ul>\n<li><strong>Cel:<\/strong> Na remont nieruchomo\u015bci.<\/li>\n<li><strong>Okres sp\u0142aty:<\/strong> Od 4 miesi\u0119cy do 6 lat (72 miesi\u0105ce).<\/li>\n<li><strong>Oprocentowanie:<\/strong> Kredyt zawsze udzielany jest z oprocentowaniem sta\u0142ym w ca\u0142ym okresie kredytowania.<\/li>\n<li><strong>Dost\u0119pno\u015b\u0107 w 100% online:<\/strong> Tak.<\/li>\n<\/ul>\n<h3>Kredyt ekologiczny<\/h3>\n<p>Udzielany klientom wsp\u00f3\u0142pracuj\u0105cych z Inbankiem sklep\u00f3w i oferent\u00f3w fotowoltaiki. Mo\u017cna go przeznaczy\u0107 jedynie na zakup proekologicznych rozwi\u0105za\u0144. W praktyce dzia\u0142a jak zakupy na raty.<\/p>\n<ul>\n<li><strong>Kwota kredytu:<\/strong> Maksymalnie do 100 000 z\u0142.<\/li>\n<li><strong>Cel:<\/strong> Na fotowoltaik\u0119 i inne rozwi\u0105zania ekologiczne oferowane przez wsp\u00f3\u0142pracuj\u0105ce sklepy.<\/li>\n<li><strong>Okres sp\u0142aty:<\/strong> Do 150 miesi\u0119cy, czyli 12,5 roku.<\/li>\n<li><strong>Dost\u0119pno\u015b\u0107 w 100% online:<\/strong> Zale\u017cnie od sklepu.<\/li>\n<li><strong>Warunki kredytowania:<\/strong> Zale\u017cne od umowy mi\u0119dzy Inbankiem a sprzedawc\u0105.<\/li>\n<\/ul>\n<p>Oferta kredytowa jest skromna, ale w swojej kategorii wydaje si\u0119 dobrze przemy\u015blana.<\/p>\n<h2>Jakie warunki trzeba spe\u0142ni\u0107 wnioskuj\u0105c o kredyt got\u00f3wkowy w Inbank?<\/h2>\n<p>Staraj\u0105c si\u0119 o kredyt w Inbanku musisz spe\u0142ni\u0107 podstawowe wymagania stawiane przed kredytobiorcami we wszystkich bankach. Bez wzgl\u0119du na to, o jaki kredyt si\u0119 starasz, b\u0119d\u0105 Ci potrzebne:<\/p>\n<ul>\n<li><strong>Zdolno\u015b\u0107 kredytowa:<\/strong> Bank wymaga posiadania odpowiednich dochod\u00f3w i odpowiednio ma\u0142ych wydatk\u00f3w, by m\u00f3c bezproblemowo sp\u0142aci\u0107 kredyt zgodnie z umow\u0105. Kredyty w Inbanku to przede wszystkim szybkie po\u017cyczki online, przy kt\u00f3rych maksymalna kwota nie jest zbyt wysoka. Oznacza to, \u017ce nie potrzebujesz wysokiej zdolno\u015bci kredytowej, by je zaci\u0105ga\u0107.<\/li>\n<li><strong>Historia kredytowa:<\/strong> Kredyt otrzymasz je\u015bli Twoja historia kredytowa jest bez zarzutu. Banki nie udzielaj\u0105 kredyt\u00f3w osobom widniej\u0105cym w bazach d\u0142u\u017cnik\u00f3w, takich jak Krajowy Rejestr D\u0142ug\u00f3w, ani tym kt\u00f3rzy og\u0142osili w ci\u0105gu ostatnich 5 lat bankructwo (upad\u0142o\u015b\u0107 konsumenck\u0105).<\/li>\n<li><strong>Dostarczenie dokument\u00f3w:<\/strong> Dochody musisz potwierdzi\u0107 cho\u0107by poprzez wyci\u0105g z konta przes\u0142any online. W przypadku kredyt\u00f3w celowych dochodzi potwierdzenie wydatk\u00f3w lub zawarcie umowy z odpowiednim dostawc\u0105.<\/li>\n<li><strong>Weryfikacja online:<\/strong> Inbank nie jest tradycyjnym bankiem, gdzie udajesz si\u0119 do oddzia\u0142u z dowodem osobistym. Oczywi\u015bcie wci\u0105\u017c potrzebujesz dowodu, ale wszystko odbywa si\u0119 online.<\/li>\n<\/ul>\n<h2>Jak wzi\u0105\u0107 kredyt got\u00f3wkowy w Inbank?<\/h2>\n<p>Inbank oferuje kredyty online, co oznacza, \u017ce zasadniczo masz jedn\u0105, dost\u0119pn\u0105 dla wszystkich opcj\u0119 uzyskania takiego kredytu. Jest to przy okazji opcja najwygodniejsza, wi\u0119c my tak\u017ce polecamy z niej skorzysta\u0107.<\/p>\n<p>Aby skorzysta\u0107 z oferty:<\/p>\n<ul>\n<li><strong>Zarejestruj si\u0119 w serwisie Inbanku.<\/strong> Mo\u017cesz to zrobi\u0107 ze swojego telefonu, w zak\u0142adce Zosta\u0144 Klientem. Po rejestracji przejd\u017a do wniosku.<\/li>\n<li><strong>Wype\u0142nij prawid\u0142owo wniosek.<\/strong> Okre\u015bl kwot\u0119, jakiej potrzebujesz, czas, w jakim chcesz sp\u0142aci\u0107 kredyt, podaj dane osobowe i zatwierd\u017a.<\/li>\n<li>Dokonaj weryfikacji. Inbank sprawdzi, czy to na pewno Ty chcesz zaci\u0105gn\u0105\u0107 kredyt. <strong>Mo\u017cesz dokona\u0107 weryfikacji metod\u0105 na selfie<\/strong> lub podczas wideorozmowy.<\/li>\n<li><strong>Dostarcz odpowiednie dokumenty:<\/strong> Dokumenty przesy\u0142asz drog\u0105 mailow\u0105 na adres Inbanku.<\/li>\n<li>Wska\u017c konto, na jakie zostan\u0105 przelane pieni\u0105dze: <strong>In Bank nie wyp\u0142aca kredyt\u00f3w w got\u00f3wce<\/strong>, musisz wi\u0119c mie\u0107 konto w innym banku.<\/li>\n<\/ul>\n<h2>Jak sp\u0142aci\u0107 kredyt got\u00f3wkowy w Inbanku?<\/h2>\n<p>Istnieje kilka metod sp\u0142aty, kt\u00f3re mo\u017cna dostosowa\u0107 do w\u0142asnych preferencji:<\/p>\n<ul>\n<li><strong>Automatyczne pobieranie raty:<\/strong> Klienci maj\u0105cy konto w Inbank mog\u0105 skorzysta\u0107 z opcji automatycznego pobierania raty kredytu w terminie okre\u015blonym w umowie. Wa\u017cne jest, aby na koncie by\u0142y dost\u0119pne \u015brodki na pokrycie raty, co zapewnia terminow\u0105 sp\u0142at\u0119 i brak op\u00f3\u017anie\u0144.<\/li>\n<li><strong>Przelewy bankowe:<\/strong> Klienci mog\u0105 r\u00f3wnie\u017c sp\u0142aca\u0107 kredyt poprzez przelewy na wskazane konto bankowe. Bank dostarcza wszystkie niezb\u0119dne informacje, takie jak numer konta oraz termin sp\u0142aty, co umo\u017cliwia kontrolowanie p\u0142atno\u015bci.<\/li>\n<li><strong>Zlecenie sta\u0142e:<\/strong> Ustanowienie zlecenia sta\u0142ego pozwala na automatyczne regulowanie rat kredytu z konta klienta w ustalonym terminie. Jest to wygodne rozwi\u0105zanie, kt\u00f3re eliminuje konieczno\u015b\u0107 pami\u0119tania o terminach sp\u0142at i zapewnia regularne regulowanie zobowi\u0105za\u0144.<\/li>\n<\/ul>\n<p>Inbank oferuje elastyczne opcje zar\u00f3wno dla os\u00f3b aplikuj\u0105cych o kredyt, jak i tych sp\u0142acaj\u0105cych swoje zobowi\u0105zania, co zwi\u0119ksza komfort korzystania z us\u0142ug banku.<\/p>\n<h2>Zalety i wady kredytu got\u00f3wkowego w Inbank<\/h2>\n<p>Kredyty got\u00f3wkowe w Inbanku to ciekawe i czasami bardzo atrakcyjne, ale te\u017c nie ca\u0142kiem typowe produkty. Bank przeprowadza ca\u0142\u0105 procedur\u0119 online, co jest bardzo wygodne dla Ciebie, ale mo\u017ce by\u0107 zbyt du\u017cym zdziwieniem dla klient\u00f3w przyzwyczajonych do tradycyjnych kredyt\u00f3w w oddziale banku. Na pewno oferta Inbanku ma kilka wyra\u017anych zalet.<\/p>\n<p><strong>Zalety:<\/strong><\/p>\n<ul>\n<li><strong>Kredyty online:<\/strong> Mo\u017cliwo\u015b\u0107 za\u0142atwienia wszystkich formalno\u015bci bez wychodzenia z domu jest z pewno\u015bci\u0105 bardzo wygodna.<\/li>\n<li><strong>Bezp\u0142atna wcze\u015bniejsza sp\u0142ata:<\/strong> Klienci Inbank maj\u0105 mo\u017cliwo\u015b\u0107 wcze\u015bniejszej sp\u0142aty kredytu got\u00f3wkowego bez ponoszenia dodatkowych op\u0142at. Daje to klientom swobod\u0119 w zarz\u0105dzaniu swoimi finansami i pozwala na redukcj\u0119 koszt\u00f3w kredytu.<\/li>\n<li><strong>Prosta, intuicyjna oferta:<\/strong> Kredyty w Inbanku s\u0105 bardzo \u0142atwe do por\u00f3wnania z innymi, maj\u0105 sta\u0142e oprocentowanie, a informacje na stronie s\u0105 jasne dla klient\u00f3w.<\/li>\n<li><strong>Atrakcyjne kredyty celowe:<\/strong> Inbank udziela kredyt\u00f3w celowych na lepszych warunkach ni\u017c tradycyjnych kredyt\u00f3w got\u00f3wkowych. Zwr\u00f3\u0107 na to uwag\u0119 szukaj\u0105c \u015brodk\u00f3w na remont czy usprawnienie ekologiczne budynku.<\/li>\n<\/ul>\n<p>Wady:<\/p>\n<p>Oferta Inbanku jest bardzo ograniczona pod jednym wzgl\u0119dem.<\/p>\n<ul>\n<li><strong>Niskie dost\u0119pne kwoty:<\/strong> W innych bankach mo\u017cesz zaci\u0105gn\u0105\u0107 kredyty got\u00f3wkowe na znacznie wi\u0119ksze kwoty.<\/li>\n<\/ul>\n<p>Kredyty w tym banku s\u0105 por\u00f3wnywalne z innymi pod wzgl\u0119dem oprocentowania i koszt\u00f3w kredytowych.<\/p>\n<h2>FAQ &#8211; Najcz\u0119\u015bciej zadawane pytania<\/h2>\n<h3>Czy mo\u017cna nadp\u0142aci\u0107 kredyt got\u00f3wkowy w Inbanku?<\/h3>\n<p>Tak, w Inbanku istnieje mo\u017cliwo\u015b\u0107 nadp\u0142acenia lub wcze\u015bniejszej sp\u0142aty kredytu got\u00f3wkowego bez dodatkowych op\u0142at. Klienci mog\u0105 nadp\u0142aca\u0107 kredyt w dowolnym momencie, co pozwala na szybsze zmniejszenie zad\u0142u\u017cenia i obni\u017cenie ca\u0142kowitych koszt\u00f3w kredytu. Dotyczy to wszystkich kredyt\u00f3w got\u00f3wkowych.<\/p>\n<h3>Jakie mo\u017ce by\u0107 oprocentowanie kredytu got\u00f3wkowego w Inbanku?<\/h3>\n<p>Inbank oferuje kredyty oprocentowaniem sta\u0142ym w ca\u0142ym okresie kredytowania. Oznacza to sta\u0142\u0105 rat\u0119 i brak konieczno\u015bci przejmowania si\u0119 wska\u017anikami takimi jak WIBOR czy WIRON.<\/p>\n<h3>Na jaki cel mo\u017cna przeznaczy\u0107 kredyt got\u00f3wkowy w Inbank?<\/h3>\n<p>Mo\u017cesz wybra\u0107 kredyt got\u00f3wkowy i przeznaczy\u0107 go na dowolny cel, albo zaci\u0105gn\u0105\u0107 kredyt celowy. W tym drugim przypadku musisz dokona\u0107 rozliczenia koszt\u00f3w, a \u015brodki wyda\u0107 wy\u0142\u0105cznie na cele okre\u015blone w umowie kredytowej, np. remont budynku.<\/p>\n<h3>Jaka jest maksymalna kwota kredytu got\u00f3wkowego w Inbank?<\/h3>\n<p>Inbank oferuje kredyty got\u00f3wkowe do 50 000 z\u0142, a celowe do 100 000 z\u0142. Wysoko\u015b\u0107 dost\u0119pnej kwoty kredytu zale\u017cy od zdolno\u015bci kredytowej klienta, jego dochod\u00f3w oraz historii kredytowej. Bank dok\u0142adnie ocenia sytuacj\u0119 finansow\u0105 ka\u017cdego klienta, aby zaproponowa\u0107 odpowiedni\u0105 kwot\u0119 kredytu dostosowan\u0105 do jego potrzeb i mo\u017cliwo\u015bci.<\/p>\n<h3>Jaki jest maksymalny okres sp\u0142aty kredytu got\u00f3wkowego w Inbank?<\/h3>\n<p>Przewa\u017cnie kredyty w Inbanku mo\u017cesz sp\u0142aca\u0107 maksymalnie przez 6 lat. W przypadku kredyt\u00f3w ekologicznych okres sp\u0142aty mo\u017ce by\u0107 wyd\u0142u\u017cony nawet do 12,5 roku.<\/p>\n","protected":false},"excerpt":{"rendered":"<p>Inbank oferuje kredyty got\u00f3wkowe dla os\u00f3b fizycznych. S\u0105 to wyj\u0105tkowo proste i przyjazne, ale te\u017c do\u015b\u0107 ograniczone kwotowo produkty. Warto [&hellip;]<\/p>\n","protected":false},"author":32,"featured_media":0,"parent":1288,"menu_order":0,"comment_status":"closed","ping_status":"closed","template":"page_bank_product.php","meta":{"_acf_changed":false,"yasr_overall_rating":0,"yasr_post_is_review":"","yasr_auto_insert_disabled":"","yasr_review_type":"","footnotes":""},"class_list":["post-10431","page","type-page","status-publish","hentry"],"acf":[],"yoast_head":"<!-- This site is optimized with the Yoast SEO plugin v27.1.1 - https:\/\/yoast.com\/product\/yoast-seo-wordpress\/ -->\n<title>Kredyty got\u00f3wkowe w Inbanku - sprawd\u017a oferty bankowe | Por\u00f3wnywarka finansowa Rankomat<\/title>\n<meta name=\"robots\" content=\"index, follow, max-snippet:-1, max-image-preview:large, max-video-preview:-1\" \/>\n<link rel=\"canonical\" href=\"https:\/\/rankomat.pl\/finanse\/banki\/inbank\/kredyty-gotowkowe\/\" \/>\n<meta property=\"og:locale\" content=\"pl_PL\" \/>\n<meta property=\"og:type\" content=\"article\" \/>\n<meta property=\"og:title\" content=\"Kredyty got\u00f3wkowe w Inbanku - sprawd\u017a {{count_bank_0}} | Por\u00f3wnywarka finansowa Rankomat\" \/>\n<meta property=\"og:description\" content=\"Inbank oferuje kredyty got\u00f3wkowe dla os\u00f3b fizycznych. S\u0105 to wyj\u0105tkowo proste i przyjazne, ale te\u017c do\u015b\u0107 ograniczone kwotowo produkty. Warto [&hellip;]\" \/>\n<meta property=\"og:url\" content=\"https:\/\/rankomat.pl\/finanse\/banki\/inbank\/kredyty-gotowkowe\/\" \/>\n<meta property=\"og:site_name\" content=\"Por\u00f3wnywarka finansowa Rankomat\" \/>\n<meta property=\"article:publisher\" content=\"https:\/\/www.facebook.com\/rankomatpl\/\" \/>\n<meta property=\"article:modified_time\" content=\"2024-08-02T15:27:54+00:00\" \/>\n<meta property=\"og:image\" content=\"https:\/\/rankomat.pl\/finanse\/wp-content\/uploads\/2021\/03\/rankomat-star-og.png\" \/>\n\t<meta property=\"og:image:width\" content=\"480\" \/>\n\t<meta property=\"og:image:height\" content=\"320\" \/>\n\t<meta property=\"og:image:type\" content=\"image\/png\" \/>\n<meta name=\"twitter:card\" content=\"summary_large_image\" \/>\n<meta name=\"twitter:site\" content=\"@rankomat\" \/>\n<meta name=\"twitter:label1\" content=\"Szacowany czas czytania\" \/>\n\t<meta name=\"twitter:data1\" content=\"7 minut\" \/>\n<script type=\"application\/ld+json\" class=\"yoast-schema-graph\">{\"@context\":\"https:\/\/schema.org\",\"@graph\":[{\"@type\":\"BreadcrumbList\",\"@id\":\"https:\/\/rankomat.pl\/finanse\/banki\/inbank\/kredyty-gotowkowe\/#breadcrumb\",\"itemListElement\":[{\"@type\":\"ListItem\",\"position\":1,\"name\":\"Finanse\",\"item\":\"https:\/\/rankomat.pl\/finanse\/\"},{\"@type\":\"ListItem\",\"position\":2,\"name\":\"Banki\",\"item\":\"https:\/\/rankomat.pl\/finanse\/banki\/\"},{\"@type\":\"ListItem\",\"position\":3,\"name\":\"Inbank\",\"item\":\"https:\/\/rankomat.pl\/finanse\/banki\/inbank\/\"},{\"@type\":\"ListItem\",\"position\":4,\"name\":\"Kredyty got\u00f3wkowe w Inbanku\"}]}]}<\/script>\n<!-- \/ Yoast SEO plugin. -->","yoast_head_json":{"title":"Kredyty got\u00f3wkowe w Inbanku - sprawd\u017a oferty bankowe | Por\u00f3wnywarka finansowa Rankomat","robots":{"index":"index","follow":"follow","max-snippet":"max-snippet:-1","max-image-preview":"max-image-preview:large","max-video-preview":"max-video-preview:-1"},"canonical":"https:\/\/rankomat.pl\/finanse\/banki\/inbank\/kredyty-gotowkowe\/","og_locale":"pl_PL","og_type":"article","og_title":"Kredyty got\u00f3wkowe w Inbanku - sprawd\u017a {{count_bank_0}} | Por\u00f3wnywarka finansowa Rankomat","og_description":"Inbank oferuje kredyty got\u00f3wkowe dla os\u00f3b fizycznych. S\u0105 to wyj\u0105tkowo proste i przyjazne, ale te\u017c do\u015b\u0107 ograniczone kwotowo produkty. Warto [&hellip;]","og_url":"https:\/\/rankomat.pl\/finanse\/banki\/inbank\/kredyty-gotowkowe\/","og_site_name":"Por\u00f3wnywarka finansowa Rankomat","article_publisher":"https:\/\/www.facebook.com\/rankomatpl\/","article_modified_time":"2024-08-02T15:27:54+00:00","og_image":[{"width":480,"height":320,"url":"https:\/\/rankomat.pl\/finanse\/wp-content\/uploads\/2021\/03\/rankomat-star-og.png","type":"image\/png"}],"twitter_card":"summary_large_image","twitter_site":"@rankomat","twitter_misc":{"Szacowany czas czytania":"7 minut"},"schema":{"@context":"https:\/\/schema.org","@graph":[{"@type":"BreadcrumbList","@id":"https:\/\/rankomat.pl\/finanse\/banki\/inbank\/kredyty-gotowkowe\/#breadcrumb","itemListElement":[{"@type":"ListItem","position":1,"name":"Finanse","item":"https:\/\/rankomat.pl\/finanse\/"},{"@type":"ListItem","position":2,"name":"Banki","item":"https:\/\/rankomat.pl\/finanse\/banki\/"},{"@type":"ListItem","position":3,"name":"Inbank","item":"https:\/\/rankomat.pl\/finanse\/banki\/inbank\/"},{"@type":"ListItem","position":4,"name":"Kredyty got\u00f3wkowe w Inbanku"}]}]}},"yasr_visitor_votes":{"stars_attributes":{"read_only":false,"span_bottom":false},"number_of_votes":0,"sum_votes":0},"_links":{"self":[{"href":"https:\/\/rankomat.pl\/finanse\/wp-json\/wp\/v2\/pages\/10431","targetHints":{"allow":["GET"]}}],"collection":[{"href":"https:\/\/rankomat.pl\/finanse\/wp-json\/wp\/v2\/pages"}],"about":[{"href":"https:\/\/rankomat.pl\/finanse\/wp-json\/wp\/v2\/types\/page"}],"author":[{"embeddable":true,"href":"https:\/\/rankomat.pl\/finanse\/wp-json\/wp\/v2\/users\/32"}],"replies":[{"embeddable":true,"href":"https:\/\/rankomat.pl\/finanse\/wp-json\/wp\/v2\/comments?post=10431"}],"version-history":[{"count":0,"href":"https:\/\/rankomat.pl\/finanse\/wp-json\/wp\/v2\/pages\/10431\/revisions"}],"up":[{"embeddable":true,"href":"https:\/\/rankomat.pl\/finanse\/wp-json\/wp\/v2\/pages\/1288"}],"wp:attachment":[{"href":"https:\/\/rankomat.pl\/finanse\/wp-json\/wp\/v2\/media?parent=10431"}],"curies":[{"name":"wp","href":"https:\/\/api.w.org\/{rel}","templated":true}]}}