{"id":10434,"date":"2024-08-04T14:36:58","date_gmt":"2024-08-04T12:36:58","guid":{"rendered":"https:\/\/rankomat.pl\/finanse\/?page_id=10434"},"modified":"2024-08-06T08:01:07","modified_gmt":"2024-08-06T06:01:07","slug":"kredyty-gotowkowe","status":"publish","type":"page","link":"https:\/\/rankomat.pl\/finanse\/banki\/velobank\/kredyty-gotowkowe\/","title":{"rendered":"Kredyty got\u00f3wkowe w VeloBanku"},"content":{"rendered":"<p><strong>VeloBank udziela kredyt\u00f3w got\u00f3wkowych i celowych dla os\u00f3b fizycznych, ma\u0142ych firm, a tak\u017ce sektora publicznego.<\/strong><\/p>\n<p><!--more--><\/p>\n<h2>Jakie kredyty got\u00f3wkowe s\u0105 dost\u0119pne w VeloBanku?<\/h2>\n<p>Na dzie\u0144 21.07.2024 r. VeloBank oferuje du\u017c\u0105 ilo\u015b\u0107 zr\u00f3\u017cnicowanych produkt\u00f3w kredytowych mieszcz\u0105cych si\u0119 w ramach kredytu got\u00f3wkowego. S\u0105 one por\u00f3wnywalne z kredytami innych bank\u00f3w dzia\u0142aj\u0105cych na polskim rynku pod wzgl\u0119dem oprocentowania i warunk\u00f3w sp\u0142aty. Nale\u017c\u0105 do nich przede wszystkim poni\u017csze pozycje.<\/p>\n<h3>Kredyt got\u00f3wkowy &#8211; oferta standardowa<\/h3>\n<p>VeloBank ma w ofercie tak wiele kredyt\u00f3w got\u00f3wkowych, \u017ce konieczne sta\u0142o si\u0119 wyr\u00f3\u017cnienie oferty standardowej. W por\u00f3wnaniu z innymi bankami kredyt ten charakteryzuje si\u0119 mo\u017cliwo\u015bci\u0105 odsuni\u0119cia sp\u0142aty pierwszej raty na 3 miesi\u0105ce do przodu.<\/p>\n<ul>\n<li><strong>Kwota kredytu:<\/strong> Maksymalnie do 200 000 z\u0142.<\/li>\n<li><strong>Cel:<\/strong> Na dowolny cel.<\/li>\n<li><strong>Okres sp\u0142aty:<\/strong> Maksymalnie do 10 lat (120 miesi\u0119cy).<\/li>\n<li><strong>Promocje:<\/strong> To standardowy produkt bankowy, ale w samej ofercie jest opcja skorzystania z karencji w sp\u0142acie i sp\u0142aty pierwszej raty dopiero po 3 miesi\u0105cach.<\/li>\n<\/ul>\n<h3>Wakacyjny kredyt Got\u00f3wkowy<\/h3>\n<p>Kredyt got\u00f3wkowy oferowany na promocyjnych warunkach, z nieco ni\u017cszym oprocentowaniem. Poza tym jest to standardowy produkt kredytowy, dost\u0119pny dla klient\u00f3w spe\u0142niaj\u0105cych podstawowe wymagania.<\/p>\n<ul>\n<li><strong>Kwota kredytu:<\/strong> Maksymalnie do 200 000 z\u0142.<\/li>\n<li><strong>Cel:<\/strong> Na dowolny cel.<\/li>\n<li><strong>Okres sp\u0142aty:<\/strong> Maksymalnie do 10 lat (120 miesi\u0119cy).<\/li>\n<li><strong>Promocje:<\/strong> Produkt jest promocyjny i nie nale\u017cy go traktowa\u0107 jako standardowej oferty. Trzeba zapewnia\u0107 wp\u0142ywy na konto i dokonywa\u0107 p\u0142atno\u015bci BLIKiem lub kart\u0105 debetow\u0105, by korzysta\u0107 z poprawionych warunk\u00f3w.<\/li>\n<\/ul>\n<h3>Kredyt got\u00f3wkowy ze sta\u0142\u0105 rat\u0105<\/h3>\n<p>Klasyczny kredyt got\u00f3wkowy oparty o oprocentowanie sta\u0142e, poza tym bardzo zbli\u017cony do oferty standardowej VeloBanku.<\/p>\n<ul>\n<li><strong>Kwota kredytu:<\/strong> Maksymalnie do 200 000 z\u0142.<\/li>\n<li><strong>Cel:<\/strong> Na dowolny cel.<\/li>\n<li><strong>Okres sp\u0142aty:<\/strong> Maksymalnie do 10 lat (120 miesi\u0119cy).<\/li>\n<li><strong>Promocje:<\/strong> To standardowy produkt bankowy, ale w samej ofercie jest opcja skorzystania z karencji w sp\u0142acie i sp\u0142aty pierwszej raty dopiero po 3 miesi\u0105cach.<\/li>\n<\/ul>\n<h3>Kredyt got\u00f3wkowy na ma\u0142e potrzeby<\/h3>\n<p>W praktyce jest to po\u017cyczka na kr\u00f3tszy okres i ze znacznie ograniczon\u0105 dost\u0119pn\u0105 kwot\u0105 w por\u00f3wnaniu do standardowego kredytu z oferty VeloBanku. Kredyt got\u00f3wkowy na ma\u0142e potrzeby uzyskasz ca\u0142kowicie online.<\/p>\n<ul>\n<li><strong>Kwota kredytu:<\/strong> Maksymalnie do 6 500 z\u0142.<\/li>\n<li><strong>Cel:<\/strong> Na dowolny cel.<\/li>\n<li><strong>Okres sp\u0142aty:<\/strong> Maksymalnie do 3 lat (36 miesi\u0119cy).<\/li>\n<li><strong>Promocje:<\/strong> To standardowy produkt bankowy, ale w samej ofercie jest opcja skorzystania z karencji w sp\u0142acie i sp\u0142aty pierwszej raty dopiero po 3 miesi\u0105cach.<\/li>\n<\/ul>\n<h3>Kredyt VeloRaty z bankowo\u015bci\u0105 elektroniczn\u0105<\/h3>\n<p>Kolejny wariant niskokwotowego kredytu got\u00f3wkowego na ma\u0142e potrzeby. Zobowi\u0105zanie zaci\u0105gniesz ca\u0142kowicie online.<\/p>\n<ul>\n<li><strong>Kwota kredytu<\/strong>: Maksymalnie do 6 500 z\u0142.<\/li>\n<li><strong>Cel:<\/strong> Na dowolny cel.<\/li>\n<li><strong>Okres sp\u0142aty:<\/strong> Maksymalnie do 2 lat (24 miesi\u0105ce).<\/li>\n<li><strong>Promocje:<\/strong> To promocyjny produkt bankowy wymagaj\u0105cy spe\u0142nienia przez Ciebie kilku warunk\u00f3w. Potencjalnie mo\u017ce by\u0107 udzielony z oprocentowaniem 0%.<\/li>\n<\/ul>\n<h3>Kredyt konsolidacyjny<\/h3>\n<p>Kredyt pozwalaj\u0105cy sp\u0142aci\u0107 inne zobowi\u0105zania bankowe i otrzyma\u0107 dodatkow\u0105 got\u00f3wk\u0119, kt\u00f3r\u0105 mo\u017cesz przeznaczy\u0107 na dowolny cel.<\/p>\n<ul>\n<li><strong>Kwota kredytu:<\/strong> Maksymalnie do 200 000 z\u0142.<\/li>\n<li><strong>Cel:<\/strong> Na sp\u0142at\u0119 innych zobowi\u0105za\u0144, a cz\u0119\u015bciowo tak\u017ce na dowolny cel.<\/li>\n<li><strong>Okres sp\u0142aty:<\/strong> Maksymalnie do 10 lat (120 miesi\u0119cy).<\/li>\n<li><strong>Promocje:<\/strong> To promocyjny produkt bankowy wymagaj\u0105cy spe\u0142nienia przez Ciebie kilku warunk\u00f3w.<\/li>\n<\/ul>\n<h3>Zielony kredyt \/ EKOkredyt ratalny<\/h3>\n<p>Kredyty pozwalaj\u0105ce Ci zainwestowa\u0107 w rozwi\u0105zania energooszcz\u0119dne i ekologiczne, w tym odnawialne \u017ar\u00f3d\u0142a energii. Kredyt mo\u017cna uzyska\u0107 na lepszych warunkach zamawiaj\u0105c rozwi\u0105zania u partner\u00f3w VeloBanku.<\/p>\n<ul>\n<li><strong>Kwota kredytu:<\/strong> Maksymalnie do 200 000 z\u0142.<\/li>\n<li><strong>Cel:<\/strong> Na odnawialne \u017ar\u00f3d\u0142a energii i rozwi\u0105zania ekologiczne.<\/li>\n<li><strong>Okres sp\u0142aty:<\/strong> Maksymalnie do 10 lat (120 miesi\u0119cy).<\/li>\n<li><strong>Promocje:<\/strong> To promocyjny produkt bankowy wymagaj\u0105cy spe\u0142nienia przez Ciebie kilku warunk\u00f3w. Umow\u0119 kredytu mo\u017cna zawrze\u0107 w punktach dystrybutor\u00f3w maj\u0105cych umowy z Velo Bankiem.<\/li>\n<\/ul>\n<h3>Jakie warunki trzeba spe\u0142ni\u0107, by uzyska\u0107 kredyt got\u00f3wkowy w VeloBanku?<\/h3>\n<p>Wnioskuj\u0105c o kredyt got\u00f3wkowy w VeloBanku, musisz spe\u0142ni\u0107 okre\u015blone warunki. Bank udzieli Ci kredytu, je\u015bli poka\u017cesz, \u017ce jeste\u015b w stanie go terminowo sp\u0142aci\u0107. Nie musisz jednak mie\u0107 konta w VeloBanku ani korzysta\u0107 z innych us\u0142ug tej instytucji. Potrzebne b\u0119d\u0105 natomiast:<\/p>\n<ul>\n<li><strong>Zdolno\u015b\u0107 kredytowa:<\/strong> Aby uzyska\u0107 kredyt got\u00f3wkowy w VeloBanku, musisz posiada\u0107 odpowiedni\u0105 zdolno\u015b\u0107 kredytow\u0105. Bank ocenia j\u0105, bior\u0105c pod uwag\u0119 histori\u0119 kredytow\u0105 i dochody. Klienci banku mog\u0105 mie\u0107 zdolno\u015b\u0107 kredytow\u0105 ocenion\u0105 na podstawie analizy przep\u0142yw\u00f3w finansowych na ich koncie osobistym. Osoby nieb\u0119d\u0105ce klientami banku lub nieposiadaj\u0105ce wystarczaj\u0105cej historii rachunku w VeloBanku, mog\u0105 zosta\u0107 zobowi\u0105zane do dostarczenia dodatkowych dokument\u00f3w potwierdzaj\u0105cych dochody, takich jak wyci\u0105gi bankowe z innego banku w Polsce czy dokumenty podatkowe, np. PIT-37, PIT-36, PIT-38.<\/li>\n<li><strong>Dokumenty:<\/strong> Wymagane dokumenty mog\u0105 si\u0119 r\u00f3\u017cni\u0107 w zale\u017cno\u015bci od indywidualnej sytuacji klienta i polityki banku. Zazwyczaj bank wymaga:\n<ul>\n<li><strong>Dowodu to\u017csamo\u015bci:<\/strong> Klienci posiadaj\u0105cy konto w VeloBanku mog\u0105 by\u0107 zwolnieni z dostarczania dodatkowych dokument\u00f3w to\u017csamo\u015bci, poniewa\u017c bank ju\u017c posiada te informacje. Osoby spoza banku musz\u0105 zazwyczaj dostarczy\u0107 dokument to\u017csamo\u015bci, taki jak dow\u00f3d osobisty.<\/li>\n<li><strong>Dokument\u00f3w dochodowych:<\/strong> Klienci musz\u0105 udokumentowa\u0107 swoje dochody, co mo\u017ce obejmowa\u0107 wyci\u0105gi bankowe lub inne dokumenty potwierdzaj\u0105ce regularne wp\u0142ywy finansowe na konto.<\/li>\n<\/ul>\n<\/li>\n<\/ul>\n<h2>Jak wzi\u0105\u0107 kredyt got\u00f3wkowy w VeloBank?<\/h2>\n<p>Kredyt got\u00f3wkowy w VeloBank mo\u017cna zaci\u0105gn\u0105\u0107 za po\u015brednictwem r\u00f3\u017cnych kana\u0142\u00f3w, co umo\u017cliwia klientom wyb\u00f3r najdogodniejszej dla nich metody:<\/p>\n<ul>\n<li><strong>Aplikacja mobilna VeloBank:<\/strong> Klienci mog\u0105 skorzysta\u0107 z aplikacji mobilnej VeloBank, dost\u0119pnej na smartfony i tablety. Aplikacja pozwala na szybkie i wygodne sk\u0142adanie wniosk\u00f3w o kredyty, a tak\u017ce monitorowanie statusu wniosk\u00f3w oraz zarz\u0105dzanie kredytem po jego przyznaniu. Weryfikacji mo\u017cna dokona\u0107 metod\u0105 na selfie, ale to rozwi\u0105zanie dzia\u0142a tylko w przypadku kredyt\u00f3w niskokwotowych.<\/li>\n<li><strong>Infolinia banku:<\/strong> Klienci mog\u0105 r\u00f3wnie\u017c aplikowa\u0107 o kredyt, dzwoni\u0105c na infolini\u0119 banku. Konsultanci s\u0105 gotowi udzieli\u0107 wszelkiej pomocy i odpowiedzie\u0107 na pytania dotycz\u0105ce procesu aplikacyjnego, wymaganych dokument\u00f3w oraz warunk\u00f3w kredytu. Ta opcja jest wygodna dla os\u00f3b, kt\u00f3re preferuj\u0105 bezpo\u015bredni kontakt z doradc\u0105.<\/li>\n<li><strong>Oddzia\u0142y banku:<\/strong> Klienci mog\u0105 uda\u0107 si\u0119 do jednego z oddzia\u0142\u00f3w VeloBanku i osobi\u015bcie z\u0142o\u017cy\u0107 wniosek kredytowy. W oddziale mo\u017cna nie tylko z\u0142o\u017cy\u0107 wniosek o kredyt, ale tak\u017ce uzyska\u0107 szczeg\u00f3\u0142owe informacje i porady bezpo\u015brednio od pracownik\u00f3w banku, co mo\u017ce by\u0107 korzystne dla os\u00f3b ceni\u0105cych bezpo\u015bredni kontakt i indywidualne podej\u015bcie.<\/li>\n<\/ul>\n<h2>Jak sp\u0142aci\u0107 kredyt got\u00f3wkowy w VeloBanku?<\/h2>\n<p>Sp\u0142aci\u0107 raty w VeloBanku mo\u017cesz na kilka sposob\u00f3w. W\u015br\u00f3d dost\u0119pnych opcji jest:<\/p>\n<ul>\n<li><strong>Sp\u0142acanie w kasie banku:<\/strong> Cho\u0107 nie jest to zbyt wygodne, kredyty mo\u017cna sp\u0142aca\u0107 za pomoc\u0105 got\u00f3wkowych wp\u0142at w kasie banku czy w okienku na poczcie.<\/li>\n<li><strong>Automatyczne pobieranie raty:<\/strong> Od klient\u00f3w posiadaj\u0105cych konto w VeloBank, bank automatycznie pobiera kwot\u0119 raty kredytu w terminie okre\u015blonym w umowie. Wa\u017cne jest, aby na koncie by\u0142y dost\u0119pne \u015brodki na pokrycie raty, co zapewnia terminow\u0105 sp\u0142at\u0119 i brak op\u00f3\u017anie\u0144.<\/li>\n<li><strong>Przelewy bankowe:<\/strong> Klienci mog\u0105 r\u00f3wnie\u017c sp\u0142aca\u0107 kredyt poprzez wykonywanie przelew\u00f3w na wskazane konto bankowe. Bank dostarcza wszystkie niezb\u0119dne informacje, takie jak numer konta oraz termin sp\u0142aty, co umo\u017cliwia kontrolowanie p\u0142atno\u015bci.<\/li>\n<li><strong>Zlecenie sta\u0142e:<\/strong> Warto rozwa\u017cy\u0107 ustanowienie zlecenia sta\u0142ego, kt\u00f3re automatycznie b\u0119dzie regulowa\u0107 raty kredytu z konta klienta w ustalonym terminie. Jest to wygodne rozwi\u0105zanie, kt\u00f3re eliminuje konieczno\u015b\u0107 pami\u0119tania o terminach sp\u0142aty i zapewnia regularne regulowanie zobowi\u0105za\u0144.<\/li>\n<\/ul>\n<p>VeloBank oferuje elastyczne opcje zar\u00f3wno dla os\u00f3b aplikuj\u0105cych o kredyt, jak i tych sp\u0142acaj\u0105cych swoje zobowi\u0105zania, co zwi\u0119ksza komfort korzystania z us\u0142ug banku.<\/p>\n<h2>Zalety i wady kredytu got\u00f3wkowego w VeloBank<\/h2>\n<p>Kredyty got\u00f3wkowe w VeloBanku nie r\u00f3\u017cni\u0105 si\u0119 znacz\u0105co od tych w innych du\u017cych bankach komercyjnych. VeloBank ca\u0142y czas jest w trakcie przebudowy, co sprawia, \u017ce testuje wiele produkt\u00f3w kredytowych.<br \/>\nMa to pewne zalety z Twojego, jako klienta, punktu widzenia:<\/p>\n<p><strong>Zalety:<\/strong><\/p>\n<ul>\n<li><strong>Rozbudowana oferta kredytowa:<\/strong> VeloBank daje Ci kilka r\u00f3\u017cnych opcji w zakresie kredyt\u00f3w got\u00f3wkowych i celowych, co sprawia, \u017ce mo\u017cesz wybra\u0107 ofert\u0119 najbardziej zbli\u017con\u0105 do swoich oczekiwa\u0144 i potrzeb.<\/li>\n<li><strong>Promocyjne oferty kredytowe:<\/strong> VeloBank jest nawet gotowy udzieli\u0107 niewielkiej po\u017cyczki z RRSO 0%. Ma tak\u017ce oferty kredyt\u00f3w, kt\u00f3rych musisz sp\u0142aca\u0107 od razu i takich z promocyjnym oprocentowaniem.<\/li>\n<li><strong>Bezp\u0142atna wcze\u015bniejsza sp\u0142ata:<\/strong> Klienci VeloBank maj\u0105 mo\u017cliwo\u015b\u0107 wcze\u015bniejszej sp\u0142aty kredytu got\u00f3wkowego bez ponoszenia dodatkowych op\u0142at. Daje Ci to swobod\u0119 w zarz\u0105dzaniu swoimi finansami i pozwala na redukcj\u0119 koszt\u00f3w kredytu.<\/li>\n<li><strong>Wielokana\u0142owy dost\u0119p do us\u0142ug:<\/strong> Kredyt got\u00f3wkowy w VeloBank mo\u017cesz zaci\u0105gn\u0105\u0107 za pomoc\u0105 r\u00f3\u017cnych kana\u0142\u00f3w komunikacji, takich jak aplikacja mobilna VeloBank, infolinia, oraz oddzia\u0142y banku. Umo\u017cliwia to klientom wyb\u00f3r najbardziej wygodnej metody aplikacji.<\/li>\n<\/ul>\n<p><strong>Wady:<\/strong><\/p>\n<p>Produkty kredytowe VeloBanku s\u0105 raczej standardowej, trudno wi\u0119c m\u00f3wi\u0107 o wyra\u017anych wadach. Zwracamy jednak uwag\u0119 na:<\/p>\n<ul>\n<li><strong>Wymagania wobec kredytobiorc\u00f3w:<\/strong> Bank oferuje dobre warunki tylko przy za\u0142o\u017ceniu, \u017ce klient wyrazi zgody marketingowe, b\u0119dzie aktywnie korzysta\u0142 z konta i karty p\u0142atniczej, a czasem spe\u0142ni te\u017c inne wymagania.<\/li>\n<\/ul>\n<h2>FAQ &#8211; Najcz\u0119\u015bciej zadawane pytania<\/h2>\n<h3>Czy mo\u017cna nadp\u0142aci\u0107 kredyt got\u00f3wkowy w VeloBanku?<\/h3>\n<p>Tak, w VeloBanku mo\u017cesz nadp\u0142aca\u0107 lub dokona\u0107 wcze\u015bniejszej sp\u0142aty kredytu got\u00f3wkowego bez dodatkowych op\u0142at. Klienci mog\u0105 nadp\u0142aca\u0107 kredyt w dowolnym momencie, co pozwala na szybsze zmniejszenie zad\u0142u\u017cenia i obni\u017cenie ca\u0142kowitych koszt\u00f3w kredytu. Dotyczy to wszystkich kredyt\u00f3w got\u00f3wkowych.<\/p>\n<h3>Jakie mo\u017ce by\u0107 oprocentowanie kredytu got\u00f3wkowego w VeloBanku?<\/h3>\n<p>VeloBank oferuje kredyty z oprocentowaniem sta\u0142ym lub zmiennym. To drugie dotyczy wi\u0119kszo\u015bci kredyt\u00f3w w tym banku, ale standardowe produkty maj\u0105 swoje odpowiedniki z oprocentowaniem sta\u0142ym.<\/p>\n<h3>Na jaki cel mo\u017cna przeznaczy\u0107 kredyt got\u00f3wkowy w VeloBank?<\/h3>\n<p>Kredyt got\u00f3wkowy w VeloBank mo\u017cesz wykorzysta\u0107 na dowolny cel. Bank nie wprowadza \u017cadnych ogranicze\u0144 co do przeznaczenia \u015brodk\u00f3w, co daje Ci pe\u0142n\u0105 swobod\u0119 w decydowaniu, jak chcesz spo\u017cytkowa\u0107 po\u017cyczone pieni\u0105dze. Dodatkowo VeloBank oferuje kredyty celowe, na przyk\u0142ad ekologiczne czy dla firm, z warunkami okre\u015blonymi w umowie.<\/p>\n<h3>Jaka jest maksymalna kwota kredytu got\u00f3wkowego w VeloBank?<\/h3>\n<p>VeloBank oferuje kredyty got\u00f3wkowe do 200 000 z\u0142 dla os\u00f3b fizycznych. Wysoko\u015b\u0107 dost\u0119pnej kwoty kredytu zale\u017cy od Twojej zdolno\u015bci kredytowej, dochod\u00f3w oraz historii kredytowej. Bank dok\u0142adnie ocenia sytuacj\u0119 finansow\u0105 ka\u017cdego klienta, aby zaproponowa\u0107 odpowiedni\u0105 kwot\u0119 kredytu dostosowan\u0105 do jego potrzeb i mo\u017cliwo\u015bci terminowej sp\u0142aty.<\/p>\n<h3>Jaki jest maksymalny okres sp\u0142aty kredytu got\u00f3wkowego w VeloBank?<\/h3>\n<p>Maksymalny okres sp\u0142aty kredytu got\u00f3wkowego w VeloBank wynosi 10 lat. Okres sp\u0142aty mo\u017ce by\u0107 dostosowany do indywidualnych preferencji i mo\u017cliwo\u015bci klienta, jednak wyd\u0142u\u017cenie okresu sp\u0142aty b\u0119dzie prowadzi\u0107 do wy\u017cszych koszt\u00f3w kredytu ze wzgl\u0119du na d\u0142u\u017cej naliczane odsetki.<\/p>\n","protected":false},"excerpt":{"rendered":"<p>VeloBank udziela kredyt\u00f3w got\u00f3wkowych i celowych dla os\u00f3b fizycznych, ma\u0142ych firm, a tak\u017ce sektora publicznego.<\/p>\n","protected":false},"author":66,"featured_media":0,"parent":7855,"menu_order":0,"comment_status":"closed","ping_status":"closed","template":"page_bank_product.php","meta":{"_acf_changed":false,"yasr_overall_rating":0,"yasr_post_is_review":"","yasr_auto_insert_disabled":"","yasr_review_type":"","footnotes":""},"class_list":["post-10434","page","type-page","status-publish","hentry"],"acf":[],"yoast_head":"<!-- This site is optimized with the Yoast SEO plugin v27.1.1 - https:\/\/yoast.com\/product\/yoast-seo-wordpress\/ -->\n<title>Kredyty got\u00f3wkowe w VeloBanku - sprawd\u017a oferty bankowe | Por\u00f3wnywarka finansowa Rankomat<\/title>\n<meta name=\"robots\" content=\"index, follow, max-snippet:-1, max-image-preview:large, max-video-preview:-1\" \/>\n<link rel=\"canonical\" href=\"https:\/\/rankomat.pl\/finanse\/banki\/velobank\/kredyty-gotowkowe\/\" \/>\n<meta property=\"og:locale\" content=\"pl_PL\" \/>\n<meta property=\"og:type\" content=\"article\" \/>\n<meta property=\"og:title\" content=\"Kredyty got\u00f3wkowe w VeloBanku - sprawd\u017a {{count_bank_0}} | Por\u00f3wnywarka finansowa Rankomat\" \/>\n<meta property=\"og:description\" content=\"VeloBank udziela kredyt\u00f3w got\u00f3wkowych i celowych dla os\u00f3b fizycznych, ma\u0142ych firm, a tak\u017ce sektora publicznego.\" \/>\n<meta property=\"og:url\" content=\"https:\/\/rankomat.pl\/finanse\/banki\/velobank\/kredyty-gotowkowe\/\" \/>\n<meta property=\"og:site_name\" content=\"Por\u00f3wnywarka finansowa Rankomat\" \/>\n<meta property=\"article:publisher\" content=\"https:\/\/www.facebook.com\/rankomatpl\/\" \/>\n<meta property=\"article:modified_time\" content=\"2024-08-06T06:01:07+00:00\" \/>\n<meta property=\"og:image\" content=\"https:\/\/rankomat.pl\/finanse\/wp-content\/uploads\/2021\/03\/rankomat-star-og.png\" \/>\n\t<meta property=\"og:image:width\" content=\"480\" \/>\n\t<meta property=\"og:image:height\" content=\"320\" \/>\n\t<meta property=\"og:image:type\" content=\"image\/png\" \/>\n<meta name=\"twitter:card\" content=\"summary_large_image\" \/>\n<meta name=\"twitter:site\" content=\"@rankomat\" \/>\n<meta name=\"twitter:label1\" content=\"Szacowany czas czytania\" \/>\n\t<meta name=\"twitter:data1\" content=\"10 minut\" \/>\n<script type=\"application\/ld+json\" class=\"yoast-schema-graph\">{\"@context\":\"https:\/\/schema.org\",\"@graph\":[{\"@type\":\"BreadcrumbList\",\"@id\":\"https:\/\/rankomat.pl\/finanse\/banki\/velobank\/kredyty-gotowkowe\/#breadcrumb\",\"itemListElement\":[{\"@type\":\"ListItem\",\"position\":1,\"name\":\"Finanse\",\"item\":\"https:\/\/rankomat.pl\/finanse\/\"},{\"@type\":\"ListItem\",\"position\":2,\"name\":\"Banki\",\"item\":\"https:\/\/rankomat.pl\/finanse\/banki\/\"},{\"@type\":\"ListItem\",\"position\":3,\"name\":\"VeloBank\",\"item\":\"https:\/\/rankomat.pl\/finanse\/banki\/velobank\/\"},{\"@type\":\"ListItem\",\"position\":4,\"name\":\"Kredyty got\u00f3wkowe w VeloBanku\"}]}]}<\/script>\n<!-- \/ Yoast SEO plugin. -->","yoast_head_json":{"title":"Kredyty got\u00f3wkowe w VeloBanku - sprawd\u017a oferty bankowe | Por\u00f3wnywarka finansowa Rankomat","robots":{"index":"index","follow":"follow","max-snippet":"max-snippet:-1","max-image-preview":"max-image-preview:large","max-video-preview":"max-video-preview:-1"},"canonical":"https:\/\/rankomat.pl\/finanse\/banki\/velobank\/kredyty-gotowkowe\/","og_locale":"pl_PL","og_type":"article","og_title":"Kredyty got\u00f3wkowe w VeloBanku - sprawd\u017a {{count_bank_0}} | Por\u00f3wnywarka finansowa Rankomat","og_description":"VeloBank udziela kredyt\u00f3w got\u00f3wkowych i celowych dla os\u00f3b fizycznych, ma\u0142ych firm, a tak\u017ce sektora publicznego.","og_url":"https:\/\/rankomat.pl\/finanse\/banki\/velobank\/kredyty-gotowkowe\/","og_site_name":"Por\u00f3wnywarka finansowa Rankomat","article_publisher":"https:\/\/www.facebook.com\/rankomatpl\/","article_modified_time":"2024-08-06T06:01:07+00:00","og_image":[{"width":480,"height":320,"url":"https:\/\/rankomat.pl\/finanse\/wp-content\/uploads\/2021\/03\/rankomat-star-og.png","type":"image\/png"}],"twitter_card":"summary_large_image","twitter_site":"@rankomat","twitter_misc":{"Szacowany czas czytania":"10 minut"},"schema":{"@context":"https:\/\/schema.org","@graph":[{"@type":"BreadcrumbList","@id":"https:\/\/rankomat.pl\/finanse\/banki\/velobank\/kredyty-gotowkowe\/#breadcrumb","itemListElement":[{"@type":"ListItem","position":1,"name":"Finanse","item":"https:\/\/rankomat.pl\/finanse\/"},{"@type":"ListItem","position":2,"name":"Banki","item":"https:\/\/rankomat.pl\/finanse\/banki\/"},{"@type":"ListItem","position":3,"name":"VeloBank","item":"https:\/\/rankomat.pl\/finanse\/banki\/velobank\/"},{"@type":"ListItem","position":4,"name":"Kredyty got\u00f3wkowe w VeloBanku"}]}]}},"yasr_visitor_votes":{"stars_attributes":{"read_only":false,"span_bottom":false},"number_of_votes":0,"sum_votes":0},"_links":{"self":[{"href":"https:\/\/rankomat.pl\/finanse\/wp-json\/wp\/v2\/pages\/10434","targetHints":{"allow":["GET"]}}],"collection":[{"href":"https:\/\/rankomat.pl\/finanse\/wp-json\/wp\/v2\/pages"}],"about":[{"href":"https:\/\/rankomat.pl\/finanse\/wp-json\/wp\/v2\/types\/page"}],"author":[{"embeddable":true,"href":"https:\/\/rankomat.pl\/finanse\/wp-json\/wp\/v2\/users\/66"}],"replies":[{"embeddable":true,"href":"https:\/\/rankomat.pl\/finanse\/wp-json\/wp\/v2\/comments?post=10434"}],"version-history":[{"count":0,"href":"https:\/\/rankomat.pl\/finanse\/wp-json\/wp\/v2\/pages\/10434\/revisions"}],"up":[{"embeddable":true,"href":"https:\/\/rankomat.pl\/finanse\/wp-json\/wp\/v2\/pages\/7855"}],"wp:attachment":[{"href":"https:\/\/rankomat.pl\/finanse\/wp-json\/wp\/v2\/media?parent=10434"}],"curies":[{"name":"wp","href":"https:\/\/api.w.org\/{rel}","templated":true}]}}