{"id":10436,"date":"2024-08-04T15:45:21","date_gmt":"2024-08-04T13:45:21","guid":{"rendered":"https:\/\/rankomat.pl\/finanse\/?page_id=10436"},"modified":"2024-08-04T15:45:21","modified_gmt":"2024-08-04T13:45:21","slug":"kredyty-samochodowe","status":"publish","type":"page","link":"https:\/\/rankomat.pl\/finanse\/banki\/velobank\/kredyty-samochodowe\/","title":{"rendered":"Kredyty samochodowe w VeloBanku"},"content":{"rendered":"<p><strong>VeloBank udziela kilku typ\u00f3w kredyt\u00f3w samochodowych, z kt\u00f3rych mo\u017cesz skorzysta\u0107, gdy potrzebujesz auta prywatnego lub do pracy. Bank finansuje tak\u017ce zakup pojazd\u00f3w u\u017cywanych.<\/strong><\/p>\n<p><!--more--><\/p>\n<h2>Jakie kredyty samochodowe dost\u0119pne s\u0105 w VeloBanku?<\/h2>\n<p>Dost\u0119pne jest kilka produkt\u00f3w kredytowych tego typu. Najbardziej standardowy spo\u015br\u00f3d nich, bardzo przypomina kredyty samochodowe w innych bankach, podczas gdy pozosta\u0142e maj\u0105 zastosowanie w szczeg\u00f3lnych przypadkach.<\/p>\n<h3>Kredyt samochodowy Wymarzone auto<\/h3>\n<p>Standardowy kredyty samochodowy z jednym usprawnieniem, kt\u00f3re mo\u017ce Ci\u0119 zainteresowa\u0107: najpierw otrzymujesz pieni\u0105dze na konto, a dopiero musisz dostarczy\u0107 dow\u00f3d zakupu pojazdu w ci\u0105gu 60 dni.<\/p>\n<ul>\n<li><strong>Maksymalna kwota:<\/strong> Do 150 000 z\u0142.<\/li>\n<li><strong>Przeznaczenie:<\/strong> Zakup samochodu osobowego nowego lub u\u017cywanego.<\/li>\n<li><strong>Okres sp\u0142aty:<\/strong> Maksymalnie do 12 lat.<\/li>\n<li><strong>Maksymalny wiek pojazdu:<\/strong> Brak informacji, ale bank nie stawia sztywnych wymaga\u0144 w tej kwestii.<\/li>\n<\/ul>\n<h3>Kredyt samochodowy VeloElektryk<\/h3>\n<p>Celowy kredyt przyznawany wy\u0142\u0105cznie na zakup aut elektrycznych.<\/p>\n<ul>\n<li><strong>Maksymalna kwota:<\/strong> Do 300 000 z\u0142.<\/li>\n<li><strong>Przeznaczenie:<\/strong> Zakup samochodu elektrycznego, hybrydowego lub wodorowego. Tak\u017ce na pojazdy u\u017cywane.<\/li>\n<li><strong>Okres sp\u0142aty: <\/strong>Maksymalnie do 12 lat.<\/li>\n<li><strong>Maksymalny wiek pojazdu:<\/strong> Brak informacji, ale bank nie stawia sztywnych wymaga\u0144 w tej kwestii.<\/li>\n<\/ul>\n<h3>Kredyt samochodowy &#8211; oferta bran\u017cowa<\/h3>\n<p>Kredyt samochodowy dla klient\u00f3w zwi\u0105zanych z bran\u017c\u0105 energetyczn\u0105, finansow\u0105, farmaceutyczn\u0105 lub ochron\u0105 zdrowia.<\/p>\n<ul>\n<li><strong>Maksymalna kwota:<\/strong> Do 300 000 z\u0142.<\/li>\n<li><strong>Przeznaczenie:<\/strong> Zakup samochodu osobowego.<\/li>\n<li><strong>Okres sp\u0142aty:<\/strong> Maksymalnie do 12 lat.<\/li>\n<li><strong>Maksymalny wiek pojazdu:<\/strong> Brak informacji, ale bank nie stawia sztywnych wymaga\u0144 w tej kwestii.<\/li>\n<\/ul>\n<h2>Jakie warunki trzeba spe\u0142ni\u0107 wnioskuj\u0105c o kredyt samochodowy w VeloBanku?<\/h2>\n<p>VeloBank udziela kredyt\u00f3w samochodowych na nieco innych zasadach ni\u017c konkurencyjne banki. Oczywi\u015bcie w dalszym ci\u0105gu b\u0119d\u0105 Ci potrzebne:<\/p>\n<ul>\n<li>Zdolno\u015b\u0107 kredytowa,<\/li>\n<li>Dobra historia kredytowa,<\/li>\n<li>Wk\u0142ad w\u0142asny (nie zawsze),<\/li>\n<li>Pojazd, kt\u00f3ry chcesz kupi\u0107,<\/li>\n<li>Dokumenty potwierdzaj\u0105ce dochody i umow\u0119 zakupu pojazdu.<\/li>\n<\/ul>\n<p>Wyj\u0105tkowo jednak mo\u017cesz najpierw zawrze\u0107 umow\u0119 kredytu i otrzyma\u0107 pieni\u0105dze na konto, a dopiero potem zdecydowa\u0107 jaki samoch\u00f3d chcesz kupi\u0107. Jest to wyj\u0105tkowe w przypadku kredyt\u00f3w samochodowych obni\u017cenie wymaga\u0144 wobec klienta.<\/p>\n<h2>Jak zabezpieczona jest sp\u0142ata kredytu samochodowego w VeloBanku?<\/h2>\n<p>Zabezpieczeniem sp\u0142aty kredytu w przypadku kredytu samochodowego w VeloBanku jest przede wszystkim sam samoch\u00f3d. Bank stosuje r\u00f3wnie\u017c zabezpieczenie w postaci dodatkowego ubezpieczenia pojazdu.<\/p>\n<p>Szczeg\u00f3\u0142y zale\u017c\u0105 od rodzaju pojazdu i zapis\u00f3w umowy kredytowej.<\/p>\n<h2>Jakie mo\u017ce by\u0107 oprocentowanie kredytu samochodowego w VeloBanku?<\/h2>\n<p>VeloBank oferuje kredyty samochodowe z oprocentowaniem zmiennym. Koszty kredytu s\u0105 zbli\u017cone do oferty innych bank\u00f3w uniwersalnych i samochodowych. Brak oferty z oprocentowaniem sta\u0142ym czy okresowo sta\u0142ym.<\/p>\n<h2>Jak wzi\u0105\u0107 kredyt samochodowy w VeloBanku?<\/h2>\n<p>Je\u015bli chcesz zaci\u0105gn\u0105\u0107 kredyt samochodowy VeloBank, procedura jest nast\u0119puj\u0105ca:<\/p>\n<ul>\n<li>Wype\u0142nij formularz kontaktowy online,<\/li>\n<li>Poczekaj na rozmow\u0119 z konsultantem,<\/li>\n<li>Z\u0142\u00f3\u017c wniosek podczas rozmowy telefonicznej,<\/li>\n<li>Dokonaj weryfikacji podczas wideorozmowy (potrzebny dow\u00f3d osobisty),<\/li>\n<li>Wska\u017c konto, na kt\u00f3re maj\u0105 by\u0107 przelane \u015brodki.<\/li>\n<\/ul>\n<h2>Jakie dokumenty s\u0105 potrzebne do kredytu samochodowego w VeloBanku?<\/h2>\n<p>Do zaci\u0105gni\u0119cia kredytu samochodowego w VeloBanku konieczne s\u0105:<\/p>\n<ul>\n<li>Dow\u00f3d osobisty (lub inny dokument potwierdzaj\u0105cy to\u017csamo\u015b\u0107),<\/li>\n<li>Za\u015bwiadczenie o dochodach lub inne dokumenty je potwierdzaj\u0105ce (wyci\u0105g z konta),<\/li>\n<li>Dokument dotycz\u0105cy zakupu samochodu (faktur\u0119 lub umow\u0119 kupna-sprzeda\u017cy). Mo\u017cesz ten dokument dostarczy\u0107 p\u00f3\u017aniej.<\/li>\n<\/ul>\n<h2>Jakie s\u0105 zalety i wady kredytu samochodowego w VeloBanku?<\/h2>\n<p>Kredyty samochodowe s\u0105 VeloBanku s\u0105 oferowane na szczeg\u00f3lnych warunkach, co powoduje, \u017ce mog\u0105 mie\u0107 dla Ciebie kilka zalet:<\/p>\n<p><strong>Zalety:<\/strong><\/p>\n<ul>\n<li>Kilka r\u00f3\u017cnych produkt\u00f3w kredytowych, na tyle elastycznych, by umo\u017cliwi\u0107 Ci wyb\u00f3r.<\/li>\n<li>D\u0142ugi dost\u0119pny okres kredytowania, nawet do 12 lat.<\/li>\n<li>Mo\u017cliwo\u015b\u0107 zaci\u0105gni\u0119cia kredytu przed zakupem pojazdu.<\/li>\n<\/ul>\n<p>Oferta kredyt\u00f3w samochodowych w VeloBanku mo\u017ce by\u0107 wi\u0119c atrakcyjna, ale nie jest bez wad.<\/p>\n<p><strong>Wady:<\/strong><\/p>\n<ul>\n<li>Specyficzna \u015bcie\u017cka ubiegania si\u0119 o kredyt wymaga skorzystania z r\u00f3\u017cnych form komunikacji z bankiem.<\/li>\n<\/ul>\n<h2>Jak sp\u0142aci\u0107 kredyt samochodowy VeloBanku?<\/h2>\n<p>Bank oferuje jedynie kredyt samochodowy w standardowej sp\u0142acie &#8211; klient sp\u0142aca kredyt w ratach r\u00f3wnych, ewentualnie na ko\u0144cu dop\u0142aca rat\u0119 wyr\u00f3wnuj\u0105c\u0105. Sp\u0142aca\u0107 mo\u017cesz wykorzystuj\u0105c nast\u0119puj\u0105ce sposoby:<\/p>\n<ul>\n<li><strong>Automatyczne pobieranie raty:<\/strong> Bank automatycznie pobiera kwot\u0119 raty z Twojego konta w okre\u015blonym terminie. Wa\u017cne jest, aby na koncie by\u0142y dost\u0119pne \u015brodki na pokrycie raty.<\/li>\n<li><strong>Przelewy bankowe:<\/strong> Mo\u017cesz sp\u0142aca\u0107 kredyt poprzez przelewy na wskazane konto bankowe, korzystaj\u0105c z dostarczonych przez bank informacji o numerze konta i terminie sp\u0142aty.<\/li>\n<li><strong>Zlecenie sta\u0142e:<\/strong> Mo\u017cesz ustanowi\u0107 zlecenie sta\u0142e, kt\u00f3re automatycznie reguluje raty kredytu z Twojego konta w ustalonym terminie, eliminuj\u0105c konieczno\u015b\u0107 pami\u0119tania o terminach sp\u0142aty.<\/li>\n<\/ul>\n<h3>Na jaki cel mo\u017cna przeznaczy\u0107 kredyt samochodowy w VeloBanku?<\/h3>\n<p>Kredyty samochodowe w VeloBanku przyznawane s\u0105 na zakup samochod\u00f3w osobowych, niekt\u00f3re z nich wymagaj\u0105, by by\u0142 to samoch\u00f3d elektryczny lub hybrydowy.<\/p>\n<h2>FAQ &#8211; najcz\u0119\u015bciej zadawane pytania<\/h2>\n<h3>Czy mo\u017cna nadp\u0142aci\u0107 kredyt samochodowy w VeloBanku?<\/h3>\n<p>Tak i bank nie pobiera z tego tytu\u0142u dodatkowych op\u0142at. W przypadku kredyt\u00f3w samochodowych wcze\u015bniejsza sp\u0142ata kredytu to popularna praktyka, zw\u0142aszcza gdy w\u0142a\u015bciciel chce sprzeda\u0107 pojazd.<\/p>\n<h3>Jaka jest maksymalna kwota kredytu samochodowego w VeloBanku?<\/h3>\n<p>Maksymalnie mo\u017cna po\u017cyczy\u0107 300 000 z\u0142. Kwota nie mo\u017ce oznacza\u0107 pe\u0142nej warto\u015bci samochodu czy innego pojazdu. Zawsze klient musi wnie\u015b\u0107 przynajmniej minimalny wk\u0142ad w\u0142asny.<\/p>\n<h3>Jaki jest maksymalny okres sp\u0142aty kredytu samochodowego w VeloBanku?<\/h3>\n<p>Kredyt mo\u017cna sp\u0142aca\u0107 przez maksymalnie 12 lat. Jest to wyj\u0105tkowo d\u0142ugi okres kredytowania jak na kredyt samochodowy, poniewa\u017c wi\u0119kszo\u015b\u0107 bank\u00f3w oferuje maksima na poziomie 8-10 lat.<\/p>\n","protected":false},"excerpt":{"rendered":"<p>VeloBank udziela kilku typ\u00f3w kredyt\u00f3w samochodowych, z kt\u00f3rych mo\u017cesz skorzysta\u0107, gdy potrzebujesz auta prywatnego lub do pracy. Bank finansuje tak\u017ce [&hellip;]<\/p>\n","protected":false},"author":66,"featured_media":0,"parent":7855,"menu_order":0,"comment_status":"closed","ping_status":"closed","template":"page_bank_product.php","meta":{"_acf_changed":false,"yasr_overall_rating":0,"yasr_post_is_review":"","yasr_auto_insert_disabled":"","yasr_review_type":"","footnotes":""},"class_list":["post-10436","page","type-page","status-publish","hentry"],"acf":[],"yoast_head":"<!-- This site is optimized with the Yoast SEO plugin v27.1.1 - https:\/\/yoast.com\/product\/yoast-seo-wordpress\/ -->\n<title>Kredyty samochodowe w VeloBanku - sprawd\u017a oferty bankowe | Por\u00f3wnywarka finansowa Rankomat<\/title>\n<meta name=\"robots\" content=\"index, follow, max-snippet:-1, max-image-preview:large, max-video-preview:-1\" \/>\n<link rel=\"canonical\" href=\"https:\/\/rankomat.pl\/finanse\/banki\/velobank\/kredyty-samochodowe\/\" \/>\n<meta property=\"og:locale\" content=\"pl_PL\" \/>\n<meta property=\"og:type\" content=\"article\" \/>\n<meta property=\"og:title\" content=\"Kredyty samochodowe w VeloBanku - sprawd\u017a {{count_bank_0}} | Por\u00f3wnywarka finansowa Rankomat\" \/>\n<meta property=\"og:description\" content=\"VeloBank udziela kilku typ\u00f3w kredyt\u00f3w samochodowych, z kt\u00f3rych mo\u017cesz skorzysta\u0107, gdy potrzebujesz auta prywatnego lub do pracy. Bank finansuje tak\u017ce [&hellip;]\" \/>\n<meta property=\"og:url\" content=\"https:\/\/rankomat.pl\/finanse\/banki\/velobank\/kredyty-samochodowe\/\" \/>\n<meta property=\"og:site_name\" content=\"Por\u00f3wnywarka finansowa Rankomat\" \/>\n<meta property=\"article:publisher\" content=\"https:\/\/www.facebook.com\/rankomatpl\/\" \/>\n<meta property=\"og:image\" content=\"https:\/\/rankomat.pl\/finanse\/wp-content\/uploads\/2021\/03\/rankomat-star-og.png\" \/>\n\t<meta property=\"og:image:width\" content=\"480\" \/>\n\t<meta property=\"og:image:height\" content=\"320\" \/>\n\t<meta property=\"og:image:type\" content=\"image\/png\" \/>\n<meta name=\"twitter:card\" content=\"summary_large_image\" \/>\n<meta name=\"twitter:site\" content=\"@rankomat\" \/>\n<meta name=\"twitter:label1\" content=\"Szacowany czas czytania\" \/>\n\t<meta name=\"twitter:data1\" content=\"5 minut\" \/>\n<script type=\"application\/ld+json\" class=\"yoast-schema-graph\">{\"@context\":\"https:\/\/schema.org\",\"@graph\":[{\"@type\":\"BreadcrumbList\",\"@id\":\"https:\/\/rankomat.pl\/finanse\/banki\/velobank\/kredyty-samochodowe\/#breadcrumb\",\"itemListElement\":[{\"@type\":\"ListItem\",\"position\":1,\"name\":\"Finanse\",\"item\":\"https:\/\/rankomat.pl\/finanse\/\"},{\"@type\":\"ListItem\",\"position\":2,\"name\":\"Banki\",\"item\":\"https:\/\/rankomat.pl\/finanse\/banki\/\"},{\"@type\":\"ListItem\",\"position\":3,\"name\":\"VeloBank\",\"item\":\"https:\/\/rankomat.pl\/finanse\/banki\/velobank\/\"},{\"@type\":\"ListItem\",\"position\":4,\"name\":\"Kredyty samochodowe w VeloBanku\"}]}]}<\/script>\n<!-- \/ Yoast SEO plugin. -->","yoast_head_json":{"title":"Kredyty samochodowe w VeloBanku - sprawd\u017a oferty bankowe | Por\u00f3wnywarka finansowa Rankomat","robots":{"index":"index","follow":"follow","max-snippet":"max-snippet:-1","max-image-preview":"max-image-preview:large","max-video-preview":"max-video-preview:-1"},"canonical":"https:\/\/rankomat.pl\/finanse\/banki\/velobank\/kredyty-samochodowe\/","og_locale":"pl_PL","og_type":"article","og_title":"Kredyty samochodowe w VeloBanku - sprawd\u017a {{count_bank_0}} | Por\u00f3wnywarka finansowa Rankomat","og_description":"VeloBank udziela kilku typ\u00f3w kredyt\u00f3w samochodowych, z kt\u00f3rych mo\u017cesz skorzysta\u0107, gdy potrzebujesz auta prywatnego lub do pracy. Bank finansuje tak\u017ce [&hellip;]","og_url":"https:\/\/rankomat.pl\/finanse\/banki\/velobank\/kredyty-samochodowe\/","og_site_name":"Por\u00f3wnywarka finansowa Rankomat","article_publisher":"https:\/\/www.facebook.com\/rankomatpl\/","og_image":[{"width":480,"height":320,"url":"https:\/\/rankomat.pl\/finanse\/wp-content\/uploads\/2021\/03\/rankomat-star-og.png","type":"image\/png"}],"twitter_card":"summary_large_image","twitter_site":"@rankomat","twitter_misc":{"Szacowany czas czytania":"5 minut"},"schema":{"@context":"https:\/\/schema.org","@graph":[{"@type":"BreadcrumbList","@id":"https:\/\/rankomat.pl\/finanse\/banki\/velobank\/kredyty-samochodowe\/#breadcrumb","itemListElement":[{"@type":"ListItem","position":1,"name":"Finanse","item":"https:\/\/rankomat.pl\/finanse\/"},{"@type":"ListItem","position":2,"name":"Banki","item":"https:\/\/rankomat.pl\/finanse\/banki\/"},{"@type":"ListItem","position":3,"name":"VeloBank","item":"https:\/\/rankomat.pl\/finanse\/banki\/velobank\/"},{"@type":"ListItem","position":4,"name":"Kredyty samochodowe w VeloBanku"}]}]}},"yasr_visitor_votes":{"stars_attributes":{"read_only":false,"span_bottom":false},"number_of_votes":0,"sum_votes":0},"_links":{"self":[{"href":"https:\/\/rankomat.pl\/finanse\/wp-json\/wp\/v2\/pages\/10436","targetHints":{"allow":["GET"]}}],"collection":[{"href":"https:\/\/rankomat.pl\/finanse\/wp-json\/wp\/v2\/pages"}],"about":[{"href":"https:\/\/rankomat.pl\/finanse\/wp-json\/wp\/v2\/types\/page"}],"author":[{"embeddable":true,"href":"https:\/\/rankomat.pl\/finanse\/wp-json\/wp\/v2\/users\/66"}],"replies":[{"embeddable":true,"href":"https:\/\/rankomat.pl\/finanse\/wp-json\/wp\/v2\/comments?post=10436"}],"version-history":[{"count":0,"href":"https:\/\/rankomat.pl\/finanse\/wp-json\/wp\/v2\/pages\/10436\/revisions"}],"up":[{"embeddable":true,"href":"https:\/\/rankomat.pl\/finanse\/wp-json\/wp\/v2\/pages\/7855"}],"wp:attachment":[{"href":"https:\/\/rankomat.pl\/finanse\/wp-json\/wp\/v2\/media?parent=10436"}],"curies":[{"name":"wp","href":"https:\/\/api.w.org\/{rel}","templated":true}]}}