{"id":10438,"date":"2024-08-04T15:59:45","date_gmt":"2024-08-04T13:59:45","guid":{"rendered":"https:\/\/rankomat.pl\/finanse\/?page_id=10438"},"modified":"2024-08-04T16:04:14","modified_gmt":"2024-08-04T14:04:14","slug":"konta-bankowe","status":"publish","type":"page","link":"https:\/\/rankomat.pl\/finanse\/banki\/velobank\/konta-bankowe\/","title":{"rendered":"Konta bankowe w VeloBanku"},"content":{"rendered":"<p><strong>W VeloBanku znajdziesz bogat\u0105 ofert\u0119 kont bankowych, kt\u00f3ra obejmuje zar\u00f3wno rachunki oszcz\u0119dno\u015bciowo-rozliczeniowe (ROR), jak i konta firmowe, konta celowe oraz oszcz\u0119dno\u015bciowe, zapewniaj\u0105c szeroki wyb\u00f3r dost\u0119pnych opcji.<\/strong><\/p>\n<h2><!--more--><br \/>\nJakie konta osobiste dost\u0119pne s\u0105 w VeloBanku ?<\/h2>\n<p>Konta osobiste w VeloBanku to przekr\u00f3j rozwi\u0105za\u0144 dla r\u00f3\u017cnych grup odbiorc\u00f3w. Od standardowych ROR-\u00f3w, przez konta studenckie i walutowe, a\u017c po biznesowe konta z obs\u0142ug\u0105 VIP. Na dzie\u0144 22 lipca 2024 r. w ofercie banku znajdziesz poni\u017csze rozwi\u0105zania.<\/p>\n<h3>Konto dla ka\u017cdego \/ VeloKonto<\/h3>\n<p>Standardowe konto bankowe, kt\u00f3re uprawnia Ci\u0119 do promocji takich jak cashback za zakupy czy dost\u0119p do promocyjnych produkt\u00f3w VeloBanku. W por\u00f3wnaniu z konkurencj\u0105, konto oferuje mniej darmowych przywilej\u00f3w, ale wi\u0119cej opcji odzyskiwania got\u00f3wki, je\u015bli spe\u0142niasz wymagania banku.<\/p>\n<h3>Konto dla m\u0142odych<\/h3>\n<p>Konto bankowe dla os\u00f3b w wieku 18-26 lat. Daje wi\u0119cej darmowych opcji pod warunkiem wykonania 5 p\u0142atno\u015bci BLIKiem w ci\u0105gu miesi\u0105ca.<\/p>\n<h3>VeloKonto Junior<\/h3>\n<p>Konto przeznaczone dla os\u00f3b w wieku 13-18 lat, zak\u0142adane przez rodzic\u00f3w lub opiekun\u00f3w. Cz\u0119\u015bciowo pod kontrol\u0105 osoby doros\u0142ej.<\/p>\n<h2>Jak za\u0142o\u017cy\u0107 konto osobiste w VeloBanku?<\/h2>\n<p>Konta mo\u017cesz zak\u0142ada\u0107 przez internet korzystaj\u0105c z weryfikacji selfie, lub w oddziale banku. VeloBank wymaga przyj\u015bcia z dzieckiem do oddzia\u0142u, je\u015bli zak\u0142adasz dla niego konto Junior.<\/p>\n<h2>Kto mo\u017ce otworzy\u0107 konto w VeloBanku?<\/h2>\n<p>Konto w VeloBanku mog\u0105 otworzy\u0107 osoby pe\u0142noletnie, posiadaj\u0105ce pe\u0142n\u0105 zdolno\u015b\u0107 do czynno\u015bci prawnych. Osoby niepe\u0142noletnie mog\u0105 za\u0142o\u017cy\u0107 konto przez swoich rodzic\u00f3w lub opiekun\u00f3w prawnych. Bank posiada ofert\u0119 zar\u00f3wno dla obywateli polskich, jak i cudzoziemc\u00f3w.<\/p>\n<h2>Koszty otwarcia i prowadzenia konta osobistego w VeloBanku<\/h2>\n<p>Otwarcie i prowadzenie podstawowego rachunku oszcz\u0119dno\u015bciowo-rozliczeniowego w VeloBanku jest darmowe. Bank oferuje mniej darmowych opcji ni\u017c inne, ale za to daje gratyfikacje finansowe za aktywne u\u017cywanie rachunku.<\/p>\n<h2>Karta p\u0142atnicza w VeloBanku<\/h2>\n<p>VeloBank umo\u017cliwia wyrobienie karty p\u0142atniczej (karty debetowej) do konta osobistego. Pierwsza karta jest bezp\u0142atna, ale za kolejne karty mog\u0105 by\u0107 naliczane op\u0142aty.<\/p>\n<h2>Dodatkowe us\u0142ugi i produkty zwi\u0105zane z kontem osobistym w VeloBanku<\/h2>\n<p>VeloBank oferuje dodatkowe us\u0142ugi, takie jak bankowo\u015b\u0107 internetowa, mobilna i telefoniczna, dost\u0119p do bankomat\u00f3w i wp\u0142atomat\u00f3w na terenie kraju oraz produkty oszcz\u0119dno\u015bciowe i inwestycyjne. Otwarcie konta daje dost\u0119p do szerokiej gamy rozwi\u0105za\u0144 finansowych, dostosowanych do indywidualnych potrzeb klient\u00f3w.<\/p>\n<h2>FAQ &#8211; najcz\u0119\u015bciej zadawane pytania<\/h2>\n<h3>Czy konto bankowe jest oprocentowane?<\/h3>\n<p>Klasyczny ROR lub konto firmowe nie s\u0105 oprocentowane. Jedynie konta oszcz\u0119dno\u015bciowe przynios\u0105 Ci wymierne korzy\u015bci w postaci odsetek. Oprocentowanie konta mo\u017cesz sprawdzi\u0107 w umowie rachunku i ofercie banku.<\/p>\n<h3>Jaki jest numer IBAN konta w VeloBanku?<\/h3>\n<p>VeloBank korzysta z kodu SWIFT GBGCPLPK XXX (Odziedziczony po Getin Banku), a numer IBAN jest indywidualny dla ka\u017cdego konta i zazwyczaj sk\u0142ada si\u0119 z 26 znak\u00f3w, oraz oznaczenia PL identyfikuj\u0105cego konto jako za\u0142o\u017cone w polskim banku.<\/p>\n<h3>Czy mo\u017cna zmieni\u0107 typ konta w VeloBanku?<\/h3>\n<p>Raz za\u0142o\u017cone konto pozostaje kontem tego samego typu. Mo\u017cna jednak za\u0142o\u017cy\u0107 nowe konto innego typu w tym samym banku i przenie\u015b\u0107 na niego swoj\u0105 aktywno\u015b\u0107. Nie mo\u017cna zrobi\u0107 tego z zachowaniem tego samego numeru konta.<\/p>\n<h3>Czy mo\u017cna za\u0142o\u017cy\u0107 konto wsp\u00f3lne w VeloBanku?<\/h3>\n<p>Tak, VeloBank oferuje mo\u017cliwo\u015b\u0107 za\u0142o\u017cenia konta wsp\u00f3lnego, kt\u00f3re mo\u017ce by\u0107 wsp\u00f3\u0142dzielone przez co najmniej dwie osoby. Najcz\u0119\u015bciej z kont takich korzystaj\u0105 rodziny, poniewa\u017c u\u0142atwia rozliczenia domowego bud\u017cetu.<\/p>\n<h3>Jak pobra\u0107 wyci\u0105g z konta w VeloBanku?<\/h3>\n<p>Aby pobra\u0107 wyci\u0105g z konta w VeloBanku, wystarczy zalogowa\u0107 si\u0119 do serwisu transakcyjnego, przej\u015b\u0107 przez Szczeg\u00f3\u0142y i Wyci\u0105gi, a potem wygenerowa\u0107 wyci\u0105g z konta.<\/p>\n","protected":false},"excerpt":{"rendered":"<p>W VeloBanku znajdziesz bogat\u0105 ofert\u0119 kont bankowych, kt\u00f3ra obejmuje zar\u00f3wno rachunki oszcz\u0119dno\u015bciowo-rozliczeniowe (ROR), jak i konta firmowe, konta celowe oraz [&hellip;]<\/p>\n","protected":false},"author":66,"featured_media":0,"parent":7855,"menu_order":0,"comment_status":"closed","ping_status":"closed","template":"page_bank_product.php","meta":{"_acf_changed":false,"yasr_overall_rating":0,"yasr_post_is_review":"","yasr_auto_insert_disabled":"","yasr_review_type":"","footnotes":""},"class_list":["post-10438","page","type-page","status-publish","hentry"],"acf":[],"yoast_head":"<!-- This site is optimized with the Yoast SEO plugin v27.1.1 - https:\/\/yoast.com\/product\/yoast-seo-wordpress\/ -->\n<title>Konta bankowe w VeloBanku - sprawd\u017a oferty bankowe | Por\u00f3wnywarka finansowa Rankomat<\/title>\n<meta name=\"robots\" content=\"index, follow, max-snippet:-1, max-image-preview:large, max-video-preview:-1\" \/>\n<link rel=\"canonical\" href=\"https:\/\/rankomat.pl\/finanse\/banki\/velobank\/konta-bankowe\/\" \/>\n<meta property=\"og:locale\" content=\"pl_PL\" \/>\n<meta property=\"og:type\" content=\"article\" \/>\n<meta property=\"og:title\" content=\"Konta bankowe w VeloBanku - sprawd\u017a {{count_bank_0}} | Por\u00f3wnywarka finansowa Rankomat\" \/>\n<meta property=\"og:description\" content=\"W VeloBanku znajdziesz bogat\u0105 ofert\u0119 kont bankowych, kt\u00f3ra obejmuje zar\u00f3wno rachunki oszcz\u0119dno\u015bciowo-rozliczeniowe (ROR), jak i konta firmowe, konta celowe oraz [&hellip;]\" \/>\n<meta property=\"og:url\" content=\"https:\/\/rankomat.pl\/finanse\/banki\/velobank\/konta-bankowe\/\" \/>\n<meta property=\"og:site_name\" content=\"Por\u00f3wnywarka finansowa Rankomat\" \/>\n<meta property=\"article:publisher\" content=\"https:\/\/www.facebook.com\/rankomatpl\/\" \/>\n<meta property=\"article:modified_time\" content=\"2024-08-04T14:04:14+00:00\" \/>\n<meta property=\"og:image\" content=\"https:\/\/rankomat.pl\/finanse\/wp-content\/uploads\/2021\/03\/rankomat-star-og.png\" \/>\n\t<meta property=\"og:image:width\" content=\"480\" \/>\n\t<meta property=\"og:image:height\" content=\"320\" \/>\n\t<meta property=\"og:image:type\" content=\"image\/png\" \/>\n<meta name=\"twitter:card\" content=\"summary_large_image\" \/>\n<meta name=\"twitter:site\" content=\"@rankomat\" \/>\n<meta name=\"twitter:label1\" content=\"Szacowany czas czytania\" \/>\n\t<meta name=\"twitter:data1\" content=\"4 minuty\" \/>\n<script type=\"application\/ld+json\" class=\"yoast-schema-graph\">{\"@context\":\"https:\/\/schema.org\",\"@graph\":[{\"@type\":\"BreadcrumbList\",\"@id\":\"https:\/\/rankomat.pl\/finanse\/banki\/velobank\/konta-bankowe\/#breadcrumb\",\"itemListElement\":[{\"@type\":\"ListItem\",\"position\":1,\"name\":\"Finanse\",\"item\":\"https:\/\/rankomat.pl\/finanse\/\"},{\"@type\":\"ListItem\",\"position\":2,\"name\":\"Banki\",\"item\":\"https:\/\/rankomat.pl\/finanse\/banki\/\"},{\"@type\":\"ListItem\",\"position\":3,\"name\":\"VeloBank\",\"item\":\"https:\/\/rankomat.pl\/finanse\/banki\/velobank\/\"},{\"@type\":\"ListItem\",\"position\":4,\"name\":\"Konta bankowe w VeloBanku\"}]}]}<\/script>\n<!-- \/ Yoast SEO plugin. -->","yoast_head_json":{"title":"Konta bankowe w VeloBanku - sprawd\u017a oferty bankowe | Por\u00f3wnywarka finansowa Rankomat","robots":{"index":"index","follow":"follow","max-snippet":"max-snippet:-1","max-image-preview":"max-image-preview:large","max-video-preview":"max-video-preview:-1"},"canonical":"https:\/\/rankomat.pl\/finanse\/banki\/velobank\/konta-bankowe\/","og_locale":"pl_PL","og_type":"article","og_title":"Konta bankowe w VeloBanku - sprawd\u017a {{count_bank_0}} | Por\u00f3wnywarka finansowa Rankomat","og_description":"W VeloBanku znajdziesz bogat\u0105 ofert\u0119 kont bankowych, kt\u00f3ra obejmuje zar\u00f3wno rachunki oszcz\u0119dno\u015bciowo-rozliczeniowe (ROR), jak i konta firmowe, konta celowe oraz [&hellip;]","og_url":"https:\/\/rankomat.pl\/finanse\/banki\/velobank\/konta-bankowe\/","og_site_name":"Por\u00f3wnywarka finansowa Rankomat","article_publisher":"https:\/\/www.facebook.com\/rankomatpl\/","article_modified_time":"2024-08-04T14:04:14+00:00","og_image":[{"width":480,"height":320,"url":"https:\/\/rankomat.pl\/finanse\/wp-content\/uploads\/2021\/03\/rankomat-star-og.png","type":"image\/png"}],"twitter_card":"summary_large_image","twitter_site":"@rankomat","twitter_misc":{"Szacowany czas czytania":"4 minuty"},"schema":{"@context":"https:\/\/schema.org","@graph":[{"@type":"BreadcrumbList","@id":"https:\/\/rankomat.pl\/finanse\/banki\/velobank\/konta-bankowe\/#breadcrumb","itemListElement":[{"@type":"ListItem","position":1,"name":"Finanse","item":"https:\/\/rankomat.pl\/finanse\/"},{"@type":"ListItem","position":2,"name":"Banki","item":"https:\/\/rankomat.pl\/finanse\/banki\/"},{"@type":"ListItem","position":3,"name":"VeloBank","item":"https:\/\/rankomat.pl\/finanse\/banki\/velobank\/"},{"@type":"ListItem","position":4,"name":"Konta bankowe w VeloBanku"}]}]}},"yasr_visitor_votes":{"stars_attributes":{"read_only":false,"span_bottom":false},"number_of_votes":0,"sum_votes":0},"_links":{"self":[{"href":"https:\/\/rankomat.pl\/finanse\/wp-json\/wp\/v2\/pages\/10438","targetHints":{"allow":["GET"]}}],"collection":[{"href":"https:\/\/rankomat.pl\/finanse\/wp-json\/wp\/v2\/pages"}],"about":[{"href":"https:\/\/rankomat.pl\/finanse\/wp-json\/wp\/v2\/types\/page"}],"author":[{"embeddable":true,"href":"https:\/\/rankomat.pl\/finanse\/wp-json\/wp\/v2\/users\/66"}],"replies":[{"embeddable":true,"href":"https:\/\/rankomat.pl\/finanse\/wp-json\/wp\/v2\/comments?post=10438"}],"version-history":[{"count":0,"href":"https:\/\/rankomat.pl\/finanse\/wp-json\/wp\/v2\/pages\/10438\/revisions"}],"up":[{"embeddable":true,"href":"https:\/\/rankomat.pl\/finanse\/wp-json\/wp\/v2\/pages\/7855"}],"wp:attachment":[{"href":"https:\/\/rankomat.pl\/finanse\/wp-json\/wp\/v2\/media?parent=10438"}],"curies":[{"name":"wp","href":"https:\/\/api.w.org\/{rel}","templated":true}]}}