{"id":10439,"date":"2024-08-04T16:08:52","date_gmt":"2024-08-04T14:08:52","guid":{"rendered":"https:\/\/rankomat.pl\/finanse\/?page_id=10439"},"modified":"2024-08-04T16:08:52","modified_gmt":"2024-08-04T14:08:52","slug":"karty-kredytowe","status":"publish","type":"page","link":"https:\/\/rankomat.pl\/finanse\/banki\/velobank\/karty-kredytowe\/","title":{"rendered":"Karty kredytowe w VeloBanku"},"content":{"rendered":"<p><strong>W VeloBanku mo\u017cesz wyrobi\u0107 kart\u0119 kredytow\u0105 i po\u017cycza\u0107 pieni\u0105dze od banku w razie potrzeby. Bank oferuje zar\u00f3wno standardowe karty kredytowe, jak te\u017c produkty premium. Dost\u0119pne karty kredytowe (oferty zweryfikowane 22.07.2024 r.):<\/strong><\/p>\n<p><!--more--><\/p>\n<h2>Jakie karty kredytowe dost\u0119pne s\u0105 w VeloBanku?<\/h2>\n<p>Jest tylko jeden taki produkt, ale za to elastyczny.<\/p>\n<h3>Karta kredytowa<\/h3>\n<p>Standardowa karta kredytowa z okresem sp\u0142aty do maksymalnie 52 dni. Dost\u0119pne limity to maksymalnie 50 000 z\u0142. Mo\u017cesz unikn\u0105\u0107 op\u0142at za korzystanie z karty, je\u015bli spe\u0142niasz stawiane przez bank wymagania.<\/p>\n<h2>Procedura uzyskania i obs\u0142ugi karty kredytowej w VeloBanku<\/h2>\n<p>Kart\u0119 kredytow\u0105 w VeloBanku mo\u017cesz wyrobi\u0107 maj\u0105c odpowiedni\u0105 zdolno\u015b\u0107 kredytow\u0105. Bank oferuje limit kredytowy za op\u0142at\u0105, ale zwalnia Ci\u0119 z niej, je\u015bli jeste\u015b aktywnym u\u017cytkownikiem, kt\u00f3ry wykonuje kart\u0105 okre\u015blon\u0105 w umowie ilo\u015b\u0107 transakcji bezgot\u00f3wkowych. Mo\u017cesz te\u017c unikn\u0105\u0107 p\u0142acenia odsetek od po\u017cyczonej kwoty pod warunkiem sp\u0142acenia ca\u0142o\u015bci w okresie bezodsetkowym.<\/p>\n<h2>Jak wyrobi\u0107 kart\u0119 kredytow\u0105 w VeloBanku ?<\/h2>\n<p>Mo\u017cesz z\u0142o\u017cy\u0107 wniosek o kart\u0119 kredytow\u0105 w VeloBanku poprzez:<\/p>\n<ul>\n<li>Odwiedzenie plac\u00f3wki banku,<\/li>\n<li>Kontakt z infolini\u0105,<\/li>\n<li>Wype\u0142nienie formularza kontaktowego i zaczekanie na kontakt zwrotny.<\/li>\n<\/ul>\n<h2>Kto mo\u017ce otrzyma\u0107 kart\u0119 kredytow\u0105 w VeloBanku?<\/h2>\n<p>Ka\u017cdy pe\u0142noletni klient banku, kt\u00f3ry o ni\u0105 wnioskuje i b\u0119dzie w stanie j\u0105 sp\u0142aci\u0107. Karta kredytowa w VeloBanku jest dost\u0119pna dla ka\u017cdej osoby pe\u0142noletniej, posiadaj\u0105cej pe\u0142n\u0105 zdolno\u015b\u0107 do czynno\u015bci prawnych oraz maj\u0105cej wystarczaj\u0105c\u0105 zdolno\u015b\u0107 kredytow\u0105.<\/p>\n<h2>Jak aktywowa\u0107 kart\u0119 kredytow\u0105 w VeloBanku?<\/h2>\n<p>Zaloguj si\u0119 do Bankowo\u015bci Internetowej i \u201cKarty\u201d. Nast\u0119pnie, je\u015bli chcesz aktywowa\u0107 kart\u0119, naci\u015bnij przycisk \u201cAktywuj\u201d, natomiast je\u015bli chcesz zmieni\u0107 numer PIN, wybierz przycisk Szczeg\u00f3\u0142y.<\/p>\n<h2>Ile kosztuje karta kredytowa w VeloBanku?<\/h2>\n<p>W zale\u017cno\u015bci od karty i konta, z kt\u00f3rego korzystasz, zostan\u0105 naliczone op\u0142aty za prowadzenie karty. Zwykle bank nie nalicza op\u0142at za wydanie karty. Pozosta\u0142e op\u0142aty mog\u0105 by\u0107 uzale\u017cnione od aktywnego korzystania z karty.<\/p>\n<h3>Jak przebiega sp\u0142ata karty kredytowej w VeloBanku?<\/h3>\n<p>Mo\u017cna sp\u0142aci\u0107 kart\u0119 kredytow\u0105 w VeloBanku samodzielnie, loguj\u0105c si\u0119 do platformy transakcyjnej i wybieraj\u0105c opcj\u0119 &#8222;Sp\u0142a\u0107 kart\u0119&#8221;. Bank automatycznie potr\u0105ci minimaln\u0105 sp\u0142at\u0119 z konta lub sp\u0142at\u0119 ca\u0142kowit\u0105, je\u015bli na<\/p>\n<p>koncie znajduj\u0105 si\u0119 wystarczaj\u0105ce \u015brodki, a Ty zgodzisz si\u0119 na to w umowie.<\/p>\n<h3>Jak zrezygnowa\u0107 z karty kredytowej w VeloBanku?<\/h3>\n<p>Aby zrezygnowa\u0107 z karty kredytowej w VeloBanku, nale\u017cy najpierw ca\u0142kowicie j\u0105 sp\u0142aci\u0107. Nast\u0119pnie mo\u017cna z\u0142o\u017cy\u0107 rezygnacj\u0119 z umowy prowadzenia karty poprzez kontakt z infolini\u0105 lub odwiedzenie plac\u00f3wki banku.<\/p>\n<p>Umowa zostanie zako\u0144czona po okre\u015blonym okresie wypowiedzenia, a z konta zostan\u0105 potr\u0105cone op\u0142aty za ostatni okres korzystania z karty.<\/p>\n<h2>FAQ &#8211; najcz\u0119\u015bciej zadawane pytania<\/h2>\n<h3>Czym jest okres bezodsetkowy w przypadku karty kredytowej?<\/h3>\n<p>Okres bezodsetkowy to czas, w kt\u00f3rym mo\u017cesz sp\u0142aci\u0107 wykorzystan\u0105 kwot\u0119 na karcie kredytowej bez ponoszenia dodatkowych koszt\u00f3w w postaci odsetek. W VeloBanku ten okres trwa maksymalnie do 52 dni i obejmuje 30-dniowy\/miesi\u0119czny okres rozliczeniowy + 22 dni na ca\u0142kowit\u0105 sp\u0142at\u0119 zad\u0142u\u017cenia. Aby skorzysta\u0107 z tej mo\u017cliwo\u015bci, konieczne jest ca\u0142kowite sp\u0142acenie zad\u0142u\u017cenia przed zako\u0144czeniem okresu bezodsetkowego.<\/p>\n<h3>Jak zrobi\u0107 przelew z karty kredytowej w VeloBanku?<\/h3>\n<p>Aby zrealizowa\u0107 przelew z karty kredytowej w VeloBanku, nale\u017cy zalogowa\u0107 si\u0119 do platformy transakcyjnej i wybra\u0107 odpowiedni\u0105 opcj\u0119 przelewu. Mo\u017cna to zrobi\u0107 poprzez sekcj\u0119 &#8222;Karty&#8221; lub &#8222;Przelewy&#8221;. Nale\u017cy pami\u0119ta\u0107, \u017ce aplikacja mobilna nie umo\u017cliwia wykonania przelewu z karty kredytowej. Przelew jest p\u0142atny.<\/p>\n<h3>Czy mo\u017cna wyrobi\u0107 kart\u0119 kredytow\u0105 dla osoby niepe\u0142noletniej w VeloBanku?<\/h3>\n<p>Nie, w VeloBanku karty kredytowe s\u0105 dost\u0119pne wy\u0142\u0105cznie dla os\u00f3b doros\u0142ych. Mo\u017cna otrzyma\u0107 dodatkow\u0105 kart\u0119 p\u0142atnicz\u0105 do karty kredytowej dla osoby powy\u017cej 13 roku \u017cycia.<\/p>\n<h3>Jakie kryteria decyduj\u0105 o wysoko\u015bci limitu na karcie kredytowej w VeloBanku?<\/h3>\n<p>Wysoko\u015b\u0107 limitu na karcie kredytowej w VeloBanku zale\u017cy g\u0142\u00f3wnie od Twojej zdolno\u015bci kredytowej oraz kwoty, kt\u00f3r\u0105 okre\u015bli\u0142e\u015b we wniosku o kart\u0119 kredytow\u0105. Maksymalnie jest to 50 000 z\u0142. Bank bierze tak\u017ce pod uwag\u0119 histori\u0119 kredytow\u0105 i obecne dochody.<\/p>\n<h3>Karta debetowa a karta kredytowa: co wybra\u0107?<\/h3>\n<p>Nie ma powodu by wybiera\u0107 mi\u0119dzy nimi. Karta debetowa i karta kredytowa to dwa r\u00f3\u017cne produkty bankowe, korzystaj\u0105ce z podobnego no\u015bnika &#8211; plastikowej karty p\u0142atniczej. Karta debetowa umo\u017cliwia wydawanie w\u0142asnych \u015brodk\u00f3w zgromadzonych na koncie bankowym, podczas gdy karta kredytowa pozwala na korzystanie z po\u017cyczonych \u015brodk\u00f3w od banku, kt\u00f3re nale\u017cy p\u00f3\u017aniej sp\u0142aci\u0107.<\/p>\n","protected":false},"excerpt":{"rendered":"<p>W VeloBanku mo\u017cesz wyrobi\u0107 kart\u0119 kredytow\u0105 i po\u017cycza\u0107 pieni\u0105dze od banku w razie potrzeby. Bank oferuje zar\u00f3wno standardowe karty kredytowe, [&hellip;]<\/p>\n","protected":false},"author":66,"featured_media":0,"parent":7855,"menu_order":0,"comment_status":"closed","ping_status":"closed","template":"page_bank_product.php","meta":{"_acf_changed":false,"yasr_overall_rating":0,"yasr_post_is_review":"","yasr_auto_insert_disabled":"","yasr_review_type":"","footnotes":""},"class_list":["post-10439","page","type-page","status-publish","hentry"],"acf":[],"yoast_head":"<!-- This site is optimized with the Yoast SEO plugin v27.1.1 - https:\/\/yoast.com\/product\/yoast-seo-wordpress\/ -->\n<title>Karty kredytowe w VeloBanku - sprawd\u017a oferty bankowe | Por\u00f3wnywarka finansowa Rankomat<\/title>\n<meta name=\"robots\" content=\"index, follow, max-snippet:-1, max-image-preview:large, max-video-preview:-1\" \/>\n<link rel=\"canonical\" href=\"https:\/\/rankomat.pl\/finanse\/banki\/velobank\/karty-kredytowe\/\" \/>\n<meta property=\"og:locale\" content=\"pl_PL\" \/>\n<meta property=\"og:type\" content=\"article\" \/>\n<meta property=\"og:title\" content=\"Karty kredytowe w VeloBanku - sprawd\u017a {{count_bank_0}} | Por\u00f3wnywarka finansowa Rankomat\" \/>\n<meta property=\"og:description\" content=\"W VeloBanku mo\u017cesz wyrobi\u0107 kart\u0119 kredytow\u0105 i po\u017cycza\u0107 pieni\u0105dze od banku w razie potrzeby. Bank oferuje zar\u00f3wno standardowe karty kredytowe, [&hellip;]\" \/>\n<meta property=\"og:url\" content=\"https:\/\/rankomat.pl\/finanse\/banki\/velobank\/karty-kredytowe\/\" \/>\n<meta property=\"og:site_name\" content=\"Por\u00f3wnywarka finansowa Rankomat\" \/>\n<meta property=\"article:publisher\" content=\"https:\/\/www.facebook.com\/rankomatpl\/\" \/>\n<meta property=\"og:image\" content=\"https:\/\/rankomat.pl\/finanse\/wp-content\/uploads\/2021\/03\/rankomat-star-og.png\" \/>\n\t<meta property=\"og:image:width\" content=\"480\" \/>\n\t<meta property=\"og:image:height\" content=\"320\" \/>\n\t<meta property=\"og:image:type\" content=\"image\/png\" \/>\n<meta name=\"twitter:card\" content=\"summary_large_image\" \/>\n<meta name=\"twitter:site\" content=\"@rankomat\" \/>\n<meta name=\"twitter:label1\" content=\"Szacowany czas czytania\" \/>\n\t<meta name=\"twitter:data1\" content=\"4 minuty\" \/>\n<script type=\"application\/ld+json\" class=\"yoast-schema-graph\">{\"@context\":\"https:\/\/schema.org\",\"@graph\":[{\"@type\":\"BreadcrumbList\",\"@id\":\"https:\/\/rankomat.pl\/finanse\/banki\/velobank\/karty-kredytowe\/#breadcrumb\",\"itemListElement\":[{\"@type\":\"ListItem\",\"position\":1,\"name\":\"Finanse\",\"item\":\"https:\/\/rankomat.pl\/finanse\/\"},{\"@type\":\"ListItem\",\"position\":2,\"name\":\"Banki\",\"item\":\"https:\/\/rankomat.pl\/finanse\/banki\/\"},{\"@type\":\"ListItem\",\"position\":3,\"name\":\"VeloBank\",\"item\":\"https:\/\/rankomat.pl\/finanse\/banki\/velobank\/\"},{\"@type\":\"ListItem\",\"position\":4,\"name\":\"Karty kredytowe w VeloBanku\"}]}]}<\/script>\n<!-- \/ Yoast SEO plugin. -->","yoast_head_json":{"title":"Karty kredytowe w VeloBanku - sprawd\u017a oferty bankowe | Por\u00f3wnywarka finansowa Rankomat","robots":{"index":"index","follow":"follow","max-snippet":"max-snippet:-1","max-image-preview":"max-image-preview:large","max-video-preview":"max-video-preview:-1"},"canonical":"https:\/\/rankomat.pl\/finanse\/banki\/velobank\/karty-kredytowe\/","og_locale":"pl_PL","og_type":"article","og_title":"Karty kredytowe w VeloBanku - sprawd\u017a {{count_bank_0}} | Por\u00f3wnywarka finansowa Rankomat","og_description":"W VeloBanku mo\u017cesz wyrobi\u0107 kart\u0119 kredytow\u0105 i po\u017cycza\u0107 pieni\u0105dze od banku w razie potrzeby. Bank oferuje zar\u00f3wno standardowe karty kredytowe, [&hellip;]","og_url":"https:\/\/rankomat.pl\/finanse\/banki\/velobank\/karty-kredytowe\/","og_site_name":"Por\u00f3wnywarka finansowa Rankomat","article_publisher":"https:\/\/www.facebook.com\/rankomatpl\/","og_image":[{"width":480,"height":320,"url":"https:\/\/rankomat.pl\/finanse\/wp-content\/uploads\/2021\/03\/rankomat-star-og.png","type":"image\/png"}],"twitter_card":"summary_large_image","twitter_site":"@rankomat","twitter_misc":{"Szacowany czas czytania":"4 minuty"},"schema":{"@context":"https:\/\/schema.org","@graph":[{"@type":"BreadcrumbList","@id":"https:\/\/rankomat.pl\/finanse\/banki\/velobank\/karty-kredytowe\/#breadcrumb","itemListElement":[{"@type":"ListItem","position":1,"name":"Finanse","item":"https:\/\/rankomat.pl\/finanse\/"},{"@type":"ListItem","position":2,"name":"Banki","item":"https:\/\/rankomat.pl\/finanse\/banki\/"},{"@type":"ListItem","position":3,"name":"VeloBank","item":"https:\/\/rankomat.pl\/finanse\/banki\/velobank\/"},{"@type":"ListItem","position":4,"name":"Karty kredytowe w VeloBanku"}]}]}},"yasr_visitor_votes":{"stars_attributes":{"read_only":false,"span_bottom":false},"number_of_votes":0,"sum_votes":0},"_links":{"self":[{"href":"https:\/\/rankomat.pl\/finanse\/wp-json\/wp\/v2\/pages\/10439","targetHints":{"allow":["GET"]}}],"collection":[{"href":"https:\/\/rankomat.pl\/finanse\/wp-json\/wp\/v2\/pages"}],"about":[{"href":"https:\/\/rankomat.pl\/finanse\/wp-json\/wp\/v2\/types\/page"}],"author":[{"embeddable":true,"href":"https:\/\/rankomat.pl\/finanse\/wp-json\/wp\/v2\/users\/66"}],"replies":[{"embeddable":true,"href":"https:\/\/rankomat.pl\/finanse\/wp-json\/wp\/v2\/comments?post=10439"}],"version-history":[{"count":0,"href":"https:\/\/rankomat.pl\/finanse\/wp-json\/wp\/v2\/pages\/10439\/revisions"}],"up":[{"embeddable":true,"href":"https:\/\/rankomat.pl\/finanse\/wp-json\/wp\/v2\/pages\/7855"}],"wp:attachment":[{"href":"https:\/\/rankomat.pl\/finanse\/wp-json\/wp\/v2\/media?parent=10439"}],"curies":[{"name":"wp","href":"https:\/\/api.w.org\/{rel}","templated":true}]}}