{"id":11080,"date":"2024-11-15T08:53:49","date_gmt":"2024-11-15T07:53:49","guid":{"rendered":"https:\/\/rankomat.pl\/finanse\/?page_id=11080"},"modified":"2026-01-08T13:38:36","modified_gmt":"2026-01-08T12:38:36","slug":"konta-dla-mlodych","status":"publish","type":"page","link":"https:\/\/rankomat.pl\/finanse\/konta\/konta-dla-mlodych\/","title":{"rendered":"Por\u00f3wnywarka kont dla m\u0142odych"},"content":{"rendered":"","protected":false},"excerpt":{"rendered":"","protected":false},"author":17,"featured_media":0,"parent":83,"menu_order":0,"comment_status":"closed","ping_status":"closed","template":"new_fin_lp-accounts-for-young-people.php","meta":{"_acf_changed":false,"yasr_overall_rating":0,"yasr_post_is_review":"","yasr_auto_insert_disabled":"","yasr_review_type":"Product","footnotes":""},"class_list":["post-11080","page","type-page","status-publish","hentry"],"acf":[],"yoast_head":"<!-- This site is optimized with the Yoast SEO plugin v27.1.1 - https:\/\/yoast.com\/product\/yoast-seo-wordpress\/ -->\n<title>Konto dla m\u0142odych i dla student\u00f3w 2026 [Ranking kont dla m\u0142odych]<\/title>\n<meta name=\"description\" content=\"Ranking najlepszych kont bankowych dla m\u0142odych i student\u00f3w w 2026 \u2713 Sprawd\u017a nasze zestawie i wybierz najlepsze konto dla siebie.\" \/>\n<meta name=\"robots\" content=\"index, follow, max-snippet:-1, max-image-preview:large, max-video-preview:-1\" \/>\n<link rel=\"canonical\" href=\"https:\/\/rankomat.pl\/finanse\/konta\/konta-dla-mlodych\/\" \/>\n<meta property=\"og:locale\" content=\"pl_PL\" \/>\n<meta property=\"og:type\" content=\"article\" \/>\n<meta property=\"og:title\" content=\"Konto dla m\u0142odych i dla student\u00f3w 2026 [Ranking kont dla m\u0142odych]\" \/>\n<meta property=\"og:description\" content=\"Ranking najlepszych kont bankowych dla m\u0142odych i student\u00f3w w 2026 \u2713 Sprawd\u017a nasze zestawie i wybierz najlepsze konto dla siebie.\" \/>\n<meta property=\"og:url\" content=\"https:\/\/rankomat.pl\/finanse\/konta\/konta-dla-mlodych\/\" \/>\n<meta property=\"og:site_name\" content=\"Por\u00f3wnywarka finansowa Rankomat\" \/>\n<meta property=\"article:publisher\" content=\"https:\/\/www.facebook.com\/rankomatpl\/\" \/>\n<meta property=\"article:modified_time\" content=\"2026-01-08T12:38:36+00:00\" \/>\n<meta property=\"og:image\" content=\"https:\/\/rankomat.pl\/finanse\/wp-content\/uploads\/2021\/03\/rankomat-star-og.png\" \/>\n\t<meta property=\"og:image:width\" content=\"480\" \/>\n\t<meta property=\"og:image:height\" content=\"320\" \/>\n\t<meta property=\"og:image:type\" content=\"image\/png\" \/>\n<meta name=\"twitter:card\" content=\"summary_large_image\" \/>\n<meta name=\"twitter:site\" content=\"@rankomat\" \/>\n<script type=\"application\/ld+json\" class=\"yoast-schema-graph\">{\"@context\":\"https:\/\/schema.org\",\"@graph\":[{\"@type\":\"BreadcrumbList\",\"@id\":\"https:\/\/rankomat.pl\/finanse\/konta\/konta-dla-mlodych\/#breadcrumb\",\"itemListElement\":[{\"@type\":\"ListItem\",\"position\":1,\"name\":\"Finanse\",\"item\":\"https:\/\/rankomat.pl\/finanse\/\"},{\"@type\":\"ListItem\",\"position\":2,\"name\":\"Konta osobiste\",\"item\":\"https:\/\/rankomat.pl\/finanse\/konta\/\"},{\"@type\":\"ListItem\",\"position\":3,\"name\":\"Por\u00f3wnywarka kont dla m\u0142odych\"}]}]}<\/script>\n<!-- \/ Yoast SEO plugin. -->","yoast_head_json":{"title":"Konto dla m\u0142odych i dla student\u00f3w 2026 [Ranking kont dla m\u0142odych]","description":"Ranking najlepszych kont bankowych dla m\u0142odych i student\u00f3w w 2026 \u2713 Sprawd\u017a nasze zestawie i wybierz najlepsze konto dla siebie.","robots":{"index":"index","follow":"follow","max-snippet":"max-snippet:-1","max-image-preview":"max-image-preview:large","max-video-preview":"max-video-preview:-1"},"canonical":"https:\/\/rankomat.pl\/finanse\/konta\/konta-dla-mlodych\/","og_locale":"pl_PL","og_type":"article","og_title":"Konto dla m\u0142odych i dla student\u00f3w 2026 [Ranking kont dla m\u0142odych]","og_description":"Ranking najlepszych kont bankowych dla m\u0142odych i student\u00f3w w 2026 \u2713 Sprawd\u017a nasze zestawie i wybierz najlepsze konto dla siebie.","og_url":"https:\/\/rankomat.pl\/finanse\/konta\/konta-dla-mlodych\/","og_site_name":"Por\u00f3wnywarka finansowa Rankomat","article_publisher":"https:\/\/www.facebook.com\/rankomatpl\/","article_modified_time":"2026-01-08T12:38:36+00:00","og_image":[{"width":480,"height":320,"url":"https:\/\/rankomat.pl\/finanse\/wp-content\/uploads\/2021\/03\/rankomat-star-og.png","type":"image\/png"}],"twitter_card":"summary_large_image","twitter_site":"@rankomat","schema":{"@context":"https:\/\/schema.org","@graph":[{"@type":"BreadcrumbList","@id":"https:\/\/rankomat.pl\/finanse\/konta\/konta-dla-mlodych\/#breadcrumb","itemListElement":[{"@type":"ListItem","position":1,"name":"Finanse","item":"https:\/\/rankomat.pl\/finanse\/"},{"@type":"ListItem","position":2,"name":"Konta osobiste","item":"https:\/\/rankomat.pl\/finanse\/konta\/"},{"@type":"ListItem","position":3,"name":"Por\u00f3wnywarka kont dla m\u0142odych"}]}]}},"yasr_visitor_votes":{"stars_attributes":{"read_only":false,"span_bottom":false},"number_of_votes":17,"sum_votes":71},"_links":{"self":[{"href":"https:\/\/rankomat.pl\/finanse\/wp-json\/wp\/v2\/pages\/11080","targetHints":{"allow":["GET"]}}],"collection":[{"href":"https:\/\/rankomat.pl\/finanse\/wp-json\/wp\/v2\/pages"}],"about":[{"href":"https:\/\/rankomat.pl\/finanse\/wp-json\/wp\/v2\/types\/page"}],"author":[{"embeddable":true,"href":"https:\/\/rankomat.pl\/finanse\/wp-json\/wp\/v2\/users\/17"}],"replies":[{"embeddable":true,"href":"https:\/\/rankomat.pl\/finanse\/wp-json\/wp\/v2\/comments?post=11080"}],"version-history":[{"count":0,"href":"https:\/\/rankomat.pl\/finanse\/wp-json\/wp\/v2\/pages\/11080\/revisions"}],"up":[{"embeddable":true,"href":"https:\/\/rankomat.pl\/finanse\/wp-json\/wp\/v2\/pages\/83"}],"wp:attachment":[{"href":"https:\/\/rankomat.pl\/finanse\/wp-json\/wp\/v2\/media?parent=11080"}],"curies":[{"name":"wp","href":"https:\/\/api.w.org\/{rel}","templated":true}]}}