{"id":11287,"date":"2024-12-19T10:51:04","date_gmt":"2024-12-19T09:51:04","guid":{"rendered":"https:\/\/rankomat.pl\/finanse\/?page_id=11287"},"modified":"2025-05-05T08:32:22","modified_gmt":"2025-05-05T06:32:22","slug":"kiedy-dojdzie-przelew","status":"publish","type":"page","link":"https:\/\/rankomat.pl\/finanse\/kalkulatory\/kiedy-dojdzie-przelew\/","title":{"rendered":"Kiedy dojdzie przelew"},"content":{"rendered":"<div class=\"table-responsive\">\n\n<table id=\"tablepress-490\" class=\"tablepress tablepress-id-490 ranking-table\">\n<thead>\n<tr class=\"row-1\">\n\t<th class=\"column-1\">Lp.<\/th><th class=\"column-2\">Bank<\/th><th class=\"column-3\">Sesje wychodz\u0105ce poranna<\/th><th class=\"column-4\">Sesje wychodz\u0105ce - dzienna<\/th><th class=\"column-5\">Sesje wychodz\u0105ce - wieczorna<\/th><th class=\"column-6\">Sesje przychodz\u0105ce - poranna<\/th><th class=\"column-7\">Sesje przychodz\u0105ce - dzienna<\/th><th class=\"column-8\">Sesje przychodz\u0105ce - wieczorna<\/th>\n<\/tr>\n<\/thead>\n<tbody class=\"row-striping row-hover\">\n<tr class=\"row-2\">\n\t<td class=\"column-1\">1<\/td><td class=\"column-2\">Alior Bank<\/td><td class=\"column-3\">08:20<\/td><td class=\"column-4\">12:20<\/td><td class=\"column-5\">15:20<\/td><td class=\"column-6\">10:30<\/td><td class=\"column-7\">14:30<\/td><td class=\"column-8\">16:45<\/td>\n<\/tr>\n<tr class=\"row-3\">\n\t<td class=\"column-1\">2<\/td><td class=\"column-2\">Bank Millennium<\/td><td class=\"column-3\">08:10<\/td><td class=\"column-4\">12:10<\/td><td class=\"column-5\">14:30<\/td><td class=\"column-6\">12:00<\/td><td class=\"column-7\">15:20<\/td><td class=\"column-8\">17:15<\/td>\n<\/tr>\n<tr class=\"row-4\">\n\t<td class=\"column-1\">3<\/td><td class=\"column-2\">Bank Ochrony \u015arodowiska<\/td><td class=\"column-3\">09:30<\/td><td class=\"column-4\">13:30<\/td><td class=\"column-5\">16:00<\/td><td class=\"column-6\">11:00<\/td><td class=\"column-7\">15:00<\/td><td class=\"column-8\">17:30<\/td>\n<\/tr>\n<tr class=\"row-5\">\n\t<td class=\"column-1\">4<\/td><td class=\"column-2\">Bank Pekao<\/td><td class=\"column-3\">08:30<\/td><td class=\"column-4\">12:30<\/td><td class=\"column-5\">15:00<\/td><td class=\"column-6\">11:00<\/td><td class=\"column-7\">15:00<\/td><td class=\"column-8\">17:30<\/td>\n<\/tr>\n<tr class=\"row-6\">\n\t<td class=\"column-1\">5<\/td><td class=\"column-2\">Bank Pocztowy<\/td><td class=\"column-3\">08:00<\/td><td class=\"column-4\">12:00<\/td><td class=\"column-5\">14:30<\/td><td class=\"column-6\">11:00<\/td><td class=\"column-7\">15:00<\/td><td class=\"column-8\">17:30<\/td>\n<\/tr>\n<tr class=\"row-7\">\n\t<td class=\"column-1\">6<\/td><td class=\"column-2\">BNP Paribas<\/td><td class=\"column-3\">08:00<\/td><td class=\"column-4\">11:45<\/td><td class=\"column-5\">14:15<\/td><td class=\"column-6\">12:00<\/td><td class=\"column-7\">15:00<\/td><td class=\"column-8\">17:00<\/td>\n<\/tr>\n<tr class=\"row-8\">\n\t<td class=\"column-1\">7<\/td><td class=\"column-2\">Citi Handlowy<\/td><td class=\"column-3\">08:00<\/td><td class=\"column-4\">12:00<\/td><td class=\"column-5\">15:30<\/td><td class=\"column-6\">12:00<\/td><td class=\"column-7\">15:30<\/td><td class=\"column-8\">17:30<\/td>\n<\/tr>\n<tr class=\"row-9\">\n\t<td class=\"column-1\">8<\/td><td class=\"column-2\">Credit Agricole<\/td><td class=\"column-3\">08:00<\/td><td class=\"column-4\">12:00<\/td><td class=\"column-5\">14:30<\/td><td class=\"column-6\">11:00<\/td><td class=\"column-7\">15:00<\/td><td class=\"column-8\">17:00<\/td>\n<\/tr>\n<tr class=\"row-10\">\n\t<td class=\"column-1\">9<\/td><td class=\"column-2\">ING Bank \u015al\u0105ski<\/td><td class=\"column-3\">08:10<\/td><td class=\"column-4\">11:30<\/td><td class=\"column-5\">14:30<\/td><td class=\"column-6\">11:00<\/td><td class=\"column-7\">15:00<\/td><td class=\"column-8\">17:30<\/td>\n<\/tr>\n<tr class=\"row-11\">\n\t<td class=\"column-1\">10<\/td><td class=\"column-2\">Inteligo<\/td><td class=\"column-3\">08:00<\/td><td class=\"column-4\">11:45<\/td><td class=\"column-5\">14:30<\/td><td class=\"column-6\">11:30<\/td><td class=\"column-7\">15:10<\/td><td class=\"column-8\">17:30<\/td>\n<\/tr>\n<tr class=\"row-12\">\n\t<td class=\"column-1\">11<\/td><td class=\"column-2\">mBank<\/td><td class=\"column-3\">05:55<\/td><td class=\"column-4\">09:55<\/td><td class=\"column-5\">13:25<\/td><td class=\"column-6\">11:15<\/td><td class=\"column-7\">15:00<\/td><td class=\"column-8\">18:15<\/td>\n<\/tr>\n<tr class=\"row-13\">\n\t<td class=\"column-1\">12<\/td><td class=\"column-2\">Nest Bank<\/td><td class=\"column-3\">08:00<\/td><td class=\"column-4\">12:00<\/td><td class=\"column-5\">14:30<\/td><td class=\"column-6\">10:30<\/td><td class=\"column-7\">14:15<\/td><td class=\"column-8\">17:00<\/td>\n<\/tr>\n<tr class=\"row-14\">\n\t<td class=\"column-1\">13<\/td><td class=\"column-2\">PKO Bank Polski<\/td><td class=\"column-3\">08:00<\/td><td class=\"column-4\">11:45<\/td><td class=\"column-5\">14:30<\/td><td class=\"column-6\">11:30<\/td><td class=\"column-7\">15:10<\/td><td class=\"column-8\">17:30<\/td>\n<\/tr>\n<tr class=\"row-15\">\n\t<td class=\"column-1\">14<\/td><td class=\"column-2\">Plus Bank<\/td><td class=\"column-3\">11:30<\/td><td class=\"column-4\">14:00<\/td><td class=\"column-5\">17:00<\/td><td class=\"column-6\">12:00<\/td><td class=\"column-7\">15:30<\/td><td class=\"column-8\">18:00<\/td>\n<\/tr>\n<tr class=\"row-16\">\n\t<td class=\"column-1\">15<\/td><td class=\"column-2\">Santander Bank Polska<\/td><td class=\"column-3\">08:15<\/td><td class=\"column-4\">12:15<\/td><td class=\"column-5\">14:45<\/td><td class=\"column-6\">10:30<\/td><td class=\"column-7\">14:30<\/td><td class=\"column-8\">17:00<\/td>\n<\/tr>\n<tr class=\"row-17\">\n\t<td class=\"column-1\">16<\/td><td class=\"column-2\">Santander Consumer Bank<\/td><td class=\"column-3\">08:45<\/td><td class=\"column-4\">12:00<\/td><td class=\"column-5\">14:30<\/td><td class=\"column-6\">11:30<\/td><td class=\"column-7\">15:00<\/td><td class=\"column-8\">17:30<\/td>\n<\/tr>\n<tr class=\"row-18\">\n\t<td class=\"column-1\">17<\/td><td class=\"column-2\">Toyota Bank<\/td><td class=\"column-3\">08:10<\/td><td class=\"column-4\">12:10<\/td><td class=\"column-5\">14:40<\/td><td class=\"column-6\">10:30<\/td><td class=\"column-7\">14:30<\/td><td class=\"column-8\">16:30<\/td>\n<\/tr>\n<tr class=\"row-19\">\n\t<td class=\"column-1\">18<\/td><td class=\"column-2\">VeloBank<\/td><td class=\"column-3\">08:15<\/td><td class=\"column-4\">12:15<\/td><td class=\"column-5\">14:30<\/td><td class=\"column-6\">10:00<\/td><td class=\"column-7\">14:00<\/td><td class=\"column-8\">17:00<\/td>\n<\/tr>\n<tr class=\"row-20\">\n\t<td class=\"column-1\">19<\/td><td class=\"column-2\">Volkswagen Bank<\/td><td class=\"column-3\">07:55<\/td><td class=\"column-4\">11:45<\/td><td class=\"column-5\">14:15<\/td><td class=\"column-6\">13:00<\/td><td class=\"column-7\">16:00<\/td><td class=\"column-8\">18:00<\/td>\n<\/tr>\n<\/tbody>\n<\/table>\n\n<\/div><!-- #tablepress-490 from cache -->\n","protected":false},"excerpt":{"rendered":"","protected":false},"author":17,"featured_media":0,"parent":3755,"menu_order":0,"comment_status":"closed","ping_status":"closed","template":"new_fin_lp-savings-transfer-eta.php","meta":{"_acf_changed":false,"yasr_overall_rating":0,"yasr_post_is_review":"","yasr_auto_insert_disabled":"","yasr_review_type":"","footnotes":""},"class_list":["post-11287","page","type-page","status-publish","hentry"],"acf":[],"yoast_head":"<!-- This site is optimized with the Yoast SEO plugin v27.1.1 - https:\/\/yoast.com\/product\/yoast-seo-wordpress\/ -->\n<title>Kiedy dojdzie Tw\u00f3j przelew \u2013 kalkulator ksi\u0119gowania przelew\u00f3w<\/title>\n<meta name=\"description\" content=\"Szybko i wygodnie sprawd\u017a, kiedy krajowy przelew w z\u0142otych polskich trafi na rachunek odbiorcy w innym banku.\" \/>\n<meta name=\"robots\" content=\"index, follow, max-snippet:-1, max-image-preview:large, max-video-preview:-1\" \/>\n<link rel=\"canonical\" href=\"https:\/\/rankomat.pl\/finanse\/kalkulatory\/kiedy-dojdzie-przelew\/\" \/>\n<meta property=\"og:locale\" content=\"pl_PL\" \/>\n<meta property=\"og:type\" content=\"article\" \/>\n<meta property=\"og:title\" content=\"Kiedy dojdzie Tw\u00f3j przelew \u2013 kalkulator ksi\u0119gowania przelew\u00f3w\" \/>\n<meta property=\"og:description\" content=\"Szybko i wygodnie sprawd\u017a, kiedy krajowy przelew w z\u0142otych polskich trafi na rachunek odbiorcy w innym banku.\" \/>\n<meta property=\"og:url\" content=\"https:\/\/rankomat.pl\/finanse\/kalkulatory\/kiedy-dojdzie-przelew\/\" \/>\n<meta property=\"og:site_name\" content=\"Por\u00f3wnywarka finansowa Rankomat\" \/>\n<meta property=\"article:publisher\" content=\"https:\/\/www.facebook.com\/rankomatpl\/\" \/>\n<meta property=\"article:modified_time\" content=\"2025-05-05T06:32:22+00:00\" \/>\n<meta property=\"og:image\" content=\"https:\/\/rankomat.pl\/finanse\/wp-content\/uploads\/2021\/03\/rankomat-star-og.png\" \/>\n\t<meta property=\"og:image:width\" content=\"480\" \/>\n\t<meta property=\"og:image:height\" content=\"320\" \/>\n\t<meta property=\"og:image:type\" content=\"image\/png\" \/>\n<meta name=\"twitter:card\" content=\"summary_large_image\" \/>\n<meta name=\"twitter:site\" content=\"@rankomat\" \/>\n<meta name=\"twitter:label1\" content=\"Szacowany czas czytania\" \/>\n\t<meta name=\"twitter:data1\" content=\"1 minuta\" \/>\n<script type=\"application\/ld+json\" class=\"yoast-schema-graph\">{\"@context\":\"https:\/\/schema.org\",\"@graph\":[{\"@type\":\"BreadcrumbList\",\"@id\":\"https:\/\/rankomat.pl\/finanse\/kalkulatory\/kiedy-dojdzie-przelew\/#breadcrumb\",\"itemListElement\":[{\"@type\":\"ListItem\",\"position\":1,\"name\":\"Finanse\",\"item\":\"https:\/\/rankomat.pl\/finanse\/\"},{\"@type\":\"ListItem\",\"position\":2,\"name\":\"Kalkulatory finansowe\",\"item\":\"https:\/\/rankomat.pl\/finanse\/kalkulatory\/\"},{\"@type\":\"ListItem\",\"position\":3,\"name\":\"Kiedy dojdzie przelew\"}]}]}<\/script>\n<!-- \/ Yoast SEO plugin. -->","yoast_head_json":{"title":"Kiedy dojdzie Tw\u00f3j przelew \u2013 kalkulator ksi\u0119gowania przelew\u00f3w","description":"Szybko i wygodnie sprawd\u017a, kiedy krajowy przelew w z\u0142otych polskich trafi na rachunek odbiorcy w innym banku.","robots":{"index":"index","follow":"follow","max-snippet":"max-snippet:-1","max-image-preview":"max-image-preview:large","max-video-preview":"max-video-preview:-1"},"canonical":"https:\/\/rankomat.pl\/finanse\/kalkulatory\/kiedy-dojdzie-przelew\/","og_locale":"pl_PL","og_type":"article","og_title":"Kiedy dojdzie Tw\u00f3j przelew \u2013 kalkulator ksi\u0119gowania przelew\u00f3w","og_description":"Szybko i wygodnie sprawd\u017a, kiedy krajowy przelew w z\u0142otych polskich trafi na rachunek odbiorcy w innym banku.","og_url":"https:\/\/rankomat.pl\/finanse\/kalkulatory\/kiedy-dojdzie-przelew\/","og_site_name":"Por\u00f3wnywarka finansowa Rankomat","article_publisher":"https:\/\/www.facebook.com\/rankomatpl\/","article_modified_time":"2025-05-05T06:32:22+00:00","og_image":[{"width":480,"height":320,"url":"https:\/\/rankomat.pl\/finanse\/wp-content\/uploads\/2021\/03\/rankomat-star-og.png","type":"image\/png"}],"twitter_card":"summary_large_image","twitter_site":"@rankomat","twitter_misc":{"Szacowany czas czytania":"1 minuta"},"schema":{"@context":"https:\/\/schema.org","@graph":[{"@type":"BreadcrumbList","@id":"https:\/\/rankomat.pl\/finanse\/kalkulatory\/kiedy-dojdzie-przelew\/#breadcrumb","itemListElement":[{"@type":"ListItem","position":1,"name":"Finanse","item":"https:\/\/rankomat.pl\/finanse\/"},{"@type":"ListItem","position":2,"name":"Kalkulatory finansowe","item":"https:\/\/rankomat.pl\/finanse\/kalkulatory\/"},{"@type":"ListItem","position":3,"name":"Kiedy dojdzie przelew"}]}]}},"yasr_visitor_votes":{"stars_attributes":{"read_only":false,"span_bottom":false},"number_of_votes":0,"sum_votes":0},"_links":{"self":[{"href":"https:\/\/rankomat.pl\/finanse\/wp-json\/wp\/v2\/pages\/11287","targetHints":{"allow":["GET"]}}],"collection":[{"href":"https:\/\/rankomat.pl\/finanse\/wp-json\/wp\/v2\/pages"}],"about":[{"href":"https:\/\/rankomat.pl\/finanse\/wp-json\/wp\/v2\/types\/page"}],"author":[{"embeddable":true,"href":"https:\/\/rankomat.pl\/finanse\/wp-json\/wp\/v2\/users\/17"}],"replies":[{"embeddable":true,"href":"https:\/\/rankomat.pl\/finanse\/wp-json\/wp\/v2\/comments?post=11287"}],"version-history":[{"count":0,"href":"https:\/\/rankomat.pl\/finanse\/wp-json\/wp\/v2\/pages\/11287\/revisions"}],"up":[{"embeddable":true,"href":"https:\/\/rankomat.pl\/finanse\/wp-json\/wp\/v2\/pages\/3755"}],"wp:attachment":[{"href":"https:\/\/rankomat.pl\/finanse\/wp-json\/wp\/v2\/media?parent=11287"}],"curies":[{"name":"wp","href":"https:\/\/api.w.org\/{rel}","templated":true}]}}