{"id":1288,"date":"2017-05-18T12:48:20","date_gmt":"2017-05-18T10:48:20","guid":{"rendered":"http:\/\/finanse.rankomat.pl\/banki\/inbank\/"},"modified":"2025-07-10T11:54:11","modified_gmt":"2025-07-10T09:54:11","slug":"inbank","status":"publish","type":"page","link":"https:\/\/rankomat.pl\/finanse\/banki\/inbank\/","title":{"rendered":"Inbank"},"content":{"rendered":"<p><a class=\"button btn-success\" href=\"https:\/\/rankomat.pl\/finanse\/banki\/inbank\/lokaty\/\">Lokaty \u00bb<\/a> <a class=\"button btn-success\" href=\"https:\/\/rankomat.pl\/finanse\/poradniki\/zalozyc-konto-osobiste-30-bankow\/#idea\">Jak za\u0142o\u017cy\u0107 konto \u00bb<\/a> <a class=\"button btn-success\" href=\"https:\/\/rankomat.pl\/finanse\/poradniki\/zamknac-konto-osobiste-30-bankow\/#idea\">Jak zamkn\u0105\u0107 konto \u00bb<\/a> <a class=\"button btn-success\" href=\"https:\/\/rankomat.pl\/finanse\/kredyt-gotowkowy-inbank\/\">Kredyt got\u00f3wkowy \u00bb<\/a><\/p>\n<p><b><img loading=\"lazy\" decoding=\"async\" class=\"size-full wp-image-1207\" style=\"float: left\" src=\"https:\/\/rankomat.pl\/finanse\/wp-content\/uploads\/thumbs\/entry\/2017\/05\/in-bank.png\" alt=\"inbank logo\" width=\"170\" height=\"70\" data-interchange=\"[https:\/\/rankomat.pl\/finanse\/wp-content\/uploads\/thumbs\/entry\/mobile\/2017\/05\/in-bank.png, small], [https:\/\/rankomat.pl\/finanse\/wp-content\/uploads\/thumbs\/entry\/2017\/05\/in-bank.png, medium]\" aria-hidden=\"true\"><\/b><\/p>\n<p style=\"text-align: justify\">Inbank rozpocz\u0105\u0142 dzia\u0142alno\u015b\u0107 na polskim rynku <strong>w marcu 2017 roku<\/strong>. Maj\u0105c na uwadze esto\u0144ski rodow\u00f3d oraz FinTechowe korzenie, nie dziwi fakt, \u017ce dzia\u0142alno\u015b\u0107 banku <strong>opiera si\u0119 na przyjaznych i innowacyjnych technologiach<\/strong>. Inbank jest znacz\u0105cym graczem na esto\u0144skim rynku us\u0142ug bankowych, posiadaj\u0105c 25% udzia\u0142 w sprzeda\u017cy kredyt\u00f3w ratalnych i <strong>20% udzia\u0142 w sprzeda\u017cy kredyt\u00f3w got\u00f3wkowych<\/strong>. Bank dzia\u0142a tak\u017ce na terenie \u0141otwy, Austrii i Niemiec. Do tej pory z us\u0142ug polskiego oddzia\u0142u Inbanku <strong>skorzysta\u0142o ju\u017c 160 000 klient\u00f3w<\/strong> &#8211; szybko, sprawnie, bez konieczno\u015bci wychodzenia z domu.<\/p>\n<h2><b>Oferta dla klient\u00f3w indywidualnych<\/b><\/h2>\n<p style=\"text-align: justify\"><span style=\"font-weight: 400\">Oferta banku <strong>skierowana jest wy\u0142\u0105cznie do klient\u00f3w indywidualnych<\/strong>. Inbank planuje budowa\u0107 swoj\u0105 pozycj\u0119 w oparciu o atrakcyjnie oprocentowane lokaty oraz \u0142atwo dost\u0119pne po\u017cyczki i kredyty. O pozycji konkurencyjnej instytucji decydowa\u0107 ma tak\u017ce przejrzysto\u015b\u0107 i prostota rozwi\u0105za\u0144. To dlatego w ofercie znalaz\u0142y si\u0119 <strong>wy\u0142\u0105cznie lokaty terminowe, szybka po\u017cyczka i kredyt got\u00f3wkowy<\/strong>. Pr\u00f3\u017cno szuka\u0107 tu kont osobistych, funduszy inwestycyjnych czy kredytu hipotecznego.<br \/>\n<\/span><\/p>\n<h2 style=\"text-align: justify\"><b>Godziny ksi\u0119gowania przelew\u00f3w<\/b><\/h2>\n<p style=\"text-align: justify\"><span style=\"font-weight: 400\">Inbank <strong>nie posiada w swojej ofercie<\/strong> rachunk\u00f3w oszcz\u0119dno\u015bciowo-rozliczeniowych, tym samym klienci nie maj\u0105 mo\u017cliwo\u015bci zlecania przelew\u00f3w.<br \/>\n<\/span><\/p>\n<h2><b>Dla poszukuj\u0105cych konta osobistego<\/b><\/h2>\n<p style=\"text-align: justify\"><span style=\"font-weight: 400\">Inbank<strong> nie posiada w swojej ofercie<\/strong> rachunk\u00f3w oszcz\u0119dno\u015bciowo-rozliczeniowych.<br \/>\n<\/span><\/p>\n<h2><b>Dla p\u0142ac\u0105cych kart\u0105<\/b><\/h2>\n<p style=\"text-align: justify\"><span style=\"font-weight: 400\">Inbank <strong>nie posiada w swojej ofercie<\/strong> kart p\u0142atniczych.<br \/>\n<\/span><\/p>\n<h2><b>Dla pomna\u017caj\u0105cych oszcz\u0119dno\u015bci<\/b><\/h2>\n<p style=\"text-align: justify\"><span style=\"font-weight: 400\">Klienci Inbanku nie maj\u0105 du\u017cego pola manewru w kwestii pomna\u017cania oszcz\u0119dno\u015bci. Bank oferuje <strong>wy\u0142\u0105cznie standardowe, za to wybornie oprocentowane lokaty terminowe.<\/strong> Propozycje Inbanku od dnia debiutu zdominowa\u0142y czo\u0142owe miejsca ranking\u00f3w depozyt\u00f3w bankowych, w wielu przypadkach deklasuj\u0105c ofert\u0119 konkurencji. <strong>Niestety korzystaj\u0105c z wy\u017cszego oprocentowania<\/strong>, klienci zaakceptowa\u0107 musz\u0105 gwarancje esto\u0144skiego odpowiednika BFG &#8211; Tagatisfond. Na os\u0142od\u0119 warto doda\u0107, \u017ce suma gwarancji w obu przypadkach jest taka sama i <strong>wynosi 100 000 EUR.<\/strong><br \/>\n<\/span><\/p>\n<p style=\"text-align: justify\">        <div class=\"section_header\">\n        <h2 class=\"title\">Lokaty w  powy\u017cej 1 miesi\u0105ca<\/h2>\n    <\/div>\n        <div class=\"bank-offers-list\">\n        <div class=\"offers-list\">\n                    <div class=\"result_item\" data-offerid=\"147\" data-offername=\"mBank-Lokata bankowa\">\n            <div class=\"lk_badge_wrapper\">\n                \n\n\n    <div class=\"lk_badge new_client tooltipsta\" title=\"Oferta tylko dla nowych klient\u00f3w, nie posiadaj\u0105cych produkt\u00f3w banku.\">nowy<br\/>klient<\/div>\n            <\/div>\n\n            <div class=\"result_item_inner row deposit_row\"><!--\n        --><div class=\"small-12 medium-12 large-2 columns deposit_logo\">\n                    <div class=\"result_item_logo\">\n            <img decoding=\"async\" src=\"https:\/\/finpanel10.rankolabs.net\/assets\/bdb47020-5916-481b-a196-778da975c1ea\" class=\"img-responsive\" alt=\"mBank-Lokata bankowa\" aria-hidden=\"true\" \/>\n    <\/div>\n                <\/div><!--\n            --><div class=\"small-12 medium-4 large-3 columns deposit_label\">\n                    <div class=\"result_item_label label_zakres\">\n    Zakres kwoty\n<\/div>\n<div class=\"result_item_value value_zakres\">\n    1 000 - 25 000<span> z\u0142<\/span>\n<\/div>\n                                    <\/div><!--\n            --><div class=\"small-6 medium-4 large-2 columns deposit_label\">\n                    <div class=\"result_item_label show-for-large\">\n    Oprocentowanie:\n<\/div>\n<div class=\"result_item_label show-for-small-only\">\n    Procent\n<\/div>\n<div class=\"result_item_value value_procent\">\n    7<span> %<\/span>\n<\/div>\n                <\/div><!--\n                --><div class=\"small-6 medium-4 large-2 columns deposit_label\">\n                    <div class=\"result_item_label label_okres\">\n    Okres\n<\/div>\n<div class=\"result_item_value value_okres\" data-value=\"3\">\n    3 <span> mies.<\/span><\/div>\n                <\/div><!--\n            --><div class=\"small-12 medium-12 large-3 columns deposit_btn\">\n                    \n<div class=\"result_item_value\">\n            <a href=\"https:\/\/rankomat.pl\/finanse\/porownywarka-lokat\/\" target=\"_blank\" class=\"btn btn-success btn_online\" rel=\"nofollow\">Sprawd\u017a<\/a>\n        <\/div>\n                <\/div>\n                <div class=\"small-12 medium-12 large-12 columns details_container\" style=\"display:none\">\n                    <div class=\"\">\n                        <div class=\"table-scroll table_more\">\n    <table class=\"table table-striped table-bordered\">\n        <tr>\n            <td class=\"detail_label\">Nazwa produktu:<\/td>\n            <td class=\"detail_value\"><a href=\"https:\/\/rankomat.pl\/finanse\/lokaty\/mBank-Lokata-bankowa\/\">Lokata bankowa<\/a><\/td>\n        <\/tr>\n        <tr>\n            <td class=\"detail_label\">Zakres kwoty:<\/td>\n            <td class=\"detail_value\">1 000 - 25 000 z\u0142<\/td>\n        <\/tr>\n        <tr>\n            <td class=\"detail_label\">Oferta skierowana do:<\/td>\n            <td class=\"detail_value\">Nowych klient\u00f3w<\/td>\n        <\/tr>\n        <tr>\n            <td class=\"detail_label\">Oferta dla nowych \u015brodk\u00f3w:<\/td>\n            <td class=\"detail_value\">Tak<\/td>\n        <\/tr>\n        <tr>\n            <td class=\"detail_label\">Produkt dost\u0119pny:<\/td>\n            <td class=\"detail_value\">online<\/td>\n        <\/tr>\n        <tr>\n            <td class=\"detail_label\">Wymagane konto:<\/td>\n            <td class=\"detail_value\">Tak<\/td>\n        <\/tr>\n        <tr>\n            <td class=\"detail_label\">Oprocentowanie:<\/td>\n            <td class=\"detail_value\">sta\u0142e<\/td>\n        <\/tr>\n        <tr>\n            <td class=\"detail_label\">Kapitalizacja odsetek:<\/td>\n            <td class=\"detail_value\">Na koniec okresu lokaty<\/td>\n        <\/tr>\n        <tr>\n            <td class=\"detail_label\">Maksymalnie mo\u017cna za\u0142o\u017cy\u0107:<\/td>\n            <td class=\"detail_value\">-<\/td>\n        <\/tr>\n        <tr>\n            <td class=\"detail_label\">Konsekwencja wyp\u0142aty przed terminem:<\/td>\n            <td class=\"detail_value\">Ca\u0142kowita utrata odsetek<\/td>\n        <\/tr>\n        <tr>\n            <td class=\"detail_label\">Bezpiecze\u0144stwo wk\u0142adu: <\/td>\n            <td class=\"detail_value\">gwarancja BFG                <a href=\"https:\/\/rankomat.pl\/finanse\/poradniki\/bankowy-fundusz-gwarancyjny-bfg\/\"\n                   target=\"_blank\">\n                    (czytaj wi\u0119cej)\n                <\/a>\n            <\/td>\n        <\/tr>\n        <tr>\n            <td class=\"detail_label\">\n                                    Oferta wa\u017cna do dnia:\n                            <\/td>\n            <td class=\"detail_value\">\n                2025-05-27            <\/td>\n        <\/tr>\n    <\/table>\n<\/div>\n                        <div class=\"bottom_cta_container\">\n                            \n<div class=\"result_item_value\">\n            <a href=\"https:\/\/rankomat.pl\/finanse\/porownywarka-lokat\/\" target=\"_blank\" class=\"btn btn-success btn_online\" rel=\"nofollow\">Sprawd\u017a<\/a>\n        <\/div>\n                        <\/div>\n                    <\/div>\n                <\/div>\n            <\/div>\n\n            <div class=\"row btn_more_container\">\n                <div class=\"text-center deposite-more-bottom\">\n    <div class=\"left-box-more\">\n        <div class=\"fa fa-money\" aria-hidden=\"true\"><\/div>\n        <h3 class=\"result_item_name\">\n                            <a href=\"https:\/\/rankomat.pl\/finanse\/lokaty\/mBank-Lokata-bankowa\/\">Lokata bankowa<\/a>\n                    <\/h3>\n\n    <\/div>\n\n    <div class=\"more-info-box\">\n        <div class=\"fa fa fa-plus\" aria-hidden=\"true\"><\/div>\n        <span class=\"btn_more\">Szczeg\u00f3\u0142y oferty<\/span>\n    <\/div>\n<\/div>\n            <\/div>\n        <\/div>\n                <div class=\"result_item\" data-offerid=\"22\" data-offername=\"mBank-Lokata dla nowych klient\u00f3w\">\n            <div class=\"lk_badge_wrapper\">\n                \n\n\n    <div class=\"lk_badge new_client tooltipsta\" title=\"Oferta tylko dla nowych klient\u00f3w, nie posiadaj\u0105cych produkt\u00f3w banku.\">nowy<br\/>klient<\/div>\n            <\/div>\n\n            <div class=\"result_item_inner row deposit_row\"><!--\n        --><div class=\"small-12 medium-12 large-2 columns deposit_logo\">\n                    <div class=\"result_item_logo\">\n            <img decoding=\"async\" src=\"https:\/\/finpanel10.rankolabs.net\/assets\/bdb47020-5916-481b-a196-778da975c1ea\" class=\"img-responsive\" alt=\"mBank-Lokata dla nowych klient\u00f3w\" aria-hidden=\"true\" \/>\n    <\/div>\n                <\/div><!--\n            --><div class=\"small-12 medium-4 large-3 columns deposit_label\">\n                    <div class=\"result_item_label label_zakres\">\n    Zakres kwoty\n<\/div>\n<div class=\"result_item_value value_zakres\">\n    500 - 10 000<span> z\u0142<\/span>\n<\/div>\n                                    <\/div><!--\n            --><div class=\"small-6 medium-4 large-2 columns deposit_label\">\n                    <div class=\"result_item_label show-for-large\">\n    Oprocentowanie:\n<\/div>\n<div class=\"result_item_label show-for-small-only\">\n    Procent\n<\/div>\n<div class=\"result_item_value value_procent\">\n    1<span> %<\/span>\n<\/div>\n                <\/div><!--\n                --><div class=\"small-6 medium-4 large-2 columns deposit_label\">\n                    <div class=\"result_item_label label_okres\">\n    Okres\n<\/div>\n<div class=\"result_item_value value_okres\" data-value=\"3\">\n    3 <span> mies.<\/span><\/div>\n                <\/div><!--\n            --><div class=\"small-12 medium-12 large-3 columns deposit_btn\">\n                    \n<div class=\"result_item_value\">\n            <a href=\"https:\/\/rankomat.pl\/finanse\/porownywarka-lokat\/\" target=\"_blank\" class=\"btn btn-success btn_online\" rel=\"nofollow\">Sprawd\u017a<\/a>\n        <\/div>\n                <\/div>\n                <div class=\"small-12 medium-12 large-12 columns details_container\" style=\"display:none\">\n                    <div class=\"\">\n                        <div class=\"table-scroll table_more\">\n    <table class=\"table table-striped table-bordered\">\n        <tr>\n            <td class=\"detail_label\">Nazwa produktu:<\/td>\n            <td class=\"detail_value\"><a href=\"https:\/\/rankomat.pl\/finanse\/lokaty\/mBank-Lokata-dla-nowych-klientow\/\">Lokata dla nowych klient\u00f3w<\/a><\/td>\n        <\/tr>\n        <tr>\n            <td class=\"detail_label\">Zakres kwoty:<\/td>\n            <td class=\"detail_value\">500 - 10 000 z\u0142<\/td>\n        <\/tr>\n        <tr>\n            <td class=\"detail_label\">Oferta skierowana do:<\/td>\n            <td class=\"detail_value\">Nowych klient\u00f3w<\/td>\n        <\/tr>\n        <tr>\n            <td class=\"detail_label\">Oferta dla nowych \u015brodk\u00f3w:<\/td>\n            <td class=\"detail_value\">Tak<\/td>\n        <\/tr>\n        <tr>\n            <td class=\"detail_label\">Produkt dost\u0119pny:<\/td>\n            <td class=\"detail_value\">oddzia\u0142 lub online lub bankowo\u015b\u0107 telefoniczna<\/td>\n        <\/tr>\n        <tr>\n            <td class=\"detail_label\">Wymagane konto:<\/td>\n            <td class=\"detail_value\">Tak<\/td>\n        <\/tr>\n        <tr>\n            <td class=\"detail_label\">Oprocentowanie:<\/td>\n            <td class=\"detail_value\">sta\u0142e<\/td>\n        <\/tr>\n        <tr>\n            <td class=\"detail_label\">Kapitalizacja odsetek:<\/td>\n            <td class=\"detail_value\">na koniec okresu<\/td>\n        <\/tr>\n        <tr>\n            <td class=\"detail_label\">Maksymalnie mo\u017cna za\u0142o\u017cy\u0107:<\/td>\n            <td class=\"detail_value\">1<\/td>\n        <\/tr>\n        <tr>\n            <td class=\"detail_label\">Konsekwencja wyp\u0142aty przed terminem:<\/td>\n            <td class=\"detail_value\">ca\u0142kowita utrata odsetek<\/td>\n        <\/tr>\n        <tr>\n            <td class=\"detail_label\">Bezpiecze\u0144stwo wk\u0142adu: <\/td>\n            <td class=\"detail_value\">gwarancja BFG                <a href=\"https:\/\/rankomat.pl\/finanse\/poradniki\/bankowy-fundusz-gwarancyjny-bfg\/\"\n                   target=\"_blank\">\n                    (czytaj wi\u0119cej)\n                <\/a>\n            <\/td>\n        <\/tr>\n        <tr>\n            <td class=\"detail_label\">\n                                    Oferta aktualna na dzie\u0144:\n                            <\/td>\n            <td class=\"detail_value\">\n                2022-03-28            <\/td>\n        <\/tr>\n    <\/table>\n<\/div>\n                        <div class=\"bottom_cta_container\">\n                            \n<div class=\"result_item_value\">\n            <a href=\"https:\/\/rankomat.pl\/finanse\/porownywarka-lokat\/\" target=\"_blank\" class=\"btn btn-success btn_online\" rel=\"nofollow\">Sprawd\u017a<\/a>\n        <\/div>\n                        <\/div>\n                    <\/div>\n                <\/div>\n            <\/div>\n\n            <div class=\"row btn_more_container\">\n                <div class=\"text-center deposite-more-bottom\">\n    <div class=\"left-box-more\">\n        <div class=\"fa fa-money\" aria-hidden=\"true\"><\/div>\n        <h3 class=\"result_item_name\">\n                            <a href=\"https:\/\/rankomat.pl\/finanse\/lokaty\/mBank-Lokata-dla-nowych-klientow\/\">Lokata dla nowych klient\u00f3w<\/a>\n                    <\/h3>\n\n    <\/div>\n\n    <div class=\"more-info-box\">\n        <div class=\"fa fa fa-plus\" aria-hidden=\"true\"><\/div>\n        <span class=\"btn_more\">Szczeg\u00f3\u0142y oferty<\/span>\n    <\/div>\n<\/div>\n            <\/div>\n        <\/div>\n                <\/div>\n            <\/div>\n\n    <div class=\"clearfix\"><\/div>\n    <br>\n\n<\/p>\n<p style=\"text-align: center\"><a class=\"btn btn-success\" href=\"https:\/\/rankomat.pl\/finanse\/banki\/inbank\/lokaty\/\">Sprawd\u017a lokaty Inbanku<\/a><\/p>\n<h2><b>Dla oczekuj\u0105cych finansowania<\/b><\/h2>\n<p style=\"text-align: justify\"><span style=\"font-weight: 400\">Osoby poszukuj\u0105ce finansowania, <strong>skorzysta\u0107 mog\u0105 z dw\u00f3ch szybkich i bardzo przyst\u0119pnych rozwi\u0105za\u0144<\/strong>. Po\u017cyczka Inbanku przypomina popularne na polskim rynku chwil\u00f3wki. Zobowi\u0105zanie zaci\u0105gn\u0105\u0107 mo\u017cna na okres do 4 miesi\u0119cy, a jego kwota nie mo\u017ce przekroczy\u0107 4 000 z\u0142. <strong>Jedynym kosztem po\u017cyczki jest prowizja.<\/strong> Drugim rozwi\u0105zaniem jest kredyt got\u00f3wkowy w kwocie do 50 000 z\u0142, kt\u00f3ry sp\u0142aca\u0107 mo\u017cna do 60 miesi\u0119cy. Oprocentowanie kredytu jest sta\u0142e, za to<strong> prowizja ustalana jest indywidualnie.<\/strong><br \/>\n<\/span><\/p>\n<p style=\"text-align: center\"><a class=\"btn btn-success\" href=\"https:\/\/rankomat.pl\/finanse\/kredyty-gotowkowe\/\">Sprawd\u017a oferty kredyt\u00f3w<\/a><\/p>\n<h2 style=\"text-align: justify\"><b>Inbank &#8211; kontakt<\/b><\/h2>\n<p><span style=\"font-weight: 400\">Adres centrali: Ul. Fabryczna 5A, 00-446 Warszawa<\/span><\/p>\n<p><span style=\"font-weight: 400\">Infolinia: 801 805 805<\/span><\/p>\n<p><span style=\"font-weight: 400\">Email: <\/span><span style=\"font-weight: 400\">kontakt@inbankpolska.pl<\/span><\/p>\n<p><span style=\"font-weight: 400\">Adres strony kontaktowej: <\/span><span style=\"font-weight: 400\">https:\/\/inbankpolska.pl\/warto-wiedziec\/kontakt<\/span><\/p>\n","protected":false},"excerpt":{"rendered":"<p>Lokaty \u00bb Jak za\u0142o\u017cy\u0107 konto \u00bb Jak zamkn\u0105\u0107 konto \u00bb Kredyt got\u00f3wkowy \u00bb Inbank rozpocz\u0105\u0142 dzia\u0142alno\u015b\u0107 na polskim rynku w [&hellip;]<\/p>\n","protected":false},"author":32,"featured_media":0,"parent":11004,"menu_order":0,"comment_status":"closed","ping_status":"closed","template":"page_bank_new.php","meta":{"_acf_changed":false,"yasr_overall_rating":0,"yasr_post_is_review":"","yasr_auto_insert_disabled":"","yasr_review_type":"","footnotes":""},"class_list":["post-1288","page","type-page","status-publish","hentry"],"acf":[],"yoast_head":"<!-- This site is optimized with the Yoast SEO plugin v27.1.1 - https:\/\/yoast.com\/product\/yoast-seo-wordpress\/ -->\n<title>Inbank - Por\u00f3wnaj z 13 innymi bankami | Finanse.rankomat.pl<\/title>\n<meta name=\"robots\" content=\"index, follow, max-snippet:-1, max-image-preview:large, max-video-preview:-1\" \/>\n<link rel=\"canonical\" href=\"https:\/\/rankomat.pl\/finanse\/banki\/inbank\/\" \/>\n<meta property=\"og:locale\" content=\"pl_PL\" \/>\n<meta property=\"og:type\" content=\"article\" \/>\n<meta property=\"og:title\" content=\"Inbank - Por\u00f3wnaj z 13 innymi bankami | Finanse.rankomat.pl\" \/>\n<meta property=\"og:description\" content=\"Lokaty \u00bb Jak za\u0142o\u017cy\u0107 konto \u00bb Jak zamkn\u0105\u0107 konto \u00bb Kredyt got\u00f3wkowy \u00bb Inbank rozpocz\u0105\u0142 dzia\u0142alno\u015b\u0107 na polskim rynku w [&hellip;]\" \/>\n<meta property=\"og:url\" content=\"https:\/\/rankomat.pl\/finanse\/banki\/inbank\/\" \/>\n<meta property=\"og:site_name\" content=\"Por\u00f3wnywarka finansowa Rankomat\" \/>\n<meta property=\"article:publisher\" content=\"https:\/\/www.facebook.com\/rankomatpl\/\" \/>\n<meta property=\"article:modified_time\" content=\"2025-07-10T09:54:11+00:00\" \/>\n<meta property=\"og:image\" content=\"https:\/\/rankomat.pl\/finanse\/wp-content\/uploads\/2017\/02\/alior-bank.png\" \/>\n\t<meta property=\"og:image:width\" content=\"170\" \/>\n\t<meta property=\"og:image:height\" content=\"70\" \/>\n\t<meta property=\"og:image:type\" content=\"image\/png\" \/>\n<meta name=\"twitter:card\" content=\"summary_large_image\" \/>\n<meta name=\"twitter:site\" content=\"@rankomat\" \/>\n<meta name=\"twitter:label1\" content=\"Szacowany czas czytania\" \/>\n\t<meta name=\"twitter:data1\" content=\"3 minuty\" \/>\n<script type=\"application\/ld+json\" class=\"yoast-schema-graph\">{\"@context\":\"https:\/\/schema.org\",\"@graph\":[{\"@type\":\"ImageObject\",\"inLanguage\":\"pl-PL\",\"@id\":\"https:\/\/rankomat.pl\/finanse\/banki\/inbank\/#primaryimage\",\"url\":\"https:\/\/rankomat.pl\/finanse\/wp-content\/uploads\/2017\/02\/alior-bank.png\",\"contentUrl\":\"https:\/\/rankomat.pl\/finanse\/wp-content\/uploads\/2017\/02\/alior-bank.png\",\"width\":170,\"height\":70,\"caption\":\"alior bank logo\"},{\"@type\":\"BreadcrumbList\",\"@id\":\"https:\/\/rankomat.pl\/finanse\/banki\/inbank\/#breadcrumb\",\"itemListElement\":[{\"@type\":\"ListItem\",\"position\":1,\"name\":\"Finanse\",\"item\":\"https:\/\/rankomat.pl\/finanse\/\"},{\"@type\":\"ListItem\",\"position\":2,\"name\":\"Banki\",\"item\":\"https:\/\/rankomat.pl\/finanse\/banki\/\"},{\"@type\":\"ListItem\",\"position\":3,\"name\":\"Inbank\"}]}]}<\/script>\n<!-- \/ Yoast SEO plugin. -->","yoast_head_json":{"title":"Inbank - Por\u00f3wnaj z 13 innymi bankami | Finanse.rankomat.pl","robots":{"index":"index","follow":"follow","max-snippet":"max-snippet:-1","max-image-preview":"max-image-preview:large","max-video-preview":"max-video-preview:-1"},"canonical":"https:\/\/rankomat.pl\/finanse\/banki\/inbank\/","og_locale":"pl_PL","og_type":"article","og_title":"Inbank - Por\u00f3wnaj z 13 innymi bankami | Finanse.rankomat.pl","og_description":"Lokaty \u00bb Jak za\u0142o\u017cy\u0107 konto \u00bb Jak zamkn\u0105\u0107 konto \u00bb Kredyt got\u00f3wkowy \u00bb Inbank rozpocz\u0105\u0142 dzia\u0142alno\u015b\u0107 na polskim rynku w [&hellip;]","og_url":"https:\/\/rankomat.pl\/finanse\/banki\/inbank\/","og_site_name":"Por\u00f3wnywarka finansowa Rankomat","article_publisher":"https:\/\/www.facebook.com\/rankomatpl\/","article_modified_time":"2025-07-10T09:54:11+00:00","og_image":[{"width":170,"height":70,"url":"https:\/\/rankomat.pl\/finanse\/wp-content\/uploads\/2017\/02\/alior-bank.png","type":"image\/png"}],"twitter_card":"summary_large_image","twitter_site":"@rankomat","twitter_misc":{"Szacowany czas czytania":"3 minuty"},"schema":{"@context":"https:\/\/schema.org","@graph":[{"@type":"ImageObject","inLanguage":"pl-PL","@id":"https:\/\/rankomat.pl\/finanse\/banki\/inbank\/#primaryimage","url":"https:\/\/rankomat.pl\/finanse\/wp-content\/uploads\/2017\/02\/alior-bank.png","contentUrl":"https:\/\/rankomat.pl\/finanse\/wp-content\/uploads\/2017\/02\/alior-bank.png","width":170,"height":70,"caption":"alior bank logo"},{"@type":"BreadcrumbList","@id":"https:\/\/rankomat.pl\/finanse\/banki\/inbank\/#breadcrumb","itemListElement":[{"@type":"ListItem","position":1,"name":"Finanse","item":"https:\/\/rankomat.pl\/finanse\/"},{"@type":"ListItem","position":2,"name":"Banki","item":"https:\/\/rankomat.pl\/finanse\/banki\/"},{"@type":"ListItem","position":3,"name":"Inbank"}]}]}},"yasr_visitor_votes":{"stars_attributes":{"read_only":false,"span_bottom":false},"number_of_votes":15,"sum_votes":72},"_links":{"self":[{"href":"https:\/\/rankomat.pl\/finanse\/wp-json\/wp\/v2\/pages\/1288","targetHints":{"allow":["GET"]}}],"collection":[{"href":"https:\/\/rankomat.pl\/finanse\/wp-json\/wp\/v2\/pages"}],"about":[{"href":"https:\/\/rankomat.pl\/finanse\/wp-json\/wp\/v2\/types\/page"}],"author":[{"embeddable":true,"href":"https:\/\/rankomat.pl\/finanse\/wp-json\/wp\/v2\/users\/32"}],"replies":[{"embeddable":true,"href":"https:\/\/rankomat.pl\/finanse\/wp-json\/wp\/v2\/comments?post=1288"}],"version-history":[{"count":0,"href":"https:\/\/rankomat.pl\/finanse\/wp-json\/wp\/v2\/pages\/1288\/revisions"}],"up":[{"embeddable":true,"href":"https:\/\/rankomat.pl\/finanse\/wp-json\/wp\/v2\/pages\/11004"}],"wp:attachment":[{"href":"https:\/\/rankomat.pl\/finanse\/wp-json\/wp\/v2\/media?parent=1288"}],"curies":[{"name":"wp","href":"https:\/\/api.w.org\/{rel}","templated":true}]}}