{"id":1296,"date":"2017-05-18T13:47:17","date_gmt":"2017-05-18T11:47:17","guid":{"rendered":"https:\/\/rankomat.pl\/finanse\/?page_id=1296"},"modified":"2025-07-10T11:54:12","modified_gmt":"2025-07-10T09:54:12","slug":"bank-bps","status":"publish","type":"page","link":"https:\/\/rankomat.pl\/finanse\/banki\/bank-bps\/","title":{"rendered":"Bank BPS"},"content":{"rendered":"<p><a class=\"button btn-success\" href=\"https:\/\/rankomat.pl\/finanse\/poradniki\/zalozyc-konto-osobiste-30-bankow\/#BPS\">Jak za\u0142o\u017cy\u0107 konto \u00bb<\/a> <a class=\"button btn-success\" href=\"https:\/\/rankomat.pl\/finanse\/poradniki\/zamknac-konto-osobiste-30-bankow\/#BPS\">Jak zamkn\u0105\u0107 konto \u00bb<\/a><\/p>\n<p><b><img loading=\"lazy\" decoding=\"async\" class=\"size-full wp-image-1207\" style=\"float: left\" src=\"https:\/\/rankomat.pl\/finanse\/wp-content\/uploads\/thumbs\/entry\/2017\/05\/bank-bps.png\" alt=\"bps logo\" width=\"170\" height=\"70\" data-interchange=\"[https:\/\/rankomat.pl\/finanse\/wp-content\/uploads\/thumbs\/entry\/mobile\/2017\/05\/bank-bps.png, small], [https:\/\/rankomat.pl\/finanse\/wp-content\/uploads\/thumbs\/entry\/2017\/05\/bank-bps.png, medium]\" aria-hidden=\"true\"><\/b><\/p>\n<p style=\"text-align: justify\">Bank Polskiej Sp\u00f3\u0142dzielczo\u015bci S.A. <strong>funkcjonuje na polskim rynku od 1992 roku.<\/strong> Pod obecn\u0105 nazw\u0105 znamy go jednak dopiero od 2002 roku. Instytucja ta zrzesza aktualnie 355 bank\u00f3w sp\u00f3\u0142dzielczych, a swoje <strong>us\u0142ugi \u015bwiadczy w przesz\u0142o 50 plac\u00f3wkach na terenie ca\u0142ego kraju<\/strong>. Oferta banku BPS S.A. skierowana jest zar\u00f3wno do klient\u00f3w biznesowych, jak i indywidualnych.<\/p>\n<h2><b>Oferta dla klient\u00f3w indywidualnych<\/b><\/h2>\n<p style=\"text-align: justify\"><span style=\"font-weight: 400\">W Banku Polskiej Sp\u00f3\u0142dzielczo\u015bci S.A. mo\u017cemy<strong> skorzysta\u0107 z szerokiej oferty produkt\u00f3w finansowych<\/strong>. Znajdziemy tu zatem rachunki osobiste, walutowe, maklerskie czy te\u017c indywidualne. Dodatkowo, bank oferuje tak\u017ce produkty oszcz\u0119dno\u015bciowe (konta, lokaty) oraz inwestycyjne (np. fundusze). Osoby poszukuj\u0105ce dodatkowego \u017ar\u00f3d\u0142a finansowania w banku BPS S.A. mog\u0105 <strong>skorzysta\u0107 z propozycji kredyt\u00f3w got\u00f3wkowych oraz hipotecznych.<\/strong> Bank przygotowa\u0142 te\u017c specjaln\u0105 propozycj\u0119 kredytu studenckiego oraz na budow\u0119 dom\u00f3w energooszcz\u0119dnych.<br \/>\n<\/span><\/p>\n<h2 style=\"text-align: justify\"><b>Godziny ksi\u0119gowania przelew\u00f3w<\/b><\/h2>\n<p style=\"text-align: justify\"><span style=\"font-weight: 400\">Bank Polskiej Sp\u00f3\u0142dzielczo\u015bci S.A. realizuje przelewy w <strong>systemach ELIXIR, Express ELIXIR oraz SORBNET<\/strong>. Harmonogram sesji ELIXIR przedstawia si\u0119 nast\u0119puj\u0105co:<br \/>\n<\/span><\/p>\n<table class=\"table table-bordered\">\n<tbody>\n<tr>\n<td><strong>Rodzaj sesji<\/strong><\/td>\n<td class=\"text-center\" colspan=\"3\"><strong>Godziny sesji<\/strong><\/td>\n<\/tr>\n<tr>\n<td>Sesje wychodz\u0105ce<\/td>\n<td class=\"text-center\">14:30 &#8211; 15:00<\/td>\n<td class=\"text-center\">14:30 &#8211; 15:00<\/td>\n<td class=\"text-center\">14:30 &#8211; 15:00<\/td>\n<\/tr>\n<tr>\n<td>Sesje przychodz\u0105ce<\/td>\n<td class=\"text-center\">do 12:00<\/td>\n<td class=\"text-center\">do 16:00<\/td>\n<td class=\"text-center\">do 18:00<\/td>\n<\/tr>\n<\/tbody>\n<\/table>\n<p style=\"text-align: justify\"><span style=\"font-weight: 400\">W przypadku przelew\u00f3w mi\u0119dzynarodowych wymagane jest <strong>podanie kodu SWIFT (BIC)<\/strong> przypisanego do danego banku.<br \/>\n<\/span><span style=\"font-weight: 400\">Kod SWIFT (BIC) banku BPS S.A.:<\/span><strong> POLUPLPR<\/strong><\/p>\n<h2><b>Dla poszukuj\u0105cych konta osobistego<\/b><\/h2>\n<p style=\"text-align: justify\"><span style=\"font-weight: 400\">Oferta rachunk\u00f3w osobistych Banku Polskiej Sp\u00f3\u0142dzielczo\u015bci S.A. zosta\u0142a skonstruowana tak, aby <strong>ka\u017cdy klient znalaz\u0142 odpowiedni dla siebie produkt<\/strong>. Bank oferuje zatem standardowy rachunek z dost\u0119pem do bankowo\u015bci elektronicznej, a tak\u017ce specjalne konto dla os\u00f3b, kt\u00f3re z pomoc\u0105 banku aplikuj\u0105 o \u015brodki z programu 500+. Osobne rachunki stworzono tak\u017ce dla student\u00f3w oraz <strong>dzieci i m\u0142odzie\u017cy do 18 roku \u017cycia<\/strong>. Bank BPS S.A. wprowadzi\u0142 do oferty ponadto specjalne konto VIP, przeznaczone dla os\u00f3b poszukuj\u0105cych <strong>indywidualnych rozwi\u0105za\u0144 finansowych.<\/strong><br \/>\n<\/span><\/p>\n<p style=\"text-align: center\"><a class=\"btn btn-success\" href=\"https:\/\/rankomat.pl\/finanse\/konta\/konta-bankowe\/\">Zobacz ranking kont osobistych<\/a><\/p>\n<h2><b>Dla p\u0142ac\u0105cych kart\u0105<\/b><\/h2>\n<p style=\"text-align: justify\"><span style=\"font-weight: 400\">Do rachunku otwartego w Banku Polskiej Sp\u00f3\u0142dzielczo\u015bci S.A. mo\u017cna otrzyma\u0107 kart\u0119 p\u0142atnicz\u0105. Bank oferuje zar\u00f3wno <strong>karty sygnowane logiem Visa, jak i MasterCard.<\/strong> Do dyspozycji klienta s\u0105 tak\u017ce karty kredytowe z r\u00f3\u017cnym limitem maksymalnego zobowi\u0105zania. Dla tych, kt\u00f3rzy chc\u0105 mie\u0107 natomiast <strong>dok\u0142adn\u0105 kontrol\u0119 nad swoimi wydatkami<\/strong> przygotowano karty przedp\u0142acone, dzi\u0119ki kt\u00f3rym wydajemy wy\u0142\u0105cznie tyle, ile wp\u0142acili\u015bmy na rachunek karty.<br \/>\n<\/span><\/p>\n<h2><b>Dla pomna\u017caj\u0105cych oszcz\u0119dno\u015bci<\/b><\/h2>\n<p style=\"text-align: justify\"><span style=\"font-weight: 400\">Dla klient\u00f3w zainteresowanych pomna\u017caniem swoich oszcz\u0119dno\u015bci bank BPS S.A <strong>przygotowa\u0142 szerok\u0105 ofert\u0119 produkt\u00f3w oszcz\u0119dno\u015bciowych i inwestycyjnych.<\/strong> Do wyboru mamy wi\u0119c bezpieczne rachunki oszcz\u0119dno\u015bciowe (w tym konto emerytalne) b\u0105d\u017a lokaty. Dla tych, kt\u00f3rzy oczekuj\u0105 jednak jeszcze wi\u0119kszego zysku, przygotowano natomiast <strong>propozycje funduszy inwestycyjnych.<\/strong><br \/>\n<\/span><\/p>\n<p style=\"text-align: center\"><a class=\"btn btn-success\" href=\"https:\/\/rankomat.pl\/finanse\/lokaty\/\">Sprawd\u017a najlepsze lokaty<\/a><\/p>\n<h2><b>Dla oczekuj\u0105cych finansowania<\/b><\/h2>\n<p style=\"text-align: justify\"><span style=\"font-weight: 400\">W zale\u017cno\u015bci od naszych potrzeb Bank Polskiej Sp\u00f3\u0142dzielczo\u015bci S.A. mo\u017ce<strong> zaproponowa\u0107 nam odpowiedni kredyt.<\/strong> W ofercie tej instytucji znajdziemy wi\u0119c takie produkty jak: kredyt got\u00f3wkowy, kredyt odnawialny i kredyt inwestycyjny. Bank przygotowa\u0142 tak\u017ce osobn\u0105 propozycje kredyt\u00f3w hipotecznych (w tym kredyt konsolidacyjny lub kredyt Mieszkanie dla M\u0142odych), a tak\u017ce <strong>kredytu studenckiego oraz kredytu na budow\u0119 domu energooszcz\u0119dnego.<\/strong><br \/>\n<\/span><\/p>\n<p style=\"text-align: center\"><a class=\"btn btn-success\" href=\"https:\/\/rankomat.pl\/finanse\/kredyty-gotowkowe\/\">Sprawd\u017a oferty kredyt\u00f3w<\/a><\/p>\n<h2 style=\"text-align: justify\"><b>Bank Polskiej Sp\u00f3\u0142dzielczo\u015bci &#8211; kontakt<\/b><\/h2>\n<p><span style=\"font-weight: 400\">Adres centrali: ul. Grzybowska 81, 00-844 Warszawa<\/span><\/p>\n<p><span style=\"font-weight: 400\">Infolinia: 801 321 456, (+48) 86 215 50 00 <\/span><\/p>\n<p><span style=\"font-weight: 400\">Email: reklamacje@bankbps.pl<\/span><\/p>\n<p><span style=\"font-weight: 400\">Adres strony kontaktowej: <\/span><span style=\"font-weight: 400\">http:\/\/www.bankbps.pl\/kontakt<\/span><\/p>\n","protected":false},"excerpt":{"rendered":"<p>Jak za\u0142o\u017cy\u0107 konto \u00bb Jak zamkn\u0105\u0107 konto \u00bb Bank Polskiej Sp\u00f3\u0142dzielczo\u015bci S.A. funkcjonuje na polskim rynku od 1992 roku. Pod [&hellip;]<\/p>\n","protected":false},"author":15,"featured_media":0,"parent":11004,"menu_order":0,"comment_status":"closed","ping_status":"closed","template":"page_bank.php","meta":{"_acf_changed":false,"yasr_overall_rating":0,"yasr_post_is_review":"","yasr_auto_insert_disabled":"","yasr_review_type":"","footnotes":""},"class_list":["post-1296","page","type-page","status-publish","hentry"],"acf":[],"yoast_head":"<!-- This site is optimized with the Yoast SEO plugin v27.1.1 - https:\/\/yoast.com\/product\/yoast-seo-wordpress\/ -->\n<title>Bank BPS - sprawd\u017a oferty bankowe | Por\u00f3wnywarka finansowa Rankomat<\/title>\n<meta name=\"robots\" content=\"index, follow, max-snippet:-1, max-image-preview:large, max-video-preview:-1\" \/>\n<link rel=\"canonical\" href=\"https:\/\/rankomat.pl\/finanse\/banki\/bank-bps\/\" \/>\n<meta property=\"og:locale\" content=\"pl_PL\" \/>\n<meta property=\"og:type\" content=\"article\" \/>\n<meta property=\"og:title\" content=\"Bank BPS - sprawd\u017a {{count_bank_25}} | Por\u00f3wnywarka finansowa Rankomat\" \/>\n<meta property=\"og:description\" content=\"Jak za\u0142o\u017cy\u0107 konto \u00bb Jak zamkn\u0105\u0107 konto \u00bb Bank Polskiej Sp\u00f3\u0142dzielczo\u015bci S.A. funkcjonuje na polskim rynku od 1992 roku. Pod [&hellip;]\" \/>\n<meta property=\"og:url\" content=\"https:\/\/rankomat.pl\/finanse\/banki\/bank-bps\/\" \/>\n<meta property=\"og:site_name\" content=\"Por\u00f3wnywarka finansowa Rankomat\" \/>\n<meta property=\"article:publisher\" content=\"https:\/\/www.facebook.com\/rankomatpl\/\" \/>\n<meta property=\"article:modified_time\" content=\"2025-07-10T09:54:12+00:00\" \/>\n<meta property=\"og:image\" content=\"https:\/\/rankomat.pl\/finanse\/wp-content\/uploads\/2017\/02\/alior-bank.png\" \/>\n\t<meta property=\"og:image:width\" content=\"170\" \/>\n\t<meta property=\"og:image:height\" content=\"70\" \/>\n\t<meta property=\"og:image:type\" content=\"image\/png\" \/>\n<meta name=\"twitter:card\" content=\"summary_large_image\" \/>\n<meta name=\"twitter:site\" content=\"@rankomat\" \/>\n<meta name=\"twitter:label1\" content=\"Szacowany czas czytania\" \/>\n\t<meta name=\"twitter:data1\" content=\"3 minuty\" \/>\n<script type=\"application\/ld+json\" class=\"yoast-schema-graph\">{\"@context\":\"https:\/\/schema.org\",\"@graph\":[{\"@type\":\"ImageObject\",\"inLanguage\":\"pl-PL\",\"@id\":\"https:\/\/rankomat.pl\/finanse\/banki\/bank-bps\/#primaryimage\",\"url\":\"https:\/\/rankomat.pl\/finanse\/wp-content\/uploads\/2017\/02\/alior-bank.png\",\"contentUrl\":\"https:\/\/rankomat.pl\/finanse\/wp-content\/uploads\/2017\/02\/alior-bank.png\",\"width\":170,\"height\":70,\"caption\":\"alior bank logo\"},{\"@type\":\"BreadcrumbList\",\"@id\":\"https:\/\/rankomat.pl\/finanse\/banki\/bank-bps\/#breadcrumb\",\"itemListElement\":[{\"@type\":\"ListItem\",\"position\":1,\"name\":\"Finanse\",\"item\":\"https:\/\/rankomat.pl\/finanse\/\"},{\"@type\":\"ListItem\",\"position\":2,\"name\":\"Banki\",\"item\":\"https:\/\/rankomat.pl\/finanse\/banki\/\"},{\"@type\":\"ListItem\",\"position\":3,\"name\":\"Bank BPS\"}]}]}<\/script>\n<!-- \/ Yoast SEO plugin. -->","yoast_head_json":{"title":"Bank BPS - sprawd\u017a oferty bankowe | Por\u00f3wnywarka finansowa Rankomat","robots":{"index":"index","follow":"follow","max-snippet":"max-snippet:-1","max-image-preview":"max-image-preview:large","max-video-preview":"max-video-preview:-1"},"canonical":"https:\/\/rankomat.pl\/finanse\/banki\/bank-bps\/","og_locale":"pl_PL","og_type":"article","og_title":"Bank BPS - sprawd\u017a {{count_bank_25}} | Por\u00f3wnywarka finansowa Rankomat","og_description":"Jak za\u0142o\u017cy\u0107 konto \u00bb Jak zamkn\u0105\u0107 konto \u00bb Bank Polskiej Sp\u00f3\u0142dzielczo\u015bci S.A. funkcjonuje na polskim rynku od 1992 roku. Pod [&hellip;]","og_url":"https:\/\/rankomat.pl\/finanse\/banki\/bank-bps\/","og_site_name":"Por\u00f3wnywarka finansowa Rankomat","article_publisher":"https:\/\/www.facebook.com\/rankomatpl\/","article_modified_time":"2025-07-10T09:54:12+00:00","og_image":[{"width":170,"height":70,"url":"https:\/\/rankomat.pl\/finanse\/wp-content\/uploads\/2017\/02\/alior-bank.png","type":"image\/png"}],"twitter_card":"summary_large_image","twitter_site":"@rankomat","twitter_misc":{"Szacowany czas czytania":"3 minuty"},"schema":{"@context":"https:\/\/schema.org","@graph":[{"@type":"ImageObject","inLanguage":"pl-PL","@id":"https:\/\/rankomat.pl\/finanse\/banki\/bank-bps\/#primaryimage","url":"https:\/\/rankomat.pl\/finanse\/wp-content\/uploads\/2017\/02\/alior-bank.png","contentUrl":"https:\/\/rankomat.pl\/finanse\/wp-content\/uploads\/2017\/02\/alior-bank.png","width":170,"height":70,"caption":"alior bank logo"},{"@type":"BreadcrumbList","@id":"https:\/\/rankomat.pl\/finanse\/banki\/bank-bps\/#breadcrumb","itemListElement":[{"@type":"ListItem","position":1,"name":"Finanse","item":"https:\/\/rankomat.pl\/finanse\/"},{"@type":"ListItem","position":2,"name":"Banki","item":"https:\/\/rankomat.pl\/finanse\/banki\/"},{"@type":"ListItem","position":3,"name":"Bank BPS"}]}]}},"yasr_visitor_votes":{"stars_attributes":{"read_only":false,"span_bottom":false},"number_of_votes":39,"sum_votes":195},"_links":{"self":[{"href":"https:\/\/rankomat.pl\/finanse\/wp-json\/wp\/v2\/pages\/1296","targetHints":{"allow":["GET"]}}],"collection":[{"href":"https:\/\/rankomat.pl\/finanse\/wp-json\/wp\/v2\/pages"}],"about":[{"href":"https:\/\/rankomat.pl\/finanse\/wp-json\/wp\/v2\/types\/page"}],"author":[{"embeddable":true,"href":"https:\/\/rankomat.pl\/finanse\/wp-json\/wp\/v2\/users\/15"}],"replies":[{"embeddable":true,"href":"https:\/\/rankomat.pl\/finanse\/wp-json\/wp\/v2\/comments?post=1296"}],"version-history":[{"count":0,"href":"https:\/\/rankomat.pl\/finanse\/wp-json\/wp\/v2\/pages\/1296\/revisions"}],"up":[{"embeddable":true,"href":"https:\/\/rankomat.pl\/finanse\/wp-json\/wp\/v2\/pages\/11004"}],"wp:attachment":[{"href":"https:\/\/rankomat.pl\/finanse\/wp-json\/wp\/v2\/media?parent=1296"}],"curies":[{"name":"wp","href":"https:\/\/api.w.org\/{rel}","templated":true}]}}