{"id":13427,"date":"2026-03-31T15:20:13","date_gmt":"2026-03-31T13:20:13","guid":{"rendered":"https:\/\/rankomat.pl\/finanse\/?page_id=13427"},"modified":"2026-04-01T09:00:41","modified_gmt":"2026-04-01T07:00:41","slug":"konta-bankowe-w-unicredit","status":"publish","type":"page","link":"https:\/\/rankomat.pl\/finanse\/banki\/unicredit\/konta-bankowe-w-unicredit\/","title":{"rendered":"Konta bankowe w UniCredit"},"content":{"rendered":"<p><strong>Rachunek osobisty to podstawowe narz\u0119dzie do zarz\u0105dzania swoimi finansami. W Banku UniCredit dost\u0119p do konta i pe\u0142ne zarz\u0105dzanie jego funkcjonalno\u015bciami odbywa si\u0119 z poziomu aplikacji mobilnej.\u00a0\u00a0<\/strong><\/p>\n<h2>Jakie konta osobiste dost\u0119pne s\u0105 w Banku UniCredit?<\/h2>\n<p>UniCredit oferuje konto osobiste i konto oszcz\u0119dno\u015bciowe dla klient\u00f3w indywidualnych z dost\u0119pem do rachunk\u00f3w walutowych w EUR, USD, GBP i CHF w ramach pakietu UniCredit Easy oraz mo\u017cliwo\u015b\u0107 otwarcia rachunku inwestycyjnego.<\/p>\n<h3>Konto osobiste<\/h3>\n<p>Standardowy rachunek ROR, kt\u00f3ry mo\u017cna otworzy\u0107 za pomoc\u0105 aplikacji mobilnej lub w plac\u00f3wce stacjonarnej. Bank nie pobiera op\u0142at za prowadzenie konta oraz kart\u0119 p\u0142atnicz\u0105 bez konieczno\u015bci spe\u0142nienia dodatkowych warunk\u00f3w. Oferuje r\u00f3wnie\u017c darmowe przelewy natychmiastowe realizowane w z\u0142ot\u00f3wkach i euro oraz bezp\u0142atne wyp\u0142aty z bankomat\u00f3w na ca\u0142ym \u015bwiecie. Klient mo\u017ce mie\u0107 tylko jedno aktywne konto osobiste, a obok rachunku g\u0142\u00f3wnego mo\u017ce dodatkowo otworzy\u0107 konta oszcz\u0119dno\u015bciowe i walutowe. UniCredit obecnie nie oferuje konta wsp\u00f3lnego.<\/p>\n<h3>Konto oszcz\u0119dno\u015bciowe<\/h3>\n<p>Konto oszcz\u0119dno\u015bciowe w UniCredit z promocyjnym oprocentowaniem nie wymaga spe\u0142nienia dodatkowych warunk\u00f3w. Oprocentowaniu podlegaj\u0105 wszystkie \u015brodki, nie tylko nowe. Na rachunek mo\u017cna wp\u0142aci\u0107 dowoln\u0105 kwot\u0119 &#8211; Bank nie wprowadza w tym zakresie \u017cadnych ogranicze\u0144. Odsetki od gromadzonego na rachunku oszcz\u0119dno\u015bciowym kapita\u0142u naliczane s\u0105 codziennie. Natomiast kapitalizacja odsetek realizowana jest w cyklach miesi\u0119cznych.<\/p>\n<h2>Jak za\u0142o\u017cy\u0107 konto osobiste w Banku UniCredit?<\/h2>\n<p>Konto osobiste w UniCredit mo\u017cna otworzy\u0107 w aplikacji mobilnej Banku. Proces rozpoczyna si\u0119 od:<\/p>\n<ul>\n<li style=\"list-style-type: none;\">\n<ul>\n<li>pobrania aplikacji z Google Play lub App Store,<\/li>\n<li>wybrania Polski jako kraju zamieszkania,<\/li>\n<li>wskazania rodzaju konta,<\/li>\n<li>wpisania danych kontaktowych,<\/li>\n<li>potwierdzenia numeru telefonu kodem SMS,<\/li>\n<li>ustawienia kodu PIN.<\/li>\n<\/ul>\n<\/li>\n<\/ul>\n<p>Otwarcie rachunku wymaga potwierdzenia to\u017csamo\u015bci. Bank oferuje dwa sposoby weryfikacji do wyboru: za pomoc\u0105 us\u0142ugi mObywatel lub skanu dowodu lub paszportu. W kolejnym kroku nale\u017cy zapozna\u0107 si\u0119, a nast\u0119pnie zaakceptowa\u0107 umow\u0119. Po zako\u0144czeniu procesu konto b\u0119dzie od razu aktywne.<\/p>\n<h2>Ile kosztuje za\u0142o\u017cenie i prowadzenie konta osobistego w Banku UniCredit?<\/h2>\n<p>Otwarcie i prowadzenie rachunku osobistego w Banku UniCredit jest bezwarunkowo bezp\u0142atne. Instytucja oferuje r\u00f3wnie\u017c darmowe przelewy natychmiastowe w z\u0142ot\u00f3wkach i euro. Darmowe s\u0105 r\u00f3wnie\u017c wyp\u0142aty ze wszystkich bankomat\u00f3w w Polsce i na \u015bwiecie.<\/p>\n<h2>Czy do konta osobistego mo\u017cna wyrobi\u0107 kart\u0119 w Banku UniCredit?<\/h2>\n<p>Do konta osobistego w UniCredit oferowana jest <strong>karta debetowa<\/strong>. Kart\u0105 mo\u017cna zarz\u0105dza\u0107 bezpo\u015brednio w aplikacji, wykonuj\u0105c m.in. takie czynno\u015bci jak:<\/p>\n<ul>\n<li style=\"list-style-type: none;\">\n<ul>\n<li>ustawia\u0107 limity transakcji,<\/li>\n<li>aktywowa\u0107 lub wy\u0142\u0105cza\u0107 p\u0142atno\u015bci zbli\u017ceniowe,<\/li>\n<li>wyp\u0142aty z bankomat\u00f3w i p\u0142atno\u015bci internetowe,<\/li>\n<li>sprawdza\u0107 dane karty,<\/li>\n<li>generowa\u0107 i odblokowywa\u0107 PIN,<\/li>\n<li>tymczasowo blokowa\u0107 kart\u0119,<\/li>\n<li>zastrzega\u0107 j\u0105 oraz zamawia\u0107 kart\u0119 plastikow\u0105.<\/li>\n<\/ul>\n<\/li>\n<\/ul>\n<p>Pierwsza fizyczna lub wirtualna karta do konta w Banku UniCredit jest bezp\u0142atna.<\/p>\n<h2>Dodatkowe us\u0142ugi i produkty zwi\u0105zane z kontem osobistym w Banku UniCredit<\/h2>\n<p>Z kontem osobistym w UniCredit powi\u0105zane s\u0105 dodatkowe produkty i us\u0142ugi. Bank wskazuje na dost\u0119p do rachunk\u00f3w walutowych, atrakcyjne kursy walut, darmowe przelewy natychmiastowe w PLN i EUR, mo\u017cliwo\u015b\u0107 zak\u0142adania lokat w z\u0142ot\u00f3wkach i walutach obcych, szerok\u0105 ofert\u0119 inwestycyjn\u0105 oraz promocj\u0119 Spotify Premium dla nowych klient\u00f3w.<\/p>\n<h2>Jakie konta firmowe dost\u0119pne s\u0105 w Banku UniCredit?<\/h2>\n<p>UniCredit ma w swojej ofercie konta firmowe dla os\u00f3b prowadz\u0105cych jednoosobow\u0105 dzia\u0142alno\u015b\u0107 gospodarcz\u0105.<\/p>\n<h3>Konto firmowe Standard<\/h3>\n<p>Rachunek firmowy dla os\u00f3b prowadz\u0105cych jednoosobow\u0105 dzia\u0142alno\u015b\u0107 gospodarcz\u0105 bez ukrytych op\u0142at i z kontem oszcz\u0119dno\u015bciowym. Prowadzenie pierwszego rachunku, pierwsza karta debetowa i przelewy krajowe Elixir s\u0105 bezp\u0142atne. Przelewy natychmiastowe w euro (SEPA) to koszt 2 z\u0142 za transakcj\u0119 (koszty aktualne w marcu 2026 roku). Bank UniCredit w ramach konta Standard oferuje r\u00f3wnie\u017c korzystne kursy wymiany walut spoza Unii Europejskiej i nie nalicza mar\u017cy w przypadku transakcji realizowanych w walutach unijnych.<\/p>\n<h3>Konto firmowe Premium<\/h3>\n<p>Rachunek firmowy dla jednoosobowego biznesu, kt\u00f3ry zapewnia wi\u0119cej mo\u017cliwo\u015bci dla bardziej rozbudowanej dzia\u0142alno\u015bci. Oferuje dwa konta prowadzone w z\u0142ot\u00f3wkach i dwie karty wirtualne w cenie, a dodatkowo:<\/p>\n<ul>\n<li style=\"list-style-type: none;\">\n<ul>\n<li>Darmowe wp\u0142aty we wp\u0142atomatach.<\/li>\n<li>Atrakcyjne kursy wymiany walut spoza UE.<\/li>\n<li>Przelewy natychmiastowe w z\u0142ot\u00f3wkach i euro.<\/li>\n<\/ul>\n<\/li>\n<\/ul>\n<p>Konto biznesowe dla JDG mo\u017cna otworzy\u0107 online w aplikacji mobilnej albo w plac\u00f3wce z pomoc\u0105 doradcy.<\/p>\n<h2>FAQ &#8211; najcz\u0119\u015bciej zadawane pytania<\/h2>\n<h3><strong>Czy konto bankowe w UniCredit jest oprocentowane?<\/strong><\/h3>\n<p>Konto osobiste w UniCredit nie jest oprocentowane. Oprocentowane natomiast s\u0105 \u015brodki zgromadzone na koncie oszcz\u0119dno\u015bciowym.<\/p>\n<h3>Czy mo\u017cna za\u0142o\u017cy\u0107 konto wsp\u00f3lne w Banku UniCredit?<\/h3>\n<p>Nie. Bank UniCredit wprost wskazuje, \u017ce obecnie nie oferuje mo\u017cliwo\u015bci otwarcia konta wsp\u00f3lnego z drug\u0105 osob\u0105.<\/p>\n<h3>Jak pobra\u0107 wyci\u0105g z konta w Banku UniCredit?<\/h3>\n<p>Wyci\u0105g z konta bankowego mo\u017cesz pobra\u0107 w aplikacji. Aby pobra\u0107 dokument nale\u017cy:<\/p>\n<ul>\n<li style=\"list-style-type: none;\">\n<ul>\n<li>wej\u015b\u0107 na ekran wybranego rachunku,<\/li>\n<li>wybra\u0107 opcj\u0119 \u201eWi\u0119cej\u201d, a nast\u0119pnie \u201eWyci\u0105gi\u201d,<\/li>\n<li>okre\u015bli\u0107 zakres czasu, za kt\u00f3ry ma by\u0107 wygenerowane zestawienie lub wybra\u0107 miesi\u0119czne zestawienie z listy,<\/li>\n<li>a potem klikn\u0105\u0107 \u201eGeneruj nowy wyci\u0105g\u201d.<\/li>\n<\/ul>\n<\/li>\n<\/ul>\n","protected":false},"excerpt":{"rendered":"<p>Rachunek osobisty to podstawowe narz\u0119dzie do zarz\u0105dzania swoimi finansami. W Banku UniCredit dost\u0119p do konta i pe\u0142ne zarz\u0105dzanie jego funkcjonalno\u015bciami [&hellip;]<\/p>\n","protected":false},"author":30,"featured_media":0,"parent":13426,"menu_order":0,"comment_status":"closed","ping_status":"closed","template":"page_bank_product.php","meta":{"_acf_changed":false,"yasr_overall_rating":0,"yasr_post_is_review":"","yasr_auto_insert_disabled":"","yasr_review_type":"","footnotes":""},"class_list":["post-13427","page","type-page","status-publish","hentry"],"acf":[],"yoast_head":"<!-- This site is optimized with the Yoast SEO plugin v27.1.1 - https:\/\/yoast.com\/product\/yoast-seo-wordpress\/ -->\n<title>Konta bankowe w UniCredit - sprawd\u017a oferty bankowe | Por\u00f3wnywarka finansowa Rankomat<\/title>\n<meta name=\"robots\" content=\"index, follow, max-snippet:-1, max-image-preview:large, max-video-preview:-1\" \/>\n<link rel=\"canonical\" href=\"https:\/\/rankomat.pl\/finanse\/banki\/unicredit\/konta-bankowe-w-unicredit\/\" \/>\n<meta property=\"og:locale\" content=\"pl_PL\" \/>\n<meta property=\"og:type\" content=\"article\" \/>\n<meta property=\"og:title\" content=\"Konta bankowe w UniCredit - sprawd\u017a {{count_bank_0}} | Por\u00f3wnywarka finansowa Rankomat\" \/>\n<meta property=\"og:description\" content=\"Rachunek osobisty to podstawowe narz\u0119dzie do zarz\u0105dzania swoimi finansami. W Banku UniCredit dost\u0119p do konta i pe\u0142ne zarz\u0105dzanie jego funkcjonalno\u015bciami [&hellip;]\" \/>\n<meta property=\"og:url\" content=\"https:\/\/rankomat.pl\/finanse\/banki\/unicredit\/konta-bankowe-w-unicredit\/\" \/>\n<meta property=\"og:site_name\" content=\"Por\u00f3wnywarka finansowa Rankomat\" \/>\n<meta property=\"article:publisher\" content=\"https:\/\/www.facebook.com\/rankomatpl\/\" \/>\n<meta property=\"article:modified_time\" content=\"2026-04-01T07:00:41+00:00\" \/>\n<meta property=\"og:image\" content=\"https:\/\/rankomat.pl\/finanse\/wp-content\/uploads\/2021\/03\/rankomat-star-og.png\" \/>\n\t<meta property=\"og:image:width\" content=\"480\" \/>\n\t<meta property=\"og:image:height\" content=\"320\" \/>\n\t<meta property=\"og:image:type\" content=\"image\/png\" \/>\n<meta name=\"twitter:card\" content=\"summary_large_image\" \/>\n<meta name=\"twitter:site\" content=\"@rankomat\" \/>\n<meta name=\"twitter:label1\" content=\"Szacowany czas czytania\" \/>\n\t<meta name=\"twitter:data1\" content=\"5 minut\" \/>\n<script type=\"application\/ld+json\" class=\"yoast-schema-graph\">{\"@context\":\"https:\/\/schema.org\",\"@graph\":[{\"@type\":\"BreadcrumbList\",\"@id\":\"https:\/\/rankomat.pl\/finanse\/banki\/unicredit\/konta-bankowe-w-unicredit\/#breadcrumb\",\"itemListElement\":[{\"@type\":\"ListItem\",\"position\":1,\"name\":\"Finanse\",\"item\":\"https:\/\/rankomat.pl\/finanse\/\"},{\"@type\":\"ListItem\",\"position\":2,\"name\":\"Banki\",\"item\":\"https:\/\/rankomat.pl\/finanse\/banki\/\"},{\"@type\":\"ListItem\",\"position\":3,\"name\":\"UniCredit\",\"item\":\"https:\/\/rankomat.pl\/finanse\/banki\/unicredit\/\"},{\"@type\":\"ListItem\",\"position\":4,\"name\":\"Konta bankowe w UniCredit\"}]}]}<\/script>\n<!-- \/ Yoast SEO plugin. -->","yoast_head_json":{"title":"Konta bankowe w UniCredit - sprawd\u017a oferty bankowe | Por\u00f3wnywarka finansowa Rankomat","robots":{"index":"index","follow":"follow","max-snippet":"max-snippet:-1","max-image-preview":"max-image-preview:large","max-video-preview":"max-video-preview:-1"},"canonical":"https:\/\/rankomat.pl\/finanse\/banki\/unicredit\/konta-bankowe-w-unicredit\/","og_locale":"pl_PL","og_type":"article","og_title":"Konta bankowe w UniCredit - sprawd\u017a {{count_bank_0}} | Por\u00f3wnywarka finansowa Rankomat","og_description":"Rachunek osobisty to podstawowe narz\u0119dzie do zarz\u0105dzania swoimi finansami. W Banku UniCredit dost\u0119p do konta i pe\u0142ne zarz\u0105dzanie jego funkcjonalno\u015bciami [&hellip;]","og_url":"https:\/\/rankomat.pl\/finanse\/banki\/unicredit\/konta-bankowe-w-unicredit\/","og_site_name":"Por\u00f3wnywarka finansowa Rankomat","article_publisher":"https:\/\/www.facebook.com\/rankomatpl\/","article_modified_time":"2026-04-01T07:00:41+00:00","og_image":[{"width":480,"height":320,"url":"https:\/\/rankomat.pl\/finanse\/wp-content\/uploads\/2021\/03\/rankomat-star-og.png","type":"image\/png"}],"twitter_card":"summary_large_image","twitter_site":"@rankomat","twitter_misc":{"Szacowany czas czytania":"5 minut"},"schema":{"@context":"https:\/\/schema.org","@graph":[{"@type":"BreadcrumbList","@id":"https:\/\/rankomat.pl\/finanse\/banki\/unicredit\/konta-bankowe-w-unicredit\/#breadcrumb","itemListElement":[{"@type":"ListItem","position":1,"name":"Finanse","item":"https:\/\/rankomat.pl\/finanse\/"},{"@type":"ListItem","position":2,"name":"Banki","item":"https:\/\/rankomat.pl\/finanse\/banki\/"},{"@type":"ListItem","position":3,"name":"UniCredit","item":"https:\/\/rankomat.pl\/finanse\/banki\/unicredit\/"},{"@type":"ListItem","position":4,"name":"Konta bankowe w UniCredit"}]}]}},"yasr_visitor_votes":{"stars_attributes":{"read_only":false,"span_bottom":false},"number_of_votes":0,"sum_votes":0},"_links":{"self":[{"href":"https:\/\/rankomat.pl\/finanse\/wp-json\/wp\/v2\/pages\/13427","targetHints":{"allow":["GET"]}}],"collection":[{"href":"https:\/\/rankomat.pl\/finanse\/wp-json\/wp\/v2\/pages"}],"about":[{"href":"https:\/\/rankomat.pl\/finanse\/wp-json\/wp\/v2\/types\/page"}],"author":[{"embeddable":true,"href":"https:\/\/rankomat.pl\/finanse\/wp-json\/wp\/v2\/users\/30"}],"replies":[{"embeddable":true,"href":"https:\/\/rankomat.pl\/finanse\/wp-json\/wp\/v2\/comments?post=13427"}],"version-history":[{"count":0,"href":"https:\/\/rankomat.pl\/finanse\/wp-json\/wp\/v2\/pages\/13427\/revisions"}],"up":[{"embeddable":true,"href":"https:\/\/rankomat.pl\/finanse\/wp-json\/wp\/v2\/pages\/13426"}],"wp:attachment":[{"href":"https:\/\/rankomat.pl\/finanse\/wp-json\/wp\/v2\/media?parent=13427"}],"curies":[{"name":"wp","href":"https:\/\/api.w.org\/{rel}","templated":true}]}}