{"id":13430,"date":"2026-03-31T15:20:30","date_gmt":"2026-03-31T13:20:30","guid":{"rendered":"https:\/\/rankomat.pl\/finanse\/?page_id=13430"},"modified":"2026-04-01T09:03:55","modified_gmt":"2026-04-01T07:03:55","slug":"lokaty-oszczednosciowe","status":"publish","type":"page","link":"https:\/\/rankomat.pl\/finanse\/banki\/unicredit\/lokaty-oszczednosciowe\/","title":{"rendered":"Lokaty oszcz\u0119dno\u015bciowe w Banku UniCredit"},"content":{"rendered":"<p><strong>UniCredit oferuje lokaty terminowe dla klient\u00f3w indywidualnych w trzech walutach: PLN, EUR i USD. Bank proponuje do wyboru kilka okres\u00f3w oszcz\u0119dzania, sta\u0142e oprocentowanie oraz mo\u017cliwo\u015b\u0107 za\u0142o\u017cenia depozytu w aplikacji mobilnej.<\/strong><\/p>\n<h2>Jakie lokaty terminowe dost\u0119pne s\u0105 w Banku UniCredit?<\/h2>\n<p>UniCredit oferuje lokaty terminowe w walutach PLN, EUR i USD. Dost\u0119pne propozycje obowi\u0105zuj\u0105ce w marcu 2026 r. prezentuj\u0105 si\u0119 nast\u0119puj\u0105co:<\/p>\n<h3>Lokata w PLN<\/h3>\n<p>Depozyt w z\u0142ot\u00f3wkach to podstawowa lokata terminowa ze sta\u0142ym oprocentowaniem, dost\u0119pna na 3, 6, 9, 12 i 24 miesi\u0105ce. Minimalna kwota depozytu wynosi 1 z\u0142, <strong>maksymalnie mo\u017cna wp\u0142aci\u0107 25 000 000 z\u0142.<\/strong> Oprocentowanie aktualne od 26 marca 2026 r. waha si\u0119 w przedziale od 3,5% do 4,2% w zale\u017cno\u015bci od wybranego okresu lokaty. Im d\u0142u\u017cszy wybrany okres depozytu, tym oprocentowanie jest wy\u017csze. Depozyt jest odnawialny. Klient ma mo\u017cliwo\u015b\u0107 rezygnacji z odnowienia lokaty za po\u015brednictwem aplikacji mobilnej.<\/p>\n<h3>Lokata w EUR<\/h3>\n<p>UniCredit oferuje lokaty terminowe w euro. Minimalna kwota lokaty to 1 EUR, a <strong>maksymalna kwota depozytu wynosi 5 000 000 EUR<\/strong>. Dost\u0119pny okres depozytu jest identyczny jak przy lokacie w z\u0142ot\u00f3wkach i wynosi: 3, 6, 9, 12 i 24 miesi\u0105ce &#8211; do wyboru. Lokata jest automatycznie odnawiana na kolejny okres, ale klient ma mo\u017cliwo\u015b\u0107 rezygnacji z tej opcji za po\u015brednictwem aplikacji mobilnej. Oprocentowanie lokaty w euro dla klient\u00f3w indywidualnych aktualne od 26 marca 2026 r. waha si\u0119 w przedziale od 1,10% do 1,50% w skali roku, zgodnie z zasad\u0105, \u017ce im d\u0142u\u017cszy okres depozytu, tym wy\u017csze oprocentowanie.<\/p>\n<h3>Lokata w USD<\/h3>\n<p>W ofercie Banku UniCredit znajduj\u0105 si\u0119 r\u00f3wnie\u017c lokaty terminowe w dolarach ameryka\u0144skich. Minimalna kwota depozytu wynosi 1 USD, <strong>maksymalnie mo\u017cna wp\u0142aci\u0107 5 000 000 USD<\/strong>. R\u00f3wnie\u017c w tym przypadku bank wskazuje odnawialno\u015b\u0107 lokaty, z kt\u00f3rej mo\u017cna zrezygnowa\u0107 po wybraniu takiej opcji w aplikacji mobilnej. Oprocentowanie lokaty w USD dla klient\u00f3w indywidualnych obowi\u0105zuj\u0105ce od 26 marca 2026 r. waha si\u0119 od 1,50% do 3,00% w skali roku w zale\u017cno\u015bci od wybranego okresu depozytu.<\/p>\n<h2>Jak otworzy\u0107 lokat\u0119 terminow\u0105 w Banku UniCredit?<\/h2>\n<p>Otwarcie lokaty w UniCredit odbywa si\u0119 przez aplikacj\u0119 mobiln\u0105 Banku. Je\u015bli korzystasz ju\u017c z aplikacji mobilnej, zaloguj si\u0119 i przejd\u017a do sekcji \u201eProdukty\u201d, wybierz opcj\u0119 \u201eDodaj nowy produkt\u201d, nast\u0119pnie wska\u017c lokat\u0119, kwot\u0119 i okres oszcz\u0119dzania, a na ko\u0144cu zaakceptuj warunki umowy. Jako nowy klient w pierwszym kroku pobierz aplikacj\u0119 banku ze sklepu Google Play dla smartfon\u00f3w z systemem Android lub App Store dla smartfon\u00f3w z systemem Apple.<\/p>\n<h2>Jakie jest oprocentowanie lokat terminowych w Banku UniCredit?<\/h2>\n<p>Oprocentowanie lokat terminowych w Banku UniCredit zale\u017cy od wybranego okresu depozytu i waluty lokaty. W marcu 2026 r. maksymalne oprocentowanie depozytu w z\u0142ot\u00f3wkach dla lokaty otwartej na okres 24 miesi\u0119cy wynios\u0142o 4,2% w skali roku.<\/p>\n<h2>Kto mo\u017ce za\u0142o\u017cy\u0107 lokat\u0119 terminow\u0105 w Banku UniCredit?<\/h2>\n<p>Oferta lokat terminowych w Banku UniCredit skierowana jest do nowych i aktualnych klient\u00f3w instytucji. Otwarcie depozytu wymaga pobrania aplikacji mobilnej Banku.<\/p>\n<h2>Jakie s\u0105 konsekwencje zerwania lokaty przed czasem w UniCredit?<\/h2>\n<p>Wcze\u015bniejsze zamkni\u0119cie lokaty w aplikacji mobilnej Banku UniCredit jest mo\u017cliwe, ale oznacza utrat\u0119 wszystkich wypracowanych odsetek. Bank zwr\u00f3ci w\u00f3wczas tylko kwot\u0119 depozytu bez odsetek. Oznacza to zamro\u017cenie kapita\u0142u bez realnego wynagrodzenia. Jednocze\u015bnie nie jest mo\u017cliwa wyp\u0142ata cz\u0119\u015bci \u015brodk\u00f3w w czasie trwania lokaty czy zmiana waluty depozytu po jego otwarciu.<\/p>\n<h2>FAQ \u2013 najcz\u0119\u015bciej zadawane pytania<\/h2>\n<h3>Kiedy lepsza jest lokata, a kiedy konto oszcz\u0119dno\u015bciowe?<\/h3>\n<p>Lokata zwykle sprawdza si\u0119 wtedy, gdy chcesz od\u0142o\u017cy\u0107 pieni\u0105dze na okre\u015blony czas i zale\u017cy Ci na sta\u0142ym, z g\u00f3ry znanym oprocentowaniu. Konto oszcz\u0119dno\u015bciowe b\u0119dzie lepszym rozwi\u0105zaniem, je\u015bli chcesz mie\u0107 swobodny dost\u0119p do \u015brodk\u00f3w i mo\u017cliwo\u015b\u0107 ich wyp\u0142aty bez utraty naliczonych odsetek. Najwi\u0119ksz\u0105 zalet\u0105 lokaty jest zazwyczaj wy\u017csze oprocentowanie ni\u017c na koncie oszcz\u0119dno\u015bciowym. To rozwi\u0105zanie dla os\u00f3b, kt\u00f3re nie planuj\u0105 si\u0119ga\u0107 po od\u0142o\u017cone pieni\u0105dze przed ko\u0144cem umowy, bo zerwanie lokaty przed terminem oznacza najcz\u0119\u015bciej utrat\u0119 wypracowanych ju\u017c odsetek.<br \/>\n<strong>Konto oszcz\u0119dno\u015bciowe daje wi\u0119ksz\u0105 elastyczno\u015b\u0107.<\/strong> Mo\u017cesz w ka\u017cdej chwili skorzysta\u0107 ze swoich pieni\u0119dzy, co przydaje si\u0119 przy niespodziewanych wydatkach lub gdy chcesz zachowa\u0107 sta\u0142y dost\u0119p do oszcz\u0119dno\u015bci.<\/p>\n<h3>Czy lokata w Banku UniCredit jest odnawialna?<\/h3>\n<p>Tak. Lokaty terminowe oferowane przez Bank UniCredit s\u0105 odnawialne. Automatyczne odnowienie mo\u017cna wy\u0142\u0105czy\u0107 w aplikacji mobilnej, w sekcji konfiguracji lokaty. Bank zaznacza te\u017c, \u017ce zmian\u0119 dyspozycji odnowienia trzeba ustawi\u0107 najp\u00f3\u017aniej dzie\u0144 przed ko\u0144cem okresu lokaty.<\/p>\n<h3>Kiedy wyp\u0142acane s\u0105 odsetki z lokaty w UniCredit?<\/h3>\n<p>Naliczone odsetki s\u0105 wyp\u0142acane w dniu up\u0142ywu okresu lokaty na konto w UniCredit (tzw. Konto powi\u0105zane). W przypadku lokaty odnawialnej, klient mo\u017ce zdecydowa\u0107, czy odsetki maj\u0105 zosta\u0107 na lokacie i dalej pracowa\u0107 na wy\u017cszy zysk w ramach tzw. procenta sk\u0142adanego, czy trafi\u0107 na Konto powi\u0105zane. Ta druga sytuacja oznacza, \u017ce na kolejny okres lokaty zostanie przekazana tylko kwota g\u0142\u00f3wna, taka sama jak w poprzednim okresie.<\/p>\n<h3>Czy lokaty w Banku UniCredit s\u0105 bezpieczne?<\/h3>\n<p>Tak. Depozyty s\u0105 obj\u0119te systemem gwarancji wyp\u0142aty do r\u00f3wnowarto\u015bci 100 000 euro. Wskazany limit dotyczy jednego deponenta. Gwarantem wyp\u0142aty \u015brodk\u00f3w w razie np. upad\u0142o\u015bci banku, jest belgijski Fundusz Gwarancyjny (BE): Fonds de Garantie pour les services publics \/ Het Garantiefonds.<\/p>\n","protected":false},"excerpt":{"rendered":"<p>UniCredit oferuje lokaty terminowe dla klient\u00f3w indywidualnych w trzech walutach: PLN, EUR i USD. Bank proponuje do wyboru kilka okres\u00f3w [&hellip;]<\/p>\n","protected":false},"author":30,"featured_media":0,"parent":13426,"menu_order":0,"comment_status":"closed","ping_status":"closed","template":"page_bank_product.php","meta":{"_acf_changed":false,"yasr_overall_rating":0,"yasr_post_is_review":"","yasr_auto_insert_disabled":"","yasr_review_type":"","footnotes":""},"class_list":["post-13430","page","type-page","status-publish","hentry"],"acf":[],"yoast_head":"<!-- This site is optimized with the Yoast SEO plugin v27.1.1 - https:\/\/yoast.com\/product\/yoast-seo-wordpress\/ -->\n<title>Lokaty oszcz\u0119dno\u015bciowe w Banku UniCredit | Por\u00f3wnywarka finansowa Rankomat<\/title>\n<meta name=\"robots\" content=\"index, follow, max-snippet:-1, max-image-preview:large, max-video-preview:-1\" \/>\n<link rel=\"canonical\" href=\"https:\/\/rankomat.pl\/finanse\/banki\/unicredit\/lokaty-oszczednosciowe\/\" \/>\n<meta property=\"og:locale\" content=\"pl_PL\" \/>\n<meta property=\"og:type\" content=\"article\" \/>\n<meta property=\"og:title\" content=\"Lokaty oszcz\u0119dno\u015bciowe w Banku UniCredit | Por\u00f3wnywarka finansowa Rankomat\" \/>\n<meta property=\"og:description\" content=\"UniCredit oferuje lokaty terminowe dla klient\u00f3w indywidualnych w trzech walutach: PLN, EUR i USD. Bank proponuje do wyboru kilka okres\u00f3w [&hellip;]\" \/>\n<meta property=\"og:url\" content=\"https:\/\/rankomat.pl\/finanse\/banki\/unicredit\/lokaty-oszczednosciowe\/\" \/>\n<meta property=\"og:site_name\" content=\"Por\u00f3wnywarka finansowa Rankomat\" \/>\n<meta property=\"article:publisher\" content=\"https:\/\/www.facebook.com\/rankomatpl\/\" \/>\n<meta property=\"article:modified_time\" content=\"2026-04-01T07:03:55+00:00\" \/>\n<meta property=\"og:image\" content=\"https:\/\/rankomat.pl\/finanse\/wp-content\/uploads\/2021\/03\/rankomat-star-og.png\" \/>\n\t<meta property=\"og:image:width\" content=\"480\" \/>\n\t<meta property=\"og:image:height\" content=\"320\" \/>\n\t<meta property=\"og:image:type\" content=\"image\/png\" \/>\n<meta name=\"twitter:card\" content=\"summary_large_image\" \/>\n<meta name=\"twitter:site\" content=\"@rankomat\" \/>\n<meta name=\"twitter:label1\" content=\"Szacowany czas czytania\" \/>\n\t<meta name=\"twitter:data1\" content=\"5 minut\" \/>\n<script type=\"application\/ld+json\" class=\"yoast-schema-graph\">{\"@context\":\"https:\/\/schema.org\",\"@graph\":[{\"@type\":\"BreadcrumbList\",\"@id\":\"https:\/\/rankomat.pl\/finanse\/banki\/unicredit\/lokaty-oszczednosciowe\/#breadcrumb\",\"itemListElement\":[{\"@type\":\"ListItem\",\"position\":1,\"name\":\"Finanse\",\"item\":\"https:\/\/rankomat.pl\/finanse\/\"},{\"@type\":\"ListItem\",\"position\":2,\"name\":\"Banki\",\"item\":\"https:\/\/rankomat.pl\/finanse\/banki\/\"},{\"@type\":\"ListItem\",\"position\":3,\"name\":\"UniCredit\",\"item\":\"https:\/\/rankomat.pl\/finanse\/banki\/unicredit\/\"},{\"@type\":\"ListItem\",\"position\":4,\"name\":\"Lokaty oszcz\u0119dno\u015bciowe w Banku UniCredit\"}]}]}<\/script>\n<!-- \/ Yoast SEO plugin. -->","yoast_head_json":{"title":"Lokaty oszcz\u0119dno\u015bciowe w Banku UniCredit | Por\u00f3wnywarka finansowa Rankomat","robots":{"index":"index","follow":"follow","max-snippet":"max-snippet:-1","max-image-preview":"max-image-preview:large","max-video-preview":"max-video-preview:-1"},"canonical":"https:\/\/rankomat.pl\/finanse\/banki\/unicredit\/lokaty-oszczednosciowe\/","og_locale":"pl_PL","og_type":"article","og_title":"Lokaty oszcz\u0119dno\u015bciowe w Banku UniCredit | Por\u00f3wnywarka finansowa Rankomat","og_description":"UniCredit oferuje lokaty terminowe dla klient\u00f3w indywidualnych w trzech walutach: PLN, EUR i USD. Bank proponuje do wyboru kilka okres\u00f3w [&hellip;]","og_url":"https:\/\/rankomat.pl\/finanse\/banki\/unicredit\/lokaty-oszczednosciowe\/","og_site_name":"Por\u00f3wnywarka finansowa Rankomat","article_publisher":"https:\/\/www.facebook.com\/rankomatpl\/","article_modified_time":"2026-04-01T07:03:55+00:00","og_image":[{"width":480,"height":320,"url":"https:\/\/rankomat.pl\/finanse\/wp-content\/uploads\/2021\/03\/rankomat-star-og.png","type":"image\/png"}],"twitter_card":"summary_large_image","twitter_site":"@rankomat","twitter_misc":{"Szacowany czas czytania":"5 minut"},"schema":{"@context":"https:\/\/schema.org","@graph":[{"@type":"BreadcrumbList","@id":"https:\/\/rankomat.pl\/finanse\/banki\/unicredit\/lokaty-oszczednosciowe\/#breadcrumb","itemListElement":[{"@type":"ListItem","position":1,"name":"Finanse","item":"https:\/\/rankomat.pl\/finanse\/"},{"@type":"ListItem","position":2,"name":"Banki","item":"https:\/\/rankomat.pl\/finanse\/banki\/"},{"@type":"ListItem","position":3,"name":"UniCredit","item":"https:\/\/rankomat.pl\/finanse\/banki\/unicredit\/"},{"@type":"ListItem","position":4,"name":"Lokaty oszcz\u0119dno\u015bciowe w Banku UniCredit"}]}]}},"yasr_visitor_votes":{"stars_attributes":{"read_only":false,"span_bottom":false},"number_of_votes":0,"sum_votes":0},"_links":{"self":[{"href":"https:\/\/rankomat.pl\/finanse\/wp-json\/wp\/v2\/pages\/13430","targetHints":{"allow":["GET"]}}],"collection":[{"href":"https:\/\/rankomat.pl\/finanse\/wp-json\/wp\/v2\/pages"}],"about":[{"href":"https:\/\/rankomat.pl\/finanse\/wp-json\/wp\/v2\/types\/page"}],"author":[{"embeddable":true,"href":"https:\/\/rankomat.pl\/finanse\/wp-json\/wp\/v2\/users\/30"}],"replies":[{"embeddable":true,"href":"https:\/\/rankomat.pl\/finanse\/wp-json\/wp\/v2\/comments?post=13430"}],"version-history":[{"count":0,"href":"https:\/\/rankomat.pl\/finanse\/wp-json\/wp\/v2\/pages\/13430\/revisions"}],"up":[{"embeddable":true,"href":"https:\/\/rankomat.pl\/finanse\/wp-json\/wp\/v2\/pages\/13426"}],"wp:attachment":[{"href":"https:\/\/rankomat.pl\/finanse\/wp-json\/wp\/v2\/media?parent=13430"}],"curies":[{"name":"wp","href":"https:\/\/api.w.org\/{rel}","templated":true}]}}