{"id":13619,"date":"2026-05-13T10:02:24","date_gmt":"2026-05-13T08:02:24","guid":{"rendered":"https:\/\/rankomat.pl\/finanse\/?page_id=13619"},"modified":"2026-05-13T10:22:15","modified_gmt":"2026-05-13T08:22:15","slug":"kredyty-gotowkowe-w-erste-banku","status":"publish","type":"page","link":"https:\/\/rankomat.pl\/finanse\/banki\/erste\/kredyty-gotowkowe-w-erste-banku\/","title":{"rendered":"Kredyty got\u00f3wkowe w Erste Banku"},"content":{"rendered":"<p><strong>Kredyt got\u00f3wkowy to zobowi\u0105zanie, kt\u00f3re pozwoli Ci sfinansowa\u0107 dowolny cel konsumpcyjny. Ograniczona liczba dokument\u00f3w i szybka decyzja kredytowa to niew\u0105tpliwe zalety tego rozwi\u0105zania. W Erste Banku ca\u0142y proces zwi\u0105zany z udzieleniem kredytu got\u00f3wkowego od z\u0142o\u017cenia wniosku do podpisania umowy mo\u017cesz przej\u015b\u0107 online, bez wychodzenia z domu. Dost\u0119pna jest r\u00f3wnie\u017c opcja z\u0142o\u017cenia wniosku kredytowego w oddziale banku lub przez infolin\u0119. <\/strong><\/p>\n<h2>Jakie kredyty got\u00f3wkowe s\u0105 dost\u0119pne w Erste Banku?<\/h2>\n<p>W Erste znajdziesz szerok\u0105 ofert\u0119 kredyt\u00f3w got\u00f3wkowych kierowan\u0105 zar\u00f3wno do nowych, jak i dotychczasowych klient\u00f3w, dopasowan\u0105 do Twoich potrzeb zar\u00f3wno w zakresie wysoko\u015bci zobowi\u0105zania, jak i okresu sp\u0142aty. Atrakcyjna oferta oraz intuicyjny i kr\u00f3tki proces weryfikacji wniosku, zapewni Ci \u0142atwy dost\u0119p do dodatkowej got\u00f3wki bez wi\u0119kszej liczby formalno\u015bci.<\/p>\n<p>Oferta kredytowa Erste aktualna na dzie\u0144 05.05.2026 r. prezentuje si\u0119 nast\u0119puj\u0105co:<\/p>\n<h3>Kredyt got\u00f3wkowy<\/h3>\n<p>Oferta kierowana jest do klienta indywidualnego, kt\u00f3ry mia\u0142 kredyt got\u00f3wkowy lub konsolidacyjny w tym banku wcze\u015bniej, ale na dzie\u0144 sk\u0142adania wniosku ju\u017c go nie posiada.<\/p>\n<ul>\n<li style=\"list-style-type: none;\">\n<ul>\n<li><strong>Kwota kredytu<\/strong>: Od 20 000 z\u0142 do 80 000 z\u0142.<\/li>\n<li><strong>Cel<\/strong>: Na dowolny cel.<\/li>\n<li><strong>Okres sp\u0142aty<\/strong>: od 3 do 120 miesi\u0119cy.<\/li>\n<li><strong>Promocje<\/strong>: bez prowizji za udzielenie kredytu, pierwsz\u0105 rat\u0119 mo\u017cesz zap\u0142aci\u0107 do 60 dni od zawarcia umowy.<\/li>\n<li><strong>Dodatkowe informacje<\/strong>: oferta obowi\u0105zuje od 7 do 20 maja 2026 r. i mo\u017ce si\u0119 powt\u00f3rzy\u0107 w przysz\u0142o\u015bci.<\/li>\n<\/ul>\n<\/li>\n<\/ul>\n<h3>Kredyt got\u00f3wkowy online w Erste<\/h3>\n<p>Standardowa oferta kredytowa skierowana dla aktualnych klient\u00f3w Erste Bank Polska. Pieni\u0105dze otrzymasz bez wi\u0119kszych formalno\u015bci, zdalnie. Wniosek mo\u017cesz z\u0142o\u017cy\u0107 za pomoc\u0105 aplikacji mobilnej lub internetowej Erste albo telefonicznie.<\/p>\n<ul>\n<li style=\"list-style-type: none;\">\n<ul>\n<li><strong>Kwota kredytu<\/strong>: Od 500 z\u0142 do 250 000 z\u0142. Nowi klienci mog\u0105 z\u0142o\u017cy\u0107 wniosek przez internet maksymalnie na kwot\u0119 8 200 z\u0142.<\/li>\n<li><strong>Cel<\/strong>: Na dowolny cel.<\/li>\n<li><strong>Okres sp\u0142aty<\/strong>: od 3 do 120 miesi\u0119cy. Dla kredytu z okresem sp\u0142aty do 24 miesi\u0119cy oprocentowanie jest zawsze sta\u0142e.<\/li>\n<li><strong>Promocje<\/strong>: pierwsz\u0105 rat\u0119 mo\u017cesz zap\u0142aci\u0107 do 60 dni od zawarcia umowy.<\/li>\n<\/ul>\n<\/li>\n<\/ul>\n<h3>Kredyt got\u00f3wkowy na dobry pocz\u0105tek<\/h3>\n<p>Oferta kierowana do nowych klient\u00f3w, kt\u00f3rzy od co najmniej 4 miesi\u0119cy od dnia poprzedzaj\u0105cego z\u0142o\u017cenie wniosku nie byli jako konsumenci stron\u0105 \u017cadnej umowy kredytowej lub depozytowej z bankiem.<\/p>\n<ul>\n<li style=\"list-style-type: none;\">\n<ul>\n<li><strong>Kwota kredytu<\/strong>: Od 500 z\u0142 do 30 000 z\u0142. Przy czym przy wniosku sk\u0142adanym telefonicznie mo\u017cna po\u017cyczy\u0107 od 1 000 z\u0142 do 30 000 z\u0142, a online od 500 z\u0142 do 9 000 z\u0142.<\/li>\n<li><strong>Cel<\/strong>: Na dowolny cel.<\/li>\n<li><strong>Okres sp\u0142aty<\/strong>: maksymalny okres kredytowania zale\u017cy od wyniku indywidualnej oceny kredytowej.<\/li>\n<li><strong>Promocje<\/strong>: brak prowizji, pierwsz\u0105 rat\u0119 mo\u017cesz zap\u0142aci\u0107 do 60 dni od zawarcia umowy.<\/li>\n<\/ul>\n<\/li>\n<\/ul>\n<h3>Kredyt na powitanie &#8211; got\u00f3wkowy lub konsolidacyjny<\/h3>\n<p>Oferta kierowana jest do klient\u00f3w indywidualnych, kt\u00f3rzy na dzie\u0144 sk\u0142adania wniosku nie korzystali z \u017cadnego produktu banku, albo zostali klientami banku nie wcze\u015bniej ni\u017c 6 miesi\u0119cy przed dniem z\u0142o\u017cenia wniosku i w tym czasie nie byli stron\u0105 umowy o kredyt got\u00f3wkowy lub konsolidacyjny.<\/p>\n<ul>\n<li style=\"list-style-type: none;\">\n<ul>\n<li><strong>Kwota kredytu<\/strong>: Do 50 000 z\u0142.<\/li>\n<li><strong>Cel<\/strong>: Na dowolny cel lub konsolidacj\u0119 zobowi\u0105za\u0144.<\/li>\n<li><strong>Okres sp\u0142aty<\/strong>: maksymalnie 120 rat.<\/li>\n<li><strong>Promocje<\/strong>: brak prowizji, pierwsz\u0105 rat\u0119 mo\u017cesz zap\u0142aci\u0107 do 60 dni od zawarcia umowy.<\/li>\n<\/ul>\n<\/li>\n<\/ul>\n<h3>Kredyt konsolidacyjny<\/h3>\n<p>Oferta kierowana do nowych i aktualnych klient\u00f3w. Pozwala na po\u0142\u0105czenie zobowi\u0105za\u0144 kredytowych zaci\u0105gni\u0119tych w innych bankach (takich jak kredyty got\u00f3wkowe, ratalne, karty kredytowe i limity w kontach) i kredyt\u00f3w got\u00f3wkowych uzyskanych w Erste. Wniosek o przyznanie finansowania mo\u017cna z\u0142o\u017cy\u0107 w aplikacji Erste, bankowo\u015bci internetowej albo przez telefon.<\/p>\n<ul>\n<li style=\"list-style-type: none;\">\n<ul>\n<li><strong>Kwota<\/strong> kredytu: do 50 000 z\u0142.<\/li>\n<li><strong>Cel<\/strong>: konsolidacja zobowi\u0105za\u0144.<\/li>\n<li><strong>Okres sp\u0142aty<\/strong>: maksymalnie 120 rat.<\/li>\n<li><strong>Promocje<\/strong>: brak prowizji.<\/li>\n<\/ul>\n<\/li>\n<\/ul>\n<h3>Pierwszy kredyt got\u00f3wkowy lub konsolidacyjny<\/h3>\n<p>Oferta skierowana jest do klient\u00f3w indywidualnych, kt\u00f3rzy maj\u0105 jak\u0105kolwiek umow\u0119 z bankiem obowi\u0105zuj\u0105c\u0105 w okresie od co najmniej 6 miesi\u0119cy przed z\u0142o\u017ceniem wniosku o kredyt. Wniosek o Pierwszy kredyt got\u00f3wkowy lub konsolidacyjny mo\u017cna z\u0142o\u017cy\u0107 w aplikacji, bankowo\u015bci internetowej Erste, w oddziale, na infolinii oraz w plac\u00f3wce partnerskiej.<\/p>\n<ul>\n<li style=\"list-style-type: none;\">\n<ul>\n<li><strong>Kwota kredytu<\/strong>: do 50 000 z\u0142.<\/li>\n<li><strong>Cel<\/strong>: dowolny cel konsumpcyjny lub konsolidacja zobowi\u0105za\u0144.<\/li>\n<li><strong>Okres sp\u0142aty<\/strong>: maksymalnie 120 rat.<\/li>\n<li><strong>Promocje<\/strong>: brak prowizji, p\u0142atno\u015b\u0107 pierwszej raty po 60 dniach od zawarcia umowy.<\/li>\n<\/ul>\n<\/li>\n<\/ul>\n<h3>Limit kredytowy w koncie<\/h3>\n<p>Wniosek o limit kredytowy mo\u017cna z\u0142o\u017cy\u0107 online, przez telefon lub w oddziale banku. O limit kredytowy w rachunku mo\u017ce ubiega\u0107 si\u0119 osoba pe\u0142noletnia, kt\u00f3ra posiada zdolno\u015b\u0107 do czynno\u015bci prawnych, odpowiednio wysok\u0105 zdolno\u015b\u0107 kredytow\u0105 i mieszka w Polsce.<\/p>\n<ul>\n<li style=\"list-style-type: none;\">\n<ul>\n<li><strong>Kwota kredytu<\/strong>: od 1 000 z\u0142 do 150 000 z\u0142.<\/li>\n<li><strong>Cel<\/strong>: na dowolny cel.<\/li>\n<li><strong>Okres sp\u0142aty<\/strong>: umowa zawierana na 12 miesi\u0119cy z mo\u017cliwo\u015bci\u0105 odnowienia na kolejny rok.<\/li>\n<li><strong>Promocje<\/strong>: brak prowizji za udzielenie i zwi\u0119kszenie limitu kredytowego w rachunku przez bankowo\u015b\u0107 internetow\u0105 i mobiln\u0105.<\/li>\n<\/ul>\n<\/li>\n<\/ul>\n<h2>Jakie warunki trzeba spe\u0142ni\u0107, wnioskuj\u0105c o kredyt got\u00f3wkowy w Erste Banku?<\/h2>\n<p>Uzyskanie kredytu got\u00f3wkowego w Erste Banku wymaga spe\u0142nienia standardowych warunk\u00f3w zwi\u0105zanych przede wszystkim ze zdolno\u015bci\u0105 kredytow\u0105, \u017ar\u00f3d\u0142em dochodu oraz poprawn\u0105 weryfikacj\u0105 to\u017csamo\u015bci.<\/p>\n<p><strong>Zdolno\u015b\u0107 kredytowa<\/strong><\/p>\n<p>Podstaw\u0105 uzyskania kredytu got\u00f3wkowego w Erste Banku jest posiadanie odpowiedniej zdolno\u015bci kredytowej. Bank sprawdzi, czy b\u0119dziesz w stanie terminowo sp\u0142aca\u0107 zobowi\u0105zanie, bior\u0105c pod uwag\u0119 m.in. wysoko\u015b\u0107 i regularno\u015b\u0107 Twoich dochod\u00f3w, aktualne zobowi\u0105zania finansowe, koszty utrzymania oraz ocen\u0119 ryzyka kredytowego.<\/p>\n<div class=\"expert-opinion-box try align-full \">\n    <div class=\"box-title try-title-box\">\n                    <h3 class=\"title try-title\">Spr\u00f3buj tego<\/h3>\n            <\/div>\n    <div class=\"opinion\">\n            Je\u015bli jeste\u015b klientem Erste Banku, masz konto osobiste oraz dost\u0119p do bankowo\u015bci internetowej lub aplikacji mobilnej, mo\u017cesz sprawdzi\u0107 w zak\u0142adce \u201eOferta\u201d, czy bank przygotowa\u0142 dla Ciebie indywidualn\u0105 propozycj\u0119 kredytu. W takim przypadku wniosek z\u0142o\u017cysz online, a bank zweryfikuje Twoj\u0105 zdolno\u015b\u0107 kredytow\u0105 w trakcie procesu.                 <\/div>\n    <div class=\"expert-info\">\n                <div>\n            <span class=\"expert-name\"><\/span>\n                    <\/div>\n    <\/div>\n<\/div>\n\n\n<p>Je\u015bli nie jeste\u015b jeszcze klientem banku, r\u00f3wnie\u017c mo\u017cesz z\u0142o\u017cy\u0107 wniosek przez internet, ale tylko do okre\u015blonej kwoty.<\/p>\n<p><strong>Dokumenty<\/strong><\/p>\n<p>Zakres wymaganych dokument\u00f3w mo\u017ce zale\u017ce\u0107 od Twojej sytuacji finansowej, \u017ar\u00f3d\u0142a dochodu i kwoty kredytu. Przy sk\u0142adaniu wniosku online Erste wskazuje, \u017ce m.in. mo\u017cesz potrzebowa\u0107 danych pracodawcy oraz potwierdzenia dochodu. Wszystkie wymagane informacje uzupe\u0142nia si\u0119 online.<\/p>\n<p>Bank akceptuje r\u00f3\u017cne \u017ar\u00f3d\u0142a dochodu, m.in. umow\u0119 o prac\u0119 na czas nieokre\u015blony i na czas okre\u015blony, umow\u0119 zlecenia, umow\u0119 o dzie\u0142o, emerytur\u0119, rent\u0119, dochody z najmu oraz dzia\u0142alno\u015bci gospodarczej. Jednocze\u015bnie nale\u017cy zaznaczy\u0107, \u017ce je\u015bli konieczne b\u0119dzie potwierdzenie dochodu, w procesie online bank we\u017amie pod uwag\u0119 tylko dochody z umowy o prac\u0119 lub emerytury.<\/p>\n<p>W praktyce przy wniosku o kredyt got\u00f3wkowy mog\u0105 by\u0107 potrzebne:<\/p>\n<ul>\n<li style=\"list-style-type: none;\">\n<ul>\n<li><strong>Dow\u00f3d osobisty<\/strong> \u2013 szczeg\u00f3lnie, je\u015bli sk\u0142adasz wniosek jako nowy klient. Erste wskazuje, \u017ce przy wniosku sk\u0142adanym przez stron\u0119 internetow\u0105 trzeba przygotowa\u0107 dow\u00f3d osobisty oraz numer konta, na kt\u00f3re bank przeleje \u015brodki po wydaniu pozytywnej decyzji kredytowej.<\/li>\n<li><strong>Informacje o dochodach<\/strong> \u2013 np. dane pracodawcy lub potwierdzenie dochodu, je\u015bli bank poprosi o takie informacje w trakcie procesu.<\/li>\n<li><strong>Numer rachunku bankowego<\/strong> \u2013 potrzebny do wyp\u0142aty \u015brodk\u00f3w, je\u017celi decyzja kredytowa b\u0119dzie pozytywna.<\/li>\n<\/ul>\n<\/li>\n<\/ul>\n<p>Bank mo\u017ce te\u017c weryfikowa\u0107 Twoj\u0105 histori\u0119 kredytow\u0105 i dotychczasow\u0105 terminowo\u015b\u0107 sp\u0142at, poniewa\u017c ocena zdolno\u015bci kredytowej standardowo obejmuje r\u00f3wnie\u017c analiz\u0119 ryzyka zwi\u0105zanego z udzieleniem finansowania.<\/p>\n<h2>Jak wzi\u0105\u0107 kredyt w Erste Banku?<\/h2>\n<p>Wniosek o kredyt got\u00f3wkowy w Erste Banku mo\u017cesz z\u0142o\u017cy\u0107 kilkoma kana\u0142ami. Dost\u0119pna \u015bcie\u017cka zale\u017cy m.in. od tego, czy jeste\u015b ju\u017c klientem banku i czy masz przygotowan\u0105 indywidualn\u0105 ofert\u0119.<\/p>\n<p><strong>Aplikacja mobilna Erste<\/strong><br \/>\nJe\u015bli jeste\u015b klientem banku, mo\u017cesz zalogowa\u0107 si\u0119 do aplikacji mobilnej, przej\u015b\u0107 do zak\u0142adki \u201eOferta\u201d i sprawdzi\u0107, czy bank przygotowa\u0142 dla Ciebie propozycj\u0119 kredytu. Mo\u017cesz zaakceptowa\u0107 propozycj\u0119 lub po prostu wype\u0142ni\u0107 wniosek, ustali\u0107 okres sp\u0142aty i wysoko\u015b\u0107 raty, a bank sprawdzi Twoj\u0105 zdolno\u015b\u0107 kredytow\u0105 i przeka\u017ce informacje o podj\u0119tej decyzji. Je\u015bli decyzja b\u0119dzie pozytywna a Tobie pasuj\u0105 zaproponowane warunki, umow\u0119 zaakceptujesz online.<\/p>\n<p><strong>Bankowo\u015b\u0107 internetowa Erste<\/strong><br \/>\nWniosek mo\u017cesz z\u0142o\u017cy\u0107 tak\u017ce po zalogowaniu do bankowo\u015bci internetowej. Proces wygl\u0105da podobnie: wybierasz ofert\u0119, uzupe\u0142niasz dane, bank ocenia zdolno\u015b\u0107 kredytow\u0105, a po pozytywnej decyzji mo\u017cesz zaakceptowa\u0107 umow\u0119 online.<\/p>\n<p><strong>Strona erste.pl<\/strong><br \/>\nNowi klienci mog\u0105 z\u0142o\u017cy\u0107 wniosek przez stron\u0119 internetow\u0105. W tym przypadku trzeba przygotowa\u0107 dow\u00f3d osobisty oraz numer rachunku, na kt\u00f3ry bank przeleje pieni\u0105dze po zawarciu umowy. To\u017csamo\u015b\u0107, kwot\u0119 kredytu, wysoko\u015b\u0107 raty i pozosta\u0142e dane potwierdzisz w formularzu online.<\/p>\n<p><strong>Infolinia<\/strong><br \/>\nWniosek mo\u017cna z\u0142o\u017cy\u0107 r\u00f3wnie\u017c telefonicznie. Erste podaje numer infolinii 1 9999 oraz +48 61 81 1 9999 dla po\u0142\u0105cze\u0144 z zagranicy. W trakcie rozmowy okre\u015blisz kwot\u0119 kredytu, a bank sprawdzi Twoj\u0105 zdolno\u015b\u0107 kredytow\u0105 i przeka\u017ce wst\u0119pn\u0105 decyzj\u0119. Je\u015bli decyzja b\u0119dzie pozytywna, to doradca telefonicznie przeka\u017ce Ci szczeg\u00f3\u0142y dotycz\u0105ce umowy. Po jej zawarciu bank przeleje Ci pieni\u0105dze na konto nawet tego samego dnia.<\/p>\n<p><strong>Oddzia\u0142 lub plac\u00f3wka partnerska<\/strong><br \/>\nZgodnie z informacj\u0105 na stronie banku wniosek o kredyt got\u00f3wkowy lub konsolidacyjny mo\u017cna z\u0142o\u017cy\u0107 r\u00f3wnie\u017c w oddziale albo plac\u00f3wce partnerskiej.<\/p>\n<h2>Jak sp\u0142aci\u0107 kredyt got\u00f3wkowy w Erste Banku?<\/h2>\n<p>Kredyt got\u00f3wkowy w Erste Banku sp\u0142acasz w miesi\u0119cznych ratach. Bank umo\u017cliwia roz\u0142o\u017cenie sp\u0142aty od 3 do 120 rat, a wi\u0119c maksymalnie na 10 lat. Kredyt mo\u017cna zaci\u0105gn\u0105\u0107 od 500 z\u0142 do 250 000 z\u0142.<\/p>\n<p>Szczeg\u00f3\u0142owe dane dotycz\u0105ce wysoko\u015bci rat, terminu p\u0142atno\u015bci i ca\u0142kowitej kwoty do sp\u0142aty znajdziesz w umowie kredytowej oraz harmonogramie sp\u0142aty. Erste informuje r\u00f3wnie\u017c, \u017ce sp\u0142ata ca\u0142o\u015bci lub cz\u0119\u015bci kredytu przed terminem jest dost\u0119pna bez op\u0142at.<\/p>\n<h2>Zalety i wady kredytu got\u00f3wkowego w Erste Banku<\/h2>\n<p>Do zalet kredytu got\u00f3wkowego w Erste Banku mo\u017cna zaliczy\u0107:<\/p>\n<ul>\n<li style=\"list-style-type: none;\">\n<ul>\n<li><strong>Wysoka maksymalna kwota kredytu<\/strong> \u2013 bank umo\u017cliwia po\u017cyczenie od 500 z\u0142 nawet do 250 000 z\u0142.<\/li>\n<li><strong>D\u0142ugi okres sp\u0142aty<\/strong> \u2013 zobowi\u0105zanie mo\u017cna roz\u0142o\u017cy\u0107 od 3 do 120 miesi\u0119cznych rat.<\/li>\n<li><strong>Mo\u017cliwo\u015b\u0107 z\u0142o\u017cenia wniosku online<\/strong> \u2013 klienci banku mog\u0105 skorzysta\u0107 z aplikacji mobilnej lub bankowo\u015bci internetowej, a nowi klienci z formularza internetowego do okre\u015blonej kwoty.<\/li>\n<li><strong>Prowizja 0% dla kredytu online<\/strong> \u2013 w tabeli op\u0142at Erste wskazuje prowizj\u0119 za udzielenie kredytu online na poziomie 0%.<\/li>\n<li><strong>Bezp\u0142atna wcze\u015bniejsza sp\u0142ata<\/strong> \u2013 bank deklaruje brak op\u0142at za sp\u0142at\u0119 ca\u0142o\u015bci lub cz\u0119\u015bci kredytu przed terminem wskazanym w umowie.<\/li>\n<li><strong>Dowolny cel konsumpcyjny<\/strong> \u2013 \u015brodki z kredytu got\u00f3wkowego mo\u017cesz przeznaczy\u0107 np. na zakup sprz\u0119tu, wyjazd wakacyjny lub codzienne wydatki.<\/li>\n<\/ul>\n<\/li>\n<\/ul>\n<p>Jako potencjalne ograniczenia mo\u017cna wskaza\u0107:<\/p>\n<ul>\n<li style=\"list-style-type: none;\">\n<ul>\n<li><strong>Limit dla nowych klient\u00f3w przy wniosku sk\u0142adanym online<\/strong> \u2013 osoby, kt\u00f3re nie s\u0105 jeszcze klientami banku, mog\u0105 wnioskowa\u0107 o kredyt przez internet tylko do okre\u015blonej kwoty. Przy wy\u017cszej kwocie konieczny mo\u017ce by\u0107 kontakt z infolini\u0105 lub wizyta w oddziale.<\/li>\n<\/ul>\n<\/li>\n<\/ul>\n<h2>FAQ &#8211; Najcz\u0119\u015bciej zadawane pytania<\/h2>\n<p><strong>Czy mo\u017cna nadp\u0142aci\u0107 kredyt got\u00f3wkowy w Erste Banku?<\/strong><\/p>\n<p>Tak. Tak\u0105 opcj\u0119 gwarantuj\u0105 przepisy ustawy o kredycie konsumenckim. Erste informuje, \u017ce sp\u0142ata ca\u0142o\u015bci lub cz\u0119\u015bci kredytu przed terminem odbywa si\u0119 bez op\u0142at.<\/p>\n<p><strong>Jakie mo\u017ce by\u0107 oprocentowanie kredytu got\u00f3wkowego w Erste Banku?<\/strong><\/p>\n<p>Zgodnie z informacj\u0105 na stronie Erste, oprocentowanie kredytu got\u00f3wkowego aktualne na dzie\u0144 07.05.2026 r. wynosi od 8,49% do 14,50% w skali roku. Dla kredytu do 24 miesi\u0119cznych rat oprocentowanie jest sta\u0142e, a powy\u017cej 24 rat mo\u017ce by\u0107 sta\u0142e albo zmienne.<\/p>\n<p><strong>Na jaki cel mo\u017cna przeznaczy\u0107 kredyt got\u00f3wkowy w Erste Banku?<\/strong><\/p>\n<p>Kredyt got\u00f3wkowy w Erste Banku mo\u017cesz przeznaczy\u0107 na dowolny cel konsumpcyjny, np. zakup lod\u00f3wki, wakacje lub inne codzienne wydatki.<\/p>\n<p><strong>Jaka jest maksymalna kwota kredytu got\u00f3wkowego w Erste Banku?<\/strong><\/p>\n<p>Maksymalna kwota kredytu got\u00f3wkowego w Erste Banku wynosi 250 000 z\u0142. Minimalna kwota kredytu to 500 z\u0142.<\/p>\n<p><strong>Jaki jest maksymalny okres sp\u0142aty kredytu got\u00f3wkowego w Erste Banku?<\/strong><\/p>\n<p>Maksymalny okres sp\u0142aty kredytu got\u00f3wkowego w Erste Banku wynosi 120 miesi\u0119cy, czyli 10 lat. Minimalny okres sp\u0142aty to 3 miesi\u0119czne raty.<\/p>\n","protected":false},"excerpt":{"rendered":"<p>Kredyt got\u00f3wkowy to zobowi\u0105zanie, kt\u00f3re pozwoli Ci sfinansowa\u0107 dowolny cel konsumpcyjny. Ograniczona liczba dokument\u00f3w i szybka decyzja kredytowa to niew\u0105tpliwe [&hellip;]<\/p>\n","protected":false},"author":30,"featured_media":0,"parent":13617,"menu_order":0,"comment_status":"closed","ping_status":"closed","template":"page_bank_product.php","meta":{"_acf_changed":false,"yasr_overall_rating":0,"yasr_post_is_review":"","yasr_auto_insert_disabled":"","yasr_review_type":"","footnotes":""},"class_list":["post-13619","page","type-page","status-publish","hentry"],"acf":[],"yoast_head":"<!-- This site is optimized with the Yoast SEO plugin v27.1.1 - https:\/\/yoast.com\/product\/yoast-seo-wordpress\/ -->\n<title>Kredyty got\u00f3wkowe w Erste Banku | Por\u00f3wnywarka finansowa Rankomat<\/title>\n<meta name=\"robots\" content=\"index, follow, max-snippet:-1, max-image-preview:large, max-video-preview:-1\" \/>\n<link rel=\"canonical\" href=\"https:\/\/rankomat.pl\/finanse\/banki\/erste\/kredyty-gotowkowe-w-erste-banku\/\" \/>\n<meta property=\"og:locale\" content=\"pl_PL\" \/>\n<meta property=\"og:type\" content=\"article\" \/>\n<meta property=\"og:title\" content=\"Kredyty got\u00f3wkowe w Erste Banku | Por\u00f3wnywarka finansowa Rankomat\" \/>\n<meta property=\"og:description\" content=\"Kredyt got\u00f3wkowy to zobowi\u0105zanie, kt\u00f3re pozwoli Ci sfinansowa\u0107 dowolny cel konsumpcyjny. Ograniczona liczba dokument\u00f3w i szybka decyzja kredytowa to niew\u0105tpliwe [&hellip;]\" \/>\n<meta property=\"og:url\" content=\"https:\/\/rankomat.pl\/finanse\/banki\/erste\/kredyty-gotowkowe-w-erste-banku\/\" \/>\n<meta property=\"og:site_name\" content=\"Por\u00f3wnywarka finansowa Rankomat\" \/>\n<meta property=\"article:publisher\" content=\"https:\/\/www.facebook.com\/rankomatpl\/\" \/>\n<meta property=\"article:modified_time\" content=\"2026-05-13T08:22:15+00:00\" \/>\n<meta property=\"og:image\" content=\"https:\/\/rankomat.pl\/finanse\/wp-content\/uploads\/2021\/03\/rankomat-star-og.png\" \/>\n\t<meta property=\"og:image:width\" content=\"480\" \/>\n\t<meta property=\"og:image:height\" content=\"320\" \/>\n\t<meta property=\"og:image:type\" content=\"image\/png\" \/>\n<meta name=\"twitter:card\" content=\"summary_large_image\" \/>\n<meta name=\"twitter:site\" content=\"@rankomat\" \/>\n<meta name=\"twitter:label1\" content=\"Szacowany czas czytania\" \/>\n\t<meta name=\"twitter:data1\" content=\"11 minut\" \/>\n<script type=\"application\/ld+json\" class=\"yoast-schema-graph\">{\"@context\":\"https:\/\/schema.org\",\"@graph\":[{\"@type\":\"BreadcrumbList\",\"@id\":\"https:\/\/rankomat.pl\/finanse\/banki\/erste\/kredyty-gotowkowe-w-erste-banku\/#breadcrumb\",\"itemListElement\":[{\"@type\":\"ListItem\",\"position\":1,\"name\":\"Finanse\",\"item\":\"https:\/\/rankomat.pl\/finanse\/\"},{\"@type\":\"ListItem\",\"position\":2,\"name\":\"Banki\",\"item\":\"https:\/\/rankomat.pl\/finanse\/banki\/\"},{\"@type\":\"ListItem\",\"position\":3,\"name\":\"Erste Bank Polska\",\"item\":\"https:\/\/rankomat.pl\/finanse\/banki\/erste\/\"},{\"@type\":\"ListItem\",\"position\":4,\"name\":\"Kredyty got\u00f3wkowe w Erste Banku\"}]}]}<\/script>\n<!-- \/ Yoast SEO plugin. -->","yoast_head_json":{"title":"Kredyty got\u00f3wkowe w Erste Banku | Por\u00f3wnywarka finansowa Rankomat","robots":{"index":"index","follow":"follow","max-snippet":"max-snippet:-1","max-image-preview":"max-image-preview:large","max-video-preview":"max-video-preview:-1"},"canonical":"https:\/\/rankomat.pl\/finanse\/banki\/erste\/kredyty-gotowkowe-w-erste-banku\/","og_locale":"pl_PL","og_type":"article","og_title":"Kredyty got\u00f3wkowe w Erste Banku | Por\u00f3wnywarka finansowa Rankomat","og_description":"Kredyt got\u00f3wkowy to zobowi\u0105zanie, kt\u00f3re pozwoli Ci sfinansowa\u0107 dowolny cel konsumpcyjny. Ograniczona liczba dokument\u00f3w i szybka decyzja kredytowa to niew\u0105tpliwe [&hellip;]","og_url":"https:\/\/rankomat.pl\/finanse\/banki\/erste\/kredyty-gotowkowe-w-erste-banku\/","og_site_name":"Por\u00f3wnywarka finansowa Rankomat","article_publisher":"https:\/\/www.facebook.com\/rankomatpl\/","article_modified_time":"2026-05-13T08:22:15+00:00","og_image":[{"width":480,"height":320,"url":"https:\/\/rankomat.pl\/finanse\/wp-content\/uploads\/2021\/03\/rankomat-star-og.png","type":"image\/png"}],"twitter_card":"summary_large_image","twitter_site":"@rankomat","twitter_misc":{"Szacowany czas czytania":"11 minut"},"schema":{"@context":"https:\/\/schema.org","@graph":[{"@type":"BreadcrumbList","@id":"https:\/\/rankomat.pl\/finanse\/banki\/erste\/kredyty-gotowkowe-w-erste-banku\/#breadcrumb","itemListElement":[{"@type":"ListItem","position":1,"name":"Finanse","item":"https:\/\/rankomat.pl\/finanse\/"},{"@type":"ListItem","position":2,"name":"Banki","item":"https:\/\/rankomat.pl\/finanse\/banki\/"},{"@type":"ListItem","position":3,"name":"Erste Bank Polska","item":"https:\/\/rankomat.pl\/finanse\/banki\/erste\/"},{"@type":"ListItem","position":4,"name":"Kredyty got\u00f3wkowe w Erste Banku"}]}]}},"yasr_visitor_votes":{"stars_attributes":{"read_only":false,"span_bottom":false},"number_of_votes":0,"sum_votes":0},"_links":{"self":[{"href":"https:\/\/rankomat.pl\/finanse\/wp-json\/wp\/v2\/pages\/13619","targetHints":{"allow":["GET"]}}],"collection":[{"href":"https:\/\/rankomat.pl\/finanse\/wp-json\/wp\/v2\/pages"}],"about":[{"href":"https:\/\/rankomat.pl\/finanse\/wp-json\/wp\/v2\/types\/page"}],"author":[{"embeddable":true,"href":"https:\/\/rankomat.pl\/finanse\/wp-json\/wp\/v2\/users\/30"}],"replies":[{"embeddable":true,"href":"https:\/\/rankomat.pl\/finanse\/wp-json\/wp\/v2\/comments?post=13619"}],"version-history":[{"count":0,"href":"https:\/\/rankomat.pl\/finanse\/wp-json\/wp\/v2\/pages\/13619\/revisions"}],"up":[{"embeddable":true,"href":"https:\/\/rankomat.pl\/finanse\/wp-json\/wp\/v2\/pages\/13617"}],"wp:attachment":[{"href":"https:\/\/rankomat.pl\/finanse\/wp-json\/wp\/v2\/media?parent=13619"}],"curies":[{"name":"wp","href":"https:\/\/api.w.org\/{rel}","templated":true}]}}