{"id":13623,"date":"2026-05-13T10:01:41","date_gmt":"2026-05-13T08:01:41","guid":{"rendered":"https:\/\/rankomat.pl\/finanse\/?page_id=13623"},"modified":"2026-05-13T10:26:19","modified_gmt":"2026-05-13T08:26:19","slug":"lokaty-oszczednosciowe-w-erste","status":"publish","type":"page","link":"https:\/\/rankomat.pl\/finanse\/banki\/erste\/lokaty-oszczednosciowe-w-erste\/","title":{"rendered":"Lokaty oszcz\u0119dno\u015bciowe w Erste Banku"},"content":{"rendered":"<p><strong>Lokaty oszcz\u0119dno\u015bciowe i konta oszcz\u0119dno\u015bciowe to bezpieczne produkty, kt\u00f3re pozwol\u0105 Ci w \u0142atwy spos\u00f3b pomna\u017ca\u0107 swoje oszcz\u0119dno\u015bci. W Erste Banku znajdziesz oferty, kt\u00f3re mo\u017cesz dopasowa\u0107 do swoich potrzeb zar\u00f3wno w zakresie warto\u015bci i czasu trwania depozytu, jak i wysoko\u015bci oprocentowania. <\/strong><\/p>\n<h2>Jakie lokaty terminowe dost\u0119pne s\u0105 w Erste Banku?<\/h2>\n<p>W Erste znajdziesz bezpieczne sposoby oszcz\u0119dzania w ramach klasycznej lokaty lub konta oszcz\u0119dno\u015bciowego. Oferta kierowana jest dla sta\u0142ych, jak i nowych klient\u00f3w.<\/p>\n<p>Dost\u0119pne propozycje lokat terminowych w Erste Banku prezentuj\u0105 si\u0119 nast\u0119puj\u0105co (stan na 07.05.2026 r.):<\/p>\n<h3>Lokata wiosenna<\/h3>\n<p>Lokata wiosenna w Erste Banku to promocyjna lokata kr\u00f3tkoterminowa dost\u0119pna dla klient\u00f3w posiadaj\u0105cych konto osobiste lub oszcz\u0119dno\u015bciowe w banku. Produkt mo\u017cesz za\u0142o\u017cy\u0107 wy\u0142\u0105cznie online &#8211; w aplikacji lub bankowo\u015bci internetowej Erste. Lokat\u0119 mo\u017cesz za\u0142o\u017cy\u0107 na okres 3 miesi\u0119cy z oprocentowaniem sta\u0142ym w wysoko\u015bci 2,5% w skali roku. Minimalna kwota, kt\u00f3r\u0105 mo\u017cesz wp\u0142aci\u0107 na lokat\u0119 to 1000 z\u0142, a maksymalna 50 000 z\u0142. Wcze\u015bniejsze zerwanie depozytu oznacza utrat\u0119 naliczonych odsetek. Lokata wiosenna to depozyt nieodnawialny.<\/p>\n<h3>Lokata negocjowalna<\/h3>\n<p>Lokata negocjowalna to produkt skierowany przede wszystkim do klient\u00f3w dysponuj\u0105cych wi\u0119kszym kapita\u0142em, kt\u00f3rzy chc\u0105 indywidualnie ustali\u0107 warunki depozytu. W przeciwie\u0144stwie do standardowych lokat <strong>oprocentowanie oraz czas trwania tego depozytu ustalasz indywidualnie z bankiem<\/strong>. Lokat\u0119 mo\u017cesz otworzy\u0107 zar\u00f3wno w z\u0142ot\u00f3wkach, jak i wybranych walutach obcych. Czas trwania depozytu wynosi od 2 do 365 dni, a dla lokat zak\u0142adanych online obowi\u0105zuje limit do 1 mln z\u0142 lub 200 tys. jednostek waluty obcej. Lokata negocjowana daje mo\u017cliwo\u015b\u0107 dopasowania parametr\u00f3w depozytu do indywidualnych potrzeb klienta i aktualnej sytuacji rynkowej.<\/p>\n<h3>Lokata terminowa<\/h3>\n<p>Lokata terminowa w Erste Banku to klasyczny depozyt bankowy z oprocentowaniem sta\u0142ym obowi\u0105zuj\u0105cym przez ca\u0142y okres oszcz\u0119dzania. Depozyt mo\u017cesz za\u0142o\u017cy\u0107 ju\u017c od 1000 z\u0142 na okres 3, 6 lub 12 miesi\u0119cy. <strong>Oprocentowanie zale\u017cy od wybranego czasu trwania lokaty i aktualnej oferty banku.<\/strong> Lokat\u0119 otworzysz w aplikacji mobilnej Erste, bankowo\u015bci internetowej albo w oddziale banku. Bank pozwala za\u0142o\u017cy\u0107 dowoln\u0105 liczb\u0119 lokat terminowych. Po zako\u0144czeniu okresu umownego \u015brodki wraz z odsetkami wracaj\u0105 na konto klienta lub lokata mo\u017ce zosta\u0107 automatycznie odnowiona zgodnie z warunkami umowy. W przypadku wcze\u015bniejszego zerwania depozytu tracisz naliczone odsetki.<\/p>\n<h3>Lokata terminowa walutowa<\/h3>\n<p>Lokata terminowa walutowa w Erste Banku umo\u017cliwia oszcz\u0119dzanie \u015brodk\u00f3w w walutach obcych, m.in. dolarach ameryka\u0144skich. Produkt skierowany jest do os\u00f3b, kt\u00f3re przechowuj\u0105 oszcz\u0119dno\u015bci lub otrzymuj\u0105 dochody w walucie obcej. <strong>Lokat\u0119 walutow\u0105 mo\u017cesz otworzy\u0107 na okres 6 lub 12 miesi\u0119cy<\/strong>. Oprocentowanie zale\u017cy od waluty oraz czasu trwania depozytu. Lokat\u0119 mo\u017cesz za\u0142o\u017cy\u0107 w aplikacji, bankowo\u015bci internetowej lub oddziale banku. Produkt pozwala unikn\u0105\u0107 koszt\u00f3w przewalutowania przy przechowywaniu oszcz\u0119dno\u015bci w walucie obcej. Wcze\u015bniejsze zako\u0144czenie lokaty oznacza utrat\u0119 naliczonych odsetek. Lokata odnawia si\u0119 automatycznie na kolejny okres.<\/p>\n<h3>Konto Multi oszcz\u0119dno\u015bciowe<\/h3>\n<p>Konto Multi oszcz\u0119dno\u015bciowe w Erste Banku to rachunek przeznaczony do elastycznego odk\u0142adania pieni\u0119dzy z mo\u017cliwo\u015bci\u0105 swobodnego dost\u0119pu do \u015brodk\u00f3w. Produkt umo\u017cliwia wp\u0142acanie i wyp\u0142acanie pieni\u0119dzy bez utraty wcze\u015bniej naliczonych odsetek. Odsetki kapitalizowane s\u0105 co miesi\u0105c, co oznacza ich regularne dopisywanie do salda rachunku. Konto mo\u017cesz otworzy\u0107 w aplikacji mobilnej Erste, bankowo\u015bci internetowej, oddziale lub przez telefon, je\u015bli masz umow\u0119 Private Banking lub dost\u0119p do Us\u0142ugi Select.<\/p>\n<h3>Konto oszcz\u0119dno\u015bciowe Erste Platinum<\/h3>\n<p>Konto oszcz\u0119dno\u015bciowe Erste Platinum to produkt przygotowany dla klient\u00f3w segmentu premium. Rachunek umo\u017cliwia oszcz\u0119dzanie pieni\u0119dzy przy jednoczesnym zachowaniu swobodnego dost\u0119pu do zgromadzonych \u015brodk\u00f3w bez utraty odsetek. Konto mo\u017ce by\u0107 po\u0142\u0105czone z dodatkowymi korzy\u015bciami dost\u0119pnymi dla klient\u00f3w premium, m.in. indywidualn\u0105 obs\u0142ug\u0105 i preferencyjnymi warunkami wybranych produkt\u00f3w bankowych. Rachunek otworzysz w aplikacji Erste, bankowo\u015bci internetowej, w oddziale lub za po\u015brednictwem doradcy Erste Platinum. \u015arodki zgromadzone na rachunku obj\u0119te s\u0105 ochron\u0105 Bankowego Funduszu Gwarancyjnego.<\/p>\n<h3>Lokata z funduszem<\/h3>\n<p>Lokata z funduszem w Erste Banku to produkt \u0142\u0105cz\u0105cy klasyczny depozyt bankowy z inwestowaniem w fundusze inwestycyjne Erste TFI. <strong>Cz\u0119\u015b\u0107 \u015brodk\u00f3w trafia na lokat\u0119 terminow\u0105 z atrakcyjnym oprocentowaniem, a pozosta\u0142a cz\u0119\u015b\u0107 inwestowana jest w wybrane fundusze<\/strong>. Produkt skierowany jest do os\u00f3b, kt\u00f3re chc\u0105 zwi\u0119kszy\u0107 potencjalny zysk i jednocze\u015bnie rozpocz\u0105\u0107 inwestowanie. Minimalna kwota inwestycji zale\u017cy od aktualnej promocji i struktury produktu. Lokat\u0119 z funduszem mo\u017cesz stacjonarnie w oddziale banku lub w wybranych kana\u0142ach zdalnych. W przeciwie\u0144stwie do klasycznej lokaty cz\u0119\u015b\u0107 inwestycyjna wi\u0105\u017ce si\u0119 z ryzykiem inwestycyjnym i mo\u017cliwo\u015bci\u0105 zmiany warto\u015bci funduszu. Produkt \u0142\u0105czy bezpiecze\u0144stwo cz\u0119\u015bci depozytowej z potencja\u0142em wy\u017cszego zysku wynikaj\u0105cego z inwestowania.<\/p>\n<h3>Lokata strukturyzowana w PLN<\/h3>\n<p>Lokata strukturyzowana w PLN w Erste Banku to produkt depozytowo-inwestycyjny, w kt\u00f3rym <strong>wysoko\u015b\u0107 mo\u017cliwego zysku zale\u017cy od realizacji okre\u015blonej strategii inwestycyjnej<\/strong>. Obecnie bank oferuje m.in. produkty oparte na zmianach kursu EUR\/PLN. Minimalna kwota inwestycji wynosi 3000 z\u0142, a okres trwania lokaty zale\u017cy od konkretnej edycji produktu i mo\u017ce wynosi\u0107 np. 6 lub 9 miesi\u0119cy. Maksymalne oprocentowanie zale\u017cy od zachowania instrumentu bazowego.<\/p>\n<p>Lokat\u0119 mo\u017cna za\u0142o\u017cy\u0107 wy\u0142\u0105cznie w okresie subskrypcji wskazanym przez bank. W czasie subskrypcji \u015brodki nie s\u0105 oprocentowane, a odsetki naliczane s\u0105 dopiero w okresie depozytowym. Produkt obj\u0119ty jest ochron\u0105 Bankowego Funduszu Gwarancyjnego. Lokata strukturyzowana skierowana jest do os\u00f3b akceptuj\u0105cych bardziej z\u0142o\u017cone zasady dzia\u0142ania depozytu i zainteresowanych potencjalnie wy\u017cszym zyskiem ni\u017c przy standardowej lokacie.<\/p>\n<h2>Kto mo\u017ce za\u0142o\u017cy\u0107 lokat\u0119 terminow\u0105 lub konto oszcz\u0119dno\u015bciowe w Erste Banku?<\/h2>\n<p>Lokata terminowa i konto oszcz\u0119dno\u015bciowe s\u0105 przeznaczone dla klient\u00f3w indywidualnych. W przypadku Lokaty wiosennej bank wskazuje wprost, \u017ce mo\u017cesz j\u0105 za\u0142o\u017cy\u0107, je\u015bli masz w Erste konto osobiste lub oszcz\u0119dno\u015bciowe. Standardow\u0105 lokat\u0119 terminow\u0105 mo\u017cesz otworzy\u0107 w aplikacji, bankowo\u015bci internetowej albo oddziale.<\/p>\n<h2>Jakie s\u0105 konsekwencje zerwania lokaty przed czasem w Erste Banku?<\/h2>\n<p>Wcze\u015bniejsze zako\u0144czenie lokaty w Erste Banku jest mo\u017cliwe, ale oznacza utrat\u0119 odsetek. Bank wskazuje, \u017ce je\u015bli potrzebujesz wyp\u0142aci\u0107 pieni\u0105dze przed terminem, mo\u017cesz zako\u0144czy\u0107 lokat\u0119, jednak nie otrzymasz wtedy naliczonych odsetek. Dotyczy to zar\u00f3wno standardowej lokaty terminowej, jak i Lokaty wiosennej.<\/p>\n<h2>Ile kosztuje za\u0142o\u017cenie lokaty lub konta oszcz\u0119dno\u015bciowego w Erste Banku?<\/h2>\n<p>Samo za\u0142o\u017cenie lokaty nie wi\u0105\u017ce si\u0119 z op\u0142at\u0105 &#8211; wp\u0142acasz \u015brodki na okre\u015blony czas, a bank nalicza odsetki zgodnie z warunkami produktu. W przypadku Konta Multi oszcz\u0119dno\u015bciowego prowadzenie rachunku kosztuje 0 z\u0142. Pierwsza transakcja w miesi\u0105cu r\u00f3wnie\u017c jest bezp\u0142atna, natomiast ka\u017cda kolejna wybrana transakcja, np. przelew na inny rachunek, mo\u017ce kosztowa\u0107 10 z\u0142.<\/p>\n<h2>FAQ \u2013 najcz\u0119\u015bciej zadawane pytania<\/h2>\n<p><strong>Lokata czy konto oszcz\u0119dno\u015bciowe w Erste Banku?<\/strong><\/p>\n<p>Lokata sprawdzi si\u0119, je\u015bli mo\u017cesz zamrozi\u0107 pieni\u0105dze na okre\u015blony czas bez konieczno\u015bci ich wcze\u015bniejszej wyp\u0142aty. Konto oszcz\u0119dno\u015bciowe b\u0119dzie wygodniejsze, je\u015bli chcesz mie\u0107 swobodny dost\u0119p do \u015brodk\u00f3w i wyp\u0142aca\u0107 pieni\u0105dze bez utraty naliczonych odsetek. Erste oferuje zar\u00f3wno lokaty terminowe, walutowe, negocjowane i strukturyzowane, jak i konta oszcz\u0119dno\u015bciowe oraz funkcj\u0119 \u201eMoje cele\u201d w aplikacji.<\/p>\n<p><strong>Czy od odsetek z lokaty trzeba zap\u0142aci\u0107 podatek?<\/strong><\/p>\n<p>Tak. Zysk z lokaty lub konta oszcz\u0119dno\u015bciowego podlega podatkowi od zysk\u00f3w kapita\u0142owych, czyli tzw. podatkowi Belki. Bank standardowo potr\u0105ca go przed wyp\u0142at\u0105 odsetek.<\/p>\n<p><strong>Na czym polega kapitalizacja odsetek?<\/strong><\/p>\n<p>Kapitalizacja odsetek oznacza dopisanie naliczonych odsetek do zgromadzonych \u015brodk\u00f3w. W przypadku kont oszcz\u0119dno\u015bciowych kapitalizacja odsetek ma zwykle miejsce co miesi\u0105c, natomiast w przypadku lokat najcz\u0119\u015bciej naliczenie odsetek b\u0119dzie mia\u0142o miejsce po zako\u0144czeniu okresu depozytu.<\/p>\n<p><strong>Czy pieni\u0105dze na lokacie i koncie oszcz\u0119dno\u015bciowym w Erste Banku s\u0105 bezpieczne?<\/strong><\/p>\n<p>Tak. Erste wskazuje, \u017ce oszcz\u0119dno\u015bci klient\u00f3w s\u0105 chronione przez Bankowy Fundusz Gwarancyjny. Ochrona BFG obejmuje depozyty do ustawowego limitu r\u00f3wnowarto\u015bci 100 000 euro dla jednego deponenta w danym banku.<\/p>\n<p><strong>Jakie jest oprocentowanie lokat i kont oszcz\u0119dno\u015bciowych w Erste Banku?<\/strong><\/p>\n<p>Oprocentowanie zale\u017cy od rodzaju produktu, kwoty, okresu oszcz\u0119dzania i aktualnej oferty banku.<\/p>\n<p><strong>Jak za\u0142o\u017cy\u0107 lokat\u0119 terminow\u0105 lub konto oszcz\u0119dno\u015bciowe w Erste Banku?<\/strong><\/p>\n<p>Spos\u00f3b za\u0142o\u017cenia lokaty lub konta oszcz\u0119dno\u015bciowego w Erste Banku zale\u017cy od wybranego produktu i kana\u0142u obs\u0142ugi. Standardow\u0105 lokat\u0119 terminow\u0105 za\u0142o\u017cysz w bankowo\u015bci internetowej, aplikacji mobilnej Erste lub w oddziale banku.<\/p>\n","protected":false},"excerpt":{"rendered":"<p>Lokaty oszcz\u0119dno\u015bciowe i konta oszcz\u0119dno\u015bciowe to bezpieczne produkty, kt\u00f3re pozwol\u0105 Ci w \u0142atwy spos\u00f3b pomna\u017ca\u0107 swoje oszcz\u0119dno\u015bci. W Erste Banku [&hellip;]<\/p>\n","protected":false},"author":30,"featured_media":0,"parent":13617,"menu_order":0,"comment_status":"closed","ping_status":"closed","template":"page_bank_product.php","meta":{"_acf_changed":false,"yasr_overall_rating":0,"yasr_post_is_review":"","yasr_auto_insert_disabled":"","yasr_review_type":"","footnotes":""},"class_list":["post-13623","page","type-page","status-publish","hentry"],"acf":[],"yoast_head":"<!-- This site is optimized with the Yoast SEO plugin v27.1.1 - https:\/\/yoast.com\/product\/yoast-seo-wordpress\/ -->\n<title>Lokaty oszcz\u0119dno\u015bciowe w Erste Banku | Por\u00f3wnywarka finansowa Rankomat<\/title>\n<meta name=\"robots\" content=\"index, follow, max-snippet:-1, max-image-preview:large, max-video-preview:-1\" \/>\n<link rel=\"canonical\" href=\"https:\/\/rankomat.pl\/finanse\/banki\/erste\/lokaty-oszczednosciowe-w-erste\/\" \/>\n<meta property=\"og:locale\" content=\"pl_PL\" \/>\n<meta property=\"og:type\" content=\"article\" \/>\n<meta property=\"og:title\" content=\"Lokaty oszcz\u0119dno\u015bciowe w Erste Banku | Por\u00f3wnywarka finansowa Rankomat\" \/>\n<meta property=\"og:description\" content=\"Lokaty oszcz\u0119dno\u015bciowe i konta oszcz\u0119dno\u015bciowe to bezpieczne produkty, kt\u00f3re pozwol\u0105 Ci w \u0142atwy spos\u00f3b pomna\u017ca\u0107 swoje oszcz\u0119dno\u015bci. W Erste Banku [&hellip;]\" \/>\n<meta property=\"og:url\" content=\"https:\/\/rankomat.pl\/finanse\/banki\/erste\/lokaty-oszczednosciowe-w-erste\/\" \/>\n<meta property=\"og:site_name\" content=\"Por\u00f3wnywarka finansowa Rankomat\" \/>\n<meta property=\"article:publisher\" content=\"https:\/\/www.facebook.com\/rankomatpl\/\" \/>\n<meta property=\"article:modified_time\" content=\"2026-05-13T08:26:19+00:00\" \/>\n<meta property=\"og:image\" content=\"https:\/\/rankomat.pl\/finanse\/wp-content\/uploads\/2021\/03\/rankomat-star-og.png\" \/>\n\t<meta property=\"og:image:width\" content=\"480\" \/>\n\t<meta property=\"og:image:height\" content=\"320\" \/>\n\t<meta property=\"og:image:type\" content=\"image\/png\" \/>\n<meta name=\"twitter:card\" content=\"summary_large_image\" \/>\n<meta name=\"twitter:site\" content=\"@rankomat\" \/>\n<meta name=\"twitter:label1\" content=\"Szacowany czas czytania\" \/>\n\t<meta name=\"twitter:data1\" content=\"8 minut\" \/>\n<script type=\"application\/ld+json\" class=\"yoast-schema-graph\">{\"@context\":\"https:\/\/schema.org\",\"@graph\":[{\"@type\":\"BreadcrumbList\",\"@id\":\"https:\/\/rankomat.pl\/finanse\/banki\/erste\/lokaty-oszczednosciowe-w-erste\/#breadcrumb\",\"itemListElement\":[{\"@type\":\"ListItem\",\"position\":1,\"name\":\"Finanse\",\"item\":\"https:\/\/rankomat.pl\/finanse\/\"},{\"@type\":\"ListItem\",\"position\":2,\"name\":\"Banki\",\"item\":\"https:\/\/rankomat.pl\/finanse\/banki\/\"},{\"@type\":\"ListItem\",\"position\":3,\"name\":\"Erste Bank Polska\",\"item\":\"https:\/\/rankomat.pl\/finanse\/banki\/erste\/\"},{\"@type\":\"ListItem\",\"position\":4,\"name\":\"Lokaty oszcz\u0119dno\u015bciowe w Erste Banku\"}]}]}<\/script>\n<!-- \/ Yoast SEO plugin. -->","yoast_head_json":{"title":"Lokaty oszcz\u0119dno\u015bciowe w Erste Banku | Por\u00f3wnywarka finansowa Rankomat","robots":{"index":"index","follow":"follow","max-snippet":"max-snippet:-1","max-image-preview":"max-image-preview:large","max-video-preview":"max-video-preview:-1"},"canonical":"https:\/\/rankomat.pl\/finanse\/banki\/erste\/lokaty-oszczednosciowe-w-erste\/","og_locale":"pl_PL","og_type":"article","og_title":"Lokaty oszcz\u0119dno\u015bciowe w Erste Banku | Por\u00f3wnywarka finansowa Rankomat","og_description":"Lokaty oszcz\u0119dno\u015bciowe i konta oszcz\u0119dno\u015bciowe to bezpieczne produkty, kt\u00f3re pozwol\u0105 Ci w \u0142atwy spos\u00f3b pomna\u017ca\u0107 swoje oszcz\u0119dno\u015bci. W Erste Banku [&hellip;]","og_url":"https:\/\/rankomat.pl\/finanse\/banki\/erste\/lokaty-oszczednosciowe-w-erste\/","og_site_name":"Por\u00f3wnywarka finansowa Rankomat","article_publisher":"https:\/\/www.facebook.com\/rankomatpl\/","article_modified_time":"2026-05-13T08:26:19+00:00","og_image":[{"width":480,"height":320,"url":"https:\/\/rankomat.pl\/finanse\/wp-content\/uploads\/2021\/03\/rankomat-star-og.png","type":"image\/png"}],"twitter_card":"summary_large_image","twitter_site":"@rankomat","twitter_misc":{"Szacowany czas czytania":"8 minut"},"schema":{"@context":"https:\/\/schema.org","@graph":[{"@type":"BreadcrumbList","@id":"https:\/\/rankomat.pl\/finanse\/banki\/erste\/lokaty-oszczednosciowe-w-erste\/#breadcrumb","itemListElement":[{"@type":"ListItem","position":1,"name":"Finanse","item":"https:\/\/rankomat.pl\/finanse\/"},{"@type":"ListItem","position":2,"name":"Banki","item":"https:\/\/rankomat.pl\/finanse\/banki\/"},{"@type":"ListItem","position":3,"name":"Erste Bank Polska","item":"https:\/\/rankomat.pl\/finanse\/banki\/erste\/"},{"@type":"ListItem","position":4,"name":"Lokaty oszcz\u0119dno\u015bciowe w Erste Banku"}]}]}},"yasr_visitor_votes":{"stars_attributes":{"read_only":false,"span_bottom":false},"number_of_votes":0,"sum_votes":0},"_links":{"self":[{"href":"https:\/\/rankomat.pl\/finanse\/wp-json\/wp\/v2\/pages\/13623","targetHints":{"allow":["GET"]}}],"collection":[{"href":"https:\/\/rankomat.pl\/finanse\/wp-json\/wp\/v2\/pages"}],"about":[{"href":"https:\/\/rankomat.pl\/finanse\/wp-json\/wp\/v2\/types\/page"}],"author":[{"embeddable":true,"href":"https:\/\/rankomat.pl\/finanse\/wp-json\/wp\/v2\/users\/30"}],"replies":[{"embeddable":true,"href":"https:\/\/rankomat.pl\/finanse\/wp-json\/wp\/v2\/comments?post=13623"}],"version-history":[{"count":0,"href":"https:\/\/rankomat.pl\/finanse\/wp-json\/wp\/v2\/pages\/13623\/revisions"}],"up":[{"embeddable":true,"href":"https:\/\/rankomat.pl\/finanse\/wp-json\/wp\/v2\/pages\/13617"}],"wp:attachment":[{"href":"https:\/\/rankomat.pl\/finanse\/wp-json\/wp\/v2\/media?parent=13623"}],"curies":[{"name":"wp","href":"https:\/\/api.w.org\/{rel}","templated":true}]}}