{"id":3756,"date":"2020-06-09T10:51:29","date_gmt":"2020-06-09T08:51:29","guid":{"rendered":"https:\/\/rankomat.pl\/finanse\/?page_id=3756"},"modified":"2026-02-18T17:33:13","modified_gmt":"2026-02-18T16:33:13","slug":"kalkulator-zdolnosci-kredytowej","status":"publish","type":"page","link":"https:\/\/rankomat.pl\/finanse\/kalkulatory\/kalkulator-zdolnosci-kredytowej\/","title":{"rendered":"Kalkulator zdolno\u015bci kredytowej \u2013 oblicz zdolno\u015b\u0107 kredytow\u0105 online"},"content":{"rendered":"","protected":false},"excerpt":{"rendered":"","protected":false},"author":17,"featured_media":0,"parent":3755,"menu_order":0,"comment_status":"closed","ping_status":"closed","template":"page-creditworthiness-calculator.php","meta":{"_acf_changed":false,"yasr_overall_rating":0,"yasr_post_is_review":"","yasr_auto_insert_disabled":"","yasr_review_type":"","footnotes":""},"class_list":["post-3756","page","type-page","status-publish","hentry"],"acf":[],"yoast_head":"<!-- This site is optimized with the Yoast SEO plugin v27.1.1 - https:\/\/yoast.com\/product\/yoast-seo-wordpress\/ -->\n<title>Kalkulator zdolno\u015bci kredytowej - oblicz zdolno\u015b\u0107 kredytow\u0105 online<\/title>\n<meta name=\"description\" content=\"Kalkulator zdolno\u015bci kredytowej - sprawd\u017a od czego zale\u017cy Twoja zdolno\u015b\u0107 kredytowa oraz skorzystaj z naszego kalkulatora \u017ceby obliczy\u0107 swoj\u0105 zdolno\u015b\u0107!\" \/>\n<meta name=\"robots\" content=\"index, follow, max-snippet:-1, max-image-preview:large, max-video-preview:-1\" \/>\n<link rel=\"canonical\" href=\"https:\/\/rankomat.pl\/finanse\/kalkulatory\/kalkulator-zdolnosci-kredytowej\/\" \/>\n<meta property=\"og:locale\" content=\"pl_PL\" \/>\n<meta property=\"og:type\" content=\"article\" \/>\n<meta property=\"og:title\" content=\"Kalkulator zdolno\u015bci kredytowej - oblicz zdolno\u015b\u0107 kredytow\u0105 online\" \/>\n<meta property=\"og:description\" content=\"Kalkulator zdolno\u015bci kredytowej - sprawd\u017a od czego zale\u017cy Twoja zdolno\u015b\u0107 kredytowa oraz skorzystaj z naszego kalkulatora \u017ceby obliczy\u0107 swoj\u0105 zdolno\u015b\u0107!\" \/>\n<meta property=\"og:url\" content=\"https:\/\/rankomat.pl\/finanse\/kalkulatory\/kalkulator-zdolnosci-kredytowej\/\" \/>\n<meta property=\"og:site_name\" content=\"Por\u00f3wnywarka finansowa Rankomat\" \/>\n<meta property=\"article:publisher\" content=\"https:\/\/www.facebook.com\/rankomatpl\/\" \/>\n<meta property=\"article:modified_time\" content=\"2026-02-18T16:33:13+00:00\" \/>\n<meta property=\"og:image\" content=\"https:\/\/rankomat.pl\/finanse\/wp-content\/uploads\/2021\/03\/rankomat-star-og.png\" \/>\n\t<meta property=\"og:image:width\" content=\"480\" \/>\n\t<meta property=\"og:image:height\" content=\"320\" \/>\n\t<meta property=\"og:image:type\" content=\"image\/png\" \/>\n<meta name=\"twitter:card\" content=\"summary_large_image\" \/>\n<meta name=\"twitter:site\" content=\"@rankomat\" \/>\n<script type=\"application\/ld+json\" class=\"yoast-schema-graph\">{\"@context\":\"https:\/\/schema.org\",\"@graph\":[{\"@type\":\"BreadcrumbList\",\"@id\":\"https:\/\/rankomat.pl\/finanse\/kalkulatory\/kalkulator-zdolnosci-kredytowej\/#breadcrumb\",\"itemListElement\":[{\"@type\":\"ListItem\",\"position\":1,\"name\":\"Finanse\",\"item\":\"https:\/\/rankomat.pl\/finanse\/\"},{\"@type\":\"ListItem\",\"position\":2,\"name\":\"Kalkulatory finansowe\",\"item\":\"https:\/\/rankomat.pl\/finanse\/kalkulatory\/\"},{\"@type\":\"ListItem\",\"position\":3,\"name\":\"Kalkulator zdolno\u015bci kredytowej \u2013 oblicz zdolno\u015b\u0107 kredytow\u0105 online\"}]}]}<\/script>\n<!-- \/ Yoast SEO plugin. -->","yoast_head_json":{"title":"Kalkulator zdolno\u015bci kredytowej - oblicz zdolno\u015b\u0107 kredytow\u0105 online","description":"Kalkulator zdolno\u015bci kredytowej - sprawd\u017a od czego zale\u017cy Twoja zdolno\u015b\u0107 kredytowa oraz skorzystaj z naszego kalkulatora \u017ceby obliczy\u0107 swoj\u0105 zdolno\u015b\u0107!","robots":{"index":"index","follow":"follow","max-snippet":"max-snippet:-1","max-image-preview":"max-image-preview:large","max-video-preview":"max-video-preview:-1"},"canonical":"https:\/\/rankomat.pl\/finanse\/kalkulatory\/kalkulator-zdolnosci-kredytowej\/","og_locale":"pl_PL","og_type":"article","og_title":"Kalkulator zdolno\u015bci kredytowej - oblicz zdolno\u015b\u0107 kredytow\u0105 online","og_description":"Kalkulator zdolno\u015bci kredytowej - sprawd\u017a od czego zale\u017cy Twoja zdolno\u015b\u0107 kredytowa oraz skorzystaj z naszego kalkulatora \u017ceby obliczy\u0107 swoj\u0105 zdolno\u015b\u0107!","og_url":"https:\/\/rankomat.pl\/finanse\/kalkulatory\/kalkulator-zdolnosci-kredytowej\/","og_site_name":"Por\u00f3wnywarka finansowa Rankomat","article_publisher":"https:\/\/www.facebook.com\/rankomatpl\/","article_modified_time":"2026-02-18T16:33:13+00:00","og_image":[{"width":480,"height":320,"url":"https:\/\/rankomat.pl\/finanse\/wp-content\/uploads\/2021\/03\/rankomat-star-og.png","type":"image\/png"}],"twitter_card":"summary_large_image","twitter_site":"@rankomat","schema":{"@context":"https:\/\/schema.org","@graph":[{"@type":"BreadcrumbList","@id":"https:\/\/rankomat.pl\/finanse\/kalkulatory\/kalkulator-zdolnosci-kredytowej\/#breadcrumb","itemListElement":[{"@type":"ListItem","position":1,"name":"Finanse","item":"https:\/\/rankomat.pl\/finanse\/"},{"@type":"ListItem","position":2,"name":"Kalkulatory finansowe","item":"https:\/\/rankomat.pl\/finanse\/kalkulatory\/"},{"@type":"ListItem","position":3,"name":"Kalkulator zdolno\u015bci kredytowej \u2013 oblicz zdolno\u015b\u0107 kredytow\u0105 online"}]}]}},"yasr_visitor_votes":{"stars_attributes":{"read_only":false,"span_bottom":false},"number_of_votes":7696,"sum_votes":37837},"_links":{"self":[{"href":"https:\/\/rankomat.pl\/finanse\/wp-json\/wp\/v2\/pages\/3756","targetHints":{"allow":["GET"]}}],"collection":[{"href":"https:\/\/rankomat.pl\/finanse\/wp-json\/wp\/v2\/pages"}],"about":[{"href":"https:\/\/rankomat.pl\/finanse\/wp-json\/wp\/v2\/types\/page"}],"author":[{"embeddable":true,"href":"https:\/\/rankomat.pl\/finanse\/wp-json\/wp\/v2\/users\/17"}],"replies":[{"embeddable":true,"href":"https:\/\/rankomat.pl\/finanse\/wp-json\/wp\/v2\/comments?post=3756"}],"version-history":[{"count":0,"href":"https:\/\/rankomat.pl\/finanse\/wp-json\/wp\/v2\/pages\/3756\/revisions"}],"up":[{"embeddable":true,"href":"https:\/\/rankomat.pl\/finanse\/wp-json\/wp\/v2\/pages\/3755"}],"wp:attachment":[{"href":"https:\/\/rankomat.pl\/finanse\/wp-json\/wp\/v2\/media?parent=3756"}],"curies":[{"name":"wp","href":"https:\/\/api.w.org\/{rel}","templated":true}]}}