{"id":3988,"date":"2020-09-28T13:52:35","date_gmt":"2020-09-28T11:52:35","guid":{"rendered":"https:\/\/rankomat.pl\/finanse\/?page_id=3988"},"modified":"2026-01-08T13:40:58","modified_gmt":"2026-01-08T12:40:58","slug":"karty-kredytowe","status":"publish","type":"page","link":"https:\/\/rankomat.pl\/finanse\/karty-kredytowe\/","title":{"rendered":"Karty kredytowe \u2013 Ranking kart kredytowych 2026"},"content":{"rendered":"","protected":false},"excerpt":{"rendered":"","protected":false},"author":17,"featured_media":0,"parent":0,"menu_order":0,"comment_status":"closed","ping_status":"closed","template":"page_credit_card_comparison.php","meta":{"_acf_changed":false,"yasr_overall_rating":0,"yasr_post_is_review":"","yasr_auto_insert_disabled":"","yasr_review_type":"Product","footnotes":""},"class_list":["post-3988","page","type-page","status-publish","hentry"],"acf":[],"yoast_head":"<!-- This site is optimized with the Yoast SEO plugin v27.1.1 - https:\/\/yoast.com\/product\/yoast-seo-wordpress\/ -->\n<title>Ranking kart kredytowych kwiecie\u0144 2026 | Sprawd\u017a Najlepsze karty<\/title>\n<meta name=\"description\" content=\"Karta kredytowa - sprawd\u017a zestawienie ofert najlepszych kart kredytowych. Wybierz najlepsz\u0105 ofert\u0119 dla siebie oraz z\u0142\u00f3\u017c wnosek ca\u0142kowicie Online\" \/>\n<meta name=\"robots\" content=\"index, follow, max-snippet:-1, max-image-preview:large, max-video-preview:-1\" \/>\n<link rel=\"canonical\" href=\"https:\/\/rankomat.pl\/finanse\/karty-kredytowe\/\" \/>\n<meta property=\"og:locale\" content=\"pl_PL\" \/>\n<meta property=\"og:type\" content=\"article\" \/>\n<meta property=\"og:title\" content=\"Ranking kart kredytowych kwiecie\u0144 2026 | Sprawd\u017a Najlepsze karty\" \/>\n<meta property=\"og:description\" content=\"Karta kredytowa - sprawd\u017a zestawienie ofert najlepszych kart kredytowych. Wybierz najlepsz\u0105 ofert\u0119 dla siebie oraz z\u0142\u00f3\u017c wnosek ca\u0142kowicie Online\" \/>\n<meta property=\"og:url\" content=\"https:\/\/rankomat.pl\/finanse\/karty-kredytowe\/\" \/>\n<meta property=\"og:site_name\" content=\"Por\u00f3wnywarka finansowa Rankomat\" \/>\n<meta property=\"article:publisher\" content=\"https:\/\/www.facebook.com\/rankomatpl\/\" \/>\n<meta property=\"article:modified_time\" content=\"2026-01-08T12:40:58+00:00\" \/>\n<meta property=\"og:image\" content=\"https:\/\/rankomat.pl\/finanse\/wp-content\/uploads\/2021\/03\/rankomat-star-og.png\" \/>\n\t<meta property=\"og:image:width\" content=\"480\" \/>\n\t<meta property=\"og:image:height\" content=\"320\" \/>\n\t<meta property=\"og:image:type\" content=\"image\/png\" \/>\n<meta name=\"twitter:card\" content=\"summary_large_image\" \/>\n<meta name=\"twitter:site\" content=\"@rankomat\" \/>\n<script type=\"application\/ld+json\" class=\"yoast-schema-graph\">{\"@context\":\"https:\/\/schema.org\",\"@graph\":[{\"@type\":\"BreadcrumbList\",\"@id\":\"https:\/\/rankomat.pl\/finanse\/karty-kredytowe\/#breadcrumb\",\"itemListElement\":[{\"@type\":\"ListItem\",\"position\":1,\"name\":\"Finanse\",\"item\":\"https:\/\/rankomat.pl\/finanse\/\"},{\"@type\":\"ListItem\",\"position\":2,\"name\":\"Karty kredytowe \u2013 Ranking kart kredytowych 2026\"}]}]}<\/script>\n<!-- \/ Yoast SEO plugin. -->","yoast_head_json":{"title":"Ranking kart kredytowych kwiecie\u0144 2026 | Sprawd\u017a Najlepsze karty","description":"Karta kredytowa - sprawd\u017a zestawienie ofert najlepszych kart kredytowych. Wybierz najlepsz\u0105 ofert\u0119 dla siebie oraz z\u0142\u00f3\u017c wnosek ca\u0142kowicie Online","robots":{"index":"index","follow":"follow","max-snippet":"max-snippet:-1","max-image-preview":"max-image-preview:large","max-video-preview":"max-video-preview:-1"},"canonical":"https:\/\/rankomat.pl\/finanse\/karty-kredytowe\/","og_locale":"pl_PL","og_type":"article","og_title":"Ranking kart kredytowych kwiecie\u0144 2026 | Sprawd\u017a Najlepsze karty","og_description":"Karta kredytowa - sprawd\u017a zestawienie ofert najlepszych kart kredytowych. Wybierz najlepsz\u0105 ofert\u0119 dla siebie oraz z\u0142\u00f3\u017c wnosek ca\u0142kowicie Online","og_url":"https:\/\/rankomat.pl\/finanse\/karty-kredytowe\/","og_site_name":"Por\u00f3wnywarka finansowa Rankomat","article_publisher":"https:\/\/www.facebook.com\/rankomatpl\/","article_modified_time":"2026-01-08T12:40:58+00:00","og_image":[{"width":480,"height":320,"url":"https:\/\/rankomat.pl\/finanse\/wp-content\/uploads\/2021\/03\/rankomat-star-og.png","type":"image\/png"}],"twitter_card":"summary_large_image","twitter_site":"@rankomat","schema":{"@context":"https:\/\/schema.org","@graph":[{"@type":"BreadcrumbList","@id":"https:\/\/rankomat.pl\/finanse\/karty-kredytowe\/#breadcrumb","itemListElement":[{"@type":"ListItem","position":1,"name":"Finanse","item":"https:\/\/rankomat.pl\/finanse\/"},{"@type":"ListItem","position":2,"name":"Karty kredytowe \u2013 Ranking kart kredytowych 2026"}]}]}},"yasr_visitor_votes":{"stars_attributes":{"read_only":false,"span_bottom":false},"number_of_votes":880,"sum_votes":4189},"_links":{"self":[{"href":"https:\/\/rankomat.pl\/finanse\/wp-json\/wp\/v2\/pages\/3988","targetHints":{"allow":["GET"]}}],"collection":[{"href":"https:\/\/rankomat.pl\/finanse\/wp-json\/wp\/v2\/pages"}],"about":[{"href":"https:\/\/rankomat.pl\/finanse\/wp-json\/wp\/v2\/types\/page"}],"author":[{"embeddable":true,"href":"https:\/\/rankomat.pl\/finanse\/wp-json\/wp\/v2\/users\/17"}],"replies":[{"embeddable":true,"href":"https:\/\/rankomat.pl\/finanse\/wp-json\/wp\/v2\/comments?post=3988"}],"version-history":[{"count":0,"href":"https:\/\/rankomat.pl\/finanse\/wp-json\/wp\/v2\/pages\/3988\/revisions"}],"wp:attachment":[{"href":"https:\/\/rankomat.pl\/finanse\/wp-json\/wp\/v2\/media?parent=3988"}],"curies":[{"name":"wp","href":"https:\/\/api.w.org\/{rel}","templated":true}]}}