{"id":5540,"date":"2022-03-22T13:17:57","date_gmt":"2022-03-22T12:17:57","guid":{"rendered":"https:\/\/rankomat.pl\/finanse\/?page_id=5540"},"modified":"2026-03-18T09:37:15","modified_gmt":"2026-03-18T08:37:15","slug":"kredyty-gotowkowe","status":"publish","type":"page","link":"https:\/\/rankomat.pl\/finanse\/kredyty-gotowkowe\/","title":{"rendered":"Kredyty got\u00f3wkowe"},"content":{"rendered":"","protected":false},"excerpt":{"rendered":"","protected":false},"author":25,"featured_media":0,"parent":0,"menu_order":0,"comment_status":"open","ping_status":"closed","template":"new_fin_lp-gotowkowe-carbon.php","meta":{"_acf_changed":false,"yasr_overall_rating":0,"yasr_post_is_review":"","yasr_auto_insert_disabled":"","yasr_review_type":"Product","footnotes":""},"class_list":["post-5540","page","type-page","status-publish","hentry"],"acf":[],"yoast_head":"<!-- This site is optimized with the Yoast SEO plugin v27.1.1 - https:\/\/yoast.com\/product\/yoast-seo-wordpress\/ -->\n<title>Kredyt got\u00f3wkowy - Ranking kredyt\u00f3w got\u00f3wkowych 2026 | Finanse.rankomat.pl<\/title>\n<meta name=\"description\" content=\"Najlepsze kredyty got\u00f3wkowe w jednym miejscu! Sprawd\u017a ranking i wybierz ofert\u0119 dopasowan\u0105 do siebie. Szybka decyzja, minimum formalno\u015bci, pieni\u0105dze na dowolny cel.\" \/>\n<meta name=\"robots\" content=\"index, follow, max-snippet:-1, max-image-preview:large, max-video-preview:-1\" \/>\n<link rel=\"canonical\" href=\"https:\/\/rankomat.pl\/finanse\/kredyty-gotowkowe\/\" \/>\n<meta property=\"og:locale\" content=\"pl_PL\" \/>\n<meta property=\"og:type\" content=\"article\" \/>\n<meta property=\"og:title\" content=\"Kredyt got\u00f3wkowy - Ranking kredyt\u00f3w got\u00f3wkowych 2026 | Finanse.rankomat.pl\" \/>\n<meta property=\"og:description\" content=\"Najlepsze kredyty got\u00f3wkowe w jednym miejscu! Sprawd\u017a ranking i wybierz ofert\u0119 dopasowan\u0105 do siebie. Szybka decyzja, minimum formalno\u015bci, pieni\u0105dze na dowolny cel.\" \/>\n<meta property=\"og:url\" content=\"https:\/\/rankomat.pl\/finanse\/kredyty-gotowkowe\/\" \/>\n<meta property=\"og:site_name\" content=\"Por\u00f3wnywarka finansowa Rankomat\" \/>\n<meta property=\"article:publisher\" content=\"https:\/\/www.facebook.com\/rankomatpl\/\" \/>\n<meta property=\"article:modified_time\" content=\"2026-03-18T08:37:15+00:00\" \/>\n<meta property=\"og:image\" content=\"https:\/\/rankomat.pl\/finanse\/wp-content\/uploads\/2021\/03\/rankomat-star-og.png\" \/>\n\t<meta property=\"og:image:width\" content=\"480\" \/>\n\t<meta property=\"og:image:height\" content=\"320\" \/>\n\t<meta property=\"og:image:type\" content=\"image\/png\" \/>\n<meta name=\"twitter:card\" content=\"summary_large_image\" \/>\n<meta name=\"twitter:site\" content=\"@rankomat\" \/>\n<script type=\"application\/ld+json\" class=\"yoast-schema-graph\">{\"@context\":\"https:\/\/schema.org\",\"@graph\":[{\"@type\":\"BreadcrumbList\",\"@id\":\"https:\/\/rankomat.pl\/finanse\/kredyty-gotowkowe\/#breadcrumb\",\"itemListElement\":[{\"@type\":\"ListItem\",\"position\":1,\"name\":\"Finanse\",\"item\":\"https:\/\/rankomat.pl\/finanse\/\"},{\"@type\":\"ListItem\",\"position\":2,\"name\":\"Kredyty got\u00f3wkowe\"}]}]}<\/script>\n<!-- \/ Yoast SEO plugin. -->","yoast_head_json":{"title":"Kredyt got\u00f3wkowy - Ranking kredyt\u00f3w got\u00f3wkowych 2026 | Finanse.rankomat.pl","description":"Najlepsze kredyty got\u00f3wkowe w jednym miejscu! Sprawd\u017a ranking i wybierz ofert\u0119 dopasowan\u0105 do siebie. Szybka decyzja, minimum formalno\u015bci, pieni\u0105dze na dowolny cel.","robots":{"index":"index","follow":"follow","max-snippet":"max-snippet:-1","max-image-preview":"max-image-preview:large","max-video-preview":"max-video-preview:-1"},"canonical":"https:\/\/rankomat.pl\/finanse\/kredyty-gotowkowe\/","og_locale":"pl_PL","og_type":"article","og_title":"Kredyt got\u00f3wkowy - Ranking kredyt\u00f3w got\u00f3wkowych 2026 | Finanse.rankomat.pl","og_description":"Najlepsze kredyty got\u00f3wkowe w jednym miejscu! Sprawd\u017a ranking i wybierz ofert\u0119 dopasowan\u0105 do siebie. Szybka decyzja, minimum formalno\u015bci, pieni\u0105dze na dowolny cel.","og_url":"https:\/\/rankomat.pl\/finanse\/kredyty-gotowkowe\/","og_site_name":"Por\u00f3wnywarka finansowa Rankomat","article_publisher":"https:\/\/www.facebook.com\/rankomatpl\/","article_modified_time":"2026-03-18T08:37:15+00:00","og_image":[{"width":480,"height":320,"url":"https:\/\/rankomat.pl\/finanse\/wp-content\/uploads\/2021\/03\/rankomat-star-og.png","type":"image\/png"}],"twitter_card":"summary_large_image","twitter_site":"@rankomat","schema":{"@context":"https:\/\/schema.org","@graph":[{"@type":"BreadcrumbList","@id":"https:\/\/rankomat.pl\/finanse\/kredyty-gotowkowe\/#breadcrumb","itemListElement":[{"@type":"ListItem","position":1,"name":"Finanse","item":"https:\/\/rankomat.pl\/finanse\/"},{"@type":"ListItem","position":2,"name":"Kredyty got\u00f3wkowe"}]}]}},"yasr_visitor_votes":{"stars_attributes":{"read_only":false,"span_bottom":false},"number_of_votes":8368,"sum_votes":41500},"_links":{"self":[{"href":"https:\/\/rankomat.pl\/finanse\/wp-json\/wp\/v2\/pages\/5540","targetHints":{"allow":["GET"]}}],"collection":[{"href":"https:\/\/rankomat.pl\/finanse\/wp-json\/wp\/v2\/pages"}],"about":[{"href":"https:\/\/rankomat.pl\/finanse\/wp-json\/wp\/v2\/types\/page"}],"author":[{"embeddable":true,"href":"https:\/\/rankomat.pl\/finanse\/wp-json\/wp\/v2\/users\/25"}],"replies":[{"embeddable":true,"href":"https:\/\/rankomat.pl\/finanse\/wp-json\/wp\/v2\/comments?post=5540"}],"version-history":[{"count":0,"href":"https:\/\/rankomat.pl\/finanse\/wp-json\/wp\/v2\/pages\/5540\/revisions"}],"wp:attachment":[{"href":"https:\/\/rankomat.pl\/finanse\/wp-json\/wp\/v2\/media?parent=5540"}],"curies":[{"name":"wp","href":"https:\/\/api.w.org\/{rel}","templated":true}]}}