{"id":633,"date":"2017-02-17T13:14:51","date_gmt":"2017-02-17T12:14:51","guid":{"rendered":"https:\/\/rankomat.pl\/finanse\/?page_id=633"},"modified":"2025-07-10T11:54:03","modified_gmt":"2025-07-10T09:54:03","slug":"alior-bank","status":"publish","type":"page","link":"https:\/\/rankomat.pl\/finanse\/banki\/alior-bank\/","title":{"rendered":"Alior Bank"},"content":{"rendered":"<p><a class=\"button btn-success\" href=\"https:\/\/rankomat.pl\/finanse\/banki\/alior-bank\/lokaty\/\">Lokaty \u00bb<\/a> <a class=\"button btn-success\" href=\"https:\/\/rankomat.pl\/finanse\/poradniki\/zalozyc-konto-osobiste-30-bankow\/#alior\">Jak za\u0142o\u017cy\u0107 konto \u00bb<\/a> <a class=\"button btn-success\" href=\"https:\/\/rankomat.pl\/finanse\/poradniki\/zamknac-konto-osobiste-30-bankow\/#alior\">Jak zamkn\u0105\u0107 konto \u00bb<\/a> <a class=\"button btn-success\" href=\"https:\/\/rankomat.pl\/finanse\/kredyt-gotowkowy-alior-bank\/\">Kredyt got\u00f3wkowy \u00bb<\/a><\/p>\n<p><b><img loading=\"lazy\" decoding=\"async\" class=\"size-full wp-image-1207\" style=\"float: left\" src=\"https:\/\/rankomat.pl\/finanse\/wp-content\/uploads\/thumbs\/entry\/2017\/02\/alior-bank.png\" alt=\"alior bank logo\" width=\"170\" height=\"70\" data-interchange=\"[https:\/\/rankomat.pl\/finanse\/wp-content\/uploads\/thumbs\/entry\/mobile\/2017\/02\/alior-bank.png, small], [https:\/\/rankomat.pl\/finanse\/wp-content\/uploads\/thumbs\/entry\/2017\/02\/alior-bank.png, medium]\" aria-hidden=\"true\"><\/b><\/p>\n<p style=\"text-align: justify\">Alior Bank jest <strong>stosunkowo m\u0142odym graczem<\/strong> na rynku us\u0142ug bankowych. Oficjalnie bank rozpocz\u0105\u0142 dzia\u0142alno\u015b\u0107 w 2008 roku, jako instytucja \u0142\u0105cz\u0105ca zasady tradycyjnej bankowo\u015bci z zaletami\u00a0<strong>innowacyjnych rozwi\u0105za\u0144<\/strong>. Podej\u015bcie to pozwoli\u0142o w szybkim tempie zaistnie\u0107 w \u015bwiadomo\u015bci polskich klient\u00f3w i b\u0142yskawicznie wzmocni\u0107 <strong>rynkow\u0105 pozycj\u0119<\/strong> banku. O znaczeniu instytucji niech \u015bwiadczy fakt, \u017ce akcje Alior Banku notowane s\u0105 na Gie\u0142dzie Papier\u00f3w Warto\u015bciowych w ramach indeksu WIG20, skupiaj\u0105cego <strong>najwi\u0119ksze sp\u00f3\u0142ki warszawskiej gie\u0142dy.<\/strong><\/p>\n<h2><b>Oferta dla klient\u00f3w indywidualnych<\/b><\/h2>\n<p style=\"text-align: justify\"><span style=\"font-weight: 400\">Alior Bank<strong> jest bankiem uniwersalnym<\/strong>, kieruj\u0105cym swoj\u0105 ofert\u0119 do klient\u00f3w indywidualnych, os\u00f3b fizycznych prowadz\u0105cych dzia\u0142alno\u015b\u0107 gospodarcz\u0105 oraz do sektora du\u017cych przedsi\u0119biorstw. Pierwsza grupa klient\u00f3w skorzysta\u0107 mo\u017ce z <strong>szerokiej gamy kont osobistych<\/strong>, standardowych lokat terminowych, kont oszcz\u0119dno\u015bciowych oraz funduszy inwestycyjnych. Klienci zainteresowani <strong>pozyskaniem finansowania<\/strong>, wybiera\u0107 mog\u0105 spo\u015br\u00f3d kredyt\u00f3w i po\u017cyczek got\u00f3wkowych, kredyt\u00f3w konsolidacyjnych i kredyt\u00f3w hipotecznych. Alior Bank to tak\u017ce <strong>nowoczesny kantor walutowy online.<\/strong><\/span><\/p>\n<h2 style=\"text-align: justify\"><b>Alior Bank &#8211; godziny ksi\u0119gowania przelew\u00f3w<\/b><\/h2>\n<p style=\"text-align: justify\"><span style=\"font-weight: 400\">Klienci banku <strong>korzystaj\u0105cy z bankowo\u015bci elektronicznej<\/strong>, mog\u0105 bez problemu przesy\u0142a\u0107 \u015brodki finansowe za pomoc\u0105 krajowych <strong>przelew\u00f3w Elixir<\/strong>. Nic nie stoi tak\u017ce na przeszkodzie, aby realizowa\u0107 natychmiastowe przelewy Express Elixir i Blue Cash. W przypadku <strong>wysokokwotowej operacji<\/strong>, skorzysta\u0107 mo\u017cna z przelewu SORBNET. <strong>Wychodz\u0105ce i przychodz\u0105ce<\/strong> sesje Elixir w Alior Banku, odbywaj\u0105 si\u0119 w poni\u017cszych przedzia\u0142ach czasowych:<\/span><\/p>\n<table class=\"table table-bordered\">\n<tbody>\n<tr>\n<td><strong>Rodzaj sesji<\/strong><\/td>\n<td class=\"text-center\" colspan=\"3\"><strong>Godziny sesji<\/strong><\/td>\n<\/tr>\n<tr>\n<td>Sesje wychodz\u0105ce<\/td>\n<td class=\"text-center\">08:20<\/td>\n<td class=\"text-center\">12:20<\/td>\n<td class=\"text-center\">15:20<\/td>\n<\/tr>\n<tr>\n<td>Sesje przychodz\u0105ce<\/td>\n<td class=\"text-center\">10:30<\/td>\n<td class=\"text-center\">14:30<\/td>\n<td class=\"text-center\">16:45<\/td>\n<\/tr>\n<\/tbody>\n<\/table>\n<h2><strong>Przelewy zagraniczne &#8211; IBAN, SWIFT<\/strong><\/h2>\n<p style=\"text-align: justify\"><span style=\"font-weight: 400\">Wykonuj\u0105c przelewy zagraniczne wymagane jest <strong>pos\u0142ugiwanie si\u0119 kodem SWIFT<\/strong>, kt\u00f3ry cz\u0119sto, szczeg\u00f3lnie poza granicami kraju, okre\u015blany jest mianem kodu BIC.\u00a0<\/span><\/p>\n<ul>\n<li style=\"text-align: justify\"><span style=\"font-weight: 400\">Kod BIC\/SWIFT Alior Banku: <\/span><strong>ALBPPLPWXXX<\/strong><\/li>\n<li>Format IBAN: PL + numer rachunku (26 cyfr)<\/li>\n<\/ul>\n<h2><b>Dla poszukuj\u0105cych konta osobistego<\/b><\/h2>\n<p style=\"text-align: justify\"><span style=\"font-weight: 400\">Alior Bank oferuje swoim klientom szerok\u0105 gam\u0119 <strong>rachunk\u00f3w oszcz\u0119dno\u015bciowo-rozliczeniowych<\/strong>. Najbardziej popularnym rozwi\u0105zaniem jest Konto Wy\u017cszej Jako\u015bci, kt\u00f3re po spe\u0142nieniu okre\u015blonego warunku mo\u017ce by\u0107 <strong>ca\u0142kowicie darmowe<\/strong>. Inne dost\u0119pne opcje to ZEROz\u0142otowe Konto Internetowe, daj\u0105ce dost\u0119p do <strong>p\u0142atno\u015bci Android Pay i BLIK<\/strong>. Konto Rozs\u0105dne kusz\u0105ce 1,5% zwrotem za zakupy spo\u017cywcze oraz Konto Alior Rachunki Bez Op\u0142at pozwalaj\u0105ce na <strong>bezp\u0142atne op\u0142acanie rachunk\u00f3w.<\/strong> Alior Bank nie zapomnia\u0142 tak\u017ce o najm\u0142odszych klientach, kieruj\u0105c do nich konto i aplikacj\u0119 &#8211; <strong>HAIZ<\/strong>.<\/span><\/p>\n<p style=\"text-align: center\"><a class=\"btn btn-success\" href=\"https:\/\/rankomat.pl\/finanse\/konta\/konta-bankowe\/\">Zobacz ranking kont osobistych<\/a><\/p>\n<h2><b>Dla p\u0142ac\u0105cych kart\u0105<\/b><\/h2>\n<p style=\"text-align: justify\"><span style=\"font-weight: 400\">Opr\u00f3cz kart kredytowych w Alior Banku znale\u017a\u0107 mo\u017cna<strong> kilka kart debetowych<\/strong>, podpinanych bezpo\u015brednio do <strong>konta osobistego<\/strong>. Klient skorzysta\u0107 mo\u017ce ze standardowej karty debetowej MasterCard, karty z opcj\u0105 p\u0142atno\u015bci zbli\u017ceniowej MasterCard PayPass oraz <strong>z naklejki zbli\u017ceniowej<\/strong>, u\u0142atwiaj\u0105cej dokonywanie drobnych, codziennych zakup\u00f3w.<\/span><\/p>\n<h2><b>Dla pomna\u017caj\u0105cych oszcz\u0119dno\u015bci<\/b><\/h2>\n<p style=\"text-align: justify\"><span style=\"font-weight: 400\">Entuzja\u015bci pomna\u017cania oszcz\u0119dno\u015bci, w zale\u017cno\u015bci od <strong>poziomu akceptowanego ryzyka<\/strong>, skorzysta\u0107 mog\u0105 zar\u00f3wno z tradycyjnych <strong>lokat terminowych<\/strong> i kont oszcz\u0119dno\u015bciowych, jak i z oferty funduszy inwestycyjnych, czy <strong>produkt\u00f3w strukturyzowanych<\/strong> oferuj\u0105cych np. akcje sp\u00f3\u0142ek produkuj\u0105cych gry komputerowe. Klienci Alior Banku inwestowa\u0107 mog\u0105 r\u00f3wnie\u017c w <strong>obligacje komercyjne<\/strong> oraz dokonywa\u0107 bezpo\u015brednich zakup\u00f3w akcji wykorzystuj\u0105c w tym celu rachunek brokerski. Standardowe lokaty terminowe prezentuj\u0105 si\u0119 nast\u0119puj\u0105co:<\/span><\/p>\n<p style=\"text-align: justify\"><\/p>\n<p style=\"text-align: center\"><a class=\"btn btn-success\" href=\"https:\/\/rankomat.pl\/finanse\/banki\/alior-bank\/lokaty\/\">Sprawd\u017a lokaty Alior Bank<\/a><\/p>\n<h2><b>Dla oczekuj\u0105cych finansowania<\/b><\/h2>\n<p style=\"text-align: justify\"><span style=\"font-weight: 400\">Osoby poszukuj\u0105ce <strong>dodatkowych \u015brodk\u00f3w finansowych<\/strong> w formie kredytu, nie b\u0119d\u0105 rozczarowane. Szybk\u0105 i prost\u0105 metod\u0105 na sfinansowanie dowolnego celu, jest <strong>po\u017cyczka lub kredyt got\u00f3wkowy<\/strong>. Doskonale sprawdzi si\u0119 r\u00f3wnie\u017c limit odnawialny w rachunku albo jedna z dw\u00f3ch kart kredytowych &#8211; <strong>MasterCard Gold lub World Elite Mastercard<\/strong>. Dzi\u0119ki kredytowi konsolidacyjnemu, wi\u0119ksz\u0105 ilo\u015b\u0107 ci\u0105\u017c\u0105cych na kredytobiorcy zobowi\u0105za\u0144, zamieni\u0107 mo\u017cna <strong>w d\u0142ug z jedn\u0105 rat\u0105<\/strong>. Wi\u0119ksze przedsi\u0119wzi\u0119cie, jak zakup mieszkania b\u0105d\u017a domu sfinansujemy przy pomocy kredytu <strong>kredytu hipotecznego.<\/strong><\/span><\/p>\n<p style=\"text-align: center\"><a class=\"btn btn-success\" href=\"https:\/\/rankomat.pl\/finanse\/kredyty-gotowkowe\/\">Sprawd\u017a oferty kredyt\u00f3w<\/a><\/p>\n<h2 style=\"text-align: justify\"><b>Alior Bank &#8211; kontakt<\/b><\/h2>\n<p style=\"text-align: justify\"><span style=\"font-weight: 400\">Adres centrali: ul. \u0141opusza\u0144ska 38D, 02-232 Warszawa<\/span><\/p>\n<p><span style=\"font-weight: 400\">Infolinia: 19 502 lub 12 370 70 00 lub +48 799 608 502<\/span><\/p>\n<p><span style=\"font-weight: 400\">Email: kontakt@alior.pl<\/span><\/p>\n<p><span style=\"font-weight: 400\">Adres strony kontaktowej: <\/span><span style=\"font-weight: 400\">https:\/\/www.aliorbank.pl\/centrum-kontaktu<\/span><\/p>\n","protected":false},"excerpt":{"rendered":"<p>Lokaty \u00bb Jak za\u0142o\u017cy\u0107 konto \u00bb Jak zamkn\u0105\u0107 konto \u00bb Kredyt got\u00f3wkowy \u00bb Alior Bank jest stosunkowo m\u0142odym graczem na [&hellip;]<\/p>\n","protected":false},"author":32,"featured_media":0,"parent":11004,"menu_order":0,"comment_status":"closed","ping_status":"closed","template":"page_bank_new.php","meta":{"_acf_changed":false,"yasr_overall_rating":0,"yasr_post_is_review":"","yasr_auto_insert_disabled":"","yasr_review_type":"","footnotes":""},"class_list":["post-633","page","type-page","status-publish","hentry"],"acf":[],"yoast_head":"<!-- This site is optimized with the Yoast SEO plugin v27.1.1 - https:\/\/yoast.com\/product\/yoast-seo-wordpress\/ -->\n<title>Alior Bank - Informacje, Produkty, Kontakt, Infolinia<\/title>\n<meta name=\"robots\" content=\"index, follow, max-snippet:-1, max-image-preview:large, max-video-preview:-1\" \/>\n<link rel=\"canonical\" href=\"https:\/\/rankomat.pl\/finanse\/banki\/alior-bank\/\" \/>\n<meta property=\"og:locale\" content=\"pl_PL\" \/>\n<meta property=\"og:type\" content=\"article\" \/>\n<meta property=\"og:title\" content=\"Alior Bank - Informacje, Produkty, Kontakt, Infolinia\" \/>\n<meta property=\"og:description\" content=\"Lokaty \u00bb Jak za\u0142o\u017cy\u0107 konto \u00bb Jak zamkn\u0105\u0107 konto \u00bb Kredyt got\u00f3wkowy \u00bb Alior Bank jest stosunkowo m\u0142odym graczem na [&hellip;]\" \/>\n<meta property=\"og:url\" content=\"https:\/\/rankomat.pl\/finanse\/banki\/alior-bank\/\" \/>\n<meta property=\"og:site_name\" content=\"Por\u00f3wnywarka finansowa Rankomat\" \/>\n<meta property=\"article:publisher\" content=\"https:\/\/www.facebook.com\/rankomatpl\/\" \/>\n<meta property=\"article:modified_time\" content=\"2025-07-10T09:54:03+00:00\" \/>\n<meta property=\"og:image\" content=\"https:\/\/rankomat.pl\/finanse\/wp-content\/uploads\/2017\/02\/alior-bank.png\" \/>\n\t<meta property=\"og:image:width\" content=\"170\" \/>\n\t<meta property=\"og:image:height\" content=\"70\" \/>\n\t<meta property=\"og:image:type\" content=\"image\/png\" \/>\n<meta name=\"twitter:card\" content=\"summary_large_image\" \/>\n<meta name=\"twitter:site\" content=\"@rankomat\" \/>\n<meta name=\"twitter:label1\" content=\"Szacowany czas czytania\" \/>\n\t<meta name=\"twitter:data1\" content=\"4 minuty\" \/>\n<script type=\"application\/ld+json\" class=\"yoast-schema-graph\">{\"@context\":\"https:\/\/schema.org\",\"@graph\":[{\"@type\":\"ImageObject\",\"inLanguage\":\"pl-PL\",\"@id\":\"https:\/\/rankomat.pl\/finanse\/banki\/alior-bank\/#primaryimage\",\"url\":\"https:\/\/rankomat.pl\/finanse\/wp-content\/uploads\/2017\/02\/alior-bank.png\",\"contentUrl\":\"https:\/\/rankomat.pl\/finanse\/wp-content\/uploads\/2017\/02\/alior-bank.png\",\"width\":170,\"height\":70,\"caption\":\"alior bank logo\"},{\"@type\":\"BreadcrumbList\",\"@id\":\"https:\/\/rankomat.pl\/finanse\/banki\/alior-bank\/#breadcrumb\",\"itemListElement\":[{\"@type\":\"ListItem\",\"position\":1,\"name\":\"Finanse\",\"item\":\"https:\/\/rankomat.pl\/finanse\/\"},{\"@type\":\"ListItem\",\"position\":2,\"name\":\"Banki\",\"item\":\"https:\/\/rankomat.pl\/finanse\/banki\/\"},{\"@type\":\"ListItem\",\"position\":3,\"name\":\"Alior Bank\"}]}]}<\/script>\n<!-- \/ Yoast SEO plugin. -->","yoast_head_json":{"title":"Alior Bank - Informacje, Produkty, Kontakt, Infolinia","robots":{"index":"index","follow":"follow","max-snippet":"max-snippet:-1","max-image-preview":"max-image-preview:large","max-video-preview":"max-video-preview:-1"},"canonical":"https:\/\/rankomat.pl\/finanse\/banki\/alior-bank\/","og_locale":"pl_PL","og_type":"article","og_title":"Alior Bank - Informacje, Produkty, Kontakt, Infolinia","og_description":"Lokaty \u00bb Jak za\u0142o\u017cy\u0107 konto \u00bb Jak zamkn\u0105\u0107 konto \u00bb Kredyt got\u00f3wkowy \u00bb Alior Bank jest stosunkowo m\u0142odym graczem na [&hellip;]","og_url":"https:\/\/rankomat.pl\/finanse\/banki\/alior-bank\/","og_site_name":"Por\u00f3wnywarka finansowa Rankomat","article_publisher":"https:\/\/www.facebook.com\/rankomatpl\/","article_modified_time":"2025-07-10T09:54:03+00:00","og_image":[{"width":170,"height":70,"url":"https:\/\/rankomat.pl\/finanse\/wp-content\/uploads\/2017\/02\/alior-bank.png","type":"image\/png"}],"twitter_card":"summary_large_image","twitter_site":"@rankomat","twitter_misc":{"Szacowany czas czytania":"4 minuty"},"schema":{"@context":"https:\/\/schema.org","@graph":[{"@type":"ImageObject","inLanguage":"pl-PL","@id":"https:\/\/rankomat.pl\/finanse\/banki\/alior-bank\/#primaryimage","url":"https:\/\/rankomat.pl\/finanse\/wp-content\/uploads\/2017\/02\/alior-bank.png","contentUrl":"https:\/\/rankomat.pl\/finanse\/wp-content\/uploads\/2017\/02\/alior-bank.png","width":170,"height":70,"caption":"alior bank logo"},{"@type":"BreadcrumbList","@id":"https:\/\/rankomat.pl\/finanse\/banki\/alior-bank\/#breadcrumb","itemListElement":[{"@type":"ListItem","position":1,"name":"Finanse","item":"https:\/\/rankomat.pl\/finanse\/"},{"@type":"ListItem","position":2,"name":"Banki","item":"https:\/\/rankomat.pl\/finanse\/banki\/"},{"@type":"ListItem","position":3,"name":"Alior Bank"}]}]}},"yasr_visitor_votes":{"stars_attributes":{"read_only":false,"span_bottom":false},"number_of_votes":725,"sum_votes":3471},"_links":{"self":[{"href":"https:\/\/rankomat.pl\/finanse\/wp-json\/wp\/v2\/pages\/633","targetHints":{"allow":["GET"]}}],"collection":[{"href":"https:\/\/rankomat.pl\/finanse\/wp-json\/wp\/v2\/pages"}],"about":[{"href":"https:\/\/rankomat.pl\/finanse\/wp-json\/wp\/v2\/types\/page"}],"author":[{"embeddable":true,"href":"https:\/\/rankomat.pl\/finanse\/wp-json\/wp\/v2\/users\/32"}],"replies":[{"embeddable":true,"href":"https:\/\/rankomat.pl\/finanse\/wp-json\/wp\/v2\/comments?post=633"}],"version-history":[{"count":0,"href":"https:\/\/rankomat.pl\/finanse\/wp-json\/wp\/v2\/pages\/633\/revisions"}],"up":[{"embeddable":true,"href":"https:\/\/rankomat.pl\/finanse\/wp-json\/wp\/v2\/pages\/11004"}],"wp:attachment":[{"href":"https:\/\/rankomat.pl\/finanse\/wp-json\/wp\/v2\/media?parent=633"}],"curies":[{"name":"wp","href":"https:\/\/api.w.org\/{rel}","templated":true}]}}