{"id":715,"date":"2017-02-23T08:51:00","date_gmt":"2017-02-23T07:51:00","guid":{"rendered":"http:\/\/finanse.rankomat.pl\/raiffeisen-polbank\/"},"modified":"2025-07-10T11:54:04","modified_gmt":"2025-07-10T09:54:04","slug":"raiffeisen-digital-bank","status":"publish","type":"page","link":"https:\/\/rankomat.pl\/finanse\/banki\/raiffeisen-digital-bank\/","title":{"rendered":"Raiffeisen Digital Bank"},"content":{"rendered":"<p><a class=\"button btn-success\" href=\"https:\/\/rankomat.pl\/finanse\/raiffeisen-polbank\/lokaty\/\">Lokaty \u00bb<\/a> <a class=\"button btn-success\" href=\"https:\/\/rankomat.pl\/finanse\/poradniki\/zalozyc-konto-osobiste-30-bankow\/#raiff\">Jak za\u0142o\u017cy\u0107 konto \u00bb<\/a> <a class=\"button btn-success\" href=\"https:\/\/rankomat.pl\/finanse\/poradniki\/zamknac-konto-osobiste-30-bankow\/#raiff\">Jak zamkn\u0105\u0107 konto \u00bb<\/a><br \/>\n<b><img loading=\"lazy\" decoding=\"async\" class=\"alignnone wp-image-7879\" style=\"float: left\" src=\"https:\/\/rankomat.pl\/finanse\/wp-content\/uploads\/thumbs\/entry\/2023\/10\/raiffeisen_podstronaotowarzystwieubezpieczeniowym.webp\" alt=\"\" width=\"160\" height=\"102\" data-interchange=\"[https:\/\/rankomat.pl\/finanse\/wp-content\/uploads\/thumbs\/entry\/mobile\/2023\/10\/raiffeisen_podstronaotowarzystwieubezpieczeniowym.webp, small], [https:\/\/rankomat.pl\/finanse\/wp-content\/uploads\/thumbs\/entry\/2023\/10\/raiffeisen_podstronaotowarzystwieubezpieczeniowym.webp, medium]\" aria-hidden=\"true\"><\/b><\/p>\n<p style=\"text-align: justify\">Bank Raiffeisen istnieje na polskim rynku od 1991 roku. Pocz\u0105tkowo oferta tej instytucji skierowana by\u0142a wy\u0142\u0105cznie do klient\u00f3w korporacyjnych. <strong>W 2012 roku nast\u0105pi\u0142a fuzja prawna Raiffeisen Bank Polska z Polbank EFG, czego efektem by\u0142o wprowadzenie na rynek finansowy nowej marki: Raiffeisen Polbank<\/strong>. Obecnie bank \u015bwiadczy us\u0142ugi zar\u00f3wno dla firm, jak i klient\u00f3w indywidualnych. Z jego ofert korzyst ponad 700 000 klient\u00f3w w przesz\u0142o 300 plac\u00f3wkach w ca\u0142ej Polsce, centrum obs\u0142ugi telefonicznej oraz systemie bankowo\u015bci elektronicznej.<\/p>\n<h2><b>Oferta dla klient\u00f3w indywidualnych<\/b><\/h2>\n<p style=\"text-align: justify\"><span style=\"font-weight: 400\">Oferta Raiffeisen Polbank dla klient\u00f3w indywidualnych zawiera pe\u0142n\u0105 gam\u0119 produkt\u00f3w finansowych. Z \u0142atwo\u015bci\u0105 mo\u017cna wi\u0119c otworzy\u0107 tutaj <strong>konto osobiste<\/strong>, zar\u00f3wno w polskiej, jak i w obcej walucie. Bank posiada tak\u017ce rozbudowan\u0105 ofert\u0119 produkt\u00f3w oszcz\u0119dno\u015bciowych. W zale\u017cno\u015bci od oczekiwanego zysku, klient mo\u017ce skorzysta\u0107 z <strong>kont oszcz\u0119dno\u015bciowych, lokat b\u0105d\u017a funduszy inwestycyjnych<\/strong>. W Raiffeisen Polbank znajdziemy tak\u017ce <strong>kredyt na wybrany cel lub te\u017c przyst\u0105pimy do atrakcyjnego ubezpieczenia<\/strong>.<br \/>\n<\/span><\/p>\n<h2 style=\"text-align: justify\"><b>Godziny ksi\u0119gowania przelew\u00f3w<\/b><\/h2>\n<p style=\"text-align: justify\"><span style=\"font-weight: 400\">Posiadaj\u0105c rachunek w Raiffeisen Polbank dokonamy przelew\u00f3w typu ELIXIR czy SORBNET. W przypadku transakcji pierwszego rodzaju, musimy liczy\u0107 si\u0119 z nast\u0119puj\u0105cym harmonogramem sesji:<\/span><\/p>\n<table class=\"table table-bordered\">\n<tbody>\n<tr>\n<td><strong>Rodzaj sesji<\/strong><\/td>\n<td class=\"text-center\" colspan=\"3\"><strong>Godziny sesji<\/strong><\/td>\n<\/tr>\n<tr>\n<td>Sesje wychodz\u0105ce<\/td>\n<td class=\"text-center\">08:00<\/td>\n<td class=\"text-center\">12:15<\/td>\n<td class=\"text-center\">15:00<\/td>\n<\/tr>\n<tr>\n<td>Sesje przychodz\u0105ce<\/td>\n<td class=\"text-center\">10:30 &#8211; 11:30<\/td>\n<td class=\"text-center\">14:30 &#8211; 15.15<\/td>\n<td class=\"text-center\">17:30 &#8211; 18:00<\/td>\n<\/tr>\n<\/tbody>\n<\/table>\n<p style=\"text-align: justify\"><span style=\"font-weight: 400\"><br \/>\nJe\u017celi realizujemy przelewy mi\u0119dzynarodowe, konieczne b\u0119dzie podanie kodu SWIFT (zwanego tak\u017ce kodem BIC).<br \/>\n<\/span><span style=\"font-weight: 400\">Kod SWIFT (BIC) Raiffeisen Polbank: <\/span><strong> RCBWPLPW<\/strong><\/p>\n<h2><b>Dla poszukuj\u0105cych konta osobistego<\/b><\/h2>\n<p style=\"text-align: justify\"><span style=\"font-weight: 400\">Najbardziej znanym rachunkiem osobistym Raiffeisen Polbanku jest Wymarzone Konto Osobiste. Ale to oczywi\u015bcie nie jedyny tego typu produkt w ofercie banku. Klienci maj\u0105 do wyboru tak\u017ce takie konta jak konto <strong>Konto Osobiste Aktywne<\/strong> lub <strong>konto walutowe<\/strong> prowadzone w euro, dolarach, frankach b\u0105d\u017a funtach. <\/span><\/p>\n<p style=\"text-align: center\"><a class=\"btn btn-success\" href=\"https:\/\/rankomat.pl\/finanse\/konta\/konta-bankowe\/\">Zobacz ranking kont osobistych<\/a><\/p>\n<h2><b>Dla p\u0142ac\u0105cych kart\u0105<\/b><\/h2>\n<p style=\"text-align: justify\"><span style=\"font-weight: 400\">Oferta kart p\u0142atniczych oferowanych do konta w Raiffeisen Polbank jest bardzo rozbudowana. Otwieraj\u0105c rachunek osobisty w tym banku mo\u017cemy wi\u0119c zdecydowa\u0107 si\u0119 na \u015brodek p\u0142atniczy w postaci karty taki jak np. <strong>MasterCard Debit<\/strong> czy <strong>Wymarzona Visa<\/strong>.<\/span><\/p>\n<p>Propozycja kart kredytowych od Raiffeisen Polbanku r\u00f3wnie\u017c daje nam wiele mo\u017cliwo\u015bci do wyboru. Swoje potrzeby finansowe zrealizujemy np. <strong>za pomoc\u0105 karty kredytowej MasterCard lub Visa<\/strong>. Dodatkowo, bank mo\u017ce zaproponowa\u0107 nam takie karty jak <strong>World MasterCard Class&amp;Club (zapewniaj\u0105cej zni\u017cki u partner\u00f3w programu)<\/strong> lub kart\u0119 kredytow\u0105 <strong>Wizzair (daj\u0105cej mo\u017cliwo\u015b\u0107 obni\u017cenia koszt\u00f3w bilet\u00f3w lotniczych).<\/strong><\/p>\n<h2><b>Dla pomna\u017caj\u0105cych oszcz\u0119dno\u015bci<\/b><\/h2>\n<p style=\"text-align: justify\"><span style=\"font-weight: 400\"><br \/>\nOsoby zainteresowane pomna\u017caniem oszcz\u0119dno\u015bci z pomoc\u0105 Raiffeisen Polbank mog\u0105 to zrobi\u0107 na kilka sposob\u00f3w. <strong>Do podstawowych form nale\u017c\u0105 oczywi\u015bcie konta oszcz\u0119dno\u015bciowe oraz lokaty ze zr\u00f3\u017cnicowanym oprocentowaniem<\/strong>. Dodatkowo, klient banku ma tak\u017ce mo\u017cliwo\u015b\u0107 skorzystania z funduszy oszcz\u0119dno\u015bciowych oraz inwestycyjnych.<br \/>\n<\/span><\/p>\n<h2><b>Dla oczekuj\u0105cych finansowania<\/b><\/h2>\n<p style=\"text-align: justify\"><span style=\"font-weight: 400\">Dla swoich klient\u00f3w Raiffeisen Polbank przygotowa\u0142 szerok\u0105 ofert\u0119 kredyt\u00f3w. Podstawowymi produktami s\u0105 <strong>kredyty got\u00f3wkowe<\/strong>, w tym limit na koncie osobistym. Ponadto, bank oferuje kredyty hipoteczne:<strong> mieszkaniowy, konsolidacyjny <\/strong>oraz<strong> kredyt na dowolny cel konsumpcyjny<\/strong>. Dla os\u00f3b, kt\u00f3re po raz pierwszy korzystaj\u0105 ze wsparcia finansowego banku, przygotowano specjaln\u0105 ofert\u0119 po\u017cyczki.<\/span><\/p>\n<p style=\"text-align: center\"><a class=\"btn btn-success\" href=\"https:\/\/rankomat.pl\/finanse\/kredyty-gotowkowe\/\">Sprawd\u017a oferty kredyt\u00f3w<\/a><\/p>\n<h2 style=\"text-align: justify\"><b>Raiffeisen Polbank &#8211; kontakt<\/b><\/h2>\n<p style=\"text-align: justify\"><span style=\"font-weight: 400\">Adres centrali: ul. Grzybowska 78, 00-844 Warszawa<\/span><\/p>\n<p><span style=\"font-weight: 400\">Infolinia: 801 180 801, 22 549 99 99, 519 299 999<br \/>\n<\/span><\/p>\n<p><span style=\"font-weight: 400\">Adres strony kontaktowej: <\/span><span style=\"font-weight: 400\">http:\/\/raiffeisenpolbank.com\/obsluga-klienta\/klienci-indywidualni<br \/>\n<\/span><\/p>\n","protected":false},"excerpt":{"rendered":"<p>Lokaty \u00bb Jak za\u0142o\u017cy\u0107 konto \u00bb Jak zamkn\u0105\u0107 konto \u00bb Bank Raiffeisen istnieje na polskim rynku od 1991 roku. Pocz\u0105tkowo [&hellip;]<\/p>\n","protected":false},"author":66,"featured_media":0,"parent":11004,"menu_order":0,"comment_status":"open","ping_status":"closed","template":"page_bank_new.php","meta":{"_acf_changed":false,"yasr_overall_rating":0,"yasr_post_is_review":"","yasr_auto_insert_disabled":"","yasr_review_type":"","footnotes":""},"class_list":["post-715","page","type-page","status-publish","hentry"],"acf":[],"yoast_head":"<!-- This site is optimized with the Yoast SEO plugin v27.1.1 - https:\/\/yoast.com\/product\/yoast-seo-wordpress\/ -->\n<title>Raiffeisen Digital Bank - sprawd\u017a oferty bankowe | Por\u00f3wnywarka finansowa Rankomat<\/title>\n<meta name=\"robots\" content=\"index, follow, max-snippet:-1, max-image-preview:large, max-video-preview:-1\" \/>\n<link rel=\"canonical\" href=\"https:\/\/rankomat.pl\/finanse\/banki\/raiffeisen-digital-bank\/\" \/>\n<meta property=\"og:locale\" content=\"pl_PL\" \/>\n<meta property=\"og:type\" content=\"article\" \/>\n<meta property=\"og:title\" content=\"Raiffeisen Digital Bank - sprawd\u017a {{count_bank_49}} | Por\u00f3wnywarka finansowa Rankomat\" \/>\n<meta property=\"og:description\" content=\"Lokaty \u00bb Jak za\u0142o\u017cy\u0107 konto \u00bb Jak zamkn\u0105\u0107 konto \u00bb Bank Raiffeisen istnieje na polskim rynku od 1991 roku. Pocz\u0105tkowo [&hellip;]\" \/>\n<meta property=\"og:url\" content=\"https:\/\/rankomat.pl\/finanse\/banki\/raiffeisen-digital-bank\/\" \/>\n<meta property=\"og:site_name\" content=\"Por\u00f3wnywarka finansowa Rankomat\" \/>\n<meta property=\"article:publisher\" content=\"https:\/\/www.facebook.com\/rankomatpl\/\" \/>\n<meta property=\"article:modified_time\" content=\"2025-07-10T09:54:04+00:00\" \/>\n<meta property=\"og:image\" content=\"https:\/\/rankomat.pl\/finanse\/wp-content\/uploads\/2023\/10\/raiffeisen_podstronaotowarzystwieubezpieczeniowym.webp\" \/>\n\t<meta property=\"og:image:width\" content=\"250\" \/>\n\t<meta property=\"og:image:height\" content=\"160\" \/>\n\t<meta property=\"og:image:type\" content=\"image\/webp\" \/>\n<meta name=\"twitter:card\" content=\"summary_large_image\" \/>\n<meta name=\"twitter:site\" content=\"@rankomat\" \/>\n<meta name=\"twitter:label1\" content=\"Szacowany czas czytania\" \/>\n\t<meta name=\"twitter:data1\" content=\"4 minuty\" \/>\n<script type=\"application\/ld+json\" class=\"yoast-schema-graph\">{\"@context\":\"https:\/\/schema.org\",\"@graph\":[{\"@type\":\"ImageObject\",\"inLanguage\":\"pl-PL\",\"@id\":\"https:\/\/rankomat.pl\/finanse\/banki\/raiffeisen-digital-bank\/#primaryimage\",\"url\":\"https:\/\/rankomat.pl\/finanse\/wp-content\/uploads\/2023\/10\/raiffeisen_podstronaotowarzystwieubezpieczeniowym.webp\",\"contentUrl\":\"https:\/\/rankomat.pl\/finanse\/wp-content\/uploads\/2023\/10\/raiffeisen_podstronaotowarzystwieubezpieczeniowym.webp\",\"width\":250,\"height\":160},{\"@type\":\"BreadcrumbList\",\"@id\":\"https:\/\/rankomat.pl\/finanse\/banki\/raiffeisen-digital-bank\/#breadcrumb\",\"itemListElement\":[{\"@type\":\"ListItem\",\"position\":1,\"name\":\"Finanse\",\"item\":\"https:\/\/rankomat.pl\/finanse\/\"},{\"@type\":\"ListItem\",\"position\":2,\"name\":\"Banki\",\"item\":\"https:\/\/rankomat.pl\/finanse\/banki\/\"},{\"@type\":\"ListItem\",\"position\":3,\"name\":\"Raiffeisen Digital Bank\"}]}]}<\/script>\n<!-- \/ Yoast SEO plugin. -->","yoast_head_json":{"title":"Raiffeisen Digital Bank - sprawd\u017a oferty bankowe | Por\u00f3wnywarka finansowa Rankomat","robots":{"index":"index","follow":"follow","max-snippet":"max-snippet:-1","max-image-preview":"max-image-preview:large","max-video-preview":"max-video-preview:-1"},"canonical":"https:\/\/rankomat.pl\/finanse\/banki\/raiffeisen-digital-bank\/","og_locale":"pl_PL","og_type":"article","og_title":"Raiffeisen Digital Bank - sprawd\u017a {{count_bank_49}} | Por\u00f3wnywarka finansowa Rankomat","og_description":"Lokaty \u00bb Jak za\u0142o\u017cy\u0107 konto \u00bb Jak zamkn\u0105\u0107 konto \u00bb Bank Raiffeisen istnieje na polskim rynku od 1991 roku. Pocz\u0105tkowo [&hellip;]","og_url":"https:\/\/rankomat.pl\/finanse\/banki\/raiffeisen-digital-bank\/","og_site_name":"Por\u00f3wnywarka finansowa Rankomat","article_publisher":"https:\/\/www.facebook.com\/rankomatpl\/","article_modified_time":"2025-07-10T09:54:04+00:00","og_image":[{"width":250,"height":160,"url":"https:\/\/rankomat.pl\/finanse\/wp-content\/uploads\/2023\/10\/raiffeisen_podstronaotowarzystwieubezpieczeniowym.webp","type":"image\/webp"}],"twitter_card":"summary_large_image","twitter_site":"@rankomat","twitter_misc":{"Szacowany czas czytania":"4 minuty"},"schema":{"@context":"https:\/\/schema.org","@graph":[{"@type":"ImageObject","inLanguage":"pl-PL","@id":"https:\/\/rankomat.pl\/finanse\/banki\/raiffeisen-digital-bank\/#primaryimage","url":"https:\/\/rankomat.pl\/finanse\/wp-content\/uploads\/2023\/10\/raiffeisen_podstronaotowarzystwieubezpieczeniowym.webp","contentUrl":"https:\/\/rankomat.pl\/finanse\/wp-content\/uploads\/2023\/10\/raiffeisen_podstronaotowarzystwieubezpieczeniowym.webp","width":250,"height":160},{"@type":"BreadcrumbList","@id":"https:\/\/rankomat.pl\/finanse\/banki\/raiffeisen-digital-bank\/#breadcrumb","itemListElement":[{"@type":"ListItem","position":1,"name":"Finanse","item":"https:\/\/rankomat.pl\/finanse\/"},{"@type":"ListItem","position":2,"name":"Banki","item":"https:\/\/rankomat.pl\/finanse\/banki\/"},{"@type":"ListItem","position":3,"name":"Raiffeisen Digital Bank"}]}]}},"yasr_visitor_votes":{"stars_attributes":{"read_only":false,"span_bottom":false},"number_of_votes":36,"sum_votes":174},"_links":{"self":[{"href":"https:\/\/rankomat.pl\/finanse\/wp-json\/wp\/v2\/pages\/715","targetHints":{"allow":["GET"]}}],"collection":[{"href":"https:\/\/rankomat.pl\/finanse\/wp-json\/wp\/v2\/pages"}],"about":[{"href":"https:\/\/rankomat.pl\/finanse\/wp-json\/wp\/v2\/types\/page"}],"author":[{"embeddable":true,"href":"https:\/\/rankomat.pl\/finanse\/wp-json\/wp\/v2\/users\/66"}],"replies":[{"embeddable":true,"href":"https:\/\/rankomat.pl\/finanse\/wp-json\/wp\/v2\/comments?post=715"}],"version-history":[{"count":0,"href":"https:\/\/rankomat.pl\/finanse\/wp-json\/wp\/v2\/pages\/715\/revisions"}],"up":[{"embeddable":true,"href":"https:\/\/rankomat.pl\/finanse\/wp-json\/wp\/v2\/pages\/11004"}],"wp:attachment":[{"href":"https:\/\/rankomat.pl\/finanse\/wp-json\/wp\/v2\/media?parent=715"}],"curies":[{"name":"wp","href":"https:\/\/api.w.org\/{rel}","templated":true}]}}