{"id":731,"date":"2017-02-23T08:51:16","date_gmt":"2017-02-23T07:51:16","guid":{"rendered":"http:\/\/finanse.rankomat.pl\/banki\/bos-bank\/"},"modified":"2025-07-10T11:54:04","modified_gmt":"2025-07-10T09:54:04","slug":"bos-bank","status":"publish","type":"page","link":"https:\/\/rankomat.pl\/finanse\/banki\/bos-bank\/","title":{"rendered":"BO\u015a Bank"},"content":{"rendered":"<p><a class=\"button btn-success\" href=\"https:\/\/rankomat.pl\/finanse\/banki\/bos-bank\/lokaty\/\">Lokaty \u00bb<\/a> <a class=\"button btn-success\" href=\"https:\/\/rankomat.pl\/finanse\/poradniki\/zalozyc-konto-osobiste-30-bankow\/#bos\">Jak za\u0142o\u017cy\u0107 konto \u00bb<\/a> <a class=\"button btn-success\" href=\"https:\/\/rankomat.pl\/finanse\/poradniki\/zamknac-konto-osobiste-30-bankow\/#bos\">Jak zamkn\u0105\u0107 konto \u00bb<\/a><\/p>\n<p><b><img loading=\"lazy\" decoding=\"async\" class=\"size-full wp-image-1207\" style=\"float: left\" src=\"https:\/\/rankomat.pl\/finanse\/wp-content\/uploads\/thumbs\/entry\/2017\/05\/bos-bank.png\" alt=\"bos bank logo\" width=\"170\" height=\"70\" data-interchange=\"[https:\/\/rankomat.pl\/finanse\/wp-content\/uploads\/thumbs\/entry\/mobile\/2017\/05\/bos-bank.png, small], [https:\/\/rankomat.pl\/finanse\/wp-content\/uploads\/thumbs\/entry\/2017\/05\/bos-bank.png, medium]\" aria-hidden=\"true\"><\/b><\/p>\n<p style=\"text-align: justify\">BO\u015a Bank jest <strong>jednym z polskich bank\u00f3w<\/strong>, istniej\u0105cym na rynku finansowym od 1991 roku. Akcje tej instytucji notowane s\u0105 na <strong>Gie\u0142dzie Papier\u00f3w Warto\u015bciowych<\/strong> w Warszawie od 1997 roku. Jedna z misji banku to edukacja Polak\u00f3w w zakresie<strong> po\u0142\u0105czenia ekologii i finans\u00f3w<\/strong>. Produkty oferowane przez BO\u015a Bank to z kolei propozycja zar\u00f3wno dla klient\u00f3w indywidualnych, jak i korporacyjnych.<\/p>\n<h2><b>Oferta dla klient\u00f3w indywidualnych<\/b><\/h2>\n<p style=\"text-align: justify\"><span style=\"font-weight: 400\">W ofercie BO\u015a Banku znajdziemy wszystko, czego potrzebuje <strong>u\u017cytkownik podstawowej bankowo\u015bci<\/strong>. Klienci tej instytucji mog\u0105 wi\u0119c skorzysta\u0107 z kont osobistych czy<strong> produkt\u00f3w oszcz\u0119dno\u015bciowych<\/strong> (takich jak konta oszcz\u0119dno\u015bciowe i lokaty), a tak\u017ce uzyska\u0107 potrzebne wsparcie finansowe dzi\u0119ki oferowanym przez bank <strong>po\u017cyczkom i kredytom na r\u00f3\u017cnorakie cele<\/strong>. Dost\u0119p do propozycji Banku Ochrony \u015arodowiska mo\u017cliwy jest za po\u015brednictwem internetu lub poprzez osobist\u0105 wizyt\u0119 w jednej z plac\u00f3wek banku.<br \/>\n<\/span><\/p>\n<h2 style=\"text-align: justify\"><b>Godziny ksi\u0119gowania przelew\u00f3w<\/b><\/h2>\n<p style=\"text-align: justify\"><span style=\"font-weight: 400\">W BO\u015a Banku przelewy mo\u017cemy zrealizowa\u0107 w <strong>systemie ELIXIR czy SORBNET<\/strong> ( dla transakcji wysokokwotowych). Godziny sesji przelew\u00f3w ELIXIR odbywaj\u0105 si\u0119 wed\u0142ug nast\u0119puj\u0105cego harmonogramu:<br \/>\n<\/span><\/p>\n<table class=\"table table-bordered\">\n<tbody>\n<tr>\n<td><strong>Rodzaj sesji<\/strong><\/td>\n<td class=\"text-center\" colspan=\"3\"><strong>Godziny sesji<\/strong><\/td>\n<\/tr>\n<tr>\n<td>Sesje wychodz\u0105ce<\/td>\n<td class=\"text-center\">9.30 (dyspozycje z\u0142o\u017cone do 8:35)<\/td>\n<td class=\"text-center\">13.30 (dyspozycje z\u0142o\u017cone do 12:35)<\/td>\n<td class=\"text-center\">16.00 (dyspozycje z\u0142o\u017cone do 15.00)<\/td>\n<\/tr>\n<tr>\n<td>Sesje przychodz\u0105ce<\/td>\n<td class=\"text-center\">11:00<\/td>\n<td class=\"text-center\">15:00<\/td>\n<td class=\"text-center\">17:30<\/td>\n<\/tr>\n<\/tbody>\n<\/table>\n<h2><strong>Przelewy zagraniczne &#8211; IBAN, SWIFT<\/strong><\/h2>\n<p style=\"text-align: justify\"><span style=\"font-weight: 400\">W przypadku przelew\u00f3w mi\u0119dzynarodowych konieczne b\u0119dzie <strong>podanie kodu SWIFT<\/strong> przypisanego do banku. Kod ten nazywany bywa r\u00f3wnie\u017c kodem BIC.<\/span><\/p>\n<ul>\n<li><span style=\"font-weight: 400\">Kod SWIFT\/BIC BO\u015a Banku:<\/span><strong> EBOSPLPWXXX<\/strong><\/li>\n<li>Format IBAN: PL + numer rachunku (26 cyfr)<\/li>\n<\/ul>\n<h2><b>Dla poszukuj\u0105cych konta osobistego<\/b><\/h2>\n<p style=\"text-align: justify\"><span style=\"font-weight: 400\">Swoim klientom BO\u015a Bank proponuje <strong>kilka rodzaj\u00f3w kont<\/strong>. W ofercie banku znajdziemy wi\u0119c co\u015b zar\u00f3wno dla os\u00f3b potrzebuj\u0105cych jedynie <strong>podstawowego rachunku<\/strong> bankowego, jak i dla tych, kt\u00f3rzy wymagaj\u0105 od konta <strong>dodatkowych funkcjonalno\u015bci<\/strong>. Bank Ochrony \u015arodowiska pomy\u015bla\u0142 tak\u017ce o najm\u0142odszych u\u017cytkownikach bankowo\u015bci, dlatego w ofercie tej instytucji znajdziemy r\u00f3wnie\u017c <strong>konto osobiste dla dzieci.<\/strong><br \/>\n<\/span><\/p>\n<p style=\"text-align: center\"><a class=\"btn btn-success\" href=\"https:\/\/rankomat.pl\/finanse\/konta\/konta-bankowe\/\">Zobacz ranking kont osobistych<\/a><\/p>\n<h2><b>Dla p\u0142ac\u0105cych kart\u0105<\/b><\/h2>\n<p style=\"text-align: justify\"><span style=\"font-weight: 400\">Dla wygody klient\u00f3w bank przygotowa\u0142 <strong>kart\u0119 debetow\u0105 MasterCard<\/strong> z funkcj\u0105 p\u0142atno\u015bci zbli\u017ceniowych. U\u017cytkowanie tej karty b\u0119dzie<strong> ca\u0142kowicie bezp\u0142atne<\/strong> je\u015bli w danym miesi\u0105cu kalendarzowym dokonamy transakcji na kwot\u0119 min. 300 z\u0142. W ofercie Banku Ochrony \u015arodowiska dost\u0119pna jest r\u00f3wnie\u017c <strong>karta kredytowa MasterCard Gold<\/strong>. Aktywne korzystanie z tego \u015brodka p\u0142atniczego zwalnia nas z konieczno\u015bci ponoszenia jakichkolwiek op\u0142at za <strong>posiadanie i u\u017cytkowanie karty.<\/strong><br \/>\n<\/span><\/p>\n<h2><b>Dla pomna\u017caj\u0105cych oszcz\u0119dno\u015bci<\/b><\/h2>\n<p style=\"text-align: justify\"><span style=\"font-weight: 400\">BO\u015a Bank <strong>przygotowa\u0142 ciekaw\u0105 ofert\u0119<\/strong> dla os\u00f3b chc\u0105cych pomna\u017ca\u0107 swoje oszcz\u0119dno\u015bci. Jedn\u0105 z propozycji jest konto oszcz\u0119dno\u015bciowe gwarantuj\u0105ce zysk zale\u017cy od <strong>wp\u0142aconej na rachunek kwoty<\/strong>. Wybieraj\u0105c ten produkt zapewniamy sobie swobod\u0119 wp\u0142at i wyp\u0142at <strong>bez ryzyka utraty odsetek.<\/strong> W Banku Zachodnim WBK mo\u017cemy otworzy\u0107 tak\u017ce lokat\u0119 dopasowan\u0105 do naszych mo\u017cliwo\u015bci zar\u00f3wno <strong>pod wzgl\u0119dem oprocentowania<\/strong>, jak i okresu jej zapadalno\u015bci. Niezale\u017cnie od tego jaki produkt oszcz\u0119dno\u015bciowy BO\u015a Banku wybierzemy, zawsze mo\u017cemy liczy\u0107 na <strong>bezpieczny zysk.<\/strong><br \/>\n<\/span><\/p>\n<p style=\"text-align: justify\">        <div class=\"section_header\">\n        <h2 class=\"title\">Lokaty w  powy\u017cej 1 miesi\u0105ca<\/h2>\n    <\/div>\n        <div class=\"bank-offers-list\">\n        <div class=\"offers-list\">\n                    <div class=\"result_item\" data-offerid=\"143\" data-offername=\"BNP Paribas Bank Polska-Lokata Gomobile\">\n            <div class=\"lk_badge_wrapper\">\n                    <div class=\"lk_badge no_account tooltipsta\" title=\"Lokata dost\u0119pna bez zak\u0142adania konta.\">bez<br\/>konta<\/div>\n\n\n\n    <div class=\"lk_badge new_client tooltipsta\" title=\"Oferta tylko dla nowych klient\u00f3w, nie posiadaj\u0105cych produkt\u00f3w banku.\">nowy<br\/>klient<\/div>\n            <\/div>\n\n            <div class=\"result_item_inner row deposit_row\"><!--\n        --><div class=\"small-12 medium-12 large-2 columns deposit_logo\">\n                    <div class=\"result_item_logo\">\n            <img decoding=\"async\" src=\"https:\/\/finpanel10.rankolabs.net\/assets\/afc1f4d9-c44f-4f25-b049-49a176b656b0\" class=\"img-responsive\" alt=\"BNP Paribas Bank Polska-Lokata Gomobile\" aria-hidden=\"true\" \/>\n    <\/div>\n                <\/div><!--\n            --><div class=\"small-12 medium-4 large-3 columns deposit_label\">\n                    <div class=\"result_item_label label_zakres\">\n    Zakres kwoty\n<\/div>\n<div class=\"result_item_value value_zakres\">\n    1 000 - 50 000<span> z\u0142<\/span>\n<\/div>\n                                    <\/div><!--\n            --><div class=\"small-6 medium-4 large-2 columns deposit_label\">\n                    <div class=\"result_item_label show-for-large\">\n    Oprocentowanie:\n<\/div>\n<div class=\"result_item_label show-for-small-only\">\n    Procent\n<\/div>\n<div class=\"result_item_value value_procent\">\n    6<span> %<\/span>\n<\/div>\n                <\/div><!--\n                --><div class=\"small-6 medium-4 large-2 columns deposit_label\">\n                    <div class=\"result_item_label label_okres\">\n    Okres\n<\/div>\n<div class=\"result_item_value value_okres\" data-value=\"5\">\n    5 <span> mies.<\/span><\/div>\n                <\/div><!--\n            --><div class=\"small-12 medium-12 large-3 columns deposit_btn\">\n                    \n<div class=\"result_item_value\">\n            <a href=\"https:\/\/rankomat.pl\/finanse\/porownywarka-lokat\/\" target=\"_blank\" class=\"btn btn-success btn_online\" rel=\"nofollow\">Sprawd\u017a<\/a>\n        <\/div>\n                <\/div>\n                <div class=\"small-12 medium-12 large-12 columns details_container\" style=\"display:none\">\n                    <div class=\"\">\n                        <div class=\"table-scroll table_more\">\n    <table class=\"table table-striped table-bordered\">\n        <tr>\n            <td class=\"detail_label\">Nazwa produktu:<\/td>\n            <td class=\"detail_value\"><a href=\"https:\/\/rankomat.pl\/finanse\/lokaty\/bnp-paribas-bank-polska-lokata-gomobile\/\">Lokata Gomobile<\/a><\/td>\n        <\/tr>\n        <tr>\n            <td class=\"detail_label\">Zakres kwoty:<\/td>\n            <td class=\"detail_value\">1 000 - 50 000 z\u0142<\/td>\n        <\/tr>\n        <tr>\n            <td class=\"detail_label\">Oferta skierowana do:<\/td>\n            <td class=\"detail_value\">Nowych klient\u00f3w<\/td>\n        <\/tr>\n        <tr>\n            <td class=\"detail_label\">Oferta dla nowych \u015brodk\u00f3w:<\/td>\n            <td class=\"detail_value\">Tak<\/td>\n        <\/tr>\n        <tr>\n            <td class=\"detail_label\">Produkt dost\u0119pny:<\/td>\n            <td class=\"detail_value\">online<\/td>\n        <\/tr>\n        <tr>\n            <td class=\"detail_label\">Wymagane konto:<\/td>\n            <td class=\"detail_value\">Nie<\/td>\n        <\/tr>\n        <tr>\n            <td class=\"detail_label\">Oprocentowanie:<\/td>\n            <td class=\"detail_value\">sta\u0142e<\/td>\n        <\/tr>\n        <tr>\n            <td class=\"detail_label\">Kapitalizacja odsetek:<\/td>\n            <td class=\"detail_value\">na koniec okresu<\/td>\n        <\/tr>\n        <tr>\n            <td class=\"detail_label\">Maksymalnie mo\u017cna za\u0142o\u017cy\u0107:<\/td>\n            <td class=\"detail_value\">1<\/td>\n        <\/tr>\n        <tr>\n            <td class=\"detail_label\">Konsekwencja wyp\u0142aty przed terminem:<\/td>\n            <td class=\"detail_value\">Ca\u0142kowita utrata<\/td>\n        <\/tr>\n        <tr>\n            <td class=\"detail_label\">Bezpiecze\u0144stwo wk\u0142adu: <\/td>\n            <td class=\"detail_value\">gwarancja BFG                <a href=\"https:\/\/rankomat.pl\/finanse\/poradniki\/bankowy-fundusz-gwarancyjny-bfg\/\"\n                   target=\"_blank\">\n                    (czytaj wi\u0119cej)\n                <\/a>\n            <\/td>\n        <\/tr>\n        <tr>\n            <td class=\"detail_label\">\n                                    Oferta aktualna na dzie\u0144:\n                            <\/td>\n            <td class=\"detail_value\">\n                2022-06-03            <\/td>\n        <\/tr>\n    <\/table>\n<\/div>\n                        <div class=\"bottom_cta_container\">\n                            \n<div class=\"result_item_value\">\n            <a href=\"https:\/\/rankomat.pl\/finanse\/porownywarka-lokat\/\" target=\"_blank\" class=\"btn btn-success btn_online\" rel=\"nofollow\">Sprawd\u017a<\/a>\n        <\/div>\n                        <\/div>\n                    <\/div>\n                <\/div>\n            <\/div>\n\n            <div class=\"row btn_more_container\">\n                <div class=\"text-center deposite-more-bottom\">\n    <div class=\"left-box-more\">\n        <div class=\"fa fa-money\" aria-hidden=\"true\"><\/div>\n        <h3 class=\"result_item_name\">\n                            <a href=\"https:\/\/rankomat.pl\/finanse\/lokaty\/bnp-paribas-bank-polska-lokata-gomobile\/\">Lokata Gomobile<\/a>\n                    <\/h3>\n\n    <\/div>\n\n    <div class=\"more-info-box\">\n        <div class=\"fa fa fa-plus\" aria-hidden=\"true\"><\/div>\n        <span class=\"btn_more\">Szczeg\u00f3\u0142y oferty<\/span>\n    <\/div>\n<\/div>\n            <\/div>\n        <\/div>\n                <div class=\"result_item\" data-offerid=\"144\" data-offername=\"BNP Paribas Bank Polska-Lokata Gomobile\">\n            <div class=\"lk_badge_wrapper\">\n                    <div class=\"lk_badge no_account tooltipsta\" title=\"Lokata dost\u0119pna bez zak\u0142adania konta.\">bez<br\/>konta<\/div>\n\n\n        <div class=\"lk_badge branch tooltipsta\" title=\"T\u0119 lokat\u0119 mo\u017cesz za\u0142o\u017cy\u0107 wy\u0142\u0105cznie w banku.\">w banku<\/div>\n    \n            <\/div>\n\n            <div class=\"result_item_inner row deposit_row\"><!--\n        --><div class=\"small-12 medium-12 large-2 columns deposit_logo\">\n                    <div class=\"result_item_logo\">\n            <img decoding=\"async\" src=\"https:\/\/finpanel10.rankolabs.net\/assets\/afc1f4d9-c44f-4f25-b049-49a176b656b0\" class=\"img-responsive\" alt=\"BNP Paribas Bank Polska-Lokata Gomobile\" aria-hidden=\"true\" \/>\n    <\/div>\n                <\/div><!--\n            --><div class=\"small-12 medium-4 large-3 columns deposit_label\">\n                    <div class=\"result_item_label label_zakres\">\n    Zakres kwoty\n<\/div>\n<div class=\"result_item_value value_zakres\">\n    1 000 - 50 000<span> z\u0142<\/span>\n<\/div>\n                                    <\/div><!--\n            --><div class=\"small-6 medium-4 large-2 columns deposit_label\">\n                    <div class=\"result_item_label show-for-large\">\n    Oprocentowanie:\n<\/div>\n<div class=\"result_item_label show-for-small-only\">\n    Procent\n<\/div>\n<div class=\"result_item_value value_procent\">\n    4<span> %<\/span>\n<\/div>\n                <\/div><!--\n                --><div class=\"small-6 medium-4 large-2 columns deposit_label\">\n                    <div class=\"result_item_label label_okres\">\n    Okres\n<\/div>\n<div class=\"result_item_value value_okres\" data-value=\"3\">\n    3 <span> mies.<\/span><\/div>\n                <\/div><!--\n            --><div class=\"small-12 medium-12 large-3 columns deposit_btn\">\n                    \n<div class=\"result_item_value\">\n            <a href=\"https:\/\/rankomat.pl\/finanse\/porownywarka-lokat\/\" target=\"_blank\" class=\"btn btn-success btn_online\" rel=\"nofollow\">Sprawd\u017a<\/a>\n        <\/div>\n                <\/div>\n                <div class=\"small-12 medium-12 large-12 columns details_container\" style=\"display:none\">\n                    <div class=\"\">\n                        <div class=\"table-scroll table_more\">\n    <table class=\"table table-striped table-bordered\">\n        <tr>\n            <td class=\"detail_label\">Nazwa produktu:<\/td>\n            <td class=\"detail_value\"><a href=\"https:\/\/rankomat.pl\/finanse\/lokaty\/bnp-paribas-bank-polska-lokata-gomobile\/\">Lokata Gomobile<\/a><\/td>\n        <\/tr>\n        <tr>\n            <td class=\"detail_label\">Zakres kwoty:<\/td>\n            <td class=\"detail_value\">1 000 - 50 000 z\u0142<\/td>\n        <\/tr>\n        <tr>\n            <td class=\"detail_label\">Oferta skierowana do:<\/td>\n            <td class=\"detail_value\">Nowych i obecnych klient\u00f3w<\/td>\n        <\/tr>\n        <tr>\n            <td class=\"detail_label\">Oferta dla nowych \u015brodk\u00f3w:<\/td>\n            <td class=\"detail_value\">Nie<\/td>\n        <\/tr>\n        <tr>\n            <td class=\"detail_label\">Produkt dost\u0119pny:<\/td>\n            <td class=\"detail_value\"><\/td>\n        <\/tr>\n        <tr>\n            <td class=\"detail_label\">Wymagane konto:<\/td>\n            <td class=\"detail_value\">Nie<\/td>\n        <\/tr>\n        <tr>\n            <td class=\"detail_label\">Oprocentowanie:<\/td>\n            <td class=\"detail_value\">sta\u0142e<\/td>\n        <\/tr>\n        <tr>\n            <td class=\"detail_label\">Kapitalizacja odsetek:<\/td>\n            <td class=\"detail_value\">na koniec okresu lokaty<\/td>\n        <\/tr>\n        <tr>\n            <td class=\"detail_label\">Maksymalnie mo\u017cna za\u0142o\u017cy\u0107:<\/td>\n            <td class=\"detail_value\">1<\/td>\n        <\/tr>\n        <tr>\n            <td class=\"detail_label\">Konsekwencja wyp\u0142aty przed terminem:<\/td>\n            <td class=\"detail_value\">ca\u0142kowita utrata<\/td>\n        <\/tr>\n        <tr>\n            <td class=\"detail_label\">Bezpiecze\u0144stwo wk\u0142adu: <\/td>\n            <td class=\"detail_value\">gwarancja BFG                <a href=\"https:\/\/rankomat.pl\/finanse\/poradniki\/bankowy-fundusz-gwarancyjny-bfg\/\"\n                   target=\"_blank\">\n                    (czytaj wi\u0119cej)\n                <\/a>\n            <\/td>\n        <\/tr>\n        <tr>\n            <td class=\"detail_label\">\n                                    Oferta aktualna na dzie\u0144:\n                            <\/td>\n            <td class=\"detail_value\">\n                            <\/td>\n        <\/tr>\n    <\/table>\n<\/div>\n                        <div class=\"bottom_cta_container\">\n                            \n<div class=\"result_item_value\">\n            <a href=\"https:\/\/rankomat.pl\/finanse\/porownywarka-lokat\/\" target=\"_blank\" class=\"btn btn-success btn_online\" rel=\"nofollow\">Sprawd\u017a<\/a>\n        <\/div>\n                        <\/div>\n                    <\/div>\n                <\/div>\n            <\/div>\n\n            <div class=\"row btn_more_container\">\n                <div class=\"text-center deposite-more-bottom\">\n    <div class=\"left-box-more\">\n        <div class=\"fa fa-money\" aria-hidden=\"true\"><\/div>\n        <h3 class=\"result_item_name\">\n                            <a href=\"https:\/\/rankomat.pl\/finanse\/lokaty\/bnp-paribas-bank-polska-lokata-gomobile\/\">Lokata Gomobile<\/a>\n                    <\/h3>\n\n    <\/div>\n\n    <div class=\"more-info-box\">\n        <div class=\"fa fa fa-plus\" aria-hidden=\"true\"><\/div>\n        <span class=\"btn_more\">Szczeg\u00f3\u0142y oferty<\/span>\n    <\/div>\n<\/div>\n            <\/div>\n        <\/div>\n                <\/div>\n            <\/div>\n\n    <div class=\"clearfix\"><\/div>\n    <br>\n\n<\/p>\n<p style=\"text-align: center\"><a class=\"btn btn-success\" href=\"https:\/\/rankomat.pl\/finanse\/banki\/bos-bank\/lokaty\/\">Sprawd\u017a lokaty BO\u015a Banku<\/a><\/p>\n<h2><b>Dla oczekuj\u0105cych finansowania<\/b><\/h2>\n<p style=\"text-align: justify\"><span style=\"font-weight: 400\">Bank Zachodni WBK posiada w swojej ofercie <strong>r\u00f3\u017cne formy finansowania<\/strong> spe\u0142niaj\u0105ce oczekiwania wsp\u00f3\u0142czesnego klienta. Do wyboru mamy wi\u0119c <strong>kredyt na potrzeby mieszkaniowe<\/strong>, po\u017cyczk\u0119 hipoteczn\u0105, kt\u00f3r\u0105 mo\u017cna przeznaczy\u0107 na dowolny cel niezwi\u0105zany z dzia\u0142alno\u015bci\u0105 gospodarcz\u0105, a tak\u017ce po\u017cyczk\u0119 w koncie osobistym, z kt\u00f3rej mo\u017cemy skorzysta\u0107 w dowolnym momencie. Opr\u00f3cz tych produkt\u00f3w, w ofercie BO\u015a Banku znajdziemy r\u00f3wnie\u017c po\u017cyczk\u0119 na zakup <strong>materia\u0142\u00f3w o charakterze ekologicznym<\/strong> oraz po\u017cyczk\u0119 konsolidacyjn\u0105 pozwalaj\u0105c\u0105 na po\u0142\u0105czenie wszystkich swoich zobowi\u0105za\u0144 w jedno.<br \/>\n<\/span><\/p>\n<p style=\"text-align: center\"><a class=\"btn btn-success\" href=\"https:\/\/rankomat.pl\/finanse\/kredyty-gotowkowe\/\">Sprawd\u017a oferty kredyt\u00f3w<\/a><\/p>\n<h2 style=\"text-align: justify\"><b>BO\u015a Bank &#8211; kontakt<\/b><\/h2>\n<p><span style=\"font-weight: 400\">Adres centrali: \u017belazna 32, 00-832 Warszawa<\/span><\/p>\n<p><span style=\"font-weight: 400\">Infolinia: +48 22 543 34 34 (dla telefon\u00f3w stacjonarnych), 801 355 455 (dla telefon\u00f3w kom\u00f3rkowych)<\/span><\/p>\n<p><span style=\"font-weight: 400\">Adres strony kontaktowej: <\/span><span style=\"font-weight: 400\">https:\/\/www.bosbank.pl\/kontakt<\/span><\/p>\n","protected":false},"excerpt":{"rendered":"<p>Lokaty \u00bb Jak za\u0142o\u017cy\u0107 konto \u00bb Jak zamkn\u0105\u0107 konto \u00bb BO\u015a Bank jest jednym z polskich bank\u00f3w, istniej\u0105cym na rynku [&hellip;]<\/p>\n","protected":false},"author":66,"featured_media":0,"parent":11004,"menu_order":0,"comment_status":"closed","ping_status":"closed","template":"page_bank_new.php","meta":{"_acf_changed":false,"yasr_overall_rating":0,"yasr_post_is_review":"","yasr_auto_insert_disabled":"","yasr_review_type":"","footnotes":""},"class_list":["post-731","page","type-page","status-publish","hentry"],"acf":[],"yoast_head":"<!-- This site is optimized with the Yoast SEO plugin v27.1.1 - https:\/\/yoast.com\/product\/yoast-seo-wordpress\/ -->\n<title>BO\u015a Bank - Por\u00f3wnaj z 18 innymi bankami | Finanse.rankomat.pl<\/title>\n<meta name=\"robots\" content=\"index, follow, max-snippet:-1, max-image-preview:large, max-video-preview:-1\" \/>\n<link rel=\"canonical\" href=\"https:\/\/rankomat.pl\/finanse\/banki\/bos-bank\/\" \/>\n<meta property=\"og:locale\" content=\"pl_PL\" \/>\n<meta property=\"og:type\" content=\"article\" \/>\n<meta property=\"og:title\" content=\"BO\u015a Bank - Por\u00f3wnaj z 18 innymi bankami | Finanse.rankomat.pl\" \/>\n<meta property=\"og:description\" content=\"Lokaty \u00bb Jak za\u0142o\u017cy\u0107 konto \u00bb Jak zamkn\u0105\u0107 konto \u00bb BO\u015a Bank jest jednym z polskich bank\u00f3w, istniej\u0105cym na rynku [&hellip;]\" \/>\n<meta property=\"og:url\" content=\"https:\/\/rankomat.pl\/finanse\/banki\/bos-bank\/\" \/>\n<meta property=\"og:site_name\" content=\"Por\u00f3wnywarka finansowa Rankomat\" \/>\n<meta property=\"article:publisher\" content=\"https:\/\/www.facebook.com\/rankomatpl\/\" \/>\n<meta property=\"article:modified_time\" content=\"2025-07-10T09:54:04+00:00\" \/>\n<meta property=\"og:image\" content=\"https:\/\/rankomat.pl\/finanse\/wp-content\/uploads\/2017\/02\/alior-bank.png\" \/>\n\t<meta property=\"og:image:width\" content=\"170\" \/>\n\t<meta property=\"og:image:height\" content=\"70\" \/>\n\t<meta property=\"og:image:type\" content=\"image\/png\" \/>\n<meta name=\"twitter:card\" content=\"summary_large_image\" \/>\n<meta name=\"twitter:site\" content=\"@rankomat\" \/>\n<meta name=\"twitter:label1\" content=\"Szacowany czas czytania\" \/>\n\t<meta name=\"twitter:data1\" content=\"4 minuty\" \/>\n<script type=\"application\/ld+json\" class=\"yoast-schema-graph\">{\"@context\":\"https:\/\/schema.org\",\"@graph\":[{\"@type\":\"ImageObject\",\"inLanguage\":\"pl-PL\",\"@id\":\"https:\/\/rankomat.pl\/finanse\/banki\/bos-bank\/#primaryimage\",\"url\":\"https:\/\/rankomat.pl\/finanse\/wp-content\/uploads\/thumbs\/entry\/2017\/05\/bos-bank.png\",\"contentUrl\":\"https:\/\/rankomat.pl\/finanse\/wp-content\/uploads\/thumbs\/entry\/2017\/05\/bos-bank.png\"},{\"@type\":\"BreadcrumbList\",\"@id\":\"https:\/\/rankomat.pl\/finanse\/banki\/bos-bank\/#breadcrumb\",\"itemListElement\":[{\"@type\":\"ListItem\",\"position\":1,\"name\":\"Finanse\",\"item\":\"https:\/\/rankomat.pl\/finanse\/\"},{\"@type\":\"ListItem\",\"position\":2,\"name\":\"Banki\",\"item\":\"https:\/\/rankomat.pl\/finanse\/banki\/\"},{\"@type\":\"ListItem\",\"position\":3,\"name\":\"BO\u015a Bank\"}]}]}<\/script>\n<!-- \/ Yoast SEO plugin. -->","yoast_head_json":{"title":"BO\u015a Bank - Por\u00f3wnaj z 18 innymi bankami | Finanse.rankomat.pl","robots":{"index":"index","follow":"follow","max-snippet":"max-snippet:-1","max-image-preview":"max-image-preview:large","max-video-preview":"max-video-preview:-1"},"canonical":"https:\/\/rankomat.pl\/finanse\/banki\/bos-bank\/","og_locale":"pl_PL","og_type":"article","og_title":"BO\u015a Bank - Por\u00f3wnaj z 18 innymi bankami | Finanse.rankomat.pl","og_description":"Lokaty \u00bb Jak za\u0142o\u017cy\u0107 konto \u00bb Jak zamkn\u0105\u0107 konto \u00bb BO\u015a Bank jest jednym z polskich bank\u00f3w, istniej\u0105cym na rynku [&hellip;]","og_url":"https:\/\/rankomat.pl\/finanse\/banki\/bos-bank\/","og_site_name":"Por\u00f3wnywarka finansowa Rankomat","article_publisher":"https:\/\/www.facebook.com\/rankomatpl\/","article_modified_time":"2025-07-10T09:54:04+00:00","og_image":[{"width":170,"height":70,"url":"https:\/\/rankomat.pl\/finanse\/wp-content\/uploads\/2017\/02\/alior-bank.png","type":"image\/png"}],"twitter_card":"summary_large_image","twitter_site":"@rankomat","twitter_misc":{"Szacowany czas czytania":"4 minuty"},"schema":{"@context":"https:\/\/schema.org","@graph":[{"@type":"ImageObject","inLanguage":"pl-PL","@id":"https:\/\/rankomat.pl\/finanse\/banki\/bos-bank\/#primaryimage","url":"https:\/\/rankomat.pl\/finanse\/wp-content\/uploads\/thumbs\/entry\/2017\/05\/bos-bank.png","contentUrl":"https:\/\/rankomat.pl\/finanse\/wp-content\/uploads\/thumbs\/entry\/2017\/05\/bos-bank.png"},{"@type":"BreadcrumbList","@id":"https:\/\/rankomat.pl\/finanse\/banki\/bos-bank\/#breadcrumb","itemListElement":[{"@type":"ListItem","position":1,"name":"Finanse","item":"https:\/\/rankomat.pl\/finanse\/"},{"@type":"ListItem","position":2,"name":"Banki","item":"https:\/\/rankomat.pl\/finanse\/banki\/"},{"@type":"ListItem","position":3,"name":"BO\u015a Bank"}]}]}},"yasr_visitor_votes":{"stars_attributes":{"read_only":false,"span_bottom":false},"number_of_votes":88,"sum_votes":422},"_links":{"self":[{"href":"https:\/\/rankomat.pl\/finanse\/wp-json\/wp\/v2\/pages\/731","targetHints":{"allow":["GET"]}}],"collection":[{"href":"https:\/\/rankomat.pl\/finanse\/wp-json\/wp\/v2\/pages"}],"about":[{"href":"https:\/\/rankomat.pl\/finanse\/wp-json\/wp\/v2\/types\/page"}],"author":[{"embeddable":true,"href":"https:\/\/rankomat.pl\/finanse\/wp-json\/wp\/v2\/users\/66"}],"replies":[{"embeddable":true,"href":"https:\/\/rankomat.pl\/finanse\/wp-json\/wp\/v2\/comments?post=731"}],"version-history":[{"count":0,"href":"https:\/\/rankomat.pl\/finanse\/wp-json\/wp\/v2\/pages\/731\/revisions"}],"up":[{"embeddable":true,"href":"https:\/\/rankomat.pl\/finanse\/wp-json\/wp\/v2\/pages\/11004"}],"wp:attachment":[{"href":"https:\/\/rankomat.pl\/finanse\/wp-json\/wp\/v2\/media?parent=731"}],"curies":[{"name":"wp","href":"https:\/\/api.w.org\/{rel}","templated":true}]}}